{"id":8909,"date":"2015-10-24T18:56:12","date_gmt":"2015-10-24T16:56:12","guid":{"rendered":"http:\/\/www.mhyrdin.fr\/blog\/?page_id=8909"},"modified":"2021-01-21T00:49:32","modified_gmt":"2021-01-20T23:49:32","slug":"avril-2008","status":"publish","type":"page","link":"https:\/\/mhyrdin.fr\/blog\/archives-numeriques\/2008-3\/avril-2008\/","title":{"rendered":"Avril 2008"},"content":{"rendered":"<p>dont un s\u00e9jour en Gr\u00e8ce \u00e0 voir sur les <a href=\"http:\/\/wp.me\/P48ZBT-3U\" target=\"_blank\" rel=\"noopener noreferrer\">pages Voyages<\/a><\/p>\n<div id=\"jig1\" class=\"justified-image-grid jig-280f29ba5038ae387115a8afa98e4572 jig-preset-global jig-source-nextgen\"><div class=\"jig-clearfix\"><\/div><noscript id=\"jig1-html\" class=\"justified-image-grid-html\" data-lazy-src=\"skiplazyload\" data-src=\"skipunveillazyload\"><ul><li><a href=\"https:\/\/i0.wp.com\/mhyrdin.fr\/blog\/wordpress\/wp-content\/gallery\/avril2008\/Anatifes_0322.jpg?ssl=1\" title=\"Anatifes_0322\"><img loading=\"lazy\" decoding=\"async\" src=\"https:\/\/i0.wp.com\/mhyrdin.fr\/blog\/wordpress\/wp-content\/gallery\/avril2008\/Anatifes_0322.jpg?h=170\" alt=\"Anatifes\" width=\"222\" height=\"170\" \/><\/a><p class=\"jig-HTMLdescription\">Anatifes<br\/>Anatifes_0322<\/p><\/li><li><a href=\"https:\/\/i0.wp.com\/mhyrdin.fr\/blog\/wordpress\/wp-content\/gallery\/avril2008\/Anatifes_0324.jpg?ssl=1\" title=\"Anatifes_0324\"><img loading=\"lazy\" decoding=\"async\" src=\"https:\/\/i0.wp.com\/mhyrdin.fr\/blog\/wordpress\/wp-content\/gallery\/avril2008\/Anatifes_0324.jpg?h=170\" alt=\"Anatifes\" width=\"118\" height=\"170\" \/><\/a><p class=\"jig-HTMLdescription\">Anatifes<br\/>Anatifes_0324<\/p><\/li><li><a href=\"https:\/\/i0.wp.com\/mhyrdin.fr\/blog\/wordpress\/wp-content\/gallery\/avril2008\/Anatifes_0327.jpg?ssl=1\" title=\"Anatifes_0327\"><img loading=\"lazy\" decoding=\"async\" src=\"https:\/\/i0.wp.com\/mhyrdin.fr\/blog\/wordpress\/wp-content\/gallery\/avril2008\/Anatifes_0327.jpg?h=170\" alt=\"Anatifes\" width=\"245\" height=\"170\" \/><\/a><p class=\"jig-HTMLdescription\">Anatifes<br\/>Anatifes_0327<\/p><\/li><li><a href=\"https:\/\/i0.wp.com\/mhyrdin.fr\/blog\/wordpress\/wp-content\/gallery\/avril2008\/Becasseau-sanderling_0343.jpg?ssl=1\"><img loading=\"lazy\" decoding=\"async\" src=\"https:\/\/i0.wp.com\/mhyrdin.fr\/blog\/wordpress\/wp-content\/gallery\/avril2008\/Becasseau-sanderling_0343.jpg?h=170\" alt=\"B\u00e9casseaux sanderling\" width=\"274\" height=\"170\" \/><\/a><p class=\"jig-HTMLdescription\">B\u00e9casseaux sanderling<\/p><\/li><li><a href=\"https:\/\/i0.wp.com\/mhyrdin.fr\/blog\/wordpress\/wp-content\/gallery\/avril2008\/Becasseau-sanderling_0345.jpg?ssl=1\"><img loading=\"lazy\" decoding=\"async\" src=\"https:\/\/i0.wp.com\/mhyrdin.fr\/blog\/wordpress\/wp-content\/gallery\/avril2008\/Becasseau-sanderling_0345.jpg?h=170\" alt=\"B\u00e9casseaux sanderling\" width=\"418\" height=\"170\" \/><\/a><p class=\"jig-HTMLdescription\">B\u00e9casseaux sanderling<\/p><\/li><li><a href=\"https:\/\/i0.wp.com\/mhyrdin.fr\/blog\/wordpress\/wp-content\/gallery\/avril2008\/Becasseau-sanderling_0346.jpg?ssl=1\"><img loading=\"lazy\" decoding=\"async\" src=\"https:\/\/i0.wp.com\/mhyrdin.fr\/blog\/wordpress\/wp-content\/gallery\/avril2008\/Becasseau-sanderling_0346.jpg?h=170\" alt=\"B\u00e9casseaux sanderling\" width=\"239\" height=\"170\" \/><\/a><p class=\"jig-HTMLdescription\">B\u00e9casseaux sanderling<\/p><\/li><li><a href=\"https:\/\/i0.wp.com\/mhyrdin.fr\/blog\/wordpress\/wp-content\/gallery\/avril2008\/Gravelot_0333.jpg?ssl=1\" title=\"Gravelot_0333\"><img loading=\"lazy\" decoding=\"async\" src=\"https:\/\/i0.wp.com\/mhyrdin.fr\/blog\/wordpress\/wp-content\/gallery\/avril2008\/Gravelot_0333.jpg?h=170\" alt=\"Grand gravelot\" width=\"288\" height=\"170\" \/><\/a><p class=\"jig-HTMLdescription\">Grand gravelot<br\/>Gravelot_0333<\/p><\/li><li><a href=\"https:\/\/i0.wp.com\/mhyrdin.fr\/blog\/wordpress\/wp-content\/gallery\/avril2008\/Gravelot_0337.jpg?ssl=1\" title=\"Gravelot_0337\"><img loading=\"lazy\" decoding=\"async\" src=\"https:\/\/i0.wp.com\/mhyrdin.fr\/blog\/wordpress\/wp-content\/gallery\/avril2008\/Gravelot_0337.jpg?h=170\" alt=\"Grand gravelot\" width=\"247\" height=\"170\" \/><\/a><p class=\"jig-HTMLdescription\">Grand gravelot<br\/>Gravelot_0337<\/p><\/li><li><a href=\"https:\/\/i0.wp.com\/mhyrdin.fr\/blog\/wordpress\/wp-content\/gallery\/avril2008\/Tournepierre_0356.jpg?ssl=1\" title=\"Tournepierre_0356\"><img loading=\"lazy\" decoding=\"async\" src=\"https:\/\/i0.wp.com\/mhyrdin.fr\/blog\/wordpress\/wp-content\/gallery\/avril2008\/Tournepierre_0356.jpg?h=170\" alt=\"Tournepierres\" width=\"457\" height=\"170\" \/><\/a><p class=\"jig-HTMLdescription\">Tournepierres<br\/>Tournepierre_0356<\/p><\/li><li><a href=\"https:\/\/i0.wp.com\/mhyrdin.fr\/blog\/wordpress\/wp-content\/gallery\/avril2008\/Tournepierre_0372.jpg?ssl=1\" title=\"Tournepierre_0372\"><img loading=\"lazy\" decoding=\"async\" src=\"https:\/\/i0.wp.com\/mhyrdin.fr\/blog\/wordpress\/wp-content\/gallery\/avril2008\/Tournepierre_0372.jpg?h=170\" alt=\"Tournepierres\" width=\"325\" height=\"170\" \/><\/a><p class=\"jig-HTMLdescription\">Tournepierres<br\/>Tournepierre_0372<\/p><\/li><li><a href=\"https:\/\/i0.wp.com\/mhyrdin.fr\/blog\/wordpress\/wp-content\/gallery\/avril2008\/Tournepierre_0358.jpg?ssl=1\" title=\"Tournepierre_0358\"><img loading=\"lazy\" decoding=\"async\" src=\"https:\/\/i0.wp.com\/mhyrdin.fr\/blog\/wordpress\/wp-content\/gallery\/avril2008\/Tournepierre_0358.jpg?h=170\" alt=\"Tournepierres\" width=\"450\" height=\"170\" \/><\/a><p class=\"jig-HTMLdescription\">Tournepierres<br\/>Tournepierre_0358<\/p><\/li><li><a href=\"https:\/\/i0.wp.com\/mhyrdin.fr\/blog\/wordpress\/wp-content\/gallery\/avril2008\/Tarin-des-aulnes-P10144.jpg?ssl=1\"><img loading=\"lazy\" decoding=\"async\" src=\"https:\/\/i0.wp.com\/mhyrdin.fr\/blog\/wordpress\/wp-content\/gallery\/avril2008\/Tarin-des-aulnes-P10144.jpg?h=170\" alt=\"Tarin des aulnes\" width=\"199\" height=\"170\" \/><\/a><p class=\"jig-HTMLdescription\">Tarin des aulnes<\/p><\/li><li><a href=\"https:\/\/i0.wp.com\/mhyrdin.fr\/blog\/wordpress\/wp-content\/gallery\/avril2008\/Tournepierre_0375.jpg?ssl=1\" title=\"Tournepierre_0375\"><img loading=\"lazy\" decoding=\"async\" src=\"https:\/\/i0.wp.com\/mhyrdin.fr\/blog\/wordpress\/wp-content\/gallery\/avril2008\/Tournepierre_0375.jpg?h=170\" alt=\"Tournepierres\" width=\"285\" height=\"170\" \/><\/a><p class=\"jig-HTMLdescription\">Tournepierres<br\/>Tournepierre_0375<\/p><\/li><li><a href=\"https:\/\/i0.wp.com\/mhyrdin.fr\/blog\/wordpress\/wp-content\/gallery\/avril2008\/Tournepierre_0378.jpg?ssl=1\" title=\"Tournepierre_0378\"><img loading=\"lazy\" decoding=\"async\" src=\"https:\/\/i0.wp.com\/mhyrdin.fr\/blog\/wordpress\/wp-content\/gallery\/avril2008\/Tournepierre_0378.jpg?h=170\" alt=\"Tournepierres\" width=\"225\" height=\"170\" \/><\/a><p class=\"jig-HTMLdescription\">Tournepierres<br\/>Tournepierre_0378<\/p><\/li><li><a href=\"https:\/\/i0.wp.com\/mhyrdin.fr\/blog\/wordpress\/wp-content\/gallery\/avril2008\/Tournepierre_0398.jpg?ssl=1\" title=\"Tournepierre_0398\"><img loading=\"lazy\" decoding=\"async\" src=\"https:\/\/i0.wp.com\/mhyrdin.fr\/blog\/wordpress\/wp-content\/gallery\/avril2008\/Tournepierre_0398.jpg?h=170\" alt=\"Tournepierres\" width=\"258\" height=\"170\" \/><\/a><p class=\"jig-HTMLdescription\">Tournepierres<br\/>Tournepierre_0398<\/p><\/li><li><a href=\"https:\/\/i0.wp.com\/mhyrdin.fr\/blog\/wordpress\/wp-content\/gallery\/avril2008\/Tournepierre_0398-2.jpg?ssl=1\"><img loading=\"lazy\" decoding=\"async\" src=\"https:\/\/i0.wp.com\/mhyrdin.fr\/blog\/wordpress\/wp-content\/gallery\/avril2008\/Tournepierre_0398-2.jpg?h=170\" alt=\"Tournepierres\" width=\"248\" height=\"170\" \/><\/a><p class=\"jig-HTMLdescription\">Tournepierres<\/p><\/li><li><a href=\"https:\/\/i0.wp.com\/mhyrdin.fr\/blog\/wordpress\/wp-content\/gallery\/avril2008\/Ty-Colo.jpg?ssl=1\"><img loading=\"lazy\" decoding=\"async\" src=\"https:\/\/i0.wp.com\/mhyrdin.fr\/blog\/wordpress\/wp-content\/gallery\/avril2008\/Ty-Colo.jpg?h=170\" alt=\"Ty-Colo\" width=\"227\" height=\"170\" \/><\/a><p class=\"jig-HTMLdescription\">Ty-Colo<\/p><\/li><li><a href=\"https:\/\/i0.wp.com\/mhyrdin.fr\/blog\/wordpress\/wp-content\/gallery\/avril2008\/Tarin-des-aulnes-P10145.jpg?ssl=1\"><img loading=\"lazy\" decoding=\"async\" src=\"https:\/\/i0.wp.com\/mhyrdin.fr\/blog\/wordpress\/wp-content\/gallery\/avril2008\/Tarin-des-aulnes-P10145.jpg?h=170\" alt=\"Tarin des aulnes\" width=\"255\" height=\"170\" \/><\/a><p class=\"jig-HTMLdescription\">Tarin des aulnes<\/p><\/li><li><a href=\"https:\/\/i0.wp.com\/mhyrdin.fr\/blog\/wordpress\/wp-content\/gallery\/avril2008\/P1000184-R.jpg?ssl=1\"><img loading=\"lazy\" decoding=\"async\" src=\"https:\/\/i0.wp.com\/mhyrdin.fr\/blog\/wordpress\/wp-content\/gallery\/avril2008\/P1000184-R.jpg?h=170\" alt=\"Arm\u00e9rias\" width=\"227\" height=\"170\" \/><\/a><p class=\"jig-HTMLdescription\">Arm\u00e9rias<\/p><\/li><li><a href=\"https:\/\/i0.wp.com\/mhyrdin.fr\/blog\/wordpress\/wp-content\/gallery\/avril2008\/Berberis-P1000147.jpg?ssl=1\"><img loading=\"lazy\" decoding=\"async\" src=\"https:\/\/i0.wp.com\/mhyrdin.fr\/blog\/wordpress\/wp-content\/gallery\/avril2008\/Berberis-P1000147.jpg?h=170\" alt=\"Berberis\" width=\"211\" height=\"170\" \/><\/a><p class=\"jig-HTMLdescription\">Berberis<\/p><\/li><li><a href=\"https:\/\/i0.wp.com\/mhyrdin.fr\/blog\/wordpress\/wp-content\/gallery\/avril2008\/Coeur-de-marie-P0010155-copie.jpg?ssl=1\"><img loading=\"lazy\" decoding=\"async\" src=\"https:\/\/i0.wp.com\/mhyrdin.fr\/blog\/wordpress\/wp-content\/gallery\/avril2008\/Coeur-de-marie-P0010155-copie.jpg?h=170\" alt=\"C\u0153ur de Marie\" width=\"332\" height=\"170\" \/><\/a><p class=\"jig-HTMLdescription\">C\u0153ur de Marie<\/p><\/li><li><a href=\"https:\/\/i0.wp.com\/mhyrdin.fr\/blog\/wordpress\/wp-content\/gallery\/avril2008\/Coeur-de-marie-P1010157.jpg?ssl=1\"><img loading=\"lazy\" decoding=\"async\" src=\"https:\/\/i0.wp.com\/mhyrdin.fr\/blog\/wordpress\/wp-content\/gallery\/avril2008\/Coeur-de-marie-P1010157.jpg?h=170\" alt=\"C\u0153ur de Marie\" width=\"234\" height=\"170\" \/><\/a><p class=\"jig-HTMLdescription\">C\u0153ur de Marie<\/p><\/li><li><a href=\"https:\/\/i0.wp.com\/mhyrdin.fr\/blog\/wordpress\/wp-content\/gallery\/avril2008\/Monnaie-du-pape_P1000213.jpg?ssl=1\"><img loading=\"lazy\" decoding=\"async\" src=\"https:\/\/i0.wp.com\/mhyrdin.fr\/blog\/wordpress\/wp-content\/gallery\/avril2008\/Monnaie-du-pape_P1000213.jpg?h=170\" alt=\"Monnaie du Pape\" width=\"127\" height=\"170\" \/><\/a><p class=\"jig-HTMLdescription\">Monnaie du Pape<\/p><\/li><li><a href=\"https:\/\/i0.wp.com\/mhyrdin.fr\/blog\/wordpress\/wp-content\/gallery\/avril2008\/Skimmia-P1000151.jpg?ssl=1\"><img loading=\"lazy\" decoding=\"async\" src=\"https:\/\/i0.wp.com\/mhyrdin.fr\/blog\/wordpress\/wp-content\/gallery\/avril2008\/Skimmia-P1000151.jpg?h=170\" alt=\"Skimmia\" width=\"183\" height=\"170\" \/><\/a><p class=\"jig-HTMLdescription\">Skimmia<\/p><\/li><li><a href=\"https:\/\/i0.wp.com\/mhyrdin.fr\/blog\/wordpress\/wp-content\/gallery\/avril2008\/rospecs-P1000175.jpg?ssl=1\"><img loading=\"lazy\" decoding=\"async\" src=\"https:\/\/i0.wp.com\/mhyrdin.fr\/blog\/wordpress\/wp-content\/gallery\/avril2008\/rospecs-P1000175.jpg?h=170\" alt=\"Rospecs\" width=\"259\" height=\"170\" \/><\/a><p class=\"jig-HTMLdescription\">Rospecs<\/p><\/li><li><a href=\"https:\/\/i0.wp.com\/mhyrdin.fr\/blog\/wordpress\/wp-content\/gallery\/avril2008\/Rospecs-P1000186.jpg?ssl=1\"><img loading=\"lazy\" decoding=\"async\" src=\"https:\/\/i0.wp.com\/mhyrdin.fr\/blog\/wordpress\/wp-content\/gallery\/avril2008\/Rospecs-P1000186.jpg?h=170\" alt=\"Rospecs\" width=\"263\" height=\"170\" \/><\/a><p class=\"jig-HTMLdescription\">Rospecs<\/p><\/li><li><a href=\"https:\/\/i0.wp.com\/mhyrdin.fr\/blog\/wordpress\/wp-content\/gallery\/avril2008\/P1000185.jpg?ssl=1\" title=\"P1000185\"><img loading=\"lazy\" decoding=\"async\" src=\"https:\/\/i0.wp.com\/mhyrdin.fr\/blog\/wordpress\/wp-content\/gallery\/avril2008\/P1000185.jpg?h=170\" alt=\"M\u00e9thanier\" width=\"273\" height=\"170\" \/><\/a><p class=\"jig-HTMLdescription\">M\u00e9thanier<br\/>P1000185<\/p><\/li><li><a href=\"https:\/\/i0.wp.com\/mhyrdin.fr\/blog\/wordpress\/wp-content\/gallery\/avril2008\/St-Mathieu-P1000171.jpg?ssl=1\"><img loading=\"lazy\" decoding=\"async\" src=\"https:\/\/i0.wp.com\/mhyrdin.fr\/blog\/wordpress\/wp-content\/gallery\/avril2008\/St-Mathieu-P1000171.jpg?h=170\" alt=\"St-Mathieu\" width=\"235\" height=\"170\" \/><\/a><p class=\"jig-HTMLdescription\">St-Mathieu<\/p><\/li><li><a href=\"https:\/\/i0.wp.com\/mhyrdin.fr\/blog\/wordpress\/wp-content\/gallery\/avril2008\/St-Mathieu-P1000182.jpg?ssl=1\"><img loading=\"lazy\" decoding=\"async\" src=\"https:\/\/i0.wp.com\/mhyrdin.fr\/blog\/wordpress\/wp-content\/gallery\/avril2008\/St-Mathieu-P1000182.jpg?h=170\" alt=\"St-Mathieu\" width=\"257\" height=\"170\" \/><\/a><p class=\"jig-HTMLdescription\">St-Mathieu<\/p><\/li><\/ul><\/noscript><\/div><div id=\"jig1-developerLink\" class=\"jig-developerLink\"><a href=\"https:\/\/justifiedgrid.com\/\" target=\"_blank\" title=\"Justified Image Grid - Premium WordPress Gallery\">powered by Justified Image Grid<\/a><\/div>\n<h3>Related Images:<\/h3>","protected":false},"excerpt":{"rendered":"<p>dont un s\u00e9jour en Gr\u00e8ce \u00e0 voir sur les pages Voyages Related Images:<\/p>\n","protected":false},"author":4,"featured_media":8910,"parent":696,"menu_order":4,"comment_status":"closed","ping_status":"closed","template":"templates\/full-width-page.php","meta":{"ngg_post_thumbnail":0,"jetpack_post_was_ever_published":false,"footnotes":"","_links_to":"","_links_to_target":""},"class_list":["post-8909","page","type-page","status-publish","has-post-thumbnail","hentry"],"jetpack_shortlink":"https:\/\/wp.me\/P9lSZN-2jH","jetpack_sharing_enabled":true,"_links":{"self":[{"href":"https:\/\/mhyrdin.fr\/blog\/wp-json\/wp\/v2\/pages\/8909","targetHints":{"allow":["GET"]}}],"collection":[{"href":"https:\/\/mhyrdin.fr\/blog\/wp-json\/wp\/v2\/pages"}],"about":[{"href":"https:\/\/mhyrdin.fr\/blog\/wp-json\/wp\/v2\/types\/page"}],"author":[{"embeddable":true,"href":"https:\/\/mhyrdin.fr\/blog\/wp-json\/wp\/v2\/users\/4"}],"replies":[{"embeddable":true,"href":"https:\/\/mhyrdin.fr\/blog\/wp-json\/wp\/v2\/comments?post=8909"}],"version-history":[{"count":0,"href":"https:\/\/mhyrdin.fr\/blog\/wp-json\/wp\/v2\/pages\/8909\/revisions"}],"up":[{"embeddable":true,"href":"https:\/\/mhyrdin.fr\/blog\/wp-json\/wp\/v2\/pages\/696"}],"wp:featuredmedia":[{"embeddable":true,"href":"https:\/\/mhyrdin.fr\/blog\/wp-json\/wp\/v2\/media\/8910"}],"wp:attachment":[{"href":"https:\/\/mhyrdin.fr\/blog\/wp-json\/wp\/v2\/media?parent=8909"}],"curies":[{"name":"wp","href":"https:\/\/api.w.org\/{rel}","templated":true}]}}