{"id":8891,"date":"2015-10-24T18:26:51","date_gmt":"2015-10-24T16:26:51","guid":{"rendered":"http:\/\/www.mhyrdin.fr\/blog\/2008-3\/aout2008\/"},"modified":"2015-10-24T18:30:22","modified_gmt":"2015-10-24T16:30:22","slug":"aout2008","status":"publish","type":"page","link":"https:\/\/mhyrdin.fr\/blog\/archives-numeriques\/2008-3\/aout2008\/","title":{"rendered":"Ao\u00fbt 2008"},"content":{"rendered":"<div id=\"jig1\" class=\"justified-image-grid jig-b637050deacac2ceaec4b83680218655 jig-preset-global jig-source-nextgen\"><div class=\"jig-clearfix\"><\/div><noscript id=\"jig1-html\" class=\"justified-image-grid-html\" data-lazy-src=\"skiplazyload\" data-src=\"skipunveillazyload\"><ul><li><a href=\"https:\/\/i0.wp.com\/mhyrdin.fr\/blog\/wordpress\/wp-content\/gallery\/aout2008\/Balbuzard-pecheur_4291.jpg?ssl=1\"><img loading=\"lazy\" decoding=\"async\" src=\"https:\/\/i0.wp.com\/mhyrdin.fr\/blog\/wordpress\/wp-content\/gallery\/aout2008\/Balbuzard-pecheur_4291.jpg?h=170\" alt=\"Balbuzard p\u00eacheur\" width=\"231\" height=\"170\" \/><\/a><p class=\"jig-HTMLdescription\">Balbuzard p\u00eacheur<\/p><\/li><li><a href=\"https:\/\/i0.wp.com\/mhyrdin.fr\/blog\/wordpress\/wp-content\/gallery\/aout2008\/Becasseau-corcoli_3802.jpg?ssl=1\"><img loading=\"lazy\" decoding=\"async\" src=\"https:\/\/i0.wp.com\/mhyrdin.fr\/blog\/wordpress\/wp-content\/gallery\/aout2008\/Becasseau-corcoli_3802.jpg?h=170\" alt=\"B\u00e9casseau cocorli\" width=\"373\" height=\"170\" \/><\/a><p class=\"jig-HTMLdescription\">B\u00e9casseau cocorli<\/p><\/li><li><a href=\"https:\/\/i0.wp.com\/mhyrdin.fr\/blog\/wordpress\/wp-content\/gallery\/aout2008\/Becasseau-variable_1010523.jpg?ssl=1\"><img loading=\"lazy\" decoding=\"async\" src=\"https:\/\/i0.wp.com\/mhyrdin.fr\/blog\/wordpress\/wp-content\/gallery\/aout2008\/Becasseau-variable_1010523.jpg?h=170\" alt=\"B\u00e9casseau variable\" width=\"290\" height=\"170\" \/><\/a><p class=\"jig-HTMLdescription\">B\u00e9casseau variable<\/p><\/li><li><a href=\"https:\/\/i0.wp.com\/mhyrdin.fr\/blog\/wordpress\/wp-content\/gallery\/aout2008\/Becasseau-variable_1010527.jpg?ssl=1\"><img loading=\"lazy\" decoding=\"async\" src=\"https:\/\/i0.wp.com\/mhyrdin.fr\/blog\/wordpress\/wp-content\/gallery\/aout2008\/Becasseau-variable_1010527.jpg?h=170\" alt=\"B\u00e9casseau variable\" width=\"214\" height=\"170\" \/><\/a><p class=\"jig-HTMLdescription\">B\u00e9casseau variable<\/p><\/li><li><a href=\"https:\/\/i0.wp.com\/mhyrdin.fr\/blog\/wordpress\/wp-content\/gallery\/aout2008\/Becasseau-minute_3589.jpg?ssl=1\"><img loading=\"lazy\" decoding=\"async\" src=\"https:\/\/i0.wp.com\/mhyrdin.fr\/blog\/wordpress\/wp-content\/gallery\/aout2008\/Becasseau-minute_3589.jpg?h=170\" alt=\"B\u00e9casseaux minutes\" width=\"244\" height=\"170\" \/><\/a><p class=\"jig-HTMLdescription\">B\u00e9casseaux minutes<\/p><\/li><li><a href=\"https:\/\/i0.wp.com\/mhyrdin.fr\/blog\/wordpress\/wp-content\/gallery\/aout2008\/Bruant-proyer_3561.jpg?ssl=1\"><img loading=\"lazy\" decoding=\"async\" src=\"https:\/\/i0.wp.com\/mhyrdin.fr\/blog\/wordpress\/wp-content\/gallery\/aout2008\/Bruant-proyer_3561.jpg?h=170\" alt=\"Bruant proyer\" width=\"217\" height=\"170\" \/><\/a><p class=\"jig-HTMLdescription\">Bruant proyer<\/p><\/li><li><a href=\"https:\/\/i0.wp.com\/mhyrdin.fr\/blog\/wordpress\/wp-content\/gallery\/aout2008\/Busard-des-roseaux_3773-2.jpg?ssl=1\" title=\"femelle\"><img loading=\"lazy\" decoding=\"async\" src=\"https:\/\/i0.wp.com\/mhyrdin.fr\/blog\/wordpress\/wp-content\/gallery\/aout2008\/Busard-des-roseaux_3773-2.jpg?h=170\" alt=\"Busard des roseaux\" width=\"210\" height=\"170\" \/><\/a><p class=\"jig-HTMLdescription\">Busard des roseaux<br\/>femelle<\/p><\/li><li><a href=\"https:\/\/i0.wp.com\/mhyrdin.fr\/blog\/wordpress\/wp-content\/gallery\/aout2008\/Busard_3772.jpg?ssl=1\" title=\"femelle\"><img loading=\"lazy\" decoding=\"async\" src=\"https:\/\/i0.wp.com\/mhyrdin.fr\/blog\/wordpress\/wp-content\/gallery\/aout2008\/Busard_3772.jpg?h=170\" alt=\"Busard des roseaux\" width=\"247\" height=\"170\" \/><\/a><p class=\"jig-HTMLdescription\">Busard des roseaux<br\/>femelle<\/p><\/li><li><a href=\"https:\/\/i0.wp.com\/mhyrdin.fr\/blog\/wordpress\/wp-content\/gallery\/aout2008\/chardon_3494.jpg?ssl=1\" title=\"chardon_3494\"><img loading=\"lazy\" decoding=\"async\" src=\"https:\/\/i0.wp.com\/mhyrdin.fr\/blog\/wordpress\/wp-content\/gallery\/aout2008\/chardon_3494.jpg?h=170\" alt=\"Chardon\" width=\"115\" height=\"170\" \/><\/a><p class=\"jig-HTMLdescription\">Chardon<br\/>chardon_3494<\/p><\/li><li><a href=\"https:\/\/i0.wp.com\/mhyrdin.fr\/blog\/wordpress\/wp-content\/gallery\/aout2008\/chardon_3494-NB.jpg?ssl=1\"><img loading=\"lazy\" decoding=\"async\" src=\"https:\/\/i0.wp.com\/mhyrdin.fr\/blog\/wordpress\/wp-content\/gallery\/aout2008\/chardon_3494-NB.jpg?h=170\" alt=\"Chardons\" width=\"115\" height=\"170\" \/><\/a><p class=\"jig-HTMLdescription\">Chardons<\/p><\/li><li><a href=\"https:\/\/i0.wp.com\/mhyrdin.fr\/blog\/wordpress\/wp-content\/gallery\/aout2008\/Cigogne_4247.jpg?ssl=1\" title=\"Cigogne_4247\"><img loading=\"lazy\" decoding=\"async\" src=\"https:\/\/i0.wp.com\/mhyrdin.fr\/blog\/wordpress\/wp-content\/gallery\/aout2008\/Cigogne_4247.jpg?h=170\" alt=\"Cigogne blanche\" width=\"338\" height=\"170\" \/><\/a><p class=\"jig-HTMLdescription\">Cigogne blanche<br\/>Cigogne_4247<\/p><\/li><li><a href=\"https:\/\/i0.wp.com\/mhyrdin.fr\/blog\/wordpress\/wp-content\/gallery\/aout2008\/Courlis-corlieu_3345.jpg?ssl=1\"><img loading=\"lazy\" decoding=\"async\" src=\"https:\/\/i0.wp.com\/mhyrdin.fr\/blog\/wordpress\/wp-content\/gallery\/aout2008\/Courlis-corlieu_3345.jpg?h=170\" alt=\"Courlis corlieu\" width=\"237\" height=\"170\" \/><\/a><p class=\"jig-HTMLdescription\">Courlis corlieu<\/p><\/li><li><a href=\"https:\/\/i0.wp.com\/mhyrdin.fr\/blog\/wordpress\/wp-content\/gallery\/aout2008\/Courlis-corlieu_3348_1.jpg?ssl=1\"><img loading=\"lazy\" decoding=\"async\" src=\"https:\/\/i0.wp.com\/mhyrdin.fr\/blog\/wordpress\/wp-content\/gallery\/aout2008\/Courlis-corlieu_3348_1.jpg?h=170\" alt=\"Courlis corlieu\" width=\"282\" height=\"170\" \/><\/a><p class=\"jig-HTMLdescription\">Courlis corlieu<\/p><\/li><li><a href=\"https:\/\/i0.wp.com\/mhyrdin.fr\/blog\/wordpress\/wp-content\/gallery\/aout2008\/Courlis-corlieu_3350.jpg?ssl=1\"><img loading=\"lazy\" decoding=\"async\" src=\"https:\/\/i0.wp.com\/mhyrdin.fr\/blog\/wordpress\/wp-content\/gallery\/aout2008\/Courlis-corlieu_3350.jpg?h=170\" alt=\"Courlis corlieu\" width=\"237\" height=\"170\" \/><\/a><p class=\"jig-HTMLdescription\">Courlis corlieu<\/p><\/li><li><a href=\"https:\/\/i0.wp.com\/mhyrdin.fr\/blog\/wordpress\/wp-content\/gallery\/aout2008\/Etournaux_3531.jpg?ssl=1\" title=\"Etournaux_3531\"><img loading=\"lazy\" decoding=\"async\" src=\"https:\/\/i0.wp.com\/mhyrdin.fr\/blog\/wordpress\/wp-content\/gallery\/aout2008\/Etournaux_3531.jpg?h=170\" alt=\"\u00c9tourneaux\" width=\"415\" height=\"170\" \/><\/a><p class=\"jig-HTMLdescription\">\u00c9tourneaux<br\/>Etournaux_3531<\/p><\/li><li><a href=\"https:\/\/i0.wp.com\/mhyrdin.fr\/blog\/wordpress\/wp-content\/gallery\/aout2008\/Flamants-roses_3880.jpg?ssl=1\"><img loading=\"lazy\" decoding=\"async\" src=\"https:\/\/i0.wp.com\/mhyrdin.fr\/blog\/wordpress\/wp-content\/gallery\/aout2008\/Flamants-roses_3880.jpg?h=170\" alt=\"Flamants roses\" width=\"426\" height=\"170\" \/><\/a><p class=\"jig-HTMLdescription\">Flamants roses<\/p><\/li><li><a href=\"https:\/\/i0.wp.com\/mhyrdin.fr\/blog\/wordpress\/wp-content\/gallery\/aout2008\/Flamants-roses_3926.jpg?ssl=1\"><img loading=\"lazy\" decoding=\"async\" src=\"https:\/\/i0.wp.com\/mhyrdin.fr\/blog\/wordpress\/wp-content\/gallery\/aout2008\/Flamants-roses_3926.jpg?h=170\" alt=\"Flamants roses\" width=\"442\" height=\"170\" \/><\/a><p class=\"jig-HTMLdescription\">Flamants roses<\/p><\/li><li><a href=\"https:\/\/i0.wp.com\/mhyrdin.fr\/blog\/wordpress\/wp-content\/gallery\/aout2008\/Flamants-roses_3941.jpg?ssl=1\"><img loading=\"lazy\" decoding=\"async\" src=\"https:\/\/i0.wp.com\/mhyrdin.fr\/blog\/wordpress\/wp-content\/gallery\/aout2008\/Flamants-roses_3941.jpg?h=170\" alt=\"Flamants roses\" width=\"296\" height=\"170\" \/><\/a><p class=\"jig-HTMLdescription\">Flamants roses<\/p><\/li><li><a href=\"https:\/\/i0.wp.com\/mhyrdin.fr\/blog\/wordpress\/wp-content\/gallery\/aout2008\/Flamants-roses_3907.jpg?ssl=1\"><img loading=\"lazy\" decoding=\"async\" src=\"https:\/\/i0.wp.com\/mhyrdin.fr\/blog\/wordpress\/wp-content\/gallery\/aout2008\/Flamants-roses_3907.jpg?h=170\" alt=\"Flamants roses\" width=\"312\" height=\"170\" \/><\/a><p class=\"jig-HTMLdescription\">Flamants roses<\/p><\/li><li><a href=\"https:\/\/i0.wp.com\/mhyrdin.fr\/blog\/wordpress\/wp-content\/gallery\/aout2008\/Grande-aigrette_3837.jpg?ssl=1\"><img loading=\"lazy\" decoding=\"async\" src=\"https:\/\/i0.wp.com\/mhyrdin.fr\/blog\/wordpress\/wp-content\/gallery\/aout2008\/Grande-aigrette_3837.jpg?h=170\" alt=\"Grande aigrette\" width=\"170\" height=\"170\" \/><\/a><p class=\"jig-HTMLdescription\">Grande aigrette<\/p><\/li><li><a href=\"https:\/\/i0.wp.com\/mhyrdin.fr\/blog\/wordpress\/wp-content\/gallery\/aout2008\/gruissan_10445.jpg?ssl=1\" title=\"gruissan_10445\"><img loading=\"lazy\" decoding=\"async\" src=\"https:\/\/i0.wp.com\/mhyrdin.fr\/blog\/wordpress\/wp-content\/gallery\/aout2008\/gruissan_10445.jpg?h=170\" alt=\"Gruissan\" width=\"315\" height=\"170\" \/><\/a><p class=\"jig-HTMLdescription\">Gruissan<br\/>gruissan_10445<\/p><\/li><li><a href=\"https:\/\/i0.wp.com\/mhyrdin.fr\/blog\/wordpress\/wp-content\/gallery\/aout2008\/gruissan_10447.jpg?ssl=1\" title=\"gruissan_10447\"><img loading=\"lazy\" decoding=\"async\" src=\"https:\/\/i0.wp.com\/mhyrdin.fr\/blog\/wordpress\/wp-content\/gallery\/aout2008\/gruissan_10447.jpg?h=170\" alt=\"Gruissan\" width=\"345\" height=\"170\" \/><\/a><p class=\"jig-HTMLdescription\">Gruissan<br\/>gruissan_10447<\/p><\/li><li><a href=\"https:\/\/i0.wp.com\/mhyrdin.fr\/blog\/wordpress\/wp-content\/gallery\/aout2008\/Guepier_3471_large.jpg?ssl=1\" title=\"Guepier_3471_large\"><img loading=\"lazy\" decoding=\"async\" src=\"https:\/\/i0.wp.com\/mhyrdin.fr\/blog\/wordpress\/wp-content\/gallery\/aout2008\/Guepier_3471_large.jpg?h=170\" alt=\"Gu\u00eapier\" width=\"237\" height=\"170\" \/><\/a><p class=\"jig-HTMLdescription\">Gu\u00eapier<br\/>Guepier_3471_large<\/p><\/li><li><a href=\"https:\/\/i0.wp.com\/mhyrdin.fr\/blog\/wordpress\/wp-content\/gallery\/aout2008\/guepier_3465.jpg?ssl=1\" title=\"guepier_3465\"><img loading=\"lazy\" decoding=\"async\" src=\"https:\/\/i0.wp.com\/mhyrdin.fr\/blog\/wordpress\/wp-content\/gallery\/aout2008\/guepier_3465.jpg?h=170\" alt=\"Gu\u00eapiers\" width=\"231\" height=\"170\" \/><\/a><p class=\"jig-HTMLdescription\">Gu\u00eapiers<br\/>guepier_3465<\/p><\/li><li><a href=\"https:\/\/i0.wp.com\/mhyrdin.fr\/blog\/wordpress\/wp-content\/gallery\/aout2008\/Hirondelle-rustique_3378_1.jpg?ssl=1\"><img loading=\"lazy\" decoding=\"async\" src=\"https:\/\/i0.wp.com\/mhyrdin.fr\/blog\/wordpress\/wp-content\/gallery\/aout2008\/Hirondelle-rustique_3378_1.jpg?h=170\" alt=\"Hirondelle rustique\" width=\"233\" height=\"170\" \/><\/a><p class=\"jig-HTMLdescription\">Hirondelle rustique<\/p><\/li><li><a href=\"https:\/\/i0.wp.com\/mhyrdin.fr\/blog\/wordpress\/wp-content\/gallery\/aout2008\/Ibis-falcinelle_3335.jpg?ssl=1\"><img loading=\"lazy\" decoding=\"async\" src=\"https:\/\/i0.wp.com\/mhyrdin.fr\/blog\/wordpress\/wp-content\/gallery\/aout2008\/Ibis-falcinelle_3335.jpg?h=170\" alt=\"Ibis falcinelle\" width=\"242\" height=\"170\" \/><\/a><p class=\"jig-HTMLdescription\">Ibis falcinelle<\/p><\/li><li><a href=\"https:\/\/i0.wp.com\/mhyrdin.fr\/blog\/wordpress\/wp-content\/gallery\/aout2008\/Ibis-3340.jpg?ssl=1\"><img loading=\"lazy\" decoding=\"async\" src=\"https:\/\/i0.wp.com\/mhyrdin.fr\/blog\/wordpress\/wp-content\/gallery\/aout2008\/Ibis-3340.jpg?h=170\" alt=\"Ibis falcinelle\" width=\"237\" height=\"170\" \/><\/a><p class=\"jig-HTMLdescription\">Ibis falcinelle<\/p><\/li><li><a href=\"https:\/\/i0.wp.com\/mhyrdin.fr\/blog\/wordpress\/wp-content\/gallery\/aout2008\/Jason-Charaxes-Jasius_IN-3437.jpg?ssl=1\" title=\"Charaxes Jasius\"><img loading=\"lazy\" decoding=\"async\" src=\"https:\/\/i0.wp.com\/mhyrdin.fr\/blog\/wordpress\/wp-content\/gallery\/aout2008\/Jason-Charaxes-Jasius_IN-3437.jpg?h=170\" alt=\"Jason\" width=\"140\" height=\"170\" \/><\/a><p class=\"jig-HTMLdescription\">Jason<br\/>Charaxes Jasius<\/p><\/li><li><a href=\"https:\/\/i0.wp.com\/mhyrdin.fr\/blog\/wordpress\/wp-content\/gallery\/aout2008\/Milan-noir_3851.jpg?ssl=1\"><img loading=\"lazy\" decoding=\"async\" src=\"https:\/\/i0.wp.com\/mhyrdin.fr\/blog\/wordpress\/wp-content\/gallery\/aout2008\/Milan-noir_3851.jpg?h=170\" alt=\"Milan noir\" width=\"267\" height=\"170\" \/><\/a><p class=\"jig-HTMLdescription\">Milan noir<\/p><\/li><li><a href=\"https:\/\/i0.wp.com\/mhyrdin.fr\/blog\/wordpress\/wp-content\/gallery\/aout2008\/Milan-noir_3856.jpg?ssl=1\"><img loading=\"lazy\" decoding=\"async\" src=\"https:\/\/i0.wp.com\/mhyrdin.fr\/blog\/wordpress\/wp-content\/gallery\/aout2008\/Milan-noir_3856.jpg?h=170\" alt=\"Milan noir\" width=\"221\" height=\"170\" \/><\/a><p class=\"jig-HTMLdescription\">Milan noir<\/p><\/li><li><a href=\"https:\/\/i0.wp.com\/mhyrdin.fr\/blog\/wordpress\/wp-content\/gallery\/aout2008\/Milan-noir_3862.jpg?ssl=1\"><img loading=\"lazy\" decoding=\"async\" src=\"https:\/\/i0.wp.com\/mhyrdin.fr\/blog\/wordpress\/wp-content\/gallery\/aout2008\/Milan-noir_3862.jpg?h=170\" alt=\"Milan noir\" width=\"160\" height=\"170\" \/><\/a><p class=\"jig-HTMLdescription\">Milan noir<\/p><\/li><li><a href=\"https:\/\/i0.wp.com\/mhyrdin.fr\/blog\/wordpress\/wp-content\/gallery\/aout2008\/pie-grieche-TR_3597copie.jpg?ssl=1\"><img loading=\"lazy\" decoding=\"async\" src=\"https:\/\/i0.wp.com\/mhyrdin.fr\/blog\/wordpress\/wp-content\/gallery\/aout2008\/pie-grieche-TR_3597copie.jpg?h=170\" alt=\"Pie gri\u00e8che \u00e0 t\u00eate rousse\" width=\"255\" height=\"170\" \/><\/a><p class=\"jig-HTMLdescription\">Pie gri\u00e8che \u00e0 t\u00eate rousse<\/p><\/li><li><a href=\"https:\/\/i0.wp.com\/mhyrdin.fr\/blog\/wordpress\/wp-content\/gallery\/aout2008\/Salins_3779.jpg?ssl=1\" title=\"Salins_3779\"><img loading=\"lazy\" decoding=\"async\" src=\"https:\/\/i0.wp.com\/mhyrdin.fr\/blog\/wordpress\/wp-content\/gallery\/aout2008\/Salins_3779.jpg?h=170\" alt=\"Salins de Gruissan\" width=\"318\" height=\"170\" \/><\/a><p class=\"jig-HTMLdescription\">Salins de Gruissan<br\/>Salins_3779<\/p><\/li><li><a href=\"https:\/\/i0.wp.com\/mhyrdin.fr\/blog\/wordpress\/wp-content\/gallery\/aout2008\/Salins_3780.jpg?ssl=1\" title=\"Salins_3780\"><img loading=\"lazy\" decoding=\"async\" src=\"https:\/\/i0.wp.com\/mhyrdin.fr\/blog\/wordpress\/wp-content\/gallery\/aout2008\/Salins_3780.jpg?h=170\" alt=\"Salins de Gruissan\" width=\"255\" height=\"170\" \/><\/a><p class=\"jig-HTMLdescription\">Salins de Gruissan<br\/>Salins_3780<\/p><\/li><li><a href=\"https:\/\/i0.wp.com\/mhyrdin.fr\/blog\/wordpress\/wp-content\/gallery\/aout2008\/Salins_3782.jpg?ssl=1\" title=\"Salins_3782\"><img loading=\"lazy\" decoding=\"async\" src=\"https:\/\/i0.wp.com\/mhyrdin.fr\/blog\/wordpress\/wp-content\/gallery\/aout2008\/Salins_3782.jpg?h=170\" alt=\"Salins de Gruissan\" width=\"267\" height=\"170\" \/><\/a><p class=\"jig-HTMLdescription\">Salins de Gruissan<br\/>Salins_3782<\/p><\/li><li><a href=\"https:\/\/i0.wp.com\/mhyrdin.fr\/blog\/wordpress\/wp-content\/gallery\/aout2008\/Salins_3959.jpg?ssl=1\" title=\"Salins_3959\"><img loading=\"lazy\" decoding=\"async\" src=\"https:\/\/i0.wp.com\/mhyrdin.fr\/blog\/wordpress\/wp-content\/gallery\/aout2008\/Salins_3959.jpg?h=170\" alt=\"Salins de Gruissan\" width=\"251\" height=\"170\" \/><\/a><p class=\"jig-HTMLdescription\">Salins de Gruissan<br\/>Salins_3959<\/p><\/li><li><a href=\"https:\/\/i0.wp.com\/mhyrdin.fr\/blog\/wordpress\/wp-content\/gallery\/aout2008\/Salins_3960.jpg?ssl=1\" title=\"Salins_3960\"><img loading=\"lazy\" decoding=\"async\" src=\"https:\/\/i0.wp.com\/mhyrdin.fr\/blog\/wordpress\/wp-content\/gallery\/aout2008\/Salins_3960.jpg?h=170\" alt=\"Salins de Gruissan\" width=\"307\" height=\"170\" \/><\/a><p class=\"jig-HTMLdescription\">Salins de Gruissan<br\/>Salins_3960<\/p><\/li><li><a href=\"https:\/\/i0.wp.com\/mhyrdin.fr\/blog\/wordpress\/wp-content\/gallery\/aout2008\/Salins_3961.jpg?ssl=1\" title=\"Salins_3961\"><img loading=\"lazy\" decoding=\"async\" src=\"https:\/\/i0.wp.com\/mhyrdin.fr\/blog\/wordpress\/wp-content\/gallery\/aout2008\/Salins_3961.jpg?h=170\" alt=\"Salins de Gruissan\" width=\"269\" height=\"170\" \/><\/a><p class=\"jig-HTMLdescription\">Salins de Gruissan<br\/>Salins_3961<\/p><\/li><li><a href=\"https:\/\/i0.wp.com\/mhyrdin.fr\/blog\/wordpress\/wp-content\/gallery\/aout2008\/Salins_3962.jpg?ssl=1\" title=\"Salins_3962\"><img loading=\"lazy\" decoding=\"async\" src=\"https:\/\/i0.wp.com\/mhyrdin.fr\/blog\/wordpress\/wp-content\/gallery\/aout2008\/Salins_3962.jpg?h=170\" alt=\"Salins de Gruissan\" width=\"292\" height=\"170\" \/><\/a><p class=\"jig-HTMLdescription\">Salins de Gruissan<br\/>Salins_3962<\/p><\/li><li><a href=\"https:\/\/i0.wp.com\/mhyrdin.fr\/blog\/wordpress\/wp-content\/gallery\/aout2008\/Salins_3963.jpg?ssl=1\" title=\"Salins_3963\"><img loading=\"lazy\" decoding=\"async\" src=\"https:\/\/i0.wp.com\/mhyrdin.fr\/blog\/wordpress\/wp-content\/gallery\/aout2008\/Salins_3963.jpg?h=170\" alt=\"Salins de Gruissan\" width=\"251\" height=\"170\" \/><\/a><p class=\"jig-HTMLdescription\">Salins de Gruissan<br\/>Salins_3963<\/p><\/li><\/ul><\/noscript><\/div><div id=\"jig1-developerLink\" class=\"jig-developerLink\"><a href=\"https:\/\/justifiedgrid.com\/\" target=\"_blank\" title=\"Justified Image Grid - Premium WordPress Gallery\">powered by Justified Image Grid<\/a><\/div>\n<h3>Related Images:<\/h3>","protected":false},"excerpt":{"rendered":"<p>Related Images:<\/p>\n","protected":false},"author":4,"featured_media":8893,"parent":696,"menu_order":8,"comment_status":"closed","ping_status":"closed","template":"","meta":{"ngg_post_thumbnail":0,"jetpack_post_was_ever_published":false,"footnotes":"","_links_to":"","_links_to_target":""},"class_list":["post-8891","page","type-page","status-publish","has-post-thumbnail","hentry"],"jetpack_shortlink":"https:\/\/wp.me\/P9lSZN-2jp","jetpack_sharing_enabled":true,"_links":{"self":[{"href":"https:\/\/mhyrdin.fr\/blog\/wp-json\/wp\/v2\/pages\/8891","targetHints":{"allow":["GET"]}}],"collection":[{"href":"https:\/\/mhyrdin.fr\/blog\/wp-json\/wp\/v2\/pages"}],"about":[{"href":"https:\/\/mhyrdin.fr\/blog\/wp-json\/wp\/v2\/types\/page"}],"author":[{"embeddable":true,"href":"https:\/\/mhyrdin.fr\/blog\/wp-json\/wp\/v2\/users\/4"}],"replies":[{"embeddable":true,"href":"https:\/\/mhyrdin.fr\/blog\/wp-json\/wp\/v2\/comments?post=8891"}],"version-history":[{"count":0,"href":"https:\/\/mhyrdin.fr\/blog\/wp-json\/wp\/v2\/pages\/8891\/revisions"}],"up":[{"embeddable":true,"href":"https:\/\/mhyrdin.fr\/blog\/wp-json\/wp\/v2\/pages\/696"}],"wp:featuredmedia":[{"embeddable":true,"href":"https:\/\/mhyrdin.fr\/blog\/wp-json\/wp\/v2\/media\/8893"}],"wp:attachment":[{"href":"https:\/\/mhyrdin.fr\/blog\/wp-json\/wp\/v2\/media?parent=8891"}],"curies":[{"name":"wp","href":"https:\/\/api.w.org\/{rel}","templated":true}]}}