{"id":4244,"date":"2015-01-13T09:01:38","date_gmt":"2015-01-13T08:01:38","guid":{"rendered":"http:\/\/www.mhyrdin.fr\/blog\/?page_id=4244"},"modified":"2026-01-22T19:03:46","modified_gmt":"2026-01-22T18:03:46","slug":"accueil","status":"publish","type":"page","link":"https:\/\/mhyrdin.fr\/blog\/","title":{"rendered":"Accueil"},"content":{"rendered":"\r\n<p class=\"has-text-align-center\">Quelquefois au jour le jour, plut\u00f4t de temps en temps, mais un peu partout, selon l&rsquo;humeur,<br>un assemblage h\u00e9t\u00e9roclite d&rsquo;images sans th\u00e8me pr\u00e9d\u00e9fini.<\/p>\r\n<p>2026 petit \u00e0 petit&#8230;<\/p>\r\n<div id=\"jig1\" class=\"justified-image-grid jig-114777c3f826a0177c7750e54fa05e52 jig-preset-global jig-source-wp-recent-posts\"><div class=\"jig-clearfix\"><\/div><noscript id=\"jig1-html\" class=\"justified-image-grid-html\" data-lazy-src=\"skiplazyload\" data-src=\"skipunveillazyload\"><ul><li><a href=\"https:\/\/mhyrdin.fr\/blog\/avril-les-insectes-sont-de-sortie\/\"><img loading=\"lazy\" decoding=\"async\" src=\"https:\/\/i0.wp.com\/mhyrdin.fr\/blog\/wordpress\/wp-content\/uploads\/2026\/04\/Bourdon-terrestre_0708.jpg?h=170\" alt=\"Avril, les insectes sont de sortie.\" width=\"255\" height=\"170\" \/><\/a><p class=\"jig-HTMLdescription\">Avril, les insectes sont de sortie.<\/p><\/li><li><a href=\"https:\/\/mhyrdin.fr\/blog\/mars-se-termine-a-lanzarote\/\"><img loading=\"lazy\" decoding=\"async\" src=\"https:\/\/i0.wp.com\/mhyrdin.fr\/blog\/wordpress\/wp-content\/uploads\/2026\/04\/nggallery_import\/Montana-bermeja_0474.JPG?h=170\" alt=\"Mars se termine \u00e0 Lanzarote !\" width=\"255\" height=\"170\" \/><\/a><p class=\"jig-HTMLdescription\">Mars se termine \u00e0 Lanzarote !<\/p><\/li><li><a href=\"https:\/\/mhyrdin.fr\/blog\/mars-ca-va-mieux\/\"><img loading=\"lazy\" decoding=\"async\" src=\"https:\/\/i0.wp.com\/mhyrdin.fr\/blog\/wordpress\/wp-content\/uploads\/2026\/04\/nggallery_import\/Gouttes%20et%20toile_0341.JPG?h=170\" alt=\"Mars, \u00e7a va mieux\" width=\"170\" height=\"170\" \/><\/a><p class=\"jig-HTMLdescription\">Mars, \u00e7a va mieux<\/p><\/li><li><a href=\"https:\/\/mhyrdin.fr\/blog\/fevrier-pas-mieux\/\"><img loading=\"lazy\" decoding=\"async\" src=\"https:\/\/i0.wp.com\/mhyrdin.fr\/blog\/wordpress\/wp-content\/uploads\/2026\/03\/nggallery_import\/Hu%C3%AEtrier%20pie_5293.JPG?h=170\" alt=\"F\u00e9vrier, pas mieux !\" width=\"170\" height=\"170\" \/><\/a><p class=\"jig-HTMLdescription\">F\u00e9vrier, pas mieux !<\/p><\/li><li><a href=\"https:\/\/mhyrdin.fr\/blog\/janvier-malgre-la-meteo\/\"><img loading=\"lazy\" decoding=\"async\" src=\"https:\/\/i0.wp.com\/mhyrdin.fr\/blog\/wordpress\/wp-content\/uploads\/2026\/01\/nggallery_import\/Grive%20mauvis_5036R.jpg?h=170\" alt=\"Janvier malgr\u00e9 la m\u00e9t\u00e9o...\" width=\"170\" height=\"170\" \/><\/a><p class=\"jig-HTMLdescription\">Janvier malgr\u00e9 la m\u00e9t\u00e9o...<\/p><\/li><\/ul><\/noscript><\/div><div id=\"jig1-developerLink\" class=\"jig-developerLink\"><a href=\"https:\/\/justifiedgrid.com\/\" target=\"_blank\" title=\"Justified Image Grid - Premium WordPress Gallery\">powered by Justified Image Grid<\/a><\/div>\r\n<p>C&rsquo;\u00e9tait en 2025<\/p>\r\n\r\n\r\n\r\n<div id=\"jig2\" class=\"justified-image-grid jig-0e835f0a0c11ef007d0ae2d92e57d648 jig-preset-global jig-source-wp-recent-posts\"><div class=\"jig-clearfix\"><\/div><noscript id=\"jig2-html\" class=\"justified-image-grid-html\" data-lazy-src=\"skiplazyload\" data-src=\"skipunveillazyload\"><ul><li><a href=\"https:\/\/mhyrdin.fr\/blog\/decembre-4\/\"><img loading=\"lazy\" decoding=\"async\" src=\"https:\/\/i0.wp.com\/mhyrdin.fr\/blog\/wordpress\/wp-content\/uploads\/2026\/01\/nggallery_import\/Sunset_1725%20-%20Copie.jpg?h=170\" alt=\"D\u00e9cembre\" width=\"368\" height=\"170\" \/><\/a><p class=\"jig-HTMLdescription\">D\u00e9cembre<\/p><\/li><li><a href=\"https:\/\/mhyrdin.fr\/blog\/les-illuminations-de-landerneau-2\/\" title=\"Landerneau2025_0011\"><img loading=\"lazy\" decoding=\"async\" src=\"https:\/\/i0.wp.com\/mhyrdin.fr\/blog\/wordpress\/wp-content\/uploads\/2025\/12\/nggallery_import\/Landerneau2025_0011.JPG?h=170\" alt=\"Les illuminations de Landerneau\" width=\"255\" height=\"170\" \/><\/a><p class=\"jig-HTMLdescription\">Les illuminations de Landerneau<br\/>Landerneau2025_0011<\/p><\/li><li><a href=\"https:\/\/mhyrdin.fr\/blog\/novembre-4\/\" title=\"Eoliennes_4462\"><img loading=\"lazy\" decoding=\"async\" src=\"https:\/\/i0.wp.com\/mhyrdin.fr\/blog\/wordpress\/wp-content\/uploads\/2025\/12\/nggallery_import\/Eoliennes_4462.JPG?h=170\" alt=\"Novembre\" width=\"255\" height=\"170\" \/><\/a><p class=\"jig-HTMLdescription\">Novembre<br\/>Eoliennes_4462<\/p><\/li><li><a href=\"https:\/\/mhyrdin.fr\/blog\/octobre-3\/\"><img loading=\"lazy\" decoding=\"async\" src=\"https:\/\/i0.wp.com\/mhyrdin.fr\/blog\/wordpress\/wp-content\/uploads\/2025\/12\/nggallery_import\/2-Porspoder-Le%20Four_3994.JPG?h=170\" alt=\"Octobre...\" width=\"255\" height=\"170\" \/><\/a><p class=\"jig-HTMLdescription\">Octobre...<\/p><\/li><li><a href=\"https:\/\/mhyrdin.fr\/blog\/septembre-en-bretagne-2\/\"><img loading=\"lazy\" decoding=\"async\" src=\"https:\/\/i0.wp.com\/mhyrdin.fr\/blog\/wordpress\/wp-content\/uploads\/2025\/10\/Nezara-viridula_1138-e1759913342712.jpg?h=170\" alt=\"Septembre en Bretagne\" width=\"279\" height=\"170\" \/><\/a><p class=\"jig-HTMLdescription\">Septembre en Bretagne<\/p><\/li><li><a href=\"https:\/\/mhyrdin.fr\/blog\/le-31-du-mois-daout-de-retour-a-brest\/\" title=\"Venasque_3387\"><img loading=\"lazy\" decoding=\"async\" src=\"https:\/\/i0.wp.com\/mhyrdin.fr\/blog\/wordpress\/wp-content\/uploads\/2025\/08\/nggallery_import\/Venasque_3387.JPG?h=170\" alt=\"Ao\u00fbt est termin\u00e9\" width=\"255\" height=\"170\" \/><\/a><p class=\"jig-HTMLdescription\">Ao\u00fbt est termin\u00e9<br\/>Venasque_3387<\/p><\/li><li><a href=\"https:\/\/mhyrdin.fr\/blog\/gruissan-cest-fini-2\/\" title=\"SunsetPortugais_0360\"><img loading=\"lazy\" decoding=\"async\" src=\"https:\/\/i0.wp.com\/mhyrdin.fr\/blog\/wordpress\/wp-content\/uploads\/2025\/08\/nggallery_import\/SunsetPortugais_0360.jpg?h=170\" alt=\"Gruissan c&#039;est fini...\" width=\"344\" height=\"170\" \/><\/a><p class=\"jig-HTMLdescription\">Gruissan c'est fini...<br\/>SunsetPortugais_0360<\/p><\/li><li><a href=\"https:\/\/mhyrdin.fr\/blog\/lincendie-du-5-aout\/\"><img loading=\"lazy\" decoding=\"async\" src=\"https:\/\/i0.wp.com\/mhyrdin.fr\/blog\/wordpress\/wp-content\/uploads\/2025\/08\/Incendie-5aout_0877.jpg?h=170\" alt=\"L&#039;incendie du 5 ao\u00fbt\" width=\"576\" height=\"170\" \/><\/a><p class=\"jig-HTMLdescription\">L'incendie du 5 ao\u00fbt<\/p><\/li><li><a href=\"https:\/\/mhyrdin.fr\/blog\/images-de-juillet\/\" title=\"Rhinoceros_0752mini\"><img loading=\"lazy\" decoding=\"async\" src=\"https:\/\/i0.wp.com\/mhyrdin.fr\/blog\/wordpress\/wp-content\/uploads\/2025\/08\/Rhinoceros_0752mini.jpg?h=170\" alt=\"Images de juillet\" width=\"255\" height=\"170\" \/><\/a><p class=\"jig-HTMLdescription\">Images de juillet<br\/>Rhinoceros_0752mini<\/p><\/li><li><a href=\"https:\/\/mhyrdin.fr\/blog\/viree-annuelle-aux-aiguamolls\/\"><img loading=\"lazy\" decoding=\"async\" src=\"https:\/\/i0.wp.com\/mhyrdin.fr\/blog\/wordpress\/wp-content\/uploads\/2025\/07\/Grande-Aigrette_0657-e1752646719299.jpg?h=170\" alt=\"Notre vir\u00e9e annuelle aux Aiguamolls\" width=\"453\" height=\"170\" \/><\/a><p class=\"jig-HTMLdescription\">Notre vir\u00e9e annuelle aux Aiguamolls<\/p><\/li><li><a href=\"https:\/\/mhyrdin.fr\/blog\/fleurs-et-macro-photographie\/\" title=\"Joubarbe_0491\"><img loading=\"lazy\" decoding=\"async\" src=\"https:\/\/i0.wp.com\/mhyrdin.fr\/blog\/wordpress\/wp-content\/uploads\/2025\/07\/nggallery_import\/Joubarbe_0491.JPG?h=170\" alt=\"Fleurs et macro-photographie\" width=\"255\" height=\"170\" \/><\/a><p class=\"jig-HTMLdescription\">Fleurs et macro-photographie<br\/>Joubarbe_0491<\/p><\/li><li><a href=\"https:\/\/mhyrdin.fr\/blog\/sejour-aux-portes-de-la-briere\/\"><img loading=\"lazy\" decoding=\"async\" src=\"https:\/\/i0.wp.com\/mhyrdin.fr\/blog\/wordpress\/wp-content\/uploads\/2025\/05\/nggallery_import\/Guifette%20moustac_1289.JPG?h=170\" alt=\"S\u00e9jour aux portes de la Bri\u00e8re\" width=\"255\" height=\"170\" \/><\/a><p class=\"jig-HTMLdescription\">S\u00e9jour aux portes de la Bri\u00e8re<\/p><\/li><li><a href=\"https:\/\/mhyrdin.fr\/blog\/en-mai-fait\/\"><img loading=\"lazy\" decoding=\"async\" src=\"https:\/\/i0.wp.com\/mhyrdin.fr\/blog\/wordpress\/wp-content\/uploads\/2025\/05\/nggallery_import\/2-Arc-en-ciel_Pano1.jpg?h=170\" alt=\"En mai fait ...\" width=\"309\" height=\"170\" \/><\/a><p class=\"jig-HTMLdescription\">En mai fait ...<\/p><\/li><li><a href=\"https:\/\/mhyrdin.fr\/blog\/avril-sans-effort\/\"><img loading=\"lazy\" decoding=\"async\" src=\"https:\/\/i0.wp.com\/mhyrdin.fr\/blog\/wordpress\/wp-content\/uploads\/2025\/05\/nggallery_import\/2-Prunellier_0446.JPG?h=170\" alt=\"Avril sans effort...\" width=\"170\" height=\"170\" \/><\/a><p class=\"jig-HTMLdescription\">Avril sans effort...<\/p><\/li><li><a href=\"https:\/\/mhyrdin.fr\/blog\/quelques-balades-en-mars\/\"><img loading=\"lazy\" decoding=\"async\" src=\"https:\/\/i0.wp.com\/mhyrdin.fr\/blog\/wordpress\/wp-content\/uploads\/2025\/04\/nggallery_import\/%C3%89clipse%20de%20soleil_9106.JPG?h=170\" alt=\"Quelques balades en mars\" width=\"255\" height=\"170\" \/><\/a><p class=\"jig-HTMLdescription\">Quelques balades en mars<\/p><\/li><li><a href=\"https:\/\/mhyrdin.fr\/blog\/fevrier-avec-enfin-du-soleil\/\"><img loading=\"lazy\" decoding=\"async\" src=\"https:\/\/i0.wp.com\/mhyrdin.fr\/blog\/wordpress\/wp-content\/uploads\/2025\/03\/nggallery_import\/Logonna_1645%20-%20Copie.jpg?h=170\" alt=\"F\u00e9vrier avec enfin du soleil\" width=\"368\" height=\"170\" \/><\/a><p class=\"jig-HTMLdescription\">F\u00e9vrier avec enfin du soleil<\/p><\/li><li><a href=\"https:\/\/mhyrdin.fr\/blog\/breves-rencontres-en-guadeloupe\/\"><img loading=\"lazy\" decoding=\"async\" src=\"https:\/\/i0.wp.com\/mhyrdin.fr\/blog\/wordpress\/wp-content\/uploads\/2025\/03\/nggallery_import\/Loriquet%20arc-en-ciel_0188.JPG?h=170\" alt=\"Br\u00e8ves rencontres en Guadeloupe\" width=\"255\" height=\"170\" \/><\/a><p class=\"jig-HTMLdescription\">Br\u00e8ves rencontres en Guadeloupe<\/p><\/li><li><a href=\"https:\/\/mhyrdin.fr\/blog\/cest-parti-pour-une-nouvelle-annee\/\"><img loading=\"lazy\" decoding=\"async\" src=\"https:\/\/i0.wp.com\/mhyrdin.fr\/blog\/wordpress\/wp-content\/uploads\/2025\/01\/nggallery_import\/Moulin-Blanc_3320%20-%20Copie.jpg?h=170\" alt=\"C&#039;est parti pour une nouvelle ann\u00e9e !\" width=\"368\" height=\"170\" \/><\/a><p class=\"jig-HTMLdescription\">C'est parti pour une nouvelle ann\u00e9e !<\/p><\/li><\/ul><\/noscript><\/div><div id=\"jig2-developerLink\" class=\"jig-developerLink\"><a href=\"https:\/\/justifiedgrid.com\/\" target=\"_blank\" title=\"Justified Image Grid - Premium WordPress Gallery\">powered by Justified Image Grid<\/a><\/div>\r\n<p class=\"has-text-align-center\">&nbsp;<\/p>\r\n<h3>Related Images:<\/h3>","protected":false},"excerpt":{"rendered":"<p>Quelquefois au jour le jour, plut\u00f4t de temps en temps, mais un peu partout, selon l&rsquo;humeur,un assemblage h\u00e9t\u00e9roclite d&rsquo;images sans th\u00e8me pr\u00e9d\u00e9fini. 2026 petit \u00e0 petit&#8230; C&rsquo;\u00e9tait en 2025 &nbsp; Related Images:<\/p>\n","protected":false},"author":4,"featured_media":0,"parent":0,"menu_order":0,"comment_status":"closed","ping_status":"closed","template":"","meta":{"ngg_post_thumbnail":0,"jetpack_post_was_ever_published":false,"footnotes":"","_links_to":"","_links_to_target":""},"class_list":["post-4244","page","type-page","status-publish","hentry"],"jetpack_shortlink":"https:\/\/wp.me\/P9lSZN-16s","jetpack_sharing_enabled":true,"_links":{"self":[{"href":"https:\/\/mhyrdin.fr\/blog\/wp-json\/wp\/v2\/pages\/4244","targetHints":{"allow":["GET"]}}],"collection":[{"href":"https:\/\/mhyrdin.fr\/blog\/wp-json\/wp\/v2\/pages"}],"about":[{"href":"https:\/\/mhyrdin.fr\/blog\/wp-json\/wp\/v2\/types\/page"}],"author":[{"embeddable":true,"href":"https:\/\/mhyrdin.fr\/blog\/wp-json\/wp\/v2\/users\/4"}],"replies":[{"embeddable":true,"href":"https:\/\/mhyrdin.fr\/blog\/wp-json\/wp\/v2\/comments?post=4244"}],"version-history":[{"count":66,"href":"https:\/\/mhyrdin.fr\/blog\/wp-json\/wp\/v2\/pages\/4244\/revisions"}],"predecessor-version":[{"id":28514,"href":"https:\/\/mhyrdin.fr\/blog\/wp-json\/wp\/v2\/pages\/4244\/revisions\/28514"}],"wp:attachment":[{"href":"https:\/\/mhyrdin.fr\/blog\/wp-json\/wp\/v2\/media?parent=4244"}],"curies":[{"name":"wp","href":"https:\/\/api.w.org\/{rel}","templated":true}]}}