{"id":27043,"date":"2024-11-19T23:13:38","date_gmt":"2024-11-19T22:13:38","guid":{"rendered":"https:\/\/mhyrdin.fr\/blog\/2024-2\/septembre\/"},"modified":"2024-12-17T18:24:01","modified_gmt":"2024-12-17T17:24:01","slug":"septembre","status":"publish","type":"page","link":"https:\/\/mhyrdin.fr\/blog\/2024-2\/septembre\/","title":{"rendered":"Septembre"},"content":{"rendered":"<p><img data-recalc-dims=\"1\" loading=\"lazy\" decoding=\"async\" class=\"aligncenter wp-image-27163\" src=\"https:\/\/i0.wp.com\/mhyrdin.fr\/blog\/wordpress\/wp-content\/uploads\/2024\/12\/nggallery_import\/Piau-Engaly_0001.jpg?resize=800%2C369&#038;ssl=1\" alt=\"\" width=\"800\" height=\"369\" srcset=\"https:\/\/i0.wp.com\/mhyrdin.fr\/blog\/wordpress\/wp-content\/uploads\/2024\/12\/nggallery_import\/Piau-Engaly_0001.jpg?w=1500&amp;ssl=1 1500w, https:\/\/i0.wp.com\/mhyrdin.fr\/blog\/wordpress\/wp-content\/uploads\/2024\/12\/nggallery_import\/Piau-Engaly_0001.jpg?resize=300%2C138&amp;ssl=1 300w, https:\/\/i0.wp.com\/mhyrdin.fr\/blog\/wordpress\/wp-content\/uploads\/2024\/12\/nggallery_import\/Piau-Engaly_0001.jpg?resize=1024%2C472&amp;ssl=1 1024w, https:\/\/i0.wp.com\/mhyrdin.fr\/blog\/wordpress\/wp-content\/uploads\/2024\/12\/nggallery_import\/Piau-Engaly_0001.jpg?resize=150%2C69&amp;ssl=1 150w, https:\/\/i0.wp.com\/mhyrdin.fr\/blog\/wordpress\/wp-content\/uploads\/2024\/12\/nggallery_import\/Piau-Engaly_0001.jpg?resize=768%2C354&amp;ssl=1 768w\" sizes=\"auto, (max-width: 800px) 100vw, 800px\" \/><div id=\"jig1\" class=\"justified-image-grid jig-4c042598adb29e9f6a5a07d274528a76 jig-preset-global jig-source-nextgen\"><div class=\"jig-clearfix\"><\/div><noscript id=\"jig1-html\" class=\"justified-image-grid-html\" data-lazy-src=\"skiplazyload\" data-src=\"skipunveillazyload\"><ul><li><a href=\"https:\/\/i0.wp.com\/mhyrdin.fr\/blog\/wordpress\/wp-content\/gallery\/2024septoct\/Piau-Engaly_0001.jpg?ssl=1\"><img loading=\"lazy\" decoding=\"async\" src=\"https:\/\/i0.wp.com\/mhyrdin.fr\/blog\/wordpress\/wp-content\/gallery\/2024septoct\/Piau-Engaly_0001.jpg?h=170\" alt=\"Piau-Engaly\" width=\"368\" height=\"170\" \/><\/a><p class=\"jig-HTMLdescription\">Piau-Engaly<\/p><\/li><li><a href=\"https:\/\/i0.wp.com\/mhyrdin.fr\/blog\/wordpress\/wp-content\/gallery\/2024septoct\/Col%20d%20Aspin_9994.JPG?ssl=1\"><img loading=\"lazy\" decoding=\"async\" src=\"https:\/\/i0.wp.com\/mhyrdin.fr\/blog\/wordpress\/wp-content\/gallery\/2024septoct\/Col%20d%20Aspin_9994.JPG?h=170\" alt=\"Col d Aspin\" width=\"255\" height=\"170\" \/><\/a><p class=\"jig-HTMLdescription\">Col d Aspin<\/p><\/li><li><a href=\"https:\/\/i0.wp.com\/mhyrdin.fr\/blog\/wordpress\/wp-content\/gallery\/2024septoct\/Col%20d%20Aspin_9997.JPG?ssl=1\"><img loading=\"lazy\" decoding=\"async\" src=\"https:\/\/i0.wp.com\/mhyrdin.fr\/blog\/wordpress\/wp-content\/gallery\/2024septoct\/Col%20d%20Aspin_9997.JPG?h=170\" alt=\"Col d Aspin\" width=\"286\" height=\"170\" \/><\/a><p class=\"jig-HTMLdescription\">Col d Aspin<\/p><\/li><li><a href=\"https:\/\/i0.wp.com\/mhyrdin.fr\/blog\/wordpress\/wp-content\/gallery\/2024septoct\/Pic%20du%20midi_6816.JPG?ssl=1\"><img loading=\"lazy\" decoding=\"async\" src=\"https:\/\/i0.wp.com\/mhyrdin.fr\/blog\/wordpress\/wp-content\/gallery\/2024septoct\/Pic%20du%20midi_6816.JPG?h=170\" alt=\"Pic du midi\" width=\"255\" height=\"170\" \/><\/a><p class=\"jig-HTMLdescription\">Pic du midi<\/p><\/li><li><a href=\"https:\/\/i0.wp.com\/mhyrdin.fr\/blog\/wordpress\/wp-content\/gallery\/2024septoct\/Orth%C3%A9trum%20r%C3%A9ticul%C3%A9_6856.JPG?ssl=1\"><img loading=\"lazy\" decoding=\"async\" src=\"https:\/\/i0.wp.com\/mhyrdin.fr\/blog\/wordpress\/wp-content\/gallery\/2024septoct\/Orth%C3%A9trum%20r%C3%A9ticul%C3%A9_6856.JPG?h=170\" alt=\"Orth\u00e9trum r\u00e9ticul\u00e9\" width=\"255\" height=\"170\" \/><\/a><p class=\"jig-HTMLdescription\">Orth\u00e9trum r\u00e9ticul\u00e9<\/p><\/li><li><a href=\"https:\/\/i0.wp.com\/mhyrdin.fr\/blog\/wordpress\/wp-content\/gallery\/2024septoct\/Aeschne%20des%20joncs_6818.JPG?ssl=1\"><img loading=\"lazy\" decoding=\"async\" src=\"https:\/\/i0.wp.com\/mhyrdin.fr\/blog\/wordpress\/wp-content\/gallery\/2024septoct\/Aeschne%20des%20joncs_6818.JPG?h=170\" alt=\"Aeschne des joncs\" width=\"255\" height=\"170\" \/><\/a><p class=\"jig-HTMLdescription\">Aeschne des joncs<\/p><\/li><li><a href=\"https:\/\/i0.wp.com\/mhyrdin.fr\/blog\/wordpress\/wp-content\/gallery\/2024septoct\/Anax%20empereur_6819.JPG?ssl=1\"><img loading=\"lazy\" decoding=\"async\" src=\"https:\/\/i0.wp.com\/mhyrdin.fr\/blog\/wordpress\/wp-content\/gallery\/2024septoct\/Anax%20empereur_6819.JPG?h=170\" alt=\"Anax empereur\" width=\"255\" height=\"170\" \/><\/a><p class=\"jig-HTMLdescription\">Anax empereur<\/p><\/li><li><a href=\"https:\/\/i0.wp.com\/mhyrdin.fr\/blog\/wordpress\/wp-content\/gallery\/2024septoct\/Sympetrum%20stri%C3%A9_6826.JPG?ssl=1\"><img loading=\"lazy\" decoding=\"async\" src=\"https:\/\/i0.wp.com\/mhyrdin.fr\/blog\/wordpress\/wp-content\/gallery\/2024septoct\/Sympetrum%20stri%C3%A9_6826.JPG?h=170\" alt=\"Sympetrum stri\u00e9\" width=\"255\" height=\"170\" \/><\/a><p class=\"jig-HTMLdescription\">Sympetrum stri\u00e9<\/p><\/li><li><a href=\"https:\/\/i0.wp.com\/mhyrdin.fr\/blog\/wordpress\/wp-content\/gallery\/2024septoct\/La%20corneille%20et%20la%20truite_6841.JPG?ssl=1\"><img loading=\"lazy\" decoding=\"async\" src=\"https:\/\/i0.wp.com\/mhyrdin.fr\/blog\/wordpress\/wp-content\/gallery\/2024septoct\/La%20corneille%20et%20la%20truite_6841.JPG?h=170\" alt=\"La corneille et la truite\" width=\"254\" height=\"170\" \/><\/a><p class=\"jig-HTMLdescription\">La corneille et la truite<\/p><\/li><li><a href=\"https:\/\/i0.wp.com\/mhyrdin.fr\/blog\/wordpress\/wp-content\/gallery\/2024septoct\/La%20corneille%20et%20la%20truite_6844.JPG?ssl=1\"><img loading=\"lazy\" decoding=\"async\" src=\"https:\/\/i0.wp.com\/mhyrdin.fr\/blog\/wordpress\/wp-content\/gallery\/2024septoct\/La%20corneille%20et%20la%20truite_6844.JPG?h=170\" alt=\"La corneille et la truite\" width=\"255\" height=\"170\" \/><\/a><p class=\"jig-HTMLdescription\">La corneille et la truite<\/p><\/li><li><a href=\"https:\/\/i0.wp.com\/mhyrdin.fr\/blog\/wordpress\/wp-content\/gallery\/2024septoct\/La%20corneille%20et%20la%20truite_6847.JPG?ssl=1\"><img loading=\"lazy\" decoding=\"async\" src=\"https:\/\/i0.wp.com\/mhyrdin.fr\/blog\/wordpress\/wp-content\/gallery\/2024septoct\/La%20corneille%20et%20la%20truite_6847.JPG?h=170\" alt=\"La corneille et la truite\" width=\"255\" height=\"170\" \/><\/a><p class=\"jig-HTMLdescription\">La corneille et la truite<\/p><\/li><li><a href=\"https:\/\/i0.wp.com\/mhyrdin.fr\/blog\/wordpress\/wp-content\/gallery\/2024septoct\/La%20corneille%20et%20la%20truite_6848.JPG?ssl=1\"><img loading=\"lazy\" decoding=\"async\" src=\"https:\/\/i0.wp.com\/mhyrdin.fr\/blog\/wordpress\/wp-content\/gallery\/2024septoct\/La%20corneille%20et%20la%20truite_6848.JPG?h=170\" alt=\"La corneille et la truite\" width=\"255\" height=\"170\" \/><\/a><p class=\"jig-HTMLdescription\">La corneille et la truite<\/p><\/li><li><a href=\"https:\/\/i0.wp.com\/mhyrdin.fr\/blog\/wordpress\/wp-content\/gallery\/2024septoct\/Vautour%20fauve_6885.JPG?ssl=1\"><img loading=\"lazy\" decoding=\"async\" src=\"https:\/\/i0.wp.com\/mhyrdin.fr\/blog\/wordpress\/wp-content\/gallery\/2024septoct\/Vautour%20fauve_6885.JPG?h=170\" alt=\"Vautour fauve\" width=\"255\" height=\"170\" \/><\/a><p class=\"jig-HTMLdescription\">Vautour fauve<\/p><\/li><li><a href=\"https:\/\/i0.wp.com\/mhyrdin.fr\/blog\/wordpress\/wp-content\/gallery\/2024septoct\/Carte%20g%C3%A9ographique_6900.JPG?ssl=1\"><img loading=\"lazy\" decoding=\"async\" src=\"https:\/\/i0.wp.com\/mhyrdin.fr\/blog\/wordpress\/wp-content\/gallery\/2024septoct\/Carte%20g%C3%A9ographique_6900.JPG?h=170\" alt=\"Carte g\u00e9ographique\" width=\"255\" height=\"170\" \/><\/a><p class=\"jig-HTMLdescription\">Carte g\u00e9ographique<\/p><\/li><li><a href=\"https:\/\/i0.wp.com\/mhyrdin.fr\/blog\/wordpress\/wp-content\/gallery\/2024septoct\/Carte%20g%C3%A9ographique_6907.JPG?ssl=1\"><img loading=\"lazy\" decoding=\"async\" src=\"https:\/\/i0.wp.com\/mhyrdin.fr\/blog\/wordpress\/wp-content\/gallery\/2024septoct\/Carte%20g%C3%A9ographique_6907.JPG?h=170\" alt=\"Carte g\u00e9ographique\" width=\"170\" height=\"170\" \/><\/a><p class=\"jig-HTMLdescription\">Carte g\u00e9ographique<\/p><\/li><li><a href=\"https:\/\/i0.wp.com\/mhyrdin.fr\/blog\/wordpress\/wp-content\/gallery\/2024septoct\/Carte%20g%C3%A9ographique_6908.JPG?ssl=1\"><img loading=\"lazy\" decoding=\"async\" src=\"https:\/\/i0.wp.com\/mhyrdin.fr\/blog\/wordpress\/wp-content\/gallery\/2024septoct\/Carte%20g%C3%A9ographique_6908.JPG?h=170\" alt=\"Carte g\u00e9ographique\" width=\"255\" height=\"170\" \/><\/a><p class=\"jig-HTMLdescription\">Carte g\u00e9ographique<\/p><\/li><li><a href=\"https:\/\/i0.wp.com\/mhyrdin.fr\/blog\/wordpress\/wp-content\/gallery\/2024septoct\/Go%C3%A9land%20argent%C3%A9_6945.JPG?ssl=1\"><img loading=\"lazy\" decoding=\"async\" src=\"https:\/\/i0.wp.com\/mhyrdin.fr\/blog\/wordpress\/wp-content\/gallery\/2024septoct\/Go%C3%A9land%20argent%C3%A9_6945.JPG?h=170\" alt=\"Go\u00e9land argent\u00e9\" width=\"255\" height=\"170\" \/><\/a><p class=\"jig-HTMLdescription\">Go\u00e9land argent\u00e9<\/p><\/li><li><a href=\"https:\/\/i0.wp.com\/mhyrdin.fr\/blog\/wordpress\/wp-content\/gallery\/2024septoct\/LNG%20BAYELSA_6954.JPG?ssl=1\"><img loading=\"lazy\" decoding=\"async\" src=\"https:\/\/i0.wp.com\/mhyrdin.fr\/blog\/wordpress\/wp-content\/gallery\/2024septoct\/LNG%20BAYELSA_6954.JPG?h=170\" alt=\"LNG BAYELSA\" width=\"255\" height=\"170\" \/><\/a><p class=\"jig-HTMLdescription\">LNG BAYELSA<\/p><\/li><li><a href=\"https:\/\/i0.wp.com\/mhyrdin.fr\/blog\/wordpress\/wp-content\/gallery\/2024septoct\/Pointe%20Saint%20Gildas_6963.JPG?ssl=1\"><img loading=\"lazy\" decoding=\"async\" src=\"https:\/\/i0.wp.com\/mhyrdin.fr\/blog\/wordpress\/wp-content\/gallery\/2024septoct\/Pointe%20Saint%20Gildas_6963.JPG?h=170\" alt=\"Pointe Saint Gildas\" width=\"255\" height=\"170\" \/><\/a><p class=\"jig-HTMLdescription\">Pointe Saint Gildas<\/p><\/li><li><a href=\"https:\/\/i0.wp.com\/mhyrdin.fr\/blog\/wordpress\/wp-content\/gallery\/2024septoct\/Traquet%20motteux_6970.JPG?ssl=1\"><img loading=\"lazy\" decoding=\"async\" src=\"https:\/\/i0.wp.com\/mhyrdin.fr\/blog\/wordpress\/wp-content\/gallery\/2024septoct\/Traquet%20motteux_6970.JPG?h=170\" alt=\"Traquet motteux\" width=\"255\" height=\"170\" \/><\/a><p class=\"jig-HTMLdescription\">Traquet motteux<\/p><\/li><li><a href=\"https:\/\/i0.wp.com\/mhyrdin.fr\/blog\/wordpress\/wp-content\/gallery\/2024septoct\/%C3%89oliennes_6973.JPG?ssl=1\"><img loading=\"lazy\" decoding=\"async\" src=\"https:\/\/i0.wp.com\/mhyrdin.fr\/blog\/wordpress\/wp-content\/gallery\/2024septoct\/%C3%89oliennes_6973.JPG?h=170\" alt=\"\u00c9oliennes\" width=\"490\" height=\"170\" \/><\/a><p class=\"jig-HTMLdescription\">\u00c9oliennes<\/p><\/li><li><a href=\"https:\/\/i0.wp.com\/mhyrdin.fr\/blog\/wordpress\/wp-content\/gallery\/2024septoct\/Port%20du%20Collet_4943R.jpg?ssl=1\"><img loading=\"lazy\" decoding=\"async\" src=\"https:\/\/i0.wp.com\/mhyrdin.fr\/blog\/wordpress\/wp-content\/gallery\/2024septoct\/Port%20du%20Collet_4943R.jpg?h=170\" alt=\"Port du Collet\" width=\"369\" height=\"170\" \/><\/a><p class=\"jig-HTMLdescription\">Port du Collet<\/p><\/li><li><a href=\"https:\/\/i0.wp.com\/mhyrdin.fr\/blog\/wordpress\/wp-content\/gallery\/2024septoct\/Sterne%20caugek_6977.JPG?ssl=1\"><img loading=\"lazy\" decoding=\"async\" src=\"https:\/\/i0.wp.com\/mhyrdin.fr\/blog\/wordpress\/wp-content\/gallery\/2024septoct\/Sterne%20caugek_6977.JPG?h=170\" alt=\"Sterne caugek\" width=\"255\" height=\"170\" \/><\/a><p class=\"jig-HTMLdescription\">Sterne caugek<\/p><\/li><li><a href=\"https:\/\/i0.wp.com\/mhyrdin.fr\/blog\/wordpress\/wp-content\/gallery\/2024septoct\/Enez%20Eussa%20II_6979.JPG?ssl=1\"><img loading=\"lazy\" decoding=\"async\" src=\"https:\/\/i0.wp.com\/mhyrdin.fr\/blog\/wordpress\/wp-content\/gallery\/2024septoct\/Enez%20Eussa%20II_6979.JPG?h=170\" alt=\"Enez Eussa II\" width=\"255\" height=\"170\" \/><\/a><p class=\"jig-HTMLdescription\">Enez Eussa II<\/p><\/li><li><a href=\"https:\/\/i0.wp.com\/mhyrdin.fr\/blog\/wordpress\/wp-content\/gallery\/2024septoct\/Kermorvan_6980.JPG?ssl=1\" title=\"Kermorvan_6980\"><img loading=\"lazy\" decoding=\"async\" src=\"https:\/\/i0.wp.com\/mhyrdin.fr\/blog\/wordpress\/wp-content\/gallery\/2024septoct\/Kermorvan_6980.JPG?h=170\" alt=\"Kermorvan\" width=\"255\" height=\"170\" \/><\/a><p class=\"jig-HTMLdescription\">Kermorvan<br\/>Kermorvan_6980<\/p><\/li><li><a href=\"https:\/\/i0.wp.com\/mhyrdin.fr\/blog\/wordpress\/wp-content\/gallery\/2024septoct\/Tarier%20p%C3%A2tre_6983.JPG?ssl=1\"><img loading=\"lazy\" decoding=\"async\" src=\"https:\/\/i0.wp.com\/mhyrdin.fr\/blog\/wordpress\/wp-content\/gallery\/2024septoct\/Tarier%20p%C3%A2tre_6983.JPG?h=170\" alt=\"Tarier p\u00e2tre\" width=\"170\" height=\"170\" \/><\/a><p class=\"jig-HTMLdescription\">Tarier p\u00e2tre<\/p><\/li><li><a href=\"https:\/\/i0.wp.com\/mhyrdin.fr\/blog\/wordpress\/wp-content\/gallery\/2024septoct\/Tarier%20p%C3%A2tre_6984.JPG?ssl=1\"><img loading=\"lazy\" decoding=\"async\" src=\"https:\/\/i0.wp.com\/mhyrdin.fr\/blog\/wordpress\/wp-content\/gallery\/2024septoct\/Tarier%20p%C3%A2tre_6984.JPG?h=170\" alt=\"Tarier p\u00e2tre\" width=\"255\" height=\"170\" \/><\/a><p class=\"jig-HTMLdescription\">Tarier p\u00e2tre<\/p><\/li><li><a href=\"https:\/\/i0.wp.com\/mhyrdin.fr\/blog\/wordpress\/wp-content\/gallery\/2024septoct\/Paon%20du%20jour_6987.JPG?ssl=1\"><img loading=\"lazy\" decoding=\"async\" src=\"https:\/\/i0.wp.com\/mhyrdin.fr\/blog\/wordpress\/wp-content\/gallery\/2024septoct\/Paon%20du%20jour_6987.JPG?h=170\" alt=\"Paon du jour\" width=\"255\" height=\"170\" \/><\/a><p class=\"jig-HTMLdescription\">Paon du jour<\/p><\/li><li><a href=\"https:\/\/i0.wp.com\/mhyrdin.fr\/blog\/wordpress\/wp-content\/gallery\/2024septoct\/Lapin_6990.JPG?ssl=1\" title=\"Lapin_6990\"><img loading=\"lazy\" decoding=\"async\" src=\"https:\/\/i0.wp.com\/mhyrdin.fr\/blog\/wordpress\/wp-content\/gallery\/2024septoct\/Lapin_6990.JPG?h=170\" alt=\"Lapin de garenne\" width=\"255\" height=\"170\" \/><\/a><p class=\"jig-HTMLdescription\">Lapin de garenne<br\/>Lapin_6990<\/p><\/li><\/ul><\/noscript><\/div><div id=\"jig1-developerLink\" class=\"jig-developerLink\"><a href=\"https:\/\/justifiedgrid.com\/\" target=\"_blank\" title=\"Justified Image Grid - Premium WordPress Gallery\">powered by Justified Image Grid<\/a><\/div><\/p>\n<h3>Related Images:<\/h3>","protected":false},"excerpt":{"rendered":"<p>Related Images:<\/p>\n","protected":false},"author":4,"featured_media":0,"parent":26275,"menu_order":0,"comment_status":"closed","ping_status":"closed","template":"template-fullwidth.php","meta":{"ngg_post_thumbnail":0,"jetpack_post_was_ever_published":false,"footnotes":"","_links_to":"","_links_to_target":""},"class_list":["post-27043","page","type-page","status-publish","hentry"],"jetpack_shortlink":"https:\/\/wp.me\/P9lSZN-72b","jetpack_sharing_enabled":true,"_links":{"self":[{"href":"https:\/\/mhyrdin.fr\/blog\/wp-json\/wp\/v2\/pages\/27043","targetHints":{"allow":["GET"]}}],"collection":[{"href":"https:\/\/mhyrdin.fr\/blog\/wp-json\/wp\/v2\/pages"}],"about":[{"href":"https:\/\/mhyrdin.fr\/blog\/wp-json\/wp\/v2\/types\/page"}],"author":[{"embeddable":true,"href":"https:\/\/mhyrdin.fr\/blog\/wp-json\/wp\/v2\/users\/4"}],"replies":[{"embeddable":true,"href":"https:\/\/mhyrdin.fr\/blog\/wp-json\/wp\/v2\/comments?post=27043"}],"version-history":[{"count":2,"href":"https:\/\/mhyrdin.fr\/blog\/wp-json\/wp\/v2\/pages\/27043\/revisions"}],"predecessor-version":[{"id":27168,"href":"https:\/\/mhyrdin.fr\/blog\/wp-json\/wp\/v2\/pages\/27043\/revisions\/27168"}],"up":[{"embeddable":true,"href":"https:\/\/mhyrdin.fr\/blog\/wp-json\/wp\/v2\/pages\/26275"}],"wp:attachment":[{"href":"https:\/\/mhyrdin.fr\/blog\/wp-json\/wp\/v2\/media?parent=27043"}],"curies":[{"name":"wp","href":"https:\/\/api.w.org\/{rel}","templated":true}]}}