{"id":26281,"date":"2024-01-12T09:00:03","date_gmt":"2024-01-12T08:00:03","guid":{"rendered":"https:\/\/mhyrdin.fr\/blog\/2024-2\/janvier-2024\/"},"modified":"2024-12-17T18:15:21","modified_gmt":"2024-12-17T17:15:21","slug":"janvier-2024","status":"publish","type":"page","link":"https:\/\/mhyrdin.fr\/blog\/2024-2\/janvier-2024\/","title":{"rendered":"Janvier 2024"},"content":{"rendered":"<div id=\"jig1\" class=\"justified-image-grid jig-8c1ccadb5a60808125fe1810e09ae673 jig-preset-global jig-source-nextgen\"><div class=\"jig-clearfix\"><\/div><noscript id=\"jig1-html\" class=\"justified-image-grid-html\" data-lazy-src=\"skiplazyload\" data-src=\"skipunveillazyload\"><ul><li><a href=\"https:\/\/i0.wp.com\/mhyrdin.fr\/blog\/wordpress\/wp-content\/gallery\/2024janvier\/Chevalier%20gambette_8669.JPG?ssl=1\"><img loading=\"lazy\" decoding=\"async\" src=\"https:\/\/i0.wp.com\/mhyrdin.fr\/blog\/wordpress\/wp-content\/gallery\/2024janvier\/Chevalier%20gambette_8669.JPG?h=170\" alt=\"Chevalier gambette\" width=\"255\" height=\"170\" \/><\/a><p class=\"jig-HTMLdescription\">Chevalier gambette<\/p><\/li><li><a href=\"https:\/\/i0.wp.com\/mhyrdin.fr\/blog\/wordpress\/wp-content\/gallery\/2024janvier\/Courlis%20cendr%C3%A9_8591.JPG?ssl=1\" title=\"Ria du Conquet\"><img loading=\"lazy\" decoding=\"async\" src=\"https:\/\/i0.wp.com\/mhyrdin.fr\/blog\/wordpress\/wp-content\/gallery\/2024janvier\/Courlis%20cendr%C3%A9_8591.JPG?h=170\" alt=\"Courlis cendr\u00e9\" width=\"255\" height=\"170\" \/><\/a><p class=\"jig-HTMLdescription\">Courlis cendr\u00e9<br\/>Ria du Conquet<\/p><\/li><li><a href=\"https:\/\/i0.wp.com\/mhyrdin.fr\/blog\/wordpress\/wp-content\/gallery\/2024janvier\/Cyclamen_0286.JPG?ssl=1\" title=\"Cyclamen_0286\"><img loading=\"lazy\" decoding=\"async\" src=\"https:\/\/i0.wp.com\/mhyrdin.fr\/blog\/wordpress\/wp-content\/gallery\/2024janvier\/Cyclamen_0286.JPG?h=170\" alt=\"Cyclamens\" width=\"255\" height=\"170\" \/><\/a><p class=\"jig-HTMLdescription\">Cyclamens<br\/>Cyclamen_0286<\/p><\/li><li><a href=\"https:\/\/i0.wp.com\/mhyrdin.fr\/blog\/wordpress\/wp-content\/gallery\/2024janvier\/Cygne%20tubercul%C3%A9_8579.JPG?ssl=1\" title=\"Ria du Conquet\"><img loading=\"lazy\" decoding=\"async\" src=\"https:\/\/i0.wp.com\/mhyrdin.fr\/blog\/wordpress\/wp-content\/gallery\/2024janvier\/Cygne%20tubercul%C3%A9_8579.JPG?h=170\" alt=\"Cygne tubercul\u00e9\" width=\"255\" height=\"170\" \/><\/a><p class=\"jig-HTMLdescription\">Cygne tubercul\u00e9<br\/>Ria du Conquet<\/p><\/li><li><a href=\"https:\/\/i0.wp.com\/mhyrdin.fr\/blog\/wordpress\/wp-content\/gallery\/2024janvier\/Cygne%20tubercul%C3%A9_0342.JPG?ssl=1\"><img loading=\"lazy\" decoding=\"async\" src=\"https:\/\/i0.wp.com\/mhyrdin.fr\/blog\/wordpress\/wp-content\/gallery\/2024janvier\/Cygne%20tubercul%C3%A9_0342.JPG?h=170\" alt=\"Cygne tubercul\u00e9\" width=\"255\" height=\"170\" \/><\/a><p class=\"jig-HTMLdescription\">Cygne tubercul\u00e9<\/p><\/li><li><a href=\"https:\/\/i0.wp.com\/mhyrdin.fr\/blog\/wordpress\/wp-content\/gallery\/2024janvier\/Cygne%20tubercul%C3%A9_0348.JPG?ssl=1\"><img loading=\"lazy\" decoding=\"async\" src=\"https:\/\/i0.wp.com\/mhyrdin.fr\/blog\/wordpress\/wp-content\/gallery\/2024janvier\/Cygne%20tubercul%C3%A9_0348.JPG?h=170\" alt=\"Cygne tubercul\u00e9\" width=\"255\" height=\"170\" \/><\/a><p class=\"jig-HTMLdescription\">Cygne tubercul\u00e9<\/p><\/li><li><a href=\"https:\/\/i0.wp.com\/mhyrdin.fr\/blog\/wordpress\/wp-content\/gallery\/2024janvier\/Wetlands_1230%20-%20Copie.jpg?ssl=1\"><img loading=\"lazy\" decoding=\"async\" src=\"https:\/\/i0.wp.com\/mhyrdin.fr\/blog\/wordpress\/wp-content\/gallery\/2024janvier\/Wetlands_1230%20-%20Copie.jpg?h=170\" alt=\"Du c\u00f4t\u00e9 de l&#039;Aber Beno\u00eet\" width=\"302\" height=\"170\" \/><\/a><p class=\"jig-HTMLdescription\">Du c\u00f4t\u00e9 de l'Aber Beno\u00eet<\/p><\/li><li><a href=\"https:\/\/i0.wp.com\/mhyrdin.fr\/blog\/wordpress\/wp-content\/gallery\/2024janvier\/Wetlands_1232%20-%20Copie.jpg?ssl=1\"><img loading=\"lazy\" decoding=\"async\" src=\"https:\/\/i0.wp.com\/mhyrdin.fr\/blog\/wordpress\/wp-content\/gallery\/2024janvier\/Wetlands_1232%20-%20Copie.jpg?h=170\" alt=\"Du c\u00f4t\u00e9 de l&#039;Aber Beno\u00eet\" width=\"302\" height=\"170\" \/><\/a><p class=\"jig-HTMLdescription\">Du c\u00f4t\u00e9 de l'Aber Beno\u00eet<\/p><\/li><li><a href=\"https:\/\/i0.wp.com\/mhyrdin.fr\/blog\/wordpress\/wp-content\/gallery\/2024janvier\/Wetlands_1233%20-%20Copie.jpg?ssl=1\"><img loading=\"lazy\" decoding=\"async\" src=\"https:\/\/i0.wp.com\/mhyrdin.fr\/blog\/wordpress\/wp-content\/gallery\/2024janvier\/Wetlands_1233%20-%20Copie.jpg?h=170\" alt=\"Du c\u00f4t\u00e9 de l&#039;Aber Beno\u00eet\" width=\"302\" height=\"170\" \/><\/a><p class=\"jig-HTMLdescription\">Du c\u00f4t\u00e9 de l'Aber Beno\u00eet<\/p><\/li><li><a href=\"https:\/\/i0.wp.com\/mhyrdin.fr\/blog\/wordpress\/wp-content\/gallery\/2024janvier\/Wetlands_1234%20-%20Copie.jpg?ssl=1\"><img loading=\"lazy\" decoding=\"async\" src=\"https:\/\/i0.wp.com\/mhyrdin.fr\/blog\/wordpress\/wp-content\/gallery\/2024janvier\/Wetlands_1234%20-%20Copie.jpg?h=170\" alt=\"Du c\u00f4t\u00e9 de l&#039;Aber Beno\u00eet\" width=\"302\" height=\"170\" \/><\/a><p class=\"jig-HTMLdescription\">Du c\u00f4t\u00e9 de l'Aber Beno\u00eet<\/p><\/li><li><a href=\"https:\/\/i0.wp.com\/mhyrdin.fr\/blog\/wordpress\/wp-content\/gallery\/2024janvier\/Wetlands_1238%20-%20Copie.jpg?ssl=1\"><img loading=\"lazy\" decoding=\"async\" src=\"https:\/\/i0.wp.com\/mhyrdin.fr\/blog\/wordpress\/wp-content\/gallery\/2024janvier\/Wetlands_1238%20-%20Copie.jpg?h=170\" alt=\"Du c\u00f4t\u00e9 de l&#039;Aber Beno\u00eet\" width=\"302\" height=\"170\" \/><\/a><p class=\"jig-HTMLdescription\">Du c\u00f4t\u00e9 de l'Aber Beno\u00eet<\/p><\/li><li><a href=\"https:\/\/i0.wp.com\/mhyrdin.fr\/blog\/wordpress\/wp-content\/gallery\/2024janvier\/Wetlands_1243%20-%20Copie.jpg?ssl=1\"><img loading=\"lazy\" decoding=\"async\" src=\"https:\/\/i0.wp.com\/mhyrdin.fr\/blog\/wordpress\/wp-content\/gallery\/2024janvier\/Wetlands_1243%20-%20Copie.jpg?h=170\" alt=\"Du c\u00f4t\u00e9 de l&#039;Aber Beno\u00eet\" width=\"292\" height=\"170\" \/><\/a><p class=\"jig-HTMLdescription\">Du c\u00f4t\u00e9 de l'Aber Beno\u00eet<\/p><\/li><li><a href=\"https:\/\/i0.wp.com\/mhyrdin.fr\/blog\/wordpress\/wp-content\/gallery\/2024janvier\/Wetlands_1245%20-%20Copie.jpg?ssl=1\"><img loading=\"lazy\" decoding=\"async\" src=\"https:\/\/i0.wp.com\/mhyrdin.fr\/blog\/wordpress\/wp-content\/gallery\/2024janvier\/Wetlands_1245%20-%20Copie.jpg?h=170\" alt=\"Du c\u00f4t\u00e9 de l&#039;Aber Beno\u00eet\" width=\"271\" height=\"170\" \/><\/a><p class=\"jig-HTMLdescription\">Du c\u00f4t\u00e9 de l'Aber Beno\u00eet<\/p><\/li><li><a href=\"https:\/\/i0.wp.com\/mhyrdin.fr\/blog\/wordpress\/wp-content\/gallery\/2024janvier\/Fauvette%20%C3%A0%20t%C3%AAte%20noire_0092.JPG?ssl=1\"><img loading=\"lazy\" decoding=\"async\" src=\"https:\/\/i0.wp.com\/mhyrdin.fr\/blog\/wordpress\/wp-content\/gallery\/2024janvier\/Fauvette%20%C3%A0%20t%C3%AAte%20noire_0092.JPG?h=170\" alt=\"Fauvette \u00e0 t\u00eate noire\" width=\"255\" height=\"170\" \/><\/a><p class=\"jig-HTMLdescription\">Fauvette \u00e0 t\u00eate noire<\/p><\/li><li><a href=\"https:\/\/i0.wp.com\/mhyrdin.fr\/blog\/wordpress\/wp-content\/gallery\/2024janvier\/Fauvette%20%C3%A0%20t%C3%AAte%20noire_0107.JPG?ssl=1\"><img loading=\"lazy\" decoding=\"async\" src=\"https:\/\/i0.wp.com\/mhyrdin.fr\/blog\/wordpress\/wp-content\/gallery\/2024janvier\/Fauvette%20%C3%A0%20t%C3%AAte%20noire_0107.JPG?h=170\" alt=\"Fauvette \u00e0 t\u00eate noire\" width=\"255\" height=\"170\" \/><\/a><p class=\"jig-HTMLdescription\">Fauvette \u00e0 t\u00eate noire<\/p><\/li><li><a href=\"https:\/\/i0.wp.com\/mhyrdin.fr\/blog\/wordpress\/wp-content\/gallery\/2024janvier\/Fauvette%20%C3%A0%20t%C3%AAte%20noire_0145.JPG?ssl=1\"><img loading=\"lazy\" decoding=\"async\" src=\"https:\/\/i0.wp.com\/mhyrdin.fr\/blog\/wordpress\/wp-content\/gallery\/2024janvier\/Fauvette%20%C3%A0%20t%C3%AAte%20noire_0145.JPG?h=170\" alt=\"Fauvette \u00e0 t\u00eate noire\" width=\"113\" height=\"170\" \/><\/a><p class=\"jig-HTMLdescription\">Fauvette \u00e0 t\u00eate noire<\/p><\/li><li><a href=\"https:\/\/i0.wp.com\/mhyrdin.fr\/blog\/wordpress\/wp-content\/gallery\/2024janvier\/Gel_0257.JPG?ssl=1\" title=\"Gel_0257\"><img loading=\"lazy\" decoding=\"async\" src=\"https:\/\/i0.wp.com\/mhyrdin.fr\/blog\/wordpress\/wp-content\/gallery\/2024janvier\/Gel_0257.JPG?h=170\" alt=\"Gel\" width=\"113\" height=\"170\" \/><\/a><p class=\"jig-HTMLdescription\">Gel<br\/>Gel_0257<\/p><\/li><li><a href=\"https:\/\/i0.wp.com\/mhyrdin.fr\/blog\/wordpress\/wp-content\/gallery\/2024janvier\/Go%C3%A9land%20argent%C3%A9_8595.JPG?ssl=1\" title=\"Ria du Conquet\"><img loading=\"lazy\" decoding=\"async\" src=\"https:\/\/i0.wp.com\/mhyrdin.fr\/blog\/wordpress\/wp-content\/gallery\/2024janvier\/Go%C3%A9land%20argent%C3%A9_8595.JPG?h=170\" alt=\"Go\u00e9lands argent\u00e9s\" width=\"255\" height=\"170\" \/><\/a><p class=\"jig-HTMLdescription\">Go\u00e9lands argent\u00e9s<br\/>Ria du Conquet<\/p><\/li><li><a href=\"https:\/\/i0.wp.com\/mhyrdin.fr\/blog\/wordpress\/wp-content\/gallery\/2024janvier\/Grand%20Cormoran_0333.JPG?ssl=1\"><img loading=\"lazy\" decoding=\"async\" src=\"https:\/\/i0.wp.com\/mhyrdin.fr\/blog\/wordpress\/wp-content\/gallery\/2024janvier\/Grand%20Cormoran_0333.JPG?h=170\" alt=\"Grand Cormoran\" width=\"255\" height=\"170\" \/><\/a><p class=\"jig-HTMLdescription\">Grand Cormoran<\/p><\/li><li><a href=\"https:\/\/i0.wp.com\/mhyrdin.fr\/blog\/wordpress\/wp-content\/gallery\/2024janvier\/Grande%20Aigrette_8568.JPG?ssl=1\" title=\"Bodonou\"><img loading=\"lazy\" decoding=\"async\" src=\"https:\/\/i0.wp.com\/mhyrdin.fr\/blog\/wordpress\/wp-content\/gallery\/2024janvier\/Grande%20Aigrette_8568.JPG?h=170\" alt=\"Grande Aigrette\" width=\"255\" height=\"170\" \/><\/a><p class=\"jig-HTMLdescription\">Grande Aigrette<br\/>Bodonou<\/p><\/li><li><a href=\"https:\/\/i0.wp.com\/mhyrdin.fr\/blog\/wordpress\/wp-content\/gallery\/2024janvier\/Grande%20Aigrette_8754.JPG?ssl=1\"><img loading=\"lazy\" decoding=\"async\" src=\"https:\/\/i0.wp.com\/mhyrdin.fr\/blog\/wordpress\/wp-content\/gallery\/2024janvier\/Grande%20Aigrette_8754.JPG?h=170\" alt=\"Grande Aigrette\" width=\"255\" height=\"170\" \/><\/a><p class=\"jig-HTMLdescription\">Grande Aigrette<\/p><\/li><li><a href=\"https:\/\/i0.wp.com\/mhyrdin.fr\/blog\/wordpress\/wp-content\/gallery\/2024janvier\/Hu%C3%AEtrier%20pie_8631.JPG?ssl=1\"><img loading=\"lazy\" decoding=\"async\" src=\"https:\/\/i0.wp.com\/mhyrdin.fr\/blog\/wordpress\/wp-content\/gallery\/2024janvier\/Hu%C3%AEtrier%20pie_8631.JPG?h=170\" alt=\"Hu\u00eetrier pie\" width=\"255\" height=\"170\" \/><\/a><p class=\"jig-HTMLdescription\">Hu\u00eetrier pie<\/p><\/li><li><a href=\"https:\/\/i0.wp.com\/mhyrdin.fr\/blog\/wordpress\/wp-content\/gallery\/2024janvier\/Minou_8552.JPG?ssl=1\" title=\"Minou_8552\"><img loading=\"lazy\" decoding=\"async\" src=\"https:\/\/i0.wp.com\/mhyrdin.fr\/blog\/wordpress\/wp-content\/gallery\/2024janvier\/Minou_8552.JPG?h=170\" alt=\"Le Minou au 1er janvier\" width=\"258\" height=\"170\" \/><\/a><p class=\"jig-HTMLdescription\">Le Minou au 1er janvier<br\/>Minou_8552<\/p><\/li><li><a href=\"https:\/\/i0.wp.com\/mhyrdin.fr\/blog\/wordpress\/wp-content\/gallery\/2024janvier\/Lune_0248.JPG?ssl=1\" title=\"Lune_0248\"><img loading=\"lazy\" decoding=\"async\" src=\"https:\/\/i0.wp.com\/mhyrdin.fr\/blog\/wordpress\/wp-content\/gallery\/2024janvier\/Lune_0248.JPG?h=170\" alt=\"Lune\" width=\"170\" height=\"170\" \/><\/a><p class=\"jig-HTMLdescription\">Lune<br\/>Lune_0248<\/p><\/li><li><a href=\"https:\/\/i0.wp.com\/mhyrdin.fr\/blog\/wordpress\/wp-content\/gallery\/2024janvier\/Merle%20noir_0169.JPG?ssl=1\"><img loading=\"lazy\" decoding=\"async\" src=\"https:\/\/i0.wp.com\/mhyrdin.fr\/blog\/wordpress\/wp-content\/gallery\/2024janvier\/Merle%20noir_0169.JPG?h=170\" alt=\"Merle noir\" width=\"255\" height=\"170\" \/><\/a><p class=\"jig-HTMLdescription\">Merle noir<\/p><\/li><li><a href=\"https:\/\/i0.wp.com\/mhyrdin.fr\/blog\/wordpress\/wp-content\/gallery\/2024janvier\/Merle%20noir_0175.JPG?ssl=1\"><img loading=\"lazy\" decoding=\"async\" src=\"https:\/\/i0.wp.com\/mhyrdin.fr\/blog\/wordpress\/wp-content\/gallery\/2024janvier\/Merle%20noir_0175.JPG?h=170\" alt=\"Merle noir\" width=\"255\" height=\"170\" \/><\/a><p class=\"jig-HTMLdescription\">Merle noir<\/p><\/li><li><a href=\"https:\/\/i0.wp.com\/mhyrdin.fr\/blog\/wordpress\/wp-content\/gallery\/2024janvier\/M%C3%A9sange%20bleue_0368.JPG?ssl=1\"><img loading=\"lazy\" decoding=\"async\" src=\"https:\/\/i0.wp.com\/mhyrdin.fr\/blog\/wordpress\/wp-content\/gallery\/2024janvier\/M%C3%A9sange%20bleue_0368.JPG?h=170\" alt=\"M\u00e9sange bleue\" width=\"182\" height=\"170\" \/><\/a><p class=\"jig-HTMLdescription\">M\u00e9sange bleue<\/p><\/li><li><a href=\"https:\/\/i0.wp.com\/mhyrdin.fr\/blog\/wordpress\/wp-content\/gallery\/2024janvier\/Moineau%20domestique_0005%20-%20Copie.JPG?ssl=1\"><img loading=\"lazy\" decoding=\"async\" src=\"https:\/\/i0.wp.com\/mhyrdin.fr\/blog\/wordpress\/wp-content\/gallery\/2024janvier\/Moineau%20domestique_0005%20-%20Copie.JPG?h=170\" alt=\"Moineau domestique\" width=\"255\" height=\"170\" \/><\/a><p class=\"jig-HTMLdescription\">Moineau domestique<\/p><\/li><li><a href=\"https:\/\/i0.wp.com\/mhyrdin.fr\/blog\/wordpress\/wp-content\/gallery\/2024janvier\/Moineau%20domestique_0058.JPG?ssl=1\"><img loading=\"lazy\" decoding=\"async\" src=\"https:\/\/i0.wp.com\/mhyrdin.fr\/blog\/wordpress\/wp-content\/gallery\/2024janvier\/Moineau%20domestique_0058.JPG?h=170\" alt=\"Moineau domestique\" width=\"255\" height=\"170\" \/><\/a><p class=\"jig-HTMLdescription\">Moineau domestique<\/p><\/li><li><a href=\"https:\/\/i0.wp.com\/mhyrdin.fr\/blog\/wordpress\/wp-content\/gallery\/2024janvier\/Pic%20vert_0165.JPG?ssl=1\"><img loading=\"lazy\" decoding=\"async\" src=\"https:\/\/i0.wp.com\/mhyrdin.fr\/blog\/wordpress\/wp-content\/gallery\/2024janvier\/Pic%20vert_0165.JPG?h=170\" alt=\"Pic vert\" width=\"113\" height=\"170\" \/><\/a><p class=\"jig-HTMLdescription\">Pic vert<\/p><\/li><li><a href=\"https:\/\/i0.wp.com\/mhyrdin.fr\/blog\/wordpress\/wp-content\/gallery\/2024janvier\/Pouillot%20v%C3%A9loce_8560.JPG?ssl=1\" title=\"Bodonou\"><img loading=\"lazy\" decoding=\"async\" src=\"https:\/\/i0.wp.com\/mhyrdin.fr\/blog\/wordpress\/wp-content\/gallery\/2024janvier\/Pouillot%20v%C3%A9loce_8560.JPG?h=170\" alt=\"Pouillot v\u00e9loce\" width=\"255\" height=\"170\" \/><\/a><p class=\"jig-HTMLdescription\">Pouillot v\u00e9loce<br\/>Bodonou<\/p><\/li><li><a href=\"https:\/\/i0.wp.com\/mhyrdin.fr\/blog\/wordpress\/wp-content\/gallery\/2024janvier\/Ria%20du%20Conquet_8607.JPG?ssl=1\"><img loading=\"lazy\" decoding=\"async\" src=\"https:\/\/i0.wp.com\/mhyrdin.fr\/blog\/wordpress\/wp-content\/gallery\/2024janvier\/Ria%20du%20Conquet_8607.JPG?h=170\" alt=\"Ria du Conquet\" width=\"330\" height=\"170\" \/><\/a><p class=\"jig-HTMLdescription\">Ria du Conquet<\/p><\/li><li><a href=\"https:\/\/i0.wp.com\/mhyrdin.fr\/blog\/wordpress\/wp-content\/gallery\/2024janvier\/Ria%20du%20Conquet_8608.JPG?ssl=1\"><img loading=\"lazy\" decoding=\"async\" src=\"https:\/\/i0.wp.com\/mhyrdin.fr\/blog\/wordpress\/wp-content\/gallery\/2024janvier\/Ria%20du%20Conquet_8608.JPG?h=170\" alt=\"Ria du Conquet\" width=\"326\" height=\"170\" \/><\/a><p class=\"jig-HTMLdescription\">Ria du Conquet<\/p><\/li><li><a href=\"https:\/\/i0.wp.com\/mhyrdin.fr\/blog\/wordpress\/wp-content\/gallery\/2024janvier\/Rose_0361.JPG?ssl=1\" title=\"Rose_0361\"><img loading=\"lazy\" decoding=\"async\" src=\"https:\/\/i0.wp.com\/mhyrdin.fr\/blog\/wordpress\/wp-content\/gallery\/2024janvier\/Rose_0361.JPG?h=170\" alt=\"Rose\" width=\"113\" height=\"170\" \/><\/a><p class=\"jig-HTMLdescription\">Rose<br\/>Rose_0361<\/p><\/li><li><a href=\"https:\/\/i0.wp.com\/mhyrdin.fr\/blog\/wordpress\/wp-content\/gallery\/2024janvier\/Tournepierre%20%C3%A0%20collier_8656.JPG?ssl=1\"><img loading=\"lazy\" decoding=\"async\" src=\"https:\/\/i0.wp.com\/mhyrdin.fr\/blog\/wordpress\/wp-content\/gallery\/2024janvier\/Tournepierre%20%C3%A0%20collier_8656.JPG?h=170\" alt=\"Tournepierre \u00e0 collier\" width=\"255\" height=\"170\" \/><\/a><p class=\"jig-HTMLdescription\">Tournepierre \u00e0 collier<\/p><\/li><li><a href=\"https:\/\/i0.wp.com\/mhyrdin.fr\/blog\/wordpress\/wp-content\/gallery\/2024janvier\/Tram%C3%A8te%20rougissant_8751.JPG?ssl=1\"><img loading=\"lazy\" decoding=\"async\" src=\"https:\/\/i0.wp.com\/mhyrdin.fr\/blog\/wordpress\/wp-content\/gallery\/2024janvier\/Tram%C3%A8te%20rougissant_8751.JPG?h=170\" alt=\"Tram\u00e8te rougissant\" width=\"255\" height=\"170\" \/><\/a><p class=\"jig-HTMLdescription\">Tram\u00e8te rougissant<\/p><\/li><\/ul><\/noscript><\/div><div id=\"jig1-developerLink\" class=\"jig-developerLink\"><a href=\"https:\/\/justifiedgrid.com\/\" target=\"_blank\" title=\"Justified Image Grid - Premium WordPress Gallery\">powered by Justified Image Grid<\/a><\/div>\n<h3>Related Images:<\/h3>","protected":false},"excerpt":{"rendered":"<p>Related Images:<\/p>\n","protected":false},"author":4,"featured_media":0,"parent":26275,"menu_order":0,"comment_status":"closed","ping_status":"closed","template":"template-fullwidth.php","meta":{"ngg_post_thumbnail":0,"jetpack_post_was_ever_published":false,"footnotes":"","_links_to":"","_links_to_target":""},"class_list":["post-26281","page","type-page","status-publish","hentry"],"jetpack_shortlink":"https:\/\/wp.me\/P9lSZN-6PT","jetpack_sharing_enabled":true,"_links":{"self":[{"href":"https:\/\/mhyrdin.fr\/blog\/wp-json\/wp\/v2\/pages\/26281","targetHints":{"allow":["GET"]}}],"collection":[{"href":"https:\/\/mhyrdin.fr\/blog\/wp-json\/wp\/v2\/pages"}],"about":[{"href":"https:\/\/mhyrdin.fr\/blog\/wp-json\/wp\/v2\/types\/page"}],"author":[{"embeddable":true,"href":"https:\/\/mhyrdin.fr\/blog\/wp-json\/wp\/v2\/users\/4"}],"replies":[{"embeddable":true,"href":"https:\/\/mhyrdin.fr\/blog\/wp-json\/wp\/v2\/comments?post=26281"}],"version-history":[{"count":2,"href":"https:\/\/mhyrdin.fr\/blog\/wp-json\/wp\/v2\/pages\/26281\/revisions"}],"predecessor-version":[{"id":26284,"href":"https:\/\/mhyrdin.fr\/blog\/wp-json\/wp\/v2\/pages\/26281\/revisions\/26284"}],"up":[{"embeddable":true,"href":"https:\/\/mhyrdin.fr\/blog\/wp-json\/wp\/v2\/pages\/26275"}],"wp:attachment":[{"href":"https:\/\/mhyrdin.fr\/blog\/wp-json\/wp\/v2\/media?parent=26281"}],"curies":[{"name":"wp","href":"https:\/\/api.w.org\/{rel}","templated":true}]}}