{"id":25967,"date":"2023-08-20T22:55:02","date_gmt":"2023-08-20T20:55:02","guid":{"rendered":"https:\/\/mhyrdin.fr\/blog\/2023-2\/aout-2023\/fin-de-sejour-a-gruissan\/"},"modified":"2023-08-21T00:22:04","modified_gmt":"2023-08-20T22:22:04","slug":"fin-de-sejour-a-gruissan","status":"publish","type":"page","link":"https:\/\/mhyrdin.fr\/blog\/2023-2\/aout-2023\/fin-de-sejour-a-gruissan\/","title":{"rendered":"Entre le 15 et 20 ao\u00fbt"},"content":{"rendered":"<div id=\"jig1\" class=\"justified-image-grid jig-b19d3e95efeb631bc8184187616481d1 jig-preset-global jig-source-nextgen\"><div class=\"jig-clearfix\"><\/div><noscript id=\"jig1-html\" class=\"justified-image-grid-html\" data-lazy-src=\"skiplazyload\" data-src=\"skipunveillazyload\"><ul><li><a href=\"https:\/\/i0.wp.com\/mhyrdin.fr\/blog\/wordpress\/wp-content\/gallery\/finsejourgruissan2023\/FireWorks-La%20Nouvelle_4356.JPG?ssl=1\"><img loading=\"lazy\" decoding=\"async\" src=\"https:\/\/i0.wp.com\/mhyrdin.fr\/blog\/wordpress\/wp-content\/gallery\/finsejourgruissan2023\/FireWorks-La%20Nouvelle_4356.JPG?h=170\" alt=\"Feu d&#039;artifice - Port La Nouvelle\" width=\"255\" height=\"170\" \/><\/a><p class=\"jig-HTMLdescription\">Feu d'artifice - Port La Nouvelle<\/p><\/li><li><a href=\"https:\/\/i0.wp.com\/mhyrdin.fr\/blog\/wordpress\/wp-content\/gallery\/finsejourgruissan2023\/FireWorks-La%20Nouvelle_4362.JPG?ssl=1\"><img loading=\"lazy\" decoding=\"async\" src=\"https:\/\/i0.wp.com\/mhyrdin.fr\/blog\/wordpress\/wp-content\/gallery\/finsejourgruissan2023\/FireWorks-La%20Nouvelle_4362.JPG?h=170\" alt=\"Feu d&#039;artifice - Port La Nouvelle\" width=\"255\" height=\"170\" \/><\/a><p class=\"jig-HTMLdescription\">Feu d'artifice - Port La Nouvelle<\/p><\/li><li><a href=\"https:\/\/i0.wp.com\/mhyrdin.fr\/blog\/wordpress\/wp-content\/gallery\/finsejourgruissan2023\/Lac%20de%20Vezoles_4460.JPG?ssl=1\"><img loading=\"lazy\" decoding=\"async\" src=\"https:\/\/i0.wp.com\/mhyrdin.fr\/blog\/wordpress\/wp-content\/gallery\/finsejourgruissan2023\/Lac%20de%20Vezoles_4460.JPG?h=170\" alt=\"Lac de Vezoles\" width=\"255\" height=\"170\" \/><\/a><p class=\"jig-HTMLdescription\">Lac de Vezoles<\/p><\/li><li><a href=\"https:\/\/i0.wp.com\/mhyrdin.fr\/blog\/wordpress\/wp-content\/gallery\/finsejourgruissan2023\/Lac%20de%20Vezoles_4473.JPG?ssl=1\"><img loading=\"lazy\" decoding=\"async\" src=\"https:\/\/i0.wp.com\/mhyrdin.fr\/blog\/wordpress\/wp-content\/gallery\/finsejourgruissan2023\/Lac%20de%20Vezoles_4473.JPG?h=170\" alt=\"Lac de Vezoles\" width=\"305\" height=\"170\" \/><\/a><p class=\"jig-HTMLdescription\">Lac de Vezoles<\/p><\/li><li><a href=\"https:\/\/i0.wp.com\/mhyrdin.fr\/blog\/wordpress\/wp-content\/gallery\/finsejourgruissan2023\/Saut%20de%20Vezoles_4476.JPG?ssl=1\"><img loading=\"lazy\" decoding=\"async\" src=\"https:\/\/i0.wp.com\/mhyrdin.fr\/blog\/wordpress\/wp-content\/gallery\/finsejourgruissan2023\/Saut%20de%20Vezoles_4476.JPG?h=170\" alt=\"Saut de Vezoles\" width=\"113\" height=\"170\" \/><\/a><p class=\"jig-HTMLdescription\">Saut de Vezoles<\/p><\/li><li><a href=\"https:\/\/i0.wp.com\/mhyrdin.fr\/blog\/wordpress\/wp-content\/gallery\/finsejourgruissan2023\/Lac%20de%20Vezoles%20-%20Ruines_4559.JPG?ssl=1\"><img loading=\"lazy\" decoding=\"async\" src=\"https:\/\/i0.wp.com\/mhyrdin.fr\/blog\/wordpress\/wp-content\/gallery\/finsejourgruissan2023\/Lac%20de%20Vezoles%20-%20Ruines_4559.JPG?h=170\" alt=\"Lac de Vezoles - Ruines\" width=\"113\" height=\"170\" \/><\/a><p class=\"jig-HTMLdescription\">Lac de Vezoles - Ruines<\/p><\/li><li><a href=\"https:\/\/i0.wp.com\/mhyrdin.fr\/blog\/wordpress\/wp-content\/gallery\/finsejourgruissan2023\/Bruy%C3%A8res%20Erica%20et%20Calune_4466.JPG?ssl=1\"><img loading=\"lazy\" decoding=\"async\" src=\"https:\/\/i0.wp.com\/mhyrdin.fr\/blog\/wordpress\/wp-content\/gallery\/finsejourgruissan2023\/Bruy%C3%A8res%20Erica%20et%20Calune_4466.JPG?h=170\" alt=\"Bruy\u00e8res Erica et Calune\" width=\"255\" height=\"170\" \/><\/a><p class=\"jig-HTMLdescription\">Bruy\u00e8res Erica et Calune<\/p><\/li><li><a href=\"https:\/\/i0.wp.com\/mhyrdin.fr\/blog\/wordpress\/wp-content\/gallery\/finsejourgruissan2023\/Bruy%C3%A8re%20-%20Erica_4561.JPG?ssl=1\"><img loading=\"lazy\" decoding=\"async\" src=\"https:\/\/i0.wp.com\/mhyrdin.fr\/blog\/wordpress\/wp-content\/gallery\/finsejourgruissan2023\/Bruy%C3%A8re%20-%20Erica_4561.JPG?h=170\" alt=\"Bruy\u00e8re - Erica\" width=\"255\" height=\"170\" \/><\/a><p class=\"jig-HTMLdescription\">Bruy\u00e8re - Erica<\/p><\/li><li><a href=\"https:\/\/i0.wp.com\/mhyrdin.fr\/blog\/wordpress\/wp-content\/gallery\/finsejourgruissan2023\/Bruy%C3%A8re%20-%20Calune%20blanche_4468.JPG?ssl=1\"><img loading=\"lazy\" decoding=\"async\" src=\"https:\/\/i0.wp.com\/mhyrdin.fr\/blog\/wordpress\/wp-content\/gallery\/finsejourgruissan2023\/Bruy%C3%A8re%20-%20Calune%20blanche_4468.JPG?h=170\" alt=\"Calune blanche\" width=\"255\" height=\"170\" \/><\/a><p class=\"jig-HTMLdescription\">Calune blanche<\/p><\/li><li><a href=\"https:\/\/i0.wp.com\/mhyrdin.fr\/blog\/wordpress\/wp-content\/gallery\/finsejourgruissan2023\/Chardon%20laineux_4471.JPG?ssl=1\"><img loading=\"lazy\" decoding=\"async\" src=\"https:\/\/i0.wp.com\/mhyrdin.fr\/blog\/wordpress\/wp-content\/gallery\/finsejourgruissan2023\/Chardon%20laineux_4471.JPG?h=170\" alt=\"Chardon laineux\" width=\"255\" height=\"170\" \/><\/a><p class=\"jig-HTMLdescription\">Chardon laineux<\/p><\/li><li><a href=\"https:\/\/i0.wp.com\/mhyrdin.fr\/blog\/wordpress\/wp-content\/gallery\/finsejourgruissan2023\/Pens%C3%A9e%20des%20Pyr%C3%A9n%C3%A9es_4556.JPG?ssl=1\"><img loading=\"lazy\" decoding=\"async\" src=\"https:\/\/i0.wp.com\/mhyrdin.fr\/blog\/wordpress\/wp-content\/gallery\/finsejourgruissan2023\/Pens%C3%A9e%20des%20Pyr%C3%A9n%C3%A9es_4556.JPG?h=170\" alt=\"Pens\u00e9e des Pyr\u00e9n\u00e9es\" width=\"255\" height=\"170\" \/><\/a><p class=\"jig-HTMLdescription\">Pens\u00e9e des Pyr\u00e9n\u00e9es<\/p><\/li><li><a href=\"https:\/\/i0.wp.com\/mhyrdin.fr\/blog\/wordpress\/wp-content\/gallery\/finsejourgruissan2023\/Pens%C3%A9e%20sauvage_4558.JPG?ssl=1\"><img loading=\"lazy\" decoding=\"async\" src=\"https:\/\/i0.wp.com\/mhyrdin.fr\/blog\/wordpress\/wp-content\/gallery\/finsejourgruissan2023\/Pens%C3%A9e%20sauvage_4558.JPG?h=170\" alt=\"Pens\u00e9e sauvage\" width=\"255\" height=\"170\" \/><\/a><p class=\"jig-HTMLdescription\">Pens\u00e9e sauvage<\/p><\/li><li><a href=\"https:\/\/i0.wp.com\/mhyrdin.fr\/blog\/wordpress\/wp-content\/gallery\/finsejourgruissan2023\/Ammophila%20sabulosa_4520.JPG?ssl=1\"><img loading=\"lazy\" decoding=\"async\" src=\"https:\/\/i0.wp.com\/mhyrdin.fr\/blog\/wordpress\/wp-content\/gallery\/finsejourgruissan2023\/Ammophila%20sabulosa_4520.JPG?h=170\" alt=\"Ammophila sabulosa\" width=\"255\" height=\"170\" \/><\/a><p class=\"jig-HTMLdescription\">Ammophila sabulosa<\/p><\/li><li><a href=\"https:\/\/i0.wp.com\/mhyrdin.fr\/blog\/wordpress\/wp-content\/gallery\/finsejourgruissan2023\/Milesia%20crabroniformis_4497.JPG?ssl=1\"><img loading=\"lazy\" decoding=\"async\" src=\"https:\/\/i0.wp.com\/mhyrdin.fr\/blog\/wordpress\/wp-content\/gallery\/finsejourgruissan2023\/Milesia%20crabroniformis_4497.JPG?h=170\" alt=\"Milesia crabroniformis\" width=\"255\" height=\"170\" \/><\/a><p class=\"jig-HTMLdescription\">Milesia crabroniformis<\/p><\/li><li><a href=\"https:\/\/i0.wp.com\/mhyrdin.fr\/blog\/wordpress\/wp-content\/gallery\/finsejourgruissan2023\/Milesia%20crabroniformis_4501.JPG?ssl=1\"><img loading=\"lazy\" decoding=\"async\" src=\"https:\/\/i0.wp.com\/mhyrdin.fr\/blog\/wordpress\/wp-content\/gallery\/finsejourgruissan2023\/Milesia%20crabroniformis_4501.JPG?h=170\" alt=\"Milesia crabroniformis\" width=\"113\" height=\"170\" \/><\/a><p class=\"jig-HTMLdescription\">Milesia crabroniformis<\/p><\/li><li><a href=\"https:\/\/i0.wp.com\/mhyrdin.fr\/blog\/wordpress\/wp-content\/gallery\/finsejourgruissan2023\/Azur%C3%A9%20de%20la%20Luzerne_4565.JPG?ssl=1\"><img loading=\"lazy\" decoding=\"async\" src=\"https:\/\/i0.wp.com\/mhyrdin.fr\/blog\/wordpress\/wp-content\/gallery\/finsejourgruissan2023\/Azur%C3%A9%20de%20la%20Luzerne_4565.JPG?h=170\" alt=\"Azur\u00e9 de la Luzerne\" width=\"255\" height=\"170\" \/><\/a><p class=\"jig-HTMLdescription\">Azur\u00e9 de la Luzerne<\/p><\/li><li><a href=\"https:\/\/i0.wp.com\/mhyrdin.fr\/blog\/wordpress\/wp-content\/gallery\/finsejourgruissan2023\/%C3%89caille%20chin%C3%A9e_4485.JPG?ssl=1\"><img loading=\"lazy\" decoding=\"async\" src=\"https:\/\/i0.wp.com\/mhyrdin.fr\/blog\/wordpress\/wp-content\/gallery\/finsejourgruissan2023\/%C3%89caille%20chin%C3%A9e_4485.JPG?h=170\" alt=\"\u00c9caille chin\u00e9e\" width=\"255\" height=\"170\" \/><\/a><p class=\"jig-HTMLdescription\">\u00c9caille chin\u00e9e<\/p><\/li><li><a href=\"https:\/\/i0.wp.com\/mhyrdin.fr\/blog\/wordpress\/wp-content\/gallery\/finsejourgruissan2023\/Myrtil_4477.JPG?ssl=1\" title=\"Myrtil_4477\"><img loading=\"lazy\" decoding=\"async\" src=\"https:\/\/i0.wp.com\/mhyrdin.fr\/blog\/wordpress\/wp-content\/gallery\/finsejourgruissan2023\/Myrtil_4477.JPG?h=170\" alt=\"Myrtil\" width=\"113\" height=\"170\" \/><\/a><p class=\"jig-HTMLdescription\">Myrtil<br\/>Myrtil_4477<\/p><\/li><li><a href=\"https:\/\/i0.wp.com\/mhyrdin.fr\/blog\/wordpress\/wp-content\/gallery\/finsejourgruissan2023\/Myrtil_4518.JPG?ssl=1\" title=\"Myrtil_4518\"><img loading=\"lazy\" decoding=\"async\" src=\"https:\/\/i0.wp.com\/mhyrdin.fr\/blog\/wordpress\/wp-content\/gallery\/finsejourgruissan2023\/Myrtil_4518.JPG?h=170\" alt=\"Myrtil\" width=\"255\" height=\"170\" \/><\/a><p class=\"jig-HTMLdescription\">Myrtil<br\/>Myrtil_4518<\/p><\/li><li><a href=\"https:\/\/i0.wp.com\/mhyrdin.fr\/blog\/wordpress\/wp-content\/gallery\/finsejourgruissan2023\/Amaryllis_4483.JPG?ssl=1\" title=\"Amaryllis_4483\"><img loading=\"lazy\" decoding=\"async\" src=\"https:\/\/i0.wp.com\/mhyrdin.fr\/blog\/wordpress\/wp-content\/gallery\/finsejourgruissan2023\/Amaryllis_4483.JPG?h=170\" alt=\"Amaryllis\" width=\"255\" height=\"170\" \/><\/a><p class=\"jig-HTMLdescription\">Amaryllis<br\/>Amaryllis_4483<\/p><\/li><li><a href=\"https:\/\/i0.wp.com\/mhyrdin.fr\/blog\/wordpress\/wp-content\/gallery\/finsejourgruissan2023\/Tabac%20d%20Espagne_4505.JPG?ssl=1\"><img loading=\"lazy\" decoding=\"async\" src=\"https:\/\/i0.wp.com\/mhyrdin.fr\/blog\/wordpress\/wp-content\/gallery\/finsejourgruissan2023\/Tabac%20d%20Espagne_4505.JPG?h=170\" alt=\"Tabac d Espagne\" width=\"255\" height=\"170\" \/><\/a><p class=\"jig-HTMLdescription\">Tabac d Espagne<\/p><\/li><li><a href=\"https:\/\/i0.wp.com\/mhyrdin.fr\/blog\/wordpress\/wp-content\/gallery\/finsejourgruissan2023\/Sylvandre_4509.JPG?ssl=1\" title=\"Sylvandre_4509\"><img loading=\"lazy\" decoding=\"async\" src=\"https:\/\/i0.wp.com\/mhyrdin.fr\/blog\/wordpress\/wp-content\/gallery\/finsejourgruissan2023\/Sylvandre_4509.JPG?h=170\" alt=\"Sylvandre\" width=\"255\" height=\"170\" \/><\/a><p class=\"jig-HTMLdescription\">Sylvandre<br\/>Sylvandre_4509<\/p><\/li><li><a href=\"https:\/\/i0.wp.com\/mhyrdin.fr\/blog\/wordpress\/wp-content\/gallery\/finsejourgruissan2023\/Petit%20Agreste_4522.JPG?ssl=1\"><img loading=\"lazy\" decoding=\"async\" src=\"https:\/\/i0.wp.com\/mhyrdin.fr\/blog\/wordpress\/wp-content\/gallery\/finsejourgruissan2023\/Petit%20Agreste_4522.JPG?h=170\" alt=\"Petit Agreste\" width=\"255\" height=\"170\" \/><\/a><p class=\"jig-HTMLdescription\">Petit Agreste<\/p><\/li><li><a href=\"https:\/\/i0.wp.com\/mhyrdin.fr\/blog\/wordpress\/wp-content\/gallery\/finsejourgruissan2023\/Petite%20Violette_4530.JPG?ssl=1\"><img loading=\"lazy\" decoding=\"async\" src=\"https:\/\/i0.wp.com\/mhyrdin.fr\/blog\/wordpress\/wp-content\/gallery\/finsejourgruissan2023\/Petite%20Violette_4530.JPG?h=170\" alt=\"Petite Violette\" width=\"255\" height=\"170\" \/><\/a><p class=\"jig-HTMLdescription\">Petite Violette<\/p><\/li><li><a href=\"https:\/\/i0.wp.com\/mhyrdin.fr\/blog\/wordpress\/wp-content\/gallery\/finsejourgruissan2023\/Petit%20Collier%20argent%C3%A9_4547.JPG?ssl=1\"><img loading=\"lazy\" decoding=\"async\" src=\"https:\/\/i0.wp.com\/mhyrdin.fr\/blog\/wordpress\/wp-content\/gallery\/finsejourgruissan2023\/Petit%20Collier%20argent%C3%A9_4547.JPG?h=170\" alt=\"Petit Collier argent\u00e9\" width=\"255\" height=\"170\" \/><\/a><p class=\"jig-HTMLdescription\">Petit Collier argent\u00e9<\/p><\/li><li><a href=\"https:\/\/i0.wp.com\/mhyrdin.fr\/blog\/wordpress\/wp-content\/gallery\/finsejourgruissan2023\/M%C3%A9lit%C3%A9e%20orang%C3%A9e_4609.JPG?ssl=1\"><img loading=\"lazy\" decoding=\"async\" src=\"https:\/\/i0.wp.com\/mhyrdin.fr\/blog\/wordpress\/wp-content\/gallery\/finsejourgruissan2023\/M%C3%A9lit%C3%A9e%20orang%C3%A9e_4609.JPG?h=170\" alt=\"M\u00e9lit\u00e9e orang\u00e9e\" width=\"255\" height=\"170\" \/><\/a><p class=\"jig-HTMLdescription\">M\u00e9lit\u00e9e orang\u00e9e<\/p><\/li><li><a href=\"https:\/\/i0.wp.com\/mhyrdin.fr\/blog\/wordpress\/wp-content\/gallery\/finsejourgruissan2023\/Firework-Chalets_4777.JPG?ssl=1\"><img loading=\"lazy\" decoding=\"async\" src=\"https:\/\/i0.wp.com\/mhyrdin.fr\/blog\/wordpress\/wp-content\/gallery\/finsejourgruissan2023\/Firework-Chalets_4777.JPG?h=170\" alt=\"Feu d&#039;artifice des Chalets\" width=\"113\" height=\"170\" \/><\/a><p class=\"jig-HTMLdescription\">Feu d'artifice des Chalets<\/p><\/li><li><a href=\"https:\/\/i0.wp.com\/mhyrdin.fr\/blog\/wordpress\/wp-content\/gallery\/finsejourgruissan2023\/M%C3%A9lit%C3%A9e%20orang%C3%A9e_4585.JPG?ssl=1\"><img loading=\"lazy\" decoding=\"async\" src=\"https:\/\/i0.wp.com\/mhyrdin.fr\/blog\/wordpress\/wp-content\/gallery\/finsejourgruissan2023\/M%C3%A9lit%C3%A9e%20orang%C3%A9e_4585.JPG?h=170\" alt=\"M\u00e9lit\u00e9e orang\u00e9e\" width=\"255\" height=\"170\" \/><\/a><p class=\"jig-HTMLdescription\">M\u00e9lit\u00e9e orang\u00e9e<\/p><\/li><li><a href=\"https:\/\/i0.wp.com\/mhyrdin.fr\/blog\/wordpress\/wp-content\/gallery\/finsejourgruissan2023\/Petit%20Nacr%C3%A9_4601.JPG?ssl=1\"><img loading=\"lazy\" decoding=\"async\" src=\"https:\/\/i0.wp.com\/mhyrdin.fr\/blog\/wordpress\/wp-content\/gallery\/finsejourgruissan2023\/Petit%20Nacr%C3%A9_4601.JPG?h=170\" alt=\"Petit Nacr\u00e9\" width=\"113\" height=\"170\" \/><\/a><p class=\"jig-HTMLdescription\">Petit Nacr\u00e9<\/p><\/li><li><a href=\"https:\/\/i0.wp.com\/mhyrdin.fr\/blog\/wordpress\/wp-content\/gallery\/finsejourgruissan2023\/Petite%20Violette_4636.JPG?ssl=1\"><img loading=\"lazy\" decoding=\"async\" src=\"https:\/\/i0.wp.com\/mhyrdin.fr\/blog\/wordpress\/wp-content\/gallery\/finsejourgruissan2023\/Petite%20Violette_4636.JPG?h=170\" alt=\"Petite Violette\" width=\"255\" height=\"170\" \/><\/a><p class=\"jig-HTMLdescription\">Petite Violette<\/p><\/li><li><a href=\"https:\/\/i0.wp.com\/mhyrdin.fr\/blog\/wordpress\/wp-content\/gallery\/finsejourgruissan2023\/Orthetrum%20r%C3%A9ticul%C3%A9_4622.JPG?ssl=1\"><img loading=\"lazy\" decoding=\"async\" src=\"https:\/\/i0.wp.com\/mhyrdin.fr\/blog\/wordpress\/wp-content\/gallery\/finsejourgruissan2023\/Orthetrum%20r%C3%A9ticul%C3%A9_4622.JPG?h=170\" alt=\"Orthetrum r\u00e9ticul\u00e9\" width=\"255\" height=\"170\" \/><\/a><p class=\"jig-HTMLdescription\">Orthetrum r\u00e9ticul\u00e9<\/p><\/li><li><a href=\"https:\/\/i0.wp.com\/mhyrdin.fr\/blog\/wordpress\/wp-content\/gallery\/finsejourgruissan2023\/Orthetrum%20r%C3%A9ticul%C3%A9_4653.JPG?ssl=1\"><img loading=\"lazy\" decoding=\"async\" src=\"https:\/\/i0.wp.com\/mhyrdin.fr\/blog\/wordpress\/wp-content\/gallery\/finsejourgruissan2023\/Orthetrum%20r%C3%A9ticul%C3%A9_4653.JPG?h=170\" alt=\"Orthetrum r\u00e9ticul\u00e9\" width=\"255\" height=\"170\" \/><\/a><p class=\"jig-HTMLdescription\">Orthetrum r\u00e9ticul\u00e9<\/p><\/li><li><a href=\"https:\/\/i0.wp.com\/mhyrdin.fr\/blog\/wordpress\/wp-content\/gallery\/finsejourgruissan2023\/Crocothemis%20erythraea_0002.JPG?ssl=1\"><img loading=\"lazy\" decoding=\"async\" src=\"https:\/\/i0.wp.com\/mhyrdin.fr\/blog\/wordpress\/wp-content\/gallery\/finsejourgruissan2023\/Crocothemis%20erythraea_0002.JPG?h=170\" alt=\"Crocothemis erythraea\" width=\"255\" height=\"170\" \/><\/a><p class=\"jig-HTMLdescription\">Crocothemis erythraea<\/p><\/li><li><a href=\"https:\/\/i0.wp.com\/mhyrdin.fr\/blog\/wordpress\/wp-content\/gallery\/finsejourgruissan2023\/B%C3%A9casseau%20minute_4684.JPG?ssl=1\"><img loading=\"lazy\" decoding=\"async\" src=\"https:\/\/i0.wp.com\/mhyrdin.fr\/blog\/wordpress\/wp-content\/gallery\/finsejourgruissan2023\/B%C3%A9casseau%20minute_4684.JPG?h=170\" alt=\"B\u00e9casseau minute\" width=\"255\" height=\"170\" \/><\/a><p class=\"jig-HTMLdescription\">B\u00e9casseau minute<\/p><\/li><li><a href=\"https:\/\/i0.wp.com\/mhyrdin.fr\/blog\/wordpress\/wp-content\/gallery\/finsejourgruissan2023\/B%C3%A9casseau%20variable_4699.JPG?ssl=1\"><img loading=\"lazy\" decoding=\"async\" src=\"https:\/\/i0.wp.com\/mhyrdin.fr\/blog\/wordpress\/wp-content\/gallery\/finsejourgruissan2023\/B%C3%A9casseau%20variable_4699.JPG?h=170\" alt=\"B\u00e9casseau variable\" width=\"255\" height=\"170\" \/><\/a><p class=\"jig-HTMLdescription\">B\u00e9casseau variable<\/p><\/li><li><a href=\"https:\/\/i0.wp.com\/mhyrdin.fr\/blog\/wordpress\/wp-content\/gallery\/finsejourgruissan2023\/%C3%89chasse%20blanche_4717.JPG?ssl=1\"><img loading=\"lazy\" decoding=\"async\" src=\"https:\/\/i0.wp.com\/mhyrdin.fr\/blog\/wordpress\/wp-content\/gallery\/finsejourgruissan2023\/%C3%89chasse%20blanche_4717.JPG?h=170\" alt=\"\u00c9chasse blanche\" width=\"255\" height=\"170\" \/><\/a><p class=\"jig-HTMLdescription\">\u00c9chasse blanche<\/p><\/li><li><a href=\"https:\/\/i0.wp.com\/mhyrdin.fr\/blog\/wordpress\/wp-content\/gallery\/finsejourgruissan2023\/Canthophorus%20melanopterus_4664.JPG?ssl=1\"><img loading=\"lazy\" decoding=\"async\" src=\"https:\/\/i0.wp.com\/mhyrdin.fr\/blog\/wordpress\/wp-content\/gallery\/finsejourgruissan2023\/Canthophorus%20melanopterus_4664.JPG?h=170\" alt=\"Canthophorus melanopterus\" width=\"170\" height=\"170\" \/><\/a><p class=\"jig-HTMLdescription\">Canthophorus melanopterus<\/p><\/li><li><a href=\"https:\/\/i0.wp.com\/mhyrdin.fr\/blog\/wordpress\/wp-content\/gallery\/finsejourgruissan2023\/L%C3%A9zard_4561.JPG?ssl=1\"><img loading=\"lazy\" decoding=\"async\" src=\"https:\/\/i0.wp.com\/mhyrdin.fr\/blog\/wordpress\/wp-content\/gallery\/finsejourgruissan2023\/L%C3%A9zard_4561.JPG?h=170\" alt=\"L\u00e9zard\" width=\"113\" height=\"170\" \/><\/a><p class=\"jig-HTMLdescription\">L\u00e9zard<\/p><\/li><li><a href=\"https:\/\/i0.wp.com\/mhyrdin.fr\/blog\/wordpress\/wp-content\/gallery\/finsejourgruissan2023\/Firework-Chalets_4752.JPG?ssl=1\"><img loading=\"lazy\" decoding=\"async\" src=\"https:\/\/i0.wp.com\/mhyrdin.fr\/blog\/wordpress\/wp-content\/gallery\/finsejourgruissan2023\/Firework-Chalets_4752.JPG?h=170\" alt=\"Feu d&#039;artifice des Chalets\" width=\"255\" height=\"170\" \/><\/a><p class=\"jig-HTMLdescription\">Feu d'artifice des Chalets<\/p><\/li><li><a href=\"https:\/\/i0.wp.com\/mhyrdin.fr\/blog\/wordpress\/wp-content\/gallery\/finsejourgruissan2023\/Firework-Chalets_4756.JPG?ssl=1\"><img loading=\"lazy\" decoding=\"async\" src=\"https:\/\/i0.wp.com\/mhyrdin.fr\/blog\/wordpress\/wp-content\/gallery\/finsejourgruissan2023\/Firework-Chalets_4756.JPG?h=170\" alt=\"Feu d&#039;artifice des Chalets\" width=\"113\" height=\"170\" \/><\/a><p class=\"jig-HTMLdescription\">Feu d'artifice des Chalets<\/p><\/li><li><a href=\"https:\/\/i0.wp.com\/mhyrdin.fr\/blog\/wordpress\/wp-content\/gallery\/finsejourgruissan2023\/Firework-Chalets_4771.JPG?ssl=1\"><img loading=\"lazy\" decoding=\"async\" src=\"https:\/\/i0.wp.com\/mhyrdin.fr\/blog\/wordpress\/wp-content\/gallery\/finsejourgruissan2023\/Firework-Chalets_4771.JPG?h=170\" alt=\"Feu d&#039;artifice des Chalets\" width=\"113\" height=\"170\" \/><\/a><p class=\"jig-HTMLdescription\">Feu d'artifice des Chalets<\/p><\/li><li><a href=\"https:\/\/i0.wp.com\/mhyrdin.fr\/blog\/wordpress\/wp-content\/gallery\/finsejourgruissan2023\/Firework-Chalets_4795.JPG?ssl=1\"><img loading=\"lazy\" decoding=\"async\" src=\"https:\/\/i0.wp.com\/mhyrdin.fr\/blog\/wordpress\/wp-content\/gallery\/finsejourgruissan2023\/Firework-Chalets_4795.JPG?h=170\" alt=\"Feu d&#039;artifice des Chalets\" width=\"255\" height=\"170\" \/><\/a><p class=\"jig-HTMLdescription\">Feu d'artifice des Chalets<\/p><\/li><li><a href=\"https:\/\/i0.wp.com\/mhyrdin.fr\/blog\/wordpress\/wp-content\/gallery\/finsejourgruissan2023\/Firework-Chalets_4796.JPG?ssl=1\"><img loading=\"lazy\" decoding=\"async\" src=\"https:\/\/i0.wp.com\/mhyrdin.fr\/blog\/wordpress\/wp-content\/gallery\/finsejourgruissan2023\/Firework-Chalets_4796.JPG?h=170\" alt=\"Feu d&#039;artifice des Chalets\" width=\"113\" height=\"170\" \/><\/a><p class=\"jig-HTMLdescription\">Feu d'artifice des Chalets<\/p><\/li><li><a href=\"https:\/\/i0.wp.com\/mhyrdin.fr\/blog\/wordpress\/wp-content\/gallery\/finsejourgruissan2023\/Firework-Chalets_4789.JPG?ssl=1\"><img loading=\"lazy\" decoding=\"async\" src=\"https:\/\/i0.wp.com\/mhyrdin.fr\/blog\/wordpress\/wp-content\/gallery\/finsejourgruissan2023\/Firework-Chalets_4789.JPG?h=170\" alt=\"Feu d&#039;artifice des Chalets\" width=\"113\" height=\"170\" \/><\/a><p class=\"jig-HTMLdescription\">Feu d'artifice des Chalets<\/p><\/li><\/ul><\/noscript><\/div><div id=\"jig1-developerLink\" class=\"jig-developerLink\"><a href=\"https:\/\/justifiedgrid.com\/\" target=\"_blank\" title=\"Justified Image Grid - Premium WordPress Gallery\">powered by Justified Image Grid<\/a><\/div>\n<h3>Related Images:<\/h3>","protected":false},"excerpt":{"rendered":"<p>Related Images:<\/p>\n","protected":false},"author":4,"featured_media":0,"parent":25829,"menu_order":0,"comment_status":"closed","ping_status":"closed","template":"","meta":{"ngg_post_thumbnail":0,"jetpack_post_was_ever_published":false,"footnotes":"","_links_to":"","_links_to_target":""},"class_list":["post-25967","page","type-page","status-publish","hentry"],"jetpack_shortlink":"https:\/\/wp.me\/P9lSZN-6KP","jetpack_sharing_enabled":true,"_links":{"self":[{"href":"https:\/\/mhyrdin.fr\/blog\/wp-json\/wp\/v2\/pages\/25967","targetHints":{"allow":["GET"]}}],"collection":[{"href":"https:\/\/mhyrdin.fr\/blog\/wp-json\/wp\/v2\/pages"}],"about":[{"href":"https:\/\/mhyrdin.fr\/blog\/wp-json\/wp\/v2\/types\/page"}],"author":[{"embeddable":true,"href":"https:\/\/mhyrdin.fr\/blog\/wp-json\/wp\/v2\/users\/4"}],"replies":[{"embeddable":true,"href":"https:\/\/mhyrdin.fr\/blog\/wp-json\/wp\/v2\/comments?post=25967"}],"version-history":[{"count":3,"href":"https:\/\/mhyrdin.fr\/blog\/wp-json\/wp\/v2\/pages\/25967\/revisions"}],"predecessor-version":[{"id":25980,"href":"https:\/\/mhyrdin.fr\/blog\/wp-json\/wp\/v2\/pages\/25967\/revisions\/25980"}],"up":[{"embeddable":true,"href":"https:\/\/mhyrdin.fr\/blog\/wp-json\/wp\/v2\/pages\/25829"}],"wp:attachment":[{"href":"https:\/\/mhyrdin.fr\/blog\/wp-json\/wp\/v2\/media?parent=25967"}],"curies":[{"name":"wp","href":"https:\/\/api.w.org\/{rel}","templated":true}]}}