{"id":25035,"date":"2022-12-31T08:15:42","date_gmt":"2022-12-31T07:15:42","guid":{"rendered":"https:\/\/mhyrdin.fr\/blog\/?page_id=25035"},"modified":"2023-07-05T08:47:57","modified_gmt":"2023-07-05T06:47:57","slug":"2023-2","status":"publish","type":"page","link":"https:\/\/mhyrdin.fr\/blog\/2023-2\/","title":{"rendered":"2023"},"content":{"rendered":"<div style=\"width: 2000px;\" class=\"wp-video\"><video class=\"wp-video-shortcode\" id=\"video-25035-1\" width=\"2000\" height=\"616\" preload=\"metadata\" controls=\"controls\"><source type=\"video\/mp4\" src=\"https:\/\/mhyrdin.fr\/blog\/wordpress\/wp-content\/uploads\/2023\/01\/Brest_0238.mp4?_=1\" \/><a href=\"https:\/\/mhyrdin.fr\/blog\/wordpress\/wp-content\/uploads\/2023\/01\/Brest_0238.mp4\">https:\/\/mhyrdin.fr\/blog\/wordpress\/wp-content\/uploads\/2023\/01\/Brest_0238.mp4<\/a><\/video><\/div>\n<p>&nbsp;<\/p>\n<p>Apr\u00e8s avoir d\u00e9marr\u00e9 l&rsquo;ann\u00e9e avec les sir\u00e8nes de minuit&#8230; mois par mois, les images :<\/p>\n<div id=\"jig1\" class=\"justified-image-grid jig-ca59aac3e241f3b4665217c02c8905d0 jig-preset-global jig-source-nextgen\"><div class=\"jig-clearfix\"><\/div><noscript id=\"jig1-html\" class=\"justified-image-grid-html\" data-lazy-src=\"skiplazyload\" data-src=\"skipunveillazyload\"><ul><li><a href=\"https:\/\/mhyrdin.fr\/blog\/2023-2\/janvier-2023-1\/\" title=\"2&nbsp;Galleries\"><img loading=\"lazy\" decoding=\"async\" src=\"https:\/\/i0.wp.com\/mhyrdin.fr\/blog\/wordpress\/wp-content\/gallery\/2023-janv2\/Brume_0187.JPG?h=170\" alt=\"janvier 2023\" width=\"255\" height=\"170\" \/><\/a><p class=\"jig-HTMLdescription\">janvier 2023<br\/>2&nbsp;Galleries<\/p><\/li><li><a href=\"https:\/\/mhyrdin.fr\/blog\/2023-2\/fevrier-2023\/\" title=\"18 Photos\"><img loading=\"lazy\" decoding=\"async\" src=\"https:\/\/i0.wp.com\/mhyrdin.fr\/blog\/wordpress\/wp-content\/gallery\/2023-fevrier\/Crocus%20et%20Syrphe_0218.JPG?h=170\" alt=\"F\u00e9vrier 2023\" width=\"255\" height=\"170\" \/><\/a><p class=\"jig-HTMLdescription\">F\u00e9vrier 2023<br\/>18 Photos<\/p><\/li><li><a href=\"https:\/\/mhyrdin.fr\/blog\/2023-2\/mars-2023\/\" title=\"20 Photos\"><img loading=\"lazy\" decoding=\"async\" src=\"https:\/\/i0.wp.com\/mhyrdin.fr\/blog\/wordpress\/wp-content\/gallery\/2023-mars\/Go%C3%A9land%20cendr%C3%A9_5872.JPG?h=170\" alt=\"Mars 2023\" width=\"255\" height=\"170\" \/><\/a><p class=\"jig-HTMLdescription\">Mars 2023<br\/>20 Photos<\/p><\/li><li><a href=\"https:\/\/mhyrdin.fr\/blog\/2023-2\/avril-2023\/\" title=\"32 Photos\"><img loading=\"lazy\" decoding=\"async\" src=\"https:\/\/i0.wp.com\/mhyrdin.fr\/blog\/wordpress\/wp-content\/gallery\/2023-avril\/Berck_0693.JPG?h=170\" alt=\"Avril 2023\" width=\"237\" height=\"170\" \/><\/a><p class=\"jig-HTMLdescription\">Avril 2023<br\/>32 Photos<\/p><\/li><li><a href=\"https:\/\/mhyrdin.fr\/blog\/2023-2\/mai-2023\/\" title=\"4&nbsp;Galleries\"><img loading=\"lazy\" decoding=\"async\" src=\"https:\/\/i0.wp.com\/mhyrdin.fr\/blog\/wordpress\/wp-content\/gallery\/2023-mai-espagne-cantabrie\/Suances_1291.JPG?h=170\" alt=\"Mai 2023\" width=\"255\" height=\"170\" \/><\/a><p class=\"jig-HTMLdescription\">Mai 2023<br\/>4&nbsp;Galleries<\/p><\/li><li><a href=\"https:\/\/mhyrdin.fr\/blog\/2023-2\/juin-2023\/\" title=\"2&nbsp;Galleries\"><img loading=\"lazy\" decoding=\"async\" src=\"https:\/\/i0.wp.com\/mhyrdin.fr\/blog\/wordpress\/wp-content\/gallery\/2023-juinSud\/Gravelot%20%C3%A0%20collier%20interrompu_6911.JPG?h=170\" alt=\"juin2023\" width=\"255\" height=\"170\" \/><\/a><p class=\"jig-HTMLdescription\">juin2023<br\/>2&nbsp;Galleries<\/p><\/li><li><a href=\"https:\/\/mhyrdin.fr\/blog\/2023-2\/juillet-a-gruissan\/\" title=\"36 Photos\"><img loading=\"lazy\" decoding=\"async\" src=\"https:\/\/i0.wp.com\/mhyrdin.fr\/blog\/wordpress\/wp-content\/gallery\/2023-juillet\/Salins%20de%20Gruissan_3657.JPG?h=170\" alt=\"Juillet 2023\" width=\"291\" height=\"170\" \/><\/a><p class=\"jig-HTMLdescription\">Juillet 2023<br\/>36 Photos<\/p><\/li><li><a href=\"https:\/\/mhyrdin.fr\/blog\/2023-2\/aout-2023\/\" title=\"5&nbsp;Galleries\"><img loading=\"lazy\" decoding=\"async\" src=\"https:\/\/i0.wp.com\/mhyrdin.fr\/blog\/wordpress\/wp-content\/gallery\/2023-miaout\/St%20Martin_4010.JPG?h=170\" alt=\"Ao\u00fbt 2023\" width=\"255\" height=\"170\" \/><\/a><p class=\"jig-HTMLdescription\">Ao\u00fbt 2023<br\/>5&nbsp;Galleries<\/p><\/li><li><a href=\"https:\/\/mhyrdin.fr\/blog\/2023-2\/septembre-2023\/\" title=\"2&nbsp;Galleries\"><img loading=\"lazy\" decoding=\"async\" src=\"https:\/\/i0.wp.com\/mhyrdin.fr\/blog\/wordpress\/wp-content\/gallery\/2023retour-en-bretagne\/Guerzit_6545.JPG?h=170\" alt=\"Septembre 2023\" width=\"274\" height=\"170\" \/><\/a><p class=\"jig-HTMLdescription\">Septembre 2023<br\/>2&nbsp;Galleries<\/p><\/li><li><a href=\"https:\/\/mhyrdin.fr\/blog\/2023-2\/images-doctobre\/\" title=\"23 Photos\"><img loading=\"lazy\" decoding=\"async\" src=\"https:\/\/i0.wp.com\/mhyrdin.fr\/blog\/wordpress\/wp-content\/gallery\/2023imagesoctobre\/Go%C3%A9lands_6996.JPG?h=170\" alt=\"Images d&#039;octobre\" width=\"255\" height=\"170\" \/><\/a><p class=\"jig-HTMLdescription\">Images d'octobre<br\/>23 Photos<\/p><\/li><li><a href=\"https:\/\/mhyrdin.fr\/blog\/2023-2\/novembre\/\" title=\"29 Photos\"><img loading=\"lazy\" decoding=\"async\" src=\"https:\/\/i0.wp.com\/mhyrdin.fr\/blog\/wordpress\/wp-content\/gallery\/2023novembre\/Porspoder_7895.JPG?h=170\" alt=\"Novembre\" width=\"309\" height=\"170\" \/><\/a><p class=\"jig-HTMLdescription\">Novembre<br\/>29 Photos<\/p><\/li><\/ul><\/noscript><\/div><div id=\"jig1-developerLink\" class=\"jig-developerLink\"><a href=\"https:\/\/justifiedgrid.com\/\" target=\"_blank\" title=\"Justified Image Grid - Premium WordPress Gallery\">powered by Justified Image Grid<\/a><\/div>\n<h3>Related Images:<\/h3>","protected":false},"excerpt":{"rendered":"<p>&nbsp; Apr\u00e8s avoir d\u00e9marr\u00e9 l&rsquo;ann\u00e9e avec les sir\u00e8nes de minuit&#8230; mois par mois, les images : Related Images:<\/p>\n","protected":false},"author":4,"featured_media":0,"parent":0,"menu_order":0,"comment_status":"closed","ping_status":"closed","template":"templates\/full-width-page.php","meta":{"ngg_post_thumbnail":0,"jetpack_post_was_ever_published":false,"footnotes":"","_links_to":"","_links_to_target":""},"class_list":["post-25035","page","type-page","status-publish","hentry"],"jetpack_shortlink":"https:\/\/wp.me\/P9lSZN-6vN","jetpack_sharing_enabled":true,"_links":{"self":[{"href":"https:\/\/mhyrdin.fr\/blog\/wp-json\/wp\/v2\/pages\/25035","targetHints":{"allow":["GET"]}}],"collection":[{"href":"https:\/\/mhyrdin.fr\/blog\/wp-json\/wp\/v2\/pages"}],"about":[{"href":"https:\/\/mhyrdin.fr\/blog\/wp-json\/wp\/v2\/types\/page"}],"author":[{"embeddable":true,"href":"https:\/\/mhyrdin.fr\/blog\/wp-json\/wp\/v2\/users\/4"}],"replies":[{"embeddable":true,"href":"https:\/\/mhyrdin.fr\/blog\/wp-json\/wp\/v2\/comments?post=25035"}],"version-history":[{"count":16,"href":"https:\/\/mhyrdin.fr\/blog\/wp-json\/wp\/v2\/pages\/25035\/revisions"}],"predecessor-version":[{"id":25699,"href":"https:\/\/mhyrdin.fr\/blog\/wp-json\/wp\/v2\/pages\/25035\/revisions\/25699"}],"wp:attachment":[{"href":"https:\/\/mhyrdin.fr\/blog\/wp-json\/wp\/v2\/media?parent=25035"}],"curies":[{"name":"wp","href":"https:\/\/api.w.org\/{rel}","templated":true}]}}