{"id":24691,"date":"2022-10-24T16:50:50","date_gmt":"2022-10-24T14:50:50","guid":{"rendered":"https:\/\/mhyrdin.fr\/blog\/2006-2\/2006-mai\/"},"modified":"2023-06-30T15:05:18","modified_gmt":"2023-06-30T13:05:18","slug":"2006-mai","status":"publish","type":"page","link":"https:\/\/mhyrdin.fr\/blog\/archives-numeriques\/2006-2\/2006-mai\/","title":{"rendered":"Mai"},"content":{"rendered":"<p>Au menu de ce mois de mai 2006, la d\u00e9couverte du Parc du Marquenterre<br \/>\n<div id=\"jig1\" class=\"justified-image-grid jig-fa3acd75c1959bed3aef460ccb0f115a jig-preset-global jig-source-nextgen\"><div class=\"jig-clearfix\"><\/div><noscript id=\"jig1-html\" class=\"justified-image-grid-html\" data-lazy-src=\"skiplazyload\" data-src=\"skipunveillazyload\"><ul><li><a href=\"https:\/\/i0.wp.com\/mhyrdin.fr\/blog\/wordpress\/wp-content\/gallery\/2006-mai\/Garrot%20oeil%20d-or%206768R.jpg?ssl=1\"><img loading=\"lazy\" decoding=\"async\" src=\"https:\/\/i0.wp.com\/mhyrdin.fr\/blog\/wordpress\/wp-content\/gallery\/2006-mai\/Garrot%20oeil%20d-or%206768R.jpg?h=170\" alt=\"Garrot \u00e0 \u0153il d&#039;or\" width=\"252\" height=\"170\" \/><\/a><p class=\"jig-HTMLdescription\">Garrot \u00e0 \u0153il d'or<\/p><\/li><li><a href=\"https:\/\/i0.wp.com\/mhyrdin.fr\/blog\/wordpress\/wp-content\/gallery\/2006-mai\/Avocette%206785R.jpg?ssl=1\"><img loading=\"lazy\" decoding=\"async\" src=\"https:\/\/i0.wp.com\/mhyrdin.fr\/blog\/wordpress\/wp-content\/gallery\/2006-mai\/Avocette%206785R.jpg?h=170\" alt=\"Avocette \u00e9l\u00e9gante\" width=\"255\" height=\"170\" \/><\/a><p class=\"jig-HTMLdescription\">Avocette \u00e9l\u00e9gante<\/p><\/li><li><a href=\"https:\/\/i0.wp.com\/mhyrdin.fr\/blog\/wordpress\/wp-content\/gallery\/2006-mai\/Avocette%206857R.jpg?ssl=1\"><img loading=\"lazy\" decoding=\"async\" src=\"https:\/\/i0.wp.com\/mhyrdin.fr\/blog\/wordpress\/wp-content\/gallery\/2006-mai\/Avocette%206857R.jpg?h=170\" alt=\"Avocette \u00e9l\u00e9gante\" width=\"227\" height=\"170\" \/><\/a><p class=\"jig-HTMLdescription\">Avocette \u00e9l\u00e9gante<\/p><\/li><li><a href=\"https:\/\/i0.wp.com\/mhyrdin.fr\/blog\/wordpress\/wp-content\/gallery\/2006-mai\/Tarier%20patre%200105R.jpg?ssl=1\"><img loading=\"lazy\" decoding=\"async\" src=\"https:\/\/i0.wp.com\/mhyrdin.fr\/blog\/wordpress\/wp-content\/gallery\/2006-mai\/Tarier%20patre%200105R.jpg?h=170\" alt=\"Tarier p\u00e2tre\" width=\"255\" height=\"170\" \/><\/a><p class=\"jig-HTMLdescription\">Tarier p\u00e2tre<\/p><\/li><li><a href=\"https:\/\/i0.wp.com\/mhyrdin.fr\/blog\/wordpress\/wp-content\/gallery\/2006-mai\/Courlis%20corlieu%200130R.jpg?ssl=1\"><img loading=\"lazy\" decoding=\"async\" src=\"https:\/\/i0.wp.com\/mhyrdin.fr\/blog\/wordpress\/wp-content\/gallery\/2006-mai\/Courlis%20corlieu%200130R.jpg?h=170\" alt=\"Courlis corlieu\" width=\"255\" height=\"170\" \/><\/a><p class=\"jig-HTMLdescription\">Courlis corlieu<\/p><\/li><li><a href=\"https:\/\/i0.wp.com\/mhyrdin.fr\/blog\/wordpress\/wp-content\/gallery\/2006-mai\/Courlis%20corlieu%200135R.jpg?ssl=1\"><img loading=\"lazy\" decoding=\"async\" src=\"https:\/\/i0.wp.com\/mhyrdin.fr\/blog\/wordpress\/wp-content\/gallery\/2006-mai\/Courlis%20corlieu%200135R.jpg?h=170\" alt=\"Courlis corlieu\" width=\"255\" height=\"170\" \/><\/a><p class=\"jig-HTMLdescription\">Courlis corlieu<\/p><\/li><li><a href=\"https:\/\/i0.wp.com\/mhyrdin.fr\/blog\/wordpress\/wp-content\/gallery\/2006-mai\/Tadorne%207012R.jPG?ssl=1\"><img loading=\"lazy\" decoding=\"async\" src=\"https:\/\/i0.wp.com\/mhyrdin.fr\/blog\/wordpress\/wp-content\/gallery\/2006-mai\/Tadorne%207012R.jPG?h=170\" alt=\"Tadorne de Belon\" width=\"227\" height=\"170\" \/><\/a><p class=\"jig-HTMLdescription\">Tadorne de Belon<\/p><\/li><li><a href=\"https:\/\/i0.wp.com\/mhyrdin.fr\/blog\/wordpress\/wp-content\/gallery\/2006-mai\/BihoreauR.jpg?ssl=1\" title=\"BihoreauR\"><img loading=\"lazy\" decoding=\"async\" src=\"https:\/\/i0.wp.com\/mhyrdin.fr\/blog\/wordpress\/wp-content\/gallery\/2006-mai\/BihoreauR.jpg?h=170\" alt=\"Bihoreau gris\" width=\"274\" height=\"170\" \/><\/a><p class=\"jig-HTMLdescription\">Bihoreau gris<br\/>BihoreauR<\/p><\/li><li><a href=\"https:\/\/i0.wp.com\/mhyrdin.fr\/blog\/wordpress\/wp-content\/gallery\/2006-mai\/EncounterR.jpg?ssl=1\" title=\"Bihoreau gris et H\u00e9ron garde-b\u0153uf (Parc du Marquenterre)\"><img loading=\"lazy\" decoding=\"async\" src=\"https:\/\/i0.wp.com\/mhyrdin.fr\/blog\/wordpress\/wp-content\/gallery\/2006-mai\/EncounterR.jpg?h=170\" alt=\"Voisinage en soins\" width=\"274\" height=\"170\" \/><\/a><p class=\"jig-HTMLdescription\">Voisinage en soins<br\/>Bihoreau gris et H\u00e9ron garde-b\u0153uf (Parc du Marquenterre)<\/p><\/li><li><a href=\"https:\/\/i0.wp.com\/mhyrdin.fr\/blog\/wordpress\/wp-content\/gallery\/2006-mai\/Nette%20rousse%207209R.jpg?ssl=1\"><img loading=\"lazy\" decoding=\"async\" src=\"https:\/\/i0.wp.com\/mhyrdin.fr\/blog\/wordpress\/wp-content\/gallery\/2006-mai\/Nette%20rousse%207209R.jpg?h=170\" alt=\"Nette rousse\" width=\"218\" height=\"170\" \/><\/a><p class=\"jig-HTMLdescription\">Nette rousse<\/p><\/li><li><a href=\"https:\/\/i0.wp.com\/mhyrdin.fr\/blog\/wordpress\/wp-content\/gallery\/2006-mai\/Bernache%20nonnette%207770R.jpg?ssl=1\"><img loading=\"lazy\" decoding=\"async\" src=\"https:\/\/i0.wp.com\/mhyrdin.fr\/blog\/wordpress\/wp-content\/gallery\/2006-mai\/Bernache%20nonnette%207770R.jpg?h=170\" alt=\"Bernache nonnette\" width=\"231\" height=\"170\" \/><\/a><p class=\"jig-HTMLdescription\">Bernache nonnette<\/p><\/li><li><a href=\"https:\/\/i0.wp.com\/mhyrdin.fr\/blog\/wordpress\/wp-content\/gallery\/2006-mai\/Grue%20cendree%207238R.jpg?ssl=1\"><img loading=\"lazy\" decoding=\"async\" src=\"https:\/\/i0.wp.com\/mhyrdin.fr\/blog\/wordpress\/wp-content\/gallery\/2006-mai\/Grue%20cendree%207238R.jpg?h=170\" alt=\"Grue cendr\u00e9e\" width=\"233\" height=\"170\" \/><\/a><p class=\"jig-HTMLdescription\">Grue cendr\u00e9e<\/p><\/li><li><a href=\"https:\/\/i0.wp.com\/mhyrdin.fr\/blog\/wordpress\/wp-content\/gallery\/2006-mai\/Oie%20cendree%207256R.jpg?ssl=1\"><img loading=\"lazy\" decoding=\"async\" src=\"https:\/\/i0.wp.com\/mhyrdin.fr\/blog\/wordpress\/wp-content\/gallery\/2006-mai\/Oie%20cendree%207256R.jpg?h=170\" alt=\"Oie cendr\u00e9e\" width=\"231\" height=\"170\" \/><\/a><p class=\"jig-HTMLdescription\">Oie cendr\u00e9e<\/p><\/li><li><a href=\"https:\/\/i0.wp.com\/mhyrdin.fr\/blog\/wordpress\/wp-content\/gallery\/2006-mai\/Bruant%20des%20roseaux%207361R.jpg?ssl=1\"><img loading=\"lazy\" decoding=\"async\" src=\"https:\/\/i0.wp.com\/mhyrdin.fr\/blog\/wordpress\/wp-content\/gallery\/2006-mai\/Bruant%20des%20roseaux%207361R.jpg?h=170\" alt=\"Bruant des roseaux\" width=\"216\" height=\"170\" \/><\/a><p class=\"jig-HTMLdescription\">Bruant des roseaux<\/p><\/li><li><a href=\"https:\/\/i0.wp.com\/mhyrdin.fr\/blog\/wordpress\/wp-content\/gallery\/2006-mai\/Canard%20chipeau%207507.jpg?ssl=1\"><img loading=\"lazy\" decoding=\"async\" src=\"https:\/\/i0.wp.com\/mhyrdin.fr\/blog\/wordpress\/wp-content\/gallery\/2006-mai\/Canard%20chipeau%207507.jpg?h=170\" alt=\"Canard chipeau\" width=\"227\" height=\"170\" \/><\/a><p class=\"jig-HTMLdescription\">Canard chipeau<\/p><\/li><li><a href=\"https:\/\/i0.wp.com\/mhyrdin.fr\/blog\/wordpress\/wp-content\/gallery\/2006-mai\/Nette%20rousse%207826R.jpg?ssl=1\"><img loading=\"lazy\" decoding=\"async\" src=\"https:\/\/i0.wp.com\/mhyrdin.fr\/blog\/wordpress\/wp-content\/gallery\/2006-mai\/Nette%20rousse%207826R.jpg?h=170\" alt=\"Nette rousse\" width=\"255\" height=\"170\" \/><\/a><p class=\"jig-HTMLdescription\">Nette rousse<\/p><\/li><li><a href=\"https:\/\/i0.wp.com\/mhyrdin.fr\/blog\/wordpress\/wp-content\/gallery\/2006-mai\/Fuligule%20milouin%207626%20copie2R.jpg?ssl=1\"><img loading=\"lazy\" decoding=\"async\" src=\"https:\/\/i0.wp.com\/mhyrdin.fr\/blog\/wordpress\/wp-content\/gallery\/2006-mai\/Fuligule%20milouin%207626%20copie2R.jpg?h=170\" alt=\"Fuligule milouin\" width=\"227\" height=\"170\" \/><\/a><p class=\"jig-HTMLdescription\">Fuligule milouin<\/p><\/li><li><a href=\"https:\/\/i0.wp.com\/mhyrdin.fr\/blog\/wordpress\/wp-content\/gallery\/2006-mai\/Gr%C3%A8be%20%C3%A0%20cou%20noir%207916R.jpg?ssl=1\"><img loading=\"lazy\" decoding=\"async\" src=\"https:\/\/i0.wp.com\/mhyrdin.fr\/blog\/wordpress\/wp-content\/gallery\/2006-mai\/Gr%C3%A8be%20%C3%A0%20cou%20noir%207916R.jpg?h=170\" alt=\"Gr\u00e8be \u00e0 cou noir\" width=\"227\" height=\"170\" \/><\/a><p class=\"jig-HTMLdescription\">Gr\u00e8be \u00e0 cou noir<\/p><\/li><li><a href=\"https:\/\/i0.wp.com\/mhyrdin.fr\/blog\/wordpress\/wp-content\/gallery\/2006-mai\/Oie%20tete%20barree%207705R.jpg?ssl=1\"><img loading=\"lazy\" decoding=\"async\" src=\"https:\/\/i0.wp.com\/mhyrdin.fr\/blog\/wordpress\/wp-content\/gallery\/2006-mai\/Oie%20tete%20barree%207705R.jpg?h=170\" alt=\"Oie \u00e0 t\u00eate barr\u00e9e\" width=\"227\" height=\"170\" \/><\/a><p class=\"jig-HTMLdescription\">Oie \u00e0 t\u00eate barr\u00e9e<\/p><\/li><li><a href=\"https:\/\/i0.wp.com\/mhyrdin.fr\/blog\/wordpress\/wp-content\/gallery\/2006-mai\/Fuligule%20Milouinan%207835%20copieR.jpg?ssl=1\"><img loading=\"lazy\" decoding=\"async\" src=\"https:\/\/i0.wp.com\/mhyrdin.fr\/blog\/wordpress\/wp-content\/gallery\/2006-mai\/Fuligule%20Milouinan%207835%20copieR.jpg?h=170\" alt=\"Fuligule milouinan\" width=\"255\" height=\"170\" \/><\/a><p class=\"jig-HTMLdescription\">Fuligule milouinan<\/p><\/li><li><a href=\"https:\/\/i0.wp.com\/mhyrdin.fr\/blog\/wordpress\/wp-content\/gallery\/2006-mai\/Pieris%20rapae%207863R.jpg?ssl=1\"><img loading=\"lazy\" decoding=\"async\" src=\"https:\/\/i0.wp.com\/mhyrdin.fr\/blog\/wordpress\/wp-content\/gallery\/2006-mai\/Pieris%20rapae%207863R.jpg?h=170\" alt=\"Pi\u00e9ride de la rave\" width=\"162\" height=\"170\" \/><\/a><p class=\"jig-HTMLdescription\">Pi\u00e9ride de la rave<\/p><\/li><li><a href=\"https:\/\/i0.wp.com\/mhyrdin.fr\/blog\/wordpress\/wp-content\/gallery\/2006-mai\/Argus%207871R.jpg?ssl=1\"><img loading=\"lazy\" decoding=\"async\" src=\"https:\/\/i0.wp.com\/mhyrdin.fr\/blog\/wordpress\/wp-content\/gallery\/2006-mai\/Argus%207871R.jpg?h=170\" alt=\"Azur\u00e9 commun\" width=\"251\" height=\"170\" \/><\/a><p class=\"jig-HTMLdescription\">Azur\u00e9 commun<\/p><\/li><li><a href=\"https:\/\/i0.wp.com\/mhyrdin.fr\/blog\/wordpress\/wp-content\/gallery\/2006-mai\/Machaon_7897R.jpg?ssl=1\" title=\"Machaon_7897R\"><img loading=\"lazy\" decoding=\"async\" src=\"https:\/\/i0.wp.com\/mhyrdin.fr\/blog\/wordpress\/wp-content\/gallery\/2006-mai\/Machaon_7897R.jpg?h=170\" alt=\"Machaon\" width=\"251\" height=\"170\" \/><\/a><p class=\"jig-HTMLdescription\">Machaon<br\/>Machaon_7897R<\/p><\/li><li><a href=\"https:\/\/i0.wp.com\/mhyrdin.fr\/blog\/wordpress\/wp-content\/gallery\/2006-mai\/Go%C3%A9land%20argent%C3%A9%202CY_7967.JPG?ssl=1\"><img loading=\"lazy\" decoding=\"async\" src=\"https:\/\/i0.wp.com\/mhyrdin.fr\/blog\/wordpress\/wp-content\/gallery\/2006-mai\/Go%C3%A9land%20argent%C3%A9%202CY_7967.JPG?h=170\" alt=\"Go\u00e9land argent\u00e9 2CY\" width=\"255\" height=\"170\" \/><\/a><p class=\"jig-HTMLdescription\">Go\u00e9land argent\u00e9 2CY<\/p><\/li><\/ul><\/noscript><\/div><div id=\"jig1-developerLink\" class=\"jig-developerLink\"><a href=\"https:\/\/justifiedgrid.com\/\" target=\"_blank\" title=\"Justified Image Grid - Premium WordPress Gallery\">powered by Justified Image Grid<\/a><\/div><\/p>\n<h3>Related Images:<\/h3>","protected":false},"excerpt":{"rendered":"<p>Au menu de ce mois de mai 2006, la d\u00e9couverte du Parc du Marquenterre Garrot \u00e0 \u0153il d&rsquo;orAvocette \u00e9l\u00e9ganteAvocette \u00e9l\u00e9ganteTarier p\u00e2treCourlis corlieuCourlis corlieuTadorne de BelonBihoreau grisBihoreauRVoisinage en soinsBihoreau gris et H\u00e9ron garde-b\u0153uf (Parc du Marquenterre)Nette rousseBernache nonnetteGrue cendr\u00e9eOie cendr\u00e9eBruant des roseauxCanard chipeauNette rousseFuligule milouinGr\u00e8be \u00e0 cou noirOie \u00e0 t\u00eate barr\u00e9eFuligule milouinanPi\u00e9ride de la raveAzur\u00e9 communMachaonMachaon_7897RGo\u00e9land [&hellip;]<\/p>\n","protected":false},"author":4,"featured_media":0,"parent":10364,"menu_order":5,"comment_status":"closed","ping_status":"closed","template":"","meta":{"ngg_post_thumbnail":0,"jetpack_post_was_ever_published":false,"footnotes":"","_links_to":"","_links_to_target":""},"class_list":["post-24691","page","type-page","status-publish","hentry"],"jetpack_shortlink":"https:\/\/wp.me\/P9lSZN-6qf","jetpack_sharing_enabled":true,"_links":{"self":[{"href":"https:\/\/mhyrdin.fr\/blog\/wp-json\/wp\/v2\/pages\/24691","targetHints":{"allow":["GET"]}}],"collection":[{"href":"https:\/\/mhyrdin.fr\/blog\/wp-json\/wp\/v2\/pages"}],"about":[{"href":"https:\/\/mhyrdin.fr\/blog\/wp-json\/wp\/v2\/types\/page"}],"author":[{"embeddable":true,"href":"https:\/\/mhyrdin.fr\/blog\/wp-json\/wp\/v2\/users\/4"}],"replies":[{"embeddable":true,"href":"https:\/\/mhyrdin.fr\/blog\/wp-json\/wp\/v2\/comments?post=24691"}],"version-history":[{"count":4,"href":"https:\/\/mhyrdin.fr\/blog\/wp-json\/wp\/v2\/pages\/24691\/revisions"}],"predecessor-version":[{"id":25515,"href":"https:\/\/mhyrdin.fr\/blog\/wp-json\/wp\/v2\/pages\/24691\/revisions\/25515"}],"up":[{"embeddable":true,"href":"https:\/\/mhyrdin.fr\/blog\/wp-json\/wp\/v2\/pages\/10364"}],"wp:attachment":[{"href":"https:\/\/mhyrdin.fr\/blog\/wp-json\/wp\/v2\/media?parent=24691"}],"curies":[{"name":"wp","href":"https:\/\/api.w.org\/{rel}","templated":true}]}}