{"id":24689,"date":"2022-10-24T16:50:10","date_gmt":"2022-10-24T14:50:10","guid":{"rendered":"https:\/\/mhyrdin.fr\/blog\/2006-2\/2006-mars\/"},"modified":"2023-06-30T15:02:01","modified_gmt":"2023-06-30T13:02:01","slug":"2006-mars","status":"publish","type":"page","link":"https:\/\/mhyrdin.fr\/blog\/archives-numeriques\/2006-2\/2006-mars\/","title":{"rendered":"Mars"},"content":{"rendered":"<div id=\"jig1\" class=\"justified-image-grid jig-70ff4f1243c5c5e22d6e5d01c4110856 jig-preset-global jig-source-nextgen\"><div class=\"jig-clearfix\"><\/div><noscript id=\"jig1-html\" class=\"justified-image-grid-html\" data-lazy-src=\"skiplazyload\" data-src=\"skipunveillazyload\"><ul><li><a href=\"https:\/\/i0.wp.com\/mhyrdin.fr\/blog\/wordpress\/wp-content\/gallery\/2006-mars\/Aigrette%20garzette%201342R.jpg?ssl=1\"><img loading=\"lazy\" decoding=\"async\" src=\"https:\/\/i0.wp.com\/mhyrdin.fr\/blog\/wordpress\/wp-content\/gallery\/2006-mars\/Aigrette%20garzette%201342R.jpg?h=170\" alt=\"Aigrette garzette\" width=\"227\" height=\"170\" \/><\/a><p class=\"jig-HTMLdescription\">Aigrette garzette<\/p><\/li><li><a href=\"https:\/\/i0.wp.com\/mhyrdin.fr\/blog\/wordpress\/wp-content\/gallery\/2006-mars\/Cormoran%20huppe%208091%20copie.jpg?ssl=1\"><img loading=\"lazy\" decoding=\"async\" src=\"https:\/\/i0.wp.com\/mhyrdin.fr\/blog\/wordpress\/wp-content\/gallery\/2006-mars\/Cormoran%20huppe%208091%20copie.jpg?h=170\" alt=\"Cormoran hupp\u00e9\" width=\"227\" height=\"170\" \/><\/a><p class=\"jig-HTMLdescription\">Cormoran hupp\u00e9<\/p><\/li><li><a href=\"https:\/\/i0.wp.com\/mhyrdin.fr\/blog\/wordpress\/wp-content\/gallery\/2006-mars\/Cormoran%20huppe%208146R.jpg?ssl=1\"><img loading=\"lazy\" decoding=\"async\" src=\"https:\/\/i0.wp.com\/mhyrdin.fr\/blog\/wordpress\/wp-content\/gallery\/2006-mars\/Cormoran%20huppe%208146R.jpg?h=170\" alt=\"Cormoran hupp\u00e9\" width=\"255\" height=\"170\" \/><\/a><p class=\"jig-HTMLdescription\">Cormoran hupp\u00e9<\/p><\/li><li><a href=\"https:\/\/i0.wp.com\/mhyrdin.fr\/blog\/wordpress\/wp-content\/gallery\/2006-mars\/Cormoran%20huppe%208167%20copie.jpg?ssl=1\"><img loading=\"lazy\" decoding=\"async\" src=\"https:\/\/i0.wp.com\/mhyrdin.fr\/blog\/wordpress\/wp-content\/gallery\/2006-mars\/Cormoran%20huppe%208167%20copie.jpg?h=170\" alt=\"Cormoran hupp\u00e9\" width=\"227\" height=\"170\" \/><\/a><p class=\"jig-HTMLdescription\">Cormoran hupp\u00e9<\/p><\/li><li><a href=\"https:\/\/i0.wp.com\/mhyrdin.fr\/blog\/wordpress\/wp-content\/gallery\/2006-mars\/Cormoran%20huppe%208173R.jpg?ssl=1\"><img loading=\"lazy\" decoding=\"async\" src=\"https:\/\/i0.wp.com\/mhyrdin.fr\/blog\/wordpress\/wp-content\/gallery\/2006-mars\/Cormoran%20huppe%208173R.jpg?h=170\" alt=\"Cormoran hupp\u00e9\" width=\"224\" height=\"170\" \/><\/a><p class=\"jig-HTMLdescription\">Cormoran hupp\u00e9<\/p><\/li><li><a href=\"https:\/\/i0.wp.com\/mhyrdin.fr\/blog\/wordpress\/wp-content\/gallery\/2006-mars\/Grebe%20esclavon%208181.JPG?ssl=1\"><img loading=\"lazy\" decoding=\"async\" src=\"https:\/\/i0.wp.com\/mhyrdin.fr\/blog\/wordpress\/wp-content\/gallery\/2006-mars\/Grebe%20esclavon%208181.JPG?h=170\" alt=\"Gr\u00e8be esclavon\" width=\"255\" height=\"170\" \/><\/a><p class=\"jig-HTMLdescription\">Gr\u00e8be esclavon<\/p><\/li><li><a href=\"https:\/\/i0.wp.com\/mhyrdin.fr\/blog\/wordpress\/wp-content\/gallery\/2006-mars\/Harle%20huppe%207878R.jpg?ssl=1\"><img loading=\"lazy\" decoding=\"async\" src=\"https:\/\/i0.wp.com\/mhyrdin.fr\/blog\/wordpress\/wp-content\/gallery\/2006-mars\/Harle%20huppe%207878R.jpg?h=170\" alt=\"Harle hupp\u00e9\" width=\"255\" height=\"170\" \/><\/a><p class=\"jig-HTMLdescription\">Harle hupp\u00e9<\/p><\/li><li><a href=\"https:\/\/i0.wp.com\/mhyrdin.fr\/blog\/wordpress\/wp-content\/gallery\/2006-mars\/Harle%20huppe%207888_2R.jpg?ssl=1\"><img loading=\"lazy\" decoding=\"async\" src=\"https:\/\/i0.wp.com\/mhyrdin.fr\/blog\/wordpress\/wp-content\/gallery\/2006-mars\/Harle%20huppe%207888_2R.jpg?h=170\" alt=\"Harle hupp\u00e9\" width=\"255\" height=\"170\" \/><\/a><p class=\"jig-HTMLdescription\">Harle hupp\u00e9<\/p><\/li><li><a href=\"https:\/\/i0.wp.com\/mhyrdin.fr\/blog\/wordpress\/wp-content\/gallery\/2006-mars\/Harle%20huppe%208062%20copie2RR.jpg?ssl=1\"><img loading=\"lazy\" decoding=\"async\" src=\"https:\/\/i0.wp.com\/mhyrdin.fr\/blog\/wordpress\/wp-content\/gallery\/2006-mars\/Harle%20huppe%208062%20copie2RR.jpg?h=170\" alt=\"Harle hupp\u00e9\" width=\"255\" height=\"170\" \/><\/a><p class=\"jig-HTMLdescription\">Harle hupp\u00e9<\/p><\/li><li><a href=\"https:\/\/i0.wp.com\/mhyrdin.fr\/blog\/wordpress\/wp-content\/gallery\/2006-mars\/Harle%20huppe%208112R.jpg?ssl=1\"><img loading=\"lazy\" decoding=\"async\" src=\"https:\/\/i0.wp.com\/mhyrdin.fr\/blog\/wordpress\/wp-content\/gallery\/2006-mars\/Harle%20huppe%208112R.jpg?h=170\" alt=\"Harle hupp\u00e9\" width=\"257\" height=\"170\" \/><\/a><p class=\"jig-HTMLdescription\">Harle hupp\u00e9<\/p><\/li><li><a href=\"https:\/\/i0.wp.com\/mhyrdin.fr\/blog\/wordpress\/wp-content\/gallery\/2006-mars\/Mesange%20noire%207744R.jpg?ssl=1\"><img loading=\"lazy\" decoding=\"async\" src=\"https:\/\/i0.wp.com\/mhyrdin.fr\/blog\/wordpress\/wp-content\/gallery\/2006-mars\/Mesange%20noire%207744R.jpg?h=170\" alt=\"Mesange noire\" width=\"113\" height=\"170\" \/><\/a><p class=\"jig-HTMLdescription\">Mesange noire<\/p><\/li><li><a href=\"https:\/\/i0.wp.com\/mhyrdin.fr\/blog\/wordpress\/wp-content\/gallery\/2006-mars\/Plongeon%20arctique%207959R.jpg?ssl=1\"><img loading=\"lazy\" decoding=\"async\" src=\"https:\/\/i0.wp.com\/mhyrdin.fr\/blog\/wordpress\/wp-content\/gallery\/2006-mars\/Plongeon%20arctique%207959R.jpg?h=170\" alt=\"Plongeon arctique\" width=\"255\" height=\"170\" \/><\/a><p class=\"jig-HTMLdescription\">Plongeon arctique<\/p><\/li><li><a href=\"https:\/\/i0.wp.com\/mhyrdin.fr\/blog\/wordpress\/wp-content\/gallery\/2006-mars\/Plongeon%20arctique%207970R.jpg?ssl=1\"><img loading=\"lazy\" decoding=\"async\" src=\"https:\/\/i0.wp.com\/mhyrdin.fr\/blog\/wordpress\/wp-content\/gallery\/2006-mars\/Plongeon%20arctique%207970R.jpg?h=170\" alt=\"Plongeon arctique\" width=\"255\" height=\"170\" \/><\/a><p class=\"jig-HTMLdescription\">Plongeon arctique<\/p><\/li><\/ul><\/noscript><\/div><div id=\"jig1-developerLink\" class=\"jig-developerLink\"><a href=\"https:\/\/justifiedgrid.com\/\" target=\"_blank\" title=\"Justified Image Grid - Premium WordPress Gallery\">powered by Justified Image Grid<\/a><\/div>\n<h3>Related Images:<\/h3>","protected":false},"excerpt":{"rendered":"<p>Aigrette garzetteCormoran hupp\u00e9Cormoran hupp\u00e9Cormoran hupp\u00e9Cormoran hupp\u00e9Gr\u00e8be esclavonHarle hupp\u00e9Harle hupp\u00e9Harle hupp\u00e9Harle hupp\u00e9Mesange noirePlongeon arctiquePlongeon arctiquepowered by Justified Image Grid Related Images:<\/p>\n","protected":false},"author":4,"featured_media":0,"parent":10364,"menu_order":3,"comment_status":"closed","ping_status":"closed","template":"","meta":{"ngg_post_thumbnail":0,"jetpack_post_was_ever_published":false,"footnotes":"","_links_to":"","_links_to_target":""},"class_list":["post-24689","page","type-page","status-publish","hentry"],"jetpack_shortlink":"https:\/\/wp.me\/P9lSZN-6qd","jetpack_sharing_enabled":true,"_links":{"self":[{"href":"https:\/\/mhyrdin.fr\/blog\/wp-json\/wp\/v2\/pages\/24689","targetHints":{"allow":["GET"]}}],"collection":[{"href":"https:\/\/mhyrdin.fr\/blog\/wp-json\/wp\/v2\/pages"}],"about":[{"href":"https:\/\/mhyrdin.fr\/blog\/wp-json\/wp\/v2\/types\/page"}],"author":[{"embeddable":true,"href":"https:\/\/mhyrdin.fr\/blog\/wp-json\/wp\/v2\/users\/4"}],"replies":[{"embeddable":true,"href":"https:\/\/mhyrdin.fr\/blog\/wp-json\/wp\/v2\/comments?post=24689"}],"version-history":[{"count":3,"href":"https:\/\/mhyrdin.fr\/blog\/wp-json\/wp\/v2\/pages\/24689\/revisions"}],"predecessor-version":[{"id":25513,"href":"https:\/\/mhyrdin.fr\/blog\/wp-json\/wp\/v2\/pages\/24689\/revisions\/25513"}],"up":[{"embeddable":true,"href":"https:\/\/mhyrdin.fr\/blog\/wp-json\/wp\/v2\/pages\/10364"}],"wp:attachment":[{"href":"https:\/\/mhyrdin.fr\/blog\/wp-json\/wp\/v2\/media?parent=24689"}],"curies":[{"name":"wp","href":"https:\/\/api.w.org\/{rel}","templated":true}]}}