{"id":24638,"date":"2022-10-24T16:47:42","date_gmt":"2022-10-24T14:47:42","guid":{"rendered":"https:\/\/mhyrdin.fr\/blog\/2006-2\/2006-fevrier\/"},"modified":"2023-06-30T14:58:28","modified_gmt":"2023-06-30T12:58:28","slug":"2006-fevrier","status":"publish","type":"page","link":"https:\/\/mhyrdin.fr\/blog\/archives-numeriques\/2006-2\/2006-fevrier\/","title":{"rendered":"F\u00e9vrier"},"content":{"rendered":"<div id=\"jig1\" class=\"justified-image-grid jig-fe126edba849e9086b3d2803e721cff6 jig-preset-global jig-source-nextgen\"><div class=\"jig-clearfix\"><\/div><noscript id=\"jig1-html\" class=\"justified-image-grid-html\" data-lazy-src=\"skiplazyload\" data-src=\"skipunveillazyload\"><ul><li><a href=\"https:\/\/i0.wp.com\/mhyrdin.fr\/blog\/wordpress\/wp-content\/gallery\/2006-fevrier\/Becassine%207591R.jpg?ssl=1\"><img loading=\"lazy\" decoding=\"async\" src=\"https:\/\/i0.wp.com\/mhyrdin.fr\/blog\/wordpress\/wp-content\/gallery\/2006-fevrier\/Becassine%207591R.jpg?h=170\" alt=\"B\u00e9cassine des marais\" width=\"224\" height=\"170\" \/><\/a><p class=\"jig-HTMLdescription\">B\u00e9cassine des marais<\/p><\/li><li><a href=\"https:\/\/i0.wp.com\/mhyrdin.fr\/blog\/wordpress\/wp-content\/gallery\/2006-fevrier\/Campagnol%20roussatre%206563.jpg?ssl=1\"><img loading=\"lazy\" decoding=\"async\" src=\"https:\/\/i0.wp.com\/mhyrdin.fr\/blog\/wordpress\/wp-content\/gallery\/2006-fevrier\/Campagnol%20roussatre%206563.jpg?h=170\" alt=\"Campagnol rouss\u00e2tre\" width=\"255\" height=\"170\" \/><\/a><p class=\"jig-HTMLdescription\">Campagnol rouss\u00e2tre<\/p><\/li><li><a href=\"https:\/\/i0.wp.com\/mhyrdin.fr\/blog\/wordpress\/wp-content\/gallery\/2006-fevrier\/Canard%20Pilet%206850%20copieR.jpg?ssl=1\"><img loading=\"lazy\" decoding=\"async\" src=\"https:\/\/i0.wp.com\/mhyrdin.fr\/blog\/wordpress\/wp-content\/gallery\/2006-fevrier\/Canard%20Pilet%206850%20copieR.jpg?h=170\" alt=\"Canard pilet\" width=\"227\" height=\"170\" \/><\/a><p class=\"jig-HTMLdescription\">Canard pilet<\/p><\/li><li><a href=\"https:\/\/i0.wp.com\/mhyrdin.fr\/blog\/wordpress\/wp-content\/gallery\/2006-fevrier\/Chevalier%20Arlequin%206930R.jpg?ssl=1\"><img loading=\"lazy\" decoding=\"async\" src=\"https:\/\/i0.wp.com\/mhyrdin.fr\/blog\/wordpress\/wp-content\/gallery\/2006-fevrier\/Chevalier%20Arlequin%206930R.jpg?h=170\" alt=\"Chevalier arlequin\" width=\"255\" height=\"170\" \/><\/a><p class=\"jig-HTMLdescription\">Chevalier arlequin<\/p><\/li><li><a href=\"https:\/\/i0.wp.com\/mhyrdin.fr\/blog\/wordpress\/wp-content\/gallery\/2006-fevrier\/Chevalier%20Arlequin%206938R.jpg?ssl=1\"><img loading=\"lazy\" decoding=\"async\" src=\"https:\/\/i0.wp.com\/mhyrdin.fr\/blog\/wordpress\/wp-content\/gallery\/2006-fevrier\/Chevalier%20Arlequin%206938R.jpg?h=170\" alt=\"Chevalier arlequin\" width=\"255\" height=\"170\" \/><\/a><p class=\"jig-HTMLdescription\">Chevalier arlequin<\/p><\/li><li><a href=\"https:\/\/i0.wp.com\/mhyrdin.fr\/blog\/wordpress\/wp-content\/gallery\/2006-fevrier\/Cormoran%20huppe%207139R.jpg?ssl=1\"><img loading=\"lazy\" decoding=\"async\" src=\"https:\/\/i0.wp.com\/mhyrdin.fr\/blog\/wordpress\/wp-content\/gallery\/2006-fevrier\/Cormoran%20huppe%207139R.jpg?h=170\" alt=\"Cormoran hupp\u00e9\" width=\"221\" height=\"170\" \/><\/a><p class=\"jig-HTMLdescription\">Cormoran hupp\u00e9<\/p><\/li><li><a href=\"https:\/\/i0.wp.com\/mhyrdin.fr\/blog\/wordpress\/wp-content\/gallery\/2006-fevrier\/Echouages_7600%20copieR.jpg?ssl=1\"><img loading=\"lazy\" decoding=\"async\" src=\"https:\/\/i0.wp.com\/mhyrdin.fr\/blog\/wordpress\/wp-content\/gallery\/2006-fevrier\/Echouages_7600%20copieR.jpg?h=170\" alt=\"Sur la gr\u00e8ve\" width=\"252\" height=\"170\" \/><\/a><p class=\"jig-HTMLdescription\">Sur la gr\u00e8ve<\/p><\/li><li><a href=\"https:\/\/i0.wp.com\/mhyrdin.fr\/blog\/wordpress\/wp-content\/gallery\/2006-fevrier\/Geai%206672R.jpg?ssl=1\"><img loading=\"lazy\" decoding=\"async\" src=\"https:\/\/i0.wp.com\/mhyrdin.fr\/blog\/wordpress\/wp-content\/gallery\/2006-fevrier\/Geai%206672R.jpg?h=170\" alt=\"Geai des ch\u00eanes\" width=\"224\" height=\"170\" \/><\/a><p class=\"jig-HTMLdescription\">Geai des ch\u00eanes<\/p><\/li><li><a href=\"https:\/\/i0.wp.com\/mhyrdin.fr\/blog\/wordpress\/wp-content\/gallery\/2006-fevrier\/Geai%206688R.jPG?ssl=1\"><img loading=\"lazy\" decoding=\"async\" src=\"https:\/\/i0.wp.com\/mhyrdin.fr\/blog\/wordpress\/wp-content\/gallery\/2006-fevrier\/Geai%206688R.jPG?h=170\" alt=\"Geai des ch\u00eanes\" width=\"221\" height=\"170\" \/><\/a><p class=\"jig-HTMLdescription\">Geai des ch\u00eanes<\/p><\/li><li><a href=\"https:\/\/i0.wp.com\/mhyrdin.fr\/blog\/wordpress\/wp-content\/gallery\/2006-fevrier\/Geai%206697R.jPG?ssl=1\"><img loading=\"lazy\" decoding=\"async\" src=\"https:\/\/i0.wp.com\/mhyrdin.fr\/blog\/wordpress\/wp-content\/gallery\/2006-fevrier\/Geai%206697R.jPG?h=170\" alt=\"Geai des ch\u00eanes\" width=\"221\" height=\"170\" \/><\/a><p class=\"jig-HTMLdescription\">Geai des ch\u00eanes<\/p><\/li><li><a href=\"https:\/\/i0.wp.com\/mhyrdin.fr\/blog\/wordpress\/wp-content\/gallery\/2006-fevrier\/Gr%C3%A8be%20%C3%A0%20cou%20noir%207174R.jpg?ssl=1\"><img loading=\"lazy\" decoding=\"async\" src=\"https:\/\/i0.wp.com\/mhyrdin.fr\/blog\/wordpress\/wp-content\/gallery\/2006-fevrier\/Gr%C3%A8be%20%C3%A0%20cou%20noir%207174R.jpg?h=170\" alt=\"Gr\u00e8be \u00e0 cou noir\" width=\"255\" height=\"170\" \/><\/a><p class=\"jig-HTMLdescription\">Gr\u00e8be \u00e0 cou noir<\/p><\/li><li><a href=\"https:\/\/i0.wp.com\/mhyrdin.fr\/blog\/wordpress\/wp-content\/gallery\/2006-fevrier\/Gr%C3%A8be%20%C3%A0%20cou%20noir%207456R.jpg?ssl=1\"><img loading=\"lazy\" decoding=\"async\" src=\"https:\/\/i0.wp.com\/mhyrdin.fr\/blog\/wordpress\/wp-content\/gallery\/2006-fevrier\/Gr%C3%A8be%20%C3%A0%20cou%20noir%207456R.jpg?h=170\" alt=\"Gr\u00e8be \u00e0 cou noir\" width=\"221\" height=\"170\" \/><\/a><p class=\"jig-HTMLdescription\">Gr\u00e8be \u00e0 cou noir<\/p><\/li><li><a href=\"https:\/\/i0.wp.com\/mhyrdin.fr\/blog\/wordpress\/wp-content\/gallery\/2006-fevrier\/Gr%C3%A8be%20%C3%A0%20cou%20noir%207471R.jpg?ssl=1\"><img loading=\"lazy\" decoding=\"async\" src=\"https:\/\/i0.wp.com\/mhyrdin.fr\/blog\/wordpress\/wp-content\/gallery\/2006-fevrier\/Gr%C3%A8be%20%C3%A0%20cou%20noir%207471R.jpg?h=170\" alt=\"Gr\u00e8be \u00e0 cou noir\" width=\"458\" height=\"170\" \/><\/a><p class=\"jig-HTMLdescription\">Gr\u00e8be \u00e0 cou noir<\/p><\/li><li><a href=\"https:\/\/i0.wp.com\/mhyrdin.fr\/blog\/wordpress\/wp-content\/gallery\/2006-fevrier\/Gr%C3%A8be%20%C3%A0%20cou%20noir%207494R.jpg?ssl=1\"><img loading=\"lazy\" decoding=\"async\" src=\"https:\/\/i0.wp.com\/mhyrdin.fr\/blog\/wordpress\/wp-content\/gallery\/2006-fevrier\/Gr%C3%A8be%20%C3%A0%20cou%20noir%207494R.jpg?h=170\" alt=\"Gr\u00e8be \u00e0 cou noir\" width=\"255\" height=\"170\" \/><\/a><p class=\"jig-HTMLdescription\">Gr\u00e8be \u00e0 cou noir<\/p><\/li><li><a href=\"https:\/\/i0.wp.com\/mhyrdin.fr\/blog\/wordpress\/wp-content\/gallery\/2006-fevrier\/IMG_6770R.jpg?ssl=1\" title=\"IMG_6770R\"><img loading=\"lazy\" decoding=\"async\" src=\"https:\/\/i0.wp.com\/mhyrdin.fr\/blog\/wordpress\/wp-content\/gallery\/2006-fevrier\/IMG_6770R.jpg?h=170\" alt=\"Campagne\" width=\"316\" height=\"170\" \/><\/a><p class=\"jig-HTMLdescription\">Campagne<br\/>IMG_6770R<\/p><\/li><li><a href=\"https:\/\/i0.wp.com\/mhyrdin.fr\/blog\/wordpress\/wp-content\/gallery\/2006-fevrier\/Merle%207324R.jPG?ssl=1\"><img loading=\"lazy\" decoding=\"async\" src=\"https:\/\/i0.wp.com\/mhyrdin.fr\/blog\/wordpress\/wp-content\/gallery\/2006-fevrier\/Merle%207324R.jPG?h=170\" alt=\"Merle noir\" width=\"157\" height=\"170\" \/><\/a><p class=\"jig-HTMLdescription\">Merle noir<\/p><\/li><li><a href=\"https:\/\/i0.wp.com\/mhyrdin.fr\/blog\/wordpress\/wp-content\/gallery\/2006-fevrier\/Mesange%20longue-queue%207383R.jPG?ssl=1\"><img loading=\"lazy\" decoding=\"async\" src=\"https:\/\/i0.wp.com\/mhyrdin.fr\/blog\/wordpress\/wp-content\/gallery\/2006-fevrier\/Mesange%20longue-queue%207383R.jPG?h=170\" alt=\"Orite \u00e0 longue queue\" width=\"221\" height=\"170\" \/><\/a><p class=\"jig-HTMLdescription\">Orite \u00e0 longue queue<\/p><\/li><li><a href=\"https:\/\/i0.wp.com\/mhyrdin.fr\/blog\/wordpress\/wp-content\/gallery\/2006-fevrier\/coque%206750R.jpg?ssl=1\"><img loading=\"lazy\" decoding=\"async\" src=\"https:\/\/i0.wp.com\/mhyrdin.fr\/blog\/wordpress\/wp-content\/gallery\/2006-fevrier\/coque%206750R.jpg?h=170\" alt=\"Coque\" width=\"284\" height=\"170\" \/><\/a><p class=\"jig-HTMLdescription\">Coque<\/p><\/li><\/ul><\/noscript><\/div><div id=\"jig1-developerLink\" class=\"jig-developerLink\"><a href=\"https:\/\/justifiedgrid.com\/\" target=\"_blank\" title=\"Justified Image Grid - Premium WordPress Gallery\">powered by Justified Image Grid<\/a><\/div>\n<h3>Related Images:<\/h3>","protected":false},"excerpt":{"rendered":"<p>B\u00e9cassine des maraisCampagnol rouss\u00e2treCanard piletChevalier arlequinChevalier arlequinCormoran hupp\u00e9Sur la gr\u00e8veGeai des ch\u00eanesGeai des ch\u00eanesGeai des ch\u00eanesGr\u00e8be \u00e0 cou noirGr\u00e8be \u00e0 cou noirGr\u00e8be \u00e0 cou noirGr\u00e8be \u00e0 cou noirCampagneIMG_6770RMerle noirOrite \u00e0 longue queueCoquepowered by Justified Image Grid Related Images:<\/p>\n","protected":false},"author":4,"featured_media":0,"parent":10364,"menu_order":2,"comment_status":"closed","ping_status":"closed","template":"","meta":{"ngg_post_thumbnail":0,"jetpack_post_was_ever_published":false,"footnotes":"","_links_to":"","_links_to_target":""},"class_list":["post-24638","page","type-page","status-publish","hentry"],"jetpack_shortlink":"https:\/\/wp.me\/P9lSZN-6po","jetpack_sharing_enabled":true,"_links":{"self":[{"href":"https:\/\/mhyrdin.fr\/blog\/wp-json\/wp\/v2\/pages\/24638","targetHints":{"allow":["GET"]}}],"collection":[{"href":"https:\/\/mhyrdin.fr\/blog\/wp-json\/wp\/v2\/pages"}],"about":[{"href":"https:\/\/mhyrdin.fr\/blog\/wp-json\/wp\/v2\/types\/page"}],"author":[{"embeddable":true,"href":"https:\/\/mhyrdin.fr\/blog\/wp-json\/wp\/v2\/users\/4"}],"replies":[{"embeddable":true,"href":"https:\/\/mhyrdin.fr\/blog\/wp-json\/wp\/v2\/comments?post=24638"}],"version-history":[{"count":2,"href":"https:\/\/mhyrdin.fr\/blog\/wp-json\/wp\/v2\/pages\/24638\/revisions"}],"predecessor-version":[{"id":25512,"href":"https:\/\/mhyrdin.fr\/blog\/wp-json\/wp\/v2\/pages\/24638\/revisions\/25512"}],"up":[{"embeddable":true,"href":"https:\/\/mhyrdin.fr\/blog\/wp-json\/wp\/v2\/pages\/10364"}],"wp:attachment":[{"href":"https:\/\/mhyrdin.fr\/blog\/wp-json\/wp\/v2\/media?parent=24638"}],"curies":[{"name":"wp","href":"https:\/\/api.w.org\/{rel}","templated":true}]}}