{"id":24637,"date":"2022-10-24T16:47:21","date_gmt":"2022-10-24T14:47:21","guid":{"rendered":"https:\/\/mhyrdin.fr\/blog\/2006-2\/2006-septembre\/"},"modified":"2023-06-30T15:10:24","modified_gmt":"2023-06-30T13:10:24","slug":"2006-septembre","status":"publish","type":"page","link":"https:\/\/mhyrdin.fr\/blog\/archives-numeriques\/2006-2\/2006-septembre\/","title":{"rendered":"Septembre"},"content":{"rendered":"<div id=\"jig1\" class=\"justified-image-grid jig-6e9ae772bdcbc56d9cee7a33fddbeefe jig-preset-global jig-source-nextgen\"><div class=\"jig-clearfix\"><\/div><noscript id=\"jig1-html\" class=\"justified-image-grid-html\" data-lazy-src=\"skiplazyload\" data-src=\"skipunveillazyload\"><ul><li><a href=\"https:\/\/i0.wp.com\/mhyrdin.fr\/blog\/wordpress\/wp-content\/gallery\/2006-septembre\/Allemagne-header_7767.jpg?ssl=1\"><img loading=\"lazy\" decoding=\"async\" src=\"https:\/\/i0.wp.com\/mhyrdin.fr\/blog\/wordpress\/wp-content\/gallery\/2006-septembre\/Allemagne-header_7767.jpg?h=170\" alt=\"Berlin\" width=\"590\" height=\"170\" \/><\/a><p class=\"jig-HTMLdescription\">Berlin<\/p><\/li><li><a href=\"https:\/\/i0.wp.com\/mhyrdin.fr\/blog\/wordpress\/wp-content\/gallery\/2006-septembre\/Berlin-0004.jpg?ssl=1\"><img loading=\"lazy\" decoding=\"async\" src=\"https:\/\/i0.wp.com\/mhyrdin.fr\/blog\/wordpress\/wp-content\/gallery\/2006-septembre\/Berlin-0004.jpg?h=170\" alt=\"Berlin\" width=\"114\" height=\"170\" \/><\/a><p class=\"jig-HTMLdescription\">Berlin<\/p><\/li><li><a href=\"https:\/\/i0.wp.com\/mhyrdin.fr\/blog\/wordpress\/wp-content\/gallery\/2006-septembre\/Berlin.jpg?ssl=1\" title=\"Berlin\"><img loading=\"lazy\" decoding=\"async\" src=\"https:\/\/i0.wp.com\/mhyrdin.fr\/blog\/wordpress\/wp-content\/gallery\/2006-septembre\/Berlin.jpg?h=170\" alt=\"Berlin\" width=\"125\" height=\"170\" \/><\/a><p class=\"jig-HTMLdescription\">Berlin<\/p><\/li><li><a href=\"https:\/\/i0.wp.com\/mhyrdin.fr\/blog\/wordpress\/wp-content\/gallery\/2006-septembre\/Leipzig%207809.jpg?ssl=1\"><img loading=\"lazy\" decoding=\"async\" src=\"https:\/\/i0.wp.com\/mhyrdin.fr\/blog\/wordpress\/wp-content\/gallery\/2006-septembre\/Leipzig%207809.jpg?h=170\" alt=\"Leipzig\" width=\"283\" height=\"170\" \/><\/a><p class=\"jig-HTMLdescription\">Leipzig<\/p><\/li><li><a href=\"https:\/\/i0.wp.com\/mhyrdin.fr\/blog\/wordpress\/wp-content\/gallery\/2006-septembre\/IMG_7693%20copieR.jpg?ssl=1\"><img loading=\"lazy\" decoding=\"async\" src=\"https:\/\/i0.wp.com\/mhyrdin.fr\/blog\/wordpress\/wp-content\/gallery\/2006-septembre\/IMG_7693%20copieR.jpg?h=170\" alt=\"Brignogan\" width=\"451\" height=\"170\" \/><\/a><p class=\"jig-HTMLdescription\">Brignogan<\/p><\/li><li><a href=\"https:\/\/i0.wp.com\/mhyrdin.fr\/blog\/wordpress\/wp-content\/gallery\/2006-septembre\/IMG_7700%20copie_2R.jpg?ssl=1\"><img loading=\"lazy\" decoding=\"async\" src=\"https:\/\/i0.wp.com\/mhyrdin.fr\/blog\/wordpress\/wp-content\/gallery\/2006-septembre\/IMG_7700%20copie_2R.jpg?h=170\" alt=\"Brignogan\" width=\"340\" height=\"170\" \/><\/a><p class=\"jig-HTMLdescription\">Brignogan<\/p><\/li><li><a href=\"https:\/\/i0.wp.com\/mhyrdin.fr\/blog\/wordpress\/wp-content\/gallery\/2006-septembre\/IMG_7694.JPG?ssl=1\" title=\"IMG_7694\"><img loading=\"lazy\" decoding=\"async\" src=\"https:\/\/i0.wp.com\/mhyrdin.fr\/blog\/wordpress\/wp-content\/gallery\/2006-septembre\/IMG_7694.JPG?h=170\" alt=\"Brignogan\" width=\"551\" height=\"170\" \/><\/a><p class=\"jig-HTMLdescription\">Brignogan<br\/>IMG_7694<\/p><\/li><li><a href=\"https:\/\/i0.wp.com\/mhyrdin.fr\/blog\/wordpress\/wp-content\/gallery\/2006-septembre\/IMG_7698%20copieR.jpg?ssl=1\"><img loading=\"lazy\" decoding=\"async\" src=\"https:\/\/i0.wp.com\/mhyrdin.fr\/blog\/wordpress\/wp-content\/gallery\/2006-septembre\/IMG_7698%20copieR.jpg?h=170\" alt=\"Brignogan\" width=\"227\" height=\"170\" \/><\/a><p class=\"jig-HTMLdescription\">Brignogan<\/p><\/li><li><a href=\"https:\/\/i0.wp.com\/mhyrdin.fr\/blog\/wordpress\/wp-content\/gallery\/2006-septembre\/IMG_7699%20copieR.jpg?ssl=1\"><img loading=\"lazy\" decoding=\"async\" src=\"https:\/\/i0.wp.com\/mhyrdin.fr\/blog\/wordpress\/wp-content\/gallery\/2006-septembre\/IMG_7699%20copieR.jpg?h=170\" alt=\"Brignogan\" width=\"438\" height=\"170\" \/><\/a><p class=\"jig-HTMLdescription\">Brignogan<\/p><\/li><li><a href=\"https:\/\/i0.wp.com\/mhyrdin.fr\/blog\/wordpress\/wp-content\/gallery\/2006-septembre\/Le%20Four%20_7713%20copieR.jpg?ssl=1\"><img loading=\"lazy\" decoding=\"async\" src=\"https:\/\/i0.wp.com\/mhyrdin.fr\/blog\/wordpress\/wp-content\/gallery\/2006-septembre\/Le%20Four%20_7713%20copieR.jpg?h=170\" alt=\"Le Four\" width=\"227\" height=\"170\" \/><\/a><p class=\"jig-HTMLdescription\">Le Four<\/p><\/li><li><a href=\"https:\/\/i0.wp.com\/mhyrdin.fr\/blog\/wordpress\/wp-content\/gallery\/2006-septembre\/IMG_7692%20copieR.jpg?ssl=1\"><img loading=\"lazy\" decoding=\"async\" src=\"https:\/\/i0.wp.com\/mhyrdin.fr\/blog\/wordpress\/wp-content\/gallery\/2006-septembre\/IMG_7692%20copieR.jpg?h=170\" alt=\"Fig\u00e9 dans la pierre\" width=\"128\" height=\"170\" \/><\/a><p class=\"jig-HTMLdescription\">Fig\u00e9 dans la pierre<\/p><\/li><li><a href=\"https:\/\/i0.wp.com\/mhyrdin.fr\/blog\/wordpress\/wp-content\/gallery\/2006-septembre\/IMG_7714R.jpg?ssl=1\" title=\"Porspoder\"><img loading=\"lazy\" decoding=\"async\" src=\"https:\/\/i0.wp.com\/mhyrdin.fr\/blog\/wordpress\/wp-content\/gallery\/2006-septembre\/IMG_7714R.jpg?h=170\" alt=\"Fig\u00e9 dans la pierre\" width=\"130\" height=\"170\" \/><\/a><p class=\"jig-HTMLdescription\">Fig\u00e9 dans la pierre<br\/>Porspoder<\/p><\/li><li><a href=\"https:\/\/i0.wp.com\/mhyrdin.fr\/blog\/wordpress\/wp-content\/gallery\/2006-septembre\/IMG_7716R.jpg?ssl=1\" title=\"Porspoder\"><img loading=\"lazy\" decoding=\"async\" src=\"https:\/\/i0.wp.com\/mhyrdin.fr\/blog\/wordpress\/wp-content\/gallery\/2006-septembre\/IMG_7716R.jpg?h=170\" alt=\"Fig\u00e9 dans la pierre\" width=\"251\" height=\"170\" \/><\/a><p class=\"jig-HTMLdescription\">Fig\u00e9 dans la pierre<br\/>Porspoder<\/p><\/li><li><a href=\"https:\/\/i0.wp.com\/mhyrdin.fr\/blog\/wordpress\/wp-content\/gallery\/2006-septembre\/Mouette%20rieuse%207662R.jpg?ssl=1\"><img loading=\"lazy\" decoding=\"async\" src=\"https:\/\/i0.wp.com\/mhyrdin.fr\/blog\/wordpress\/wp-content\/gallery\/2006-septembre\/Mouette%20rieuse%207662R.jpg?h=170\" alt=\"Mouette rieuse\" width=\"255\" height=\"170\" \/><\/a><p class=\"jig-HTMLdescription\">Mouette rieuse<\/p><\/li><li><a href=\"https:\/\/i0.wp.com\/mhyrdin.fr\/blog\/wordpress\/wp-content\/gallery\/2006-septembre\/Sterne%20Caugek%209004R.jpg?ssl=1\"><img loading=\"lazy\" decoding=\"async\" src=\"https:\/\/i0.wp.com\/mhyrdin.fr\/blog\/wordpress\/wp-content\/gallery\/2006-septembre\/Sterne%20Caugek%209004R.jpg?h=170\" alt=\"Sterne caugek\" width=\"227\" height=\"170\" \/><\/a><p class=\"jig-HTMLdescription\">Sterne caugek<\/p><\/li><li><a href=\"https:\/\/i0.wp.com\/mhyrdin.fr\/blog\/wordpress\/wp-content\/gallery\/2006-septembre\/Traquet%20moteux%207733R.jpg?ssl=1\"><img loading=\"lazy\" decoding=\"async\" src=\"https:\/\/i0.wp.com\/mhyrdin.fr\/blog\/wordpress\/wp-content\/gallery\/2006-septembre\/Traquet%20moteux%207733R.jpg?h=170\" alt=\"Traquet moteux\" width=\"227\" height=\"170\" \/><\/a><p class=\"jig-HTMLdescription\">Traquet moteux<\/p><\/li><li><a href=\"https:\/\/i0.wp.com\/mhyrdin.fr\/blog\/wordpress\/wp-content\/gallery\/2006-septembre\/Rose%207360.jpg?ssl=1\"><img loading=\"lazy\" decoding=\"async\" src=\"https:\/\/i0.wp.com\/mhyrdin.fr\/blog\/wordpress\/wp-content\/gallery\/2006-septembre\/Rose%207360.jpg?h=170\" alt=\"Rose du jardin\" width=\"241\" height=\"170\" \/><\/a><p class=\"jig-HTMLdescription\">Rose du jardin<\/p><\/li><li><a href=\"https:\/\/i0.wp.com\/mhyrdin.fr\/blog\/wordpress\/wp-content\/gallery\/2006-septembre\/Epeire%207687R.jpg?ssl=1\"><img loading=\"lazy\" decoding=\"async\" src=\"https:\/\/i0.wp.com\/mhyrdin.fr\/blog\/wordpress\/wp-content\/gallery\/2006-septembre\/Epeire%207687R.jpg?h=170\" alt=\"Epeire\" width=\"227\" height=\"170\" \/><\/a><p class=\"jig-HTMLdescription\">Epeire<\/p><\/li><\/ul><\/noscript><\/div><div id=\"jig1-developerLink\" class=\"jig-developerLink\"><a href=\"https:\/\/justifiedgrid.com\/\" target=\"_blank\" title=\"Justified Image Grid - Premium WordPress Gallery\">powered by Justified Image Grid<\/a><\/div>\n<h3>Related Images:<\/h3>","protected":false},"excerpt":{"rendered":"<p>BerlinBerlinBerlinLeipzigBrignoganBrignoganBrignoganIMG_7694BrignoganBrignoganLe FourFig\u00e9 dans la pierreFig\u00e9 dans la pierrePorspoderFig\u00e9 dans la pierrePorspoderMouette rieuseSterne caugekTraquet moteuxRose du jardinEpeirepowered by Justified Image Grid Related Images:<\/p>\n","protected":false},"author":4,"featured_media":0,"parent":10364,"menu_order":9,"comment_status":"closed","ping_status":"closed","template":"","meta":{"ngg_post_thumbnail":0,"jetpack_post_was_ever_published":false,"footnotes":"","_links_to":"","_links_to_target":""},"class_list":["post-24637","page","type-page","status-publish","hentry"],"jetpack_shortlink":"https:\/\/wp.me\/P9lSZN-6pn","jetpack_sharing_enabled":true,"_links":{"self":[{"href":"https:\/\/mhyrdin.fr\/blog\/wp-json\/wp\/v2\/pages\/24637","targetHints":{"allow":["GET"]}}],"collection":[{"href":"https:\/\/mhyrdin.fr\/blog\/wp-json\/wp\/v2\/pages"}],"about":[{"href":"https:\/\/mhyrdin.fr\/blog\/wp-json\/wp\/v2\/types\/page"}],"author":[{"embeddable":true,"href":"https:\/\/mhyrdin.fr\/blog\/wp-json\/wp\/v2\/users\/4"}],"replies":[{"embeddable":true,"href":"https:\/\/mhyrdin.fr\/blog\/wp-json\/wp\/v2\/comments?post=24637"}],"version-history":[{"count":3,"href":"https:\/\/mhyrdin.fr\/blog\/wp-json\/wp\/v2\/pages\/24637\/revisions"}],"predecessor-version":[{"id":25521,"href":"https:\/\/mhyrdin.fr\/blog\/wp-json\/wp\/v2\/pages\/24637\/revisions\/25521"}],"up":[{"embeddable":true,"href":"https:\/\/mhyrdin.fr\/blog\/wp-json\/wp\/v2\/pages\/10364"}],"wp:attachment":[{"href":"https:\/\/mhyrdin.fr\/blog\/wp-json\/wp\/v2\/media?parent=24637"}],"curies":[{"name":"wp","href":"https:\/\/api.w.org\/{rel}","templated":true}]}}