{"id":24634,"date":"2022-10-24T16:46:20","date_gmt":"2022-10-24T14:46:20","guid":{"rendered":"https:\/\/mhyrdin.fr\/blog\/2006-2\/2006-decembre\/"},"modified":"2023-06-30T15:12:36","modified_gmt":"2023-06-30T13:12:36","slug":"2006-decembre","status":"publish","type":"page","link":"https:\/\/mhyrdin.fr\/blog\/archives-numeriques\/2006-2\/2006-decembre\/","title":{"rendered":"D\u00e9cembre"},"content":{"rendered":"<div id=\"jig1\" class=\"justified-image-grid jig-63b3bf54cc901d3c886e30c77d842ead jig-preset-global jig-source-nextgen\"><div class=\"jig-clearfix\"><\/div><noscript id=\"jig1-html\" class=\"justified-image-grid-html\" data-lazy-src=\"skiplazyload\" data-src=\"skipunveillazyload\"><ul><li><a href=\"https:\/\/i0.wp.com\/mhyrdin.fr\/blog\/wordpress\/wp-content\/gallery\/2006-decembre\/Huitrier%208471R.jpg?ssl=1\"><img loading=\"lazy\" decoding=\"async\" src=\"https:\/\/i0.wp.com\/mhyrdin.fr\/blog\/wordpress\/wp-content\/gallery\/2006-decembre\/Huitrier%208471R.jpg?h=170\" alt=\"Huitriers pies\" width=\"255\" height=\"170\" \/><\/a><p class=\"jig-HTMLdescription\">Huitriers pies<\/p><\/li><li><a href=\"https:\/\/i0.wp.com\/mhyrdin.fr\/blog\/wordpress\/wp-content\/gallery\/2006-decembre\/Le%20Four_8478R.jpg?ssl=1\"><img loading=\"lazy\" decoding=\"async\" src=\"https:\/\/i0.wp.com\/mhyrdin.fr\/blog\/wordpress\/wp-content\/gallery\/2006-decembre\/Le%20Four_8478R.jpg?h=170\" alt=\"Le Four\" width=\"284\" height=\"170\" \/><\/a><p class=\"jig-HTMLdescription\">Le Four<\/p><\/li><li><a href=\"https:\/\/i0.wp.com\/mhyrdin.fr\/blog\/wordpress\/wp-content\/gallery\/2006-decembre\/Vagues%208534R.jpg?ssl=1\"><img loading=\"lazy\" decoding=\"async\" src=\"https:\/\/i0.wp.com\/mhyrdin.fr\/blog\/wordpress\/wp-content\/gallery\/2006-decembre\/Vagues%208534R.jpg?h=170\" alt=\"-\" width=\"330\" height=\"170\" \/><\/a><p class=\"jig-HTMLdescription\">-<\/p><\/li><li><a href=\"https:\/\/i0.wp.com\/mhyrdin.fr\/blog\/wordpress\/wp-content\/gallery\/2006-decembre\/Horses%20and%20tempest%208547.jpg?ssl=1\"><img loading=\"lazy\" decoding=\"async\" src=\"https:\/\/i0.wp.com\/mhyrdin.fr\/blog\/wordpress\/wp-content\/gallery\/2006-decembre\/Horses%20and%20tempest%208547.jpg?h=170\" alt=\"Postiers bretons\" width=\"300\" height=\"170\" \/><\/a><p class=\"jig-HTMLdescription\">Postiers bretons<\/p><\/li><li><a href=\"https:\/\/i0.wp.com\/mhyrdin.fr\/blog\/wordpress\/wp-content\/gallery\/2006-decembre\/Vagues%208540.jpg?ssl=1\"><img loading=\"lazy\" decoding=\"async\" src=\"https:\/\/i0.wp.com\/mhyrdin.fr\/blog\/wordpress\/wp-content\/gallery\/2006-decembre\/Vagues%208540.jpg?h=170\" alt=\"-\" width=\"225\" height=\"170\" \/><\/a><p class=\"jig-HTMLdescription\">-<\/p><\/li><li><a href=\"https:\/\/i0.wp.com\/mhyrdin.fr\/blog\/wordpress\/wp-content\/gallery\/2006-decembre\/Vagues%208541R.jpg?ssl=1\"><img loading=\"lazy\" decoding=\"async\" src=\"https:\/\/i0.wp.com\/mhyrdin.fr\/blog\/wordpress\/wp-content\/gallery\/2006-decembre\/Vagues%208541R.jpg?h=170\" alt=\"-\" width=\"322\" height=\"170\" \/><\/a><p class=\"jig-HTMLdescription\">-<\/p><\/li><li><a href=\"https:\/\/i0.wp.com\/mhyrdin.fr\/blog\/wordpress\/wp-content\/gallery\/2006-decembre\/birds%20and%20tempestR.jpg?ssl=1\"><img loading=\"lazy\" decoding=\"async\" src=\"https:\/\/i0.wp.com\/mhyrdin.fr\/blog\/wordpress\/wp-content\/gallery\/2006-decembre\/birds%20and%20tempestR.jpg?h=170\" alt=\"-\" width=\"358\" height=\"170\" \/><\/a><p class=\"jig-HTMLdescription\">-<\/p><\/li><li><a href=\"https:\/\/i0.wp.com\/mhyrdin.fr\/blog\/wordpress\/wp-content\/gallery\/2006-decembre\/Vagues%208536.jpg?ssl=1\"><img loading=\"lazy\" decoding=\"async\" src=\"https:\/\/i0.wp.com\/mhyrdin.fr\/blog\/wordpress\/wp-content\/gallery\/2006-decembre\/Vagues%208536.jpg?h=170\" alt=\"-\" width=\"268\" height=\"170\" \/><\/a><p class=\"jig-HTMLdescription\">-<\/p><\/li><li><a href=\"https:\/\/i0.wp.com\/mhyrdin.fr\/blog\/wordpress\/wp-content\/gallery\/2006-decembre\/Vagues%208542R.jpg?ssl=1\"><img loading=\"lazy\" decoding=\"async\" src=\"https:\/\/i0.wp.com\/mhyrdin.fr\/blog\/wordpress\/wp-content\/gallery\/2006-decembre\/Vagues%208542R.jpg?h=170\" alt=\"-\" width=\"268\" height=\"170\" \/><\/a><p class=\"jig-HTMLdescription\">-<\/p><\/li><li><a href=\"https:\/\/i0.wp.com\/mhyrdin.fr\/blog\/wordpress\/wp-content\/gallery\/2006-decembre\/Vagues%208692.jpg?ssl=1\"><img loading=\"lazy\" decoding=\"async\" src=\"https:\/\/i0.wp.com\/mhyrdin.fr\/blog\/wordpress\/wp-content\/gallery\/2006-decembre\/Vagues%208692.jpg?h=170\" alt=\"-\" width=\"298\" height=\"170\" \/><\/a><p class=\"jig-HTMLdescription\">-<\/p><\/li><li><a href=\"https:\/\/i0.wp.com\/mhyrdin.fr\/blog\/wordpress\/wp-content\/gallery\/2006-decembre\/wave_th.jpg?ssl=1\" title=\"wave_th\"><img loading=\"lazy\" decoding=\"async\" src=\"https:\/\/i0.wp.com\/mhyrdin.fr\/blog\/wordpress\/wp-content\/gallery\/2006-decembre\/wave_th.jpg?h=170\" alt=\"-\" width=\"256\" height=\"170\" \/><\/a><p class=\"jig-HTMLdescription\">-<br\/>wave_th<\/p><\/li><li><a href=\"https:\/\/i0.wp.com\/mhyrdin.fr\/blog\/wordpress\/wp-content\/gallery\/2006-decembre\/IMG_8738.JPG?ssl=1\" title=\"IMG_8738\"><img loading=\"lazy\" decoding=\"async\" src=\"https:\/\/i0.wp.com\/mhyrdin.fr\/blog\/wordpress\/wp-content\/gallery\/2006-decembre\/IMG_8738.JPG?h=170\" alt=\"-\" width=\"253\" height=\"170\" \/><\/a><p class=\"jig-HTMLdescription\">-<br\/>IMG_8738<\/p><\/li><li><a href=\"https:\/\/i0.wp.com\/mhyrdin.fr\/blog\/wordpress\/wp-content\/gallery\/2006-decembre\/Tr%C3%A9ompan_8749R.jpg?ssl=1\"><img loading=\"lazy\" decoding=\"async\" src=\"https:\/\/i0.wp.com\/mhyrdin.fr\/blog\/wordpress\/wp-content\/gallery\/2006-decembre\/Tr%C3%A9ompan_8749R.jpg?h=170\" alt=\"-\" width=\"252\" height=\"170\" \/><\/a><p class=\"jig-HTMLdescription\">-<\/p><\/li><li><a href=\"https:\/\/i0.wp.com\/mhyrdin.fr\/blog\/wordpress\/wp-content\/gallery\/2006-decembre\/Tr%C3%A9ompan_8751R.jpg?ssl=1\"><img loading=\"lazy\" decoding=\"async\" src=\"https:\/\/i0.wp.com\/mhyrdin.fr\/blog\/wordpress\/wp-content\/gallery\/2006-decembre\/Tr%C3%A9ompan_8751R.jpg?h=170\" alt=\"-\" width=\"252\" height=\"170\" \/><\/a><p class=\"jig-HTMLdescription\">-<\/p><\/li><li><a href=\"https:\/\/i0.wp.com\/mhyrdin.fr\/blog\/wordpress\/wp-content\/gallery\/2006-decembre\/Eoliennes%20mvt%208796%20.jpg?ssl=1\"><img loading=\"lazy\" decoding=\"async\" src=\"https:\/\/i0.wp.com\/mhyrdin.fr\/blog\/wordpress\/wp-content\/gallery\/2006-decembre\/Eoliennes%20mvt%208796%20.jpg?h=170\" alt=\"\u00c9oliennes\" width=\"272\" height=\"170\" \/><\/a><p class=\"jig-HTMLdescription\">\u00c9oliennes<\/p><\/li><li><a href=\"https:\/\/i0.wp.com\/mhyrdin.fr\/blog\/wordpress\/wp-content\/gallery\/2006-decembre\/Eoliennes%20torture.jpg?ssl=1\"><img loading=\"lazy\" decoding=\"async\" src=\"https:\/\/i0.wp.com\/mhyrdin.fr\/blog\/wordpress\/wp-content\/gallery\/2006-decembre\/Eoliennes%20torture.jpg?h=170\" alt=\"\u00c9oliennes &quot;photoshop\u00e9es&quot;\" width=\"272\" height=\"170\" \/><\/a><p class=\"jig-HTMLdescription\">\u00c9oliennes \"photoshop\u00e9es\"<\/p><\/li><li><a href=\"https:\/\/i0.wp.com\/mhyrdin.fr\/blog\/wordpress\/wp-content\/gallery\/2006-decembre\/Lanrivoare%20Bois%20de%20justice%208815%20copieR.jpg?ssl=1\" title=\"Bois de justice\"><img loading=\"lazy\" decoding=\"async\" src=\"https:\/\/i0.wp.com\/mhyrdin.fr\/blog\/wordpress\/wp-content\/gallery\/2006-decembre\/Lanrivoare%20Bois%20de%20justice%208815%20copieR.jpg?h=170\" alt=\"Lanrivoar\u00e9\" width=\"227\" height=\"170\" \/><\/a><p class=\"jig-HTMLdescription\">Lanrivoar\u00e9<br\/>Bois de justice<\/p><\/li><li><a href=\"https:\/\/i0.wp.com\/mhyrdin.fr\/blog\/wordpress\/wp-content\/gallery\/2006-decembre\/Kergroades%208817R.jpg?ssl=1\"><img loading=\"lazy\" decoding=\"async\" src=\"https:\/\/i0.wp.com\/mhyrdin.fr\/blog\/wordpress\/wp-content\/gallery\/2006-decembre\/Kergroades%208817R.jpg?h=170\" alt=\"Kergroades\" width=\"332\" height=\"170\" \/><\/a><p class=\"jig-HTMLdescription\">Kergroades<\/p><\/li><li><a href=\"https:\/\/i0.wp.com\/mhyrdin.fr\/blog\/wordpress\/wp-content\/gallery\/2006-decembre\/Fauvette%20tete%20noire%20male%206638R.jpg?ssl=1\"><img loading=\"lazy\" decoding=\"async\" src=\"https:\/\/i0.wp.com\/mhyrdin.fr\/blog\/wordpress\/wp-content\/gallery\/2006-decembre\/Fauvette%20tete%20noire%20male%206638R.jpg?h=170\" alt=\"Fauvette \u00e0 t\u00eate noire\" width=\"227\" height=\"170\" \/><\/a><p class=\"jig-HTMLdescription\">Fauvette \u00e0 t\u00eate noire<\/p><\/li><li><a href=\"https:\/\/i0.wp.com\/mhyrdin.fr\/blog\/wordpress\/wp-content\/gallery\/2006-decembre\/Phare%20du%20Minou%208856R.jpg?ssl=1\"><img loading=\"lazy\" decoding=\"async\" src=\"https:\/\/i0.wp.com\/mhyrdin.fr\/blog\/wordpress\/wp-content\/gallery\/2006-decembre\/Phare%20du%20Minou%208856R.jpg?h=170\" alt=\"Phare du Minou\" width=\"268\" height=\"170\" \/><\/a><p class=\"jig-HTMLdescription\">Phare du Minou<\/p><\/li><li><a href=\"https:\/\/i0.wp.com\/mhyrdin.fr\/blog\/wordpress\/wp-content\/gallery\/2006-decembre\/Phare%20du%20Minou%208870R.jpg?ssl=1\"><img loading=\"lazy\" decoding=\"async\" src=\"https:\/\/i0.wp.com\/mhyrdin.fr\/blog\/wordpress\/wp-content\/gallery\/2006-decembre\/Phare%20du%20Minou%208870R.jpg?h=170\" alt=\"Phare du Minou\" width=\"312\" height=\"170\" \/><\/a><p class=\"jig-HTMLdescription\">Phare du Minou<\/p><\/li><li><a href=\"https:\/\/i0.wp.com\/mhyrdin.fr\/blog\/wordpress\/wp-content\/gallery\/2006-decembre\/Phare%20du%20Minou%208871R.jpg?ssl=1\"><img loading=\"lazy\" decoding=\"async\" src=\"https:\/\/i0.wp.com\/mhyrdin.fr\/blog\/wordpress\/wp-content\/gallery\/2006-decembre\/Phare%20du%20Minou%208871R.jpg?h=170\" alt=\"Phare du Minou 8871R\" width=\"226\" height=\"170\" \/><\/a><p class=\"jig-HTMLdescription\">Phare du Minou 8871R<\/p><\/li><li><a href=\"https:\/\/i0.wp.com\/mhyrdin.fr\/blog\/wordpress\/wp-content\/gallery\/2006-decembre\/Grand%20large%208877R.jpg?ssl=1\"><img loading=\"lazy\" decoding=\"async\" src=\"https:\/\/i0.wp.com\/mhyrdin.fr\/blog\/wordpress\/wp-content\/gallery\/2006-decembre\/Grand%20large%208877R.jpg?h=170\" alt=\"-\" width=\"304\" height=\"170\" \/><\/a><p class=\"jig-HTMLdescription\">-<\/p><\/li><li><a href=\"https:\/\/i0.wp.com\/mhyrdin.fr\/blog\/wordpress\/wp-content\/gallery\/2006-decembre\/Courlis%20cendre%209106R.jpg?ssl=1\"><img loading=\"lazy\" decoding=\"async\" src=\"https:\/\/i0.wp.com\/mhyrdin.fr\/blog\/wordpress\/wp-content\/gallery\/2006-decembre\/Courlis%20cendre%209106R.jpg?h=170\" alt=\"Courlis cendr\u00e9\" width=\"340\" height=\"170\" \/><\/a><p class=\"jig-HTMLdescription\">Courlis cendr\u00e9<\/p><\/li><li><a href=\"https:\/\/i0.wp.com\/mhyrdin.fr\/blog\/wordpress\/wp-content\/gallery\/2006-decembre\/Bigorneau%209126R.jpg?ssl=1\"><img loading=\"lazy\" decoding=\"async\" src=\"https:\/\/i0.wp.com\/mhyrdin.fr\/blog\/wordpress\/wp-content\/gallery\/2006-decembre\/Bigorneau%209126R.jpg?h=170\" alt=\"Bigorneau\" width=\"268\" height=\"170\" \/><\/a><p class=\"jig-HTMLdescription\">Bigorneau<\/p><\/li><li><a href=\"https:\/\/i0.wp.com\/mhyrdin.fr\/blog\/wordpress\/wp-content\/gallery\/2006-decembre\/Bernache%20cravant%209134R.jpg?ssl=1\"><img loading=\"lazy\" decoding=\"async\" src=\"https:\/\/i0.wp.com\/mhyrdin.fr\/blog\/wordpress\/wp-content\/gallery\/2006-decembre\/Bernache%20cravant%209134R.jpg?h=170\" alt=\"Bernachse cravants\" width=\"332\" height=\"170\" \/><\/a><p class=\"jig-HTMLdescription\">Bernachse cravants<\/p><\/li><li><a href=\"https:\/\/i0.wp.com\/mhyrdin.fr\/blog\/wordpress\/wp-content\/gallery\/2006-decembre\/Troglodyte%209187R.jpg?ssl=1\"><img loading=\"lazy\" decoding=\"async\" src=\"https:\/\/i0.wp.com\/mhyrdin.fr\/blog\/wordpress\/wp-content\/gallery\/2006-decembre\/Troglodyte%209187R.jpg?h=170\" alt=\"Troglodyte mignon\" width=\"225\" height=\"170\" \/><\/a><p class=\"jig-HTMLdescription\">Troglodyte mignon<\/p><\/li><li><a href=\"https:\/\/i0.wp.com\/mhyrdin.fr\/blog\/wordpress\/wp-content\/gallery\/2006-decembre\/Postier%20breton%209194R.jpg?ssl=1\"><img loading=\"lazy\" decoding=\"async\" src=\"https:\/\/i0.wp.com\/mhyrdin.fr\/blog\/wordpress\/wp-content\/gallery\/2006-decembre\/Postier%20breton%209194R.jpg?h=170\" alt=\"Postier breton\" width=\"225\" height=\"170\" \/><\/a><p class=\"jig-HTMLdescription\">Postier breton<\/p><\/li><\/ul><\/noscript><\/div><div id=\"jig1-developerLink\" class=\"jig-developerLink\"><a href=\"https:\/\/justifiedgrid.com\/\" target=\"_blank\" title=\"Justified Image Grid - Premium WordPress Gallery\">powered by Justified Image Grid<\/a><\/div>\n<h3>Related Images:<\/h3>","protected":false},"excerpt":{"rendered":"<p>Huitriers piesLe Four-Postiers bretons&#8212;&#8212;-wave_th-IMG_8738&#8211;\u00c9oliennes\u00c9oliennes \u00ab\u00a0photoshop\u00e9es\u00a0\u00bbLanrivoar\u00e9Bois de justiceKergroadesFauvette \u00e0 t\u00eate noirePhare du MinouPhare du MinouPhare du Minou 8871R-Courlis cendr\u00e9BigorneauBernachse cravantsTroglodyte mignonPostier bretonpowered by Justified Image Grid Related Images:<\/p>\n","protected":false},"author":4,"featured_media":0,"parent":10364,"menu_order":12,"comment_status":"closed","ping_status":"closed","template":"","meta":{"ngg_post_thumbnail":0,"jetpack_post_was_ever_published":false,"footnotes":"","_links_to":"","_links_to_target":""},"class_list":["post-24634","page","type-page","status-publish","hentry"],"jetpack_shortlink":"https:\/\/wp.me\/P9lSZN-6pk","jetpack_sharing_enabled":true,"_links":{"self":[{"href":"https:\/\/mhyrdin.fr\/blog\/wp-json\/wp\/v2\/pages\/24634","targetHints":{"allow":["GET"]}}],"collection":[{"href":"https:\/\/mhyrdin.fr\/blog\/wp-json\/wp\/v2\/pages"}],"about":[{"href":"https:\/\/mhyrdin.fr\/blog\/wp-json\/wp\/v2\/types\/page"}],"author":[{"embeddable":true,"href":"https:\/\/mhyrdin.fr\/blog\/wp-json\/wp\/v2\/users\/4"}],"replies":[{"embeddable":true,"href":"https:\/\/mhyrdin.fr\/blog\/wp-json\/wp\/v2\/comments?post=24634"}],"version-history":[{"count":3,"href":"https:\/\/mhyrdin.fr\/blog\/wp-json\/wp\/v2\/pages\/24634\/revisions"}],"predecessor-version":[{"id":25524,"href":"https:\/\/mhyrdin.fr\/blog\/wp-json\/wp\/v2\/pages\/24634\/revisions\/25524"}],"up":[{"embeddable":true,"href":"https:\/\/mhyrdin.fr\/blog\/wp-json\/wp\/v2\/pages\/10364"}],"wp:attachment":[{"href":"https:\/\/mhyrdin.fr\/blog\/wp-json\/wp\/v2\/media?parent=24634"}],"curies":[{"name":"wp","href":"https:\/\/api.w.org\/{rel}","templated":true}]}}