{"id":24621,"date":"2022-10-24T16:45:51","date_gmt":"2022-10-24T14:45:51","guid":{"rendered":"https:\/\/mhyrdin.fr\/blog\/2006-2\/2006-juin\/"},"modified":"2023-06-30T15:06:15","modified_gmt":"2023-06-30T13:06:15","slug":"2006-juin","status":"publish","type":"page","link":"https:\/\/mhyrdin.fr\/blog\/archives-numeriques\/2006-2\/2006-juin\/","title":{"rendered":"Juin"},"content":{"rendered":"<div id=\"jig1\" class=\"justified-image-grid jig-458e38963d228f1b5f7a02052a21b5bf jig-preset-global jig-source-nextgen\"><div class=\"jig-clearfix\"><\/div><noscript id=\"jig1-html\" class=\"justified-image-grid-html\" data-lazy-src=\"skiplazyload\" data-src=\"skipunveillazyload\"><ul><li><a href=\"https:\/\/i0.wp.com\/mhyrdin.fr\/blog\/wordpress\/wp-content\/gallery\/2006-juin\/Anax%20empereur%208388R.jpg?ssl=1\"><img loading=\"lazy\" decoding=\"async\" src=\"https:\/\/i0.wp.com\/mhyrdin.fr\/blog\/wordpress\/wp-content\/gallery\/2006-juin\/Anax%20empereur%208388R.jpg?h=170\" alt=\"Anax empereur\" width=\"255\" height=\"170\" \/><\/a><p class=\"jig-HTMLdescription\">Anax empereur<\/p><\/li><li><a href=\"https:\/\/i0.wp.com\/mhyrdin.fr\/blog\/wordpress\/wp-content\/gallery\/2006-juin\/Bernache%20du%20Canada%208169%20copie2R.jpg?ssl=1\"><img loading=\"lazy\" decoding=\"async\" src=\"https:\/\/i0.wp.com\/mhyrdin.fr\/blog\/wordpress\/wp-content\/gallery\/2006-juin\/Bernache%20du%20Canada%208169%20copie2R.jpg?h=170\" alt=\"Bernache du Canada\" width=\"272\" height=\"170\" \/><\/a><p class=\"jig-HTMLdescription\">Bernache du Canada<\/p><\/li><li><a href=\"https:\/\/i0.wp.com\/mhyrdin.fr\/blog\/wordpress\/wp-content\/gallery\/2006-juin\/Cygnes%208129R.jpg?ssl=1\"><img loading=\"lazy\" decoding=\"async\" src=\"https:\/\/i0.wp.com\/mhyrdin.fr\/blog\/wordpress\/wp-content\/gallery\/2006-juin\/Cygnes%208129R.jpg?h=170\" alt=\"Jeunes Cygnes tubercul\u00e9s\" width=\"221\" height=\"170\" \/><\/a><p class=\"jig-HTMLdescription\">Jeunes Cygnes tubercul\u00e9s<\/p><\/li><li><a href=\"https:\/\/i0.wp.com\/mhyrdin.fr\/blog\/wordpress\/wp-content\/gallery\/2006-juin\/FramboiseR.jpg?ssl=1\" title=\"FramboiseR\"><img loading=\"lazy\" decoding=\"async\" src=\"https:\/\/i0.wp.com\/mhyrdin.fr\/blog\/wordpress\/wp-content\/gallery\/2006-juin\/FramboiseR.jpg?h=170\" alt=\"Framboise\" width=\"205\" height=\"170\" \/><\/a><p class=\"jig-HTMLdescription\">Framboise<br\/>FramboiseR<\/p><\/li><li><a href=\"https:\/\/i0.wp.com\/mhyrdin.fr\/blog\/wordpress\/wp-content\/gallery\/2006-juin\/Gomphus%208154-2R.jpg?ssl=1\"><img loading=\"lazy\" decoding=\"async\" src=\"https:\/\/i0.wp.com\/mhyrdin.fr\/blog\/wordpress\/wp-content\/gallery\/2006-juin\/Gomphus%208154-2R.jpg?h=170\" alt=\"Gomphus gentil\" width=\"206\" height=\"170\" \/><\/a><p class=\"jig-HTMLdescription\">Gomphus gentil<\/p><\/li><li><a href=\"https:\/\/i0.wp.com\/mhyrdin.fr\/blog\/wordpress\/wp-content\/gallery\/2006-juin\/Guillemot%208331R.jpg?ssl=1\"><img loading=\"lazy\" decoding=\"async\" src=\"https:\/\/i0.wp.com\/mhyrdin.fr\/blog\/wordpress\/wp-content\/gallery\/2006-juin\/Guillemot%208331R.jpg?h=170\" alt=\"Guillemot de Tro\u00efl\" width=\"255\" height=\"170\" \/><\/a><p class=\"jig-HTMLdescription\">Guillemot de Tro\u00efl<\/p><\/li><li><a href=\"https:\/\/i0.wp.com\/mhyrdin.fr\/blog\/wordpress\/wp-content\/gallery\/2006-juin\/Guillemot%208350R.jpg?ssl=1\"><img loading=\"lazy\" decoding=\"async\" src=\"https:\/\/i0.wp.com\/mhyrdin.fr\/blog\/wordpress\/wp-content\/gallery\/2006-juin\/Guillemot%208350R.jpg?h=170\" alt=\"Guillemot de Tro\u00efl\" width=\"255\" height=\"170\" \/><\/a><p class=\"jig-HTMLdescription\">Guillemot de Tro\u00efl<\/p><\/li><li><a href=\"https:\/\/i0.wp.com\/mhyrdin.fr\/blog\/wordpress\/wp-content\/gallery\/2006-juin\/Guillemot%208358R.jpg?ssl=1\"><img loading=\"lazy\" decoding=\"async\" src=\"https:\/\/i0.wp.com\/mhyrdin.fr\/blog\/wordpress\/wp-content\/gallery\/2006-juin\/Guillemot%208358R.jpg?h=170\" alt=\"Guillemot de Tro\u00efl\" width=\"255\" height=\"170\" \/><\/a><p class=\"jig-HTMLdescription\">Guillemot de Tro\u00efl<\/p><\/li><li><a href=\"https:\/\/i0.wp.com\/mhyrdin.fr\/blog\/wordpress\/wp-content\/gallery\/2006-juin\/Guillemot%208373R.jpg?ssl=1\"><img loading=\"lazy\" decoding=\"async\" src=\"https:\/\/i0.wp.com\/mhyrdin.fr\/blog\/wordpress\/wp-content\/gallery\/2006-juin\/Guillemot%208373R.jpg?h=170\" alt=\"Guillemot de Tro\u00efl\" width=\"255\" height=\"170\" \/><\/a><p class=\"jig-HTMLdescription\">Guillemot de Tro\u00efl<\/p><\/li><li><a href=\"https:\/\/i0.wp.com\/mhyrdin.fr\/blog\/wordpress\/wp-content\/gallery\/2006-juin\/Sterne%20de%20DougallR.jpg?ssl=1\"><img loading=\"lazy\" decoding=\"async\" src=\"https:\/\/i0.wp.com\/mhyrdin.fr\/blog\/wordpress\/wp-content\/gallery\/2006-juin\/Sterne%20de%20DougallR.jpg?h=170\" alt=\"Sterne de Dougall\" width=\"255\" height=\"170\" \/><\/a><p class=\"jig-HTMLdescription\">Sterne de Dougall<\/p><\/li><li><a href=\"https:\/\/i0.wp.com\/mhyrdin.fr\/blog\/wordpress\/wp-content\/gallery\/2006-juin\/Syrphe_5946R.jpg?ssl=1\" title=\"Syrphe_5946R\"><img loading=\"lazy\" decoding=\"async\" src=\"https:\/\/i0.wp.com\/mhyrdin.fr\/blog\/wordpress\/wp-content\/gallery\/2006-juin\/Syrphe_5946R.jpg?h=170\" alt=\"Syrphe\" width=\"260\" height=\"170\" \/><\/a><p class=\"jig-HTMLdescription\">Syrphe<br\/>Syrphe_5946R<\/p><\/li><li><a href=\"https:\/\/i0.wp.com\/mhyrdin.fr\/blog\/wordpress\/wp-content\/gallery\/2006-juin\/Velo%208432%20sepiaR.jpg?ssl=1\"><img loading=\"lazy\" decoding=\"async\" src=\"https:\/\/i0.wp.com\/mhyrdin.fr\/blog\/wordpress\/wp-content\/gallery\/2006-juin\/Velo%208432%20sepiaR.jpg?h=170\" alt=\"-\" width=\"248\" height=\"170\" \/><\/a><p class=\"jig-HTMLdescription\">-<\/p><\/li><\/ul><\/noscript><\/div><div id=\"jig1-developerLink\" class=\"jig-developerLink\"><a href=\"https:\/\/justifiedgrid.com\/\" target=\"_blank\" title=\"Justified Image Grid - Premium WordPress Gallery\">powered by Justified Image Grid<\/a><\/div>\n<h3>Related Images:<\/h3>","protected":false},"excerpt":{"rendered":"<p>Anax empereurBernache du CanadaJeunes Cygnes tubercul\u00e9sFramboiseFramboiseRGomphus gentilGuillemot de Tro\u00eflGuillemot de Tro\u00eflGuillemot de Tro\u00eflGuillemot de Tro\u00eflSterne de DougallSyrpheSyrphe_5946R-powered by Justified Image Grid Related Images:<\/p>\n","protected":false},"author":4,"featured_media":0,"parent":10364,"menu_order":6,"comment_status":"closed","ping_status":"closed","template":"","meta":{"ngg_post_thumbnail":0,"jetpack_post_was_ever_published":false,"footnotes":"","_links_to":"","_links_to_target":""},"class_list":["post-24621","page","type-page","status-publish","hentry"],"jetpack_shortlink":"https:\/\/wp.me\/P9lSZN-6p7","jetpack_sharing_enabled":true,"_links":{"self":[{"href":"https:\/\/mhyrdin.fr\/blog\/wp-json\/wp\/v2\/pages\/24621","targetHints":{"allow":["GET"]}}],"collection":[{"href":"https:\/\/mhyrdin.fr\/blog\/wp-json\/wp\/v2\/pages"}],"about":[{"href":"https:\/\/mhyrdin.fr\/blog\/wp-json\/wp\/v2\/types\/page"}],"author":[{"embeddable":true,"href":"https:\/\/mhyrdin.fr\/blog\/wp-json\/wp\/v2\/users\/4"}],"replies":[{"embeddable":true,"href":"https:\/\/mhyrdin.fr\/blog\/wp-json\/wp\/v2\/comments?post=24621"}],"version-history":[{"count":3,"href":"https:\/\/mhyrdin.fr\/blog\/wp-json\/wp\/v2\/pages\/24621\/revisions"}],"predecessor-version":[{"id":25516,"href":"https:\/\/mhyrdin.fr\/blog\/wp-json\/wp\/v2\/pages\/24621\/revisions\/25516"}],"up":[{"embeddable":true,"href":"https:\/\/mhyrdin.fr\/blog\/wp-json\/wp\/v2\/pages\/10364"}],"wp:attachment":[{"href":"https:\/\/mhyrdin.fr\/blog\/wp-json\/wp\/v2\/media?parent=24621"}],"curies":[{"name":"wp","href":"https:\/\/api.w.org\/{rel}","templated":true}]}}