{"id":24586,"date":"2022-10-24T16:45:10","date_gmt":"2022-10-24T14:45:10","guid":{"rendered":"https:\/\/mhyrdin.fr\/blog\/2006-2\/2006-juillet\/"},"modified":"2023-06-30T15:07:11","modified_gmt":"2023-06-30T13:07:11","slug":"2006-juillet","status":"publish","type":"page","link":"https:\/\/mhyrdin.fr\/blog\/archives-numeriques\/2006-2\/2006-juillet\/","title":{"rendered":"Juillet"},"content":{"rendered":"<div id=\"jig1\" class=\"justified-image-grid jig-964ae84ee81b227270f754500321ac98 jig-preset-global jig-source-nextgen\"><div class=\"jig-clearfix\"><\/div><noscript id=\"jig1-html\" class=\"justified-image-grid-html\" data-lazy-src=\"skiplazyload\" data-src=\"skipunveillazyload\"><ul><li><a href=\"https:\/\/i0.wp.com\/mhyrdin.fr\/blog\/wordpress\/wp-content\/gallery\/2006-juillet\/Fireworks_2992.jpg?ssl=1\" title=\"Fireworks_2992\"><img loading=\"lazy\" decoding=\"async\" src=\"https:\/\/i0.wp.com\/mhyrdin.fr\/blog\/wordpress\/wp-content\/gallery\/2006-juillet\/Fireworks_2992.jpg?h=170\" alt=\"-\" width=\"170\" height=\"170\" \/><\/a><p class=\"jig-HTMLdescription\">-<br\/>Fireworks_2992<\/p><\/li><li><a href=\"https:\/\/i0.wp.com\/mhyrdin.fr\/blog\/wordpress\/wp-content\/gallery\/2006-juillet\/Fireworks_3020.jpg?ssl=1\" title=\"Fireworks_3020\"><img loading=\"lazy\" decoding=\"async\" src=\"https:\/\/i0.wp.com\/mhyrdin.fr\/blog\/wordpress\/wp-content\/gallery\/2006-juillet\/Fireworks_3020.jpg?h=170\" alt=\"-\" width=\"124\" height=\"170\" \/><\/a><p class=\"jig-HTMLdescription\">-<br\/>Fireworks_3020<\/p><\/li><li><a href=\"https:\/\/i0.wp.com\/mhyrdin.fr\/blog\/wordpress\/wp-content\/gallery\/2006-juillet\/Fireworks_3040.jpg?ssl=1\" title=\"Fireworks_3040\"><img loading=\"lazy\" decoding=\"async\" src=\"https:\/\/i0.wp.com\/mhyrdin.fr\/blog\/wordpress\/wp-content\/gallery\/2006-juillet\/Fireworks_3040.jpg?h=170\" alt=\"-\" width=\"233\" height=\"170\" \/><\/a><p class=\"jig-HTMLdescription\">-<br\/>Fireworks_3040<\/p><\/li><li><a href=\"https:\/\/i0.wp.com\/mhyrdin.fr\/blog\/wordpress\/wp-content\/gallery\/2006-juillet\/Fireworks_3068.jpg?ssl=1\" title=\"Fireworks_3068\"><img loading=\"lazy\" decoding=\"async\" src=\"https:\/\/i0.wp.com\/mhyrdin.fr\/blog\/wordpress\/wp-content\/gallery\/2006-juillet\/Fireworks_3068.jpg?h=170\" alt=\"-\" width=\"238\" height=\"170\" \/><\/a><p class=\"jig-HTMLdescription\">-<br\/>Fireworks_3068<\/p><\/li><li><a href=\"https:\/\/i0.wp.com\/mhyrdin.fr\/blog\/wordpress\/wp-content\/gallery\/2006-juillet\/Fireworks_3084.jpg?ssl=1\" title=\"Fireworks_3084\"><img loading=\"lazy\" decoding=\"async\" src=\"https:\/\/i0.wp.com\/mhyrdin.fr\/blog\/wordpress\/wp-content\/gallery\/2006-juillet\/Fireworks_3084.jpg?h=170\" alt=\"-\" width=\"170\" height=\"170\" \/><\/a><p class=\"jig-HTMLdescription\">-<br\/>Fireworks_3084<\/p><\/li><li><a href=\"https:\/\/i0.wp.com\/mhyrdin.fr\/blog\/wordpress\/wp-content\/gallery\/2006-juillet\/Fireworks_3105.jpg?ssl=1\" title=\"Fireworks_3105\"><img loading=\"lazy\" decoding=\"async\" src=\"https:\/\/i0.wp.com\/mhyrdin.fr\/blog\/wordpress\/wp-content\/gallery\/2006-juillet\/Fireworks_3105.jpg?h=170\" alt=\"-\" width=\"170\" height=\"170\" \/><\/a><p class=\"jig-HTMLdescription\">-<br\/>Fireworks_3105<\/p><\/li><li><a href=\"https:\/\/i0.wp.com\/mhyrdin.fr\/blog\/wordpress\/wp-content\/gallery\/2006-juillet\/Fireworks_3110.jpg?ssl=1\" title=\"Fireworks_3110\"><img loading=\"lazy\" decoding=\"async\" src=\"https:\/\/i0.wp.com\/mhyrdin.fr\/blog\/wordpress\/wp-content\/gallery\/2006-juillet\/Fireworks_3110.jpg?h=170\" alt=\"-\" width=\"274\" height=\"170\" \/><\/a><p class=\"jig-HTMLdescription\">-<br\/>Fireworks_3110<\/p><\/li><li><a href=\"https:\/\/i0.wp.com\/mhyrdin.fr\/blog\/wordpress\/wp-content\/gallery\/2006-juillet\/Fireworks_3111.jpg?ssl=1\" title=\"Fireworks_3111\"><img loading=\"lazy\" decoding=\"async\" src=\"https:\/\/i0.wp.com\/mhyrdin.fr\/blog\/wordpress\/wp-content\/gallery\/2006-juillet\/Fireworks_3111.jpg?h=170\" alt=\"-\" width=\"237\" height=\"170\" \/><\/a><p class=\"jig-HTMLdescription\">-<br\/>Fireworks_3111<\/p><\/li><li><a href=\"https:\/\/i0.wp.com\/mhyrdin.fr\/blog\/wordpress\/wp-content\/gallery\/2006-juillet\/Taureau%203251.jpg?ssl=1\"><img loading=\"lazy\" decoding=\"async\" src=\"https:\/\/i0.wp.com\/mhyrdin.fr\/blog\/wordpress\/wp-content\/gallery\/2006-juillet\/Taureau%203251.jpg?h=170\" alt=\"Taureau\" width=\"227\" height=\"170\" \/><\/a><p class=\"jig-HTMLdescription\">Taureau<\/p><\/li><li><a href=\"https:\/\/i0.wp.com\/mhyrdin.fr\/blog\/wordpress\/wp-content\/gallery\/2006-juillet\/Azurite%200001.jpg?ssl=1\"><img loading=\"lazy\" decoding=\"async\" src=\"https:\/\/i0.wp.com\/mhyrdin.fr\/blog\/wordpress\/wp-content\/gallery\/2006-juillet\/Azurite%200001.jpg?h=170\" alt=\"Azurite\" width=\"227\" height=\"170\" \/><\/a><p class=\"jig-HTMLdescription\">Azurite<\/p><\/li><li><a href=\"https:\/\/i0.wp.com\/mhyrdin.fr\/blog\/wordpress\/wp-content\/gallery\/2006-juillet\/Sympetrum%20fonscolombii_3126.jpg?ssl=1\"><img loading=\"lazy\" decoding=\"async\" src=\"https:\/\/i0.wp.com\/mhyrdin.fr\/blog\/wordpress\/wp-content\/gallery\/2006-juillet\/Sympetrum%20fonscolombii_3126.jpg?h=170\" alt=\"Sympetrum fonscolombii\" width=\"227\" height=\"170\" \/><\/a><p class=\"jig-HTMLdescription\">Sympetrum fonscolombii<\/p><\/li><li><a href=\"https:\/\/i0.wp.com\/mhyrdin.fr\/blog\/wordpress\/wp-content\/gallery\/2006-juillet\/Belle%20dame%203572R.jpg?ssl=1\"><img loading=\"lazy\" decoding=\"async\" src=\"https:\/\/i0.wp.com\/mhyrdin.fr\/blog\/wordpress\/wp-content\/gallery\/2006-juillet\/Belle%20dame%203572R.jpg?h=170\" alt=\"Belle-dame\" width=\"255\" height=\"170\" \/><\/a><p class=\"jig-HTMLdescription\">Belle-dame<\/p><\/li><li><a href=\"https:\/\/i0.wp.com\/mhyrdin.fr\/blog\/wordpress\/wp-content\/gallery\/2006-juillet\/Rhodometra%20sacraria_3575R.jpg?ssl=1\"><img loading=\"lazy\" decoding=\"async\" src=\"https:\/\/i0.wp.com\/mhyrdin.fr\/blog\/wordpress\/wp-content\/gallery\/2006-juillet\/Rhodometra%20sacraria_3575R.jpg?h=170\" alt=\"Rhodometra sacraria\" width=\"255\" height=\"170\" \/><\/a><p class=\"jig-HTMLdescription\">Rhodometra sacraria<\/p><\/li><li><a href=\"https:\/\/i0.wp.com\/mhyrdin.fr\/blog\/wordpress\/wp-content\/gallery\/2006-juillet\/Chevalier%20Guignette%203605R.jpg?ssl=1\"><img loading=\"lazy\" decoding=\"async\" src=\"https:\/\/i0.wp.com\/mhyrdin.fr\/blog\/wordpress\/wp-content\/gallery\/2006-juillet\/Chevalier%20Guignette%203605R.jpg?h=170\" alt=\"Chevalier guignette\" width=\"219\" height=\"170\" \/><\/a><p class=\"jig-HTMLdescription\">Chevalier guignette<\/p><\/li><li><a href=\"https:\/\/i0.wp.com\/mhyrdin.fr\/blog\/wordpress\/wp-content\/gallery\/2006-juillet\/Cochevis%20huppe%202650R.jpg?ssl=1\"><img loading=\"lazy\" decoding=\"async\" src=\"https:\/\/i0.wp.com\/mhyrdin.fr\/blog\/wordpress\/wp-content\/gallery\/2006-juillet\/Cochevis%20huppe%202650R.jpg?h=170\" alt=\"Cochevis hupp\u00e9\" width=\"227\" height=\"170\" \/><\/a><p class=\"jig-HTMLdescription\">Cochevis hupp\u00e9<\/p><\/li><li><a href=\"https:\/\/i0.wp.com\/mhyrdin.fr\/blog\/wordpress\/wp-content\/gallery\/2006-juillet\/Echasse%20blanche%203368R.jpg?ssl=1\"><img loading=\"lazy\" decoding=\"async\" src=\"https:\/\/i0.wp.com\/mhyrdin.fr\/blog\/wordpress\/wp-content\/gallery\/2006-juillet\/Echasse%20blanche%203368R.jpg?h=170\" alt=\"\u00c9chasse blanche\" width=\"227\" height=\"170\" \/><\/a><p class=\"jig-HTMLdescription\">\u00c9chasse blanche<\/p><\/li><li><a href=\"https:\/\/i0.wp.com\/mhyrdin.fr\/blog\/wordpress\/wp-content\/gallery\/2006-juillet\/Goeland%20leucophee_2927%20copieR.jpg?ssl=1\"><img loading=\"lazy\" decoding=\"async\" src=\"https:\/\/i0.wp.com\/mhyrdin.fr\/blog\/wordpress\/wp-content\/gallery\/2006-juillet\/Goeland%20leucophee_2927%20copieR.jpg?h=170\" alt=\"Go\u00e9land leucoph\u00e9e\" width=\"227\" height=\"170\" \/><\/a><p class=\"jig-HTMLdescription\">Go\u00e9land leucoph\u00e9e<\/p><\/li><li><a href=\"https:\/\/i0.wp.com\/mhyrdin.fr\/blog\/wordpress\/wp-content\/gallery\/2006-juillet\/Gravelot-collier%20interrompu-8581R.jpg?ssl=1\"><img loading=\"lazy\" decoding=\"async\" src=\"https:\/\/i0.wp.com\/mhyrdin.fr\/blog\/wordpress\/wp-content\/gallery\/2006-juillet\/Gravelot-collier%20interrompu-8581R.jpg?h=170\" alt=\"Gravelot \u00e0 collier interrompu\" width=\"247\" height=\"170\" \/><\/a><p class=\"jig-HTMLdescription\">Gravelot \u00e0 collier interrompu<\/p><\/li><li><a href=\"https:\/\/i0.wp.com\/mhyrdin.fr\/blog\/wordpress\/wp-content\/gallery\/2006-juillet\/Gravelot-collier-8583R.jpg?ssl=1\"><img loading=\"lazy\" decoding=\"async\" src=\"https:\/\/i0.wp.com\/mhyrdin.fr\/blog\/wordpress\/wp-content\/gallery\/2006-juillet\/Gravelot-collier-8583R.jpg?h=170\" alt=\"Gravelot \u00e0 collier interrompu\" width=\"224\" height=\"170\" \/><\/a><p class=\"jig-HTMLdescription\">Gravelot \u00e0 collier interrompu<\/p><\/li><li><a href=\"https:\/\/i0.wp.com\/mhyrdin.fr\/blog\/wordpress\/wp-content\/gallery\/2006-juillet\/Gravelot-collier-8587R.jpg?ssl=1\"><img loading=\"lazy\" decoding=\"async\" src=\"https:\/\/i0.wp.com\/mhyrdin.fr\/blog\/wordpress\/wp-content\/gallery\/2006-juillet\/Gravelot-collier-8587R.jpg?h=170\" alt=\"Gravelot \u00e0 collier interrompu\" width=\"231\" height=\"170\" \/><\/a><p class=\"jig-HTMLdescription\">Gravelot \u00e0 collier interrompu<\/p><\/li><li><a href=\"https:\/\/i0.wp.com\/mhyrdin.fr\/blog\/wordpress\/wp-content\/gallery\/2006-juillet\/Heron%20garde-boeuf%203156R.jpg?ssl=1\"><img loading=\"lazy\" decoding=\"async\" src=\"https:\/\/i0.wp.com\/mhyrdin.fr\/blog\/wordpress\/wp-content\/gallery\/2006-juillet\/Heron%20garde-boeuf%203156R.jpg?h=170\" alt=\"H\u00e9ron garde-b\u0153uf\" width=\"227\" height=\"170\" \/><\/a><p class=\"jig-HTMLdescription\">H\u00e9ron garde-b\u0153uf<\/p><\/li><li><a href=\"https:\/\/i0.wp.com\/mhyrdin.fr\/blog\/wordpress\/wp-content\/gallery\/2006-juillet\/Ibis%203236.jpg?ssl=1\"><img loading=\"lazy\" decoding=\"async\" src=\"https:\/\/i0.wp.com\/mhyrdin.fr\/blog\/wordpress\/wp-content\/gallery\/2006-juillet\/Ibis%203236.jpg?h=170\" alt=\"Ibis sacr\u00e9\" width=\"227\" height=\"170\" \/><\/a><p class=\"jig-HTMLdescription\">Ibis sacr\u00e9<\/p><\/li><li><a href=\"https:\/\/i0.wp.com\/mhyrdin.fr\/blog\/wordpress\/wp-content\/gallery\/2006-juillet\/Perdrix%20rouge%203180%20copieR.jpg?ssl=1\"><img loading=\"lazy\" decoding=\"async\" src=\"https:\/\/i0.wp.com\/mhyrdin.fr\/blog\/wordpress\/wp-content\/gallery\/2006-juillet\/Perdrix%20rouge%203180%20copieR.jpg?h=170\" alt=\"Perdrix rouge\" width=\"268\" height=\"170\" \/><\/a><p class=\"jig-HTMLdescription\">Perdrix rouge<\/p><\/li><li><a href=\"https:\/\/i0.wp.com\/mhyrdin.fr\/blog\/wordpress\/wp-content\/gallery\/2006-juillet\/Phalarope%204207R.jpg?ssl=1\"><img loading=\"lazy\" decoding=\"async\" src=\"https:\/\/i0.wp.com\/mhyrdin.fr\/blog\/wordpress\/wp-content\/gallery\/2006-juillet\/Phalarope%204207R.jpg?h=170\" alt=\"Phalarope 4207R\" width=\"227\" height=\"170\" \/><\/a><p class=\"jig-HTMLdescription\">Phalarope 4207R<\/p><\/li><li><a href=\"https:\/\/i0.wp.com\/mhyrdin.fr\/blog\/wordpress\/wp-content\/gallery\/2006-juillet\/Phalaropes%204207R.jpg?ssl=1\"><img loading=\"lazy\" decoding=\"async\" src=\"https:\/\/i0.wp.com\/mhyrdin.fr\/blog\/wordpress\/wp-content\/gallery\/2006-juillet\/Phalaropes%204207R.jpg?h=170\" alt=\"Phalaropes \u00e0 bec \u00e9troit\" width=\"416\" height=\"170\" \/><\/a><p class=\"jig-HTMLdescription\">Phalaropes \u00e0 bec \u00e9troit<\/p><\/li><li><a href=\"https:\/\/i0.wp.com\/mhyrdin.fr\/blog\/wordpress\/wp-content\/gallery\/2006-juillet\/Rollier%204593R.jpg?ssl=1\"><img loading=\"lazy\" decoding=\"async\" src=\"https:\/\/i0.wp.com\/mhyrdin.fr\/blog\/wordpress\/wp-content\/gallery\/2006-juillet\/Rollier%204593R.jpg?h=170\" alt=\"Rollier d&#039;Europe\" width=\"227\" height=\"170\" \/><\/a><p class=\"jig-HTMLdescription\">Rollier d'Europe<\/p><\/li><li><a href=\"https:\/\/i0.wp.com\/mhyrdin.fr\/blog\/wordpress\/wp-content\/gallery\/2006-juillet\/Sterne%20naine%20%28poussins%29%202772R.jpg?ssl=1\"><img loading=\"lazy\" decoding=\"async\" src=\"https:\/\/i0.wp.com\/mhyrdin.fr\/blog\/wordpress\/wp-content\/gallery\/2006-juillet\/Sterne%20naine%20%28poussins%29%202772R.jpg?h=170\" alt=\"Sterne naine\" width=\"227\" height=\"170\" \/><\/a><p class=\"jig-HTMLdescription\">Sterne naine<\/p><\/li><li><a href=\"https:\/\/i0.wp.com\/mhyrdin.fr\/blog\/wordpress\/wp-content\/gallery\/2006-juillet\/Sterne%20naine%20%28poussins%29%202776R.jpg?ssl=1\"><img loading=\"lazy\" decoding=\"async\" src=\"https:\/\/i0.wp.com\/mhyrdin.fr\/blog\/wordpress\/wp-content\/gallery\/2006-juillet\/Sterne%20naine%20%28poussins%29%202776R.jpg?h=170\" alt=\"Sterne naine\" width=\"227\" height=\"170\" \/><\/a><p class=\"jig-HTMLdescription\">Sterne naine<\/p><\/li><li><a href=\"https:\/\/i0.wp.com\/mhyrdin.fr\/blog\/wordpress\/wp-content\/gallery\/2006-juillet\/Sterne%20naine%20%28poussins%29%202797R.jpg?ssl=1\"><img loading=\"lazy\" decoding=\"async\" src=\"https:\/\/i0.wp.com\/mhyrdin.fr\/blog\/wordpress\/wp-content\/gallery\/2006-juillet\/Sterne%20naine%20%28poussins%29%202797R.jpg?h=170\" alt=\"Sterne naine\" width=\"227\" height=\"170\" \/><\/a><p class=\"jig-HTMLdescription\">Sterne naine<\/p><\/li><li><a href=\"https:\/\/i0.wp.com\/mhyrdin.fr\/blog\/wordpress\/wp-content\/gallery\/2006-juillet\/Sterne%20naine%202710R.jpg?ssl=1\"><img loading=\"lazy\" decoding=\"async\" src=\"https:\/\/i0.wp.com\/mhyrdin.fr\/blog\/wordpress\/wp-content\/gallery\/2006-juillet\/Sterne%20naine%202710R.jpg?h=170\" alt=\"Sterne naine\" width=\"227\" height=\"170\" \/><\/a><p class=\"jig-HTMLdescription\">Sterne naine<\/p><\/li><li><a href=\"https:\/\/i0.wp.com\/mhyrdin.fr\/blog\/wordpress\/wp-content\/gallery\/2006-juillet\/Sterne%20naine%202714R.jpg?ssl=1\"><img loading=\"lazy\" decoding=\"async\" src=\"https:\/\/i0.wp.com\/mhyrdin.fr\/blog\/wordpress\/wp-content\/gallery\/2006-juillet\/Sterne%20naine%202714R.jpg?h=170\" alt=\"Sterne naine\" width=\"259\" height=\"170\" \/><\/a><p class=\"jig-HTMLdescription\">Sterne naine<\/p><\/li><li><a href=\"https:\/\/i0.wp.com\/mhyrdin.fr\/blog\/wordpress\/wp-content\/gallery\/2006-juillet\/Sterne%20naine%202724R.jpg?ssl=1\"><img loading=\"lazy\" decoding=\"async\" src=\"https:\/\/i0.wp.com\/mhyrdin.fr\/blog\/wordpress\/wp-content\/gallery\/2006-juillet\/Sterne%20naine%202724R.jpg?h=170\" alt=\"Sterne naine\" width=\"227\" height=\"170\" \/><\/a><p class=\"jig-HTMLdescription\">Sterne naine<\/p><\/li><li><a href=\"https:\/\/i0.wp.com\/mhyrdin.fr\/blog\/wordpress\/wp-content\/gallery\/2006-juillet\/Sterne%20naine%202741R.jpg?ssl=1\"><img loading=\"lazy\" decoding=\"async\" src=\"https:\/\/i0.wp.com\/mhyrdin.fr\/blog\/wordpress\/wp-content\/gallery\/2006-juillet\/Sterne%20naine%202741R.jpg?h=170\" alt=\"Sterne naine\" width=\"227\" height=\"170\" \/><\/a><p class=\"jig-HTMLdescription\">Sterne naine<\/p><\/li><li><a href=\"https:\/\/i0.wp.com\/mhyrdin.fr\/blog\/wordpress\/wp-content\/gallery\/2006-juillet\/Sterne%20naine%202806R.jpg?ssl=1\"><img loading=\"lazy\" decoding=\"async\" src=\"https:\/\/i0.wp.com\/mhyrdin.fr\/blog\/wordpress\/wp-content\/gallery\/2006-juillet\/Sterne%20naine%202806R.jpg?h=170\" alt=\"Sterne naine\" width=\"255\" height=\"170\" \/><\/a><p class=\"jig-HTMLdescription\">Sterne naine<\/p><\/li><\/ul><\/noscript><\/div><div id=\"jig1-developerLink\" class=\"jig-developerLink\"><a href=\"https:\/\/justifiedgrid.com\/\" target=\"_blank\" title=\"Justified Image Grid - Premium WordPress Gallery\">powered by Justified Image Grid<\/a><\/div>\n<h3>Related Images:<\/h3>","protected":false},"excerpt":{"rendered":"<p>-Fireworks_2992-Fireworks_3020-Fireworks_3040-Fireworks_3068-Fireworks_3084-Fireworks_3105-Fireworks_3110-Fireworks_3111TaureauAzuriteSympetrum fonscolombiiBelle-dameRhodometra sacrariaChevalier guignetteCochevis hupp\u00e9\u00c9chasse blancheGo\u00e9land leucoph\u00e9eGravelot \u00e0 collier interrompuGravelot \u00e0 collier interrompuGravelot \u00e0 collier interrompuH\u00e9ron garde-b\u0153ufIbis sacr\u00e9Perdrix rougePhalarope 4207RPhalaropes \u00e0 bec \u00e9troitRollier d&rsquo;EuropeSterne naineSterne naineSterne naineSterne naineSterne naineSterne naineSterne naineSterne nainepowered by Justified Image Grid Related Images:<\/p>\n","protected":false},"author":4,"featured_media":0,"parent":10364,"menu_order":7,"comment_status":"closed","ping_status":"closed","template":"","meta":{"ngg_post_thumbnail":0,"jetpack_post_was_ever_published":false,"footnotes":"","_links_to":"","_links_to_target":""},"class_list":["post-24586","page","type-page","status-publish","hentry"],"jetpack_shortlink":"https:\/\/wp.me\/P9lSZN-6oy","jetpack_sharing_enabled":true,"_links":{"self":[{"href":"https:\/\/mhyrdin.fr\/blog\/wp-json\/wp\/v2\/pages\/24586","targetHints":{"allow":["GET"]}}],"collection":[{"href":"https:\/\/mhyrdin.fr\/blog\/wp-json\/wp\/v2\/pages"}],"about":[{"href":"https:\/\/mhyrdin.fr\/blog\/wp-json\/wp\/v2\/types\/page"}],"author":[{"embeddable":true,"href":"https:\/\/mhyrdin.fr\/blog\/wp-json\/wp\/v2\/users\/4"}],"replies":[{"embeddable":true,"href":"https:\/\/mhyrdin.fr\/blog\/wp-json\/wp\/v2\/comments?post=24586"}],"version-history":[{"count":3,"href":"https:\/\/mhyrdin.fr\/blog\/wp-json\/wp\/v2\/pages\/24586\/revisions"}],"predecessor-version":[{"id":25517,"href":"https:\/\/mhyrdin.fr\/blog\/wp-json\/wp\/v2\/pages\/24586\/revisions\/25517"}],"up":[{"embeddable":true,"href":"https:\/\/mhyrdin.fr\/blog\/wp-json\/wp\/v2\/pages\/10364"}],"wp:attachment":[{"href":"https:\/\/mhyrdin.fr\/blog\/wp-json\/wp\/v2\/media?parent=24586"}],"curies":[{"name":"wp","href":"https:\/\/api.w.org\/{rel}","templated":true}]}}