{"id":24494,"date":"2022-10-23T23:33:37","date_gmt":"2022-10-23T21:33:37","guid":{"rendered":"https:\/\/mhyrdin.fr\/blog\/2013-2\/septembre\/septembre-episode-ii\/"},"modified":"2022-10-23T23:33:37","modified_gmt":"2022-10-23T21:33:37","slug":"septembre-episode-ii","status":"publish","type":"page","link":"https:\/\/mhyrdin.fr\/blog\/archives-numeriques\/2013-2\/septembre\/septembre-episode-ii\/","title":{"rendered":"Septembre \u00e9pisode II"},"content":{"rendered":"<div id=\"jig1\" class=\"justified-image-grid jig-43b239922c6fa361a575c0b5024ccbc5 jig-preset-global jig-source-nextgen\"><div class=\"jig-clearfix\"><\/div><noscript id=\"jig1-html\" class=\"justified-image-grid-html\" data-lazy-src=\"skiplazyload\" data-src=\"skipunveillazyload\"><ul><li><a href=\"https:\/\/i0.wp.com\/mhyrdin.fr\/blog\/wordpress\/wp-content\/gallery\/sept2013-plougasnou\/paysage_4995.jpg?ssl=1\" title=\"paysage_4995\"><img loading=\"lazy\" decoding=\"async\" src=\"https:\/\/i0.wp.com\/mhyrdin.fr\/blog\/wordpress\/wp-content\/gallery\/sept2013-plougasnou\/paysage_4995.jpg?h=170\" alt=\"Kerdrenn\" width=\"255\" height=\"170\" \/><\/a><p class=\"jig-HTMLdescription\">Kerdrenn<br\/>paysage_4995<\/p><\/li><li><a href=\"https:\/\/i0.wp.com\/mhyrdin.fr\/blog\/wordpress\/wp-content\/gallery\/sept2013-plougasnou\/paysage_4996.jpg?ssl=1\" title=\"paysage_4996\"><img loading=\"lazy\" decoding=\"async\" src=\"https:\/\/i0.wp.com\/mhyrdin.fr\/blog\/wordpress\/wp-content\/gallery\/sept2013-plougasnou\/paysage_4996.jpg?h=170\" alt=\"Kerdrenn\" width=\"255\" height=\"170\" \/><\/a><p class=\"jig-HTMLdescription\">Kerdrenn<br\/>paysage_4996<\/p><\/li><li><a href=\"https:\/\/i0.wp.com\/mhyrdin.fr\/blog\/wordpress\/wp-content\/gallery\/sept2013-plougasnou\/paysage_4999.jpg?ssl=1\" title=\"paysage_4999\"><img loading=\"lazy\" decoding=\"async\" src=\"https:\/\/i0.wp.com\/mhyrdin.fr\/blog\/wordpress\/wp-content\/gallery\/sept2013-plougasnou\/paysage_4999.jpg?h=170\" alt=\"Kerdrenn\" width=\"255\" height=\"170\" \/><\/a><p class=\"jig-HTMLdescription\">Kerdrenn<br\/>paysage_4999<\/p><\/li><li><a href=\"https:\/\/i0.wp.com\/mhyrdin.fr\/blog\/wordpress\/wp-content\/gallery\/sept2013-plougasnou\/paysage_5004.jpg?ssl=1\" title=\"paysage_5004\"><img loading=\"lazy\" decoding=\"async\" src=\"https:\/\/i0.wp.com\/mhyrdin.fr\/blog\/wordpress\/wp-content\/gallery\/sept2013-plougasnou\/paysage_5004.jpg?h=170\" alt=\"Kerdrenn\" width=\"255\" height=\"170\" \/><\/a><p class=\"jig-HTMLdescription\">Kerdrenn<br\/>paysage_5004<\/p><\/li><li><a href=\"https:\/\/i0.wp.com\/mhyrdin.fr\/blog\/wordpress\/wp-content\/gallery\/sept2013-plougasnou\/paysage_3359.jpg?ssl=1\" title=\"paysage_3359\"><img loading=\"lazy\" decoding=\"async\" src=\"https:\/\/i0.wp.com\/mhyrdin.fr\/blog\/wordpress\/wp-content\/gallery\/sept2013-plougasnou\/paysage_3359.jpg?h=170\" alt=\"Kerdrenn\" width=\"255\" height=\"170\" \/><\/a><p class=\"jig-HTMLdescription\">Kerdrenn<br\/>paysage_3359<\/p><\/li><li><a href=\"https:\/\/i0.wp.com\/mhyrdin.fr\/blog\/wordpress\/wp-content\/gallery\/sept2013-plougasnou\/paysage_5005.jpg?ssl=1\" title=\"paysage_5005\"><img loading=\"lazy\" decoding=\"async\" src=\"https:\/\/i0.wp.com\/mhyrdin.fr\/blog\/wordpress\/wp-content\/gallery\/sept2013-plougasnou\/paysage_5005.jpg?h=170\" alt=\"Saint-Jean-Du-Doigt\" width=\"287\" height=\"170\" \/><\/a><p class=\"jig-HTMLdescription\">Saint-Jean-Du-Doigt<br\/>paysage_5005<\/p><\/li><li><a href=\"https:\/\/i0.wp.com\/mhyrdin.fr\/blog\/wordpress\/wp-content\/gallery\/sept2013-plougasnou\/mouette-melano_3364.jpg?ssl=1\"><img loading=\"lazy\" decoding=\"async\" src=\"https:\/\/i0.wp.com\/mhyrdin.fr\/blog\/wordpress\/wp-content\/gallery\/sept2013-plougasnou\/mouette-melano_3364.jpg?h=170\" alt=\"Mouette m\u00e9lanoc\u00e9phale\" width=\"231\" height=\"170\" \/><\/a><p class=\"jig-HTMLdescription\">Mouette m\u00e9lanoc\u00e9phale<\/p><\/li><li><a href=\"https:\/\/i0.wp.com\/mhyrdin.fr\/blog\/wordpress\/wp-content\/gallery\/sept2013-plougasnou\/mouettes_3370.jpg?ssl=1\" title=\"mouettes_3370\"><img loading=\"lazy\" decoding=\"async\" src=\"https:\/\/i0.wp.com\/mhyrdin.fr\/blog\/wordpress\/wp-content\/gallery\/sept2013-plougasnou\/mouettes_3370.jpg?h=170\" alt=\"Mouettes\" width=\"231\" height=\"170\" \/><\/a><p class=\"jig-HTMLdescription\">Mouettes<br\/>mouettes_3370<\/p><\/li><li><a href=\"https:\/\/i0.wp.com\/mhyrdin.fr\/blog\/wordpress\/wp-content\/gallery\/sept2013-plougasnou\/buse-variable_3377-2.jpg?ssl=1\"><img loading=\"lazy\" decoding=\"async\" src=\"https:\/\/i0.wp.com\/mhyrdin.fr\/blog\/wordpress\/wp-content\/gallery\/sept2013-plougasnou\/buse-variable_3377-2.jpg?h=170\" alt=\"Buse variable\" width=\"170\" height=\"170\" \/><\/a><p class=\"jig-HTMLdescription\">Buse variable<\/p><\/li><li><a href=\"https:\/\/i0.wp.com\/mhyrdin.fr\/blog\/wordpress\/wp-content\/gallery\/sept2013-plougasnou\/buse-variable_3378.jpg?ssl=1\"><img loading=\"lazy\" decoding=\"async\" src=\"https:\/\/i0.wp.com\/mhyrdin.fr\/blog\/wordpress\/wp-content\/gallery\/sept2013-plougasnou\/buse-variable_3378.jpg?h=170\" alt=\"Buse variable\" width=\"106\" height=\"170\" \/><\/a><p class=\"jig-HTMLdescription\">Buse variable<\/p><\/li><li><a href=\"https:\/\/i0.wp.com\/mhyrdin.fr\/blog\/wordpress\/wp-content\/gallery\/sept2013-plougasnou\/sterec_5012.jpg?ssl=1\" title=\"sterec_5012\"><img loading=\"lazy\" decoding=\"async\" src=\"https:\/\/i0.wp.com\/mhyrdin.fr\/blog\/wordpress\/wp-content\/gallery\/sept2013-plougasnou\/sterec_5012.jpg?h=170\" alt=\"Sterec\" width=\"267\" height=\"170\" \/><\/a><p class=\"jig-HTMLdescription\">Sterec<br\/>sterec_5012<\/p><\/li><li><a href=\"https:\/\/i0.wp.com\/mhyrdin.fr\/blog\/wordpress\/wp-content\/gallery\/sept2013-plougasnou\/sterec_3405.jpg?ssl=1\" title=\"sterec_3405\"><img loading=\"lazy\" decoding=\"async\" src=\"https:\/\/i0.wp.com\/mhyrdin.fr\/blog\/wordpress\/wp-content\/gallery\/sept2013-plougasnou\/sterec_3405.jpg?h=170\" alt=\"Les parcs \u00e0 hu\u00eetre de Sterec\" width=\"342\" height=\"170\" \/><\/a><p class=\"jig-HTMLdescription\">Les parcs \u00e0 hu\u00eetre de Sterec<br\/>sterec_3405<\/p><\/li><li><a href=\"https:\/\/i0.wp.com\/mhyrdin.fr\/blog\/wordpress\/wp-content\/gallery\/sept2013-plougasnou\/sterec_3406.jpg?ssl=1\" title=\"sterec_3406\"><img loading=\"lazy\" decoding=\"async\" src=\"https:\/\/i0.wp.com\/mhyrdin.fr\/blog\/wordpress\/wp-content\/gallery\/sept2013-plougasnou\/sterec_3406.jpg?h=170\" alt=\"L&#039;\u00cele noire\" width=\"272\" height=\"170\" \/><\/a><p class=\"jig-HTMLdescription\">L'\u00cele noire<br\/>sterec_3406<\/p><\/li><li><a href=\"https:\/\/i0.wp.com\/mhyrdin.fr\/blog\/wordpress\/wp-content\/gallery\/sept2013-plougasnou\/faucon-crecerelle_3414.jpg?ssl=1\"><img loading=\"lazy\" decoding=\"async\" src=\"https:\/\/i0.wp.com\/mhyrdin.fr\/blog\/wordpress\/wp-content\/gallery\/sept2013-plougasnou\/faucon-crecerelle_3414.jpg?h=170\" alt=\"Faucon cr\u00e9cerelle\" width=\"231\" height=\"170\" \/><\/a><p class=\"jig-HTMLdescription\">Faucon cr\u00e9cerelle<\/p><\/li><li><a href=\"https:\/\/i0.wp.com\/mhyrdin.fr\/blog\/wordpress\/wp-content\/gallery\/sept2013-plougasnou\/sterec_5020.jpg?ssl=1\" title=\"sterec_5020\"><img loading=\"lazy\" decoding=\"async\" src=\"https:\/\/i0.wp.com\/mhyrdin.fr\/blog\/wordpress\/wp-content\/gallery\/sept2013-plougasnou\/sterec_5020.jpg?h=170\" alt=\"Les parcs \u00e0 hu\u00eetre de Sterec\" width=\"349\" height=\"170\" \/><\/a><p class=\"jig-HTMLdescription\">Les parcs \u00e0 hu\u00eetre de Sterec<br\/>sterec_5020<\/p><\/li><li><a href=\"https:\/\/i0.wp.com\/mhyrdin.fr\/blog\/wordpress\/wp-content\/gallery\/sept2013-plougasnou\/sterec_5030.jpg?ssl=1\" title=\"sterec_5030\"><img loading=\"lazy\" decoding=\"async\" src=\"https:\/\/i0.wp.com\/mhyrdin.fr\/blog\/wordpress\/wp-content\/gallery\/sept2013-plougasnou\/sterec_5030.jpg?h=170\" alt=\"La baie de Morlaix \/ Ch\u00e2teau du taureau\" width=\"374\" height=\"170\" \/><\/a><p class=\"jig-HTMLdescription\">La baie de Morlaix \/ Ch\u00e2teau du taureau<br\/>sterec_5030<\/p><\/li><li><a href=\"https:\/\/i0.wp.com\/mhyrdin.fr\/blog\/wordpress\/wp-content\/gallery\/sept2013-plougasnou\/becasseau-sanderling_3439.jpg?ssl=1\"><img loading=\"lazy\" decoding=\"async\" src=\"https:\/\/i0.wp.com\/mhyrdin.fr\/blog\/wordpress\/wp-content\/gallery\/sept2013-plougasnou\/becasseau-sanderling_3439.jpg?h=170\" alt=\"La toilette des b\u00e9casseaux sanderling\" width=\"231\" height=\"170\" \/><\/a><p class=\"jig-HTMLdescription\">La toilette des b\u00e9casseaux sanderling<\/p><\/li><li><a href=\"https:\/\/i0.wp.com\/mhyrdin.fr\/blog\/wordpress\/wp-content\/gallery\/sept2013-plougasnou\/becasseau-sanderling_3443.jpg?ssl=1\"><img loading=\"lazy\" decoding=\"async\" src=\"https:\/\/i0.wp.com\/mhyrdin.fr\/blog\/wordpress\/wp-content\/gallery\/sept2013-plougasnou\/becasseau-sanderling_3443.jpg?h=170\" alt=\"La toilette des b\u00e9casseaux sanderling\" width=\"424\" height=\"170\" \/><\/a><p class=\"jig-HTMLdescription\">La toilette des b\u00e9casseaux sanderling<\/p><\/li><li><a href=\"https:\/\/i0.wp.com\/mhyrdin.fr\/blog\/wordpress\/wp-content\/gallery\/sept2013-plougasnou\/becasseau-sanderling_3446.jpg?ssl=1\"><img loading=\"lazy\" decoding=\"async\" src=\"https:\/\/i0.wp.com\/mhyrdin.fr\/blog\/wordpress\/wp-content\/gallery\/sept2013-plougasnou\/becasseau-sanderling_3446.jpg?h=170\" alt=\"La toilette des b\u00e9casseaux sanderling\" width=\"270\" height=\"170\" \/><\/a><p class=\"jig-HTMLdescription\">La toilette des b\u00e9casseaux sanderling<\/p><\/li><li><a href=\"https:\/\/i0.wp.com\/mhyrdin.fr\/blog\/wordpress\/wp-content\/gallery\/sept2013-plougasnou\/goeland_3431.jpg?ssl=1\" title=\"goeland_3431\"><img loading=\"lazy\" decoding=\"async\" src=\"https:\/\/i0.wp.com\/mhyrdin.fr\/blog\/wordpress\/wp-content\/gallery\/sept2013-plougasnou\/goeland_3431.jpg?h=170\" alt=\"Jeune go\u00e9land et sa p\u00eache\" width=\"234\" height=\"170\" \/><\/a><p class=\"jig-HTMLdescription\">Jeune go\u00e9land et sa p\u00eache<br\/>goeland_3431<\/p><\/li><li><a href=\"https:\/\/i0.wp.com\/mhyrdin.fr\/blog\/wordpress\/wp-content\/gallery\/sept2013-plougasnou\/goeland_3437.jpg?ssl=1\" title=\"goeland_3437\"><img loading=\"lazy\" decoding=\"async\" src=\"https:\/\/i0.wp.com\/mhyrdin.fr\/blog\/wordpress\/wp-content\/gallery\/sept2013-plougasnou\/goeland_3437.jpg?h=170\" alt=\"Jeune go\u00e9land et sa p\u00eache\" width=\"231\" height=\"170\" \/><\/a><p class=\"jig-HTMLdescription\">Jeune go\u00e9land et sa p\u00eache<br\/>goeland_3437<\/p><\/li><li><a href=\"https:\/\/i0.wp.com\/mhyrdin.fr\/blog\/wordpress\/wp-content\/gallery\/sept2013-plougasnou\/cuivre-commun_3460.jpg?ssl=1\"><img loading=\"lazy\" decoding=\"async\" src=\"https:\/\/i0.wp.com\/mhyrdin.fr\/blog\/wordpress\/wp-content\/gallery\/sept2013-plougasnou\/cuivre-commun_3460.jpg?h=170\" alt=\"Cuivr\u00e9 commun\" width=\"231\" height=\"170\" \/><\/a><p class=\"jig-HTMLdescription\">Cuivr\u00e9 commun<\/p><\/li><li><a href=\"https:\/\/i0.wp.com\/mhyrdin.fr\/blog\/wordpress\/wp-content\/gallery\/sept2013-plougasnou\/dionaea_3496.jpg?ssl=1\" title=\"dionaea_3496\"><img loading=\"lazy\" decoding=\"async\" src=\"https:\/\/i0.wp.com\/mhyrdin.fr\/blog\/wordpress\/wp-content\/gallery\/sept2013-plougasnou\/dionaea_3496.jpg?h=170\" alt=\"Dion\u00e9e\" width=\"255\" height=\"170\" \/><\/a><p class=\"jig-HTMLdescription\">Dion\u00e9e<br\/>dionaea_3496<\/p><\/li><li><a href=\"https:\/\/i0.wp.com\/mhyrdin.fr\/blog\/wordpress\/wp-content\/gallery\/sept2013-plougasnou\/drosera_3500.jpg?ssl=1\" title=\"drosera_3500\"><img loading=\"lazy\" decoding=\"async\" src=\"https:\/\/i0.wp.com\/mhyrdin.fr\/blog\/wordpress\/wp-content\/gallery\/sept2013-plougasnou\/drosera_3500.jpg?h=170\" alt=\"Drosera\" width=\"255\" height=\"170\" \/><\/a><p class=\"jig-HTMLdescription\">Drosera<br\/>drosera_3500<\/p><\/li><li><a href=\"https:\/\/i0.wp.com\/mhyrdin.fr\/blog\/wordpress\/wp-content\/gallery\/sept2013-plougasnou\/drosera_3512.jpg?ssl=1\" title=\"drosera_3512\"><img loading=\"lazy\" decoding=\"async\" src=\"https:\/\/i0.wp.com\/mhyrdin.fr\/blog\/wordpress\/wp-content\/gallery\/sept2013-plougasnou\/drosera_3512.jpg?h=170\" alt=\"Drosera\" width=\"255\" height=\"170\" \/><\/a><p class=\"jig-HTMLdescription\">Drosera<br\/>drosera_3512<\/p><\/li><li><a href=\"https:\/\/i0.wp.com\/mhyrdin.fr\/blog\/wordpress\/wp-content\/gallery\/sept2013-plougasnou\/drosera_3522.jpg?ssl=1\" title=\"drosera_3522\"><img loading=\"lazy\" decoding=\"async\" src=\"https:\/\/i0.wp.com\/mhyrdin.fr\/blog\/wordpress\/wp-content\/gallery\/sept2013-plougasnou\/drosera_3522.jpg?h=170\" alt=\"Drosera\" width=\"255\" height=\"170\" \/><\/a><p class=\"jig-HTMLdescription\">Drosera<br\/>drosera_3522<\/p><\/li><li><a href=\"https:\/\/i0.wp.com\/mhyrdin.fr\/blog\/wordpress\/wp-content\/gallery\/sept2013-plougasnou\/procris_3466.jpg?ssl=1\" title=\"procris_3466\"><img loading=\"lazy\" decoding=\"async\" src=\"https:\/\/i0.wp.com\/mhyrdin.fr\/blog\/wordpress\/wp-content\/gallery\/sept2013-plougasnou\/procris_3466.jpg?h=170\" alt=\"Procris\" width=\"231\" height=\"170\" \/><\/a><p class=\"jig-HTMLdescription\">Procris<br\/>procris_3466<\/p><\/li><li><a href=\"https:\/\/i0.wp.com\/mhyrdin.fr\/blog\/wordpress\/wp-content\/gallery\/sept2013-plougasnou\/sarracenia_3495.jpg?ssl=1\" title=\"sarracenia_3495\"><img loading=\"lazy\" decoding=\"async\" src=\"https:\/\/i0.wp.com\/mhyrdin.fr\/blog\/wordpress\/wp-content\/gallery\/sept2013-plougasnou\/sarracenia_3495.jpg?h=170\" alt=\"Sarracenia\" width=\"113\" height=\"170\" \/><\/a><p class=\"jig-HTMLdescription\">Sarracenia<br\/>sarracenia_3495<\/p><\/li><\/ul><\/noscript><\/div><div id=\"jig1-developerLink\" class=\"jig-developerLink\"><a href=\"https:\/\/justifiedgrid.com\/\" target=\"_blank\" title=\"Justified Image Grid - Premium WordPress Gallery\">powered by Justified Image Grid<\/a><\/div>\n<h3>Related Images:<\/h3>","protected":false},"excerpt":{"rendered":"<p>Kerdrennpaysage_4995Kerdrennpaysage_4996Kerdrennpaysage_4999Kerdrennpaysage_5004Kerdrennpaysage_3359Saint-Jean-Du-Doigtpaysage_5005Mouette m\u00e9lanoc\u00e9phaleMouettesmouettes_3370Buse variableBuse variableSterecsterec_5012Les parcs \u00e0 hu\u00eetre de Sterecsterec_3405L&rsquo;\u00cele noiresterec_3406Faucon cr\u00e9cerelleLes parcs \u00e0 hu\u00eetre de Sterecsterec_5020La baie de Morlaix \/ Ch\u00e2teau du taureausterec_5030La toilette des b\u00e9casseaux sanderlingLa toilette des b\u00e9casseaux sanderlingLa toilette des b\u00e9casseaux sanderlingJeune go\u00e9land et sa p\u00eachegoeland_3431Jeune go\u00e9land et sa p\u00eachegoeland_3437Cuivr\u00e9 communDion\u00e9edionaea_3496Droseradrosera_3500Droseradrosera_3512Droseradrosera_3522Procrisprocris_3466Sarraceniasarracenia_3495powered by Justified Image Grid Related Images:<\/p>\n","protected":false},"author":4,"featured_media":0,"parent":2092,"menu_order":0,"comment_status":"closed","ping_status":"closed","template":"","meta":{"ngg_post_thumbnail":0,"jetpack_post_was_ever_published":false,"footnotes":"","_links_to":"","_links_to_target":""},"class_list":["post-24494","page","type-page","status-publish","hentry"],"jetpack_shortlink":"https:\/\/wp.me\/P9lSZN-6n4","jetpack_sharing_enabled":true,"_links":{"self":[{"href":"https:\/\/mhyrdin.fr\/blog\/wp-json\/wp\/v2\/pages\/24494","targetHints":{"allow":["GET"]}}],"collection":[{"href":"https:\/\/mhyrdin.fr\/blog\/wp-json\/wp\/v2\/pages"}],"about":[{"href":"https:\/\/mhyrdin.fr\/blog\/wp-json\/wp\/v2\/types\/page"}],"author":[{"embeddable":true,"href":"https:\/\/mhyrdin.fr\/blog\/wp-json\/wp\/v2\/users\/4"}],"replies":[{"embeddable":true,"href":"https:\/\/mhyrdin.fr\/blog\/wp-json\/wp\/v2\/comments?post=24494"}],"version-history":[{"count":0,"href":"https:\/\/mhyrdin.fr\/blog\/wp-json\/wp\/v2\/pages\/24494\/revisions"}],"up":[{"embeddable":true,"href":"https:\/\/mhyrdin.fr\/blog\/wp-json\/wp\/v2\/pages\/2092"}],"wp:attachment":[{"href":"https:\/\/mhyrdin.fr\/blog\/wp-json\/wp\/v2\/media?parent=24494"}],"curies":[{"name":"wp","href":"https:\/\/api.w.org\/{rel}","templated":true}]}}