{"id":24298,"date":"2022-10-23T18:33:44","date_gmt":"2022-10-23T16:33:44","guid":{"rendered":"https:\/\/mhyrdin.fr\/blog\/2013-2\/juillet\/juillet-des-paysages\/"},"modified":"2022-10-23T18:33:44","modified_gmt":"2022-10-23T16:33:44","slug":"juillet-des-paysages","status":"publish","type":"page","link":"https:\/\/mhyrdin.fr\/blog\/archives-numeriques\/2013-2\/juillet\/juillet-des-paysages\/","title":{"rendered":"Juillet, des paysages"},"content":{"rendered":"<div id=\"jig1\" class=\"justified-image-grid jig-fe47d50ab155785a4cd2733555b196c2 jig-preset-global jig-source-nextgen\"><div class=\"jig-clearfix\"><\/div><noscript id=\"jig1-html\" class=\"justified-image-grid-html\" data-lazy-src=\"skiplazyload\" data-src=\"skipunveillazyload\"><ul><li><a href=\"https:\/\/i0.wp.com\/mhyrdin.fr\/blog\/wordpress\/wp-content\/gallery\/juillet2013-1\/img_0239.jpg?ssl=1\" title=\"img_0239\"><img loading=\"lazy\" decoding=\"async\" src=\"https:\/\/i0.wp.com\/mhyrdin.fr\/blog\/wordpress\/wp-content\/gallery\/juillet2013-1\/img_0239.jpg?h=170\" alt=\"27 juillet 6h30 !\" width=\"255\" height=\"170\" \/><\/a><p class=\"jig-HTMLdescription\">27 juillet 6h30 !<br\/>img_0239<\/p><\/li><li><a href=\"https:\/\/i0.wp.com\/mhyrdin.fr\/blog\/wordpress\/wp-content\/gallery\/juillet2013-1\/lys-des-sables_0238.jpg?ssl=1\"><img loading=\"lazy\" decoding=\"async\" src=\"https:\/\/i0.wp.com\/mhyrdin.fr\/blog\/wordpress\/wp-content\/gallery\/juillet2013-1\/lys-des-sables_0238.jpg?h=170\" alt=\"lys des sables\" width=\"255\" height=\"170\" \/><\/a><p class=\"jig-HTMLdescription\">lys des sables<\/p><\/li><li><a href=\"https:\/\/i0.wp.com\/mhyrdin.fr\/blog\/wordpress\/wp-content\/gallery\/juillet2013-1\/lys-des-sables_0241.jpg?ssl=1\"><img loading=\"lazy\" decoding=\"async\" src=\"https:\/\/i0.wp.com\/mhyrdin.fr\/blog\/wordpress\/wp-content\/gallery\/juillet2013-1\/lys-des-sables_0241.jpg?h=170\" alt=\"lys des sables\" width=\"289\" height=\"170\" \/><\/a><p class=\"jig-HTMLdescription\">lys des sables<\/p><\/li><li><a href=\"https:\/\/i0.wp.com\/mhyrdin.fr\/blog\/wordpress\/wp-content\/gallery\/juillet2013-1\/lys-des-sables_0243.jpg?ssl=1\"><img loading=\"lazy\" decoding=\"async\" src=\"https:\/\/i0.wp.com\/mhyrdin.fr\/blog\/wordpress\/wp-content\/gallery\/juillet2013-1\/lys-des-sables_0243.jpg?h=170\" alt=\"lys des sables\" width=\"113\" height=\"170\" \/><\/a><p class=\"jig-HTMLdescription\">lys des sables<\/p><\/li><li><a href=\"https:\/\/i0.wp.com\/mhyrdin.fr\/blog\/wordpress\/wp-content\/gallery\/juillet2013-1\/nuit_0282.jpg?ssl=1\" title=\"nuit_0282\"><img loading=\"lazy\" decoding=\"async\" src=\"https:\/\/i0.wp.com\/mhyrdin.fr\/blog\/wordpress\/wp-content\/gallery\/juillet2013-1\/nuit_0282.jpg?h=170\" alt=\"nuit d&#039;orage\" width=\"255\" height=\"170\" \/><\/a><p class=\"jig-HTMLdescription\">nuit d'orage<br\/>nuit_0282<\/p><\/li><li><a href=\"https:\/\/i0.wp.com\/mhyrdin.fr\/blog\/wordpress\/wp-content\/gallery\/juillet2013-1\/rising-sun_0230.jpg?ssl=1\"><img loading=\"lazy\" decoding=\"async\" src=\"https:\/\/i0.wp.com\/mhyrdin.fr\/blog\/wordpress\/wp-content\/gallery\/juillet2013-1\/rising-sun_0230.jpg?h=170\" alt=\"Petit matin\" width=\"255\" height=\"170\" \/><\/a><p class=\"jig-HTMLdescription\">Petit matin<\/p><\/li><li><a href=\"https:\/\/i0.wp.com\/mhyrdin.fr\/blog\/wordpress\/wp-content\/gallery\/juillet2013-1\/rising-sun_0233.jpg?ssl=1\"><img loading=\"lazy\" decoding=\"async\" src=\"https:\/\/i0.wp.com\/mhyrdin.fr\/blog\/wordpress\/wp-content\/gallery\/juillet2013-1\/rising-sun_0233.jpg?h=170\" alt=\"rising-sun_0233\" width=\"332\" height=\"170\" \/><\/a><p class=\"jig-HTMLdescription\">rising-sun_0233<\/p><\/li><li><a href=\"https:\/\/i0.wp.com\/mhyrdin.fr\/blog\/wordpress\/wp-content\/gallery\/juillet2013-1\/img_0121.jpg?ssl=1\" title=\"img_0121\"><img loading=\"lazy\" decoding=\"async\" src=\"https:\/\/i0.wp.com\/mhyrdin.fr\/blog\/wordpress\/wp-content\/gallery\/juillet2013-1\/img_0121.jpg?h=170\" alt=\"Patrouille de France\" width=\"255\" height=\"170\" \/><\/a><p class=\"jig-HTMLdescription\">Patrouille de France<br\/>img_0121<\/p><\/li><li><a href=\"https:\/\/i0.wp.com\/mhyrdin.fr\/blog\/wordpress\/wp-content\/gallery\/juillet2013-1\/orge_0203.jpg?ssl=1\" title=\"orge_0203\"><img loading=\"lazy\" decoding=\"async\" src=\"https:\/\/i0.wp.com\/mhyrdin.fr\/blog\/wordpress\/wp-content\/gallery\/juillet2013-1\/orge_0203.jpg?h=170\" alt=\"Orge\" width=\"113\" height=\"170\" \/><\/a><p class=\"jig-HTMLdescription\">Orge<br\/>orge_0203<\/p><\/li><li><a href=\"https:\/\/i0.wp.com\/mhyrdin.fr\/blog\/wordpress\/wp-content\/gallery\/juillet2013-1\/peyriac-vues_0194.jpg?ssl=1\"><img loading=\"lazy\" decoding=\"async\" src=\"https:\/\/i0.wp.com\/mhyrdin.fr\/blog\/wordpress\/wp-content\/gallery\/juillet2013-1\/peyriac-vues_0194.jpg?h=170\" alt=\"Periac de mer\" width=\"255\" height=\"170\" \/><\/a><p class=\"jig-HTMLdescription\">Periac de mer<\/p><\/li><li><a href=\"https:\/\/i0.wp.com\/mhyrdin.fr\/blog\/wordpress\/wp-content\/gallery\/juillet2013-1\/img_9956.jpg?ssl=1\" title=\"img_9956\"><img loading=\"lazy\" decoding=\"async\" src=\"https:\/\/i0.wp.com\/mhyrdin.fr\/blog\/wordpress\/wp-content\/gallery\/juillet2013-1\/img_9956.jpg?h=170\" alt=\"img_9956\" width=\"255\" height=\"170\" \/><\/a><p class=\"jig-HTMLdescription\">img_9956<\/p><\/li><li><a href=\"https:\/\/i0.wp.com\/mhyrdin.fr\/blog\/wordpress\/wp-content\/gallery\/juillet2013-1\/img_9962.jpg?ssl=1\" title=\"img_9962\"><img loading=\"lazy\" decoding=\"async\" src=\"https:\/\/i0.wp.com\/mhyrdin.fr\/blog\/wordpress\/wp-content\/gallery\/juillet2013-1\/img_9962.jpg?h=170\" alt=\"img_9962\" width=\"317\" height=\"170\" \/><\/a><p class=\"jig-HTMLdescription\">img_9962<\/p><\/li><li><a href=\"https:\/\/i0.wp.com\/mhyrdin.fr\/blog\/wordpress\/wp-content\/gallery\/juillet2013-1\/chateau-ephemere_9974.jpg?ssl=1\"><img loading=\"lazy\" decoding=\"async\" src=\"https:\/\/i0.wp.com\/mhyrdin.fr\/blog\/wordpress\/wp-content\/gallery\/juillet2013-1\/chateau-ephemere_9974.jpg?h=170\" alt=\"Le chateau \u00e9ph\u00e9m\u00e8re\" width=\"255\" height=\"170\" \/><\/a><p class=\"jig-HTMLdescription\">Le chateau \u00e9ph\u00e9m\u00e8re<\/p><\/li><li><a href=\"https:\/\/i0.wp.com\/mhyrdin.fr\/blog\/wordpress\/wp-content\/gallery\/juillet2013-1\/rising-sun_9969.jpg?ssl=1\"><img loading=\"lazy\" decoding=\"async\" src=\"https:\/\/i0.wp.com\/mhyrdin.fr\/blog\/wordpress\/wp-content\/gallery\/juillet2013-1\/rising-sun_9969.jpg?h=170\" alt=\"rising-sun_9969\" width=\"298\" height=\"170\" \/><\/a><p class=\"jig-HTMLdescription\">rising-sun_9969<\/p><\/li><li><a href=\"https:\/\/i0.wp.com\/mhyrdin.fr\/blog\/wordpress\/wp-content\/gallery\/juillet2013-1\/avoine_9079.jpg?ssl=1\" title=\"avoine_9079\"><img loading=\"lazy\" decoding=\"async\" src=\"https:\/\/i0.wp.com\/mhyrdin.fr\/blog\/wordpress\/wp-content\/gallery\/juillet2013-1\/avoine_9079.jpg?h=170\" alt=\"Avoine sauvage\" width=\"113\" height=\"170\" \/><\/a><p class=\"jig-HTMLdescription\">Avoine sauvage<br\/>avoine_9079<\/p><\/li><li><a href=\"https:\/\/i0.wp.com\/mhyrdin.fr\/blog\/wordpress\/wp-content\/gallery\/juillet2013-1\/avoine_9224.jpg?ssl=1\" title=\"avoine_9224\"><img loading=\"lazy\" decoding=\"async\" src=\"https:\/\/i0.wp.com\/mhyrdin.fr\/blog\/wordpress\/wp-content\/gallery\/juillet2013-1\/avoine_9224.jpg?h=170\" alt=\"Avoine sauvage\" width=\"255\" height=\"170\" \/><\/a><p class=\"jig-HTMLdescription\">Avoine sauvage<br\/>avoine_9224<\/p><\/li><li><a href=\"https:\/\/i0.wp.com\/mhyrdin.fr\/blog\/wordpress\/wp-content\/gallery\/juillet2013-1\/down_4860.jpg?ssl=1\" title=\"down_4860\"><img loading=\"lazy\" decoding=\"async\" src=\"https:\/\/i0.wp.com\/mhyrdin.fr\/blog\/wordpress\/wp-content\/gallery\/juillet2013-1\/down_4860.jpg?h=170\" alt=\"Soir d&#039;\u00e9t\u00e9\" width=\"255\" height=\"170\" \/><\/a><p class=\"jig-HTMLdescription\">Soir d'\u00e9t\u00e9<br\/>down_4860<\/p><\/li><li><a href=\"https:\/\/i0.wp.com\/mhyrdin.fr\/blog\/wordpress\/wp-content\/gallery\/juillet2013-1\/down_4876.jpg?ssl=1\" title=\"down_4876\"><img loading=\"lazy\" decoding=\"async\" src=\"https:\/\/i0.wp.com\/mhyrdin.fr\/blog\/wordpress\/wp-content\/gallery\/juillet2013-1\/down_4876.jpg?h=170\" alt=\"Soir d&#039;\u00e9t\u00e9 II\" width=\"287\" height=\"170\" \/><\/a><p class=\"jig-HTMLdescription\">Soir d'\u00e9t\u00e9 II<br\/>down_4876<\/p><\/li><\/ul><\/noscript><\/div><div id=\"jig1-developerLink\" class=\"jig-developerLink\"><a href=\"https:\/\/justifiedgrid.com\/\" target=\"_blank\" title=\"Justified Image Grid - Premium WordPress Gallery\">powered by Justified Image Grid<\/a><\/div>\n<h3>Related Images:<\/h3>","protected":false},"excerpt":{"rendered":"<p>27 juillet 6h30 !img_0239lys des sableslys des sableslys des sablesnuit d&rsquo;oragenuit_0282Petit matinrising-sun_0233Patrouille de Franceimg_0121Orgeorge_0203Periac de merimg_9956img_9962Le chateau \u00e9ph\u00e9m\u00e8rerising-sun_9969Avoine sauvageavoine_9079Avoine sauvageavoine_9224Soir d&rsquo;\u00e9t\u00e9down_4860Soir d&rsquo;\u00e9t\u00e9 IIdown_4876powered by Justified Image Grid Related Images:<\/p>\n","protected":false},"author":4,"featured_media":0,"parent":2088,"menu_order":0,"comment_status":"closed","ping_status":"closed","template":"","meta":{"ngg_post_thumbnail":0,"jetpack_post_was_ever_published":false,"footnotes":"","_links_to":"","_links_to_target":""},"class_list":["post-24298","page","type-page","status-publish","hentry"],"jetpack_shortlink":"https:\/\/wp.me\/P9lSZN-6jU","jetpack_sharing_enabled":true,"_links":{"self":[{"href":"https:\/\/mhyrdin.fr\/blog\/wp-json\/wp\/v2\/pages\/24298","targetHints":{"allow":["GET"]}}],"collection":[{"href":"https:\/\/mhyrdin.fr\/blog\/wp-json\/wp\/v2\/pages"}],"about":[{"href":"https:\/\/mhyrdin.fr\/blog\/wp-json\/wp\/v2\/types\/page"}],"author":[{"embeddable":true,"href":"https:\/\/mhyrdin.fr\/blog\/wp-json\/wp\/v2\/users\/4"}],"replies":[{"embeddable":true,"href":"https:\/\/mhyrdin.fr\/blog\/wp-json\/wp\/v2\/comments?post=24298"}],"version-history":[{"count":0,"href":"https:\/\/mhyrdin.fr\/blog\/wp-json\/wp\/v2\/pages\/24298\/revisions"}],"up":[{"embeddable":true,"href":"https:\/\/mhyrdin.fr\/blog\/wp-json\/wp\/v2\/pages\/2088"}],"wp:attachment":[{"href":"https:\/\/mhyrdin.fr\/blog\/wp-json\/wp\/v2\/media?parent=24298"}],"curies":[{"name":"wp","href":"https:\/\/api.w.org\/{rel}","templated":true}]}}