{"id":24285,"date":"2022-10-23T18:30:15","date_gmt":"2022-10-23T16:30:15","guid":{"rendered":"https:\/\/mhyrdin.fr\/blog\/2013-2\/juillet\/juillet-fleurs-et-papillons\/"},"modified":"2022-10-23T18:30:15","modified_gmt":"2022-10-23T16:30:15","slug":"juillet-fleurs-et-papillons","status":"publish","type":"page","link":"https:\/\/mhyrdin.fr\/blog\/archives-numeriques\/2013-2\/juillet\/juillet-fleurs-et-papillons\/","title":{"rendered":"Juillet, fleurs et papillons"},"content":{"rendered":"<div id=\"jig1\" class=\"justified-image-grid jig-3e792957f42f5dfe881b70f56624153d jig-preset-global jig-source-nextgen\"><div class=\"jig-clearfix\"><\/div><noscript id=\"jig1-html\" class=\"justified-image-grid-html\" data-lazy-src=\"skiplazyload\" data-src=\"skipunveillazyload\"><ul><li><a href=\"https:\/\/i0.wp.com\/mhyrdin.fr\/blog\/wordpress\/wp-content\/gallery\/juillet2013-3\/satyre_9198.jpg?ssl=1\" title=\"satyre_9198\"><img loading=\"lazy\" decoding=\"async\" src=\"https:\/\/i0.wp.com\/mhyrdin.fr\/blog\/wordpress\/wp-content\/gallery\/juillet2013-3\/satyre_9198.jpg?h=170\" alt=\"Satyre\" width=\"231\" height=\"170\" \/><\/a><p class=\"jig-HTMLdescription\">Satyre<br\/>satyre_9198<\/p><\/li><li><a href=\"https:\/\/i0.wp.com\/mhyrdin.fr\/blog\/wordpress\/wp-content\/gallery\/juillet2013-3\/echiquier_8992.jpg?ssl=1\" title=\"echiquier_8992\"><img loading=\"lazy\" decoding=\"async\" src=\"https:\/\/i0.wp.com\/mhyrdin.fr\/blog\/wordpress\/wp-content\/gallery\/juillet2013-3\/echiquier_8992.jpg?h=170\" alt=\"\u00c9chiquier ib\u00e9rique\" width=\"231\" height=\"170\" \/><\/a><p class=\"jig-HTMLdescription\">\u00c9chiquier ib\u00e9rique<br\/>echiquier_8992<\/p><\/li><li><a href=\"https:\/\/i0.wp.com\/mhyrdin.fr\/blog\/wordpress\/wp-content\/gallery\/juillet2013-3\/belle-dame_9149.jpg?ssl=1\"><img loading=\"lazy\" decoding=\"async\" src=\"https:\/\/i0.wp.com\/mhyrdin.fr\/blog\/wordpress\/wp-content\/gallery\/juillet2013-3\/belle-dame_9149.jpg?h=170\" alt=\"Belle-Dame\" width=\"106\" height=\"170\" \/><\/a><p class=\"jig-HTMLdescription\">Belle-Dame<\/p><\/li><li><a href=\"https:\/\/i0.wp.com\/mhyrdin.fr\/blog\/wordpress\/wp-content\/gallery\/juillet2013-3\/echiquier_8995.jpg?ssl=1\" title=\"echiquier_8995\"><img loading=\"lazy\" decoding=\"async\" src=\"https:\/\/i0.wp.com\/mhyrdin.fr\/blog\/wordpress\/wp-content\/gallery\/juillet2013-3\/echiquier_8995.jpg?h=170\" alt=\"\u00c9chiquier ib\u00e9rique\" width=\"231\" height=\"170\" \/><\/a><p class=\"jig-HTMLdescription\">\u00c9chiquier ib\u00e9rique<br\/>echiquier_8995<\/p><\/li><li><a href=\"https:\/\/i0.wp.com\/mhyrdin.fr\/blog\/wordpress\/wp-content\/gallery\/juillet2013-3\/argus-bleu_9065.jpg?ssl=1\"><img loading=\"lazy\" decoding=\"async\" src=\"https:\/\/i0.wp.com\/mhyrdin.fr\/blog\/wordpress\/wp-content\/gallery\/juillet2013-3\/argus-bleu_9065.jpg?h=170\" alt=\"Argus bleu\" width=\"231\" height=\"170\" \/><\/a><p class=\"jig-HTMLdescription\">Argus bleu<\/p><\/li><li><a href=\"https:\/\/i0.wp.com\/mhyrdin.fr\/blog\/wordpress\/wp-content\/gallery\/juillet2013-3\/fadet-des-garrigues_8982.jpg?ssl=1\"><img loading=\"lazy\" decoding=\"async\" src=\"https:\/\/i0.wp.com\/mhyrdin.fr\/blog\/wordpress\/wp-content\/gallery\/juillet2013-3\/fadet-des-garrigues_8982.jpg?h=170\" alt=\"Fadet des garrigues\" width=\"231\" height=\"170\" \/><\/a><p class=\"jig-HTMLdescription\">Fadet des garrigues<\/p><\/li><li><a href=\"https:\/\/i0.wp.com\/mhyrdin.fr\/blog\/wordpress\/wp-content\/gallery\/juillet2013-3\/grande-coronide_9193.jpg?ssl=1\"><img loading=\"lazy\" decoding=\"async\" src=\"https:\/\/i0.wp.com\/mhyrdin.fr\/blog\/wordpress\/wp-content\/gallery\/juillet2013-3\/grande-coronide_9193.jpg?h=170\" alt=\"Araign\u00e9e crabe\" width=\"106\" height=\"170\" \/><\/a><p class=\"jig-HTMLdescription\">Araign\u00e9e crabe<\/p><\/li><li><a href=\"https:\/\/i0.wp.com\/mhyrdin.fr\/blog\/wordpress\/wp-content\/gallery\/juillet2013-3\/chicoree-amere_9153.jpg?ssl=1\"><img loading=\"lazy\" decoding=\"async\" src=\"https:\/\/i0.wp.com\/mhyrdin.fr\/blog\/wordpress\/wp-content\/gallery\/juillet2013-3\/chicoree-amere_9153.jpg?h=170\" alt=\"Urospermum\" width=\"231\" height=\"170\" \/><\/a><p class=\"jig-HTMLdescription\">Urospermum<\/p><\/li><li><a href=\"https:\/\/i0.wp.com\/mhyrdin.fr\/blog\/wordpress\/wp-content\/gallery\/juillet2013-3\/mauve_9238.jpg?ssl=1\" title=\"mauve_9238\"><img loading=\"lazy\" decoding=\"async\" src=\"https:\/\/i0.wp.com\/mhyrdin.fr\/blog\/wordpress\/wp-content\/gallery\/juillet2013-3\/mauve_9238.jpg?h=170\" alt=\"Mauve\" width=\"231\" height=\"170\" \/><\/a><p class=\"jig-HTMLdescription\">Mauve<br\/>mauve_9238<\/p><\/li><li><a href=\"https:\/\/i0.wp.com\/mhyrdin.fr\/blog\/wordpress\/wp-content\/gallery\/juillet2013-3\/leuzee_9240.jpg?ssl=1\" title=\"leuzee_9240\"><img loading=\"lazy\" decoding=\"async\" src=\"https:\/\/i0.wp.com\/mhyrdin.fr\/blog\/wordpress\/wp-content\/gallery\/juillet2013-3\/leuzee_9240.jpg?h=170\" alt=\"Leuz\u00e9e\" width=\"106\" height=\"170\" \/><\/a><p class=\"jig-HTMLdescription\">Leuz\u00e9e<br\/>leuzee_9240<\/p><\/li><li><a href=\"https:\/\/i0.wp.com\/mhyrdin.fr\/blog\/wordpress\/wp-content\/gallery\/juillet2013-3\/leuzee_9241.jpg?ssl=1\" title=\"leuzee_9241\"><img loading=\"lazy\" decoding=\"async\" src=\"https:\/\/i0.wp.com\/mhyrdin.fr\/blog\/wordpress\/wp-content\/gallery\/juillet2013-3\/leuzee_9241.jpg?h=170\" alt=\"Leuz\u00e9e\" width=\"106\" height=\"170\" \/><\/a><p class=\"jig-HTMLdescription\">Leuz\u00e9e<br\/>leuzee_9241<\/p><\/li><li><a href=\"https:\/\/i0.wp.com\/mhyrdin.fr\/blog\/wordpress\/wp-content\/gallery\/juillet2013-3\/leuzee_9242.jpg?ssl=1\" title=\"leuzee_9242\"><img loading=\"lazy\" decoding=\"async\" src=\"https:\/\/i0.wp.com\/mhyrdin.fr\/blog\/wordpress\/wp-content\/gallery\/juillet2013-3\/leuzee_9242.jpg?h=170\" alt=\"Leuz\u00e9e\" width=\"106\" height=\"170\" \/><\/a><p class=\"jig-HTMLdescription\">Leuz\u00e9e<br\/>leuzee_9242<\/p><\/li><li><a href=\"https:\/\/i0.wp.com\/mhyrdin.fr\/blog\/wordpress\/wp-content\/gallery\/juillet2013-3\/flambe-iberique_0145.jpg?ssl=1\"><img loading=\"lazy\" decoding=\"async\" src=\"https:\/\/i0.wp.com\/mhyrdin.fr\/blog\/wordpress\/wp-content\/gallery\/juillet2013-3\/flambe-iberique_0145.jpg?h=170\" alt=\"Flamb\u00e9 ib\u00e9rique\" width=\"231\" height=\"170\" \/><\/a><p class=\"jig-HTMLdescription\">Flamb\u00e9 ib\u00e9rique<\/p><\/li><li><a href=\"https:\/\/i0.wp.com\/mhyrdin.fr\/blog\/wordpress\/wp-content\/gallery\/juillet2013-3\/cisticole_0066.jpg?ssl=1\" title=\"cisticole_0066\"><img loading=\"lazy\" decoding=\"async\" src=\"https:\/\/i0.wp.com\/mhyrdin.fr\/blog\/wordpress\/wp-content\/gallery\/juillet2013-3\/cisticole_0066.jpg?h=170\" alt=\"Cisticole des joncs\" width=\"106\" height=\"170\" \/><\/a><p class=\"jig-HTMLdescription\">Cisticole des joncs<br\/>cisticole_0066<\/p><\/li><li><a href=\"https:\/\/i0.wp.com\/mhyrdin.fr\/blog\/wordpress\/wp-content\/gallery\/juillet2013-3\/ciste_400mm_9792.jpg?ssl=1\" title=\"ciste_400mm_9792\"><img loading=\"lazy\" decoding=\"async\" src=\"https:\/\/i0.wp.com\/mhyrdin.fr\/blog\/wordpress\/wp-content\/gallery\/juillet2013-3\/ciste_400mm_9792.jpg?h=170\" alt=\"Ciste\" width=\"231\" height=\"170\" \/><\/a><p class=\"jig-HTMLdescription\">Ciste<br\/>ciste_400mm_9792<\/p><\/li><li><a href=\"https:\/\/i0.wp.com\/mhyrdin.fr\/blog\/wordpress\/wp-content\/gallery\/juillet2013-3\/amaryllis_9728.jpg?ssl=1\" title=\"amaryllis_9728\"><img loading=\"lazy\" decoding=\"async\" src=\"https:\/\/i0.wp.com\/mhyrdin.fr\/blog\/wordpress\/wp-content\/gallery\/juillet2013-3\/amaryllis_9728.jpg?h=170\" alt=\"Amaryllis\" width=\"231\" height=\"170\" \/><\/a><p class=\"jig-HTMLdescription\">Amaryllis<br\/>amaryllis_9728<\/p><\/li><li><a href=\"https:\/\/i0.wp.com\/mhyrdin.fr\/blog\/wordpress\/wp-content\/gallery\/juillet2013-3\/limantria-dispar_9899.jpg?ssl=1\"><img loading=\"lazy\" decoding=\"async\" src=\"https:\/\/i0.wp.com\/mhyrdin.fr\/blog\/wordpress\/wp-content\/gallery\/juillet2013-3\/limantria-dispar_9899.jpg?h=170\" alt=\"Le disparate - limantria dispar\" width=\"255\" height=\"170\" \/><\/a><p class=\"jig-HTMLdescription\">Le disparate - limantria dispar<\/p><\/li><li><a href=\"https:\/\/i0.wp.com\/mhyrdin.fr\/blog\/wordpress\/wp-content\/gallery\/juillet2013-3\/limantria-dispar_9897.jpg?ssl=1\"><img loading=\"lazy\" decoding=\"async\" src=\"https:\/\/i0.wp.com\/mhyrdin.fr\/blog\/wordpress\/wp-content\/gallery\/juillet2013-3\/limantria-dispar_9897.jpg?h=170\" alt=\"Le disparate - limantria dispar\" width=\"231\" height=\"170\" \/><\/a><p class=\"jig-HTMLdescription\">Le disparate - limantria dispar<\/p><\/li><li><a href=\"https:\/\/i0.wp.com\/mhyrdin.fr\/blog\/wordpress\/wp-content\/gallery\/juillet2013-3\/disparate-lymantria-dispar_9535.jpg?ssl=1\"><img loading=\"lazy\" decoding=\"async\" src=\"https:\/\/i0.wp.com\/mhyrdin.fr\/blog\/wordpress\/wp-content\/gallery\/juillet2013-3\/disparate-lymantria-dispar_9535.jpg?h=170\" alt=\"Le Disparate - lymantria dispar\" width=\"231\" height=\"170\" \/><\/a><p class=\"jig-HTMLdescription\">Le Disparate - lymantria dispar<\/p><\/li><li><a href=\"https:\/\/i0.wp.com\/mhyrdin.fr\/blog\/wordpress\/wp-content\/gallery\/juillet2013-3\/limantria-dispar_9879.jpg?ssl=1\"><img loading=\"lazy\" decoding=\"async\" src=\"https:\/\/i0.wp.com\/mhyrdin.fr\/blog\/wordpress\/wp-content\/gallery\/juillet2013-3\/limantria-dispar_9879.jpg?h=170\" alt=\"Le disparate - limantria dispar\" width=\"231\" height=\"170\" \/><\/a><p class=\"jig-HTMLdescription\">Le disparate - limantria dispar<\/p><\/li><li><a href=\"https:\/\/i0.wp.com\/mhyrdin.fr\/blog\/wordpress\/wp-content\/gallery\/juillet2013-3\/limantria-dispar_9911.jpg?ssl=1\"><img loading=\"lazy\" decoding=\"async\" src=\"https:\/\/i0.wp.com\/mhyrdin.fr\/blog\/wordpress\/wp-content\/gallery\/juillet2013-3\/limantria-dispar_9911.jpg?h=170\" alt=\"Le disparate - limantria dispar\" width=\"231\" height=\"170\" \/><\/a><p class=\"jig-HTMLdescription\">Le disparate - limantria dispar<\/p><\/li><li><a href=\"https:\/\/i0.wp.com\/mhyrdin.fr\/blog\/wordpress\/wp-content\/gallery\/juillet2013-3\/chevron-blanc_9725.jpg?ssl=1\"><img loading=\"lazy\" decoding=\"async\" src=\"https:\/\/i0.wp.com\/mhyrdin.fr\/blog\/wordpress\/wp-content\/gallery\/juillet2013-3\/chevron-blanc_9725.jpg?h=170\" alt=\"Chevron blanc\" width=\"231\" height=\"170\" \/><\/a><p class=\"jig-HTMLdescription\">Chevron blanc<\/p><\/li><li><a href=\"https:\/\/i0.wp.com\/mhyrdin.fr\/blog\/wordpress\/wp-content\/gallery\/juillet2013-3\/citron-de-provence_9755.jpg?ssl=1\"><img loading=\"lazy\" decoding=\"async\" src=\"https:\/\/i0.wp.com\/mhyrdin.fr\/blog\/wordpress\/wp-content\/gallery\/juillet2013-3\/citron-de-provence_9755.jpg?h=170\" alt=\"Citron de Provence\" width=\"231\" height=\"170\" \/><\/a><p class=\"jig-HTMLdescription\">Citron de Provence<\/p><\/li><li><a href=\"https:\/\/i0.wp.com\/mhyrdin.fr\/blog\/wordpress\/wp-content\/gallery\/juillet2013-3\/citron-de-provence_9767.jpg?ssl=1\"><img loading=\"lazy\" decoding=\"async\" src=\"https:\/\/i0.wp.com\/mhyrdin.fr\/blog\/wordpress\/wp-content\/gallery\/juillet2013-3\/citron-de-provence_9767.jpg?h=170\" alt=\"Citron de Provence\" width=\"231\" height=\"170\" \/><\/a><p class=\"jig-HTMLdescription\">Citron de Provence<\/p><\/li><li><a href=\"https:\/\/i0.wp.com\/mhyrdin.fr\/blog\/wordpress\/wp-content\/gallery\/juillet2013-3\/echiquier_9712.jpg?ssl=1\" title=\"echiquier_9712\"><img loading=\"lazy\" decoding=\"async\" src=\"https:\/\/i0.wp.com\/mhyrdin.fr\/blog\/wordpress\/wp-content\/gallery\/juillet2013-3\/echiquier_9712.jpg?h=170\" alt=\"\u00c9chiquier ib\u00e9rique\" width=\"231\" height=\"170\" \/><\/a><p class=\"jig-HTMLdescription\">\u00c9chiquier ib\u00e9rique<br\/>echiquier_9712<\/p><\/li><\/ul><\/noscript><\/div><div id=\"jig1-developerLink\" class=\"jig-developerLink\"><a href=\"https:\/\/justifiedgrid.com\/\" target=\"_blank\" title=\"Justified Image Grid - Premium WordPress Gallery\">powered by Justified Image Grid<\/a><\/div>\n<h3>Related Images:<\/h3>","protected":false},"excerpt":{"rendered":"<p>Satyresatyre_9198\u00c9chiquier ib\u00e9riqueechiquier_8992Belle-Dame\u00c9chiquier ib\u00e9riqueechiquier_8995Argus bleuFadet des garriguesAraign\u00e9e crabeUrospermumMauvemauve_9238Leuz\u00e9eleuzee_9240Leuz\u00e9eleuzee_9241Leuz\u00e9eleuzee_9242Flamb\u00e9 ib\u00e9riqueCisticole des joncscisticole_0066Cisteciste_400mm_9792Amaryllisamaryllis_9728Le disparate &#8211; limantria disparLe disparate &#8211; limantria disparLe Disparate &#8211; lymantria disparLe disparate &#8211; limantria disparLe disparate &#8211; limantria disparChevron blancCitron de ProvenceCitron de Provence\u00c9chiquier ib\u00e9riqueechiquier_9712powered by Justified Image Grid Related Images:<\/p>\n","protected":false},"author":4,"featured_media":0,"parent":2088,"menu_order":0,"comment_status":"closed","ping_status":"closed","template":"","meta":{"ngg_post_thumbnail":0,"jetpack_post_was_ever_published":false,"footnotes":"","_links_to":"","_links_to_target":""},"class_list":["post-24285","page","type-page","status-publish","hentry"],"jetpack_shortlink":"https:\/\/wp.me\/P9lSZN-6jH","jetpack_sharing_enabled":true,"_links":{"self":[{"href":"https:\/\/mhyrdin.fr\/blog\/wp-json\/wp\/v2\/pages\/24285","targetHints":{"allow":["GET"]}}],"collection":[{"href":"https:\/\/mhyrdin.fr\/blog\/wp-json\/wp\/v2\/pages"}],"about":[{"href":"https:\/\/mhyrdin.fr\/blog\/wp-json\/wp\/v2\/types\/page"}],"author":[{"embeddable":true,"href":"https:\/\/mhyrdin.fr\/blog\/wp-json\/wp\/v2\/users\/4"}],"replies":[{"embeddable":true,"href":"https:\/\/mhyrdin.fr\/blog\/wp-json\/wp\/v2\/comments?post=24285"}],"version-history":[{"count":0,"href":"https:\/\/mhyrdin.fr\/blog\/wp-json\/wp\/v2\/pages\/24285\/revisions"}],"up":[{"embeddable":true,"href":"https:\/\/mhyrdin.fr\/blog\/wp-json\/wp\/v2\/pages\/2088"}],"wp:attachment":[{"href":"https:\/\/mhyrdin.fr\/blog\/wp-json\/wp\/v2\/media?parent=24285"}],"curies":[{"name":"wp","href":"https:\/\/api.w.org\/{rel}","templated":true}]}}