{"id":24221,"date":"2022-10-23T18:25:26","date_gmt":"2022-10-23T16:25:26","guid":{"rendered":"https:\/\/mhyrdin.fr\/blog\/juillet-des-oiseaux\/"},"modified":"2022-10-23T18:50:59","modified_gmt":"2022-10-23T16:50:59","slug":"juillet-des-oiseaux","status":"publish","type":"page","link":"https:\/\/mhyrdin.fr\/blog\/archives-numeriques\/2013-2\/juillet\/juillet-des-oiseaux\/","title":{"rendered":"Juillet, des oiseaux"},"content":{"rendered":"<div id=\"jig1\" class=\"justified-image-grid jig-b184b81892fd308eeac09ea43a2d60a5 jig-preset-global jig-source-nextgen\"><div class=\"jig-clearfix\"><\/div><noscript id=\"jig1-html\" class=\"justified-image-grid-html\" data-lazy-src=\"skiplazyload\" data-src=\"skipunveillazyload\"><ul><li><a href=\"https:\/\/i0.wp.com\/mhyrdin.fr\/blog\/wordpress\/wp-content\/gallery\/juillet2013-2\/bergeronnette-printaniere_9365.jpg?ssl=1\"><img loading=\"lazy\" decoding=\"async\" src=\"https:\/\/i0.wp.com\/mhyrdin.fr\/blog\/wordpress\/wp-content\/gallery\/juillet2013-2\/bergeronnette-printaniere_9365.jpg?h=170\" alt=\"Bergeronnette printani\u00e8re\" width=\"231\" height=\"170\" \/><\/a><p class=\"jig-HTMLdescription\">Bergeronnette printani\u00e8re<\/p><\/li><li><a href=\"https:\/\/i0.wp.com\/mhyrdin.fr\/blog\/wordpress\/wp-content\/gallery\/juillet2013-2\/bergeronnette-printaniere_9396.jpg?ssl=1\"><img loading=\"lazy\" decoding=\"async\" src=\"https:\/\/i0.wp.com\/mhyrdin.fr\/blog\/wordpress\/wp-content\/gallery\/juillet2013-2\/bergeronnette-printaniere_9396.jpg?h=170\" alt=\"Bergeronnette printani\u00e8re\" width=\"231\" height=\"170\" \/><\/a><p class=\"jig-HTMLdescription\">Bergeronnette printani\u00e8re<\/p><\/li><li><a href=\"https:\/\/i0.wp.com\/mhyrdin.fr\/blog\/wordpress\/wp-content\/gallery\/juillet2013-2\/chevalier-sylvain_9434.jpg?ssl=1\"><img loading=\"lazy\" decoding=\"async\" src=\"https:\/\/i0.wp.com\/mhyrdin.fr\/blog\/wordpress\/wp-content\/gallery\/juillet2013-2\/chevalier-sylvain_9434.jpg?h=170\" alt=\"Chevalier sylvain\" width=\"231\" height=\"170\" \/><\/a><p class=\"jig-HTMLdescription\">Chevalier sylvain<\/p><\/li><li><a href=\"https:\/\/i0.wp.com\/mhyrdin.fr\/blog\/wordpress\/wp-content\/gallery\/juillet2013-2\/chevalier-sylvain_9452.jpg?ssl=1\"><img loading=\"lazy\" decoding=\"async\" src=\"https:\/\/i0.wp.com\/mhyrdin.fr\/blog\/wordpress\/wp-content\/gallery\/juillet2013-2\/chevalier-sylvain_9452.jpg?h=170\" alt=\"Chevalier sylvain\" width=\"231\" height=\"170\" \/><\/a><p class=\"jig-HTMLdescription\">Chevalier sylvain<\/p><\/li><li><a href=\"https:\/\/i0.wp.com\/mhyrdin.fr\/blog\/wordpress\/wp-content\/gallery\/juillet2013-2\/combattant-varie_9444.jpg?ssl=1\"><img loading=\"lazy\" decoding=\"async\" src=\"https:\/\/i0.wp.com\/mhyrdin.fr\/blog\/wordpress\/wp-content\/gallery\/juillet2013-2\/combattant-varie_9444.jpg?h=170\" alt=\"Combattant vari\u00e9\" width=\"231\" height=\"170\" \/><\/a><p class=\"jig-HTMLdescription\">Combattant vari\u00e9<\/p><\/li><li><a href=\"https:\/\/i0.wp.com\/mhyrdin.fr\/blog\/wordpress\/wp-content\/gallery\/juillet2013-2\/cochevis_8938.jpg?ssl=1\" title=\"cochevis_8938\"><img loading=\"lazy\" decoding=\"async\" src=\"https:\/\/i0.wp.com\/mhyrdin.fr\/blog\/wordpress\/wp-content\/gallery\/juillet2013-2\/cochevis_8938.jpg?h=170\" alt=\"Cochevis hupp\u00e9\" width=\"231\" height=\"170\" \/><\/a><p class=\"jig-HTMLdescription\">Cochevis hupp\u00e9<br\/>cochevis_8938<\/p><\/li><li><a href=\"https:\/\/i0.wp.com\/mhyrdin.fr\/blog\/wordpress\/wp-content\/gallery\/juillet2013-2\/cochevis_8939.jpg?ssl=1\" title=\"cochevis_8939\"><img loading=\"lazy\" decoding=\"async\" src=\"https:\/\/i0.wp.com\/mhyrdin.fr\/blog\/wordpress\/wp-content\/gallery\/juillet2013-2\/cochevis_8939.jpg?h=170\" alt=\"Cochevis hupp\u00e9\" width=\"231\" height=\"170\" \/><\/a><p class=\"jig-HTMLdescription\">Cochevis hupp\u00e9<br\/>cochevis_8939<\/p><\/li><li><a href=\"https:\/\/i0.wp.com\/mhyrdin.fr\/blog\/wordpress\/wp-content\/gallery\/juillet2013-2\/martinets_9040.jpg?ssl=1\" title=\"martinets_9040\"><img loading=\"lazy\" decoding=\"async\" src=\"https:\/\/i0.wp.com\/mhyrdin.fr\/blog\/wordpress\/wp-content\/gallery\/juillet2013-2\/martinets_9040.jpg?h=170\" alt=\"Martinet noir\" width=\"231\" height=\"170\" \/><\/a><p class=\"jig-HTMLdescription\">Martinet noir<br\/>martinets_9040<\/p><\/li><li><a href=\"https:\/\/i0.wp.com\/mhyrdin.fr\/blog\/wordpress\/wp-content\/gallery\/juillet2013-2\/hirondelle_9269.jpg?ssl=1\" title=\"hirondelle_9269\"><img loading=\"lazy\" decoding=\"async\" src=\"https:\/\/i0.wp.com\/mhyrdin.fr\/blog\/wordpress\/wp-content\/gallery\/juillet2013-2\/hirondelle_9269.jpg?h=170\" alt=\"Hirondelles rustiques (juv\u00e9niles)\" width=\"231\" height=\"170\" \/><\/a><p class=\"jig-HTMLdescription\">Hirondelles rustiques (juv\u00e9niles)<br\/>hirondelle_9269<\/p><\/li><li><a href=\"https:\/\/i0.wp.com\/mhyrdin.fr\/blog\/wordpress\/wp-content\/gallery\/juillet2013-2\/hirondelle_9262.jpg?ssl=1\" title=\"hirondelle_9262\"><img loading=\"lazy\" decoding=\"async\" src=\"https:\/\/i0.wp.com\/mhyrdin.fr\/blog\/wordpress\/wp-content\/gallery\/juillet2013-2\/hirondelle_9262.jpg?h=170\" alt=\"Hirondelles rustiques\" width=\"231\" height=\"170\" \/><\/a><p class=\"jig-HTMLdescription\">Hirondelles rustiques<br\/>hirondelle_9262<\/p><\/li><li><a href=\"https:\/\/i0.wp.com\/mhyrdin.fr\/blog\/wordpress\/wp-content\/gallery\/juillet2013-2\/hirondelle_9292.jpg?ssl=1\" title=\"hirondelle_9292\"><img loading=\"lazy\" decoding=\"async\" src=\"https:\/\/i0.wp.com\/mhyrdin.fr\/blog\/wordpress\/wp-content\/gallery\/juillet2013-2\/hirondelle_9292.jpg?h=170\" alt=\"Hirondelles rustiques\" width=\"231\" height=\"170\" \/><\/a><p class=\"jig-HTMLdescription\">Hirondelles rustiques<br\/>hirondelle_9292<\/p><\/li><li><a href=\"https:\/\/i0.wp.com\/mhyrdin.fr\/blog\/wordpress\/wp-content\/gallery\/juillet2013-2\/hirondelles_9291.jpg?ssl=1\" title=\"hirondelles_9291\"><img loading=\"lazy\" decoding=\"async\" src=\"https:\/\/i0.wp.com\/mhyrdin.fr\/blog\/wordpress\/wp-content\/gallery\/juillet2013-2\/hirondelles_9291.jpg?h=170\" alt=\"Hirondelles rustiques\" width=\"231\" height=\"170\" \/><\/a><p class=\"jig-HTMLdescription\">Hirondelles rustiques<br\/>hirondelles_9291<\/p><\/li><li><a href=\"https:\/\/i0.wp.com\/mhyrdin.fr\/blog\/wordpress\/wp-content\/gallery\/juillet2013-2\/hirondelle_9293.jpg?ssl=1\" title=\"hirondelle_9293\"><img loading=\"lazy\" decoding=\"async\" src=\"https:\/\/i0.wp.com\/mhyrdin.fr\/blog\/wordpress\/wp-content\/gallery\/juillet2013-2\/hirondelle_9293.jpg?h=170\" alt=\"Hirondelles rustiques\" width=\"215\" height=\"170\" \/><\/a><p class=\"jig-HTMLdescription\">Hirondelles rustiques<br\/>hirondelle_9293<\/p><\/li><li><a href=\"https:\/\/i0.wp.com\/mhyrdin.fr\/blog\/wordpress\/wp-content\/gallery\/juillet2013-2\/pipit-rousseline_9613.jpg?ssl=1\"><img loading=\"lazy\" decoding=\"async\" src=\"https:\/\/i0.wp.com\/mhyrdin.fr\/blog\/wordpress\/wp-content\/gallery\/juillet2013-2\/pipit-rousseline_9613.jpg?h=170\" alt=\"Pipit rousseline - juv\u00e9nile\" width=\"231\" height=\"170\" \/><\/a><p class=\"jig-HTMLdescription\">Pipit rousseline - juv\u00e9nile<\/p><\/li><li><a href=\"https:\/\/i0.wp.com\/mhyrdin.fr\/blog\/wordpress\/wp-content\/gallery\/juillet2013-2\/chardonneret_9651.jpg?ssl=1\" title=\"chardonneret_9651\"><img loading=\"lazy\" decoding=\"async\" src=\"https:\/\/i0.wp.com\/mhyrdin.fr\/blog\/wordpress\/wp-content\/gallery\/juillet2013-2\/chardonneret_9651.jpg?h=170\" alt=\"Chardonnerets \u00e9l\u00e9gants\" width=\"231\" height=\"170\" \/><\/a><p class=\"jig-HTMLdescription\">Chardonnerets \u00e9l\u00e9gants<br\/>chardonneret_9651<\/p><\/li><li><a href=\"https:\/\/i0.wp.com\/mhyrdin.fr\/blog\/wordpress\/wp-content\/gallery\/juillet2013-2\/fauvette-melano_9561.jpg?ssl=1\"><img loading=\"lazy\" decoding=\"async\" src=\"https:\/\/i0.wp.com\/mhyrdin.fr\/blog\/wordpress\/wp-content\/gallery\/juillet2013-2\/fauvette-melano_9561.jpg?h=170\" alt=\"Fauvette m\u00e9lanoc\u00e9phale juv\u00e9nile\" width=\"231\" height=\"170\" \/><\/a><p class=\"jig-HTMLdescription\">Fauvette m\u00e9lanoc\u00e9phale juv\u00e9nile<\/p><\/li><li><a href=\"https:\/\/i0.wp.com\/mhyrdin.fr\/blog\/wordpress\/wp-content\/gallery\/juillet2013-2\/fauvette-melano_9591.jpg?ssl=1\"><img loading=\"lazy\" decoding=\"async\" src=\"https:\/\/i0.wp.com\/mhyrdin.fr\/blog\/wordpress\/wp-content\/gallery\/juillet2013-2\/fauvette-melano_9591.jpg?h=170\" alt=\"Fauvette m\u00e9lanoc\u00e9phale\" width=\"106\" height=\"170\" \/><\/a><p class=\"jig-HTMLdescription\">Fauvette m\u00e9lanoc\u00e9phale<\/p><\/li><li><a href=\"https:\/\/i0.wp.com\/mhyrdin.fr\/blog\/wordpress\/wp-content\/gallery\/juillet2013-2\/fauvette-melano_9572.jpg?ssl=1\"><img loading=\"lazy\" decoding=\"async\" src=\"https:\/\/i0.wp.com\/mhyrdin.fr\/blog\/wordpress\/wp-content\/gallery\/juillet2013-2\/fauvette-melano_9572.jpg?h=170\" alt=\"Fauvette m\u00e9lanoc\u00e9phale\" width=\"231\" height=\"170\" \/><\/a><p class=\"jig-HTMLdescription\">Fauvette m\u00e9lanoc\u00e9phale<\/p><\/li><li><a href=\"https:\/\/i0.wp.com\/mhyrdin.fr\/blog\/wordpress\/wp-content\/gallery\/juillet2013-2\/fauvette-melano_9582.jpg?ssl=1\"><img loading=\"lazy\" decoding=\"async\" src=\"https:\/\/i0.wp.com\/mhyrdin.fr\/blog\/wordpress\/wp-content\/gallery\/juillet2013-2\/fauvette-melano_9582.jpg?h=170\" alt=\"Fauvette m\u00e9lanoc\u00e9phale\" width=\"231\" height=\"170\" \/><\/a><p class=\"jig-HTMLdescription\">Fauvette m\u00e9lanoc\u00e9phale<\/p><\/li><li><a href=\"https:\/\/i0.wp.com\/mhyrdin.fr\/blog\/wordpress\/wp-content\/gallery\/juillet2013-2\/fauvette-melano_9583.jpg?ssl=1\"><img loading=\"lazy\" decoding=\"async\" src=\"https:\/\/i0.wp.com\/mhyrdin.fr\/blog\/wordpress\/wp-content\/gallery\/juillet2013-2\/fauvette-melano_9583.jpg?h=170\" alt=\"Fauvette m\u00e9lanoc\u00e9phale\" width=\"106\" height=\"170\" \/><\/a><p class=\"jig-HTMLdescription\">Fauvette m\u00e9lanoc\u00e9phale<\/p><\/li><\/ul><\/noscript><\/div><div id=\"jig1-developerLink\" class=\"jig-developerLink\"><a href=\"https:\/\/justifiedgrid.com\/\" target=\"_blank\" title=\"Justified Image Grid - Premium WordPress Gallery\">powered by Justified Image Grid<\/a><\/div>\n<h3>Related Images:<\/h3>","protected":false},"excerpt":{"rendered":"<p>Bergeronnette printani\u00e8reBergeronnette printani\u00e8reChevalier sylvainChevalier sylvainCombattant vari\u00e9Cochevis hupp\u00e9cochevis_8938Cochevis hupp\u00e9cochevis_8939Martinet noirmartinets_9040Hirondelles rustiques (juv\u00e9niles)hirondelle_9269Hirondelles rustiqueshirondelle_9262Hirondelles rustiqueshirondelle_9292Hirondelles rustiqueshirondelles_9291Hirondelles rustiqueshirondelle_9293Pipit rousseline &#8211; juv\u00e9nileChardonnerets \u00e9l\u00e9gantschardonneret_9651Fauvette m\u00e9lanoc\u00e9phale juv\u00e9nileFauvette m\u00e9lanoc\u00e9phaleFauvette m\u00e9lanoc\u00e9phaleFauvette m\u00e9lanoc\u00e9phaleFauvette m\u00e9lanoc\u00e9phalepowered by Justified Image Grid Related Images:<\/p>\n","protected":false},"author":4,"featured_media":0,"parent":2088,"menu_order":0,"comment_status":"closed","ping_status":"closed","template":"","meta":{"ngg_post_thumbnail":0,"jetpack_post_was_ever_published":false,"footnotes":"","_links_to":"","_links_to_target":""},"class_list":["post-24221","page","type-page","status-publish","hentry"],"jetpack_shortlink":"https:\/\/wp.me\/P9lSZN-6iF","jetpack_sharing_enabled":true,"_links":{"self":[{"href":"https:\/\/mhyrdin.fr\/blog\/wp-json\/wp\/v2\/pages\/24221","targetHints":{"allow":["GET"]}}],"collection":[{"href":"https:\/\/mhyrdin.fr\/blog\/wp-json\/wp\/v2\/pages"}],"about":[{"href":"https:\/\/mhyrdin.fr\/blog\/wp-json\/wp\/v2\/types\/page"}],"author":[{"embeddable":true,"href":"https:\/\/mhyrdin.fr\/blog\/wp-json\/wp\/v2\/users\/4"}],"replies":[{"embeddable":true,"href":"https:\/\/mhyrdin.fr\/blog\/wp-json\/wp\/v2\/comments?post=24221"}],"version-history":[{"count":1,"href":"https:\/\/mhyrdin.fr\/blog\/wp-json\/wp\/v2\/pages\/24221\/revisions"}],"predecessor-version":[{"id":24364,"href":"https:\/\/mhyrdin.fr\/blog\/wp-json\/wp\/v2\/pages\/24221\/revisions\/24364"}],"up":[{"embeddable":true,"href":"https:\/\/mhyrdin.fr\/blog\/wp-json\/wp\/v2\/pages\/2088"}],"wp:attachment":[{"href":"https:\/\/mhyrdin.fr\/blog\/wp-json\/wp\/v2\/media?parent=24221"}],"curies":[{"name":"wp","href":"https:\/\/api.w.org\/{rel}","templated":true}]}}