{"id":24098,"date":"2022-10-23T11:04:46","date_gmt":"2022-10-23T09:04:46","guid":{"rendered":"https:\/\/mhyrdin.fr\/blog\/2013-2\/mai\/pyrenees-pays-basque-et-navarre\/"},"modified":"2022-10-23T11:04:46","modified_gmt":"2022-10-23T09:04:46","slug":"pyrenees-pays-basque-et-navarre","status":"publish","type":"page","link":"https:\/\/mhyrdin.fr\/blog\/archives-numeriques\/2013-2\/mai\/pyrenees-pays-basque-et-navarre\/","title":{"rendered":"Pyr\u00e9n\u00e9es, Pays basque et Navarre"},"content":{"rendered":"<div id=\"jig1\" class=\"justified-image-grid jig-d0b06166e418131883c1d2f2c75952b0 jig-preset-global jig-source-nextgen\"><div class=\"jig-clearfix\"><\/div><noscript id=\"jig1-html\" class=\"justified-image-grid-html\" data-lazy-src=\"skiplazyload\" data-src=\"skipunveillazyload\"><ul><li><a href=\"https:\/\/i0.wp.com\/mhyrdin.fr\/blog\/wordpress\/wp-content\/gallery\/mai2013debut\/cascades-pont-d-espagne_4641.jpg?ssl=1\"><img loading=\"lazy\" decoding=\"async\" src=\"https:\/\/i0.wp.com\/mhyrdin.fr\/blog\/wordpress\/wp-content\/gallery\/mai2013debut\/cascades-pont-d-espagne_4641.jpg?h=170\" alt=\"Les cascades de Pont d&#039;Espagne\" width=\"113\" height=\"170\" \/><\/a><p class=\"jig-HTMLdescription\">Les cascades de Pont d'Espagne<\/p><\/li><li><a href=\"https:\/\/i0.wp.com\/mhyrdin.fr\/blog\/wordpress\/wp-content\/gallery\/mai2013debut\/grimpereau-des-jardins_1590.jpg?ssl=1\"><img loading=\"lazy\" decoding=\"async\" src=\"https:\/\/i0.wp.com\/mhyrdin.fr\/blog\/wordpress\/wp-content\/gallery\/mai2013debut\/grimpereau-des-jardins_1590.jpg?h=170\" alt=\"Grimpereau des jardins\" width=\"106\" height=\"170\" \/><\/a><p class=\"jig-HTMLdescription\">Grimpereau des jardins<\/p><\/li><li><a href=\"https:\/\/i0.wp.com\/mhyrdin.fr\/blog\/wordpress\/wp-content\/gallery\/mai2013debut\/grimpereau-des-jardins_1673.jpg?ssl=1\"><img loading=\"lazy\" decoding=\"async\" src=\"https:\/\/i0.wp.com\/mhyrdin.fr\/blog\/wordpress\/wp-content\/gallery\/mai2013debut\/grimpereau-des-jardins_1673.jpg?h=170\" alt=\"Grimpereau des jardins\" width=\"231\" height=\"170\" \/><\/a><p class=\"jig-HTMLdescription\">Grimpereau des jardins<\/p><\/li><li><a href=\"https:\/\/i0.wp.com\/mhyrdin.fr\/blog\/wordpress\/wp-content\/gallery\/mai2013debut\/grimpereau-des-jardins_1679.jpg?ssl=1\"><img loading=\"lazy\" decoding=\"async\" src=\"https:\/\/i0.wp.com\/mhyrdin.fr\/blog\/wordpress\/wp-content\/gallery\/mai2013debut\/grimpereau-des-jardins_1679.jpg?h=170\" alt=\"Grimpereau des jardins\" width=\"231\" height=\"170\" \/><\/a><p class=\"jig-HTMLdescription\">Grimpereau des jardins<\/p><\/li><li><a href=\"https:\/\/i0.wp.com\/mhyrdin.fr\/blog\/wordpress\/wp-content\/gallery\/mai2013debut\/marmotte_1437.jpg?ssl=1\" title=\"marmotte_1437\"><img loading=\"lazy\" decoding=\"async\" src=\"https:\/\/i0.wp.com\/mhyrdin.fr\/blog\/wordpress\/wp-content\/gallery\/mai2013debut\/marmotte_1437.jpg?h=170\" alt=\"Dame marmotte\" width=\"223\" height=\"170\" \/><\/a><p class=\"jig-HTMLdescription\">Dame marmotte<br\/>marmotte_1437<\/p><\/li><li><a href=\"https:\/\/i0.wp.com\/mhyrdin.fr\/blog\/wordpress\/wp-content\/gallery\/mai2013debut\/mesange-huppee_1570.jpg?ssl=1\"><img loading=\"lazy\" decoding=\"async\" src=\"https:\/\/i0.wp.com\/mhyrdin.fr\/blog\/wordpress\/wp-content\/gallery\/mai2013debut\/mesange-huppee_1570.jpg?h=170\" alt=\"M\u00e9sange hupp\u00e9e\" width=\"231\" height=\"170\" \/><\/a><p class=\"jig-HTMLdescription\">M\u00e9sange hupp\u00e9e<\/p><\/li><li><a href=\"https:\/\/i0.wp.com\/mhyrdin.fr\/blog\/wordpress\/wp-content\/gallery\/mai2013debut\/mesange-huppee_1583.jpg?ssl=1\"><img loading=\"lazy\" decoding=\"async\" src=\"https:\/\/i0.wp.com\/mhyrdin.fr\/blog\/wordpress\/wp-content\/gallery\/mai2013debut\/mesange-huppee_1583.jpg?h=170\" alt=\"M\u00e9sange hupp\u00e9e\" width=\"231\" height=\"170\" \/><\/a><p class=\"jig-HTMLdescription\">M\u00e9sange hupp\u00e9e<\/p><\/li><li><a href=\"https:\/\/i0.wp.com\/mhyrdin.fr\/blog\/wordpress\/wp-content\/gallery\/mai2013debut\/mesange-huppee_1647.jpg?ssl=1\"><img loading=\"lazy\" decoding=\"async\" src=\"https:\/\/i0.wp.com\/mhyrdin.fr\/blog\/wordpress\/wp-content\/gallery\/mai2013debut\/mesange-huppee_1647.jpg?h=170\" alt=\"M\u00e9sange hupp\u00e9e\" width=\"231\" height=\"170\" \/><\/a><p class=\"jig-HTMLdescription\">M\u00e9sange hupp\u00e9e<\/p><\/li><li><a href=\"https:\/\/i0.wp.com\/mhyrdin.fr\/blog\/wordpress\/wp-content\/gallery\/mai2013debut\/mesange-huppee_1657.jpg?ssl=1\"><img loading=\"lazy\" decoding=\"async\" src=\"https:\/\/i0.wp.com\/mhyrdin.fr\/blog\/wordpress\/wp-content\/gallery\/mai2013debut\/mesange-huppee_1657.jpg?h=170\" alt=\"M\u00e9sange hupp\u00e9e\" width=\"231\" height=\"170\" \/><\/a><p class=\"jig-HTMLdescription\">M\u00e9sange hupp\u00e9e<\/p><\/li><li><a href=\"https:\/\/i0.wp.com\/mhyrdin.fr\/blog\/wordpress\/wp-content\/gallery\/mai2013debut\/mesange-noire_1767.jpg?ssl=1\"><img loading=\"lazy\" decoding=\"async\" src=\"https:\/\/i0.wp.com\/mhyrdin.fr\/blog\/wordpress\/wp-content\/gallery\/mai2013debut\/mesange-noire_1767.jpg?h=170\" alt=\"M\u00e9sange noire\" width=\"231\" height=\"170\" \/><\/a><p class=\"jig-HTMLdescription\">M\u00e9sange noire<\/p><\/li><li><a href=\"https:\/\/i0.wp.com\/mhyrdin.fr\/blog\/wordpress\/wp-content\/gallery\/mai2013debut\/milan-royal_6756.jpg?ssl=1\"><img loading=\"lazy\" decoding=\"async\" src=\"https:\/\/i0.wp.com\/mhyrdin.fr\/blog\/wordpress\/wp-content\/gallery\/mai2013debut\/milan-royal_6756.jpg?h=170\" alt=\"Milan royal\" width=\"231\" height=\"170\" \/><\/a><p class=\"jig-HTMLdescription\">Milan royal<\/p><\/li><li><a href=\"https:\/\/i0.wp.com\/mhyrdin.fr\/blog\/wordpress\/wp-content\/gallery\/mai2013debut\/milan-royal_6778.jpg?ssl=1\"><img loading=\"lazy\" decoding=\"async\" src=\"https:\/\/i0.wp.com\/mhyrdin.fr\/blog\/wordpress\/wp-content\/gallery\/mai2013debut\/milan-royal_6778.jpg?h=170\" alt=\"Milan royal\" width=\"231\" height=\"170\" \/><\/a><p class=\"jig-HTMLdescription\">Milan royal<\/p><\/li><li><a href=\"https:\/\/i0.wp.com\/mhyrdin.fr\/blog\/wordpress\/wp-content\/gallery\/mai2013debut\/montagne_1353.jpg?ssl=1\" title=\"montagne_1353\"><img loading=\"lazy\" decoding=\"async\" src=\"https:\/\/i0.wp.com\/mhyrdin.fr\/blog\/wordpress\/wp-content\/gallery\/mai2013debut\/montagne_1353.jpg?h=170\" alt=\"montagne_1353\" width=\"255\" height=\"170\" \/><\/a><p class=\"jig-HTMLdescription\">montagne_1353<\/p><\/li><li><a href=\"https:\/\/i0.wp.com\/mhyrdin.fr\/blog\/wordpress\/wp-content\/gallery\/mai2013debut\/montagne_4592.jpg?ssl=1\" title=\"montagne_4592\"><img loading=\"lazy\" decoding=\"async\" src=\"https:\/\/i0.wp.com\/mhyrdin.fr\/blog\/wordpress\/wp-content\/gallery\/mai2013debut\/montagne_4592.jpg?h=170\" alt=\"montagne_4592\" width=\"320\" height=\"170\" \/><\/a><p class=\"jig-HTMLdescription\">montagne_4592<\/p><\/li><li><a href=\"https:\/\/i0.wp.com\/mhyrdin.fr\/blog\/wordpress\/wp-content\/gallery\/mai2013debut\/rougequeue-noir_1780.jpg?ssl=1\"><img loading=\"lazy\" decoding=\"async\" src=\"https:\/\/i0.wp.com\/mhyrdin.fr\/blog\/wordpress\/wp-content\/gallery\/mai2013debut\/rougequeue-noir_1780.jpg?h=170\" alt=\"Rougequeue noir\" width=\"224\" height=\"170\" \/><\/a><p class=\"jig-HTMLdescription\">Rougequeue noir<\/p><\/li><li><a href=\"https:\/\/i0.wp.com\/mhyrdin.fr\/blog\/wordpress\/wp-content\/gallery\/mai2013debut\/vautour_6710.jpg?ssl=1\" title=\"vautour_6710\"><img loading=\"lazy\" decoding=\"async\" src=\"https:\/\/i0.wp.com\/mhyrdin.fr\/blog\/wordpress\/wp-content\/gallery\/mai2013debut\/vautour_6710.jpg?h=170\" alt=\"Vautour fauve\" width=\"231\" height=\"170\" \/><\/a><p class=\"jig-HTMLdescription\">Vautour fauve<br\/>vautour_6710<\/p><\/li><li><a href=\"https:\/\/i0.wp.com\/mhyrdin.fr\/blog\/wordpress\/wp-content\/gallery\/mai2013debut\/vautour_6813.jpg?ssl=1\" title=\"vautour_6813\"><img loading=\"lazy\" decoding=\"async\" src=\"https:\/\/i0.wp.com\/mhyrdin.fr\/blog\/wordpress\/wp-content\/gallery\/mai2013debut\/vautour_6813.jpg?h=170\" alt=\"Vautour fauve\" width=\"231\" height=\"170\" \/><\/a><p class=\"jig-HTMLdescription\">Vautour fauve<br\/>vautour_6813<\/p><\/li><li><a href=\"https:\/\/i0.wp.com\/mhyrdin.fr\/blog\/wordpress\/wp-content\/gallery\/mai2013debut\/cingle_6226.jpg?ssl=1\" title=\"cingle_6226\"><img loading=\"lazy\" decoding=\"async\" src=\"https:\/\/i0.wp.com\/mhyrdin.fr\/blog\/wordpress\/wp-content\/gallery\/mai2013debut\/cingle_6226.jpg?h=170\" alt=\"Cincle plongeur\" width=\"231\" height=\"170\" \/><\/a><p class=\"jig-HTMLdescription\">Cincle plongeur<br\/>cingle_6226<\/p><\/li><li><a href=\"https:\/\/i0.wp.com\/mhyrdin.fr\/blog\/wordpress\/wp-content\/gallery\/mai2013debut\/cingle_6239.jpg?ssl=1\" title=\"cingle_6239\"><img loading=\"lazy\" decoding=\"async\" src=\"https:\/\/i0.wp.com\/mhyrdin.fr\/blog\/wordpress\/wp-content\/gallery\/mai2013debut\/cingle_6239.jpg?h=170\" alt=\"Cincle plongeur\" width=\"231\" height=\"170\" \/><\/a><p class=\"jig-HTMLdescription\">Cincle plongeur<br\/>cingle_6239<\/p><\/li><li><a href=\"https:\/\/i0.wp.com\/mhyrdin.fr\/blog\/wordpress\/wp-content\/gallery\/mai2013debut\/fauvette_6258.jpg?ssl=1\" title=\"fauvette_6258\"><img loading=\"lazy\" decoding=\"async\" src=\"https:\/\/i0.wp.com\/mhyrdin.fr\/blog\/wordpress\/wp-content\/gallery\/mai2013debut\/fauvette_6258.jpg?h=170\" alt=\"Fauvette \u00e0 t\u00eate noire (m\u00e2le)\" width=\"231\" height=\"170\" \/><\/a><p class=\"jig-HTMLdescription\">Fauvette \u00e0 t\u00eate noire (m\u00e2le)<br\/>fauvette_6258<\/p><\/li><li><a href=\"https:\/\/i0.wp.com\/mhyrdin.fr\/blog\/wordpress\/wp-content\/gallery\/mai2013debut\/fauvette_6262.jpg?ssl=1\" title=\"fauvette_6262\"><img loading=\"lazy\" decoding=\"async\" src=\"https:\/\/i0.wp.com\/mhyrdin.fr\/blog\/wordpress\/wp-content\/gallery\/mai2013debut\/fauvette_6262.jpg?h=170\" alt=\"Fauvette \u00e0 t\u00eate noire (m\u00e2le)\" width=\"106\" height=\"170\" \/><\/a><p class=\"jig-HTMLdescription\">Fauvette \u00e0 t\u00eate noire (m\u00e2le)<br\/>fauvette_6262<\/p><\/li><li><a href=\"https:\/\/i0.wp.com\/mhyrdin.fr\/blog\/wordpress\/wp-content\/gallery\/mai2013debut\/ortie_6353.jpg?ssl=1\" title=\"ortie_6353\"><img loading=\"lazy\" decoding=\"async\" src=\"https:\/\/i0.wp.com\/mhyrdin.fr\/blog\/wordpress\/wp-content\/gallery\/mai2013debut\/ortie_6353.jpg?h=170\" alt=\"Ortie\" width=\"231\" height=\"170\" \/><\/a><p class=\"jig-HTMLdescription\">Ortie<br\/>ortie_6353<\/p><\/li><li><a href=\"https:\/\/i0.wp.com\/mhyrdin.fr\/blog\/wordpress\/wp-content\/gallery\/mai2013debut\/st-jean-de-luz_4658.jpg?ssl=1\"><img loading=\"lazy\" decoding=\"async\" src=\"https:\/\/i0.wp.com\/mhyrdin.fr\/blog\/wordpress\/wp-content\/gallery\/mai2013debut\/st-jean-de-luz_4658.jpg?h=170\" alt=\"Saint Jean de Luz (Erromardie)\" width=\"255\" height=\"170\" \/><\/a><p class=\"jig-HTMLdescription\">Saint Jean de Luz (Erromardie)<\/p><\/li><li><a href=\"https:\/\/i0.wp.com\/mhyrdin.fr\/blog\/wordpress\/wp-content\/gallery\/mai2013debut\/st_jean-de-luz_4646.jpg?ssl=1\"><img loading=\"lazy\" decoding=\"async\" src=\"https:\/\/i0.wp.com\/mhyrdin.fr\/blog\/wordpress\/wp-content\/gallery\/mai2013debut\/st_jean-de-luz_4646.jpg?h=170\" alt=\"Saint Jean de Luz (Erromardie)\" width=\"319\" height=\"170\" \/><\/a><p class=\"jig-HTMLdescription\">Saint Jean de Luz (Erromardie)<\/p><\/li><li><a href=\"https:\/\/i0.wp.com\/mhyrdin.fr\/blog\/wordpress\/wp-content\/gallery\/mai2013debut\/vautour_6311.jpg?ssl=1\" title=\"vautour_6311\"><img loading=\"lazy\" decoding=\"async\" src=\"https:\/\/i0.wp.com\/mhyrdin.fr\/blog\/wordpress\/wp-content\/gallery\/mai2013debut\/vautour_6311.jpg?h=170\" alt=\"Vautour fauve\" width=\"231\" height=\"170\" \/><\/a><p class=\"jig-HTMLdescription\">Vautour fauve<br\/>vautour_6311<\/p><\/li><li><a href=\"https:\/\/i0.wp.com\/mhyrdin.fr\/blog\/wordpress\/wp-content\/gallery\/mai2013debut\/ainhoa_4665.jpg?ssl=1\" title=\"Le calvaire et le cimeti\u00e8re basque\"><img loading=\"lazy\" decoding=\"async\" src=\"https:\/\/i0.wp.com\/mhyrdin.fr\/blog\/wordpress\/wp-content\/gallery\/mai2013debut\/ainhoa_4665.jpg?h=170\" alt=\"A\u00efnhoa\" width=\"255\" height=\"170\" \/><\/a><p class=\"jig-HTMLdescription\">A\u00efnhoa<br\/>Le calvaire et le cimeti\u00e8re basque<\/p><\/li><li><a href=\"https:\/\/i0.wp.com\/mhyrdin.fr\/blog\/wordpress\/wp-content\/gallery\/mai2013debut\/ainhoa_4666.jpg?ssl=1\" title=\"Le cimeti\u00e8re basque\"><img loading=\"lazy\" decoding=\"async\" src=\"https:\/\/i0.wp.com\/mhyrdin.fr\/blog\/wordpress\/wp-content\/gallery\/mai2013debut\/ainhoa_4666.jpg?h=170\" alt=\"A\u00efnhoa\" width=\"255\" height=\"170\" \/><\/a><p class=\"jig-HTMLdescription\">A\u00efnhoa<br\/>Le cimeti\u00e8re basque<\/p><\/li><li><a href=\"https:\/\/i0.wp.com\/mhyrdin.fr\/blog\/wordpress\/wp-content\/gallery\/mai2013debut\/ainhoa_4667.jpg?ssl=1\" title=\"ainhoa_4667\"><img loading=\"lazy\" decoding=\"async\" src=\"https:\/\/i0.wp.com\/mhyrdin.fr\/blog\/wordpress\/wp-content\/gallery\/mai2013debut\/ainhoa_4667.jpg?h=170\" alt=\"A\u00efnhoa\" width=\"255\" height=\"170\" \/><\/a><p class=\"jig-HTMLdescription\">A\u00efnhoa<br\/>ainhoa_4667<\/p><\/li><li><a href=\"https:\/\/i0.wp.com\/mhyrdin.fr\/blog\/wordpress\/wp-content\/gallery\/mai2013debut\/ainhoa_4668.jpg?ssl=1\" title=\"ainhoa_4668\"><img loading=\"lazy\" decoding=\"async\" src=\"https:\/\/i0.wp.com\/mhyrdin.fr\/blog\/wordpress\/wp-content\/gallery\/mai2013debut\/ainhoa_4668.jpg?h=170\" alt=\"A\u00efnhoa\" width=\"321\" height=\"170\" \/><\/a><p class=\"jig-HTMLdescription\">A\u00efnhoa<br\/>ainhoa_4668<\/p><\/li><li><a href=\"https:\/\/i0.wp.com\/mhyrdin.fr\/blog\/wordpress\/wp-content\/gallery\/mai2013debut\/ainhoa_4669.jpg?ssl=1\" title=\"Le cimeti\u00e8re basque\"><img loading=\"lazy\" decoding=\"async\" src=\"https:\/\/i0.wp.com\/mhyrdin.fr\/blog\/wordpress\/wp-content\/gallery\/mai2013debut\/ainhoa_4669.jpg?h=170\" alt=\"A\u00efnhoa\" width=\"255\" height=\"170\" \/><\/a><p class=\"jig-HTMLdescription\">A\u00efnhoa<br\/>Le cimeti\u00e8re basque<\/p><\/li><li><a href=\"https:\/\/i0.wp.com\/mhyrdin.fr\/blog\/wordpress\/wp-content\/gallery\/mai2013debut\/ainhoa_4671.jpg?ssl=1\" title=\"ainhoa_4671\"><img loading=\"lazy\" decoding=\"async\" src=\"https:\/\/i0.wp.com\/mhyrdin.fr\/blog\/wordpress\/wp-content\/gallery\/mai2013debut\/ainhoa_4671.jpg?h=170\" alt=\"A\u00efnhoa\" width=\"255\" height=\"170\" \/><\/a><p class=\"jig-HTMLdescription\">A\u00efnhoa<br\/>ainhoa_4671<\/p><\/li><li><a href=\"https:\/\/i0.wp.com\/mhyrdin.fr\/blog\/wordpress\/wp-content\/gallery\/mai2013debut\/ainhoa_6412.jpg?ssl=1\" title=\"Le calvaire et le cimeti\u00e8re basque\"><img loading=\"lazy\" decoding=\"async\" src=\"https:\/\/i0.wp.com\/mhyrdin.fr\/blog\/wordpress\/wp-content\/gallery\/mai2013debut\/ainhoa_6412.jpg?h=170\" alt=\"A\u00efnhoa\" width=\"255\" height=\"170\" \/><\/a><p class=\"jig-HTMLdescription\">A\u00efnhoa<br\/>Le calvaire et le cimeti\u00e8re basque<\/p><\/li><li><a href=\"https:\/\/i0.wp.com\/mhyrdin.fr\/blog\/wordpress\/wp-content\/gallery\/mai2013debut\/campanule_6443.jpg?ssl=1\" title=\"campanule_6443\"><img loading=\"lazy\" decoding=\"async\" src=\"https:\/\/i0.wp.com\/mhyrdin.fr\/blog\/wordpress\/wp-content\/gallery\/mai2013debut\/campanule_6443.jpg?h=170\" alt=\"Campanule\" width=\"106\" height=\"170\" \/><\/a><p class=\"jig-HTMLdescription\">Campanule<br\/>campanule_6443<\/p><\/li><li><a href=\"https:\/\/i0.wp.com\/mhyrdin.fr\/blog\/wordpress\/wp-content\/gallery\/mai2013debut\/campanule_6446.jpg?ssl=1\" title=\"campanule_6446\"><img loading=\"lazy\" decoding=\"async\" src=\"https:\/\/i0.wp.com\/mhyrdin.fr\/blog\/wordpress\/wp-content\/gallery\/mai2013debut\/campanule_6446.jpg?h=170\" alt=\"Campanule\" width=\"231\" height=\"170\" \/><\/a><p class=\"jig-HTMLdescription\">Campanule<br\/>campanule_6446<\/p><\/li><li><a href=\"https:\/\/i0.wp.com\/mhyrdin.fr\/blog\/wordpress\/wp-content\/gallery\/mai2013debut\/citron_6386.jpg?ssl=1\" title=\"citron_6386\"><img loading=\"lazy\" decoding=\"async\" src=\"https:\/\/i0.wp.com\/mhyrdin.fr\/blog\/wordpress\/wp-content\/gallery\/mai2013debut\/citron_6386.jpg?h=170\" alt=\"Citron (Gonepteryx rhamni)\" width=\"106\" height=\"170\" \/><\/a><p class=\"jig-HTMLdescription\">Citron (Gonepteryx rhamni)<br\/>citron_6386<\/p><\/li><li><a href=\"https:\/\/i0.wp.com\/mhyrdin.fr\/blog\/wordpress\/wp-content\/gallery\/mai2013debut\/grand-corbeau_6370.jpg?ssl=1\"><img loading=\"lazy\" decoding=\"async\" src=\"https:\/\/i0.wp.com\/mhyrdin.fr\/blog\/wordpress\/wp-content\/gallery\/mai2013debut\/grand-corbeau_6370.jpg?h=170\" alt=\"Grands corbeaux\" width=\"231\" height=\"170\" \/><\/a><p class=\"jig-HTMLdescription\">Grands corbeaux<\/p><\/li><li><a href=\"https:\/\/i0.wp.com\/mhyrdin.fr\/blog\/wordpress\/wp-content\/gallery\/mai2013debut\/bardenas-reales_6649.jpg?ssl=1\"><img loading=\"lazy\" decoding=\"async\" src=\"https:\/\/i0.wp.com\/mhyrdin.fr\/blog\/wordpress\/wp-content\/gallery\/mai2013debut\/bardenas-reales_6649.jpg?h=170\" alt=\"Bardenas Reales\" width=\"255\" height=\"170\" \/><\/a><p class=\"jig-HTMLdescription\">Bardenas Reales<\/p><\/li><li><a href=\"https:\/\/i0.wp.com\/mhyrdin.fr\/blog\/wordpress\/wp-content\/gallery\/mai2013debut\/bardenas-reales_4716.jpg?ssl=1\"><img loading=\"lazy\" decoding=\"async\" src=\"https:\/\/i0.wp.com\/mhyrdin.fr\/blog\/wordpress\/wp-content\/gallery\/mai2013debut\/bardenas-reales_4716.jpg?h=170\" alt=\"Bardenas Reales\" width=\"308\" height=\"170\" \/><\/a><p class=\"jig-HTMLdescription\">Bardenas Reales<\/p><\/li><li><a href=\"https:\/\/i0.wp.com\/mhyrdin.fr\/blog\/wordpress\/wp-content\/gallery\/mai2013debut\/bardenas-reales_6653.jpg?ssl=1\"><img loading=\"lazy\" decoding=\"async\" src=\"https:\/\/i0.wp.com\/mhyrdin.fr\/blog\/wordpress\/wp-content\/gallery\/mai2013debut\/bardenas-reales_6653.jpg?h=170\" alt=\"Bardenas Reales\" width=\"255\" height=\"170\" \/><\/a><p class=\"jig-HTMLdescription\">Bardenas Reales<\/p><\/li><li><a href=\"https:\/\/i0.wp.com\/mhyrdin.fr\/blog\/wordpress\/wp-content\/gallery\/mai2013debut\/aigle-botte_6606.jpg?ssl=1\"><img loading=\"lazy\" decoding=\"async\" src=\"https:\/\/i0.wp.com\/mhyrdin.fr\/blog\/wordpress\/wp-content\/gallery\/mai2013debut\/aigle-botte_6606.jpg?h=170\" alt=\"Aigle bott\u00e9\" width=\"231\" height=\"170\" \/><\/a><p class=\"jig-HTMLdescription\">Aigle bott\u00e9<\/p><\/li><li><a href=\"https:\/\/i0.wp.com\/mhyrdin.fr\/blog\/wordpress\/wp-content\/gallery\/mai2013debut\/aigle-botte_6623.jpg?ssl=1\"><img loading=\"lazy\" decoding=\"async\" src=\"https:\/\/i0.wp.com\/mhyrdin.fr\/blog\/wordpress\/wp-content\/gallery\/mai2013debut\/aigle-botte_6623.jpg?h=170\" alt=\"Aigle bott\u00e9\" width=\"231\" height=\"170\" \/><\/a><p class=\"jig-HTMLdescription\">Aigle bott\u00e9<\/p><\/li><li><a href=\"https:\/\/i0.wp.com\/mhyrdin.fr\/blog\/wordpress\/wp-content\/gallery\/mai2013debut\/percnoptere_6497.jpg?ssl=1\" title=\"Couple en parade\"><img loading=\"lazy\" decoding=\"async\" src=\"https:\/\/i0.wp.com\/mhyrdin.fr\/blog\/wordpress\/wp-content\/gallery\/mai2013debut\/percnoptere_6497.jpg?h=170\" alt=\"Percnopt\u00e8res d&#039;\u00c9gypte\" width=\"231\" height=\"170\" \/><\/a><p class=\"jig-HTMLdescription\">Percnopt\u00e8res d'\u00c9gypte<br\/>Couple en parade<\/p><\/li><li><a href=\"https:\/\/i0.wp.com\/mhyrdin.fr\/blog\/wordpress\/wp-content\/gallery\/mai2013debut\/percnoptere_6521.jpg?ssl=1\" title=\"percnoptere_6521\"><img loading=\"lazy\" decoding=\"async\" src=\"https:\/\/i0.wp.com\/mhyrdin.fr\/blog\/wordpress\/wp-content\/gallery\/mai2013debut\/percnoptere_6521.jpg?h=170\" alt=\"Percnopt\u00e8re d&#039;\u00c9gypte\" width=\"231\" height=\"170\" \/><\/a><p class=\"jig-HTMLdescription\">Percnopt\u00e8re d'\u00c9gypte<br\/>percnoptere_6521<\/p><\/li><li><a href=\"https:\/\/i0.wp.com\/mhyrdin.fr\/blog\/wordpress\/wp-content\/gallery\/mai2013debut\/percnoptere_6524.jpg?ssl=1\" title=\"percnoptere_6524\"><img loading=\"lazy\" decoding=\"async\" src=\"https:\/\/i0.wp.com\/mhyrdin.fr\/blog\/wordpress\/wp-content\/gallery\/mai2013debut\/percnoptere_6524.jpg?h=170\" alt=\"Percnopt\u00e8re d&#039;\u00c9gypte\" width=\"231\" height=\"170\" \/><\/a><p class=\"jig-HTMLdescription\">Percnopt\u00e8re d'\u00c9gypte<br\/>percnoptere_6524<\/p><\/li><li><a href=\"https:\/\/i0.wp.com\/mhyrdin.fr\/blog\/wordpress\/wp-content\/gallery\/mai2013debut\/serin-cini_6586.jpg?ssl=1\"><img loading=\"lazy\" decoding=\"async\" src=\"https:\/\/i0.wp.com\/mhyrdin.fr\/blog\/wordpress\/wp-content\/gallery\/mai2013debut\/serin-cini_6586.jpg?h=170\" alt=\"Serin cini\" width=\"231\" height=\"170\" \/><\/a><p class=\"jig-HTMLdescription\">Serin cini<\/p><\/li><\/ul><\/noscript><\/div><div id=\"jig1-developerLink\" class=\"jig-developerLink\"><a href=\"https:\/\/justifiedgrid.com\/\" target=\"_blank\" title=\"Justified Image Grid - Premium WordPress Gallery\">powered by Justified Image Grid<\/a><\/div>\n<h3>Related Images:<\/h3>","protected":false},"excerpt":{"rendered":"<p>Les cascades de Pont d&rsquo;EspagneGrimpereau des jardinsGrimpereau des jardinsGrimpereau des jardinsDame marmottemarmotte_1437M\u00e9sange hupp\u00e9eM\u00e9sange hupp\u00e9eM\u00e9sange hupp\u00e9eM\u00e9sange hupp\u00e9eM\u00e9sange noireMilan royalMilan royalmontagne_1353montagne_4592Rougequeue noirVautour fauvevautour_6710Vautour fauvevautour_6813Cincle plongeurcingle_6226Cincle plongeurcingle_6239Fauvette \u00e0 t\u00eate noire (m\u00e2le)fauvette_6258Fauvette \u00e0 t\u00eate noire (m\u00e2le)fauvette_6262Ortieortie_6353Saint Jean de Luz (Erromardie)Saint Jean de Luz (Erromardie)Vautour fauvevautour_6311A\u00efnhoaLe calvaire et le cimeti\u00e8re basqueA\u00efnhoaLe cimeti\u00e8re basqueA\u00efnhoaainhoa_4667A\u00efnhoaainhoa_4668A\u00efnhoaLe cimeti\u00e8re basqueA\u00efnhoaainhoa_4671A\u00efnhoaLe calvaire et le cimeti\u00e8re basqueCampanulecampanule_6443Campanulecampanule_6446Citron [&hellip;]<\/p>\n","protected":false},"author":4,"featured_media":0,"parent":1935,"menu_order":0,"comment_status":"closed","ping_status":"closed","template":"","meta":{"ngg_post_thumbnail":0,"jetpack_post_was_ever_published":false,"footnotes":"","_links_to":"","_links_to_target":""},"class_list":["post-24098","page","type-page","status-publish","hentry"],"jetpack_shortlink":"https:\/\/wp.me\/P9lSZN-6gG","jetpack_sharing_enabled":true,"_links":{"self":[{"href":"https:\/\/mhyrdin.fr\/blog\/wp-json\/wp\/v2\/pages\/24098","targetHints":{"allow":["GET"]}}],"collection":[{"href":"https:\/\/mhyrdin.fr\/blog\/wp-json\/wp\/v2\/pages"}],"about":[{"href":"https:\/\/mhyrdin.fr\/blog\/wp-json\/wp\/v2\/types\/page"}],"author":[{"embeddable":true,"href":"https:\/\/mhyrdin.fr\/blog\/wp-json\/wp\/v2\/users\/4"}],"replies":[{"embeddable":true,"href":"https:\/\/mhyrdin.fr\/blog\/wp-json\/wp\/v2\/comments?post=24098"}],"version-history":[{"count":0,"href":"https:\/\/mhyrdin.fr\/blog\/wp-json\/wp\/v2\/pages\/24098\/revisions"}],"up":[{"embeddable":true,"href":"https:\/\/mhyrdin.fr\/blog\/wp-json\/wp\/v2\/pages\/1935"}],"wp:attachment":[{"href":"https:\/\/mhyrdin.fr\/blog\/wp-json\/wp\/v2\/media?parent=24098"}],"curies":[{"name":"wp","href":"https:\/\/api.w.org\/{rel}","templated":true}]}}