{"id":23733,"date":"2022-10-18T16:28:28","date_gmt":"2022-10-18T14:28:28","guid":{"rendered":"https:\/\/mhyrdin.fr\/blog\/2020-2\/juillet-2020\/etape-a-pont-scorff\/"},"modified":"2022-10-18T17:08:09","modified_gmt":"2022-10-18T15:08:09","slug":"etape-a-pont-scorff","status":"publish","type":"page","link":"https:\/\/mhyrdin.fr\/blog\/archives-numeriques\/2020-2\/juillet-2020\/etape-a-pont-scorff\/","title":{"rendered":"\u00c9tape \u00e0 Pont-Scorff"},"content":{"rendered":"<div id=\"jig1\" class=\"justified-image-grid jig-b979df7d91eaa7472450d552f90b1f5c jig-preset-global jig-source-nextgen\"><div class=\"jig-clearfix\"><\/div><noscript id=\"jig1-html\" class=\"justified-image-grid-html\" data-lazy-src=\"skiplazyload\" data-src=\"skipunveillazyload\"><ul><li><a href=\"https:\/\/i0.wp.com\/mhyrdin.fr\/blog\/wordpress\/wp-content\/gallery\/retour-en-bretagne\/Pont-Scorff_9993-Copie.jpg?ssl=1\" title=\"La Mairie\"><img loading=\"lazy\" decoding=\"async\" src=\"https:\/\/i0.wp.com\/mhyrdin.fr\/blog\/wordpress\/wp-content\/gallery\/retour-en-bretagne\/Pont-Scorff_9993-Copie.jpg?h=170\" alt=\"Pont-Scorff\" width=\"227\" height=\"170\" \/><\/a><p class=\"jig-HTMLdescription\">Pont-Scorff<br\/>La Mairie<\/p><\/li><li><a href=\"https:\/\/i0.wp.com\/mhyrdin.fr\/blog\/wordpress\/wp-content\/gallery\/retour-en-bretagne\/Pont-Scorff_9977.JPG?ssl=1\" title=\"La Mairie\"><img loading=\"lazy\" decoding=\"async\" src=\"https:\/\/i0.wp.com\/mhyrdin.fr\/blog\/wordpress\/wp-content\/gallery\/retour-en-bretagne\/Pont-Scorff_9977.JPG?h=170\" alt=\"Pont-Scorff\" width=\"255\" height=\"170\" \/><\/a><p class=\"jig-HTMLdescription\">Pont-Scorff<br\/>La Mairie<\/p><\/li><li><a href=\"https:\/\/i0.wp.com\/mhyrdin.fr\/blog\/wordpress\/wp-content\/gallery\/retour-en-bretagne\/Pont-Scorff_9978.JPG?ssl=1\" title=\"La Mairie\"><img loading=\"lazy\" decoding=\"async\" src=\"https:\/\/i0.wp.com\/mhyrdin.fr\/blog\/wordpress\/wp-content\/gallery\/retour-en-bretagne\/Pont-Scorff_9978.JPG?h=170\" alt=\"Pont-Scorff\" width=\"113\" height=\"170\" \/><\/a><p class=\"jig-HTMLdescription\">Pont-Scorff<br\/>La Mairie<\/p><\/li><li><a href=\"https:\/\/i0.wp.com\/mhyrdin.fr\/blog\/wordpress\/wp-content\/gallery\/retour-en-bretagne\/Pont-Scorff_9984.JPG?ssl=1\" title=\"La Mairie\"><img loading=\"lazy\" decoding=\"async\" src=\"https:\/\/i0.wp.com\/mhyrdin.fr\/blog\/wordpress\/wp-content\/gallery\/retour-en-bretagne\/Pont-Scorff_9984.JPG?h=170\" alt=\"Pont-Scorff\" width=\"113\" height=\"170\" \/><\/a><p class=\"jig-HTMLdescription\">Pont-Scorff<br\/>La Mairie<\/p><\/li><li><a href=\"https:\/\/i0.wp.com\/mhyrdin.fr\/blog\/wordpress\/wp-content\/gallery\/retour-en-bretagne\/Pont-Scorff_9976.JPG?ssl=1\" title=\"La Mairie\"><img loading=\"lazy\" decoding=\"async\" src=\"https:\/\/i0.wp.com\/mhyrdin.fr\/blog\/wordpress\/wp-content\/gallery\/retour-en-bretagne\/Pont-Scorff_9976.JPG?h=170\" alt=\"Pont-Scorff\" width=\"113\" height=\"170\" \/><\/a><p class=\"jig-HTMLdescription\">Pont-Scorff<br\/>La Mairie<\/p><\/li><li><a href=\"https:\/\/i0.wp.com\/mhyrdin.fr\/blog\/wordpress\/wp-content\/gallery\/retour-en-bretagne\/Pont-Scorff_9979.JPG?ssl=1\" title=\"La Mairie\"><img loading=\"lazy\" decoding=\"async\" src=\"https:\/\/i0.wp.com\/mhyrdin.fr\/blog\/wordpress\/wp-content\/gallery\/retour-en-bretagne\/Pont-Scorff_9979.JPG?h=170\" alt=\"Pont-Scorff\" width=\"255\" height=\"170\" \/><\/a><p class=\"jig-HTMLdescription\">Pont-Scorff<br\/>La Mairie<\/p><\/li><li><a href=\"https:\/\/i0.wp.com\/mhyrdin.fr\/blog\/wordpress\/wp-content\/gallery\/retour-en-bretagne\/Pont-Scorff_9986.JPG?ssl=1\" title=\"La Mairie\"><img loading=\"lazy\" decoding=\"async\" src=\"https:\/\/i0.wp.com\/mhyrdin.fr\/blog\/wordpress\/wp-content\/gallery\/retour-en-bretagne\/Pont-Scorff_9986.JPG?h=170\" alt=\"Pont-Scorff\" width=\"113\" height=\"170\" \/><\/a><p class=\"jig-HTMLdescription\">Pont-Scorff<br\/>La Mairie<\/p><\/li><li><a href=\"https:\/\/i0.wp.com\/mhyrdin.fr\/blog\/wordpress\/wp-content\/gallery\/retour-en-bretagne\/Pont-Scorff_9983.JPG?ssl=1\" title=\"La Mairie\"><img loading=\"lazy\" decoding=\"async\" src=\"https:\/\/i0.wp.com\/mhyrdin.fr\/blog\/wordpress\/wp-content\/gallery\/retour-en-bretagne\/Pont-Scorff_9983.JPG?h=170\" alt=\"Pont-Scorff\" width=\"255\" height=\"170\" \/><\/a><p class=\"jig-HTMLdescription\">Pont-Scorff<br\/>La Mairie<\/p><\/li><li><a href=\"https:\/\/i0.wp.com\/mhyrdin.fr\/blog\/wordpress\/wp-content\/gallery\/retour-en-bretagne\/Pont-Scorff_9985.JPG?ssl=1\" title=\"La Mairie\"><img loading=\"lazy\" decoding=\"async\" src=\"https:\/\/i0.wp.com\/mhyrdin.fr\/blog\/wordpress\/wp-content\/gallery\/retour-en-bretagne\/Pont-Scorff_9985.JPG?h=170\" alt=\"Pont-Scorff\" width=\"113\" height=\"170\" \/><\/a><p class=\"jig-HTMLdescription\">Pont-Scorff<br\/>La Mairie<\/p><\/li><li><a href=\"https:\/\/i0.wp.com\/mhyrdin.fr\/blog\/wordpress\/wp-content\/gallery\/retour-en-bretagne\/Pont-Scorff_9997-Copie.jpg?ssl=1\" title=\"L&#039;\u00e9glise\"><img loading=\"lazy\" decoding=\"async\" src=\"https:\/\/i0.wp.com\/mhyrdin.fr\/blog\/wordpress\/wp-content\/gallery\/retour-en-bretagne\/Pont-Scorff_9997-Copie.jpg?h=170\" alt=\"Pont-Scorff\" width=\"237\" height=\"170\" \/><\/a><p class=\"jig-HTMLdescription\">Pont-Scorff<br\/>L'\u00e9glise<\/p><\/li><li><a href=\"https:\/\/i0.wp.com\/mhyrdin.fr\/blog\/wordpress\/wp-content\/gallery\/retour-en-bretagne\/Pont-Scorff_9980.JPG?ssl=1\" title=\"Devant l&#039;\u00e9glise\"><img loading=\"lazy\" decoding=\"async\" src=\"https:\/\/i0.wp.com\/mhyrdin.fr\/blog\/wordpress\/wp-content\/gallery\/retour-en-bretagne\/Pont-Scorff_9980.JPG?h=170\" alt=\"Pont-Scorff\" width=\"113\" height=\"170\" \/><\/a><p class=\"jig-HTMLdescription\">Pont-Scorff<br\/>Devant l'\u00e9glise<\/p><\/li><li><a href=\"https:\/\/i0.wp.com\/mhyrdin.fr\/blog\/wordpress\/wp-content\/gallery\/retour-en-bretagne\/Pont-Scorff_9998-Copie.jpg?ssl=1\" title=\"Au coin d&#039;une rue\"><img loading=\"lazy\" decoding=\"async\" src=\"https:\/\/i0.wp.com\/mhyrdin.fr\/blog\/wordpress\/wp-content\/gallery\/retour-en-bretagne\/Pont-Scorff_9998-Copie.jpg?h=170\" alt=\"Pont-Scorff\" width=\"113\" height=\"170\" \/><\/a><p class=\"jig-HTMLdescription\">Pont-Scorff<br\/>Au coin d'une rue<\/p><\/li><li><a href=\"https:\/\/i0.wp.com\/mhyrdin.fr\/blog\/wordpress\/wp-content\/gallery\/retour-en-bretagne\/Pont-Scorff_9992-Copie.jpg?ssl=1\" title=\"Chemin pi\u00e9ton\"><img loading=\"lazy\" decoding=\"async\" src=\"https:\/\/i0.wp.com\/mhyrdin.fr\/blog\/wordpress\/wp-content\/gallery\/retour-en-bretagne\/Pont-Scorff_9992-Copie.jpg?h=170\" alt=\"Pont-Scorff\" width=\"227\" height=\"170\" \/><\/a><p class=\"jig-HTMLdescription\">Pont-Scorff<br\/>Chemin pi\u00e9ton<\/p><\/li><li><a href=\"https:\/\/i0.wp.com\/mhyrdin.fr\/blog\/wordpress\/wp-content\/gallery\/retour-en-bretagne\/Pont-Scorff_9981.JPG?ssl=1\" title=\"Chemin pi\u00e9ton\"><img loading=\"lazy\" decoding=\"async\" src=\"https:\/\/i0.wp.com\/mhyrdin.fr\/blog\/wordpress\/wp-content\/gallery\/retour-en-bretagne\/Pont-Scorff_9981.JPG?h=170\" alt=\"Pont-Scorff\" width=\"255\" height=\"170\" \/><\/a><p class=\"jig-HTMLdescription\">Pont-Scorff<br\/>Chemin pi\u00e9ton<\/p><\/li><li><a href=\"https:\/\/i0.wp.com\/mhyrdin.fr\/blog\/wordpress\/wp-content\/gallery\/retour-en-bretagne\/Pont-Scorff_9990.JPG?ssl=1\" title=\"Le quartier des artisans\"><img loading=\"lazy\" decoding=\"async\" src=\"https:\/\/i0.wp.com\/mhyrdin.fr\/blog\/wordpress\/wp-content\/gallery\/retour-en-bretagne\/Pont-Scorff_9990.JPG?h=170\" alt=\"Pont-Scorff\" width=\"113\" height=\"170\" \/><\/a><p class=\"jig-HTMLdescription\">Pont-Scorff<br\/>Le quartier des artisans<\/p><\/li><li><a href=\"https:\/\/i0.wp.com\/mhyrdin.fr\/blog\/wordpress\/wp-content\/gallery\/retour-en-bretagne\/Pont-Scorff_10001-Copie.jpg?ssl=1\" title=\"Le quartier des artisans\"><img loading=\"lazy\" decoding=\"async\" src=\"https:\/\/i0.wp.com\/mhyrdin.fr\/blog\/wordpress\/wp-content\/gallery\/retour-en-bretagne\/Pont-Scorff_10001-Copie.jpg?h=170\" alt=\"Pont-Scorff\" width=\"226\" height=\"170\" \/><\/a><p class=\"jig-HTMLdescription\">Pont-Scorff<br\/>Le quartier des artisans<\/p><\/li><li><a href=\"https:\/\/i0.wp.com\/mhyrdin.fr\/blog\/wordpress\/wp-content\/gallery\/retour-en-bretagne\/Pont-Scorff_10000-Copie.jpg?ssl=1\" title=\"Le quartier des artisans\"><img loading=\"lazy\" decoding=\"async\" src=\"https:\/\/i0.wp.com\/mhyrdin.fr\/blog\/wordpress\/wp-content\/gallery\/retour-en-bretagne\/Pont-Scorff_10000-Copie.jpg?h=170\" alt=\"Pont-Scorff\" width=\"128\" height=\"170\" \/><\/a><p class=\"jig-HTMLdescription\">Pont-Scorff<br\/>Le quartier des artisans<\/p><\/li><li><a href=\"https:\/\/i0.wp.com\/mhyrdin.fr\/blog\/wordpress\/wp-content\/gallery\/retour-en-bretagne\/Pont-Scorff_9989.JPG?ssl=1\" title=\"Le quartier des artisans\"><img loading=\"lazy\" decoding=\"async\" src=\"https:\/\/i0.wp.com\/mhyrdin.fr\/blog\/wordpress\/wp-content\/gallery\/retour-en-bretagne\/Pont-Scorff_9989.JPG?h=170\" alt=\"Pont-Scorff\" width=\"255\" height=\"170\" \/><\/a><p class=\"jig-HTMLdescription\">Pont-Scorff<br\/>Le quartier des artisans<\/p><\/li><\/ul><\/noscript><\/div><div id=\"jig1-developerLink\" class=\"jig-developerLink\"><a href=\"https:\/\/justifiedgrid.com\/\" target=\"_blank\" title=\"Justified Image Grid - Premium WordPress Gallery\">powered by Justified Image Grid<\/a><\/div>\n<h3>Related Images:<\/h3>","protected":false},"excerpt":{"rendered":"<p>Pont-ScorffLa MairiePont-ScorffLa MairiePont-ScorffLa MairiePont-ScorffLa MairiePont-ScorffLa MairiePont-ScorffLa MairiePont-ScorffLa MairiePont-ScorffLa MairiePont-ScorffLa MairiePont-ScorffL&rsquo;\u00e9glisePont-ScorffDevant l&rsquo;\u00e9glisePont-ScorffAu coin d&rsquo;une ruePont-ScorffChemin pi\u00e9tonPont-ScorffChemin pi\u00e9tonPont-ScorffLe quartier des artisansPont-ScorffLe quartier des artisansPont-ScorffLe quartier des artisansPont-ScorffLe quartier des artisanspowered by Justified Image Grid Related Images:<\/p>\n","protected":false},"author":4,"featured_media":0,"parent":19312,"menu_order":0,"comment_status":"closed","ping_status":"closed","template":"","meta":{"ngg_post_thumbnail":0,"jetpack_post_was_ever_published":false,"footnotes":"","_links_to":"","_links_to_target":""},"class_list":["post-23733","page","type-page","status-publish","hentry"],"jetpack_shortlink":"https:\/\/wp.me\/P9lSZN-6aN","jetpack_sharing_enabled":true,"_links":{"self":[{"href":"https:\/\/mhyrdin.fr\/blog\/wp-json\/wp\/v2\/pages\/23733","targetHints":{"allow":["GET"]}}],"collection":[{"href":"https:\/\/mhyrdin.fr\/blog\/wp-json\/wp\/v2\/pages"}],"about":[{"href":"https:\/\/mhyrdin.fr\/blog\/wp-json\/wp\/v2\/types\/page"}],"author":[{"embeddable":true,"href":"https:\/\/mhyrdin.fr\/blog\/wp-json\/wp\/v2\/users\/4"}],"replies":[{"embeddable":true,"href":"https:\/\/mhyrdin.fr\/blog\/wp-json\/wp\/v2\/comments?post=23733"}],"version-history":[{"count":1,"href":"https:\/\/mhyrdin.fr\/blog\/wp-json\/wp\/v2\/pages\/23733\/revisions"}],"predecessor-version":[{"id":23765,"href":"https:\/\/mhyrdin.fr\/blog\/wp-json\/wp\/v2\/pages\/23733\/revisions\/23765"}],"up":[{"embeddable":true,"href":"https:\/\/mhyrdin.fr\/blog\/wp-json\/wp\/v2\/pages\/19312"}],"wp:attachment":[{"href":"https:\/\/mhyrdin.fr\/blog\/wp-json\/wp\/v2\/media?parent=23733"}],"curies":[{"name":"wp","href":"https:\/\/api.w.org\/{rel}","templated":true}]}}