{"id":23731,"date":"2022-10-18T16:22:36","date_gmt":"2022-10-18T14:22:36","guid":{"rendered":"https:\/\/mhyrdin.fr\/blog\/2020-2\/juin-2020\/mesquer-et-la-briere\/"},"modified":"2022-10-18T17:08:08","modified_gmt":"2022-10-18T15:08:08","slug":"mesquer-et-la-briere","status":"publish","type":"page","link":"https:\/\/mhyrdin.fr\/blog\/archives-numeriques\/2020-2\/juin-2020\/mesquer-et-la-briere\/","title":{"rendered":"Mesquer et la Bri\u00e8re"},"content":{"rendered":"<div id=\"jig1\" class=\"justified-image-grid jig-f9a0cc2ed480100e43fd7549f67d8397 jig-preset-global jig-source-nextgen\"><div class=\"jig-clearfix\"><\/div><noscript id=\"jig1-html\" class=\"justified-image-grid-html\" data-lazy-src=\"skiplazyload\" data-src=\"skipunveillazyload\"><ul><li><a href=\"https:\/\/i0.wp.com\/mhyrdin.fr\/blog\/wordpress\/wp-content\/gallery\/juin-bretagne-historique\/Panorama-Mesquer.jpg?ssl=1\"><img loading=\"lazy\" decoding=\"async\" src=\"https:\/\/i0.wp.com\/mhyrdin.fr\/blog\/wordpress\/wp-content\/gallery\/juin-bretagne-historique\/Panorama-Mesquer.jpg?h=170\" alt=\"Mesquer\" width=\"529\" height=\"170\" \/><\/a><p class=\"jig-HTMLdescription\">Mesquer<\/p><\/li><li><a href=\"https:\/\/i0.wp.com\/mhyrdin.fr\/blog\/wordpress\/wp-content\/gallery\/juin-bretagne-historique\/Mesquer_2063.JPG?ssl=1\" title=\"Mesquer_2063\"><img loading=\"lazy\" decoding=\"async\" src=\"https:\/\/i0.wp.com\/mhyrdin.fr\/blog\/wordpress\/wp-content\/gallery\/juin-bretagne-historique\/Mesquer_2063.JPG?h=170\" alt=\"Mesquer\" width=\"255\" height=\"170\" \/><\/a><p class=\"jig-HTMLdescription\">Mesquer<br\/>Mesquer_2063<\/p><\/li><li><a href=\"https:\/\/i0.wp.com\/mhyrdin.fr\/blog\/wordpress\/wp-content\/gallery\/juin-bretagne-historique\/Mesquer_2090.JPG?ssl=1\" title=\"Mesquer_2090\"><img loading=\"lazy\" decoding=\"async\" src=\"https:\/\/i0.wp.com\/mhyrdin.fr\/blog\/wordpress\/wp-content\/gallery\/juin-bretagne-historique\/Mesquer_2090.JPG?h=170\" alt=\"Mesquer\" width=\"255\" height=\"170\" \/><\/a><p class=\"jig-HTMLdescription\">Mesquer<br\/>Mesquer_2090<\/p><\/li><li><a href=\"https:\/\/i0.wp.com\/mhyrdin.fr\/blog\/wordpress\/wp-content\/gallery\/juin-bretagne-historique\/Reverie-solitaire_2064.JPG?ssl=1\"><img loading=\"lazy\" decoding=\"async\" src=\"https:\/\/i0.wp.com\/mhyrdin.fr\/blog\/wordpress\/wp-content\/gallery\/juin-bretagne-historique\/Reverie-solitaire_2064.JPG?h=170\" alt=\"R\u00eaverie\" width=\"308\" height=\"170\" \/><\/a><p class=\"jig-HTMLdescription\">R\u00eaverie<\/p><\/li><li><a href=\"https:\/\/i0.wp.com\/mhyrdin.fr\/blog\/wordpress\/wp-content\/gallery\/juin-bretagne-historique\/Kerhinet_2096.JPG?ssl=1\" title=\"Kerhinet_2096\"><img loading=\"lazy\" decoding=\"async\" src=\"https:\/\/i0.wp.com\/mhyrdin.fr\/blog\/wordpress\/wp-content\/gallery\/juin-bretagne-historique\/Kerhinet_2096.JPG?h=170\" alt=\"Kerhinet\" width=\"255\" height=\"170\" \/><\/a><p class=\"jig-HTMLdescription\">Kerhinet<br\/>Kerhinet_2096<\/p><\/li><li><a href=\"https:\/\/i0.wp.com\/mhyrdin.fr\/blog\/wordpress\/wp-content\/gallery\/juin-bretagne-historique\/Kerhinet_2091.JPG?ssl=1\" title=\"Kerhinet_2091\"><img loading=\"lazy\" decoding=\"async\" src=\"https:\/\/i0.wp.com\/mhyrdin.fr\/blog\/wordpress\/wp-content\/gallery\/juin-bretagne-historique\/Kerhinet_2091.JPG?h=170\" alt=\"Kerhinet\" width=\"255\" height=\"170\" \/><\/a><p class=\"jig-HTMLdescription\">Kerhinet<br\/>Kerhinet_2091<\/p><\/li><li><a href=\"https:\/\/i0.wp.com\/mhyrdin.fr\/blog\/wordpress\/wp-content\/gallery\/juin-bretagne-historique\/Kerhinet_2093.JPG?ssl=1\" title=\"Kerhinet_2093\"><img loading=\"lazy\" decoding=\"async\" src=\"https:\/\/i0.wp.com\/mhyrdin.fr\/blog\/wordpress\/wp-content\/gallery\/juin-bretagne-historique\/Kerhinet_2093.JPG?h=170\" alt=\"Kerhinet\" width=\"255\" height=\"170\" \/><\/a><p class=\"jig-HTMLdescription\">Kerhinet<br\/>Kerhinet_2093<\/p><\/li><li><a href=\"https:\/\/i0.wp.com\/mhyrdin.fr\/blog\/wordpress\/wp-content\/gallery\/juin-bretagne-historique\/Kerhinet_2097.JPG?ssl=1\" title=\"Kerhinet_2097\"><img loading=\"lazy\" decoding=\"async\" src=\"https:\/\/i0.wp.com\/mhyrdin.fr\/blog\/wordpress\/wp-content\/gallery\/juin-bretagne-historique\/Kerhinet_2097.JPG?h=170\" alt=\"Kerhinet\" width=\"255\" height=\"170\" \/><\/a><p class=\"jig-HTMLdescription\">Kerhinet<br\/>Kerhinet_2097<\/p><\/li><li><a href=\"https:\/\/i0.wp.com\/mhyrdin.fr\/blog\/wordpress\/wp-content\/gallery\/juin-bretagne-historique\/Grande-Lysimaque-_9504.JPG?ssl=1\"><img loading=\"lazy\" decoding=\"async\" src=\"https:\/\/i0.wp.com\/mhyrdin.fr\/blog\/wordpress\/wp-content\/gallery\/juin-bretagne-historique\/Grande-Lysimaque-_9504.JPG?h=170\" alt=\"Le Marais\" width=\"255\" height=\"170\" \/><\/a><p class=\"jig-HTMLdescription\">Le Marais<\/p><\/li><li><a href=\"https:\/\/i0.wp.com\/mhyrdin.fr\/blog\/wordpress\/wp-content\/gallery\/juin-bretagne-historique\/Canal-de-Breca_9939.JPG?ssl=1\"><img loading=\"lazy\" decoding=\"async\" src=\"https:\/\/i0.wp.com\/mhyrdin.fr\/blog\/wordpress\/wp-content\/gallery\/juin-bretagne-historique\/Canal-de-Breca_9939.JPG?h=170\" alt=\"Canal de Br\u00e9ca\" width=\"279\" height=\"170\" \/><\/a><p class=\"jig-HTMLdescription\">Canal de Br\u00e9ca<\/p><\/li><li><a href=\"https:\/\/i0.wp.com\/mhyrdin.fr\/blog\/wordpress\/wp-content\/gallery\/juin-bretagne-historique\/Canal-de-Breca_9938.JPG?ssl=1\"><img loading=\"lazy\" decoding=\"async\" src=\"https:\/\/i0.wp.com\/mhyrdin.fr\/blog\/wordpress\/wp-content\/gallery\/juin-bretagne-historique\/Canal-de-Breca_9938.JPG?h=170\" alt=\"Canal de Br\u00e9ca\" width=\"300\" height=\"170\" \/><\/a><p class=\"jig-HTMLdescription\">Canal de Br\u00e9ca<\/p><\/li><li><a href=\"https:\/\/i0.wp.com\/mhyrdin.fr\/blog\/wordpress\/wp-content\/gallery\/juin-bretagne-historique\/Herbe-aux-coliques_9516.JPG?ssl=1\"><img loading=\"lazy\" decoding=\"async\" src=\"https:\/\/i0.wp.com\/mhyrdin.fr\/blog\/wordpress\/wp-content\/gallery\/juin-bretagne-historique\/Herbe-aux-coliques_9516.JPG?h=170\" alt=\"Herbe aux coliques\" width=\"113\" height=\"170\" \/><\/a><p class=\"jig-HTMLdescription\">Herbe aux coliques<\/p><\/li><li><a href=\"https:\/\/i0.wp.com\/mhyrdin.fr\/blog\/wordpress\/wp-content\/gallery\/juin-bretagne-historique\/Guimauve_9520.JPG?ssl=1\" title=\"Guimauve_9520\"><img loading=\"lazy\" decoding=\"async\" src=\"https:\/\/i0.wp.com\/mhyrdin.fr\/blog\/wordpress\/wp-content\/gallery\/juin-bretagne-historique\/Guimauve_9520.JPG?h=170\" alt=\"Guimauve\" width=\"113\" height=\"170\" \/><\/a><p class=\"jig-HTMLdescription\">Guimauve<br\/>Guimauve_9520<\/p><\/li><li><a href=\"https:\/\/i0.wp.com\/mhyrdin.fr\/blog\/wordpress\/wp-content\/gallery\/juin-bretagne-historique\/Avocette-elegante_9430.JPG?ssl=1\"><img loading=\"lazy\" decoding=\"async\" src=\"https:\/\/i0.wp.com\/mhyrdin.fr\/blog\/wordpress\/wp-content\/gallery\/juin-bretagne-historique\/Avocette-elegante_9430.JPG?h=170\" alt=\"Avocette \u00e9l\u00e9gante\" width=\"255\" height=\"170\" \/><\/a><p class=\"jig-HTMLdescription\">Avocette \u00e9l\u00e9gante<\/p><\/li><li><a href=\"https:\/\/i0.wp.com\/mhyrdin.fr\/blog\/wordpress\/wp-content\/gallery\/juin-bretagne-historique\/Bihoreau-gris_9736.JPG?ssl=1\"><img loading=\"lazy\" decoding=\"async\" src=\"https:\/\/i0.wp.com\/mhyrdin.fr\/blog\/wordpress\/wp-content\/gallery\/juin-bretagne-historique\/Bihoreau-gris_9736.JPG?h=170\" alt=\"Bihoreau gris\" width=\"255\" height=\"170\" \/><\/a><p class=\"jig-HTMLdescription\">Bihoreau gris<\/p><\/li><li><a href=\"https:\/\/i0.wp.com\/mhyrdin.fr\/blog\/wordpress\/wp-content\/gallery\/juin-bretagne-historique\/Busard-des-roseaux_9476.JPG?ssl=1\"><img loading=\"lazy\" decoding=\"async\" src=\"https:\/\/i0.wp.com\/mhyrdin.fr\/blog\/wordpress\/wp-content\/gallery\/juin-bretagne-historique\/Busard-des-roseaux_9476.JPG?h=170\" alt=\"Busard des roseaux\" width=\"255\" height=\"170\" \/><\/a><p class=\"jig-HTMLdescription\">Busard des roseaux<\/p><\/li><li><a href=\"https:\/\/i0.wp.com\/mhyrdin.fr\/blog\/wordpress\/wp-content\/gallery\/juin-bretagne-historique\/Chardonneret-elegant_9752.JPG?ssl=1\"><img loading=\"lazy\" decoding=\"async\" src=\"https:\/\/i0.wp.com\/mhyrdin.fr\/blog\/wordpress\/wp-content\/gallery\/juin-bretagne-historique\/Chardonneret-elegant_9752.JPG?h=170\" alt=\"Chardonneret \u00e9legant\" width=\"255\" height=\"170\" \/><\/a><p class=\"jig-HTMLdescription\">Chardonneret \u00e9legant<\/p><\/li><li><a href=\"https:\/\/i0.wp.com\/mhyrdin.fr\/blog\/wordpress\/wp-content\/gallery\/juin-bretagne-historique\/Gallinulle-poule-d-eau_9918.JPG?ssl=1\"><img loading=\"lazy\" decoding=\"async\" src=\"https:\/\/i0.wp.com\/mhyrdin.fr\/blog\/wordpress\/wp-content\/gallery\/juin-bretagne-historique\/Gallinulle-poule-d-eau_9918.JPG?h=170\" alt=\"Galinulle poule-d&#039;eau\" width=\"255\" height=\"170\" \/><\/a><p class=\"jig-HTMLdescription\">Galinulle poule-d'eau<\/p><\/li><li><a href=\"https:\/\/i0.wp.com\/mhyrdin.fr\/blog\/wordpress\/wp-content\/gallery\/juin-bretagne-historique\/Grande-Aigrette_9813.JPG?ssl=1\"><img loading=\"lazy\" decoding=\"async\" src=\"https:\/\/i0.wp.com\/mhyrdin.fr\/blog\/wordpress\/wp-content\/gallery\/juin-bretagne-historique\/Grande-Aigrette_9813.JPG?h=170\" alt=\"Grande Aigrette\" width=\"255\" height=\"170\" \/><\/a><p class=\"jig-HTMLdescription\">Grande Aigrette<\/p><\/li><li><a href=\"https:\/\/i0.wp.com\/mhyrdin.fr\/blog\/wordpress\/wp-content\/gallery\/juin-bretagne-historique\/Guifette-moustac_9623.JPG?ssl=1\"><img loading=\"lazy\" decoding=\"async\" src=\"https:\/\/i0.wp.com\/mhyrdin.fr\/blog\/wordpress\/wp-content\/gallery\/juin-bretagne-historique\/Guifette-moustac_9623.JPG?h=170\" alt=\"Guifette moustac\" width=\"255\" height=\"170\" \/><\/a><p class=\"jig-HTMLdescription\">Guifette moustac<\/p><\/li><li><a href=\"https:\/\/i0.wp.com\/mhyrdin.fr\/blog\/wordpress\/wp-content\/gallery\/juin-bretagne-historique\/Guifette-moustac_9624.JPG?ssl=1\"><img loading=\"lazy\" decoding=\"async\" src=\"https:\/\/i0.wp.com\/mhyrdin.fr\/blog\/wordpress\/wp-content\/gallery\/juin-bretagne-historique\/Guifette-moustac_9624.JPG?h=170\" alt=\"Guifette moustac\" width=\"255\" height=\"170\" \/><\/a><p class=\"jig-HTMLdescription\">Guifette moustac<\/p><\/li><li><a href=\"https:\/\/i0.wp.com\/mhyrdin.fr\/blog\/wordpress\/wp-content\/gallery\/juin-bretagne-historique\/Guifette-moustac_9626.JPG?ssl=1\"><img loading=\"lazy\" decoding=\"async\" src=\"https:\/\/i0.wp.com\/mhyrdin.fr\/blog\/wordpress\/wp-content\/gallery\/juin-bretagne-historique\/Guifette-moustac_9626.JPG?h=170\" alt=\"Guifette moustac\" width=\"255\" height=\"170\" \/><\/a><p class=\"jig-HTMLdescription\">Guifette moustac<\/p><\/li><li><a href=\"https:\/\/i0.wp.com\/mhyrdin.fr\/blog\/wordpress\/wp-content\/gallery\/juin-bretagne-historique\/Heron-cendre_9763.JPG?ssl=1\"><img loading=\"lazy\" decoding=\"async\" src=\"https:\/\/i0.wp.com\/mhyrdin.fr\/blog\/wordpress\/wp-content\/gallery\/juin-bretagne-historique\/Heron-cendre_9763.JPG?h=170\" alt=\"H\u00e9ron cendr\u00e9\" width=\"255\" height=\"170\" \/><\/a><p class=\"jig-HTMLdescription\">H\u00e9ron cendr\u00e9<\/p><\/li><li><a href=\"https:\/\/i0.wp.com\/mhyrdin.fr\/blog\/wordpress\/wp-content\/gallery\/juin-bretagne-historique\/Heron-cendre_9765.JPG?ssl=1\"><img loading=\"lazy\" decoding=\"async\" src=\"https:\/\/i0.wp.com\/mhyrdin.fr\/blog\/wordpress\/wp-content\/gallery\/juin-bretagne-historique\/Heron-cendre_9765.JPG?h=170\" alt=\"H\u00e9ron cendr\u00e9\" width=\"113\" height=\"170\" \/><\/a><p class=\"jig-HTMLdescription\">H\u00e9ron cendr\u00e9<\/p><\/li><li><a href=\"https:\/\/i0.wp.com\/mhyrdin.fr\/blog\/wordpress\/wp-content\/gallery\/juin-bretagne-historique\/Mouette-rieuse_9418.JPG?ssl=1\"><img loading=\"lazy\" decoding=\"async\" src=\"https:\/\/i0.wp.com\/mhyrdin.fr\/blog\/wordpress\/wp-content\/gallery\/juin-bretagne-historique\/Mouette-rieuse_9418.JPG?h=170\" alt=\"Mouette rieuse\" width=\"255\" height=\"170\" \/><\/a><p class=\"jig-HTMLdescription\">Mouette rieuse<\/p><\/li><li><a href=\"https:\/\/i0.wp.com\/mhyrdin.fr\/blog\/wordpress\/wp-content\/gallery\/juin-bretagne-historique\/Rougegorge-familier_9550.JPG?ssl=1\" title=\"(juv\u00e9nile)\"><img loading=\"lazy\" decoding=\"async\" src=\"https:\/\/i0.wp.com\/mhyrdin.fr\/blog\/wordpress\/wp-content\/gallery\/juin-bretagne-historique\/Rougegorge-familier_9550.JPG?h=170\" alt=\"Rougegorge familier\" width=\"113\" height=\"170\" \/><\/a><p class=\"jig-HTMLdescription\">Rougegorge familier<br\/>(juv\u00e9nile)<\/p><\/li><li><a href=\"https:\/\/i0.wp.com\/mhyrdin.fr\/blog\/wordpress\/wp-content\/gallery\/juin-bretagne-historique\/Spatule-blanche_9671.JPG?ssl=1\"><img loading=\"lazy\" decoding=\"async\" src=\"https:\/\/i0.wp.com\/mhyrdin.fr\/blog\/wordpress\/wp-content\/gallery\/juin-bretagne-historique\/Spatule-blanche_9671.JPG?h=170\" alt=\"Spatule blanche\" width=\"255\" height=\"170\" \/><\/a><p class=\"jig-HTMLdescription\">Spatule blanche<\/p><\/li><li><a href=\"https:\/\/i0.wp.com\/mhyrdin.fr\/blog\/wordpress\/wp-content\/gallery\/juin-bretagne-historique\/Spatule-blanche_9677.JPG?ssl=1\"><img loading=\"lazy\" decoding=\"async\" src=\"https:\/\/i0.wp.com\/mhyrdin.fr\/blog\/wordpress\/wp-content\/gallery\/juin-bretagne-historique\/Spatule-blanche_9677.JPG?h=170\" alt=\"Spatule blanche\" width=\"255\" height=\"170\" \/><\/a><p class=\"jig-HTMLdescription\">Spatule blanche<\/p><\/li><li><a href=\"https:\/\/i0.wp.com\/mhyrdin.fr\/blog\/wordpress\/wp-content\/gallery\/juin-bretagne-historique\/Spatule-blanche_9683.JPG?ssl=1\"><img loading=\"lazy\" decoding=\"async\" src=\"https:\/\/i0.wp.com\/mhyrdin.fr\/blog\/wordpress\/wp-content\/gallery\/juin-bretagne-historique\/Spatule-blanche_9683.JPG?h=170\" alt=\"Spatule blanche\" width=\"255\" height=\"170\" \/><\/a><p class=\"jig-HTMLdescription\">Spatule blanche<\/p><\/li><li><a href=\"https:\/\/i0.wp.com\/mhyrdin.fr\/blog\/wordpress\/wp-content\/gallery\/juin-bretagne-historique\/Spatule-blanche_9685.JPG?ssl=1\"><img loading=\"lazy\" decoding=\"async\" src=\"https:\/\/i0.wp.com\/mhyrdin.fr\/blog\/wordpress\/wp-content\/gallery\/juin-bretagne-historique\/Spatule-blanche_9685.JPG?h=170\" alt=\"Spatule blanche\" width=\"255\" height=\"170\" \/><\/a><p class=\"jig-HTMLdescription\">Spatule blanche<\/p><\/li><li><a href=\"https:\/\/i0.wp.com\/mhyrdin.fr\/blog\/wordpress\/wp-content\/gallery\/juin-bretagne-historique\/Tadorne-de-Belon_9422.JPG?ssl=1\"><img loading=\"lazy\" decoding=\"async\" src=\"https:\/\/i0.wp.com\/mhyrdin.fr\/blog\/wordpress\/wp-content\/gallery\/juin-bretagne-historique\/Tadorne-de-Belon_9422.JPG?h=170\" alt=\"Tadorne de Belon\" width=\"255\" height=\"170\" \/><\/a><p class=\"jig-HTMLdescription\">Tadorne de Belon<\/p><\/li><li><a href=\"https:\/\/i0.wp.com\/mhyrdin.fr\/blog\/wordpress\/wp-content\/gallery\/juin-bretagne-historique\/Pieride-de-la-moutarde_9408.JPG?ssl=1\"><img loading=\"lazy\" decoding=\"async\" src=\"https:\/\/i0.wp.com\/mhyrdin.fr\/blog\/wordpress\/wp-content\/gallery\/juin-bretagne-historique\/Pieride-de-la-moutarde_9408.JPG?h=170\" alt=\"Pi\u00e9ride de la moutarde\" width=\"255\" height=\"170\" \/><\/a><p class=\"jig-HTMLdescription\">Pi\u00e9ride de la moutarde<\/p><\/li><li><a href=\"https:\/\/i0.wp.com\/mhyrdin.fr\/blog\/wordpress\/wp-content\/gallery\/juin-bretagne-historique\/Demi-Deuil_9797.JPG?ssl=1\"><img loading=\"lazy\" decoding=\"async\" src=\"https:\/\/i0.wp.com\/mhyrdin.fr\/blog\/wordpress\/wp-content\/gallery\/juin-bretagne-historique\/Demi-Deuil_9797.JPG?h=170\" alt=\"Demi-Deuil\" width=\"255\" height=\"170\" \/><\/a><p class=\"jig-HTMLdescription\">Demi-Deuil<\/p><\/li><li><a href=\"https:\/\/i0.wp.com\/mhyrdin.fr\/blog\/wordpress\/wp-content\/gallery\/juin-bretagne-historique\/Hesperie-de-la-houque_9798.JPG?ssl=1\"><img loading=\"lazy\" decoding=\"async\" src=\"https:\/\/i0.wp.com\/mhyrdin.fr\/blog\/wordpress\/wp-content\/gallery\/juin-bretagne-historique\/Hesperie-de-la-houque_9798.JPG?h=170\" alt=\"Hesp\u00e9rie de la houque\" width=\"255\" height=\"170\" \/><\/a><p class=\"jig-HTMLdescription\">Hesp\u00e9rie de la houque<\/p><\/li><li><a href=\"https:\/\/i0.wp.com\/mhyrdin.fr\/blog\/wordpress\/wp-content\/gallery\/juin-bretagne-historique\/Morio_9906.JPG?ssl=1\" title=\"Morio_9906\"><img loading=\"lazy\" decoding=\"async\" src=\"https:\/\/i0.wp.com\/mhyrdin.fr\/blog\/wordpress\/wp-content\/gallery\/juin-bretagne-historique\/Morio_9906.JPG?h=170\" alt=\"Morio\" width=\"255\" height=\"170\" \/><\/a><p class=\"jig-HTMLdescription\">Morio<br\/>Morio_9906<\/p><\/li><li><a href=\"https:\/\/i0.wp.com\/mhyrdin.fr\/blog\/wordpress\/wp-content\/gallery\/juin-bretagne-historique\/Morio_9566.JPG?ssl=1\" title=\"Morio_9566\"><img loading=\"lazy\" decoding=\"async\" src=\"https:\/\/i0.wp.com\/mhyrdin.fr\/blog\/wordpress\/wp-content\/gallery\/juin-bretagne-historique\/Morio_9566.JPG?h=170\" alt=\"Morio\" width=\"255\" height=\"170\" \/><\/a><p class=\"jig-HTMLdescription\">Morio<br\/>Morio_9566<\/p><\/li><li><a href=\"https:\/\/i0.wp.com\/mhyrdin.fr\/blog\/wordpress\/wp-content\/gallery\/juin-bretagne-historique\/Morio_9838.JPG?ssl=1\" title=\"Morio_9838\"><img loading=\"lazy\" decoding=\"async\" src=\"https:\/\/i0.wp.com\/mhyrdin.fr\/blog\/wordpress\/wp-content\/gallery\/juin-bretagne-historique\/Morio_9838.JPG?h=170\" alt=\"Morio\" width=\"255\" height=\"170\" \/><\/a><p class=\"jig-HTMLdescription\">Morio<br\/>Morio_9838<\/p><\/li><li><a href=\"https:\/\/i0.wp.com\/mhyrdin.fr\/blog\/wordpress\/wp-content\/gallery\/juin-bretagne-historique\/Mouton_9809.JPG?ssl=1\" title=\"Mouton_9809\"><img loading=\"lazy\" decoding=\"async\" src=\"https:\/\/i0.wp.com\/mhyrdin.fr\/blog\/wordpress\/wp-content\/gallery\/juin-bretagne-historique\/Mouton_9809.JPG?h=170\" alt=\"Mouton\" width=\"255\" height=\"170\" \/><\/a><p class=\"jig-HTMLdescription\">Mouton<br\/>Mouton_9809<\/p><\/li><li><a href=\"https:\/\/i0.wp.com\/mhyrdin.fr\/blog\/wordpress\/wp-content\/gallery\/juin-bretagne-historique\/Lapin_9536.JPG?ssl=1\" title=\"Lapin_9536\"><img loading=\"lazy\" decoding=\"async\" src=\"https:\/\/i0.wp.com\/mhyrdin.fr\/blog\/wordpress\/wp-content\/gallery\/juin-bretagne-historique\/Lapin_9536.JPG?h=170\" alt=\"Lapin de Garenne\" width=\"255\" height=\"170\" \/><\/a><p class=\"jig-HTMLdescription\">Lapin de Garenne<br\/>Lapin_9536<\/p><\/li><li><a href=\"https:\/\/i0.wp.com\/mhyrdin.fr\/blog\/wordpress\/wp-content\/gallery\/juin-bretagne-historique\/Ragondin_9523.JPG?ssl=1\" title=\"Ragondin_9523\"><img loading=\"lazy\" decoding=\"async\" src=\"https:\/\/i0.wp.com\/mhyrdin.fr\/blog\/wordpress\/wp-content\/gallery\/juin-bretagne-historique\/Ragondin_9523.JPG?h=170\" alt=\"Ragondin\" width=\"255\" height=\"170\" \/><\/a><p class=\"jig-HTMLdescription\">Ragondin<br\/>Ragondin_9523<\/p><\/li><li><a href=\"https:\/\/i0.wp.com\/mhyrdin.fr\/blog\/wordpress\/wp-content\/gallery\/juin-bretagne-historique\/Vison-amerique_9459.JPG?ssl=1\"><img loading=\"lazy\" decoding=\"async\" src=\"https:\/\/i0.wp.com\/mhyrdin.fr\/blog\/wordpress\/wp-content\/gallery\/juin-bretagne-historique\/Vison-amerique_9459.JPG?h=170\" alt=\"Vison d&#039;Am\u00e9rique\" width=\"255\" height=\"170\" \/><\/a><p class=\"jig-HTMLdescription\">Vison d'Am\u00e9rique<\/p><\/li><li><a href=\"https:\/\/i0.wp.com\/mhyrdin.fr\/blog\/wordpress\/wp-content\/gallery\/juin-bretagne-historique\/Vison-amerique_9464.JPG?ssl=1\"><img loading=\"lazy\" decoding=\"async\" src=\"https:\/\/i0.wp.com\/mhyrdin.fr\/blog\/wordpress\/wp-content\/gallery\/juin-bretagne-historique\/Vison-amerique_9464.JPG?h=170\" alt=\"Vison d&#039;Am\u00e9rique\" width=\"170\" height=\"170\" \/><\/a><p class=\"jig-HTMLdescription\">Vison d'Am\u00e9rique<\/p><\/li><\/ul><\/noscript><\/div><div id=\"jig1-developerLink\" class=\"jig-developerLink\"><a href=\"https:\/\/justifiedgrid.com\/\" target=\"_blank\" title=\"Justified Image Grid - Premium WordPress Gallery\">powered by Justified Image Grid<\/a><\/div>\n<h3>Related Images:<\/h3>","protected":false},"excerpt":{"rendered":"<p>MesquerMesquerMesquer_2063MesquerMesquer_2090R\u00eaverieKerhinetKerhinet_2096KerhinetKerhinet_2091KerhinetKerhinet_2093KerhinetKerhinet_2097Le MaraisCanal de Br\u00e9caCanal de Br\u00e9caHerbe aux coliquesGuimauveGuimauve_9520Avocette \u00e9l\u00e9ganteBihoreau grisBusard des roseauxChardonneret \u00e9legantGalinulle poule-d&rsquo;eauGrande AigretteGuifette moustacGuifette moustacGuifette moustacH\u00e9ron cendr\u00e9H\u00e9ron cendr\u00e9Mouette rieuseRougegorge familier(juv\u00e9nile)Spatule blancheSpatule blancheSpatule blancheSpatule blancheTadorne de BelonPi\u00e9ride de la moutardeDemi-DeuilHesp\u00e9rie de la houqueMorioMorio_9906MorioMorio_9566MorioMorio_9838MoutonMouton_9809Lapin de GarenneLapin_9536RagondinRagondin_9523Vison d&rsquo;Am\u00e9riqueVison d&rsquo;Am\u00e9riquepowered by Justified Image Grid Related Images:<\/p>\n","protected":false},"author":4,"featured_media":0,"parent":19310,"menu_order":0,"comment_status":"closed","ping_status":"closed","template":"","meta":{"ngg_post_thumbnail":0,"jetpack_post_was_ever_published":false,"footnotes":"","_links_to":"","_links_to_target":""},"class_list":["post-23731","page","type-page","status-publish","hentry"],"jetpack_shortlink":"https:\/\/wp.me\/P9lSZN-6aL","jetpack_sharing_enabled":true,"_links":{"self":[{"href":"https:\/\/mhyrdin.fr\/blog\/wp-json\/wp\/v2\/pages\/23731","targetHints":{"allow":["GET"]}}],"collection":[{"href":"https:\/\/mhyrdin.fr\/blog\/wp-json\/wp\/v2\/pages"}],"about":[{"href":"https:\/\/mhyrdin.fr\/blog\/wp-json\/wp\/v2\/types\/page"}],"author":[{"embeddable":true,"href":"https:\/\/mhyrdin.fr\/blog\/wp-json\/wp\/v2\/users\/4"}],"replies":[{"embeddable":true,"href":"https:\/\/mhyrdin.fr\/blog\/wp-json\/wp\/v2\/comments?post=23731"}],"version-history":[{"count":1,"href":"https:\/\/mhyrdin.fr\/blog\/wp-json\/wp\/v2\/pages\/23731\/revisions"}],"predecessor-version":[{"id":23762,"href":"https:\/\/mhyrdin.fr\/blog\/wp-json\/wp\/v2\/pages\/23731\/revisions\/23762"}],"up":[{"embeddable":true,"href":"https:\/\/mhyrdin.fr\/blog\/wp-json\/wp\/v2\/pages\/19310"}],"wp:attachment":[{"href":"https:\/\/mhyrdin.fr\/blog\/wp-json\/wp\/v2\/media?parent=23731"}],"curies":[{"name":"wp","href":"https:\/\/api.w.org\/{rel}","templated":true}]}}