{"id":23730,"date":"2022-10-18T16:21:52","date_gmt":"2022-10-18T14:21:52","guid":{"rendered":"https:\/\/mhyrdin.fr\/blog\/2020-2\/juin-2020\/brest-et-alentours\/"},"modified":"2022-10-18T17:08:08","modified_gmt":"2022-10-18T15:08:08","slug":"brest-et-alentours","status":"publish","type":"page","link":"https:\/\/mhyrdin.fr\/blog\/archives-numeriques\/2020-2\/juin-2020\/brest-et-alentours\/","title":{"rendered":"Brest et alentours"},"content":{"rendered":"<div id=\"jig1\" class=\"justified-image-grid jig-ff8a0e839d1c7e1b4e88ab5f3cdc7f99 jig-preset-global jig-source-nextgen\"><div class=\"jig-clearfix\"><\/div><noscript id=\"jig1-html\" class=\"justified-image-grid-html\" data-lazy-src=\"skiplazyload\" data-src=\"skipunveillazyload\"><ul><li><a href=\"https:\/\/i0.wp.com\/mhyrdin.fr\/blog\/wordpress\/wp-content\/gallery\/juin2020\/Aigrette-garzette_9109.JPG?ssl=1\" title=\"Nicheuse au vallon du Stangalard - Brest\"><img loading=\"lazy\" decoding=\"async\" src=\"https:\/\/i0.wp.com\/mhyrdin.fr\/blog\/wordpress\/wp-content\/gallery\/juin2020\/Aigrette-garzette_9109.JPG?h=170\" alt=\"Aigrette garzette\" width=\"255\" height=\"170\" \/><\/a><p class=\"jig-HTMLdescription\">Aigrette garzette<br\/>Nicheuse au vallon du Stangalard - Brest<\/p><\/li><li><a href=\"https:\/\/i0.wp.com\/mhyrdin.fr\/blog\/wordpress\/wp-content\/gallery\/juin2020\/Aigrette-garzette_9161.JPG?ssl=1\" title=\"Nicheuse au vallon du Stangalard - Brest\"><img loading=\"lazy\" decoding=\"async\" src=\"https:\/\/i0.wp.com\/mhyrdin.fr\/blog\/wordpress\/wp-content\/gallery\/juin2020\/Aigrette-garzette_9161.JPG?h=170\" alt=\"Aigrette garzette\" width=\"255\" height=\"170\" \/><\/a><p class=\"jig-HTMLdescription\">Aigrette garzette<br\/>Nicheuse au vallon du Stangalard - Brest<\/p><\/li><li><a href=\"https:\/\/i0.wp.com\/mhyrdin.fr\/blog\/wordpress\/wp-content\/gallery\/juin2020\/Aigrette-garzette_9167.JPG?ssl=1\" title=\"Nicheuse au vallon du Stangalard - Brest\"><img loading=\"lazy\" decoding=\"async\" src=\"https:\/\/i0.wp.com\/mhyrdin.fr\/blog\/wordpress\/wp-content\/gallery\/juin2020\/Aigrette-garzette_9167.JPG?h=170\" alt=\"Aigrette garzette\" width=\"113\" height=\"170\" \/><\/a><p class=\"jig-HTMLdescription\">Aigrette garzette<br\/>Nicheuse au vallon du Stangalard - Brest<\/p><\/li><li><a href=\"https:\/\/i0.wp.com\/mhyrdin.fr\/blog\/wordpress\/wp-content\/gallery\/juin2020\/Cormoran-huppe_9000.JPG?ssl=1\"><img loading=\"lazy\" decoding=\"async\" src=\"https:\/\/i0.wp.com\/mhyrdin.fr\/blog\/wordpress\/wp-content\/gallery\/juin2020\/Cormoran-huppe_9000.JPG?h=170\" alt=\"Cormoran hupp\u00e9 juv\u00e9nile\" width=\"255\" height=\"170\" \/><\/a><p class=\"jig-HTMLdescription\">Cormoran hupp\u00e9 juv\u00e9nile<\/p><\/li><li><a href=\"https:\/\/i0.wp.com\/mhyrdin.fr\/blog\/wordpress\/wp-content\/gallery\/juin2020\/Crave-a-bec-rouge_9046.JPG?ssl=1\"><img loading=\"lazy\" decoding=\"async\" src=\"https:\/\/i0.wp.com\/mhyrdin.fr\/blog\/wordpress\/wp-content\/gallery\/juin2020\/Crave-a-bec-rouge_9046.JPG?h=170\" alt=\"Crave \u00e0 bec rouge\" width=\"255\" height=\"170\" \/><\/a><p class=\"jig-HTMLdescription\">Crave \u00e0 bec rouge<\/p><\/li><li><a href=\"https:\/\/i0.wp.com\/mhyrdin.fr\/blog\/wordpress\/wp-content\/gallery\/juin2020\/Etourneau-sansonnet_8996.JPG?ssl=1\" title=\"juv\u00e9niles et un adulte\"><img loading=\"lazy\" decoding=\"async\" src=\"https:\/\/i0.wp.com\/mhyrdin.fr\/blog\/wordpress\/wp-content\/gallery\/juin2020\/Etourneau-sansonnet_8996.JPG?h=170\" alt=\"\u00c9tourneaux sansonnets\" width=\"255\" height=\"170\" \/><\/a><p class=\"jig-HTMLdescription\">\u00c9tourneaux sansonnets<br\/>juv\u00e9niles et un adulte<\/p><\/li><li><a href=\"https:\/\/i0.wp.com\/mhyrdin.fr\/blog\/wordpress\/wp-content\/gallery\/juin2020\/Fou-de-Bassan_9016.JPG?ssl=1\" title=\"Jeune de 2\u00e8me ann\u00e9e civile\"><img loading=\"lazy\" decoding=\"async\" src=\"https:\/\/i0.wp.com\/mhyrdin.fr\/blog\/wordpress\/wp-content\/gallery\/juin2020\/Fou-de-Bassan_9016.JPG?h=170\" alt=\"Fou de Bassan\" width=\"255\" height=\"170\" \/><\/a><p class=\"jig-HTMLdescription\">Fou de Bassan<br\/>Jeune de 2\u00e8me ann\u00e9e civile<\/p><\/li><li><a href=\"https:\/\/i0.wp.com\/mhyrdin.fr\/blog\/wordpress\/wp-content\/gallery\/juin2020\/Foulque-macroule_9082.JPG?ssl=1\" title=\"Adulte et juv\u00e9nile\"><img loading=\"lazy\" decoding=\"async\" src=\"https:\/\/i0.wp.com\/mhyrdin.fr\/blog\/wordpress\/wp-content\/gallery\/juin2020\/Foulque-macroule_9082.JPG?h=170\" alt=\"Foulques macroules\" width=\"255\" height=\"170\" \/><\/a><p class=\"jig-HTMLdescription\">Foulques macroules<br\/>Adulte et juv\u00e9nile<\/p><\/li><li><a href=\"https:\/\/i0.wp.com\/mhyrdin.fr\/blog\/wordpress\/wp-content\/gallery\/juin2020\/Foulque-macroule_9065.JPG?ssl=1\" title=\"(juv\u00e9nile)\"><img loading=\"lazy\" decoding=\"async\" src=\"https:\/\/i0.wp.com\/mhyrdin.fr\/blog\/wordpress\/wp-content\/gallery\/juin2020\/Foulque-macroule_9065.JPG?h=170\" alt=\"Foulque macroule\" width=\"255\" height=\"170\" \/><\/a><p class=\"jig-HTMLdescription\">Foulque macroule<br\/>(juv\u00e9nile)<\/p><\/li><li><a href=\"https:\/\/i0.wp.com\/mhyrdin.fr\/blog\/wordpress\/wp-content\/gallery\/juin2020\/Grand-Cormoran_9058.JPG?ssl=1\"><img loading=\"lazy\" decoding=\"async\" src=\"https:\/\/i0.wp.com\/mhyrdin.fr\/blog\/wordpress\/wp-content\/gallery\/juin2020\/Grand-Cormoran_9058.JPG?h=170\" alt=\"Grand Cormoran\" width=\"255\" height=\"170\" \/><\/a><p class=\"jig-HTMLdescription\">Grand Cormoran<\/p><\/li><li><a href=\"https:\/\/i0.wp.com\/mhyrdin.fr\/blog\/wordpress\/wp-content\/gallery\/juin2020\/Linotte-melodieuse_9030.JPG?ssl=1\"><img loading=\"lazy\" decoding=\"async\" src=\"https:\/\/i0.wp.com\/mhyrdin.fr\/blog\/wordpress\/wp-content\/gallery\/juin2020\/Linotte-melodieuse_9030.JPG?h=170\" alt=\"Linotte m\u00e9lodieuse\" width=\"113\" height=\"170\" \/><\/a><p class=\"jig-HTMLdescription\">Linotte m\u00e9lodieuse<\/p><\/li><li><a href=\"https:\/\/i0.wp.com\/mhyrdin.fr\/blog\/wordpress\/wp-content\/gallery\/juin2020\/Mouette-rieuse_9389.JPG?ssl=1\"><img loading=\"lazy\" decoding=\"async\" src=\"https:\/\/i0.wp.com\/mhyrdin.fr\/blog\/wordpress\/wp-content\/gallery\/juin2020\/Mouette-rieuse_9389.JPG?h=170\" alt=\"Mouette rieuse\" width=\"255\" height=\"170\" \/><\/a><p class=\"jig-HTMLdescription\">Mouette rieuse<\/p><\/li><li><a href=\"https:\/\/i0.wp.com\/mhyrdin.fr\/blog\/wordpress\/wp-content\/gallery\/juin2020\/Pipit-maritime_9394.JPG?ssl=1\"><img loading=\"lazy\" decoding=\"async\" src=\"https:\/\/i0.wp.com\/mhyrdin.fr\/blog\/wordpress\/wp-content\/gallery\/juin2020\/Pipit-maritime_9394.JPG?h=170\" alt=\"Pipit maritime\" width=\"255\" height=\"170\" \/><\/a><p class=\"jig-HTMLdescription\">Pipit maritime<\/p><\/li><li><a href=\"https:\/\/i0.wp.com\/mhyrdin.fr\/blog\/wordpress\/wp-content\/gallery\/juin2020\/Pouillot-veloce_9405.JPG?ssl=1\"><img loading=\"lazy\" decoding=\"async\" src=\"https:\/\/i0.wp.com\/mhyrdin.fr\/blog\/wordpress\/wp-content\/gallery\/juin2020\/Pouillot-veloce_9405.JPG?h=170\" alt=\"Pouillot v\u00e9loce\" width=\"255\" height=\"170\" \/><\/a><p class=\"jig-HTMLdescription\">Pouillot v\u00e9loce<\/p><\/li><li><a href=\"https:\/\/i0.wp.com\/mhyrdin.fr\/blog\/wordpress\/wp-content\/gallery\/juin2020\/Tarier-patre_9360.JPG?ssl=1\"><img loading=\"lazy\" decoding=\"async\" src=\"https:\/\/i0.wp.com\/mhyrdin.fr\/blog\/wordpress\/wp-content\/gallery\/juin2020\/Tarier-patre_9360.JPG?h=170\" alt=\"Tarier p\u00e2tre\" width=\"113\" height=\"170\" \/><\/a><p class=\"jig-HTMLdescription\">Tarier p\u00e2tre<\/p><\/li><li><a href=\"https:\/\/i0.wp.com\/mhyrdin.fr\/blog\/wordpress\/wp-content\/gallery\/juin2020\/Tarier-patre_9382.JPG?ssl=1\"><img loading=\"lazy\" decoding=\"async\" src=\"https:\/\/i0.wp.com\/mhyrdin.fr\/blog\/wordpress\/wp-content\/gallery\/juin2020\/Tarier-patre_9382.JPG?h=170\" alt=\"Tarier p\u00e2tre\" width=\"255\" height=\"170\" \/><\/a><p class=\"jig-HTMLdescription\">Tarier p\u00e2tre<\/p><\/li><li><a href=\"https:\/\/i0.wp.com\/mhyrdin.fr\/blog\/wordpress\/wp-content\/gallery\/juin2020\/Tarier-patre_9387.JPG?ssl=1\"><img loading=\"lazy\" decoding=\"async\" src=\"https:\/\/i0.wp.com\/mhyrdin.fr\/blog\/wordpress\/wp-content\/gallery\/juin2020\/Tarier-patre_9387.JPG?h=170\" alt=\"Tarier p\u00e2tre\" width=\"255\" height=\"170\" \/><\/a><p class=\"jig-HTMLdescription\">Tarier p\u00e2tre<\/p><\/li><li><a href=\"https:\/\/i0.wp.com\/mhyrdin.fr\/blog\/wordpress\/wp-content\/gallery\/juin2020\/Amarylis_9333.JPG?ssl=1\" title=\"Amarylis_9333\"><img loading=\"lazy\" decoding=\"async\" src=\"https:\/\/i0.wp.com\/mhyrdin.fr\/blog\/wordpress\/wp-content\/gallery\/juin2020\/Amarylis_9333.JPG?h=170\" alt=\"Amaryllis\" width=\"255\" height=\"170\" \/><\/a><p class=\"jig-HTMLdescription\">Amaryllis<br\/>Amarylis_9333<\/p><\/li><li><a href=\"https:\/\/i0.wp.com\/mhyrdin.fr\/blog\/wordpress\/wp-content\/gallery\/juin2020\/Belle-Dame_8883.JPG?ssl=1\"><img loading=\"lazy\" decoding=\"async\" src=\"https:\/\/i0.wp.com\/mhyrdin.fr\/blog\/wordpress\/wp-content\/gallery\/juin2020\/Belle-Dame_8883.JPG?h=170\" alt=\"Belle Dame\" width=\"255\" height=\"170\" \/><\/a><p class=\"jig-HTMLdescription\">Belle Dame<\/p><\/li><li><a href=\"https:\/\/i0.wp.com\/mhyrdin.fr\/blog\/wordpress\/wp-content\/gallery\/juin2020\/Cuivre-commun_9007.JPG?ssl=1\"><img loading=\"lazy\" decoding=\"async\" src=\"https:\/\/i0.wp.com\/mhyrdin.fr\/blog\/wordpress\/wp-content\/gallery\/juin2020\/Cuivre-commun_9007.JPG?h=170\" alt=\"Cuivr\u00e9 commun\" width=\"255\" height=\"170\" \/><\/a><p class=\"jig-HTMLdescription\">Cuivr\u00e9 commun<\/p><\/li><li><a href=\"https:\/\/i0.wp.com\/mhyrdin.fr\/blog\/wordpress\/wp-content\/gallery\/juin2020\/Morosphynx_8846.JPG?ssl=1\" title=\"Morosphynx_8846\"><img loading=\"lazy\" decoding=\"async\" src=\"https:\/\/i0.wp.com\/mhyrdin.fr\/blog\/wordpress\/wp-content\/gallery\/juin2020\/Morosphynx_8846.JPG?h=170\" alt=\"Morosphynx\" width=\"255\" height=\"170\" \/><\/a><p class=\"jig-HTMLdescription\">Morosphynx<br\/>Morosphynx_8846<\/p><\/li><li><a href=\"https:\/\/i0.wp.com\/mhyrdin.fr\/blog\/wordpress\/wp-content\/gallery\/juin2020\/Myrtil_8836.JPG?ssl=1\" title=\"(femelle)\"><img loading=\"lazy\" decoding=\"async\" src=\"https:\/\/i0.wp.com\/mhyrdin.fr\/blog\/wordpress\/wp-content\/gallery\/juin2020\/Myrtil_8836.JPG?h=170\" alt=\"Myrtil\" width=\"255\" height=\"170\" \/><\/a><p class=\"jig-HTMLdescription\">Myrtil<br\/>(femelle)<\/p><\/li><li><a href=\"https:\/\/i0.wp.com\/mhyrdin.fr\/blog\/wordpress\/wp-content\/gallery\/juin2020\/Myrtil_9314.JPG?ssl=1\" title=\"(m\u00e2le)\"><img loading=\"lazy\" decoding=\"async\" src=\"https:\/\/i0.wp.com\/mhyrdin.fr\/blog\/wordpress\/wp-content\/gallery\/juin2020\/Myrtil_9314.JPG?h=170\" alt=\"Myrtil\" width=\"255\" height=\"170\" \/><\/a><p class=\"jig-HTMLdescription\">Myrtil<br\/>(m\u00e2le)<\/p><\/li><li><a href=\"https:\/\/i0.wp.com\/mhyrdin.fr\/blog\/wordpress\/wp-content\/gallery\/juin2020\/Petite-Tortue_8816.JPG?ssl=1\"><img loading=\"lazy\" decoding=\"async\" src=\"https:\/\/i0.wp.com\/mhyrdin.fr\/blog\/wordpress\/wp-content\/gallery\/juin2020\/Petite-Tortue_8816.JPG?h=170\" alt=\"Petite Tortue\" width=\"255\" height=\"170\" \/><\/a><p class=\"jig-HTMLdescription\">Petite Tortue<\/p><\/li><li><a href=\"https:\/\/i0.wp.com\/mhyrdin.fr\/blog\/wordpress\/wp-content\/gallery\/juin2020\/Procris-Fadet-commun_9042.JPG?ssl=1\"><img loading=\"lazy\" decoding=\"async\" src=\"https:\/\/i0.wp.com\/mhyrdin.fr\/blog\/wordpress\/wp-content\/gallery\/juin2020\/Procris-Fadet-commun_9042.JPG?h=170\" alt=\"Procris - Fadet-commun\" width=\"170\" height=\"170\" \/><\/a><p class=\"jig-HTMLdescription\">Procris - Fadet-commun<\/p><\/li><li><a href=\"https:\/\/i0.wp.com\/mhyrdin.fr\/blog\/wordpress\/wp-content\/gallery\/juin2020\/Sylvaine_8860.JPG?ssl=1\" title=\"Sylvaine_8860\"><img loading=\"lazy\" decoding=\"async\" src=\"https:\/\/i0.wp.com\/mhyrdin.fr\/blog\/wordpress\/wp-content\/gallery\/juin2020\/Sylvaine_8860.JPG?h=170\" alt=\"Sylvaine\" width=\"255\" height=\"170\" \/><\/a><p class=\"jig-HTMLdescription\">Sylvaine<br\/>Sylvaine_8860<\/p><\/li><li><a href=\"https:\/\/i0.wp.com\/mhyrdin.fr\/blog\/wordpress\/wp-content\/gallery\/juin2020\/Sylvaine_8889.JPG?ssl=1\" title=\"Sylvaine_8889\"><img loading=\"lazy\" decoding=\"async\" src=\"https:\/\/i0.wp.com\/mhyrdin.fr\/blog\/wordpress\/wp-content\/gallery\/juin2020\/Sylvaine_8889.JPG?h=170\" alt=\"Sylvaine\" width=\"255\" height=\"170\" \/><\/a><p class=\"jig-HTMLdescription\">Sylvaine<br\/>Sylvaine_8889<\/p><\/li><li><a href=\"https:\/\/i0.wp.com\/mhyrdin.fr\/blog\/wordpress\/wp-content\/gallery\/juin2020\/Sylvaine_9301.JPG?ssl=1\" title=\"Sylvaine_9301\"><img loading=\"lazy\" decoding=\"async\" src=\"https:\/\/i0.wp.com\/mhyrdin.fr\/blog\/wordpress\/wp-content\/gallery\/juin2020\/Sylvaine_9301.JPG?h=170\" alt=\"Sylvaine\" width=\"113\" height=\"170\" \/><\/a><p class=\"jig-HTMLdescription\">Sylvaine<br\/>Sylvaine_9301<\/p><\/li><li><a href=\"https:\/\/i0.wp.com\/mhyrdin.fr\/blog\/wordpress\/wp-content\/gallery\/juin2020\/Vulcain_8780.JPG?ssl=1\" title=\"Vulcain_8780\"><img loading=\"lazy\" decoding=\"async\" src=\"https:\/\/i0.wp.com\/mhyrdin.fr\/blog\/wordpress\/wp-content\/gallery\/juin2020\/Vulcain_8780.JPG?h=170\" alt=\"Vulcain\" width=\"255\" height=\"170\" \/><\/a><p class=\"jig-HTMLdescription\">Vulcain<br\/>Vulcain_8780<\/p><\/li><li><a href=\"https:\/\/i0.wp.com\/mhyrdin.fr\/blog\/wordpress\/wp-content\/gallery\/juin2020\/Vulcain_8784.JPG?ssl=1\" title=\"Vulcain_8784\"><img loading=\"lazy\" decoding=\"async\" src=\"https:\/\/i0.wp.com\/mhyrdin.fr\/blog\/wordpress\/wp-content\/gallery\/juin2020\/Vulcain_8784.JPG?h=170\" alt=\"Vulcain\" width=\"255\" height=\"170\" \/><\/a><p class=\"jig-HTMLdescription\">Vulcain<br\/>Vulcain_8784<\/p><\/li><li><a href=\"https:\/\/i0.wp.com\/mhyrdin.fr\/blog\/wordpress\/wp-content\/gallery\/juin2020\/Zygene-du-trefle_8882.JPG?ssl=1\"><img loading=\"lazy\" decoding=\"async\" src=\"https:\/\/i0.wp.com\/mhyrdin.fr\/blog\/wordpress\/wp-content\/gallery\/juin2020\/Zygene-du-trefle_8882.JPG?h=170\" alt=\"Zyg\u00e8ne du tr\u00e8fle\" width=\"255\" height=\"170\" \/><\/a><p class=\"jig-HTMLdescription\">Zyg\u00e8ne du tr\u00e8fle<\/p><\/li><li><a href=\"https:\/\/i0.wp.com\/mhyrdin.fr\/blog\/wordpress\/wp-content\/gallery\/juin2020\/Clytus-arietis_2054.JPG?ssl=1\"><img loading=\"lazy\" decoding=\"async\" src=\"https:\/\/i0.wp.com\/mhyrdin.fr\/blog\/wordpress\/wp-content\/gallery\/juin2020\/Clytus-arietis_2054.JPG?h=170\" alt=\"Clytus arietis\" width=\"255\" height=\"170\" \/><\/a><p class=\"jig-HTMLdescription\">Clytus arietis<\/p><\/li><li><a href=\"https:\/\/i0.wp.com\/mhyrdin.fr\/blog\/wordpress\/wp-content\/gallery\/juin2020\/Clytus-arietis_2056.JPG?ssl=1\"><img loading=\"lazy\" decoding=\"async\" src=\"https:\/\/i0.wp.com\/mhyrdin.fr\/blog\/wordpress\/wp-content\/gallery\/juin2020\/Clytus-arietis_2056.JPG?h=170\" alt=\"Clytus arietis\" width=\"255\" height=\"170\" \/><\/a><p class=\"jig-HTMLdescription\">Clytus arietis<\/p><\/li><li><a href=\"https:\/\/i0.wp.com\/mhyrdin.fr\/blog\/wordpress\/wp-content\/gallery\/juin2020\/Ruptera-maculata_2062.JPG?ssl=1\"><img loading=\"lazy\" decoding=\"async\" src=\"https:\/\/i0.wp.com\/mhyrdin.fr\/blog\/wordpress\/wp-content\/gallery\/juin2020\/Ruptera-maculata_2062.JPG?h=170\" alt=\"Ruptera maculata\" width=\"255\" height=\"170\" \/><\/a><p class=\"jig-HTMLdescription\">Ruptera maculata<\/p><\/li><li><a href=\"https:\/\/i0.wp.com\/mhyrdin.fr\/blog\/wordpress\/wp-content\/gallery\/juin2020\/Ruptera-maculata_2057.JPG?ssl=1\"><img loading=\"lazy\" decoding=\"async\" src=\"https:\/\/i0.wp.com\/mhyrdin.fr\/blog\/wordpress\/wp-content\/gallery\/juin2020\/Ruptera-maculata_2057.JPG?h=170\" alt=\"Ruptera maculata\" width=\"113\" height=\"170\" \/><\/a><p class=\"jig-HTMLdescription\">Ruptera maculata<\/p><\/li><\/ul><\/noscript><\/div><div id=\"jig1-developerLink\" class=\"jig-developerLink\"><a href=\"https:\/\/justifiedgrid.com\/\" target=\"_blank\" title=\"Justified Image Grid - Premium WordPress Gallery\">powered by Justified Image Grid<\/a><\/div>\n<h3>Related Images:<\/h3>","protected":false},"excerpt":{"rendered":"<p>Aigrette garzetteNicheuse au vallon du Stangalard &#8211; BrestAigrette garzetteNicheuse au vallon du Stangalard &#8211; BrestAigrette garzetteNicheuse au vallon du Stangalard &#8211; BrestCormoran hupp\u00e9 juv\u00e9nileCrave \u00e0 bec rouge\u00c9tourneaux sansonnetsjuv\u00e9niles et un adulteFou de BassanJeune de 2\u00e8me ann\u00e9e civileFoulques macroulesAdulte et juv\u00e9nileFoulque macroule(juv\u00e9nile)Grand CormoranLinotte m\u00e9lodieuseMouette rieusePipit maritimePouillot v\u00e9loceTarier p\u00e2treTarier p\u00e2treTarier p\u00e2treAmaryllisAmarylis_9333Belle DameCuivr\u00e9 communMorosphynxMorosphynx_8846Myrtil(femelle)Myrtil(m\u00e2le)Petite TortueProcris &#8211; Fadet-communSylvaineSylvaine_8860SylvaineSylvaine_8889SylvaineSylvaine_9301VulcainVulcain_8780VulcainVulcain_8784Zyg\u00e8ne du [&hellip;]<\/p>\n","protected":false},"author":4,"featured_media":0,"parent":19310,"menu_order":0,"comment_status":"closed","ping_status":"closed","template":"","meta":{"ngg_post_thumbnail":0,"jetpack_post_was_ever_published":false,"footnotes":"","_links_to":"","_links_to_target":""},"class_list":["post-23730","page","type-page","status-publish","hentry"],"jetpack_shortlink":"https:\/\/wp.me\/P9lSZN-6aK","jetpack_sharing_enabled":true,"_links":{"self":[{"href":"https:\/\/mhyrdin.fr\/blog\/wp-json\/wp\/v2\/pages\/23730","targetHints":{"allow":["GET"]}}],"collection":[{"href":"https:\/\/mhyrdin.fr\/blog\/wp-json\/wp\/v2\/pages"}],"about":[{"href":"https:\/\/mhyrdin.fr\/blog\/wp-json\/wp\/v2\/types\/page"}],"author":[{"embeddable":true,"href":"https:\/\/mhyrdin.fr\/blog\/wp-json\/wp\/v2\/users\/4"}],"replies":[{"embeddable":true,"href":"https:\/\/mhyrdin.fr\/blog\/wp-json\/wp\/v2\/comments?post=23730"}],"version-history":[{"count":1,"href":"https:\/\/mhyrdin.fr\/blog\/wp-json\/wp\/v2\/pages\/23730\/revisions"}],"predecessor-version":[{"id":23761,"href":"https:\/\/mhyrdin.fr\/blog\/wp-json\/wp\/v2\/pages\/23730\/revisions\/23761"}],"up":[{"embeddable":true,"href":"https:\/\/mhyrdin.fr\/blog\/wp-json\/wp\/v2\/pages\/19310"}],"wp:attachment":[{"href":"https:\/\/mhyrdin.fr\/blog\/wp-json\/wp\/v2\/media?parent=23730"}],"curies":[{"name":"wp","href":"https:\/\/api.w.org\/{rel}","templated":true}]}}