{"id":23634,"date":"2022-10-18T00:57:53","date_gmt":"2022-10-17T22:57:53","guid":{"rendered":"https:\/\/mhyrdin.fr\/blog\/2019-2\/aout-2019\/aout-montagne-2\/papillons-et-insectes\/"},"modified":"2022-10-18T00:57:53","modified_gmt":"2022-10-17T22:57:53","slug":"papillons-et-insectes","status":"publish","type":"page","link":"https:\/\/mhyrdin.fr\/blog\/archives-numeriques\/2019-2\/aout-2019\/aout-montagne-2\/papillons-et-insectes\/","title":{"rendered":"Papillons et insectes"},"content":{"rendered":"<div id=\"jig1\" class=\"justified-image-grid jig-0503f38939d6f3d7ac4f2be55cd6e233 jig-preset-global jig-source-nextgen\"><div class=\"jig-clearfix\"><\/div><noscript id=\"jig1-html\" class=\"justified-image-grid-html\" data-lazy-src=\"skiplazyload\" data-src=\"skipunveillazyload\"><ul><li><a href=\"https:\/\/i0.wp.com\/mhyrdin.fr\/blog\/wordpress\/wp-content\/gallery\/aout2019montagneinsectes\/Apollon_9525.JPG?ssl=1\" title=\"Apollon_9525\"><img loading=\"lazy\" decoding=\"async\" src=\"https:\/\/i0.wp.com\/mhyrdin.fr\/blog\/wordpress\/wp-content\/gallery\/aout2019montagneinsectes\/Apollon_9525.JPG?h=170\" alt=\"Apollon\" width=\"255\" height=\"170\" \/><\/a><p class=\"jig-HTMLdescription\">Apollon<br\/>Apollon_9525<\/p><\/li><li><a href=\"https:\/\/i0.wp.com\/mhyrdin.fr\/blog\/wordpress\/wp-content\/gallery\/aout2019montagneinsectes\/Apollon_9533.JPG?ssl=1\" title=\"Apollon_9533\"><img loading=\"lazy\" decoding=\"async\" src=\"https:\/\/i0.wp.com\/mhyrdin.fr\/blog\/wordpress\/wp-content\/gallery\/aout2019montagneinsectes\/Apollon_9533.JPG?h=170\" alt=\"Apollon\" width=\"255\" height=\"170\" \/><\/a><p class=\"jig-HTMLdescription\">Apollon<br\/>Apollon_9533<\/p><\/li><li><a href=\"https:\/\/i0.wp.com\/mhyrdin.fr\/blog\/wordpress\/wp-content\/gallery\/aout2019montagneinsectes\/Apollon_9544.JPG?ssl=1\" title=\"Apollon_9544\"><img loading=\"lazy\" decoding=\"async\" src=\"https:\/\/i0.wp.com\/mhyrdin.fr\/blog\/wordpress\/wp-content\/gallery\/aout2019montagneinsectes\/Apollon_9544.JPG?h=170\" alt=\"Apollon\" width=\"113\" height=\"170\" \/><\/a><p class=\"jig-HTMLdescription\">Apollon<br\/>Apollon_9544<\/p><\/li><li><a href=\"https:\/\/i0.wp.com\/mhyrdin.fr\/blog\/wordpress\/wp-content\/gallery\/aout2019montagneinsectes\/Azur%C3%A9-bleu-c%C3%A9leste_8893.JPG?ssl=1\"><img loading=\"lazy\" decoding=\"async\" src=\"https:\/\/i0.wp.com\/mhyrdin.fr\/blog\/wordpress\/wp-content\/gallery\/aout2019montagneinsectes\/Azur%C3%A9-bleu-c%C3%A9leste_8893.JPG?h=170\" alt=\"Azur\u00e9 bleu c\u00e9leste\" width=\"113\" height=\"170\" \/><\/a><p class=\"jig-HTMLdescription\">Azur\u00e9 bleu c\u00e9leste<\/p><\/li><li><a href=\"https:\/\/i0.wp.com\/mhyrdin.fr\/blog\/wordpress\/wp-content\/gallery\/aout2019montagneinsectes\/Azur%C3%A9-des-nerpruns_8744.JPG?ssl=1\"><img loading=\"lazy\" decoding=\"async\" src=\"https:\/\/i0.wp.com\/mhyrdin.fr\/blog\/wordpress\/wp-content\/gallery\/aout2019montagneinsectes\/Azur%C3%A9-des-nerpruns_8744.JPG?h=170\" alt=\"Azur\u00e9 des nerpruns\" width=\"255\" height=\"170\" \/><\/a><p class=\"jig-HTMLdescription\">Azur\u00e9 des nerpruns<\/p><\/li><li><a href=\"https:\/\/i0.wp.com\/mhyrdin.fr\/blog\/wordpress\/wp-content\/gallery\/aout2019montagneinsectes\/Azur%C3%A9-des-nerpruns_8884.JPG?ssl=1\"><img loading=\"lazy\" decoding=\"async\" src=\"https:\/\/i0.wp.com\/mhyrdin.fr\/blog\/wordpress\/wp-content\/gallery\/aout2019montagneinsectes\/Azur%C3%A9-des-nerpruns_8884.JPG?h=170\" alt=\"Azur\u00e9 des nerpruns\" width=\"113\" height=\"170\" \/><\/a><p class=\"jig-HTMLdescription\">Azur\u00e9 des nerpruns<\/p><\/li><li><a href=\"https:\/\/i0.wp.com\/mhyrdin.fr\/blog\/wordpress\/wp-content\/gallery\/aout2019montagneinsectes\/Bleu-nacr%C3%A9_9292.JPG?ssl=1\"><img loading=\"lazy\" decoding=\"async\" src=\"https:\/\/i0.wp.com\/mhyrdin.fr\/blog\/wordpress\/wp-content\/gallery\/aout2019montagneinsectes\/Bleu-nacr%C3%A9_9292.JPG?h=170\" alt=\"Bleu nacr\u00e9\" width=\"113\" height=\"170\" \/><\/a><p class=\"jig-HTMLdescription\">Bleu nacr\u00e9<\/p><\/li><li><a href=\"https:\/\/i0.wp.com\/mhyrdin.fr\/blog\/wordpress\/wp-content\/gallery\/aout2019montagneinsectes\/Bleu-nacr%C3%A9_9298.JPG?ssl=1\"><img loading=\"lazy\" decoding=\"async\" src=\"https:\/\/i0.wp.com\/mhyrdin.fr\/blog\/wordpress\/wp-content\/gallery\/aout2019montagneinsectes\/Bleu-nacr%C3%A9_9298.JPG?h=170\" alt=\"Bleu nacr\u00e9\" width=\"255\" height=\"170\" \/><\/a><p class=\"jig-HTMLdescription\">Bleu nacr\u00e9<\/p><\/li><li><a href=\"https:\/\/i0.wp.com\/mhyrdin.fr\/blog\/wordpress\/wp-content\/gallery\/aout2019montagneinsectes\/Bleu-nacr%C3%A9_0947.JPG?ssl=1\"><img loading=\"lazy\" decoding=\"async\" src=\"https:\/\/i0.wp.com\/mhyrdin.fr\/blog\/wordpress\/wp-content\/gallery\/aout2019montagneinsectes\/Bleu-nacr%C3%A9_0947.JPG?h=170\" alt=\"Bleu nacr\u00e9\" width=\"255\" height=\"170\" \/><\/a><p class=\"jig-HTMLdescription\">Bleu nacr\u00e9<\/p><\/li><li><a href=\"https:\/\/i0.wp.com\/mhyrdin.fr\/blog\/wordpress\/wp-content\/gallery\/aout2019montagneinsectes\/Bleu-nacr%C3%A9_9471.JPG?ssl=1\"><img loading=\"lazy\" decoding=\"async\" src=\"https:\/\/i0.wp.com\/mhyrdin.fr\/blog\/wordpress\/wp-content\/gallery\/aout2019montagneinsectes\/Bleu-nacr%C3%A9_9471.JPG?h=170\" alt=\"Bleu nacr\u00e9\" width=\"113\" height=\"170\" \/><\/a><p class=\"jig-HTMLdescription\">Bleu nacr\u00e9<\/p><\/li><li><a href=\"https:\/\/i0.wp.com\/mhyrdin.fr\/blog\/wordpress\/wp-content\/gallery\/aout2019montagneinsectes\/Bleu-nacr%C3%A9_9475.JPG?ssl=1\"><img loading=\"lazy\" decoding=\"async\" src=\"https:\/\/i0.wp.com\/mhyrdin.fr\/blog\/wordpress\/wp-content\/gallery\/aout2019montagneinsectes\/Bleu-nacr%C3%A9_9475.JPG?h=170\" alt=\"Bleu nacr\u00e9\" width=\"255\" height=\"170\" \/><\/a><p class=\"jig-HTMLdescription\">Bleu nacr\u00e9<\/p><\/li><li><a href=\"https:\/\/i0.wp.com\/mhyrdin.fr\/blog\/wordpress\/wp-content\/gallery\/aout2019montagneinsectes\/Criquet-jacasseur_9285.JPG?ssl=1\"><img loading=\"lazy\" decoding=\"async\" src=\"https:\/\/i0.wp.com\/mhyrdin.fr\/blog\/wordpress\/wp-content\/gallery\/aout2019montagneinsectes\/Criquet-jacasseur_9285.JPG?h=170\" alt=\"Criquet jacasseur\" width=\"255\" height=\"170\" \/><\/a><p class=\"jig-HTMLdescription\">Criquet jacasseur<\/p><\/li><li><a href=\"https:\/\/i0.wp.com\/mhyrdin.fr\/blog\/wordpress\/wp-content\/gallery\/aout2019montagneinsectes\/Criquet-verdelet_0667.JPG?ssl=1\"><img loading=\"lazy\" decoding=\"async\" src=\"https:\/\/i0.wp.com\/mhyrdin.fr\/blog\/wordpress\/wp-content\/gallery\/aout2019montagneinsectes\/Criquet-verdelet_0667.JPG?h=170\" alt=\"Criquet verdelet\" width=\"255\" height=\"170\" \/><\/a><p class=\"jig-HTMLdescription\">Criquet verdelet<\/p><\/li><li><a href=\"https:\/\/i0.wp.com\/mhyrdin.fr\/blog\/wordpress\/wp-content\/gallery\/aout2019montagneinsectes\/Criquet-verdelet_9694.JPG?ssl=1\"><img loading=\"lazy\" decoding=\"async\" src=\"https:\/\/i0.wp.com\/mhyrdin.fr\/blog\/wordpress\/wp-content\/gallery\/aout2019montagneinsectes\/Criquet-verdelet_9694.JPG?h=170\" alt=\"Criquet verdelet\" width=\"255\" height=\"170\" \/><\/a><p class=\"jig-HTMLdescription\">Criquet verdelet<\/p><\/li><li><a href=\"https:\/\/i0.wp.com\/mhyrdin.fr\/blog\/wordpress\/wp-content\/gallery\/aout2019montagneinsectes\/Dectique-verrucivore_9272.JPG?ssl=1\"><img loading=\"lazy\" decoding=\"async\" src=\"https:\/\/i0.wp.com\/mhyrdin.fr\/blog\/wordpress\/wp-content\/gallery\/aout2019montagneinsectes\/Dectique-verrucivore_9272.JPG?h=170\" alt=\"Dectique verrucivore\" width=\"255\" height=\"170\" \/><\/a><p class=\"jig-HTMLdescription\">Dectique verrucivore<\/p><\/li><li><a href=\"https:\/\/i0.wp.com\/mhyrdin.fr\/blog\/wordpress\/wp-content\/gallery\/aout2019montagneinsectes\/Dectique-verrucivore_9697.JPG?ssl=1\"><img loading=\"lazy\" decoding=\"async\" src=\"https:\/\/i0.wp.com\/mhyrdin.fr\/blog\/wordpress\/wp-content\/gallery\/aout2019montagneinsectes\/Dectique-verrucivore_9697.JPG?h=170\" alt=\"Dectique verrucivore\" width=\"255\" height=\"170\" \/><\/a><p class=\"jig-HTMLdescription\">Dectique verrucivore<\/p><\/li><li><a href=\"https:\/\/i0.wp.com\/mhyrdin.fr\/blog\/wordpress\/wp-content\/gallery\/aout2019montagneinsectes\/Dectique-verrucivore_9711.JPG?ssl=1\"><img loading=\"lazy\" decoding=\"async\" src=\"https:\/\/i0.wp.com\/mhyrdin.fr\/blog\/wordpress\/wp-content\/gallery\/aout2019montagneinsectes\/Dectique-verrucivore_9711.JPG?h=170\" alt=\"Dectique verrucivore\" width=\"255\" height=\"170\" \/><\/a><p class=\"jig-HTMLdescription\">Dectique verrucivore<\/p><\/li><li><a href=\"https:\/\/i0.wp.com\/mhyrdin.fr\/blog\/wordpress\/wp-content\/gallery\/aout2019montagneinsectes\/Gomphocerippus-saulcyi_8561.JPG?ssl=1\"><img loading=\"lazy\" decoding=\"async\" src=\"https:\/\/i0.wp.com\/mhyrdin.fr\/blog\/wordpress\/wp-content\/gallery\/aout2019montagneinsectes\/Gomphocerippus-saulcyi_8561.JPG?h=170\" alt=\"Gomphocerippus saulcyi\" width=\"113\" height=\"170\" \/><\/a><p class=\"jig-HTMLdescription\">Gomphocerippus saulcyi<\/p><\/li><li><a href=\"https:\/\/i0.wp.com\/mhyrdin.fr\/blog\/wordpress\/wp-content\/gallery\/aout2019montagneinsectes\/Grand-Nacr%C3%A9_9365.JPG?ssl=1\"><img loading=\"lazy\" decoding=\"async\" src=\"https:\/\/i0.wp.com\/mhyrdin.fr\/blog\/wordpress\/wp-content\/gallery\/aout2019montagneinsectes\/Grand-Nacr%C3%A9_9365.JPG?h=170\" alt=\"Grand Nacr\u00e9\" width=\"255\" height=\"170\" \/><\/a><p class=\"jig-HTMLdescription\">Grand Nacr\u00e9<\/p><\/li><li><a href=\"https:\/\/i0.wp.com\/mhyrdin.fr\/blog\/wordpress\/wp-content\/gallery\/aout2019montagneinsectes\/Grand-nacr%C3%A9_9672.JPG?ssl=1\"><img loading=\"lazy\" decoding=\"async\" src=\"https:\/\/i0.wp.com\/mhyrdin.fr\/blog\/wordpress\/wp-content\/gallery\/aout2019montagneinsectes\/Grand-nacr%C3%A9_9672.JPG?h=170\" alt=\"Grand nacr\u00e9\" width=\"113\" height=\"170\" \/><\/a><p class=\"jig-HTMLdescription\">Grand nacr\u00e9<\/p><\/li><li><a href=\"https:\/\/i0.wp.com\/mhyrdin.fr\/blog\/wordpress\/wp-content\/gallery\/aout2019montagneinsectes\/Hesp%C3%A9rie-Comma-femelle_9378.JPG?ssl=1\"><img loading=\"lazy\" decoding=\"async\" src=\"https:\/\/i0.wp.com\/mhyrdin.fr\/blog\/wordpress\/wp-content\/gallery\/aout2019montagneinsectes\/Hesp%C3%A9rie-Comma-femelle_9378.JPG?h=170\" alt=\"Hesp\u00e9rie Comma femelle\" width=\"255\" height=\"170\" \/><\/a><p class=\"jig-HTMLdescription\">Hesp\u00e9rie Comma femelle<\/p><\/li><li><a href=\"https:\/\/i0.wp.com\/mhyrdin.fr\/blog\/wordpress\/wp-content\/gallery\/aout2019montagneinsectes\/Marbr%C3%A9-de-vert_9036.JPG?ssl=1\"><img loading=\"lazy\" decoding=\"async\" src=\"https:\/\/i0.wp.com\/mhyrdin.fr\/blog\/wordpress\/wp-content\/gallery\/aout2019montagneinsectes\/Marbr%C3%A9-de-vert_9036.JPG?h=170\" alt=\"Marbr\u00e9 de vert\" width=\"255\" height=\"170\" \/><\/a><p class=\"jig-HTMLdescription\">Marbr\u00e9 de vert<\/p><\/li><li><a href=\"https:\/\/i0.wp.com\/mhyrdin.fr\/blog\/wordpress\/wp-content\/gallery\/aout2019montagneinsectes\/M%C3%A9g%C3%A8re_8636.JPG?ssl=1\"><img loading=\"lazy\" decoding=\"async\" src=\"https:\/\/i0.wp.com\/mhyrdin.fr\/blog\/wordpress\/wp-content\/gallery\/aout2019montagneinsectes\/M%C3%A9g%C3%A8re_8636.JPG?h=170\" alt=\"M\u00e9g\u00e8re\" width=\"255\" height=\"170\" \/><\/a><p class=\"jig-HTMLdescription\">M\u00e9g\u00e8re<\/p><\/li><li><a href=\"https:\/\/i0.wp.com\/mhyrdin.fr\/blog\/wordpress\/wp-content\/gallery\/aout2019montagneinsectes\/M%C3%A9g%C3%A8re_8822.JPG?ssl=1\"><img loading=\"lazy\" decoding=\"async\" src=\"https:\/\/i0.wp.com\/mhyrdin.fr\/blog\/wordpress\/wp-content\/gallery\/aout2019montagneinsectes\/M%C3%A9g%C3%A8re_8822.JPG?h=170\" alt=\"M\u00e9g\u00e8re\" width=\"255\" height=\"170\" \/><\/a><p class=\"jig-HTMLdescription\">M\u00e9g\u00e8re<\/p><\/li><li><a href=\"https:\/\/i0.wp.com\/mhyrdin.fr\/blog\/wordpress\/wp-content\/gallery\/aout2019montagneinsectes\/Moir%C3%A9-de-Rondou-Erebia-rondoui_9387.JPG?ssl=1\" title=\"Erebia rondoui\"><img loading=\"lazy\" decoding=\"async\" src=\"https:\/\/i0.wp.com\/mhyrdin.fr\/blog\/wordpress\/wp-content\/gallery\/aout2019montagneinsectes\/Moir%C3%A9-de-Rondou-Erebia-rondoui_9387.JPG?h=170\" alt=\"Moir\u00e9 de Rondou\" width=\"255\" height=\"170\" \/><\/a><p class=\"jig-HTMLdescription\">Moir\u00e9 de Rondou<br\/>Erebia rondoui<\/p><\/li><li><a href=\"https:\/\/i0.wp.com\/mhyrdin.fr\/blog\/wordpress\/wp-content\/gallery\/aout2019montagneinsectes\/Moir%C3%A9-de-Rondou-Erebia-rondoui_9487.JPG?ssl=1\" title=\"Erebia rondoui\"><img loading=\"lazy\" decoding=\"async\" src=\"https:\/\/i0.wp.com\/mhyrdin.fr\/blog\/wordpress\/wp-content\/gallery\/aout2019montagneinsectes\/Moir%C3%A9-de-Rondou-Erebia-rondoui_9487.JPG?h=170\" alt=\"Moir\u00e9 de Rondou\" width=\"255\" height=\"170\" \/><\/a><p class=\"jig-HTMLdescription\">Moir\u00e9 de Rondou<br\/>Erebia rondoui<\/p><\/li><li><a href=\"https:\/\/i0.wp.com\/mhyrdin.fr\/blog\/wordpress\/wp-content\/gallery\/aout2019montagneinsectes\/Moir%C3%A9-de-Rondou-Erebia-rondoui_9656.JPG?ssl=1\" title=\"Erebia rondoui\"><img loading=\"lazy\" decoding=\"async\" src=\"https:\/\/i0.wp.com\/mhyrdin.fr\/blog\/wordpress\/wp-content\/gallery\/aout2019montagneinsectes\/Moir%C3%A9-de-Rondou-Erebia-rondoui_9656.JPG?h=170\" alt=\"Moir\u00e9 de Rondou\" width=\"255\" height=\"170\" \/><\/a><p class=\"jig-HTMLdescription\">Moir\u00e9 de Rondou<br\/>Erebia rondoui<\/p><\/li><li><a href=\"https:\/\/i0.wp.com\/mhyrdin.fr\/blog\/wordpress\/wp-content\/gallery\/aout2019montagneinsectes\/Moir%C3%A9-de-Rondou-Erebia-rondoui_9690.JPG?ssl=1\" title=\"Erebia rondoui\"><img loading=\"lazy\" decoding=\"async\" src=\"https:\/\/i0.wp.com\/mhyrdin.fr\/blog\/wordpress\/wp-content\/gallery\/aout2019montagneinsectes\/Moir%C3%A9-de-Rondou-Erebia-rondoui_9690.JPG?h=170\" alt=\"Moir\u00e9 de Rondou\" width=\"255\" height=\"170\" \/><\/a><p class=\"jig-HTMLdescription\">Moir\u00e9 de Rondou<br\/>Erebia rondoui<\/p><\/li><li><a href=\"https:\/\/i0.wp.com\/mhyrdin.fr\/blog\/wordpress\/wp-content\/gallery\/aout2019montagneinsectes\/Morosphynx_8614.JPG?ssl=1\" title=\"Morosphynx_8614\"><img loading=\"lazy\" decoding=\"async\" src=\"https:\/\/i0.wp.com\/mhyrdin.fr\/blog\/wordpress\/wp-content\/gallery\/aout2019montagneinsectes\/Morosphynx_8614.JPG?h=170\" alt=\"Morosphynx\" width=\"255\" height=\"170\" \/><\/a><p class=\"jig-HTMLdescription\">Morosphynx<br\/>Morosphynx_8614<\/p><\/li><li><a href=\"https:\/\/i0.wp.com\/mhyrdin.fr\/blog\/wordpress\/wp-content\/gallery\/aout2019montagneinsectes\/Morosphynx_8844.JPG?ssl=1\" title=\"Morosphynx_8844\"><img loading=\"lazy\" decoding=\"async\" src=\"https:\/\/i0.wp.com\/mhyrdin.fr\/blog\/wordpress\/wp-content\/gallery\/aout2019montagneinsectes\/Morosphynx_8844.JPG?h=170\" alt=\"Morosphynx\" width=\"255\" height=\"170\" \/><\/a><p class=\"jig-HTMLdescription\">Morosphynx<br\/>Morosphynx_8844<\/p><\/li><li><a href=\"https:\/\/i0.wp.com\/mhyrdin.fr\/blog\/wordpress\/wp-content\/gallery\/aout2019montagneinsectes\/Petit-Collier-argent%C3%A9_8736H.jpg?ssl=1\"><img loading=\"lazy\" decoding=\"async\" src=\"https:\/\/i0.wp.com\/mhyrdin.fr\/blog\/wordpress\/wp-content\/gallery\/aout2019montagneinsectes\/Petit-Collier-argent%C3%A9_8736H.jpg?h=170\" alt=\"Petit Collier argent\u00e9\" width=\"255\" height=\"170\" \/><\/a><p class=\"jig-HTMLdescription\">Petit Collier argent\u00e9<\/p><\/li><li><a href=\"https:\/\/i0.wp.com\/mhyrdin.fr\/blog\/wordpress\/wp-content\/gallery\/aout2019montagneinsectes\/Petit-Nacr%C3%A9_9926.JPG?ssl=1\"><img loading=\"lazy\" decoding=\"async\" src=\"https:\/\/i0.wp.com\/mhyrdin.fr\/blog\/wordpress\/wp-content\/gallery\/aout2019montagneinsectes\/Petit-Nacr%C3%A9_9926.JPG?h=170\" alt=\"Petit Nacr\u00e9\" width=\"255\" height=\"170\" \/><\/a><p class=\"jig-HTMLdescription\">Petit Nacr\u00e9<\/p><\/li><li><a href=\"https:\/\/i0.wp.com\/mhyrdin.fr\/blog\/wordpress\/wp-content\/gallery\/aout2019montagneinsectes\/Pi%C3%A9ride-du-choux_8875.JPG?ssl=1\"><img loading=\"lazy\" decoding=\"async\" src=\"https:\/\/i0.wp.com\/mhyrdin.fr\/blog\/wordpress\/wp-content\/gallery\/aout2019montagneinsectes\/Pi%C3%A9ride-du-choux_8875.JPG?h=170\" alt=\"Pi\u00e9ride du choux\" width=\"255\" height=\"170\" \/><\/a><p class=\"jig-HTMLdescription\">Pi\u00e9ride du choux<\/p><\/li><li><a href=\"https:\/\/i0.wp.com\/mhyrdin.fr\/blog\/wordpress\/wp-content\/gallery\/aout2019montagneinsectes\/Colias-crocea_9576.JPG?ssl=1\" title=\"Colias crocea\"><img loading=\"lazy\" decoding=\"async\" src=\"https:\/\/i0.wp.com\/mhyrdin.fr\/blog\/wordpress\/wp-content\/gallery\/aout2019montagneinsectes\/Colias-crocea_9576.JPG?h=170\" alt=\"Souci\" width=\"255\" height=\"170\" \/><\/a><p class=\"jig-HTMLdescription\">Souci<br\/>Colias crocea<\/p><\/li><li><a href=\"https:\/\/i0.wp.com\/mhyrdin.fr\/blog\/wordpress\/wp-content\/gallery\/aout2019montagneinsectes\/Tabac-Espagne_8862.JPG?ssl=1\"><img loading=\"lazy\" decoding=\"async\" src=\"https:\/\/i0.wp.com\/mhyrdin.fr\/blog\/wordpress\/wp-content\/gallery\/aout2019montagneinsectes\/Tabac-Espagne_8862.JPG?h=170\" alt=\"Tabac d&#039;Espagne\" width=\"255\" height=\"170\" \/><\/a><p class=\"jig-HTMLdescription\">Tabac d'Espagne<\/p><\/li><li><a href=\"https:\/\/i0.wp.com\/mhyrdin.fr\/blog\/wordpress\/wp-content\/gallery\/aout2019montagneinsectes\/Tabac-Espagne_8866.JPG?ssl=1\"><img loading=\"lazy\" decoding=\"async\" src=\"https:\/\/i0.wp.com\/mhyrdin.fr\/blog\/wordpress\/wp-content\/gallery\/aout2019montagneinsectes\/Tabac-Espagne_8866.JPG?h=170\" alt=\"Tabac d&#039;Espagne\" width=\"255\" height=\"170\" \/><\/a><p class=\"jig-HTMLdescription\">Tabac d'Espagne<\/p><\/li><\/ul><\/noscript><\/div><div id=\"jig1-developerLink\" class=\"jig-developerLink\"><a href=\"https:\/\/justifiedgrid.com\/\" target=\"_blank\" title=\"Justified Image Grid - Premium WordPress Gallery\">powered by Justified Image Grid<\/a><\/div>\n<h3>Related Images:<\/h3>","protected":false},"excerpt":{"rendered":"<p>ApollonApollon_9525ApollonApollon_9533ApollonApollon_9544Azur\u00e9 bleu c\u00e9lesteAzur\u00e9 des nerprunsAzur\u00e9 des nerprunsBleu nacr\u00e9Bleu nacr\u00e9Bleu nacr\u00e9Bleu nacr\u00e9Bleu nacr\u00e9Criquet jacasseurCriquet verdeletCriquet verdeletDectique verrucivoreDectique verrucivoreDectique verrucivoreGomphocerippus saulcyiGrand Nacr\u00e9Grand nacr\u00e9Hesp\u00e9rie Comma femelleMarbr\u00e9 de vertM\u00e9g\u00e8reM\u00e9g\u00e8reMoir\u00e9 de RondouErebia rondouiMoir\u00e9 de RondouErebia rondouiMoir\u00e9 de RondouErebia rondouiMoir\u00e9 de RondouErebia rondouiMorosphynxMorosphynx_8614MorosphynxMorosphynx_8844Petit Collier argent\u00e9Petit Nacr\u00e9Pi\u00e9ride du chouxSouciColias croceaTabac d&rsquo;EspagneTabac d&rsquo;Espagnepowered by Justified Image Grid Related Images:<\/p>\n","protected":false},"author":4,"featured_media":0,"parent":17947,"menu_order":0,"comment_status":"closed","ping_status":"closed","template":"","meta":{"ngg_post_thumbnail":0,"jetpack_post_was_ever_published":false,"footnotes":"","_links_to":"","_links_to_target":""},"class_list":["post-23634","page","type-page","status-publish","hentry"],"jetpack_shortlink":"https:\/\/wp.me\/P9lSZN-69c","jetpack_sharing_enabled":true,"_links":{"self":[{"href":"https:\/\/mhyrdin.fr\/blog\/wp-json\/wp\/v2\/pages\/23634","targetHints":{"allow":["GET"]}}],"collection":[{"href":"https:\/\/mhyrdin.fr\/blog\/wp-json\/wp\/v2\/pages"}],"about":[{"href":"https:\/\/mhyrdin.fr\/blog\/wp-json\/wp\/v2\/types\/page"}],"author":[{"embeddable":true,"href":"https:\/\/mhyrdin.fr\/blog\/wp-json\/wp\/v2\/users\/4"}],"replies":[{"embeddable":true,"href":"https:\/\/mhyrdin.fr\/blog\/wp-json\/wp\/v2\/comments?post=23634"}],"version-history":[{"count":0,"href":"https:\/\/mhyrdin.fr\/blog\/wp-json\/wp\/v2\/pages\/23634\/revisions"}],"up":[{"embeddable":true,"href":"https:\/\/mhyrdin.fr\/blog\/wp-json\/wp\/v2\/pages\/17947"}],"wp:attachment":[{"href":"https:\/\/mhyrdin.fr\/blog\/wp-json\/wp\/v2\/media?parent=23634"}],"curies":[{"name":"wp","href":"https:\/\/api.w.org\/{rel}","templated":true}]}}