{"id":23628,"date":"2022-10-18T00:38:55","date_gmt":"2022-10-17T22:38:55","guid":{"rendered":"https:\/\/mhyrdin.fr\/blog\/2019-2\/mars-2019\/dans-le-finistere-nord\/"},"modified":"2022-10-18T00:38:55","modified_gmt":"2022-10-17T22:38:55","slug":"dans-le-finistere-nord","status":"publish","type":"page","link":"https:\/\/mhyrdin.fr\/blog\/archives-numeriques\/2019-2\/mars-2019\/dans-le-finistere-nord\/","title":{"rendered":"Dans le Finist\u00e8re-nord"},"content":{"rendered":"<div id=\"jig1\" class=\"justified-image-grid jig-f3bc0611cb38e0c6f95050b5c8067976 jig-preset-global jig-source-nextgen\"><div class=\"jig-clearfix\"><\/div><noscript id=\"jig1-html\" class=\"justified-image-grid-html\" data-lazy-src=\"skiplazyload\" data-src=\"skipunveillazyload\"><ul><li><a href=\"https:\/\/i0.wp.com\/mhyrdin.fr\/blog\/wordpress\/wp-content\/gallery\/mars2019\/Keryunan_7559.jpg?ssl=1\" title=\"Keryunan_7559\"><img loading=\"lazy\" decoding=\"async\" src=\"https:\/\/i0.wp.com\/mhyrdin.fr\/blog\/wordpress\/wp-content\/gallery\/mars2019\/Keryunan_7559.jpg?h=170\" alt=\"Keryunan\" width=\"255\" height=\"170\" \/><\/a><p class=\"jig-HTMLdescription\">Keryunan<br\/>Keryunan_7559<\/p><\/li><li><a href=\"https:\/\/i0.wp.com\/mhyrdin.fr\/blog\/wordpress\/wp-content\/gallery\/mars2019\/Keryunan_7578.jpg?ssl=1\" title=\"Keryunan_7578\"><img loading=\"lazy\" decoding=\"async\" src=\"https:\/\/i0.wp.com\/mhyrdin.fr\/blog\/wordpress\/wp-content\/gallery\/mars2019\/Keryunan_7578.jpg?h=170\" alt=\"Keryunan\" width=\"295\" height=\"170\" \/><\/a><p class=\"jig-HTMLdescription\">Keryunan<br\/>Keryunan_7578<\/p><\/li><li><a href=\"https:\/\/i0.wp.com\/mhyrdin.fr\/blog\/wordpress\/wp-content\/gallery\/mars2019\/Prunellier_7584.jpg?ssl=1\" title=\"Keryunan\"><img loading=\"lazy\" decoding=\"async\" src=\"https:\/\/i0.wp.com\/mhyrdin.fr\/blog\/wordpress\/wp-content\/gallery\/mars2019\/Prunellier_7584.jpg?h=170\" alt=\"Prunellier\" width=\"255\" height=\"170\" \/><\/a><p class=\"jig-HTMLdescription\">Prunellier<br\/>Keryunan<\/p><\/li><li><a href=\"https:\/\/i0.wp.com\/mhyrdin.fr\/blog\/wordpress\/wp-content\/gallery\/mars2019\/Cormoran-hupp%C3%A9_7695.jpg?ssl=1\"><img loading=\"lazy\" decoding=\"async\" src=\"https:\/\/i0.wp.com\/mhyrdin.fr\/blog\/wordpress\/wp-content\/gallery\/mars2019\/Cormoran-hupp%C3%A9_7695.jpg?h=170\" alt=\"Cormoran hupp\u00e9\" width=\"255\" height=\"170\" \/><\/a><p class=\"jig-HTMLdescription\">Cormoran hupp\u00e9<\/p><\/li><li><a href=\"https:\/\/i0.wp.com\/mhyrdin.fr\/blog\/wordpress\/wp-content\/gallery\/mars2019\/St-Mathieu_LesRospecs_175350.jpg?ssl=1\"><img loading=\"lazy\" decoding=\"async\" src=\"https:\/\/i0.wp.com\/mhyrdin.fr\/blog\/wordpress\/wp-content\/gallery\/mars2019\/St-Mathieu_LesRospecs_175350.jpg?h=170\" alt=\"LesRospecs\" width=\"350\" height=\"170\" \/><\/a><p class=\"jig-HTMLdescription\">LesRospecs<\/p><\/li><li><a href=\"https:\/\/i0.wp.com\/mhyrdin.fr\/blog\/wordpress\/wp-content\/gallery\/mars2019\/St-Mathieu_LesRospecs_7928.jpg?ssl=1\"><img loading=\"lazy\" decoding=\"async\" src=\"https:\/\/i0.wp.com\/mhyrdin.fr\/blog\/wordpress\/wp-content\/gallery\/mars2019\/St-Mathieu_LesRospecs_7928.jpg?h=170\" alt=\"LesRospecs\" width=\"286\" height=\"170\" \/><\/a><p class=\"jig-HTMLdescription\">LesRospecs<\/p><\/li><li><a href=\"https:\/\/i0.wp.com\/mhyrdin.fr\/blog\/wordpress\/wp-content\/gallery\/mars2019\/St-Mathieu_7957.jpg?ssl=1\"><img loading=\"lazy\" decoding=\"async\" src=\"https:\/\/i0.wp.com\/mhyrdin.fr\/blog\/wordpress\/wp-content\/gallery\/mars2019\/St-Mathieu_7957.jpg?h=170\" alt=\"Au pied de St-Mathieu\" width=\"113\" height=\"170\" \/><\/a><p class=\"jig-HTMLdescription\">Au pied de St-Mathieu<\/p><\/li><li><a href=\"https:\/\/i0.wp.com\/mhyrdin.fr\/blog\/wordpress\/wp-content\/gallery\/mars2019\/St-Mathieu_7960.jpg?ssl=1\"><img loading=\"lazy\" decoding=\"async\" src=\"https:\/\/i0.wp.com\/mhyrdin.fr\/blog\/wordpress\/wp-content\/gallery\/mars2019\/St-Mathieu_7960.jpg?h=170\" alt=\"Au pied de St-Mathieu\" width=\"113\" height=\"170\" \/><\/a><p class=\"jig-HTMLdescription\">Au pied de St-Mathieu<\/p><\/li><li><a href=\"https:\/\/i0.wp.com\/mhyrdin.fr\/blog\/wordpress\/wp-content\/gallery\/mars2019\/Les-Moines_7880.jpg?ssl=1\" title=\"Au large de St-Mathieu\"><img loading=\"lazy\" decoding=\"async\" src=\"https:\/\/i0.wp.com\/mhyrdin.fr\/blog\/wordpress\/wp-content\/gallery\/mars2019\/Les-Moines_7880.jpg?h=170\" alt=\"Les Moines\" width=\"305\" height=\"170\" \/><\/a><p class=\"jig-HTMLdescription\">Les Moines<br\/>Au large de St-Mathieu<\/p><\/li><li><a href=\"https:\/\/i0.wp.com\/mhyrdin.fr\/blog\/wordpress\/wp-content\/gallery\/mars2019\/Sarcelle-d_hiver_8322.jpg?ssl=1\" title=\"Goulven\"><img loading=\"lazy\" decoding=\"async\" src=\"https:\/\/i0.wp.com\/mhyrdin.fr\/blog\/wordpress\/wp-content\/gallery\/mars2019\/Sarcelle-d_hiver_8322.jpg?h=170\" alt=\"Sarcelle d&#039;hiver\" width=\"255\" height=\"170\" \/><\/a><p class=\"jig-HTMLdescription\">Sarcelle d'hiver<br\/>Goulven<\/p><\/li><li><a href=\"https:\/\/i0.wp.com\/mhyrdin.fr\/blog\/wordpress\/wp-content\/gallery\/mars2019\/Chevalier-gambette_8328.jpg?ssl=1\" title=\"Goulven\"><img loading=\"lazy\" decoding=\"async\" src=\"https:\/\/i0.wp.com\/mhyrdin.fr\/blog\/wordpress\/wp-content\/gallery\/mars2019\/Chevalier-gambette_8328.jpg?h=170\" alt=\"Chevalier gambette\" width=\"255\" height=\"170\" \/><\/a><p class=\"jig-HTMLdescription\">Chevalier gambette<br\/>Goulven<\/p><\/li><li><a href=\"https:\/\/i0.wp.com\/mhyrdin.fr\/blog\/wordpress\/wp-content\/gallery\/mars2019\/Chevalier-arlequin_8417.jpg?ssl=1\" title=\"Goulven\"><img loading=\"lazy\" decoding=\"async\" src=\"https:\/\/i0.wp.com\/mhyrdin.fr\/blog\/wordpress\/wp-content\/gallery\/mars2019\/Chevalier-arlequin_8417.jpg?h=170\" alt=\"Chevalier arlequin\" width=\"255\" height=\"170\" \/><\/a><p class=\"jig-HTMLdescription\">Chevalier arlequin<br\/>Goulven<\/p><\/li><li><a href=\"https:\/\/i0.wp.com\/mhyrdin.fr\/blog\/wordpress\/wp-content\/gallery\/mars2019\/Cygne-tubercul%C3%A9_8874.jpg?ssl=1\" title=\"Goulven\"><img loading=\"lazy\" decoding=\"async\" src=\"https:\/\/i0.wp.com\/mhyrdin.fr\/blog\/wordpress\/wp-content\/gallery\/mars2019\/Cygne-tubercul%C3%A9_8874.jpg?h=170\" alt=\"Cygne tubercul\u00e9\" width=\"255\" height=\"170\" \/><\/a><p class=\"jig-HTMLdescription\">Cygne tubercul\u00e9<br\/>Goulven<\/p><\/li><li><a href=\"https:\/\/i0.wp.com\/mhyrdin.fr\/blog\/wordpress\/wp-content\/gallery\/mars2019\/Le-Conquet_Blancs-Sablons_8765.jpg?ssl=1\"><img loading=\"lazy\" decoding=\"async\" src=\"https:\/\/i0.wp.com\/mhyrdin.fr\/blog\/wordpress\/wp-content\/gallery\/mars2019\/Le-Conquet_Blancs-Sablons_8765.jpg?h=170\" alt=\"Les Blancs-Sablons\" width=\"255\" height=\"170\" \/><\/a><p class=\"jig-HTMLdescription\">Les Blancs-Sablons<\/p><\/li><li><a href=\"https:\/\/i0.wp.com\/mhyrdin.fr\/blog\/wordpress\/wp-content\/gallery\/mars2019\/Le-Conquet_ilette_8769.jpg?ssl=1\"><img loading=\"lazy\" decoding=\"async\" src=\"https:\/\/i0.wp.com\/mhyrdin.fr\/blog\/wordpress\/wp-content\/gallery\/mars2019\/Le-Conquet_ilette_8769.jpg?h=170\" alt=\"Pointe de Kermorvan - l&#039;\u00celette\" width=\"255\" height=\"170\" \/><\/a><p class=\"jig-HTMLdescription\">Pointe de Kermorvan - l'\u00celette<\/p><\/li><li><a href=\"https:\/\/i0.wp.com\/mhyrdin.fr\/blog\/wordpress\/wp-content\/gallery\/mars2019\/Le-Conquet_ilette_8802.jpg?ssl=1\" title=\"Pointe de Kermorvan - l&#039;\u00celette\"><img loading=\"lazy\" decoding=\"async\" src=\"https:\/\/i0.wp.com\/mhyrdin.fr\/blog\/wordpress\/wp-content\/gallery\/mars2019\/Le-Conquet_ilette_8802.jpg?h=170\" alt=\"Fort Vauban\" width=\"255\" height=\"170\" \/><\/a><p class=\"jig-HTMLdescription\">Fort Vauban<br\/>Pointe de Kermorvan - l'\u00celette<\/p><\/li><li><a href=\"https:\/\/i0.wp.com\/mhyrdin.fr\/blog\/wordpress\/wp-content\/gallery\/mars2019\/Le-Conquet_Kermorvan_8924.jpg?ssl=1\"><img loading=\"lazy\" decoding=\"async\" src=\"https:\/\/i0.wp.com\/mhyrdin.fr\/blog\/wordpress\/wp-content\/gallery\/mars2019\/Le-Conquet_Kermorvan_8924.jpg?h=170\" alt=\"Pointe de Kermorvan\" width=\"255\" height=\"170\" \/><\/a><p class=\"jig-HTMLdescription\">Pointe de Kermorvan<\/p><\/li><li><a href=\"https:\/\/i0.wp.com\/mhyrdin.fr\/blog\/wordpress\/wp-content\/gallery\/mars2019\/Le-Conquet_Kermorvan_9073.jpg?ssl=1\"><img loading=\"lazy\" decoding=\"async\" src=\"https:\/\/i0.wp.com\/mhyrdin.fr\/blog\/wordpress\/wp-content\/gallery\/mars2019\/Le-Conquet_Kermorvan_9073.jpg?h=170\" alt=\"Pointe de Kermorvan\" width=\"307\" height=\"170\" \/><\/a><p class=\"jig-HTMLdescription\">Pointe de Kermorvan<\/p><\/li><li><a href=\"https:\/\/i0.wp.com\/mhyrdin.fr\/blog\/wordpress\/wp-content\/gallery\/mars2019\/Le-Conquet_8829.jpg?ssl=1\"><img loading=\"lazy\" decoding=\"async\" src=\"https:\/\/i0.wp.com\/mhyrdin.fr\/blog\/wordpress\/wp-content\/gallery\/mars2019\/Le-Conquet_8829.jpg?h=170\" alt=\"Le Conquet\" width=\"255\" height=\"170\" \/><\/a><p class=\"jig-HTMLdescription\">Le Conquet<\/p><\/li><li><a href=\"https:\/\/i0.wp.com\/mhyrdin.fr\/blog\/wordpress\/wp-content\/gallery\/mars2019\/Go%C3%A9land-marin_9103.jpg?ssl=1\" title=\"Le Conquet\"><img loading=\"lazy\" decoding=\"async\" src=\"https:\/\/i0.wp.com\/mhyrdin.fr\/blog\/wordpress\/wp-content\/gallery\/mars2019\/Go%C3%A9land-marin_9103.jpg?h=170\" alt=\"Go\u00e9land marin\" width=\"255\" height=\"170\" \/><\/a><p class=\"jig-HTMLdescription\">Go\u00e9land marin<br\/>Le Conquet<\/p><\/li><li><a href=\"https:\/\/i0.wp.com\/mhyrdin.fr\/blog\/wordpress\/wp-content\/gallery\/mars2019\/Crave-%C3%A0-bec-rouge_9116.jpg?ssl=1\" title=\"Le Conquet\"><img loading=\"lazy\" decoding=\"async\" src=\"https:\/\/i0.wp.com\/mhyrdin.fr\/blog\/wordpress\/wp-content\/gallery\/mars2019\/Crave-%C3%A0-bec-rouge_9116.jpg?h=170\" alt=\"Crave \u00e0 bec rouge\" width=\"255\" height=\"170\" \/><\/a><p class=\"jig-HTMLdescription\">Crave \u00e0 bec rouge<br\/>Le Conquet<\/p><\/li><li><a href=\"https:\/\/i0.wp.com\/mhyrdin.fr\/blog\/wordpress\/wp-content\/gallery\/mars2019\/Le-Conquet_8833.jpg?ssl=1\"><img loading=\"lazy\" decoding=\"async\" src=\"https:\/\/i0.wp.com\/mhyrdin.fr\/blog\/wordpress\/wp-content\/gallery\/mars2019\/Le-Conquet_8833.jpg?h=170\" alt=\"Le Conquet\" width=\"255\" height=\"170\" \/><\/a><p class=\"jig-HTMLdescription\">Le Conquet<\/p><\/li><li><a href=\"https:\/\/i0.wp.com\/mhyrdin.fr\/blog\/wordpress\/wp-content\/gallery\/mars2019\/Le-Conquet_9182.jpg?ssl=1\"><img loading=\"lazy\" decoding=\"async\" src=\"https:\/\/i0.wp.com\/mhyrdin.fr\/blog\/wordpress\/wp-content\/gallery\/mars2019\/Le-Conquet_9182.jpg?h=170\" alt=\"Le Conquet\" width=\"255\" height=\"170\" \/><\/a><p class=\"jig-HTMLdescription\">Le Conquet<\/p><\/li><li><a href=\"https:\/\/i0.wp.com\/mhyrdin.fr\/blog\/wordpress\/wp-content\/gallery\/mars2019\/Le-Conquet_9183.jpg?ssl=1\"><img loading=\"lazy\" decoding=\"async\" src=\"https:\/\/i0.wp.com\/mhyrdin.fr\/blog\/wordpress\/wp-content\/gallery\/mars2019\/Le-Conquet_9183.jpg?h=170\" alt=\"Le Conquet\" width=\"255\" height=\"170\" \/><\/a><p class=\"jig-HTMLdescription\">Le Conquet<\/p><\/li><\/ul><\/noscript><\/div><div id=\"jig1-developerLink\" class=\"jig-developerLink\"><a href=\"https:\/\/justifiedgrid.com\/\" target=\"_blank\" title=\"Justified Image Grid - Premium WordPress Gallery\">powered by Justified Image Grid<\/a><\/div>\n<h3>Related Images:<\/h3>","protected":false},"excerpt":{"rendered":"<p>KeryunanKeryunan_7559KeryunanKeryunan_7578PrunellierKeryunanCormoran hupp\u00e9LesRospecsLesRospecsAu pied de St-MathieuAu pied de St-MathieuLes MoinesAu large de St-MathieuSarcelle d&rsquo;hiverGoulvenChevalier gambetteGoulvenChevalier arlequinGoulvenCygne tubercul\u00e9GoulvenLes Blancs-SablonsPointe de Kermorvan &#8211; l&rsquo;\u00celetteFort VaubanPointe de Kermorvan &#8211; l&rsquo;\u00celettePointe de KermorvanPointe de KermorvanLe ConquetGo\u00e9land marinLe ConquetCrave \u00e0 bec rougeLe ConquetLe ConquetLe ConquetLe Conquetpowered by Justified Image Grid Related Images:<\/p>\n","protected":false},"author":4,"featured_media":0,"parent":17196,"menu_order":0,"comment_status":"closed","ping_status":"closed","template":"","meta":{"ngg_post_thumbnail":0,"jetpack_post_was_ever_published":false,"footnotes":"","_links_to":"","_links_to_target":""},"class_list":["post-23628","page","type-page","status-publish","hentry"],"jetpack_shortlink":"https:\/\/wp.me\/P9lSZN-696","jetpack_sharing_enabled":true,"_links":{"self":[{"href":"https:\/\/mhyrdin.fr\/blog\/wp-json\/wp\/v2\/pages\/23628","targetHints":{"allow":["GET"]}}],"collection":[{"href":"https:\/\/mhyrdin.fr\/blog\/wp-json\/wp\/v2\/pages"}],"about":[{"href":"https:\/\/mhyrdin.fr\/blog\/wp-json\/wp\/v2\/types\/page"}],"author":[{"embeddable":true,"href":"https:\/\/mhyrdin.fr\/blog\/wp-json\/wp\/v2\/users\/4"}],"replies":[{"embeddable":true,"href":"https:\/\/mhyrdin.fr\/blog\/wp-json\/wp\/v2\/comments?post=23628"}],"version-history":[{"count":0,"href":"https:\/\/mhyrdin.fr\/blog\/wp-json\/wp\/v2\/pages\/23628\/revisions"}],"up":[{"embeddable":true,"href":"https:\/\/mhyrdin.fr\/blog\/wp-json\/wp\/v2\/pages\/17196"}],"wp:attachment":[{"href":"https:\/\/mhyrdin.fr\/blog\/wp-json\/wp\/v2\/media?parent=23628"}],"curies":[{"name":"wp","href":"https:\/\/api.w.org\/{rel}","templated":true}]}}