{"id":23627,"date":"2022-10-18T00:38:13","date_gmt":"2022-10-17T22:38:13","guid":{"rendered":"https:\/\/mhyrdin.fr\/blog\/2019-2\/mars-2019\/dans-le-finistere-sud\/"},"modified":"2022-10-18T00:38:13","modified_gmt":"2022-10-17T22:38:13","slug":"dans-le-finistere-sud","status":"publish","type":"page","link":"https:\/\/mhyrdin.fr\/blog\/archives-numeriques\/2019-2\/mars-2019\/dans-le-finistere-sud\/","title":{"rendered":"Dans le Finist\u00e8re-Sud"},"content":{"rendered":"<div id=\"jig1\" class=\"justified-image-grid jig-1a12e3a664b8607ff5b6529ab8e3a374 jig-preset-global jig-source-nextgen\"><div class=\"jig-clearfix\"><\/div><noscript id=\"jig1-html\" class=\"justified-image-grid-html\" data-lazy-src=\"skiplazyload\" data-src=\"skipunveillazyload\"><ul><li><a href=\"https:\/\/i0.wp.com\/mhyrdin.fr\/blog\/wordpress\/wp-content\/gallery\/mars2019-2\/La-Torche_8863.jpg?ssl=1\"><img loading=\"lazy\" decoding=\"async\" src=\"https:\/\/i0.wp.com\/mhyrdin.fr\/blog\/wordpress\/wp-content\/gallery\/mars2019-2\/La-Torche_8863.jpg?h=170\" alt=\"La Torche\" width=\"247\" height=\"170\" \/><\/a><p class=\"jig-HTMLdescription\">La Torche<\/p><\/li><li><a href=\"https:\/\/i0.wp.com\/mhyrdin.fr\/blog\/wordpress\/wp-content\/gallery\/mars2019-2\/La-Torche_8877.jpg?ssl=1\"><img loading=\"lazy\" decoding=\"async\" src=\"https:\/\/i0.wp.com\/mhyrdin.fr\/blog\/wordpress\/wp-content\/gallery\/mars2019-2\/La-Torche_8877.jpg?h=170\" alt=\"La Torche\" width=\"255\" height=\"170\" \/><\/a><p class=\"jig-HTMLdescription\">La Torche<\/p><\/li><li><a href=\"https:\/\/i0.wp.com\/mhyrdin.fr\/blog\/wordpress\/wp-content\/gallery\/mars2019-2\/Tulipes_8888.jpg?ssl=1\" title=\"Tulipes_8888\"><img loading=\"lazy\" decoding=\"async\" src=\"https:\/\/i0.wp.com\/mhyrdin.fr\/blog\/wordpress\/wp-content\/gallery\/mars2019-2\/Tulipes_8888.jpg?h=170\" alt=\"Les fleurs de La Torche\" width=\"255\" height=\"170\" \/><\/a><p class=\"jig-HTMLdescription\">Les fleurs de La Torche<br\/>Tulipes_8888<\/p><\/li><li><a href=\"https:\/\/i0.wp.com\/mhyrdin.fr\/blog\/wordpress\/wp-content\/gallery\/mars2019-2\/Jacinthe_8914.jpg?ssl=1\" title=\"Jacinthe_8914\"><img loading=\"lazy\" decoding=\"async\" src=\"https:\/\/i0.wp.com\/mhyrdin.fr\/blog\/wordpress\/wp-content\/gallery\/mars2019-2\/Jacinthe_8914.jpg?h=170\" alt=\"Les fleurs de La Torche\" width=\"255\" height=\"170\" \/><\/a><p class=\"jig-HTMLdescription\">Les fleurs de La Torche<br\/>Jacinthe_8914<\/p><\/li><li><a href=\"https:\/\/i0.wp.com\/mhyrdin.fr\/blog\/wordpress\/wp-content\/gallery\/mars2019-2\/Jacinthe_8921.jpg?ssl=1\" title=\"Jacinthe_8921\"><img loading=\"lazy\" decoding=\"async\" src=\"https:\/\/i0.wp.com\/mhyrdin.fr\/blog\/wordpress\/wp-content\/gallery\/mars2019-2\/Jacinthe_8921.jpg?h=170\" alt=\"Les fleurs de La Torche\" width=\"255\" height=\"170\" \/><\/a><p class=\"jig-HTMLdescription\">Les fleurs de La Torche<br\/>Jacinthe_8921<\/p><\/li><li><a href=\"https:\/\/i0.wp.com\/mhyrdin.fr\/blog\/wordpress\/wp-content\/gallery\/mars2019-2\/Tulipes_8838.jpg?ssl=1\" title=\"Tulipes_8838\"><img loading=\"lazy\" decoding=\"async\" src=\"https:\/\/i0.wp.com\/mhyrdin.fr\/blog\/wordpress\/wp-content\/gallery\/mars2019-2\/Tulipes_8838.jpg?h=170\" alt=\"Les fleurs de La Torche\" width=\"255\" height=\"170\" \/><\/a><p class=\"jig-HTMLdescription\">Les fleurs de La Torche<br\/>Tulipes_8838<\/p><\/li><li><a href=\"https:\/\/i0.wp.com\/mhyrdin.fr\/blog\/wordpress\/wp-content\/gallery\/mars2019-2\/Tulipes_8839.jpg?ssl=1\" title=\"Tulipes_8839\"><img loading=\"lazy\" decoding=\"async\" src=\"https:\/\/i0.wp.com\/mhyrdin.fr\/blog\/wordpress\/wp-content\/gallery\/mars2019-2\/Tulipes_8839.jpg?h=170\" alt=\"Les fleurs de La Torche\" width=\"255\" height=\"170\" \/><\/a><p class=\"jig-HTMLdescription\">Les fleurs de La Torche<br\/>Tulipes_8839<\/p><\/li><li><a href=\"https:\/\/i0.wp.com\/mhyrdin.fr\/blog\/wordpress\/wp-content\/gallery\/mars2019-2\/Tulipes_8841.jpg?ssl=1\" title=\"Tulipes_8841\"><img loading=\"lazy\" decoding=\"async\" src=\"https:\/\/i0.wp.com\/mhyrdin.fr\/blog\/wordpress\/wp-content\/gallery\/mars2019-2\/Tulipes_8841.jpg?h=170\" alt=\"Les fleurs de La Torche\" width=\"255\" height=\"170\" \/><\/a><p class=\"jig-HTMLdescription\">Les fleurs de La Torche<br\/>Tulipes_8841<\/p><\/li><li><a href=\"https:\/\/i0.wp.com\/mhyrdin.fr\/blog\/wordpress\/wp-content\/gallery\/mars2019-2\/Tulipes_8855.jpg?ssl=1\" title=\"Tulipes_8855\"><img loading=\"lazy\" decoding=\"async\" src=\"https:\/\/i0.wp.com\/mhyrdin.fr\/blog\/wordpress\/wp-content\/gallery\/mars2019-2\/Tulipes_8855.jpg?h=170\" alt=\"Les fleurs de La Torche\" width=\"113\" height=\"170\" \/><\/a><p class=\"jig-HTMLdescription\">Les fleurs de La Torche<br\/>Tulipes_8855<\/p><\/li><li><a href=\"https:\/\/i0.wp.com\/mhyrdin.fr\/blog\/wordpress\/wp-content\/gallery\/mars2019-2\/Tulipes_8975.jpg?ssl=1\" title=\"Tulipes_8975\"><img loading=\"lazy\" decoding=\"async\" src=\"https:\/\/i0.wp.com\/mhyrdin.fr\/blog\/wordpress\/wp-content\/gallery\/mars2019-2\/Tulipes_8975.jpg?h=170\" alt=\"Les fleurs de La Torche\" width=\"255\" height=\"170\" \/><\/a><p class=\"jig-HTMLdescription\">Les fleurs de La Torche<br\/>Tulipes_8975<\/p><\/li><li><a href=\"https:\/\/i0.wp.com\/mhyrdin.fr\/blog\/wordpress\/wp-content\/gallery\/mars2019-2\/Tulipes_8981.jpg?ssl=1\" title=\"Tulipes_8981\"><img loading=\"lazy\" decoding=\"async\" src=\"https:\/\/i0.wp.com\/mhyrdin.fr\/blog\/wordpress\/wp-content\/gallery\/mars2019-2\/Tulipes_8981.jpg?h=170\" alt=\"Les fleurs de La Torche\" width=\"255\" height=\"170\" \/><\/a><p class=\"jig-HTMLdescription\">Les fleurs de La Torche<br\/>Tulipes_8981<\/p><\/li><li><a href=\"https:\/\/i0.wp.com\/mhyrdin.fr\/blog\/wordpress\/wp-content\/gallery\/mars2019-2\/Saint-Gu%C3%A9nol%C3%A9_8982.jpg?ssl=1\"><img loading=\"lazy\" decoding=\"async\" src=\"https:\/\/i0.wp.com\/mhyrdin.fr\/blog\/wordpress\/wp-content\/gallery\/mars2019-2\/Saint-Gu%C3%A9nol%C3%A9_8982.jpg?h=170\" alt=\"Saint Gu\u00e9nol\u00e9\" width=\"419\" height=\"170\" \/><\/a><p class=\"jig-HTMLdescription\">Saint Gu\u00e9nol\u00e9<\/p><\/li><li><a href=\"https:\/\/i0.wp.com\/mhyrdin.fr\/blog\/wordpress\/wp-content\/gallery\/mars2019-2\/Saint-Gu%C3%A9nol%C3%A9_9200V.jpg?ssl=1\"><img loading=\"lazy\" decoding=\"async\" src=\"https:\/\/i0.wp.com\/mhyrdin.fr\/blog\/wordpress\/wp-content\/gallery\/mars2019-2\/Saint-Gu%C3%A9nol%C3%A9_9200V.jpg?h=170\" alt=\"Saint Gu\u00e9nol\u00e9\" width=\"289\" height=\"170\" \/><\/a><p class=\"jig-HTMLdescription\">Saint Gu\u00e9nol\u00e9<\/p><\/li><li><a href=\"https:\/\/i0.wp.com\/mhyrdin.fr\/blog\/wordpress\/wp-content\/gallery\/mars2019-2\/Go%C3%A9land-argent%C3%A9-immature_8984.jpg?ssl=1\"><img loading=\"lazy\" decoding=\"async\" src=\"https:\/\/i0.wp.com\/mhyrdin.fr\/blog\/wordpress\/wp-content\/gallery\/mars2019-2\/Go%C3%A9land-argent%C3%A9-immature_8984.jpg?h=170\" alt=\"Go\u00e9land argent\u00e9 immature\" width=\"255\" height=\"170\" \/><\/a><p class=\"jig-HTMLdescription\">Go\u00e9land argent\u00e9 immature<\/p><\/li><li><a href=\"https:\/\/i0.wp.com\/mhyrdin.fr\/blog\/wordpress\/wp-content\/gallery\/mars2019-2\/Eckm%C3%BChl_161715.jpg?ssl=1\" title=\"Kerity-Penmac&#039;h\"><img loading=\"lazy\" decoding=\"async\" src=\"https:\/\/i0.wp.com\/mhyrdin.fr\/blog\/wordpress\/wp-content\/gallery\/mars2019-2\/Eckm%C3%BChl_161715.jpg?h=170\" alt=\"Phare d&#039;Eckm\u00fchl\" width=\"83\" height=\"170\" \/><\/a><p class=\"jig-HTMLdescription\">Phare d'Eckm\u00fchl<br\/>Kerity-Penmac'h<\/p><\/li><li><a href=\"https:\/\/i0.wp.com\/mhyrdin.fr\/blog\/wordpress\/wp-content\/gallery\/mars2019-2\/Eckm%C3%BChl_161720.jpg?ssl=1\" title=\"Kerity-Penmac&#039;h\"><img loading=\"lazy\" decoding=\"async\" src=\"https:\/\/i0.wp.com\/mhyrdin.fr\/blog\/wordpress\/wp-content\/gallery\/mars2019-2\/Eckm%C3%BChl_161720.jpg?h=170\" alt=\"Phare d&#039;Eckm\u00fchl\" width=\"87\" height=\"170\" \/><\/a><p class=\"jig-HTMLdescription\">Phare d'Eckm\u00fchl<br\/>Kerity-Penmac'h<\/p><\/li><li><a href=\"https:\/\/i0.wp.com\/mhyrdin.fr\/blog\/wordpress\/wp-content\/gallery\/mars2019-2\/Eckm%C3%BChl_9212.jpg?ssl=1\" title=\"Kerity-Penmac&#039;h\"><img loading=\"lazy\" decoding=\"async\" src=\"https:\/\/i0.wp.com\/mhyrdin.fr\/blog\/wordpress\/wp-content\/gallery\/mars2019-2\/Eckm%C3%BChl_9212.jpg?h=170\" alt=\"Phare d&#039;Eckm\u00fchl\" width=\"113\" height=\"170\" \/><\/a><p class=\"jig-HTMLdescription\">Phare d'Eckm\u00fchl<br\/>Kerity-Penmac'h<\/p><\/li><li><a href=\"https:\/\/i0.wp.com\/mhyrdin.fr\/blog\/wordpress\/wp-content\/gallery\/mars2019-2\/Guilvinec_8987.jpg?ssl=1\" title=\"Guilvinec_8987\"><img loading=\"lazy\" decoding=\"async\" src=\"https:\/\/i0.wp.com\/mhyrdin.fr\/blog\/wordpress\/wp-content\/gallery\/mars2019-2\/Guilvinec_8987.jpg?h=170\" alt=\"Guilvinec\" width=\"113\" height=\"170\" \/><\/a><p class=\"jig-HTMLdescription\">Guilvinec<br\/>Guilvinec_8987<\/p><\/li><li><a href=\"https:\/\/i0.wp.com\/mhyrdin.fr\/blog\/wordpress\/wp-content\/gallery\/mars2019-2\/Guilvinec_8996.jpg?ssl=1\" title=\"Guilvinec_8996\"><img loading=\"lazy\" decoding=\"async\" src=\"https:\/\/i0.wp.com\/mhyrdin.fr\/blog\/wordpress\/wp-content\/gallery\/mars2019-2\/Guilvinec_8996.jpg?h=170\" alt=\"Guilvinec\" width=\"255\" height=\"170\" \/><\/a><p class=\"jig-HTMLdescription\">Guilvinec<br\/>Guilvinec_8996<\/p><\/li><li><a href=\"https:\/\/i0.wp.com\/mhyrdin.fr\/blog\/wordpress\/wp-content\/gallery\/mars2019-2\/Bergeronnette-grise_9233.jpg?ssl=1\"><img loading=\"lazy\" decoding=\"async\" src=\"https:\/\/i0.wp.com\/mhyrdin.fr\/blog\/wordpress\/wp-content\/gallery\/mars2019-2\/Bergeronnette-grise_9233.jpg?h=170\" alt=\"Bergeronnette grise\" width=\"255\" height=\"170\" \/><\/a><p class=\"jig-HTMLdescription\">Bergeronnette grise<\/p><\/li><li><a href=\"https:\/\/i0.wp.com\/mhyrdin.fr\/blog\/wordpress\/wp-content\/gallery\/mars2019-2\/Guilvinec_8999.jpg?ssl=1\" title=\"Guilvinec_8999\"><img loading=\"lazy\" decoding=\"async\" src=\"https:\/\/i0.wp.com\/mhyrdin.fr\/blog\/wordpress\/wp-content\/gallery\/mars2019-2\/Guilvinec_8999.jpg?h=170\" alt=\"Guilvinec\" width=\"255\" height=\"170\" \/><\/a><p class=\"jig-HTMLdescription\">Guilvinec<br\/>Guilvinec_8999<\/p><\/li><li><a href=\"https:\/\/i0.wp.com\/mhyrdin.fr\/blog\/wordpress\/wp-content\/gallery\/mars2019-2\/Camaret-Chapelle_9002.jpg?ssl=1\" title=\"Chapelle Notre-Dame-de-Rocamadour\"><img loading=\"lazy\" decoding=\"async\" src=\"https:\/\/i0.wp.com\/mhyrdin.fr\/blog\/wordpress\/wp-content\/gallery\/mars2019-2\/Camaret-Chapelle_9002.jpg?h=170\" alt=\"Camaret\" width=\"113\" height=\"170\" \/><\/a><p class=\"jig-HTMLdescription\">Camaret<br\/>Chapelle Notre-Dame-de-Rocamadour<\/p><\/li><li><a href=\"https:\/\/i0.wp.com\/mhyrdin.fr\/blog\/wordpress\/wp-content\/gallery\/mars2019-2\/Camaret-Chapelle_9013.jpg?ssl=1\" title=\"Chapelle Notre-Dame-de-Rocamadour\"><img loading=\"lazy\" decoding=\"async\" src=\"https:\/\/i0.wp.com\/mhyrdin.fr\/blog\/wordpress\/wp-content\/gallery\/mars2019-2\/Camaret-Chapelle_9013.jpg?h=170\" alt=\"Camaret\" width=\"113\" height=\"170\" \/><\/a><p class=\"jig-HTMLdescription\">Camaret<br\/>Chapelle Notre-Dame-de-Rocamadour<\/p><\/li><li><a href=\"https:\/\/i0.wp.com\/mhyrdin.fr\/blog\/wordpress\/wp-content\/gallery\/mars2019-2\/Camaret-Chapelle_9016.jpg?ssl=1\" title=\"Chapelle Notre-Dame-de-Rocamadour\"><img loading=\"lazy\" decoding=\"async\" src=\"https:\/\/i0.wp.com\/mhyrdin.fr\/blog\/wordpress\/wp-content\/gallery\/mars2019-2\/Camaret-Chapelle_9016.jpg?h=170\" alt=\"Camaret\" width=\"255\" height=\"170\" \/><\/a><p class=\"jig-HTMLdescription\">Camaret<br\/>Chapelle Notre-Dame-de-Rocamadour<\/p><\/li><li><a href=\"https:\/\/i0.wp.com\/mhyrdin.fr\/blog\/wordpress\/wp-content\/gallery\/mars2019-2\/Camaret-Chapelle_9023.jpg?ssl=1\" title=\"Chapelle Notre-Dame-de-Rocamadour\"><img loading=\"lazy\" decoding=\"async\" src=\"https:\/\/i0.wp.com\/mhyrdin.fr\/blog\/wordpress\/wp-content\/gallery\/mars2019-2\/Camaret-Chapelle_9023.jpg?h=170\" alt=\"Camaret\" width=\"255\" height=\"170\" \/><\/a><p class=\"jig-HTMLdescription\">Camaret<br\/>Chapelle Notre-Dame-de-Rocamadour<\/p><\/li><li><a href=\"https:\/\/i0.wp.com\/mhyrdin.fr\/blog\/wordpress\/wp-content\/gallery\/mars2019-2\/Camaret-Chapelle_9003.jpg?ssl=1\" title=\"Chapelle Notre-Dame-de-Rocamadour\"><img loading=\"lazy\" decoding=\"async\" src=\"https:\/\/i0.wp.com\/mhyrdin.fr\/blog\/wordpress\/wp-content\/gallery\/mars2019-2\/Camaret-Chapelle_9003.jpg?h=170\" alt=\"Camaret\" width=\"255\" height=\"170\" \/><\/a><p class=\"jig-HTMLdescription\">Camaret<br\/>Chapelle Notre-Dame-de-Rocamadour<\/p><\/li><li><a href=\"https:\/\/i0.wp.com\/mhyrdin.fr\/blog\/wordpress\/wp-content\/gallery\/mars2019-2\/Camaret-Chapelle_9007.jpg?ssl=1\" title=\"Chapelle Notre-Dame-de-Rocamadour\"><img loading=\"lazy\" decoding=\"async\" src=\"https:\/\/i0.wp.com\/mhyrdin.fr\/blog\/wordpress\/wp-content\/gallery\/mars2019-2\/Camaret-Chapelle_9007.jpg?h=170\" alt=\"Camaret\" width=\"255\" height=\"170\" \/><\/a><p class=\"jig-HTMLdescription\">Camaret<br\/>Chapelle Notre-Dame-de-Rocamadour<\/p><\/li><li><a href=\"https:\/\/i0.wp.com\/mhyrdin.fr\/blog\/wordpress\/wp-content\/gallery\/mars2019-2\/Camaret-Chapelle_9008.jpg?ssl=1\" title=\"Chapelle Notre-Dame-de-Rocamadour\"><img loading=\"lazy\" decoding=\"async\" src=\"https:\/\/i0.wp.com\/mhyrdin.fr\/blog\/wordpress\/wp-content\/gallery\/mars2019-2\/Camaret-Chapelle_9008.jpg?h=170\" alt=\"Camaret\" width=\"113\" height=\"170\" \/><\/a><p class=\"jig-HTMLdescription\">Camaret<br\/>Chapelle Notre-Dame-de-Rocamadour<\/p><\/li><li><a href=\"https:\/\/i0.wp.com\/mhyrdin.fr\/blog\/wordpress\/wp-content\/gallery\/mars2019-2\/Camaret-Chapelle_9010.jpg?ssl=1\" title=\"Chapelle Notre-Dame-de-Rocamadour\"><img loading=\"lazy\" decoding=\"async\" src=\"https:\/\/i0.wp.com\/mhyrdin.fr\/blog\/wordpress\/wp-content\/gallery\/mars2019-2\/Camaret-Chapelle_9010.jpg?h=170\" alt=\"Camaret\" width=\"113\" height=\"170\" \/><\/a><p class=\"jig-HTMLdescription\">Camaret<br\/>Chapelle Notre-Dame-de-Rocamadour<\/p><\/li><li><a href=\"https:\/\/i0.wp.com\/mhyrdin.fr\/blog\/wordpress\/wp-content\/gallery\/mars2019-2\/Camaret_9018.jpg?ssl=1\" title=\"Tour Vauban\"><img loading=\"lazy\" decoding=\"async\" src=\"https:\/\/i0.wp.com\/mhyrdin.fr\/blog\/wordpress\/wp-content\/gallery\/mars2019-2\/Camaret_9018.jpg?h=170\" alt=\"Camaret\" width=\"255\" height=\"170\" \/><\/a><p class=\"jig-HTMLdescription\">Camaret<br\/>Tour Vauban<\/p><\/li><li><a href=\"https:\/\/i0.wp.com\/mhyrdin.fr\/blog\/wordpress\/wp-content\/gallery\/mars2019-2\/Camaret_9020.jpg?ssl=1\" title=\"Tour Vauban\"><img loading=\"lazy\" decoding=\"async\" src=\"https:\/\/i0.wp.com\/mhyrdin.fr\/blog\/wordpress\/wp-content\/gallery\/mars2019-2\/Camaret_9020.jpg?h=170\" alt=\"Camaret\" width=\"113\" height=\"170\" \/><\/a><p class=\"jig-HTMLdescription\">Camaret<br\/>Tour Vauban<\/p><\/li><li><a href=\"https:\/\/i0.wp.com\/mhyrdin.fr\/blog\/wordpress\/wp-content\/gallery\/mars2019-2\/Camaret_9022.jpg?ssl=1\" title=\"Tour Vauban\"><img loading=\"lazy\" decoding=\"async\" src=\"https:\/\/i0.wp.com\/mhyrdin.fr\/blog\/wordpress\/wp-content\/gallery\/mars2019-2\/Camaret_9022.jpg?h=170\" alt=\"Camaret\" width=\"113\" height=\"170\" \/><\/a><p class=\"jig-HTMLdescription\">Camaret<br\/>Tour Vauban<\/p><\/li><li><a href=\"https:\/\/i0.wp.com\/mhyrdin.fr\/blog\/wordpress\/wp-content\/gallery\/mars2019-2\/Camaret-Alignements_9045.jpg?ssl=1\" title=\"Alignements de Lagatjar\"><img loading=\"lazy\" decoding=\"async\" src=\"https:\/\/i0.wp.com\/mhyrdin.fr\/blog\/wordpress\/wp-content\/gallery\/mars2019-2\/Camaret-Alignements_9045.jpg?h=170\" alt=\"Camaret\" width=\"314\" height=\"170\" \/><\/a><p class=\"jig-HTMLdescription\">Camaret<br\/>Alignements de Lagatjar<\/p><\/li><li><a href=\"https:\/\/i0.wp.com\/mhyrdin.fr\/blog\/wordpress\/wp-content\/gallery\/mars2019-2\/Camaret_Ch%C3%A2teau_St_Pol-Roux_9024.jpg?ssl=1\" title=\"Ruines du ch\u00e2teau de Saint-Pol-Roux\"><img loading=\"lazy\" decoding=\"async\" src=\"https:\/\/i0.wp.com\/mhyrdin.fr\/blog\/wordpress\/wp-content\/gallery\/mars2019-2\/Camaret_Ch%C3%A2teau_St_Pol-Roux_9024.jpg?h=170\" alt=\"Camaret\" width=\"255\" height=\"170\" \/><\/a><p class=\"jig-HTMLdescription\">Camaret<br\/>Ruines du ch\u00e2teau de Saint-Pol-Roux<\/p><\/li><li><a href=\"https:\/\/i0.wp.com\/mhyrdin.fr\/blog\/wordpress\/wp-content\/gallery\/mars2019-2\/Camaret_Ch%C3%A2teau_St_Pol-Roux_9026.jpg?ssl=1\" title=\"Ruines du ch\u00e2teau de Saint-Pol-Roux\"><img loading=\"lazy\" decoding=\"async\" src=\"https:\/\/i0.wp.com\/mhyrdin.fr\/blog\/wordpress\/wp-content\/gallery\/mars2019-2\/Camaret_Ch%C3%A2teau_St_Pol-Roux_9026.jpg?h=170\" alt=\"Camaret\" width=\"255\" height=\"170\" \/><\/a><p class=\"jig-HTMLdescription\">Camaret<br\/>Ruines du ch\u00e2teau de Saint-Pol-Roux<\/p><\/li><li><a href=\"https:\/\/i0.wp.com\/mhyrdin.fr\/blog\/wordpress\/wp-content\/gallery\/mars2019-2\/Camaret-Plage-De-Pen-Hat_9025.jpg?ssl=1\" title=\"Plage de Pen Hat\"><img loading=\"lazy\" decoding=\"async\" src=\"https:\/\/i0.wp.com\/mhyrdin.fr\/blog\/wordpress\/wp-content\/gallery\/mars2019-2\/Camaret-Plage-De-Pen-Hat_9025.jpg?h=170\" alt=\"Camaret\" width=\"255\" height=\"170\" \/><\/a><p class=\"jig-HTMLdescription\">Camaret<br\/>Plage de Pen Hat<\/p><\/li><li><a href=\"https:\/\/i0.wp.com\/mhyrdin.fr\/blog\/wordpress\/wp-content\/gallery\/mars2019-2\/Camaret-Plage-De-Pen-Hat_9028.jpg?ssl=1\" title=\"Plage de Pen Hat\"><img loading=\"lazy\" decoding=\"async\" src=\"https:\/\/i0.wp.com\/mhyrdin.fr\/blog\/wordpress\/wp-content\/gallery\/mars2019-2\/Camaret-Plage-De-Pen-Hat_9028.jpg?h=170\" alt=\"Camaret\" width=\"255\" height=\"170\" \/><\/a><p class=\"jig-HTMLdescription\">Camaret<br\/>Plage de Pen Hat<\/p><\/li><li><a href=\"https:\/\/i0.wp.com\/mhyrdin.fr\/blog\/wordpress\/wp-content\/gallery\/mars2019-2\/Pointe-de-Pen-Hir_9035.jpg?ssl=1\"><img loading=\"lazy\" decoding=\"async\" src=\"https:\/\/i0.wp.com\/mhyrdin.fr\/blog\/wordpress\/wp-content\/gallery\/mars2019-2\/Pointe-de-Pen-Hir_9035.jpg?h=170\" alt=\"Pointe de Pen-Hir\" width=\"255\" height=\"170\" \/><\/a><p class=\"jig-HTMLdescription\">Pointe de Pen-Hir<\/p><\/li><li><a href=\"https:\/\/i0.wp.com\/mhyrdin.fr\/blog\/wordpress\/wp-content\/gallery\/mars2019-2\/Pointe-de-Pen-Hir_9037.jpg?ssl=1\"><img loading=\"lazy\" decoding=\"async\" src=\"https:\/\/i0.wp.com\/mhyrdin.fr\/blog\/wordpress\/wp-content\/gallery\/mars2019-2\/Pointe-de-Pen-Hir_9037.jpg?h=170\" alt=\"Pointe de Pen-Hir\" width=\"255\" height=\"170\" \/><\/a><p class=\"jig-HTMLdescription\">Pointe de Pen-Hir<\/p><\/li><li><a href=\"https:\/\/i0.wp.com\/mhyrdin.fr\/blog\/wordpress\/wp-content\/gallery\/mars2019-2\/%C3%89pave-Hydo_9267.jpg?ssl=1\" title=\"Pointe de Pen-Hir\"><img loading=\"lazy\" decoding=\"async\" src=\"https:\/\/i0.wp.com\/mhyrdin.fr\/blog\/wordpress\/wp-content\/gallery\/mars2019-2\/%C3%89pave-Hydo_9267.jpg?h=170\" alt=\"\u00c9pave de l&#039;Hydo\" width=\"255\" height=\"170\" \/><\/a><p class=\"jig-HTMLdescription\">\u00c9pave de l'Hydo<br\/>Pointe de Pen-Hir<\/p><\/li><li><a href=\"https:\/\/i0.wp.com\/mhyrdin.fr\/blog\/wordpress\/wp-content\/gallery\/mars2019-2\/Go%C3%A9land-argent%C3%A9_9277.jpg?ssl=1\" title=\"Pointe de Pen-Hir\"><img loading=\"lazy\" decoding=\"async\" src=\"https:\/\/i0.wp.com\/mhyrdin.fr\/blog\/wordpress\/wp-content\/gallery\/mars2019-2\/Go%C3%A9land-argent%C3%A9_9277.jpg?h=170\" alt=\"Go\u00e9land argent\u00e9\" width=\"255\" height=\"170\" \/><\/a><p class=\"jig-HTMLdescription\">Go\u00e9land argent\u00e9<br\/>Pointe de Pen-Hir<\/p><\/li><li><a href=\"https:\/\/i0.wp.com\/mhyrdin.fr\/blog\/wordpress\/wp-content\/gallery\/mars2019-2\/Pointe-de-Dinan_9052.jpg?ssl=1\"><img loading=\"lazy\" decoding=\"async\" src=\"https:\/\/i0.wp.com\/mhyrdin.fr\/blog\/wordpress\/wp-content\/gallery\/mars2019-2\/Pointe-de-Dinan_9052.jpg?h=170\" alt=\"Pointe de Dinan\" width=\"255\" height=\"170\" \/><\/a><p class=\"jig-HTMLdescription\">Pointe de Dinan<\/p><\/li><li><a href=\"https:\/\/i0.wp.com\/mhyrdin.fr\/blog\/wordpress\/wp-content\/gallery\/mars2019-2\/Pointe-de-Dinan_9055.jpg?ssl=1\"><img loading=\"lazy\" decoding=\"async\" src=\"https:\/\/i0.wp.com\/mhyrdin.fr\/blog\/wordpress\/wp-content\/gallery\/mars2019-2\/Pointe-de-Dinan_9055.jpg?h=170\" alt=\"Pointe de Dinan\" width=\"255\" height=\"170\" \/><\/a><p class=\"jig-HTMLdescription\">Pointe de Dinan<\/p><\/li><li><a href=\"https:\/\/i0.wp.com\/mhyrdin.fr\/blog\/wordpress\/wp-content\/gallery\/mars2019-2\/Pointe-de-Dinan_9057.jpg?ssl=1\"><img loading=\"lazy\" decoding=\"async\" src=\"https:\/\/i0.wp.com\/mhyrdin.fr\/blog\/wordpress\/wp-content\/gallery\/mars2019-2\/Pointe-de-Dinan_9057.jpg?h=170\" alt=\"Pointe de Dinan\" width=\"255\" height=\"170\" \/><\/a><p class=\"jig-HTMLdescription\">Pointe de Dinan<\/p><\/li><\/ul><\/noscript><\/div><div id=\"jig1-developerLink\" class=\"jig-developerLink\"><a href=\"https:\/\/justifiedgrid.com\/\" target=\"_blank\" title=\"Justified Image Grid - Premium WordPress Gallery\">powered by Justified Image Grid<\/a><\/div>\n<h3>Related Images:<\/h3>","protected":false},"excerpt":{"rendered":"<p>La TorcheLa TorcheLes fleurs de La TorcheTulipes_8888Les fleurs de La TorcheJacinthe_8914Les fleurs de La TorcheJacinthe_8921Les fleurs de La TorcheTulipes_8838Les fleurs de La TorcheTulipes_8839Les fleurs de La TorcheTulipes_8841Les fleurs de La TorcheTulipes_8855Les fleurs de La TorcheTulipes_8975Les fleurs de La TorcheTulipes_8981Saint Gu\u00e9nol\u00e9Saint Gu\u00e9nol\u00e9Go\u00e9land argent\u00e9 immaturePhare d&rsquo;Eckm\u00fchlKerity-Penmac&rsquo;hPhare d&rsquo;Eckm\u00fchlKerity-Penmac&rsquo;hPhare d&rsquo;Eckm\u00fchlKerity-Penmac&rsquo;hGuilvinecGuilvinec_8987GuilvinecGuilvinec_8996Bergeronnette griseGuilvinecGuilvinec_8999CamaretChapelle Notre-Dame-de-RocamadourCamaretChapelle Notre-Dame-de-RocamadourCamaretChapelle Notre-Dame-de-RocamadourCamaretChapelle Notre-Dame-de-RocamadourCamaretChapelle Notre-Dame-de-RocamadourCamaretChapelle Notre-Dame-de-RocamadourCamaretChapelle Notre-Dame-de-RocamadourCamaretChapelle Notre-Dame-de-RocamadourCamaretTour [&hellip;]<\/p>\n","protected":false},"author":4,"featured_media":0,"parent":17196,"menu_order":0,"comment_status":"closed","ping_status":"closed","template":"","meta":{"ngg_post_thumbnail":0,"jetpack_post_was_ever_published":false,"footnotes":"","_links_to":"","_links_to_target":""},"class_list":["post-23627","page","type-page","status-publish","hentry"],"jetpack_shortlink":"https:\/\/wp.me\/P9lSZN-695","jetpack_sharing_enabled":true,"_links":{"self":[{"href":"https:\/\/mhyrdin.fr\/blog\/wp-json\/wp\/v2\/pages\/23627","targetHints":{"allow":["GET"]}}],"collection":[{"href":"https:\/\/mhyrdin.fr\/blog\/wp-json\/wp\/v2\/pages"}],"about":[{"href":"https:\/\/mhyrdin.fr\/blog\/wp-json\/wp\/v2\/types\/page"}],"author":[{"embeddable":true,"href":"https:\/\/mhyrdin.fr\/blog\/wp-json\/wp\/v2\/users\/4"}],"replies":[{"embeddable":true,"href":"https:\/\/mhyrdin.fr\/blog\/wp-json\/wp\/v2\/comments?post=23627"}],"version-history":[{"count":0,"href":"https:\/\/mhyrdin.fr\/blog\/wp-json\/wp\/v2\/pages\/23627\/revisions"}],"up":[{"embeddable":true,"href":"https:\/\/mhyrdin.fr\/blog\/wp-json\/wp\/v2\/pages\/17196"}],"wp:attachment":[{"href":"https:\/\/mhyrdin.fr\/blog\/wp-json\/wp\/v2\/media?parent=23627"}],"curies":[{"name":"wp","href":"https:\/\/api.w.org\/{rel}","templated":true}]}}