{"id":23585,"date":"2022-10-17T11:17:49","date_gmt":"2022-10-17T09:17:49","guid":{"rendered":"https:\/\/mhyrdin.fr\/blog\/2018-2\/mai\/de-la-picardie-a-gruissan\/"},"modified":"2022-10-17T11:17:49","modified_gmt":"2022-10-17T09:17:49","slug":"de-la-picardie-a-gruissan","status":"publish","type":"page","link":"https:\/\/mhyrdin.fr\/blog\/archives-numeriques\/2018-2\/mai\/de-la-picardie-a-gruissan\/","title":{"rendered":"De la Picardie \u00e0 Gruissan"},"content":{"rendered":"<div id=\"jig1\" class=\"justified-image-grid jig-cc3f0d027f347ede63f39abb53c2aa8e jig-preset-global jig-source-nextgen\"><div class=\"jig-clearfix\"><\/div><noscript id=\"jig1-html\" class=\"justified-image-grid-html\" data-lazy-src=\"skiplazyload\" data-src=\"skipunveillazyload\"><ul><li><a href=\"https:\/\/i0.wp.com\/mhyrdin.fr\/blog\/wordpress\/wp-content\/gallery\/mai2018-1\/Pontruet_7340.jpg?ssl=1\" title=\"Pontruet_7340\"><img loading=\"lazy\" decoding=\"async\" src=\"https:\/\/i0.wp.com\/mhyrdin.fr\/blog\/wordpress\/wp-content\/gallery\/mai2018-1\/Pontruet_7340.jpg?h=170\" alt=\"Pontruet\" width=\"303\" height=\"170\" \/><\/a><p class=\"jig-HTMLdescription\">Pontruet<br\/>Pontruet_7340<\/p><\/li><li><a href=\"https:\/\/i0.wp.com\/mhyrdin.fr\/blog\/wordpress\/wp-content\/gallery\/mai2018-1\/Pontruet_7341.jpg?ssl=1\" title=\"Pontruet_7341\"><img loading=\"lazy\" decoding=\"async\" src=\"https:\/\/i0.wp.com\/mhyrdin.fr\/blog\/wordpress\/wp-content\/gallery\/mai2018-1\/Pontruet_7341.jpg?h=170\" alt=\"Pontruet\" width=\"255\" height=\"170\" \/><\/a><p class=\"jig-HTMLdescription\">Pontruet<br\/>Pontruet_7341<\/p><\/li><li><a href=\"https:\/\/i0.wp.com\/mhyrdin.fr\/blog\/wordpress\/wp-content\/gallery\/mai2018-1\/Mouette-rieuse_6765.jpg?ssl=1\"><img loading=\"lazy\" decoding=\"async\" src=\"https:\/\/i0.wp.com\/mhyrdin.fr\/blog\/wordpress\/wp-content\/gallery\/mai2018-1\/Mouette-rieuse_6765.jpg?h=170\" alt=\"Mouette rieuse\" width=\"255\" height=\"170\" \/><\/a><p class=\"jig-HTMLdescription\">Mouette rieuse<\/p><\/li><li><a href=\"https:\/\/i0.wp.com\/mhyrdin.fr\/blog\/wordpress\/wp-content\/gallery\/mai2018-1\/Sarcelle-d-%C3%A9t%C3%A9_6928.jpg?ssl=1\"><img loading=\"lazy\" decoding=\"async\" src=\"https:\/\/i0.wp.com\/mhyrdin.fr\/blog\/wordpress\/wp-content\/gallery\/mai2018-1\/Sarcelle-d-%C3%A9t%C3%A9_6928.jpg?h=170\" alt=\"Sarcelle d&#039;\u00e9t\u00e9\" width=\"255\" height=\"170\" \/><\/a><p class=\"jig-HTMLdescription\">Sarcelle d'\u00e9t\u00e9<\/p><\/li><li><a href=\"https:\/\/i0.wp.com\/mhyrdin.fr\/blog\/wordpress\/wp-content\/gallery\/mai2018-1\/Grande-Aigrette_6811.jpg?ssl=1\"><img loading=\"lazy\" decoding=\"async\" src=\"https:\/\/i0.wp.com\/mhyrdin.fr\/blog\/wordpress\/wp-content\/gallery\/mai2018-1\/Grande-Aigrette_6811.jpg?h=170\" alt=\"Grande Aigrette\" width=\"255\" height=\"170\" \/><\/a><p class=\"jig-HTMLdescription\">Grande Aigrette<\/p><\/li><li><a href=\"https:\/\/i0.wp.com\/mhyrdin.fr\/blog\/wordpress\/wp-content\/gallery\/mai2018-1\/La-Maye_002.jpg?ssl=1\"><img loading=\"lazy\" decoding=\"async\" src=\"https:\/\/i0.wp.com\/mhyrdin.fr\/blog\/wordpress\/wp-content\/gallery\/mai2018-1\/La-Maye_002.jpg?h=170\" alt=\"La Maye\" width=\"227\" height=\"170\" \/><\/a><p class=\"jig-HTMLdescription\">La Maye<\/p><\/li><li><a href=\"https:\/\/i0.wp.com\/mhyrdin.fr\/blog\/wordpress\/wp-content\/gallery\/mai2018-1\/Ayguades-20180513_192943.jpg?ssl=1\"><img loading=\"lazy\" decoding=\"async\" src=\"https:\/\/i0.wp.com\/mhyrdin.fr\/blog\/wordpress\/wp-content\/gallery\/mai2018-1\/Ayguades-20180513_192943.jpg?h=170\" alt=\"Les Ayguades\" width=\"259\" height=\"170\" \/><\/a><p class=\"jig-HTMLdescription\">Les Ayguades<\/p><\/li><li><a href=\"https:\/\/i0.wp.com\/mhyrdin.fr\/blog\/wordpress\/wp-content\/gallery\/mai2018-1\/Ayguades-20180513_193029.jpg?ssl=1\"><img loading=\"lazy\" decoding=\"async\" src=\"https:\/\/i0.wp.com\/mhyrdin.fr\/blog\/wordpress\/wp-content\/gallery\/mai2018-1\/Ayguades-20180513_193029.jpg?h=170\" alt=\"Les Ayguades\" width=\"284\" height=\"170\" \/><\/a><p class=\"jig-HTMLdescription\">Les Ayguades<\/p><\/li><li><a href=\"https:\/\/i0.wp.com\/mhyrdin.fr\/blog\/wordpress\/wp-content\/gallery\/mai2018-1\/Gruissan-chenal_7753.jpg?ssl=1\"><img loading=\"lazy\" decoding=\"async\" src=\"https:\/\/i0.wp.com\/mhyrdin.fr\/blog\/wordpress\/wp-content\/gallery\/mai2018-1\/Gruissan-chenal_7753.jpg?h=170\" alt=\"Gruissan\" width=\"255\" height=\"170\" \/><\/a><p class=\"jig-HTMLdescription\">Gruissan<\/p><\/li><li><a href=\"https:\/\/i0.wp.com\/mhyrdin.fr\/blog\/wordpress\/wp-content\/gallery\/mai2018-1\/Gruissan-Les-Goules_7394.jpg?ssl=1\"><img loading=\"lazy\" decoding=\"async\" src=\"https:\/\/i0.wp.com\/mhyrdin.fr\/blog\/wordpress\/wp-content\/gallery\/mai2018-1\/Gruissan-Les-Goules_7394.jpg?h=170\" alt=\"Gruissan - Les Goules\" width=\"306\" height=\"170\" \/><\/a><p class=\"jig-HTMLdescription\">Gruissan - Les Goules<\/p><\/li><li><a href=\"https:\/\/i0.wp.com\/mhyrdin.fr\/blog\/wordpress\/wp-content\/gallery\/mai2018-1\/Gruissan-Les-Goules_7397.jpg?ssl=1\"><img loading=\"lazy\" decoding=\"async\" src=\"https:\/\/i0.wp.com\/mhyrdin.fr\/blog\/wordpress\/wp-content\/gallery\/mai2018-1\/Gruissan-Les-Goules_7397.jpg?h=170\" alt=\"Gruissan - Les Goules\" width=\"255\" height=\"170\" \/><\/a><p class=\"jig-HTMLdescription\">Gruissan - Les Goules<\/p><\/li><li><a href=\"https:\/\/i0.wp.com\/mhyrdin.fr\/blog\/wordpress\/wp-content\/gallery\/mai2018-1\/Bondr%C3%A9e-apivore_7344.jpg?ssl=1\"><img loading=\"lazy\" decoding=\"async\" src=\"https:\/\/i0.wp.com\/mhyrdin.fr\/blog\/wordpress\/wp-content\/gallery\/mai2018-1\/Bondr%C3%A9e-apivore_7344.jpg?h=170\" alt=\"Bondr\u00e9e apivore\" width=\"255\" height=\"170\" \/><\/a><p class=\"jig-HTMLdescription\">Bondr\u00e9e apivore<\/p><\/li><li><a href=\"https:\/\/i0.wp.com\/mhyrdin.fr\/blog\/wordpress\/wp-content\/gallery\/mai2018-1\/Aigrette-garzette_7583.jpg?ssl=1\"><img loading=\"lazy\" decoding=\"async\" src=\"https:\/\/i0.wp.com\/mhyrdin.fr\/blog\/wordpress\/wp-content\/gallery\/mai2018-1\/Aigrette-garzette_7583.jpg?h=170\" alt=\"Aigrette garzette\" width=\"255\" height=\"170\" \/><\/a><p class=\"jig-HTMLdescription\">Aigrette garzette<\/p><\/li><li><a href=\"https:\/\/i0.wp.com\/mhyrdin.fr\/blog\/wordpress\/wp-content\/gallery\/mai2018-1\/%C3%89chiquier-d-Occitanie_7512.jpg?ssl=1\"><img loading=\"lazy\" decoding=\"async\" src=\"https:\/\/i0.wp.com\/mhyrdin.fr\/blog\/wordpress\/wp-content\/gallery\/mai2018-1\/%C3%89chiquier-d-Occitanie_7512.jpg?h=170\" alt=\"\u00c9chiquier d Occitanie\" width=\"255\" height=\"170\" \/><\/a><p class=\"jig-HTMLdescription\">\u00c9chiquier d Occitanie<\/p><\/li><li><a href=\"https:\/\/i0.wp.com\/mhyrdin.fr\/blog\/wordpress\/wp-content\/gallery\/mai2018-1\/Ail-ros%C3%A9_7372.jpg?ssl=1\"><img loading=\"lazy\" decoding=\"async\" src=\"https:\/\/i0.wp.com\/mhyrdin.fr\/blog\/wordpress\/wp-content\/gallery\/mai2018-1\/Ail-ros%C3%A9_7372.jpg?h=170\" alt=\"Ail ros\u00e9\" width=\"255\" height=\"170\" \/><\/a><p class=\"jig-HTMLdescription\">Ail ros\u00e9<\/p><\/li><li><a href=\"https:\/\/i0.wp.com\/mhyrdin.fr\/blog\/wordpress\/wp-content\/gallery\/mai2018-1\/Aphyllanthe-de-Montpellier_7390.jpg?ssl=1\"><img loading=\"lazy\" decoding=\"async\" src=\"https:\/\/i0.wp.com\/mhyrdin.fr\/blog\/wordpress\/wp-content\/gallery\/mai2018-1\/Aphyllanthe-de-Montpellier_7390.jpg?h=170\" alt=\"Aphyllanthe de Montpellier\" width=\"255\" height=\"170\" \/><\/a><p class=\"jig-HTMLdescription\">Aphyllanthe de Montpellier<\/p><\/li><li><a href=\"https:\/\/i0.wp.com\/mhyrdin.fr\/blog\/wordpress\/wp-content\/gallery\/mai2018-1\/Grande-Amourette-Briza-maxima_7498.jpg?ssl=1\" title=\"Briza maxima\"><img loading=\"lazy\" decoding=\"async\" src=\"https:\/\/i0.wp.com\/mhyrdin.fr\/blog\/wordpress\/wp-content\/gallery\/mai2018-1\/Grande-Amourette-Briza-maxima_7498.jpg?h=170\" alt=\"Grande Amourette\" width=\"255\" height=\"170\" \/><\/a><p class=\"jig-HTMLdescription\">Grande Amourette<br\/>Briza maxima<\/p><\/li><li><a href=\"https:\/\/i0.wp.com\/mhyrdin.fr\/blog\/wordpress\/wp-content\/gallery\/mai2018-1\/Coquelicots_7829.jpg?ssl=1\" title=\"Coquelicots_7829\"><img loading=\"lazy\" decoding=\"async\" src=\"https:\/\/i0.wp.com\/mhyrdin.fr\/blog\/wordpress\/wp-content\/gallery\/mai2018-1\/Coquelicots_7829.jpg?h=170\" alt=\"Coquelicots\" width=\"255\" height=\"170\" \/><\/a><p class=\"jig-HTMLdescription\">Coquelicots<br\/>Coquelicots_7829<\/p><\/li><li><a href=\"https:\/\/i0.wp.com\/mhyrdin.fr\/blog\/wordpress\/wp-content\/gallery\/mai2018-1\/Gruissan-salins_7775.jpg?ssl=1\"><img loading=\"lazy\" decoding=\"async\" src=\"https:\/\/i0.wp.com\/mhyrdin.fr\/blog\/wordpress\/wp-content\/gallery\/mai2018-1\/Gruissan-salins_7775.jpg?h=170\" alt=\"Les salins de Gruissan\" width=\"255\" height=\"170\" \/><\/a><p class=\"jig-HTMLdescription\">Les salins de Gruissan<\/p><\/li><li><a href=\"https:\/\/i0.wp.com\/mhyrdin.fr\/blog\/wordpress\/wp-content\/gallery\/mai2018-1\/Sunset-phone_204832.jpg?ssl=1\" title=\"Gruissan, vieux village\"><img loading=\"lazy\" decoding=\"async\" src=\"https:\/\/i0.wp.com\/mhyrdin.fr\/blog\/wordpress\/wp-content\/gallery\/mai2018-1\/Sunset-phone_204832.jpg?h=170\" alt=\"Sunset\" width=\"227\" height=\"170\" \/><\/a><p class=\"jig-HTMLdescription\">Sunset<br\/>Gruissan, vieux village<\/p><\/li><\/ul><\/noscript><\/div><div id=\"jig1-developerLink\" class=\"jig-developerLink\"><a href=\"https:\/\/justifiedgrid.com\/\" target=\"_blank\" title=\"Justified Image Grid - Premium WordPress Gallery\">powered by Justified Image Grid<\/a><\/div>\n<h3>Related Images:<\/h3>","protected":false},"excerpt":{"rendered":"<p>PontruetPontruet_7340PontruetPontruet_7341Mouette rieuseSarcelle d&rsquo;\u00e9t\u00e9Grande AigretteLa MayeLes AyguadesLes AyguadesGruissanGruissan &#8211; Les GoulesGruissan &#8211; Les GoulesBondr\u00e9e apivoreAigrette garzette\u00c9chiquier d OccitanieAil ros\u00e9Aphyllanthe de MontpellierGrande AmouretteBriza maximaCoquelicotsCoquelicots_7829Les salins de GruissanSunsetGruissan, vieux villagepowered by Justified Image Grid Related Images:<\/p>\n","protected":false},"author":4,"featured_media":0,"parent":15360,"menu_order":0,"comment_status":"closed","ping_status":"closed","template":"","meta":{"ngg_post_thumbnail":0,"jetpack_post_was_ever_published":false,"footnotes":"","_links_to":"","_links_to_target":""},"class_list":["post-23585","page","type-page","status-publish","hentry"],"jetpack_shortlink":"https:\/\/wp.me\/P9lSZN-68p","jetpack_sharing_enabled":true,"_links":{"self":[{"href":"https:\/\/mhyrdin.fr\/blog\/wp-json\/wp\/v2\/pages\/23585","targetHints":{"allow":["GET"]}}],"collection":[{"href":"https:\/\/mhyrdin.fr\/blog\/wp-json\/wp\/v2\/pages"}],"about":[{"href":"https:\/\/mhyrdin.fr\/blog\/wp-json\/wp\/v2\/types\/page"}],"author":[{"embeddable":true,"href":"https:\/\/mhyrdin.fr\/blog\/wp-json\/wp\/v2\/users\/4"}],"replies":[{"embeddable":true,"href":"https:\/\/mhyrdin.fr\/blog\/wp-json\/wp\/v2\/comments?post=23585"}],"version-history":[{"count":0,"href":"https:\/\/mhyrdin.fr\/blog\/wp-json\/wp\/v2\/pages\/23585\/revisions"}],"up":[{"embeddable":true,"href":"https:\/\/mhyrdin.fr\/blog\/wp-json\/wp\/v2\/pages\/15360"}],"wp:attachment":[{"href":"https:\/\/mhyrdin.fr\/blog\/wp-json\/wp\/v2\/media?parent=23585"}],"curies":[{"name":"wp","href":"https:\/\/api.w.org\/{rel}","templated":true}]}}