{"id":23556,"date":"2022-10-17T08:41:49","date_gmt":"2022-10-17T06:41:49","guid":{"rendered":"https:\/\/mhyrdin.fr\/blog\/2017-2\/fevrier\/en-picardie\/"},"modified":"2022-10-17T08:41:49","modified_gmt":"2022-10-17T06:41:49","slug":"en-picardie","status":"publish","type":"page","link":"https:\/\/mhyrdin.fr\/blog\/archives-numeriques\/2017-2\/fevrier\/en-picardie\/","title":{"rendered":"En Picardie"},"content":{"rendered":"<div id=\"jig1\" class=\"justified-image-grid jig-d7b55f81247fddd631b725380ea7992c jig-preset-global jig-source-nextgen\"><div class=\"jig-clearfix\"><\/div><noscript id=\"jig1-html\" class=\"justified-image-grid-html\" data-lazy-src=\"skiplazyload\" data-src=\"skipunveillazyload\"><ul><li><a href=\"https:\/\/i0.wp.com\/mhyrdin.fr\/blog\/wordpress\/wp-content\/gallery\/fevrier2017-2\/Lune_7348.jpg?ssl=1\" title=\"Lune_7348\"><img loading=\"lazy\" decoding=\"async\" src=\"https:\/\/i0.wp.com\/mhyrdin.fr\/blog\/wordpress\/wp-content\/gallery\/fevrier2017-2\/Lune_7348.jpg?h=170\" alt=\"Veille de pleine lune\" width=\"170\" height=\"170\" \/><\/a><p class=\"jig-HTMLdescription\">Veille de pleine lune<br\/>Lune_7348<\/p><\/li><li><a href=\"https:\/\/i0.wp.com\/mhyrdin.fr\/blog\/wordpress\/wp-content\/gallery\/fevrier2017-2\/Oie-cendr%C3%A9e_7380.jpg?ssl=1\" title=\"\u00c9tang de Bih\u00e9court\"><img loading=\"lazy\" decoding=\"async\" src=\"https:\/\/i0.wp.com\/mhyrdin.fr\/blog\/wordpress\/wp-content\/gallery\/fevrier2017-2\/Oie-cendr%C3%A9e_7380.jpg?h=170\" alt=\"Oie cendr\u00e9e\" width=\"255\" height=\"170\" \/><\/a><p class=\"jig-HTMLdescription\">Oie cendr\u00e9e<br\/>\u00c9tang de Bih\u00e9court<\/p><\/li><li><a href=\"https:\/\/i0.wp.com\/mhyrdin.fr\/blog\/wordpress\/wp-content\/gallery\/fevrier2017-2\/Oie-cendr%C3%A9e_7384.jpg?ssl=1\" title=\"\u00c9tang de Bih\u00e9court\"><img loading=\"lazy\" decoding=\"async\" src=\"https:\/\/i0.wp.com\/mhyrdin.fr\/blog\/wordpress\/wp-content\/gallery\/fevrier2017-2\/Oie-cendr%C3%A9e_7384.jpg?h=170\" alt=\"Oies cendr\u00e9es\" width=\"255\" height=\"170\" \/><\/a><p class=\"jig-HTMLdescription\">Oies cendr\u00e9es<br\/>\u00c9tang de Bih\u00e9court<\/p><\/li><li><a href=\"https:\/\/i0.wp.com\/mhyrdin.fr\/blog\/wordpress\/wp-content\/gallery\/fevrier2017-2\/Oie-cendr%C3%A9e_7386.jpg?ssl=1\" title=\"\u00c9tang de Bih\u00e9court\"><img loading=\"lazy\" decoding=\"async\" src=\"https:\/\/i0.wp.com\/mhyrdin.fr\/blog\/wordpress\/wp-content\/gallery\/fevrier2017-2\/Oie-cendr%C3%A9e_7386.jpg?h=170\" alt=\"Oies cendr\u00e9es\" width=\"255\" height=\"170\" \/><\/a><p class=\"jig-HTMLdescription\">Oies cendr\u00e9es<br\/>\u00c9tang de Bih\u00e9court<\/p><\/li><li><a href=\"https:\/\/i0.wp.com\/mhyrdin.fr\/blog\/wordpress\/wp-content\/gallery\/fevrier2017-2\/Phragmites_7376.jpg?ssl=1\" title=\"Phragmites_7376\"><img loading=\"lazy\" decoding=\"async\" src=\"https:\/\/i0.wp.com\/mhyrdin.fr\/blog\/wordpress\/wp-content\/gallery\/fevrier2017-2\/Phragmites_7376.jpg?h=170\" alt=\"\u00c9tang de Bih\u00e9court\" width=\"255\" height=\"170\" \/><\/a><p class=\"jig-HTMLdescription\">\u00c9tang de Bih\u00e9court<br\/>Phragmites_7376<\/p><\/li><li><a href=\"https:\/\/i0.wp.com\/mhyrdin.fr\/blog\/wordpress\/wp-content\/gallery\/fevrier2017-2\/Phragmites_7378.jpg?ssl=1\" title=\"Phragmites_7378\"><img loading=\"lazy\" decoding=\"async\" src=\"https:\/\/i0.wp.com\/mhyrdin.fr\/blog\/wordpress\/wp-content\/gallery\/fevrier2017-2\/Phragmites_7378.jpg?h=170\" alt=\"\u00c9tang de Bih\u00e9court\" width=\"113\" height=\"170\" \/><\/a><p class=\"jig-HTMLdescription\">\u00c9tang de Bih\u00e9court<br\/>Phragmites_7378<\/p><\/li><li><a href=\"https:\/\/i0.wp.com\/mhyrdin.fr\/blog\/wordpress\/wp-content\/gallery\/fevrier2017-2\/Canard-mandarin_7429.jpg?ssl=1\" title=\"R\u00e9serve naturelle de l&#039;Isle - St Quentin\"><img loading=\"lazy\" decoding=\"async\" src=\"https:\/\/i0.wp.com\/mhyrdin.fr\/blog\/wordpress\/wp-content\/gallery\/fevrier2017-2\/Canard-mandarin_7429.jpg?h=170\" alt=\"Canard mandarin\" width=\"255\" height=\"170\" \/><\/a><p class=\"jig-HTMLdescription\">Canard mandarin<br\/>R\u00e9serve naturelle de l'Isle - St Quentin<\/p><\/li><li><a href=\"https:\/\/i0.wp.com\/mhyrdin.fr\/blog\/wordpress\/wp-content\/gallery\/fevrier2017-2\/Canard-mandarin_7453.jpg?ssl=1\" title=\"R\u00e9serve naturelle de l&#039;Isle - St Quentin\"><img loading=\"lazy\" decoding=\"async\" src=\"https:\/\/i0.wp.com\/mhyrdin.fr\/blog\/wordpress\/wp-content\/gallery\/fevrier2017-2\/Canard-mandarin_7453.jpg?h=170\" alt=\"Canard mandarin\" width=\"255\" height=\"170\" \/><\/a><p class=\"jig-HTMLdescription\">Canard mandarin<br\/>R\u00e9serve naturelle de l'Isle - St Quentin<\/p><\/li><li><a href=\"https:\/\/i0.wp.com\/mhyrdin.fr\/blog\/wordpress\/wp-content\/gallery\/fevrier2017-2\/Canard-mandarin_7464.jpg?ssl=1\" title=\"R\u00e9serve naturelle de l&#039;Isle - St Quentin\"><img loading=\"lazy\" decoding=\"async\" src=\"https:\/\/i0.wp.com\/mhyrdin.fr\/blog\/wordpress\/wp-content\/gallery\/fevrier2017-2\/Canard-mandarin_7464.jpg?h=170\" alt=\"Canard mandarin\" width=\"255\" height=\"170\" \/><\/a><p class=\"jig-HTMLdescription\">Canard mandarin<br\/>R\u00e9serve naturelle de l'Isle - St Quentin<\/p><\/li><li><a href=\"https:\/\/i0.wp.com\/mhyrdin.fr\/blog\/wordpress\/wp-content\/gallery\/fevrier2017-2\/Canard-mandarin_7474.jpg?ssl=1\" title=\"R\u00e9serve naturelle de l&#039;Isle - St Quentin\"><img loading=\"lazy\" decoding=\"async\" src=\"https:\/\/i0.wp.com\/mhyrdin.fr\/blog\/wordpress\/wp-content\/gallery\/fevrier2017-2\/Canard-mandarin_7474.jpg?h=170\" alt=\"Canard mandarin\" width=\"288\" height=\"170\" \/><\/a><p class=\"jig-HTMLdescription\">Canard mandarin<br\/>R\u00e9serve naturelle de l'Isle - St Quentin<\/p><\/li><li><a href=\"https:\/\/i0.wp.com\/mhyrdin.fr\/blog\/wordpress\/wp-content\/gallery\/fevrier2017-2\/Canard-mandarin_7477.jpg?ssl=1\" title=\"R\u00e9serve naturelle de l&#039;Isle - St Quentin\"><img loading=\"lazy\" decoding=\"async\" src=\"https:\/\/i0.wp.com\/mhyrdin.fr\/blog\/wordpress\/wp-content\/gallery\/fevrier2017-2\/Canard-mandarin_7477.jpg?h=170\" alt=\"Canard mandarin\" width=\"255\" height=\"170\" \/><\/a><p class=\"jig-HTMLdescription\">Canard mandarin<br\/>R\u00e9serve naturelle de l'Isle - St Quentin<\/p><\/li><li><a href=\"https:\/\/i0.wp.com\/mhyrdin.fr\/blog\/wordpress\/wp-content\/gallery\/fevrier2017-2\/Caulaincourt_4092.jpg?ssl=1\" title=\"Caulaincourt_4092\"><img loading=\"lazy\" decoding=\"async\" src=\"https:\/\/i0.wp.com\/mhyrdin.fr\/blog\/wordpress\/wp-content\/gallery\/fevrier2017-2\/Caulaincourt_4092.jpg?h=170\" alt=\"Caulaincourt\" width=\"255\" height=\"170\" \/><\/a><p class=\"jig-HTMLdescription\">Caulaincourt<br\/>Caulaincourt_4092<\/p><\/li><li><a href=\"https:\/\/i0.wp.com\/mhyrdin.fr\/blog\/wordpress\/wp-content\/gallery\/fevrier2017-2\/Caulaincourt_4093.jpg?ssl=1\" title=\"Caulaincourt_4093\"><img loading=\"lazy\" decoding=\"async\" src=\"https:\/\/i0.wp.com\/mhyrdin.fr\/blog\/wordpress\/wp-content\/gallery\/fevrier2017-2\/Caulaincourt_4093.jpg?h=170\" alt=\"Caulaincourt\" width=\"255\" height=\"170\" \/><\/a><p class=\"jig-HTMLdescription\">Caulaincourt<br\/>Caulaincourt_4093<\/p><\/li><li><a href=\"https:\/\/i0.wp.com\/mhyrdin.fr\/blog\/wordpress\/wp-content\/gallery\/fevrier2017-2\/Caulaincourt_4096.jpg?ssl=1\" title=\"Caulaincourt_4096\"><img loading=\"lazy\" decoding=\"async\" src=\"https:\/\/i0.wp.com\/mhyrdin.fr\/blog\/wordpress\/wp-content\/gallery\/fevrier2017-2\/Caulaincourt_4096.jpg?h=170\" alt=\"Caulaincourt\" width=\"113\" height=\"170\" \/><\/a><p class=\"jig-HTMLdescription\">Caulaincourt<br\/>Caulaincourt_4096<\/p><\/li><li><a href=\"https:\/\/i0.wp.com\/mhyrdin.fr\/blog\/wordpress\/wp-content\/gallery\/fevrier2017-2\/Caulaincourt_4097.jpg?ssl=1\" title=\"Caulaincourt_4097\"><img loading=\"lazy\" decoding=\"async\" src=\"https:\/\/i0.wp.com\/mhyrdin.fr\/blog\/wordpress\/wp-content\/gallery\/fevrier2017-2\/Caulaincourt_4097.jpg?h=170\" alt=\"Caulaincourt\" width=\"113\" height=\"170\" \/><\/a><p class=\"jig-HTMLdescription\">Caulaincourt<br\/>Caulaincourt_4097<\/p><\/li><li><a href=\"https:\/\/i0.wp.com\/mhyrdin.fr\/blog\/wordpress\/wp-content\/gallery\/fevrier2017-2\/Caulaincourt_4098.jpg?ssl=1\" title=\"Caulaincourt_4098\"><img loading=\"lazy\" decoding=\"async\" src=\"https:\/\/i0.wp.com\/mhyrdin.fr\/blog\/wordpress\/wp-content\/gallery\/fevrier2017-2\/Caulaincourt_4098.jpg?h=170\" alt=\"Caulaincourt\" width=\"255\" height=\"170\" \/><\/a><p class=\"jig-HTMLdescription\">Caulaincourt<br\/>Caulaincourt_4098<\/p><\/li><li><a href=\"https:\/\/i0.wp.com\/mhyrdin.fr\/blog\/wordpress\/wp-content\/gallery\/fevrier2017-2\/Caulaincourt_4099-NB.jpg?ssl=1\"><img loading=\"lazy\" decoding=\"async\" src=\"https:\/\/i0.wp.com\/mhyrdin.fr\/blog\/wordpress\/wp-content\/gallery\/fevrier2017-2\/Caulaincourt_4099-NB.jpg?h=170\" alt=\"Caulaincourt\" width=\"120\" height=\"170\" \/><\/a><p class=\"jig-HTMLdescription\">Caulaincourt<\/p><\/li><li><a href=\"https:\/\/i0.wp.com\/mhyrdin.fr\/blog\/wordpress\/wp-content\/gallery\/fevrier2017-2\/L%C3%A9zard-des-murailles_7561.jpg?ssl=1\" title=\"Pont-R\u00e9an\"><img loading=\"lazy\" decoding=\"async\" src=\"https:\/\/i0.wp.com\/mhyrdin.fr\/blog\/wordpress\/wp-content\/gallery\/fevrier2017-2\/L%C3%A9zard-des-murailles_7561.jpg?h=170\" alt=\"L\u00e9zard des murailles\" width=\"255\" height=\"170\" \/><\/a><p class=\"jig-HTMLdescription\">L\u00e9zard des murailles<br\/>Pont-R\u00e9an<\/p><\/li><li><a href=\"https:\/\/i0.wp.com\/mhyrdin.fr\/blog\/wordpress\/wp-content\/gallery\/fevrier2017-2\/L%C3%A9zard-des-murailles_7563.jpg?ssl=1\" title=\"Pont-R\u00e9an\"><img loading=\"lazy\" decoding=\"async\" src=\"https:\/\/i0.wp.com\/mhyrdin.fr\/blog\/wordpress\/wp-content\/gallery\/fevrier2017-2\/L%C3%A9zard-des-murailles_7563.jpg?h=170\" alt=\"L\u00e9zard des murailles\" width=\"255\" height=\"170\" \/><\/a><p class=\"jig-HTMLdescription\">L\u00e9zard des murailles<br\/>Pont-R\u00e9an<\/p><\/li><li><a href=\"https:\/\/i0.wp.com\/mhyrdin.fr\/blog\/wordpress\/wp-content\/gallery\/fevrier2017-2\/M%C3%A9sange-charbonni%C3%A8re_7530.jpg?ssl=1\" title=\"Pont-R\u00e9an\"><img loading=\"lazy\" decoding=\"async\" src=\"https:\/\/i0.wp.com\/mhyrdin.fr\/blog\/wordpress\/wp-content\/gallery\/fevrier2017-2\/M%C3%A9sange-charbonni%C3%A8re_7530.jpg?h=170\" alt=\"M\u00e9sange charbonni\u00e8re\" width=\"255\" height=\"170\" \/><\/a><p class=\"jig-HTMLdescription\">M\u00e9sange charbonni\u00e8re<br\/>Pont-R\u00e9an<\/p><\/li><li><a href=\"https:\/\/i0.wp.com\/mhyrdin.fr\/blog\/wordpress\/wp-content\/gallery\/fevrier2017-2\/M%C3%A9sange-longuequeue_7590.jpg?ssl=1\" title=\"Pont-R\u00e9an\"><img loading=\"lazy\" decoding=\"async\" src=\"https:\/\/i0.wp.com\/mhyrdin.fr\/blog\/wordpress\/wp-content\/gallery\/fevrier2017-2\/M%C3%A9sange-longuequeue_7590.jpg?h=170\" alt=\"M\u00e9sange longuequeue\" width=\"255\" height=\"170\" \/><\/a><p class=\"jig-HTMLdescription\">M\u00e9sange longuequeue<br\/>Pont-R\u00e9an<\/p><\/li><li><a href=\"https:\/\/i0.wp.com\/mhyrdin.fr\/blog\/wordpress\/wp-content\/gallery\/fevrier2017-2\/M%C3%A9sange-longuequeue_7607.jpg?ssl=1\" title=\"Pont-R\u00e9an\"><img loading=\"lazy\" decoding=\"async\" src=\"https:\/\/i0.wp.com\/mhyrdin.fr\/blog\/wordpress\/wp-content\/gallery\/fevrier2017-2\/M%C3%A9sange-longuequeue_7607.jpg?h=170\" alt=\"M\u00e9sange longuequeue\" width=\"255\" height=\"170\" \/><\/a><p class=\"jig-HTMLdescription\">M\u00e9sange longuequeue<br\/>Pont-R\u00e9an<\/p><\/li><li><a href=\"https:\/\/i0.wp.com\/mhyrdin.fr\/blog\/wordpress\/wp-content\/gallery\/fevrier2017-2\/M%C3%A9sange-longuequeue_7638.jpg?ssl=1\" title=\"Pont-R\u00e9an\"><img loading=\"lazy\" decoding=\"async\" src=\"https:\/\/i0.wp.com\/mhyrdin.fr\/blog\/wordpress\/wp-content\/gallery\/fevrier2017-2\/M%C3%A9sange-longuequeue_7638.jpg?h=170\" alt=\"M\u00e9sange longuequeue\" width=\"255\" height=\"170\" \/><\/a><p class=\"jig-HTMLdescription\">M\u00e9sange longuequeue<br\/>Pont-R\u00e9an<\/p><\/li><li><a href=\"https:\/\/i0.wp.com\/mhyrdin.fr\/blog\/wordpress\/wp-content\/gallery\/fevrier2017-2\/M%C3%A9sange-longuequeue_7643.jpg?ssl=1\" title=\"Pont-R\u00e9an\"><img loading=\"lazy\" decoding=\"async\" src=\"https:\/\/i0.wp.com\/mhyrdin.fr\/blog\/wordpress\/wp-content\/gallery\/fevrier2017-2\/M%C3%A9sange-longuequeue_7643.jpg?h=170\" alt=\"M\u00e9sange longuequeue\" width=\"255\" height=\"170\" \/><\/a><p class=\"jig-HTMLdescription\">M\u00e9sange longuequeue<br\/>Pont-R\u00e9an<\/p><\/li><\/ul><\/noscript><\/div><div id=\"jig1-developerLink\" class=\"jig-developerLink\"><a href=\"https:\/\/justifiedgrid.com\/\" target=\"_blank\" title=\"Justified Image Grid - Premium WordPress Gallery\">powered by Justified Image Grid<\/a><\/div>\n<h3>Related Images:<\/h3>","protected":false},"excerpt":{"rendered":"<p>Veille de pleine luneLune_7348Oie cendr\u00e9e\u00c9tang de Bih\u00e9courtOies cendr\u00e9es\u00c9tang de Bih\u00e9courtOies cendr\u00e9es\u00c9tang de Bih\u00e9court\u00c9tang de Bih\u00e9courtPhragmites_7376\u00c9tang de Bih\u00e9courtPhragmites_7378Canard mandarinR\u00e9serve naturelle de l&rsquo;Isle &#8211; St QuentinCanard mandarinR\u00e9serve naturelle de l&rsquo;Isle &#8211; St QuentinCanard mandarinR\u00e9serve naturelle de l&rsquo;Isle &#8211; St QuentinCanard mandarinR\u00e9serve naturelle de l&rsquo;Isle &#8211; St QuentinCanard mandarinR\u00e9serve naturelle de l&rsquo;Isle &#8211; St QuentinCaulaincourtCaulaincourt_4092CaulaincourtCaulaincourt_4093CaulaincourtCaulaincourt_4096CaulaincourtCaulaincourt_4097CaulaincourtCaulaincourt_4098CaulaincourtL\u00e9zard des muraillesPont-R\u00e9anL\u00e9zard des [&hellip;]<\/p>\n","protected":false},"author":4,"featured_media":0,"parent":13041,"menu_order":0,"comment_status":"closed","ping_status":"closed","template":"","meta":{"ngg_post_thumbnail":0,"jetpack_post_was_ever_published":false,"footnotes":"","_links_to":"","_links_to_target":""},"class_list":["post-23556","page","type-page","status-publish","hentry"],"jetpack_shortlink":"https:\/\/wp.me\/P9lSZN-67W","jetpack_sharing_enabled":true,"_links":{"self":[{"href":"https:\/\/mhyrdin.fr\/blog\/wp-json\/wp\/v2\/pages\/23556","targetHints":{"allow":["GET"]}}],"collection":[{"href":"https:\/\/mhyrdin.fr\/blog\/wp-json\/wp\/v2\/pages"}],"about":[{"href":"https:\/\/mhyrdin.fr\/blog\/wp-json\/wp\/v2\/types\/page"}],"author":[{"embeddable":true,"href":"https:\/\/mhyrdin.fr\/blog\/wp-json\/wp\/v2\/users\/4"}],"replies":[{"embeddable":true,"href":"https:\/\/mhyrdin.fr\/blog\/wp-json\/wp\/v2\/comments?post=23556"}],"version-history":[{"count":0,"href":"https:\/\/mhyrdin.fr\/blog\/wp-json\/wp\/v2\/pages\/23556\/revisions"}],"up":[{"embeddable":true,"href":"https:\/\/mhyrdin.fr\/blog\/wp-json\/wp\/v2\/pages\/13041"}],"wp:attachment":[{"href":"https:\/\/mhyrdin.fr\/blog\/wp-json\/wp\/v2\/media?parent=23556"}],"curies":[{"name":"wp","href":"https:\/\/api.w.org\/{rel}","templated":true}]}}