{"id":23551,"date":"2022-10-17T08:29:33","date_gmt":"2022-10-17T06:29:33","guid":{"rendered":"https:\/\/mhyrdin.fr\/blog\/2017-2\/avril-2017\/pontruet\/"},"modified":"2022-10-17T08:29:33","modified_gmt":"2022-10-17T06:29:33","slug":"pontruet","status":"publish","type":"page","link":"https:\/\/mhyrdin.fr\/blog\/archives-numeriques\/2017-2\/avril-2017\/pontruet\/","title":{"rendered":"Pontruet"},"content":{"rendered":"<div id=\"jig1\" class=\"justified-image-grid jig-fca2970363399997fad2058cb0ca23c9 jig-preset-global jig-source-nextgen\"><div class=\"jig-clearfix\"><\/div><noscript id=\"jig1-html\" class=\"justified-image-grid-html\" data-lazy-src=\"skiplazyload\" data-src=\"skipunveillazyload\"><ul><li><a href=\"https:\/\/i0.wp.com\/mhyrdin.fr\/blog\/wordpress\/wp-content\/gallery\/avril2017-pontruet\/Caulaincourt_4641.jpg?ssl=1\" title=\"Caulaincourt_4641\"><img loading=\"lazy\" decoding=\"async\" src=\"https:\/\/i0.wp.com\/mhyrdin.fr\/blog\/wordpress\/wp-content\/gallery\/avril2017-pontruet\/Caulaincourt_4641.jpg?h=170\" alt=\"Caulaincourt\" width=\"339\" height=\"170\" \/><\/a><p class=\"jig-HTMLdescription\">Caulaincourt<br\/>Caulaincourt_4641<\/p><\/li><li><a href=\"https:\/\/i0.wp.com\/mhyrdin.fr\/blog\/wordpress\/wp-content\/gallery\/avril2017-pontruet\/Caulaincourt_4653.jpg?ssl=1\" title=\"Caulaincourt_4653\"><img loading=\"lazy\" decoding=\"async\" src=\"https:\/\/i0.wp.com\/mhyrdin.fr\/blog\/wordpress\/wp-content\/gallery\/avril2017-pontruet\/Caulaincourt_4653.jpg?h=170\" alt=\"Caulaincourt\" width=\"113\" height=\"170\" \/><\/a><p class=\"jig-HTMLdescription\">Caulaincourt<br\/>Caulaincourt_4653<\/p><\/li><li><a href=\"https:\/\/i0.wp.com\/mhyrdin.fr\/blog\/wordpress\/wp-content\/gallery\/avril2017-pontruet\/Caulaincourt_4654.jpg?ssl=1\" title=\"Caulaincourt_4654\"><img loading=\"lazy\" decoding=\"async\" src=\"https:\/\/i0.wp.com\/mhyrdin.fr\/blog\/wordpress\/wp-content\/gallery\/avril2017-pontruet\/Caulaincourt_4654.jpg?h=170\" alt=\"Caulaincourt\" width=\"120\" height=\"170\" \/><\/a><p class=\"jig-HTMLdescription\">Caulaincourt<br\/>Caulaincourt_4654<\/p><\/li><li><a href=\"https:\/\/i0.wp.com\/mhyrdin.fr\/blog\/wordpress\/wp-content\/gallery\/avril2017-pontruet\/Fonsomme_4657.jpg?ssl=1\" title=\"Fonsomme_4657\"><img loading=\"lazy\" decoding=\"async\" src=\"https:\/\/i0.wp.com\/mhyrdin.fr\/blog\/wordpress\/wp-content\/gallery\/avril2017-pontruet\/Fonsomme_4657.jpg?h=170\" alt=\"Fonsomme\" width=\"271\" height=\"170\" \/><\/a><p class=\"jig-HTMLdescription\">Fonsomme<br\/>Fonsomme_4657<\/p><\/li><li><a href=\"https:\/\/i0.wp.com\/mhyrdin.fr\/blog\/wordpress\/wp-content\/gallery\/avril2017-pontruet\/Fonsomme_4665.jpg?ssl=1\" title=\"Fonsomme_4665\"><img loading=\"lazy\" decoding=\"async\" src=\"https:\/\/i0.wp.com\/mhyrdin.fr\/blog\/wordpress\/wp-content\/gallery\/avril2017-pontruet\/Fonsomme_4665.jpg?h=170\" alt=\"Fonsomme\" width=\"113\" height=\"170\" \/><\/a><p class=\"jig-HTMLdescription\">Fonsomme<br\/>Fonsomme_4665<\/p><\/li><li><a href=\"https:\/\/i0.wp.com\/mhyrdin.fr\/blog\/wordpress\/wp-content\/gallery\/avril2017-pontruet\/Fonsomme_4667.jpg?ssl=1\" title=\"Fonsomme_4667\"><img loading=\"lazy\" decoding=\"async\" src=\"https:\/\/i0.wp.com\/mhyrdin.fr\/blog\/wordpress\/wp-content\/gallery\/avril2017-pontruet\/Fonsomme_4667.jpg?h=170\" alt=\"Fonsomme\" width=\"255\" height=\"170\" \/><\/a><p class=\"jig-HTMLdescription\">Fonsomme<br\/>Fonsomme_4667<\/p><\/li><li><a href=\"https:\/\/i0.wp.com\/mhyrdin.fr\/blog\/wordpress\/wp-content\/gallery\/avril2017-pontruet\/Riqueval_4702.jpg?ssl=1\" title=\"Riqueval_4702\"><img loading=\"lazy\" decoding=\"async\" src=\"https:\/\/i0.wp.com\/mhyrdin.fr\/blog\/wordpress\/wp-content\/gallery\/avril2017-pontruet\/Riqueval_4702.jpg?h=170\" alt=\"Riqueval\" width=\"255\" height=\"170\" \/><\/a><p class=\"jig-HTMLdescription\">Riqueval<br\/>Riqueval_4702<\/p><\/li><li><a href=\"https:\/\/i0.wp.com\/mhyrdin.fr\/blog\/wordpress\/wp-content\/gallery\/avril2017-pontruet\/Riqueval_4701.jpg?ssl=1\" title=\"Riqueval_4701\"><img loading=\"lazy\" decoding=\"async\" src=\"https:\/\/i0.wp.com\/mhyrdin.fr\/blog\/wordpress\/wp-content\/gallery\/avril2017-pontruet\/Riqueval_4701.jpg?h=170\" alt=\"Riqueval\" width=\"255\" height=\"170\" \/><\/a><p class=\"jig-HTMLdescription\">Riqueval<br\/>Riqueval_4701<\/p><\/li><li><a href=\"https:\/\/i0.wp.com\/mhyrdin.fr\/blog\/wordpress\/wp-content\/gallery\/avril2017-pontruet\/Touage-de-Riqueval_4692.jpg?ssl=1\"><img loading=\"lazy\" decoding=\"async\" src=\"https:\/\/i0.wp.com\/mhyrdin.fr\/blog\/wordpress\/wp-content\/gallery\/avril2017-pontruet\/Touage-de-Riqueval_4692.jpg?h=170\" alt=\"Touage de Riqueval\" width=\"113\" height=\"170\" \/><\/a><p class=\"jig-HTMLdescription\">Touage de Riqueval<\/p><\/li><li><a href=\"https:\/\/i0.wp.com\/mhyrdin.fr\/blog\/wordpress\/wp-content\/gallery\/avril2017-pontruet\/Saule-ch%C3%A2tons_0758.jpg?ssl=1\"><img loading=\"lazy\" decoding=\"async\" src=\"https:\/\/i0.wp.com\/mhyrdin.fr\/blog\/wordpress\/wp-content\/gallery\/avril2017-pontruet\/Saule-ch%C3%A2tons_0758.jpg?h=170\" alt=\"ch\u00e2tons\" width=\"255\" height=\"170\" \/><\/a><p class=\"jig-HTMLdescription\">ch\u00e2tons<\/p><\/li><li><a href=\"https:\/\/i0.wp.com\/mhyrdin.fr\/blog\/wordpress\/wp-content\/gallery\/avril2017-pontruet\/Ortie-blanche_4655.jpg?ssl=1\"><img loading=\"lazy\" decoding=\"async\" src=\"https:\/\/i0.wp.com\/mhyrdin.fr\/blog\/wordpress\/wp-content\/gallery\/avril2017-pontruet\/Ortie-blanche_4655.jpg?h=170\" alt=\"Ortie blanche\" width=\"113\" height=\"170\" \/><\/a><p class=\"jig-HTMLdescription\">Ortie blanche<\/p><\/li><li><a href=\"https:\/\/i0.wp.com\/mhyrdin.fr\/blog\/wordpress\/wp-content\/gallery\/avril2017-pontruet\/Pouillot-v%C3%A9loce_0773.jpg?ssl=1\"><img loading=\"lazy\" decoding=\"async\" src=\"https:\/\/i0.wp.com\/mhyrdin.fr\/blog\/wordpress\/wp-content\/gallery\/avril2017-pontruet\/Pouillot-v%C3%A9loce_0773.jpg?h=170\" alt=\"Pouillot v\u00e9loce\" width=\"255\" height=\"170\" \/><\/a><p class=\"jig-HTMLdescription\">Pouillot v\u00e9loce<\/p><\/li><li><a href=\"https:\/\/i0.wp.com\/mhyrdin.fr\/blog\/wordpress\/wp-content\/gallery\/avril2017-pontruet\/Renoncule.jpg?ssl=1\" title=\"Renoncule\"><img loading=\"lazy\" decoding=\"async\" src=\"https:\/\/i0.wp.com\/mhyrdin.fr\/blog\/wordpress\/wp-content\/gallery\/avril2017-pontruet\/Renoncule.jpg?h=170\" alt=\"Renoncule\" width=\"170\" height=\"170\" \/><\/a><p class=\"jig-HTMLdescription\">Renoncule<\/p><\/li><li><a href=\"https:\/\/i0.wp.com\/mhyrdin.fr\/blog\/wordpress\/wp-content\/gallery\/avril2017-pontruet\/Renoncule_4631.jpg?ssl=1\" title=\"Renoncule_4631\"><img loading=\"lazy\" decoding=\"async\" src=\"https:\/\/i0.wp.com\/mhyrdin.fr\/blog\/wordpress\/wp-content\/gallery\/avril2017-pontruet\/Renoncule_4631.jpg?h=170\" alt=\"Renoncule\" width=\"113\" height=\"170\" \/><\/a><p class=\"jig-HTMLdescription\">Renoncule<br\/>Renoncule_4631<\/p><\/li><li><a href=\"https:\/\/i0.wp.com\/mhyrdin.fr\/blog\/wordpress\/wp-content\/gallery\/avril2017-pontruet\/T%C3%AAtards_4710.jpg?ssl=1\"><img loading=\"lazy\" decoding=\"async\" src=\"https:\/\/i0.wp.com\/mhyrdin.fr\/blog\/wordpress\/wp-content\/gallery\/avril2017-pontruet\/T%C3%AAtards_4710.jpg?h=170\" alt=\"T\u00eatards\" width=\"255\" height=\"170\" \/><\/a><p class=\"jig-HTMLdescription\">T\u00eatards<\/p><\/li><li><a href=\"https:\/\/i0.wp.com\/mhyrdin.fr\/blog\/wordpress\/wp-content\/gallery\/avril2017-pontruet\/Tircis_4664.jpg?ssl=1\" title=\"Tircis_4664\"><img loading=\"lazy\" decoding=\"async\" src=\"https:\/\/i0.wp.com\/mhyrdin.fr\/blog\/wordpress\/wp-content\/gallery\/avril2017-pontruet\/Tircis_4664.jpg?h=170\" alt=\"Tircis\" width=\"113\" height=\"170\" \/><\/a><p class=\"jig-HTMLdescription\">Tircis<br\/>Tircis_4664<\/p><\/li><li><a href=\"https:\/\/i0.wp.com\/mhyrdin.fr\/blog\/wordpress\/wp-content\/gallery\/avril2017-pontruet\/Yoda_0739.jpg?ssl=1\" title=\"Yoda_0739\"><img loading=\"lazy\" decoding=\"async\" src=\"https:\/\/i0.wp.com\/mhyrdin.fr\/blog\/wordpress\/wp-content\/gallery\/avril2017-pontruet\/Yoda_0739.jpg?h=170\" alt=\"Yoda le coq\" width=\"113\" height=\"170\" \/><\/a><p class=\"jig-HTMLdescription\">Yoda le coq<br\/>Yoda_0739<\/p><\/li><li><a href=\"https:\/\/i0.wp.com\/mhyrdin.fr\/blog\/wordpress\/wp-content\/gallery\/avril2017-pontruet\/Yoda_0742.jpg?ssl=1\" title=\"Yoda_0742\"><img loading=\"lazy\" decoding=\"async\" src=\"https:\/\/i0.wp.com\/mhyrdin.fr\/blog\/wordpress\/wp-content\/gallery\/avril2017-pontruet\/Yoda_0742.jpg?h=170\" alt=\"Yoda le coq\" width=\"113\" height=\"170\" \/><\/a><p class=\"jig-HTMLdescription\">Yoda le coq<br\/>Yoda_0742<\/p><\/li><li><a href=\"https:\/\/i0.wp.com\/mhyrdin.fr\/blog\/wordpress\/wp-content\/gallery\/avril2017-pontruet\/Yoda_0749.jpg?ssl=1\" title=\"Yoda_0749\"><img loading=\"lazy\" decoding=\"async\" src=\"https:\/\/i0.wp.com\/mhyrdin.fr\/blog\/wordpress\/wp-content\/gallery\/avril2017-pontruet\/Yoda_0749.jpg?h=170\" alt=\"Yoda le coq\" width=\"113\" height=\"170\" \/><\/a><p class=\"jig-HTMLdescription\">Yoda le coq<br\/>Yoda_0749<\/p><\/li><\/ul><\/noscript><\/div><div id=\"jig1-developerLink\" class=\"jig-developerLink\"><a href=\"https:\/\/justifiedgrid.com\/\" target=\"_blank\" title=\"Justified Image Grid - Premium WordPress Gallery\">powered by Justified Image Grid<\/a><\/div>\n<h3>Related Images:<\/h3>","protected":false},"excerpt":{"rendered":"<p>CaulaincourtCaulaincourt_4641CaulaincourtCaulaincourt_4653CaulaincourtCaulaincourt_4654FonsommeFonsomme_4657FonsommeFonsomme_4665FonsommeFonsomme_4667RiquevalRiqueval_4702RiquevalRiqueval_4701Touage de Riquevalch\u00e2tonsOrtie blanchePouillot v\u00e9loceRenonculeRenonculeRenoncule_4631T\u00eatardsTircisTircis_4664Yoda le coqYoda_0739Yoda le coqYoda_0742Yoda le coqYoda_0749powered by Justified Image Grid Related Images:<\/p>\n","protected":false},"author":4,"featured_media":0,"parent":13613,"menu_order":0,"comment_status":"closed","ping_status":"closed","template":"","meta":{"ngg_post_thumbnail":0,"jetpack_post_was_ever_published":false,"footnotes":"","_links_to":"","_links_to_target":""},"class_list":["post-23551","page","type-page","status-publish","hentry"],"jetpack_shortlink":"https:\/\/wp.me\/P9lSZN-67R","jetpack_sharing_enabled":true,"_links":{"self":[{"href":"https:\/\/mhyrdin.fr\/blog\/wp-json\/wp\/v2\/pages\/23551","targetHints":{"allow":["GET"]}}],"collection":[{"href":"https:\/\/mhyrdin.fr\/blog\/wp-json\/wp\/v2\/pages"}],"about":[{"href":"https:\/\/mhyrdin.fr\/blog\/wp-json\/wp\/v2\/types\/page"}],"author":[{"embeddable":true,"href":"https:\/\/mhyrdin.fr\/blog\/wp-json\/wp\/v2\/users\/4"}],"replies":[{"embeddable":true,"href":"https:\/\/mhyrdin.fr\/blog\/wp-json\/wp\/v2\/comments?post=23551"}],"version-history":[{"count":0,"href":"https:\/\/mhyrdin.fr\/blog\/wp-json\/wp\/v2\/pages\/23551\/revisions"}],"up":[{"embeddable":true,"href":"https:\/\/mhyrdin.fr\/blog\/wp-json\/wp\/v2\/pages\/13613"}],"wp:attachment":[{"href":"https:\/\/mhyrdin.fr\/blog\/wp-json\/wp\/v2\/media?parent=23551"}],"curies":[{"name":"wp","href":"https:\/\/api.w.org\/{rel}","templated":true}]}}