{"id":23518,"date":"2022-10-16T19:43:14","date_gmt":"2022-10-16T17:43:14","guid":{"rendered":"https:\/\/mhyrdin.fr\/blog\/2017-2\/septembre-2017\/bords-de-loire-nantais\/"},"modified":"2022-10-16T19:43:14","modified_gmt":"2022-10-16T17:43:14","slug":"bords-de-loire-nantais","status":"publish","type":"page","link":"https:\/\/mhyrdin.fr\/blog\/archives-numeriques\/2017-2\/septembre-2017\/bords-de-loire-nantais\/","title":{"rendered":"Bords de Loire nantais"},"content":{"rendered":"<div id=\"jig1\" class=\"justified-image-grid jig-37f0e76a2d2707ac74d79445b01da23b jig-preset-global jig-source-nextgen\"><div class=\"jig-clearfix\"><\/div><noscript id=\"jig1-html\" class=\"justified-image-grid-html\" data-lazy-src=\"skiplazyload\" data-src=\"skipunveillazyload\"><ul><li><a href=\"https:\/\/i0.wp.com\/mhyrdin.fr\/blog\/wordpress\/wp-content\/gallery\/septembre2017loire\/Paimboeuf_0288.jpg?ssl=1\" title=\"Paimboeuf_0288\"><img loading=\"lazy\" decoding=\"async\" src=\"https:\/\/i0.wp.com\/mhyrdin.fr\/blog\/wordpress\/wp-content\/gallery\/septembre2017loire\/Paimboeuf_0288.jpg?h=170\" alt=\"Paimboeuf\" width=\"329\" height=\"170\" \/><\/a><p class=\"jig-HTMLdescription\">Paimboeuf<br\/>Paimboeuf_0288<\/p><\/li><li><a href=\"https:\/\/i0.wp.com\/mhyrdin.fr\/blog\/wordpress\/wp-content\/gallery\/septembre2017loire\/Paimboeuf_6557.jpg?ssl=1\" title=\"Paimboeuf_6557\"><img loading=\"lazy\" decoding=\"async\" src=\"https:\/\/i0.wp.com\/mhyrdin.fr\/blog\/wordpress\/wp-content\/gallery\/septembre2017loire\/Paimboeuf_6557.jpg?h=170\" alt=\"Paimboeuf\" width=\"323\" height=\"170\" \/><\/a><p class=\"jig-HTMLdescription\">Paimboeuf<br\/>Paimboeuf_6557<\/p><\/li><li><a href=\"https:\/\/i0.wp.com\/mhyrdin.fr\/blog\/wordpress\/wp-content\/gallery\/septembre2017loire\/Paimboeuf_6550.jpg?ssl=1\" title=\"Paimboeuf_6550\"><img loading=\"lazy\" decoding=\"async\" src=\"https:\/\/i0.wp.com\/mhyrdin.fr\/blog\/wordpress\/wp-content\/gallery\/septembre2017loire\/Paimboeuf_6550.jpg?h=170\" alt=\"Paimboeuf\" width=\"255\" height=\"170\" \/><\/a><p class=\"jig-HTMLdescription\">Paimboeuf<br\/>Paimboeuf_6550<\/p><\/li><li><a href=\"https:\/\/i0.wp.com\/mhyrdin.fr\/blog\/wordpress\/wp-content\/gallery\/septembre2017loire\/Paimboeuf_6552.jpg?ssl=1\" title=\"Paimboeuf_6552\"><img loading=\"lazy\" decoding=\"async\" src=\"https:\/\/i0.wp.com\/mhyrdin.fr\/blog\/wordpress\/wp-content\/gallery\/septembre2017loire\/Paimboeuf_6552.jpg?h=170\" alt=\"Paimboeuf\" width=\"255\" height=\"170\" \/><\/a><p class=\"jig-HTMLdescription\">Paimboeuf<br\/>Paimboeuf_6552<\/p><\/li><li><a href=\"https:\/\/i0.wp.com\/mhyrdin.fr\/blog\/wordpress\/wp-content\/gallery\/septembre2017loire\/Paimboeuf_6553.jpg?ssl=1\" title=\"Paimboeuf_6553\"><img loading=\"lazy\" decoding=\"async\" src=\"https:\/\/i0.wp.com\/mhyrdin.fr\/blog\/wordpress\/wp-content\/gallery\/septembre2017loire\/Paimboeuf_6553.jpg?h=170\" alt=\"Paimboeuf\" width=\"305\" height=\"170\" \/><\/a><p class=\"jig-HTMLdescription\">Paimboeuf<br\/>Paimboeuf_6553<\/p><\/li><li><a href=\"https:\/\/i0.wp.com\/mhyrdin.fr\/blog\/wordpress\/wp-content\/gallery\/septembre2017loire\/Paimboeuf_6554.jpg?ssl=1\" title=\"Paimboeuf_6554\"><img loading=\"lazy\" decoding=\"async\" src=\"https:\/\/i0.wp.com\/mhyrdin.fr\/blog\/wordpress\/wp-content\/gallery\/septembre2017loire\/Paimboeuf_6554.jpg?h=170\" alt=\"Paimboeuf\" width=\"255\" height=\"170\" \/><\/a><p class=\"jig-HTMLdescription\">Paimboeuf<br\/>Paimboeuf_6554<\/p><\/li><li><a href=\"https:\/\/i0.wp.com\/mhyrdin.fr\/blog\/wordpress\/wp-content\/gallery\/septembre2017loire\/Paimboeuf_0281.jpg?ssl=1\" title=\"Paimboeuf_0281\"><img loading=\"lazy\" decoding=\"async\" src=\"https:\/\/i0.wp.com\/mhyrdin.fr\/blog\/wordpress\/wp-content\/gallery\/septembre2017loire\/Paimboeuf_0281.jpg?h=170\" alt=\"Paimboeuf\" width=\"255\" height=\"170\" \/><\/a><p class=\"jig-HTMLdescription\">Paimboeuf<br\/>Paimboeuf_0281<\/p><\/li><li><a href=\"https:\/\/i0.wp.com\/mhyrdin.fr\/blog\/wordpress\/wp-content\/gallery\/septembre2017loire\/Barge%20rousse_0248.jpg?ssl=1\"><img loading=\"lazy\" decoding=\"async\" src=\"https:\/\/i0.wp.com\/mhyrdin.fr\/blog\/wordpress\/wp-content\/gallery\/septembre2017loire\/Barge%20rousse_0248.jpg?h=170\" alt=\"Barge rousse\" width=\"255\" height=\"170\" \/><\/a><p class=\"jig-HTMLdescription\">Barge rousse<\/p><\/li><li><a href=\"https:\/\/i0.wp.com\/mhyrdin.fr\/blog\/wordpress\/wp-content\/gallery\/septembre2017loire\/Barge%20rousse_0273.jpg?ssl=1\"><img loading=\"lazy\" decoding=\"async\" src=\"https:\/\/i0.wp.com\/mhyrdin.fr\/blog\/wordpress\/wp-content\/gallery\/septembre2017loire\/Barge%20rousse_0273.jpg?h=170\" alt=\"Barge rousse\" width=\"255\" height=\"170\" \/><\/a><p class=\"jig-HTMLdescription\">Barge rousse<\/p><\/li><li><a href=\"https:\/\/i0.wp.com\/mhyrdin.fr\/blog\/wordpress\/wp-content\/gallery\/septembre2017loire\/Bergeronnette%20grise_0047.jpg?ssl=1\"><img loading=\"lazy\" decoding=\"async\" src=\"https:\/\/i0.wp.com\/mhyrdin.fr\/blog\/wordpress\/wp-content\/gallery\/septembre2017loire\/Bergeronnette%20grise_0047.jpg?h=170\" alt=\"Bergeronnette grise\" width=\"255\" height=\"170\" \/><\/a><p class=\"jig-HTMLdescription\">Bergeronnette grise<\/p><\/li><li><a href=\"https:\/\/i0.wp.com\/mhyrdin.fr\/blog\/wordpress\/wp-content\/gallery\/septembre2017loire\/%C3%89tourneau%20sansonnet_9864.jpg?ssl=1\"><img loading=\"lazy\" decoding=\"async\" src=\"https:\/\/i0.wp.com\/mhyrdin.fr\/blog\/wordpress\/wp-content\/gallery\/septembre2017loire\/%C3%89tourneau%20sansonnet_9864.jpg?h=170\" alt=\"\u00c9tourneau sansonnet\" width=\"113\" height=\"170\" \/><\/a><p class=\"jig-HTMLdescription\">\u00c9tourneau sansonnet<\/p><\/li><li><a href=\"https:\/\/i0.wp.com\/mhyrdin.fr\/blog\/wordpress\/wp-content\/gallery\/septembre2017loire\/Cordemais_6528.jpg?ssl=1\" title=\"Cordemais_6528\"><img loading=\"lazy\" decoding=\"async\" src=\"https:\/\/i0.wp.com\/mhyrdin.fr\/blog\/wordpress\/wp-content\/gallery\/septembre2017loire\/Cordemais_6528.jpg?h=170\" alt=\"Cordemais\" width=\"273\" height=\"170\" \/><\/a><p class=\"jig-HTMLdescription\">Cordemais<br\/>Cordemais_6528<\/p><\/li><li><a href=\"https:\/\/i0.wp.com\/mhyrdin.fr\/blog\/wordpress\/wp-content\/gallery\/septembre2017loire\/Cordemais-Villa%20chemin%C3%A9e_6527.jpg?ssl=1\"><img loading=\"lazy\" decoding=\"async\" src=\"https:\/\/i0.wp.com\/mhyrdin.fr\/blog\/wordpress\/wp-content\/gallery\/septembre2017loire\/Cordemais-Villa%20chemin%C3%A9e_6527.jpg?h=170\" alt=\"Cordemais - La Villa chemin\u00e9e\" width=\"255\" height=\"170\" \/><\/a><p class=\"jig-HTMLdescription\">Cordemais - La Villa chemin\u00e9e<\/p><\/li><li><a href=\"https:\/\/i0.wp.com\/mhyrdin.fr\/blog\/wordpress\/wp-content\/gallery\/septembre2017loire\/Cordemais-Villa%20chemin%C3%A9e_6529.jpg?ssl=1\"><img loading=\"lazy\" decoding=\"async\" src=\"https:\/\/i0.wp.com\/mhyrdin.fr\/blog\/wordpress\/wp-content\/gallery\/septembre2017loire\/Cordemais-Villa%20chemin%C3%A9e_6529.jpg?h=170\" alt=\"Cordemais - La Villa chemin\u00e9e\" width=\"255\" height=\"170\" \/><\/a><p class=\"jig-HTMLdescription\">Cordemais - La Villa chemin\u00e9e<\/p><\/li><li><a href=\"https:\/\/i0.wp.com\/mhyrdin.fr\/blog\/wordpress\/wp-content\/gallery\/septembre2017loire\/Cordemais-Villa%20chemin%C3%A9e_6535.jpg?ssl=1\"><img loading=\"lazy\" decoding=\"async\" src=\"https:\/\/i0.wp.com\/mhyrdin.fr\/blog\/wordpress\/wp-content\/gallery\/septembre2017loire\/Cordemais-Villa%20chemin%C3%A9e_6535.jpg?h=170\" alt=\"Cordemais - La Villa chemin\u00e9e\" width=\"113\" height=\"170\" \/><\/a><p class=\"jig-HTMLdescription\">Cordemais - La Villa chemin\u00e9e<\/p><\/li><li><a href=\"https:\/\/i0.wp.com\/mhyrdin.fr\/blog\/wordpress\/wp-content\/gallery\/septembre2017loire\/Cordemais-Villa%20chemin%C3%A9e_6537.jpg?ssl=1\"><img loading=\"lazy\" decoding=\"async\" src=\"https:\/\/i0.wp.com\/mhyrdin.fr\/blog\/wordpress\/wp-content\/gallery\/septembre2017loire\/Cordemais-Villa%20chemin%C3%A9e_6537.jpg?h=170\" alt=\"Cordemais - La Villa chemin\u00e9e\" width=\"113\" height=\"170\" \/><\/a><p class=\"jig-HTMLdescription\">Cordemais - La Villa chemin\u00e9e<\/p><\/li><li><a href=\"https:\/\/i0.wp.com\/mhyrdin.fr\/blog\/wordpress\/wp-content\/gallery\/septembre2017loire\/Noirmoutier%20-%20Bois%20de%20la%20chaise_6542.jpg?ssl=1\"><img loading=\"lazy\" decoding=\"async\" src=\"https:\/\/i0.wp.com\/mhyrdin.fr\/blog\/wordpress\/wp-content\/gallery\/septembre2017loire\/Noirmoutier%20-%20Bois%20de%20la%20chaise_6542.jpg?h=170\" alt=\"Noirmoutier - Bois de la chaise\" width=\"255\" height=\"170\" \/><\/a><p class=\"jig-HTMLdescription\">Noirmoutier - Bois de la chaise<\/p><\/li><li><a href=\"https:\/\/i0.wp.com\/mhyrdin.fr\/blog\/wordpress\/wp-content\/gallery\/septembre2017loire\/Noirmoutier%20-%20Bois%20de%20la%20chaise_6543.jpg?ssl=1\"><img loading=\"lazy\" decoding=\"async\" src=\"https:\/\/i0.wp.com\/mhyrdin.fr\/blog\/wordpress\/wp-content\/gallery\/septembre2017loire\/Noirmoutier%20-%20Bois%20de%20la%20chaise_6543.jpg?h=170\" alt=\"Noirmoutier - Bois de la chaise\" width=\"255\" height=\"170\" \/><\/a><p class=\"jig-HTMLdescription\">Noirmoutier - Bois de la chaise<\/p><\/li><li><a href=\"https:\/\/i0.wp.com\/mhyrdin.fr\/blog\/wordpress\/wp-content\/gallery\/septembre2017loire\/Noirmoutier%20-%20Bois%20de%20la%20chaise_6545.jpg?ssl=1\"><img loading=\"lazy\" decoding=\"async\" src=\"https:\/\/i0.wp.com\/mhyrdin.fr\/blog\/wordpress\/wp-content\/gallery\/septembre2017loire\/Noirmoutier%20-%20Bois%20de%20la%20chaise_6545.jpg?h=170\" alt=\"Noirmoutier - Bois de la chaise\" width=\"255\" height=\"170\" \/><\/a><p class=\"jig-HTMLdescription\">Noirmoutier - Bois de la chaise<\/p><\/li><li><a href=\"https:\/\/i0.wp.com\/mhyrdin.fr\/blog\/wordpress\/wp-content\/gallery\/septembre2017loire\/Noirmoutier%20-%20Bois%20de%20la%20chaise_6549.jpg?ssl=1\"><img loading=\"lazy\" decoding=\"async\" src=\"https:\/\/i0.wp.com\/mhyrdin.fr\/blog\/wordpress\/wp-content\/gallery\/septembre2017loire\/Noirmoutier%20-%20Bois%20de%20la%20chaise_6549.jpg?h=170\" alt=\"Noirmoutier - Bois de la chaise\" width=\"255\" height=\"170\" \/><\/a><p class=\"jig-HTMLdescription\">Noirmoutier - Bois de la chaise<\/p><\/li><li><a href=\"https:\/\/i0.wp.com\/mhyrdin.fr\/blog\/wordpress\/wp-content\/gallery\/septembre2017loire\/Pluvier%20argent%C3%A9_0232.jpg?ssl=1\"><img loading=\"lazy\" decoding=\"async\" src=\"https:\/\/i0.wp.com\/mhyrdin.fr\/blog\/wordpress\/wp-content\/gallery\/septembre2017loire\/Pluvier%20argent%C3%A9_0232.jpg?h=170\" alt=\"Pluvier argent\u00e9\" width=\"255\" height=\"170\" \/><\/a><p class=\"jig-HTMLdescription\">Pluvier argent\u00e9<\/p><\/li><li><a href=\"https:\/\/i0.wp.com\/mhyrdin.fr\/blog\/wordpress\/wp-content\/gallery\/septembre2017loire\/Gr%C3%A8be%20castagneux_0162.jpg?ssl=1\"><img loading=\"lazy\" decoding=\"async\" src=\"https:\/\/i0.wp.com\/mhyrdin.fr\/blog\/wordpress\/wp-content\/gallery\/septembre2017loire\/Gr%C3%A8be%20castagneux_0162.jpg?h=170\" alt=\"Gr\u00e8bes castagneux\" width=\"255\" height=\"170\" \/><\/a><p class=\"jig-HTMLdescription\">Gr\u00e8bes castagneux<\/p><\/li><li><a href=\"https:\/\/i0.wp.com\/mhyrdin.fr\/blog\/wordpress\/wp-content\/gallery\/septembre2017loire\/Go%C3%A9land%20argent%C3%A9_0139.jpg?ssl=1\"><img loading=\"lazy\" decoding=\"async\" src=\"https:\/\/i0.wp.com\/mhyrdin.fr\/blog\/wordpress\/wp-content\/gallery\/septembre2017loire\/Go%C3%A9land%20argent%C3%A9_0139.jpg?h=170\" alt=\"Go\u00e9land argent\u00e9\" width=\"255\" height=\"170\" \/><\/a><p class=\"jig-HTMLdescription\">Go\u00e9land argent\u00e9<\/p><\/li><li><a href=\"https:\/\/i0.wp.com\/mhyrdin.fr\/blog\/wordpress\/wp-content\/gallery\/septembre2017loire\/Mouette%20rieuse_0146.jpg?ssl=1\"><img loading=\"lazy\" decoding=\"async\" src=\"https:\/\/i0.wp.com\/mhyrdin.fr\/blog\/wordpress\/wp-content\/gallery\/septembre2017loire\/Mouette%20rieuse_0146.jpg?h=170\" alt=\"Mouette rieuse\" width=\"255\" height=\"170\" \/><\/a><p class=\"jig-HTMLdescription\">Mouette rieuse<\/p><\/li><\/ul><\/noscript><\/div><div id=\"jig1-developerLink\" class=\"jig-developerLink\"><a href=\"https:\/\/justifiedgrid.com\/\" target=\"_blank\" title=\"Justified Image Grid - Premium WordPress Gallery\">powered by Justified Image Grid<\/a><\/div>\n<h3>Related Images:<\/h3>","protected":false},"excerpt":{"rendered":"<p>PaimboeufPaimboeuf_0288PaimboeufPaimboeuf_6557PaimboeufPaimboeuf_6550PaimboeufPaimboeuf_6552PaimboeufPaimboeuf_6553PaimboeufPaimboeuf_6554PaimboeufPaimboeuf_0281Barge rousseBarge rousseBergeronnette grise\u00c9tourneau sansonnetCordemaisCordemais_6528Cordemais &#8211; La Villa chemin\u00e9eCordemais &#8211; La Villa chemin\u00e9eCordemais &#8211; La Villa chemin\u00e9eCordemais &#8211; La Villa chemin\u00e9eNoirmoutier &#8211; Bois de la chaiseNoirmoutier &#8211; Bois de la chaiseNoirmoutier &#8211; Bois de la chaiseNoirmoutier &#8211; Bois de la chaisePluvier argent\u00e9Gr\u00e8bes castagneuxGo\u00e9land argent\u00e9Mouette rieusepowered by Justified Image Grid Related Images:<\/p>\n","protected":false},"author":4,"featured_media":0,"parent":15047,"menu_order":0,"comment_status":"closed","ping_status":"closed","template":"","meta":{"ngg_post_thumbnail":0,"jetpack_post_was_ever_published":false,"footnotes":"","_links_to":"","_links_to_target":""},"class_list":["post-23518","page","type-page","status-publish","hentry"],"jetpack_shortlink":"https:\/\/wp.me\/P9lSZN-67k","jetpack_sharing_enabled":true,"_links":{"self":[{"href":"https:\/\/mhyrdin.fr\/blog\/wp-json\/wp\/v2\/pages\/23518","targetHints":{"allow":["GET"]}}],"collection":[{"href":"https:\/\/mhyrdin.fr\/blog\/wp-json\/wp\/v2\/pages"}],"about":[{"href":"https:\/\/mhyrdin.fr\/blog\/wp-json\/wp\/v2\/types\/page"}],"author":[{"embeddable":true,"href":"https:\/\/mhyrdin.fr\/blog\/wp-json\/wp\/v2\/users\/4"}],"replies":[{"embeddable":true,"href":"https:\/\/mhyrdin.fr\/blog\/wp-json\/wp\/v2\/comments?post=23518"}],"version-history":[{"count":0,"href":"https:\/\/mhyrdin.fr\/blog\/wp-json\/wp\/v2\/pages\/23518\/revisions"}],"up":[{"embeddable":true,"href":"https:\/\/mhyrdin.fr\/blog\/wp-json\/wp\/v2\/pages\/15047"}],"wp:attachment":[{"href":"https:\/\/mhyrdin.fr\/blog\/wp-json\/wp\/v2\/media?parent=23518"}],"curies":[{"name":"wp","href":"https:\/\/api.w.org\/{rel}","templated":true}]}}