{"id":23508,"date":"2022-10-16T19:07:40","date_gmt":"2022-10-16T17:07:40","guid":{"rendered":"https:\/\/mhyrdin.fr\/blog\/2017-2\/decembre-2017-2\/"},"modified":"2022-10-16T19:07:40","modified_gmt":"2022-10-16T17:07:40","slug":"decembre-2017-2","status":"publish","type":"page","link":"https:\/\/mhyrdin.fr\/blog\/archives-numeriques\/2017-2\/decembre-2017-2\/","title":{"rendered":"D\u00e9cembre 2017"},"content":{"rendered":"<div id=\"jig1\" class=\"justified-image-grid jig-0ac2253c0c12aa71678e076601a887c2 jig-preset-global jig-source-nextgen\"><div class=\"jig-clearfix\"><\/div><noscript id=\"jig1-html\" class=\"justified-image-grid-html\" data-lazy-src=\"skiplazyload\" data-src=\"skipunveillazyload\"><ul><li><a href=\"https:\/\/i0.wp.com\/mhyrdin.fr\/blog\/wordpress\/wp-content\/gallery\/decembre2017\/Fou-de-Bassan_2160.jpg?ssl=1\"><img loading=\"lazy\" decoding=\"async\" src=\"https:\/\/i0.wp.com\/mhyrdin.fr\/blog\/wordpress\/wp-content\/gallery\/decembre2017\/Fou-de-Bassan_2160.jpg?h=170\" alt=\"Porspoder - Le Four\" width=\"113\" height=\"170\" \/><\/a><p class=\"jig-HTMLdescription\">Porspoder - Le Four<\/p><\/li><li><a href=\"https:\/\/i0.wp.com\/mhyrdin.fr\/blog\/wordpress\/wp-content\/gallery\/decembre2017\/Fou-de-Bassan_2165.jpg?ssl=1\"><img loading=\"lazy\" decoding=\"async\" src=\"https:\/\/i0.wp.com\/mhyrdin.fr\/blog\/wordpress\/wp-content\/gallery\/decembre2017\/Fou-de-Bassan_2165.jpg?h=170\" alt=\"Porspoder - Le Four\" width=\"113\" height=\"170\" \/><\/a><p class=\"jig-HTMLdescription\">Porspoder - Le Four<\/p><\/li><li><a href=\"https:\/\/i0.wp.com\/mhyrdin.fr\/blog\/wordpress\/wp-content\/gallery\/decembre2017\/Fou-de-Bassan_2182.jpg?ssl=1\"><img loading=\"lazy\" decoding=\"async\" src=\"https:\/\/i0.wp.com\/mhyrdin.fr\/blog\/wordpress\/wp-content\/gallery\/decembre2017\/Fou-de-Bassan_2182.jpg?h=170\" alt=\"Porspoder - Le Four\" width=\"327\" height=\"170\" \/><\/a><p class=\"jig-HTMLdescription\">Porspoder - Le Four<\/p><\/li><li><a href=\"https:\/\/i0.wp.com\/mhyrdin.fr\/blog\/wordpress\/wp-content\/gallery\/decembre2017\/Porspoder-Le-Four_1927.jpg?ssl=1\"><img loading=\"lazy\" decoding=\"async\" src=\"https:\/\/i0.wp.com\/mhyrdin.fr\/blog\/wordpress\/wp-content\/gallery\/decembre2017\/Porspoder-Le-Four_1927.jpg?h=170\" alt=\"Porspoder - Le Four\" width=\"255\" height=\"170\" \/><\/a><p class=\"jig-HTMLdescription\">Porspoder - Le Four<\/p><\/li><li><a href=\"https:\/\/i0.wp.com\/mhyrdin.fr\/blog\/wordpress\/wp-content\/gallery\/decembre2017\/Porspoder-Le-Four_2115.jpg?ssl=1\"><img loading=\"lazy\" decoding=\"async\" src=\"https:\/\/i0.wp.com\/mhyrdin.fr\/blog\/wordpress\/wp-content\/gallery\/decembre2017\/Porspoder-Le-Four_2115.jpg?h=170\" alt=\"Porspoder - Le Four\" width=\"255\" height=\"170\" \/><\/a><p class=\"jig-HTMLdescription\">Porspoder - Le Four<\/p><\/li><li><a href=\"https:\/\/i0.wp.com\/mhyrdin.fr\/blog\/wordpress\/wp-content\/gallery\/decembre2017\/Porspoder-Le-Four_2129.jpg?ssl=1\"><img loading=\"lazy\" decoding=\"async\" src=\"https:\/\/i0.wp.com\/mhyrdin.fr\/blog\/wordpress\/wp-content\/gallery\/decembre2017\/Porspoder-Le-Four_2129.jpg?h=170\" alt=\"Porspoder - Le Four\" width=\"255\" height=\"170\" \/><\/a><p class=\"jig-HTMLdescription\">Porspoder - Le Four<\/p><\/li><li><a href=\"https:\/\/i0.wp.com\/mhyrdin.fr\/blog\/wordpress\/wp-content\/gallery\/decembre2017\/Porspoder_1930.jpg?ssl=1\" title=\"Porspoder_1930\"><img loading=\"lazy\" decoding=\"async\" src=\"https:\/\/i0.wp.com\/mhyrdin.fr\/blog\/wordpress\/wp-content\/gallery\/decembre2017\/Porspoder_1930.jpg?h=170\" alt=\"Porspoder\" width=\"255\" height=\"170\" \/><\/a><p class=\"jig-HTMLdescription\">Porspoder<br\/>Porspoder_1930<\/p><\/li><li><a href=\"https:\/\/i0.wp.com\/mhyrdin.fr\/blog\/wordpress\/wp-content\/gallery\/decembre2017\/Porspoder_1936.jpg?ssl=1\" title=\"Porspoder_1936\"><img loading=\"lazy\" decoding=\"async\" src=\"https:\/\/i0.wp.com\/mhyrdin.fr\/blog\/wordpress\/wp-content\/gallery\/decembre2017\/Porspoder_1936.jpg?h=170\" alt=\"Porspoder\" width=\"255\" height=\"170\" \/><\/a><p class=\"jig-HTMLdescription\">Porspoder<br\/>Porspoder_1936<\/p><\/li><li><a href=\"https:\/\/i0.wp.com\/mhyrdin.fr\/blog\/wordpress\/wp-content\/gallery\/decembre2017\/Sunrise-Pano1_redimensionner.jpg?ssl=1\"><img loading=\"lazy\" decoding=\"async\" src=\"https:\/\/i0.wp.com\/mhyrdin.fr\/blog\/wordpress\/wp-content\/gallery\/decembre2017\/Sunrise-Pano1_redimensionner.jpg?h=170\" alt=\"Lever de soleil\" width=\"328\" height=\"170\" \/><\/a><p class=\"jig-HTMLdescription\">Lever de soleil<\/p><\/li><li><a href=\"https:\/\/i0.wp.com\/mhyrdin.fr\/blog\/wordpress\/wp-content\/gallery\/decembre2017\/B%C3%A9casseau-variable_1784.jpg?ssl=1\"><img loading=\"lazy\" decoding=\"async\" src=\"https:\/\/i0.wp.com\/mhyrdin.fr\/blog\/wordpress\/wp-content\/gallery\/decembre2017\/B%C3%A9casseau-variable_1784.jpg?h=170\" alt=\"B\u00e9casseau variable\" width=\"255\" height=\"170\" \/><\/a><p class=\"jig-HTMLdescription\">B\u00e9casseau variable<\/p><\/li><li><a href=\"https:\/\/i0.wp.com\/mhyrdin.fr\/blog\/wordpress\/wp-content\/gallery\/decembre2017\/B%C3%A9casseau-variable_1785.jpg?ssl=1\"><img loading=\"lazy\" decoding=\"async\" src=\"https:\/\/i0.wp.com\/mhyrdin.fr\/blog\/wordpress\/wp-content\/gallery\/decembre2017\/B%C3%A9casseau-variable_1785.jpg?h=170\" alt=\"B\u00e9casseau variable\" width=\"255\" height=\"170\" \/><\/a><p class=\"jig-HTMLdescription\">B\u00e9casseau variable<\/p><\/li><li><a href=\"https:\/\/i0.wp.com\/mhyrdin.fr\/blog\/wordpress\/wp-content\/gallery\/decembre2017\/B%C3%A9casseau-variable_1789.jpg?ssl=1\"><img loading=\"lazy\" decoding=\"async\" src=\"https:\/\/i0.wp.com\/mhyrdin.fr\/blog\/wordpress\/wp-content\/gallery\/decembre2017\/B%C3%A9casseau-variable_1789.jpg?h=170\" alt=\"B\u00e9casseau variable\" width=\"255\" height=\"170\" \/><\/a><p class=\"jig-HTMLdescription\">B\u00e9casseau variable<\/p><\/li><li><a href=\"https:\/\/i0.wp.com\/mhyrdin.fr\/blog\/wordpress\/wp-content\/gallery\/decembre2017\/B%C3%A9casseau-variable_1813.jpg?ssl=1\"><img loading=\"lazy\" decoding=\"async\" src=\"https:\/\/i0.wp.com\/mhyrdin.fr\/blog\/wordpress\/wp-content\/gallery\/decembre2017\/B%C3%A9casseau-variable_1813.jpg?h=170\" alt=\"B\u00e9casseau variable\" width=\"255\" height=\"170\" \/><\/a><p class=\"jig-HTMLdescription\">B\u00e9casseau variable<\/p><\/li><li><a href=\"https:\/\/i0.wp.com\/mhyrdin.fr\/blog\/wordpress\/wp-content\/gallery\/decembre2017\/Bernache-du-Canada_1594.jpg?ssl=1\"><img loading=\"lazy\" decoding=\"async\" src=\"https:\/\/i0.wp.com\/mhyrdin.fr\/blog\/wordpress\/wp-content\/gallery\/decembre2017\/Bernache-du-Canada_1594.jpg?h=170\" alt=\"Bernache du Canada\" width=\"255\" height=\"170\" \/><\/a><p class=\"jig-HTMLdescription\">Bernache du Canada<\/p><\/li><li><a href=\"https:\/\/i0.wp.com\/mhyrdin.fr\/blog\/wordpress\/wp-content\/gallery\/decembre2017\/Bernache-du-Canada_1656.jpg?ssl=1\"><img loading=\"lazy\" decoding=\"async\" src=\"https:\/\/i0.wp.com\/mhyrdin.fr\/blog\/wordpress\/wp-content\/gallery\/decembre2017\/Bernache-du-Canada_1656.jpg?h=170\" alt=\"Bernache du Canada\" width=\"255\" height=\"170\" \/><\/a><p class=\"jig-HTMLdescription\">Bernache du Canada<\/p><\/li><li><a href=\"https:\/\/i0.wp.com\/mhyrdin.fr\/blog\/wordpress\/wp-content\/gallery\/decembre2017\/Cygne-tubercul%C3%A9_1726.jpg?ssl=1\"><img loading=\"lazy\" decoding=\"async\" src=\"https:\/\/i0.wp.com\/mhyrdin.fr\/blog\/wordpress\/wp-content\/gallery\/decembre2017\/Cygne-tubercul%C3%A9_1726.jpg?h=170\" alt=\"Cygne tubercul\u00e9\" width=\"113\" height=\"170\" \/><\/a><p class=\"jig-HTMLdescription\">Cygne tubercul\u00e9<\/p><\/li><li><a href=\"https:\/\/i0.wp.com\/mhyrdin.fr\/blog\/wordpress\/wp-content\/gallery\/decembre2017\/Cygne-tubercul%C3%A9_1729.jpg?ssl=1\"><img loading=\"lazy\" decoding=\"async\" src=\"https:\/\/i0.wp.com\/mhyrdin.fr\/blog\/wordpress\/wp-content\/gallery\/decembre2017\/Cygne-tubercul%C3%A9_1729.jpg?h=170\" alt=\"Cygne tubercul\u00e9\" width=\"255\" height=\"170\" \/><\/a><p class=\"jig-HTMLdescription\">Cygne tubercul\u00e9<\/p><\/li><li><a href=\"https:\/\/i0.wp.com\/mhyrdin.fr\/blog\/wordpress\/wp-content\/gallery\/decembre2017\/Cygne-tubercul%C3%A9_1596.jpg?ssl=1\"><img loading=\"lazy\" decoding=\"async\" src=\"https:\/\/i0.wp.com\/mhyrdin.fr\/blog\/wordpress\/wp-content\/gallery\/decembre2017\/Cygne-tubercul%C3%A9_1596.jpg?h=170\" alt=\"Cygne tubercul\u00e9\" width=\"255\" height=\"170\" \/><\/a><p class=\"jig-HTMLdescription\">Cygne tubercul\u00e9<\/p><\/li><li><a href=\"https:\/\/i0.wp.com\/mhyrdin.fr\/blog\/wordpress\/wp-content\/gallery\/decembre2017\/Fuligule-morillon_1643.jpg?ssl=1\"><img loading=\"lazy\" decoding=\"async\" src=\"https:\/\/i0.wp.com\/mhyrdin.fr\/blog\/wordpress\/wp-content\/gallery\/decembre2017\/Fuligule-morillon_1643.jpg?h=170\" alt=\"Fuligule morillon\" width=\"255\" height=\"170\" \/><\/a><p class=\"jig-HTMLdescription\">Fuligule morillon<\/p><\/li><li><a href=\"https:\/\/i0.wp.com\/mhyrdin.fr\/blog\/wordpress\/wp-content\/gallery\/decembre2017\/Go%C3%A9lands-et-mouettes_1682.jpg?ssl=1\"><img loading=\"lazy\" decoding=\"async\" src=\"https:\/\/i0.wp.com\/mhyrdin.fr\/blog\/wordpress\/wp-content\/gallery\/decembre2017\/Go%C3%A9lands-et-mouettes_1682.jpg?h=170\" alt=\"Go\u00e9lands et mouettes au bain\" width=\"290\" height=\"170\" \/><\/a><p class=\"jig-HTMLdescription\">Go\u00e9lands et mouettes au bain<\/p><\/li><li><a href=\"https:\/\/i0.wp.com\/mhyrdin.fr\/blog\/wordpress\/wp-content\/gallery\/decembre2017\/Gr%C3%A8be-hupp%C3%A9_1600.jpg?ssl=1\"><img loading=\"lazy\" decoding=\"async\" src=\"https:\/\/i0.wp.com\/mhyrdin.fr\/blog\/wordpress\/wp-content\/gallery\/decembre2017\/Gr%C3%A8be-hupp%C3%A9_1600.jpg?h=170\" alt=\"Gr\u00e8be hupp\u00e9\" width=\"255\" height=\"170\" \/><\/a><p class=\"jig-HTMLdescription\">Gr\u00e8be hupp\u00e9<\/p><\/li><li><a href=\"https:\/\/i0.wp.com\/mhyrdin.fr\/blog\/wordpress\/wp-content\/gallery\/decembre2017\/Hu%C3%AEtrier-pie_1731.jpg?ssl=1\"><img loading=\"lazy\" decoding=\"async\" src=\"https:\/\/i0.wp.com\/mhyrdin.fr\/blog\/wordpress\/wp-content\/gallery\/decembre2017\/Hu%C3%AEtrier-pie_1731.jpg?h=170\" alt=\"Hu\u00eetriers pies\" width=\"255\" height=\"170\" \/><\/a><p class=\"jig-HTMLdescription\">Hu\u00eetriers pies<\/p><\/li><li><a href=\"https:\/\/i0.wp.com\/mhyrdin.fr\/blog\/wordpress\/wp-content\/gallery\/decembre2017\/Hu%C3%AEtrier-pie_1836.jpg?ssl=1\"><img loading=\"lazy\" decoding=\"async\" src=\"https:\/\/i0.wp.com\/mhyrdin.fr\/blog\/wordpress\/wp-content\/gallery\/decembre2017\/Hu%C3%AEtrier-pie_1836.jpg?h=170\" alt=\"Hu\u00eetriers pies\" width=\"255\" height=\"170\" \/><\/a><p class=\"jig-HTMLdescription\">Hu\u00eetriers pies<\/p><\/li><li><a href=\"https:\/\/i0.wp.com\/mhyrdin.fr\/blog\/wordpress\/wp-content\/gallery\/decembre2017\/Go%C3%A9lands-et-mouettes_1709.jpg?ssl=1\"><img loading=\"lazy\" decoding=\"async\" src=\"https:\/\/i0.wp.com\/mhyrdin.fr\/blog\/wordpress\/wp-content\/gallery\/decembre2017\/Go%C3%A9lands-et-mouettes_1709.jpg?h=170\" alt=\"Mouette au bain\" width=\"113\" height=\"170\" \/><\/a><p class=\"jig-HTMLdescription\">Mouette au bain<\/p><\/li><li><a href=\"https:\/\/i0.wp.com\/mhyrdin.fr\/blog\/wordpress\/wp-content\/gallery\/decembre2017\/Go%C3%A9lands-et-mouettes_1710.jpg?ssl=1\"><img loading=\"lazy\" decoding=\"async\" src=\"https:\/\/i0.wp.com\/mhyrdin.fr\/blog\/wordpress\/wp-content\/gallery\/decembre2017\/Go%C3%A9lands-et-mouettes_1710.jpg?h=170\" alt=\"Mouette au bain\" width=\"255\" height=\"170\" \/><\/a><p class=\"jig-HTMLdescription\">Mouette au bain<\/p><\/li><li><a href=\"https:\/\/i0.wp.com\/mhyrdin.fr\/blog\/wordpress\/wp-content\/gallery\/decembre2017\/Mouette-rieuse_1634.jpg?ssl=1\"><img loading=\"lazy\" decoding=\"async\" src=\"https:\/\/i0.wp.com\/mhyrdin.fr\/blog\/wordpress\/wp-content\/gallery\/decembre2017\/Mouette-rieuse_1634.jpg?h=170\" alt=\"Mouette rieuse\" width=\"255\" height=\"170\" \/><\/a><p class=\"jig-HTMLdescription\">Mouette rieuse<\/p><\/li><li><a href=\"https:\/\/i0.wp.com\/mhyrdin.fr\/blog\/wordpress\/wp-content\/gallery\/decembre2017\/Promeneur-solitaire_1723NB.jpg?ssl=1\"><img loading=\"lazy\" decoding=\"async\" src=\"https:\/\/i0.wp.com\/mhyrdin.fr\/blog\/wordpress\/wp-content\/gallery\/decembre2017\/Promeneur-solitaire_1723NB.jpg?h=170\" alt=\"Promeneur solitaire\" width=\"302\" height=\"170\" \/><\/a><p class=\"jig-HTMLdescription\">Promeneur solitaire<\/p><\/li><li><a href=\"https:\/\/i0.wp.com\/mhyrdin.fr\/blog\/wordpress\/wp-content\/gallery\/decembre2017\/Sunset_20171219_164121.jpg?ssl=1\" title=\"Sunset_20171219_164121\"><img loading=\"lazy\" decoding=\"async\" src=\"https:\/\/i0.wp.com\/mhyrdin.fr\/blog\/wordpress\/wp-content\/gallery\/decembre2017\/Sunset_20171219_164121.jpg?h=170\" alt=\"Coucher de soleil\" width=\"302\" height=\"170\" \/><\/a><p class=\"jig-HTMLdescription\">Coucher de soleil<br\/>Sunset_20171219_164121<\/p><\/li><\/ul><\/noscript><\/div><div id=\"jig1-developerLink\" class=\"jig-developerLink\"><a href=\"https:\/\/justifiedgrid.com\/\" target=\"_blank\" title=\"Justified Image Grid - Premium WordPress Gallery\">powered by Justified Image Grid<\/a><\/div>\n<h3>Related Images:<\/h3>","protected":false},"excerpt":{"rendered":"<p>Porspoder &#8211; Le FourPorspoder &#8211; Le FourPorspoder &#8211; Le FourPorspoder &#8211; Le FourPorspoder &#8211; Le FourPorspoder &#8211; Le FourPorspoderPorspoder_1930PorspoderPorspoder_1936Lever de soleilB\u00e9casseau variableB\u00e9casseau variableB\u00e9casseau variableB\u00e9casseau variableBernache du CanadaBernache du CanadaCygne tubercul\u00e9Cygne tubercul\u00e9Cygne tubercul\u00e9Fuligule morillonGo\u00e9lands et mouettes au bainGr\u00e8be hupp\u00e9Hu\u00eetriers piesHu\u00eetriers piesMouette au bainMouette au bainMouette rieusePromeneur solitaireCoucher de soleilSunset_20171219_164121powered by Justified Image Grid Related Images:<\/p>\n","protected":false},"author":4,"featured_media":0,"parent":12730,"menu_order":0,"comment_status":"closed","ping_status":"closed","template":"","meta":{"ngg_post_thumbnail":0,"jetpack_post_was_ever_published":false,"footnotes":"","_links_to":"","_links_to_target":""},"class_list":["post-23508","page","type-page","status-publish","hentry"],"jetpack_shortlink":"https:\/\/wp.me\/P9lSZN-67a","jetpack_sharing_enabled":true,"_links":{"self":[{"href":"https:\/\/mhyrdin.fr\/blog\/wp-json\/wp\/v2\/pages\/23508","targetHints":{"allow":["GET"]}}],"collection":[{"href":"https:\/\/mhyrdin.fr\/blog\/wp-json\/wp\/v2\/pages"}],"about":[{"href":"https:\/\/mhyrdin.fr\/blog\/wp-json\/wp\/v2\/types\/page"}],"author":[{"embeddable":true,"href":"https:\/\/mhyrdin.fr\/blog\/wp-json\/wp\/v2\/users\/4"}],"replies":[{"embeddable":true,"href":"https:\/\/mhyrdin.fr\/blog\/wp-json\/wp\/v2\/comments?post=23508"}],"version-history":[{"count":0,"href":"https:\/\/mhyrdin.fr\/blog\/wp-json\/wp\/v2\/pages\/23508\/revisions"}],"up":[{"embeddable":true,"href":"https:\/\/mhyrdin.fr\/blog\/wp-json\/wp\/v2\/pages\/12730"}],"wp:attachment":[{"href":"https:\/\/mhyrdin.fr\/blog\/wp-json\/wp\/v2\/media?parent=23508"}],"curies":[{"name":"wp","href":"https:\/\/api.w.org\/{rel}","templated":true}]}}