{"id":23466,"date":"2022-10-16T08:39:21","date_gmt":"2022-10-16T06:39:21","guid":{"rendered":"https:\/\/mhyrdin.fr\/blog\/2016-2\/septembre\/nord-finistere\/"},"modified":"2022-10-16T08:39:21","modified_gmt":"2022-10-16T06:39:21","slug":"nord-finistere","status":"publish","type":"page","link":"https:\/\/mhyrdin.fr\/blog\/archives-numeriques\/2016-2\/septembre\/nord-finistere\/","title":{"rendered":"Nord Finist\u00e8re"},"content":{"rendered":"<div id=\"jig1\" class=\"justified-image-grid jig-cb912636bcaeb945bd097d50f6e478f8 jig-preset-global jig-source-nextgen\"><div class=\"jig-clearfix\"><\/div><noscript id=\"jig1-html\" class=\"justified-image-grid-html\" data-lazy-src=\"skiplazyload\" data-src=\"skipunveillazyload\"><ul><li><a href=\"https:\/\/i0.wp.com\/mhyrdin.fr\/blog\/wordpress\/wp-content\/gallery\/2016septembre-1\/Bergeronnette-grise_2603.jpg?ssl=1\"><img loading=\"lazy\" decoding=\"async\" src=\"https:\/\/i0.wp.com\/mhyrdin.fr\/blog\/wordpress\/wp-content\/gallery\/2016septembre-1\/Bergeronnette-grise_2603.jpg?h=170\" alt=\"Bergeronnette grise\" width=\"113\" height=\"170\" \/><\/a><p class=\"jig-HTMLdescription\">Bergeronnette grise<\/p><\/li><li><a href=\"https:\/\/i0.wp.com\/mhyrdin.fr\/blog\/wordpress\/wp-content\/gallery\/2016septembre-1\/Bergeronnette-grise_2607.jpg?ssl=1\"><img loading=\"lazy\" decoding=\"async\" src=\"https:\/\/i0.wp.com\/mhyrdin.fr\/blog\/wordpress\/wp-content\/gallery\/2016septembre-1\/Bergeronnette-grise_2607.jpg?h=170\" alt=\"Bergeronnette grise\" width=\"310\" height=\"170\" \/><\/a><p class=\"jig-HTMLdescription\">Bergeronnette grise<\/p><\/li><li><a href=\"https:\/\/i0.wp.com\/mhyrdin.fr\/blog\/wordpress\/wp-content\/gallery\/2016septembre-1\/Bergeronnette-grise_2633.jpg?ssl=1\"><img loading=\"lazy\" decoding=\"async\" src=\"https:\/\/i0.wp.com\/mhyrdin.fr\/blog\/wordpress\/wp-content\/gallery\/2016septembre-1\/Bergeronnette-grise_2633.jpg?h=170\" alt=\"Bergeronnette grise\" width=\"255\" height=\"170\" \/><\/a><p class=\"jig-HTMLdescription\">Bergeronnette grise<\/p><\/li><li><a href=\"https:\/\/i0.wp.com\/mhyrdin.fr\/blog\/wordpress\/wp-content\/gallery\/2016septembre-1\/Bergeronnette-grise_2639.jpg?ssl=1\"><img loading=\"lazy\" decoding=\"async\" src=\"https:\/\/i0.wp.com\/mhyrdin.fr\/blog\/wordpress\/wp-content\/gallery\/2016septembre-1\/Bergeronnette-grise_2639.jpg?h=170\" alt=\"Bergeronnette grise\" width=\"255\" height=\"170\" \/><\/a><p class=\"jig-HTMLdescription\">Bergeronnette grise<\/p><\/li><li><a href=\"https:\/\/i0.wp.com\/mhyrdin.fr\/blog\/wordpress\/wp-content\/gallery\/2016septembre-1\/Le-Four_2614.jpg?ssl=1\"><img loading=\"lazy\" decoding=\"async\" src=\"https:\/\/i0.wp.com\/mhyrdin.fr\/blog\/wordpress\/wp-content\/gallery\/2016septembre-1\/Le-Four_2614.jpg?h=170\" alt=\"Le Four\" width=\"113\" height=\"170\" \/><\/a><p class=\"jig-HTMLdescription\">Le Four<\/p><\/li><li><a href=\"https:\/\/i0.wp.com\/mhyrdin.fr\/blog\/wordpress\/wp-content\/gallery\/2016septembre-1\/Le-Four_2618.jpg?ssl=1\"><img loading=\"lazy\" decoding=\"async\" src=\"https:\/\/i0.wp.com\/mhyrdin.fr\/blog\/wordpress\/wp-content\/gallery\/2016septembre-1\/Le-Four_2618.jpg?h=170\" alt=\"Le Four_2618\" width=\"381\" height=\"170\" \/><\/a><p class=\"jig-HTMLdescription\">Le Four_2618<\/p><\/li><li><a href=\"https:\/\/i0.wp.com\/mhyrdin.fr\/blog\/wordpress\/wp-content\/gallery\/2016septembre-1\/Phoque-gris_2642.jpg?ssl=1\"><img loading=\"lazy\" decoding=\"async\" src=\"https:\/\/i0.wp.com\/mhyrdin.fr\/blog\/wordpress\/wp-content\/gallery\/2016septembre-1\/Phoque-gris_2642.jpg?h=170\" alt=\"Phoque gris\" width=\"255\" height=\"170\" \/><\/a><p class=\"jig-HTMLdescription\">Phoque gris<\/p><\/li><li><a href=\"https:\/\/i0.wp.com\/mhyrdin.fr\/blog\/wordpress\/wp-content\/gallery\/2016septembre-1\/Phoque-gris_2650.jpg?ssl=1\"><img loading=\"lazy\" decoding=\"async\" src=\"https:\/\/i0.wp.com\/mhyrdin.fr\/blog\/wordpress\/wp-content\/gallery\/2016septembre-1\/Phoque-gris_2650.jpg?h=170\" alt=\"Phoque gris\" width=\"255\" height=\"170\" \/><\/a><p class=\"jig-HTMLdescription\">Phoque gris<\/p><\/li><li><a href=\"https:\/\/i0.wp.com\/mhyrdin.fr\/blog\/wordpress\/wp-content\/gallery\/2016septembre-1\/Tarier-p%C3%A2tre_2593.jpg?ssl=1\"><img loading=\"lazy\" decoding=\"async\" src=\"https:\/\/i0.wp.com\/mhyrdin.fr\/blog\/wordpress\/wp-content\/gallery\/2016septembre-1\/Tarier-p%C3%A2tre_2593.jpg?h=170\" alt=\"Tarier p\u00e2tre\" width=\"255\" height=\"170\" \/><\/a><p class=\"jig-HTMLdescription\">Tarier p\u00e2tre<\/p><\/li><li><a href=\"https:\/\/i0.wp.com\/mhyrdin.fr\/blog\/wordpress\/wp-content\/gallery\/2016septembre-1\/Tarier-p%C3%A2tre_2599.jpg?ssl=1\"><img loading=\"lazy\" decoding=\"async\" src=\"https:\/\/i0.wp.com\/mhyrdin.fr\/blog\/wordpress\/wp-content\/gallery\/2016septembre-1\/Tarier-p%C3%A2tre_2599.jpg?h=170\" alt=\"Tarier p\u00e2tre\" width=\"113\" height=\"170\" \/><\/a><p class=\"jig-HTMLdescription\">Tarier p\u00e2tre<\/p><\/li><li><a href=\"https:\/\/i0.wp.com\/mhyrdin.fr\/blog\/wordpress\/wp-content\/gallery\/2016septembre-1\/Tarier-p%C3%A2tre_2613.jpg?ssl=1\"><img loading=\"lazy\" decoding=\"async\" src=\"https:\/\/i0.wp.com\/mhyrdin.fr\/blog\/wordpress\/wp-content\/gallery\/2016septembre-1\/Tarier-p%C3%A2tre_2613.jpg?h=170\" alt=\"Tarier p\u00e2tre\" width=\"255\" height=\"170\" \/><\/a><p class=\"jig-HTMLdescription\">Tarier p\u00e2tre<\/p><\/li><li><a href=\"https:\/\/i0.wp.com\/mhyrdin.fr\/blog\/wordpress\/wp-content\/gallery\/2016septembre-1\/Tarier-p%C3%A2tre_2635.jpg?ssl=1\"><img loading=\"lazy\" decoding=\"async\" src=\"https:\/\/i0.wp.com\/mhyrdin.fr\/blog\/wordpress\/wp-content\/gallery\/2016septembre-1\/Tarier-p%C3%A2tre_2635.jpg?h=170\" alt=\"Tarier p\u00e2tre\" width=\"255\" height=\"170\" \/><\/a><p class=\"jig-HTMLdescription\">Tarier p\u00e2tre<\/p><\/li><li><a href=\"https:\/\/i0.wp.com\/mhyrdin.fr\/blog\/wordpress\/wp-content\/gallery\/2016septembre-1\/Ciel_3426.jpg?ssl=1\" title=\"Ciel_3426\"><img loading=\"lazy\" decoding=\"async\" src=\"https:\/\/i0.wp.com\/mhyrdin.fr\/blog\/wordpress\/wp-content\/gallery\/2016septembre-1\/Ciel_3426.jpg?h=170\" alt=\"Ciel\" width=\"255\" height=\"170\" \/><\/a><p class=\"jig-HTMLdescription\">Ciel<br\/>Ciel_3426<\/p><\/li><\/ul><\/noscript><\/div><div id=\"jig1-developerLink\" class=\"jig-developerLink\"><a href=\"https:\/\/justifiedgrid.com\/\" target=\"_blank\" title=\"Justified Image Grid - Premium WordPress Gallery\">powered by Justified Image Grid<\/a><\/div>\n<h3>Related Images:<\/h3>","protected":false},"excerpt":{"rendered":"<p>Bergeronnette griseBergeronnette griseBergeronnette griseBergeronnette griseLe FourLe Four_2618Phoque grisPhoque grisTarier p\u00e2treTarier p\u00e2treTarier p\u00e2treTarier p\u00e2treCielCiel_3426powered by Justified Image Grid Related Images:<\/p>\n","protected":false},"author":4,"featured_media":0,"parent":12056,"menu_order":0,"comment_status":"closed","ping_status":"closed","template":"","meta":{"ngg_post_thumbnail":0,"jetpack_post_was_ever_published":false,"footnotes":"","_links_to":"","_links_to_target":""},"class_list":["post-23466","page","type-page","status-publish","hentry"],"jetpack_shortlink":"https:\/\/wp.me\/P9lSZN-66u","jetpack_sharing_enabled":true,"_links":{"self":[{"href":"https:\/\/mhyrdin.fr\/blog\/wp-json\/wp\/v2\/pages\/23466","targetHints":{"allow":["GET"]}}],"collection":[{"href":"https:\/\/mhyrdin.fr\/blog\/wp-json\/wp\/v2\/pages"}],"about":[{"href":"https:\/\/mhyrdin.fr\/blog\/wp-json\/wp\/v2\/types\/page"}],"author":[{"embeddable":true,"href":"https:\/\/mhyrdin.fr\/blog\/wp-json\/wp\/v2\/users\/4"}],"replies":[{"embeddable":true,"href":"https:\/\/mhyrdin.fr\/blog\/wp-json\/wp\/v2\/comments?post=23466"}],"version-history":[{"count":0,"href":"https:\/\/mhyrdin.fr\/blog\/wp-json\/wp\/v2\/pages\/23466\/revisions"}],"up":[{"embeddable":true,"href":"https:\/\/mhyrdin.fr\/blog\/wp-json\/wp\/v2\/pages\/12056"}],"wp:attachment":[{"href":"https:\/\/mhyrdin.fr\/blog\/wp-json\/wp\/v2\/media?parent=23466"}],"curies":[{"name":"wp","href":"https:\/\/api.w.org\/{rel}","templated":true}]}}