{"id":23465,"date":"2022-10-16T08:38:00","date_gmt":"2022-10-16T06:38:00","guid":{"rendered":"https:\/\/mhyrdin.fr\/blog\/2016-2\/septembre\/sud-finistere\/"},"modified":"2022-10-16T08:38:00","modified_gmt":"2022-10-16T06:38:00","slug":"sud-finistere","status":"publish","type":"page","link":"https:\/\/mhyrdin.fr\/blog\/archives-numeriques\/2016-2\/septembre\/sud-finistere\/","title":{"rendered":"Sud-Finist\u00e8re"},"content":{"rendered":"<div id=\"jig1\" class=\"justified-image-grid jig-bed4482cef68666247713f65a624457b jig-preset-global jig-source-nextgen\"><div class=\"jig-clearfix\"><\/div><noscript id=\"jig1-html\" class=\"justified-image-grid-html\" data-lazy-src=\"skiplazyload\" data-src=\"skipunveillazyload\"><ul><li><a href=\"https:\/\/i0.wp.com\/mhyrdin.fr\/blog\/wordpress\/wp-content\/gallery\/2016septembre-2\/Barge-rousse_2894.jpg?ssl=1\"><img loading=\"lazy\" decoding=\"async\" src=\"https:\/\/i0.wp.com\/mhyrdin.fr\/blog\/wordpress\/wp-content\/gallery\/2016septembre-2\/Barge-rousse_2894.jpg?h=170\" alt=\"Barges rousses\" width=\"255\" height=\"170\" \/><\/a><p class=\"jig-HTMLdescription\">Barges rousses<\/p><\/li><li><a href=\"https:\/\/i0.wp.com\/mhyrdin.fr\/blog\/wordpress\/wp-content\/gallery\/2016septembre-2\/Barge-rousse_2896.jpg?ssl=1\"><img loading=\"lazy\" decoding=\"async\" src=\"https:\/\/i0.wp.com\/mhyrdin.fr\/blog\/wordpress\/wp-content\/gallery\/2016septembre-2\/Barge-rousse_2896.jpg?h=170\" alt=\"Barges rousses\" width=\"297\" height=\"170\" \/><\/a><p class=\"jig-HTMLdescription\">Barges rousses<\/p><\/li><li><a href=\"https:\/\/i0.wp.com\/mhyrdin.fr\/blog\/wordpress\/wp-content\/gallery\/2016septembre-2\/Barge-rousse_2898.jpg?ssl=1\"><img loading=\"lazy\" decoding=\"async\" src=\"https:\/\/i0.wp.com\/mhyrdin.fr\/blog\/wordpress\/wp-content\/gallery\/2016septembre-2\/Barge-rousse_2898.jpg?h=170\" alt=\"Barge rousse\" width=\"255\" height=\"170\" \/><\/a><p class=\"jig-HTMLdescription\">Barge rousse<\/p><\/li><li><a href=\"https:\/\/i0.wp.com\/mhyrdin.fr\/blog\/wordpress\/wp-content\/gallery\/2016septembre-2\/Barge-rousse_2906.jpg?ssl=1\"><img loading=\"lazy\" decoding=\"async\" src=\"https:\/\/i0.wp.com\/mhyrdin.fr\/blog\/wordpress\/wp-content\/gallery\/2016septembre-2\/Barge-rousse_2906.jpg?h=170\" alt=\"Barges rousses\" width=\"255\" height=\"170\" \/><\/a><p class=\"jig-HTMLdescription\">Barges rousses<\/p><\/li><li><a href=\"https:\/\/i0.wp.com\/mhyrdin.fr\/blog\/wordpress\/wp-content\/gallery\/2016septembre-2\/Barge-rousse_2908.jpg?ssl=1\"><img loading=\"lazy\" decoding=\"async\" src=\"https:\/\/i0.wp.com\/mhyrdin.fr\/blog\/wordpress\/wp-content\/gallery\/2016septembre-2\/Barge-rousse_2908.jpg?h=170\" alt=\"Barges rousses\" width=\"255\" height=\"170\" \/><\/a><p class=\"jig-HTMLdescription\">Barges rousses<\/p><\/li><li><a href=\"https:\/\/i0.wp.com\/mhyrdin.fr\/blog\/wordpress\/wp-content\/gallery\/2016septembre-2\/B%C3%A9casseau-sanderling_2866.jpg?ssl=1\"><img loading=\"lazy\" decoding=\"async\" src=\"https:\/\/i0.wp.com\/mhyrdin.fr\/blog\/wordpress\/wp-content\/gallery\/2016septembre-2\/B%C3%A9casseau-sanderling_2866.jpg?h=170\" alt=\"B\u00e9casseau sanderling\" width=\"367\" height=\"170\" \/><\/a><p class=\"jig-HTMLdescription\">B\u00e9casseau sanderling<\/p><\/li><li><a href=\"https:\/\/i0.wp.com\/mhyrdin.fr\/blog\/wordpress\/wp-content\/gallery\/2016septembre-2\/B%C3%A9casseau-variable_2885.jpg?ssl=1\"><img loading=\"lazy\" decoding=\"async\" src=\"https:\/\/i0.wp.com\/mhyrdin.fr\/blog\/wordpress\/wp-content\/gallery\/2016septembre-2\/B%C3%A9casseau-variable_2885.jpg?h=170\" alt=\"B\u00e9casseau variable\" width=\"255\" height=\"170\" \/><\/a><p class=\"jig-HTMLdescription\">B\u00e9casseau variable<\/p><\/li><li><a href=\"https:\/\/i0.wp.com\/mhyrdin.fr\/blog\/wordpress\/wp-content\/gallery\/2016septembre-2\/B%C3%A9casseau-variable_2913.jpg?ssl=1\"><img loading=\"lazy\" decoding=\"async\" src=\"https:\/\/i0.wp.com\/mhyrdin.fr\/blog\/wordpress\/wp-content\/gallery\/2016septembre-2\/B%C3%A9casseau-variable_2913.jpg?h=170\" alt=\"B\u00e9casseau variable\" width=\"255\" height=\"170\" \/><\/a><p class=\"jig-HTMLdescription\">B\u00e9casseau variable<\/p><\/li><li><a href=\"https:\/\/i0.wp.com\/mhyrdin.fr\/blog\/wordpress\/wp-content\/gallery\/2016septembre-2\/B%C3%A9casseau-variable_2885-1.jpg?ssl=1\"><img loading=\"lazy\" decoding=\"async\" src=\"https:\/\/i0.wp.com\/mhyrdin.fr\/blog\/wordpress\/wp-content\/gallery\/2016septembre-2\/B%C3%A9casseau-variable_2885-1.jpg?h=170\" alt=\"B\u00e9casseau variable\" width=\"255\" height=\"170\" \/><\/a><p class=\"jig-HTMLdescription\">B\u00e9casseau variable<\/p><\/li><li><a href=\"https:\/\/i0.wp.com\/mhyrdin.fr\/blog\/wordpress\/wp-content\/gallery\/2016septembre-2\/Go%C3%A9land-marin_2822.jpg?ssl=1\"><img loading=\"lazy\" decoding=\"async\" src=\"https:\/\/i0.wp.com\/mhyrdin.fr\/blog\/wordpress\/wp-content\/gallery\/2016septembre-2\/Go%C3%A9land-marin_2822.jpg?h=170\" alt=\"Go\u00e9land marin\" width=\"255\" height=\"170\" \/><\/a><p class=\"jig-HTMLdescription\">Go\u00e9land marin<\/p><\/li><li><a href=\"https:\/\/i0.wp.com\/mhyrdin.fr\/blog\/wordpress\/wp-content\/gallery\/2016septembre-2\/Go%C3%A9land_2809.jpg?ssl=1\"><img loading=\"lazy\" decoding=\"async\" src=\"https:\/\/i0.wp.com\/mhyrdin.fr\/blog\/wordpress\/wp-content\/gallery\/2016septembre-2\/Go%C3%A9land_2809.jpg?h=170\" alt=\"Go\u00e9land &quot;gourmand&quot;\" width=\"113\" height=\"170\" \/><\/a><p class=\"jig-HTMLdescription\">Go\u00e9land \"gourmand\"<\/p><\/li><li><a href=\"https:\/\/i0.wp.com\/mhyrdin.fr\/blog\/wordpress\/wp-content\/gallery\/2016septembre-2\/Go%C3%A9land_2811.jpg?ssl=1\"><img loading=\"lazy\" decoding=\"async\" src=\"https:\/\/i0.wp.com\/mhyrdin.fr\/blog\/wordpress\/wp-content\/gallery\/2016septembre-2\/Go%C3%A9land_2811.jpg?h=170\" alt=\"Go\u00e9land &quot;gourmand&quot;\" width=\"255\" height=\"170\" \/><\/a><p class=\"jig-HTMLdescription\">Go\u00e9land \"gourmand\"<\/p><\/li><li><a href=\"https:\/\/i0.wp.com\/mhyrdin.fr\/blog\/wordpress\/wp-content\/gallery\/2016septembre-2\/Go%C3%A9land_2812.jpg?ssl=1\"><img loading=\"lazy\" decoding=\"async\" src=\"https:\/\/i0.wp.com\/mhyrdin.fr\/blog\/wordpress\/wp-content\/gallery\/2016septembre-2\/Go%C3%A9land_2812.jpg?h=170\" alt=\"Go\u00e9land &quot;gourmand&quot;\" width=\"255\" height=\"170\" \/><\/a><p class=\"jig-HTMLdescription\">Go\u00e9land \"gourmand\"<\/p><\/li><li><a href=\"https:\/\/i0.wp.com\/mhyrdin.fr\/blog\/wordpress\/wp-content\/gallery\/2016septembre-2\/Go%C3%A9land_2814.jpg?ssl=1\"><img loading=\"lazy\" decoding=\"async\" src=\"https:\/\/i0.wp.com\/mhyrdin.fr\/blog\/wordpress\/wp-content\/gallery\/2016septembre-2\/Go%C3%A9land_2814.jpg?h=170\" alt=\"Go\u00e9land &quot;gourmand&quot;\" width=\"255\" height=\"170\" \/><\/a><p class=\"jig-HTMLdescription\">Go\u00e9land \"gourmand\"<\/p><\/li><li><a href=\"https:\/\/i0.wp.com\/mhyrdin.fr\/blog\/wordpress\/wp-content\/gallery\/2016septembre-2\/Mouette-rieuse_2805.jpg?ssl=1\"><img loading=\"lazy\" decoding=\"async\" src=\"https:\/\/i0.wp.com\/mhyrdin.fr\/blog\/wordpress\/wp-content\/gallery\/2016septembre-2\/Mouette-rieuse_2805.jpg?h=170\" alt=\"Mouette rieuse\" width=\"255\" height=\"170\" \/><\/a><p class=\"jig-HTMLdescription\">Mouette rieuse<\/p><\/li><li><a href=\"https:\/\/i0.wp.com\/mhyrdin.fr\/blog\/wordpress\/wp-content\/gallery\/2016septembre-2\/Phare-de-TREVIGNON_2830.jpg?ssl=1\"><img loading=\"lazy\" decoding=\"async\" src=\"https:\/\/i0.wp.com\/mhyrdin.fr\/blog\/wordpress\/wp-content\/gallery\/2016septembre-2\/Phare-de-TREVIGNON_2830.jpg?h=170\" alt=\"Phare de Tr\u00e9vignon\" width=\"255\" height=\"170\" \/><\/a><p class=\"jig-HTMLdescription\">Phare de Tr\u00e9vignon<\/p><\/li><li><a href=\"https:\/\/i0.wp.com\/mhyrdin.fr\/blog\/wordpress\/wp-content\/gallery\/2016septembre-2\/Queue-de-li%C3%A8vre_2853.jpg?ssl=1\"><img loading=\"lazy\" decoding=\"async\" src=\"https:\/\/i0.wp.com\/mhyrdin.fr\/blog\/wordpress\/wp-content\/gallery\/2016septembre-2\/Queue-de-li%C3%A8vre_2853.jpg?h=170\" alt=\"Queue de li\u00e8vre\" width=\"255\" height=\"170\" \/><\/a><p class=\"jig-HTMLdescription\">Queue de li\u00e8vre<\/p><\/li><li><a href=\"https:\/\/i0.wp.com\/mhyrdin.fr\/blog\/wordpress\/wp-content\/gallery\/2016septembre-2\/Tarier-p%C3%A2tre_2840.jpg?ssl=1\"><img loading=\"lazy\" decoding=\"async\" src=\"https:\/\/i0.wp.com\/mhyrdin.fr\/blog\/wordpress\/wp-content\/gallery\/2016septembre-2\/Tarier-p%C3%A2tre_2840.jpg?h=170\" alt=\"Tarier p\u00e2tre\" width=\"255\" height=\"170\" \/><\/a><p class=\"jig-HTMLdescription\">Tarier p\u00e2tre<\/p><\/li><li><a href=\"https:\/\/i0.wp.com\/mhyrdin.fr\/blog\/wordpress\/wp-content\/gallery\/2016septembre-2\/B%C3%A9casseau-variable_2937.jpg?ssl=1\"><img loading=\"lazy\" decoding=\"async\" src=\"https:\/\/i0.wp.com\/mhyrdin.fr\/blog\/wordpress\/wp-content\/gallery\/2016septembre-2\/B%C3%A9casseau-variable_2937.jpg?h=170\" alt=\"B\u00e9casseau variable\" width=\"255\" height=\"170\" \/><\/a><p class=\"jig-HTMLdescription\">B\u00e9casseau variable<\/p><\/li><li><a href=\"https:\/\/i0.wp.com\/mhyrdin.fr\/blog\/wordpress\/wp-content\/gallery\/2016septembre-2\/Grand-Cormoran_2929.jpg?ssl=1\"><img loading=\"lazy\" decoding=\"async\" src=\"https:\/\/i0.wp.com\/mhyrdin.fr\/blog\/wordpress\/wp-content\/gallery\/2016septembre-2\/Grand-Cormoran_2929.jpg?h=170\" alt=\"Grand Cormoran\" width=\"255\" height=\"170\" \/><\/a><p class=\"jig-HTMLdescription\">Grand Cormoran<\/p><\/li><li><a href=\"https:\/\/i0.wp.com\/mhyrdin.fr\/blog\/wordpress\/wp-content\/gallery\/2016septembre-2\/Grand-Cormoran_2930.jpg?ssl=1\"><img loading=\"lazy\" decoding=\"async\" src=\"https:\/\/i0.wp.com\/mhyrdin.fr\/blog\/wordpress\/wp-content\/gallery\/2016septembre-2\/Grand-Cormoran_2930.jpg?h=170\" alt=\"Grand Cormoran\" width=\"255\" height=\"170\" \/><\/a><p class=\"jig-HTMLdescription\">Grand Cormoran<\/p><\/li><li><a href=\"https:\/\/i0.wp.com\/mhyrdin.fr\/blog\/wordpress\/wp-content\/gallery\/2016septembre-2\/La-Torche_2961.jpg?ssl=1\"><img loading=\"lazy\" decoding=\"async\" src=\"https:\/\/i0.wp.com\/mhyrdin.fr\/blog\/wordpress\/wp-content\/gallery\/2016septembre-2\/La-Torche_2961.jpg?h=170\" alt=\"La Torche\" width=\"287\" height=\"170\" \/><\/a><p class=\"jig-HTMLdescription\">La Torche<\/p><\/li><li><a href=\"https:\/\/i0.wp.com\/mhyrdin.fr\/blog\/wordpress\/wp-content\/gallery\/2016septembre-2\/Pluvier-guignard_2950.jpg?ssl=1\"><img loading=\"lazy\" decoding=\"async\" src=\"https:\/\/i0.wp.com\/mhyrdin.fr\/blog\/wordpress\/wp-content\/gallery\/2016septembre-2\/Pluvier-guignard_2950.jpg?h=170\" alt=\"Pluvier guignard\" width=\"255\" height=\"170\" \/><\/a><p class=\"jig-HTMLdescription\">Pluvier guignard<\/p><\/li><li><a href=\"https:\/\/i0.wp.com\/mhyrdin.fr\/blog\/wordpress\/wp-content\/gallery\/2016septembre-2\/Pluvier-guignard_2952.jpg?ssl=1\"><img loading=\"lazy\" decoding=\"async\" src=\"https:\/\/i0.wp.com\/mhyrdin.fr\/blog\/wordpress\/wp-content\/gallery\/2016septembre-2\/Pluvier-guignard_2952.jpg?h=170\" alt=\"Pluvier guignard\" width=\"255\" height=\"170\" \/><\/a><p class=\"jig-HTMLdescription\">Pluvier guignard<\/p><\/li><li><a href=\"https:\/\/i0.wp.com\/mhyrdin.fr\/blog\/wordpress\/wp-content\/gallery\/2016septembre-2\/Pluvier-guignard_2956.jpg?ssl=1\"><img loading=\"lazy\" decoding=\"async\" src=\"https:\/\/i0.wp.com\/mhyrdin.fr\/blog\/wordpress\/wp-content\/gallery\/2016septembre-2\/Pluvier-guignard_2956.jpg?h=170\" alt=\"Pluvier guignard\" width=\"113\" height=\"170\" \/><\/a><p class=\"jig-HTMLdescription\">Pluvier guignard<\/p><\/li><li><a href=\"https:\/\/i0.wp.com\/mhyrdin.fr\/blog\/wordpress\/wp-content\/gallery\/2016septembre-2\/Tournepierre_2941.jpg?ssl=1\" title=\"Tournepierre_2941\"><img loading=\"lazy\" decoding=\"async\" src=\"https:\/\/i0.wp.com\/mhyrdin.fr\/blog\/wordpress\/wp-content\/gallery\/2016septembre-2\/Tournepierre_2941.jpg?h=170\" alt=\"Tournepierre\" width=\"255\" height=\"170\" \/><\/a><p class=\"jig-HTMLdescription\">Tournepierre<br\/>Tournepierre_2941<\/p><\/li><li><a href=\"https:\/\/i0.wp.com\/mhyrdin.fr\/blog\/wordpress\/wp-content\/gallery\/2016septembre-2\/La-Torche_3427.jpg?ssl=1\"><img loading=\"lazy\" decoding=\"async\" src=\"https:\/\/i0.wp.com\/mhyrdin.fr\/blog\/wordpress\/wp-content\/gallery\/2016septembre-2\/La-Torche_3427.jpg?h=170\" alt=\"La Torche\" width=\"255\" height=\"170\" \/><\/a><p class=\"jig-HTMLdescription\">La Torche<\/p><\/li><li><a href=\"https:\/\/i0.wp.com\/mhyrdin.fr\/blog\/wordpress\/wp-content\/gallery\/2016septembre-2\/La-Torche_3432.jpg?ssl=1\"><img loading=\"lazy\" decoding=\"async\" src=\"https:\/\/i0.wp.com\/mhyrdin.fr\/blog\/wordpress\/wp-content\/gallery\/2016septembre-2\/La-Torche_3432.jpg?h=170\" alt=\"La Torche\" width=\"286\" height=\"170\" \/><\/a><p class=\"jig-HTMLdescription\">La Torche<\/p><\/li><li><a href=\"https:\/\/i0.wp.com\/mhyrdin.fr\/blog\/wordpress\/wp-content\/gallery\/2016septembre-2\/La-Torche_3433.jpg?ssl=1\"><img loading=\"lazy\" decoding=\"async\" src=\"https:\/\/i0.wp.com\/mhyrdin.fr\/blog\/wordpress\/wp-content\/gallery\/2016septembre-2\/La-Torche_3433.jpg?h=170\" alt=\"La Torche\" width=\"255\" height=\"170\" \/><\/a><p class=\"jig-HTMLdescription\">La Torche<\/p><\/li><li><a href=\"https:\/\/i0.wp.com\/mhyrdin.fr\/blog\/wordpress\/wp-content\/gallery\/2016septembre-2\/La-Torche_3436.jpg?ssl=1\"><img loading=\"lazy\" decoding=\"async\" src=\"https:\/\/i0.wp.com\/mhyrdin.fr\/blog\/wordpress\/wp-content\/gallery\/2016septembre-2\/La-Torche_3436.jpg?h=170\" alt=\"La Torche\" width=\"259\" height=\"170\" \/><\/a><p class=\"jig-HTMLdescription\">La Torche<\/p><\/li><li><a href=\"https:\/\/i0.wp.com\/mhyrdin.fr\/blog\/wordpress\/wp-content\/gallery\/2016septembre-2\/La-Torche_3443.jpg?ssl=1\"><img loading=\"lazy\" decoding=\"async\" src=\"https:\/\/i0.wp.com\/mhyrdin.fr\/blog\/wordpress\/wp-content\/gallery\/2016septembre-2\/La-Torche_3443.jpg?h=170\" alt=\"La Torche\" width=\"290\" height=\"170\" \/><\/a><p class=\"jig-HTMLdescription\">La Torche<\/p><\/li><li><a href=\"https:\/\/i0.wp.com\/mhyrdin.fr\/blog\/wordpress\/wp-content\/gallery\/2016septembre-2\/Lapin_2664.jpg?ssl=1\" title=\"Lapin_2664\"><img loading=\"lazy\" decoding=\"async\" src=\"https:\/\/i0.wp.com\/mhyrdin.fr\/blog\/wordpress\/wp-content\/gallery\/2016septembre-2\/Lapin_2664.jpg?h=170\" alt=\"Lapin\" width=\"255\" height=\"170\" \/><\/a><p class=\"jig-HTMLdescription\">Lapin<br\/>Lapin_2664<\/p><\/li><li><a href=\"https:\/\/i0.wp.com\/mhyrdin.fr\/blog\/wordpress\/wp-content\/gallery\/2016septembre-2\/Lapin_2788.jpg?ssl=1\" title=\"Lapin_2788\"><img loading=\"lazy\" decoding=\"async\" src=\"https:\/\/i0.wp.com\/mhyrdin.fr\/blog\/wordpress\/wp-content\/gallery\/2016septembre-2\/Lapin_2788.jpg?h=170\" alt=\"Lapin\" width=\"255\" height=\"170\" \/><\/a><p class=\"jig-HTMLdescription\">Lapin<br\/>Lapin_2788<\/p><\/li><li><a href=\"https:\/\/i0.wp.com\/mhyrdin.fr\/blog\/wordpress\/wp-content\/gallery\/2016septembre-2\/Lapin_2792.jpg?ssl=1\" title=\"Lapin_2792\"><img loading=\"lazy\" decoding=\"async\" src=\"https:\/\/i0.wp.com\/mhyrdin.fr\/blog\/wordpress\/wp-content\/gallery\/2016septembre-2\/Lapin_2792.jpg?h=170\" alt=\"Lapin\" width=\"255\" height=\"170\" \/><\/a><p class=\"jig-HTMLdescription\">Lapin<br\/>Lapin_2792<\/p><\/li><li><a href=\"https:\/\/i0.wp.com\/mhyrdin.fr\/blog\/wordpress\/wp-content\/gallery\/2016septembre-2\/Lapin_2802.jpg?ssl=1\" title=\"Lapin_2802\"><img loading=\"lazy\" decoding=\"async\" src=\"https:\/\/i0.wp.com\/mhyrdin.fr\/blog\/wordpress\/wp-content\/gallery\/2016septembre-2\/Lapin_2802.jpg?h=170\" alt=\"Lapin\" width=\"113\" height=\"170\" \/><\/a><p class=\"jig-HTMLdescription\">Lapin<br\/>Lapin_2802<\/p><\/li><li><a href=\"https:\/\/i0.wp.com\/mhyrdin.fr\/blog\/wordpress\/wp-content\/gallery\/2016septembre-2\/Lapin_2803.jpg?ssl=1\" title=\"Lapin_2803\"><img loading=\"lazy\" decoding=\"async\" src=\"https:\/\/i0.wp.com\/mhyrdin.fr\/blog\/wordpress\/wp-content\/gallery\/2016septembre-2\/Lapin_2803.jpg?h=170\" alt=\"Lapin\" width=\"113\" height=\"170\" \/><\/a><p class=\"jig-HTMLdescription\">Lapin<br\/>Lapin_2803<\/p><\/li><li><a href=\"https:\/\/i0.wp.com\/mhyrdin.fr\/blog\/wordpress\/wp-content\/gallery\/2016septembre-2\/Lapin_2803-2.jpg?ssl=1\"><img loading=\"lazy\" decoding=\"async\" src=\"https:\/\/i0.wp.com\/mhyrdin.fr\/blog\/wordpress\/wp-content\/gallery\/2016septembre-2\/Lapin_2803-2.jpg?h=170\" alt=\"Lapin\" width=\"255\" height=\"170\" \/><\/a><p class=\"jig-HTMLdescription\">Lapin<\/p><\/li><li><a href=\"https:\/\/i0.wp.com\/mhyrdin.fr\/blog\/wordpress\/wp-content\/gallery\/2016septembre-2\/Pluvier-guignard_2687.jpg?ssl=1\"><img loading=\"lazy\" decoding=\"async\" src=\"https:\/\/i0.wp.com\/mhyrdin.fr\/blog\/wordpress\/wp-content\/gallery\/2016septembre-2\/Pluvier-guignard_2687.jpg?h=170\" alt=\"Pluvier guignard\" width=\"255\" height=\"170\" \/><\/a><p class=\"jig-HTMLdescription\">Pluvier guignard<\/p><\/li><li><a href=\"https:\/\/i0.wp.com\/mhyrdin.fr\/blog\/wordpress\/wp-content\/gallery\/2016septembre-2\/Pluvier-guignard_2692.jpg?ssl=1\"><img loading=\"lazy\" decoding=\"async\" src=\"https:\/\/i0.wp.com\/mhyrdin.fr\/blog\/wordpress\/wp-content\/gallery\/2016septembre-2\/Pluvier-guignard_2692.jpg?h=170\" alt=\"Pluvier guignard\" width=\"113\" height=\"170\" \/><\/a><p class=\"jig-HTMLdescription\">Pluvier guignard<\/p><\/li><li><a href=\"https:\/\/i0.wp.com\/mhyrdin.fr\/blog\/wordpress\/wp-content\/gallery\/2016septembre-2\/Pluvier-guignard_2708.jpg?ssl=1\"><img loading=\"lazy\" decoding=\"async\" src=\"https:\/\/i0.wp.com\/mhyrdin.fr\/blog\/wordpress\/wp-content\/gallery\/2016septembre-2\/Pluvier-guignard_2708.jpg?h=170\" alt=\"Pluvier guignard\" width=\"255\" height=\"170\" \/><\/a><p class=\"jig-HTMLdescription\">Pluvier guignard<\/p><\/li><li><a href=\"https:\/\/i0.wp.com\/mhyrdin.fr\/blog\/wordpress\/wp-content\/gallery\/2016septembre-2\/Pluvier-guignard_2734.jpg?ssl=1\"><img loading=\"lazy\" decoding=\"async\" src=\"https:\/\/i0.wp.com\/mhyrdin.fr\/blog\/wordpress\/wp-content\/gallery\/2016septembre-2\/Pluvier-guignard_2734.jpg?h=170\" alt=\"Pluvier guignard\" width=\"255\" height=\"170\" \/><\/a><p class=\"jig-HTMLdescription\">Pluvier guignard<\/p><\/li><li><a href=\"https:\/\/i0.wp.com\/mhyrdin.fr\/blog\/wordpress\/wp-content\/gallery\/2016septembre-2\/Pluvier-guignard_2735.jpg?ssl=1\"><img loading=\"lazy\" decoding=\"async\" src=\"https:\/\/i0.wp.com\/mhyrdin.fr\/blog\/wordpress\/wp-content\/gallery\/2016septembre-2\/Pluvier-guignard_2735.jpg?h=170\" alt=\"Pluvier guignard\" width=\"255\" height=\"170\" \/><\/a><p class=\"jig-HTMLdescription\">Pluvier guignard<\/p><\/li><li><a href=\"https:\/\/i0.wp.com\/mhyrdin.fr\/blog\/wordpress\/wp-content\/gallery\/2016septembre-2\/Pluvier-guignard_2765.jpg?ssl=1\"><img loading=\"lazy\" decoding=\"async\" src=\"https:\/\/i0.wp.com\/mhyrdin.fr\/blog\/wordpress\/wp-content\/gallery\/2016septembre-2\/Pluvier-guignard_2765.jpg?h=170\" alt=\"Pluvier guignard\" width=\"255\" height=\"170\" \/><\/a><p class=\"jig-HTMLdescription\">Pluvier guignard<\/p><\/li><li><a href=\"https:\/\/i0.wp.com\/mhyrdin.fr\/blog\/wordpress\/wp-content\/gallery\/2016septembre-2\/Pluvier-guignard_2766.jpg?ssl=1\"><img loading=\"lazy\" decoding=\"async\" src=\"https:\/\/i0.wp.com\/mhyrdin.fr\/blog\/wordpress\/wp-content\/gallery\/2016septembre-2\/Pluvier-guignard_2766.jpg?h=170\" alt=\"Pluvier guignard\" width=\"113\" height=\"170\" \/><\/a><p class=\"jig-HTMLdescription\">Pluvier guignard<\/p><\/li><li><a href=\"https:\/\/i0.wp.com\/mhyrdin.fr\/blog\/wordpress\/wp-content\/gallery\/2016septembre-2\/Barge-rousse_2887.jpg?ssl=1\"><img loading=\"lazy\" decoding=\"async\" src=\"https:\/\/i0.wp.com\/mhyrdin.fr\/blog\/wordpress\/wp-content\/gallery\/2016septembre-2\/Barge-rousse_2887.jpg?h=170\" alt=\"Barge rousse\" width=\"255\" height=\"170\" \/><\/a><p class=\"jig-HTMLdescription\">Barge rousse<\/p><\/li><\/ul><\/noscript><\/div><div id=\"jig1-developerLink\" class=\"jig-developerLink\"><a href=\"https:\/\/justifiedgrid.com\/\" target=\"_blank\" title=\"Justified Image Grid - Premium WordPress Gallery\">powered by Justified Image Grid<\/a><\/div>\n<h3>Related Images:<\/h3>","protected":false},"excerpt":{"rendered":"<p>Barges roussesBarges roussesBarge rousseBarges roussesBarges roussesB\u00e9casseau sanderlingB\u00e9casseau variableB\u00e9casseau variableB\u00e9casseau variableGo\u00e9land marinGo\u00e9land \u00ab\u00a0gourmand\u00a0\u00bbGo\u00e9land \u00ab\u00a0gourmand\u00a0\u00bbGo\u00e9land \u00ab\u00a0gourmand\u00a0\u00bbGo\u00e9land \u00ab\u00a0gourmand\u00a0\u00bbMouette rieusePhare de Tr\u00e9vignonQueue de li\u00e8vreTarier p\u00e2treB\u00e9casseau variableGrand CormoranGrand CormoranLa TorchePluvier guignardPluvier guignardPluvier guignardTournepierreTournepierre_2941La TorcheLa TorcheLa TorcheLa TorcheLa TorcheLapinLapin_2664LapinLapin_2788LapinLapin_2792LapinLapin_2802LapinLapin_2803LapinPluvier guignardPluvier guignardPluvier guignardPluvier guignardPluvier guignardPluvier guignardPluvier guignardBarge roussepowered by Justified Image Grid Related Images:<\/p>\n","protected":false},"author":4,"featured_media":0,"parent":12056,"menu_order":0,"comment_status":"closed","ping_status":"closed","template":"","meta":{"ngg_post_thumbnail":0,"jetpack_post_was_ever_published":false,"footnotes":"","_links_to":"","_links_to_target":""},"class_list":["post-23465","page","type-page","status-publish","hentry"],"jetpack_shortlink":"https:\/\/wp.me\/P9lSZN-66t","jetpack_sharing_enabled":true,"_links":{"self":[{"href":"https:\/\/mhyrdin.fr\/blog\/wp-json\/wp\/v2\/pages\/23465","targetHints":{"allow":["GET"]}}],"collection":[{"href":"https:\/\/mhyrdin.fr\/blog\/wp-json\/wp\/v2\/pages"}],"about":[{"href":"https:\/\/mhyrdin.fr\/blog\/wp-json\/wp\/v2\/types\/page"}],"author":[{"embeddable":true,"href":"https:\/\/mhyrdin.fr\/blog\/wp-json\/wp\/v2\/users\/4"}],"replies":[{"embeddable":true,"href":"https:\/\/mhyrdin.fr\/blog\/wp-json\/wp\/v2\/comments?post=23465"}],"version-history":[{"count":0,"href":"https:\/\/mhyrdin.fr\/blog\/wp-json\/wp\/v2\/pages\/23465\/revisions"}],"up":[{"embeddable":true,"href":"https:\/\/mhyrdin.fr\/blog\/wp-json\/wp\/v2\/pages\/12056"}],"wp:attachment":[{"href":"https:\/\/mhyrdin.fr\/blog\/wp-json\/wp\/v2\/media?parent=23465"}],"curies":[{"name":"wp","href":"https:\/\/api.w.org\/{rel}","templated":true}]}}