{"id":23464,"date":"2022-10-16T08:37:32","date_gmt":"2022-10-16T06:37:32","guid":{"rendered":"https:\/\/mhyrdin.fr\/blog\/2016-2\/septembre\/morbihan\/"},"modified":"2022-10-16T08:37:32","modified_gmt":"2022-10-16T06:37:32","slug":"morbihan","status":"publish","type":"page","link":"https:\/\/mhyrdin.fr\/blog\/archives-numeriques\/2016-2\/septembre\/morbihan\/","title":{"rendered":"Morbihan"},"content":{"rendered":"<div id=\"jig1\" class=\"justified-image-grid jig-54fa69aba42e7f94c853b471a74fb79d jig-preset-global jig-source-nextgen\"><div class=\"jig-clearfix\"><\/div><noscript id=\"jig1-html\" class=\"justified-image-grid-html\" data-lazy-src=\"skiplazyload\" data-src=\"skipunveillazyload\"><ul><li><a href=\"https:\/\/i0.wp.com\/mhyrdin.fr\/blog\/wordpress\/wp-content\/gallery\/2016septembre-3\/Aigrette-garzette_3001.jpg?ssl=1\"><img loading=\"lazy\" decoding=\"async\" src=\"https:\/\/i0.wp.com\/mhyrdin.fr\/blog\/wordpress\/wp-content\/gallery\/2016septembre-3\/Aigrette-garzette_3001.jpg?h=170\" alt=\"Aigrette garzette\" width=\"255\" height=\"170\" \/><\/a><p class=\"jig-HTMLdescription\">Aigrette garzette<\/p><\/li><li><a href=\"https:\/\/i0.wp.com\/mhyrdin.fr\/blog\/wordpress\/wp-content\/gallery\/2016septembre-3\/Barge-rousse_2973.jpg?ssl=1\"><img loading=\"lazy\" decoding=\"async\" src=\"https:\/\/i0.wp.com\/mhyrdin.fr\/blog\/wordpress\/wp-content\/gallery\/2016septembre-3\/Barge-rousse_2973.jpg?h=170\" alt=\"Barge rousse\" width=\"255\" height=\"170\" \/><\/a><p class=\"jig-HTMLdescription\">Barge rousse<\/p><\/li><li><a href=\"https:\/\/i0.wp.com\/mhyrdin.fr\/blog\/wordpress\/wp-content\/gallery\/2016septembre-3\/Barge-rousse_2974.jpg?ssl=1\"><img loading=\"lazy\" decoding=\"async\" src=\"https:\/\/i0.wp.com\/mhyrdin.fr\/blog\/wordpress\/wp-content\/gallery\/2016septembre-3\/Barge-rousse_2974.jpg?h=170\" alt=\"Barge rousse\" width=\"113\" height=\"170\" \/><\/a><p class=\"jig-HTMLdescription\">Barge rousse<\/p><\/li><li><a href=\"https:\/\/i0.wp.com\/mhyrdin.fr\/blog\/wordpress\/wp-content\/gallery\/2016septembre-3\/Barge-rousse_2977.jpg?ssl=1\"><img loading=\"lazy\" decoding=\"async\" src=\"https:\/\/i0.wp.com\/mhyrdin.fr\/blog\/wordpress\/wp-content\/gallery\/2016septembre-3\/Barge-rousse_2977.jpg?h=170\" alt=\"Barge rousse\" width=\"255\" height=\"170\" \/><\/a><p class=\"jig-HTMLdescription\">Barge rousse<\/p><\/li><li><a href=\"https:\/\/i0.wp.com\/mhyrdin.fr\/blog\/wordpress\/wp-content\/gallery\/2016septembre-3\/Sympetrum-striolatum_2990.jpg?ssl=1\"><img loading=\"lazy\" decoding=\"async\" src=\"https:\/\/i0.wp.com\/mhyrdin.fr\/blog\/wordpress\/wp-content\/gallery\/2016septembre-3\/Sympetrum-striolatum_2990.jpg?h=170\" alt=\"Sympetrum striolatum\" width=\"255\" height=\"170\" \/><\/a><p class=\"jig-HTMLdescription\">Sympetrum striolatum<\/p><\/li><li><a href=\"https:\/\/i0.wp.com\/mhyrdin.fr\/blog\/wordpress\/wp-content\/gallery\/2016septembre-3\/Sympetrum-striolatum_2992.jpg?ssl=1\"><img loading=\"lazy\" decoding=\"async\" src=\"https:\/\/i0.wp.com\/mhyrdin.fr\/blog\/wordpress\/wp-content\/gallery\/2016septembre-3\/Sympetrum-striolatum_2992.jpg?h=170\" alt=\"Sympetrum striolatum\" width=\"255\" height=\"170\" \/><\/a><p class=\"jig-HTMLdescription\">Sympetrum striolatum<\/p><\/li><li><a href=\"https:\/\/i0.wp.com\/mhyrdin.fr\/blog\/wordpress\/wp-content\/gallery\/2016septembre-3\/Sympetrum-striolatum_2996.jpg?ssl=1\"><img loading=\"lazy\" decoding=\"async\" src=\"https:\/\/i0.wp.com\/mhyrdin.fr\/blog\/wordpress\/wp-content\/gallery\/2016septembre-3\/Sympetrum-striolatum_2996.jpg?h=170\" alt=\"Sympetrum striolatum\" width=\"255\" height=\"170\" \/><\/a><p class=\"jig-HTMLdescription\">Sympetrum striolatum<\/p><\/li><li><a href=\"https:\/\/i0.wp.com\/mhyrdin.fr\/blog\/wordpress\/wp-content\/gallery\/2016septembre-3\/Vannes_3449.jpg?ssl=1\" title=\"Vannes_3449\"><img loading=\"lazy\" decoding=\"async\" src=\"https:\/\/i0.wp.com\/mhyrdin.fr\/blog\/wordpress\/wp-content\/gallery\/2016septembre-3\/Vannes_3449.jpg?h=170\" alt=\"Vannes\" width=\"255\" height=\"170\" \/><\/a><p class=\"jig-HTMLdescription\">Vannes<br\/>Vannes_3449<\/p><\/li><li><a href=\"https:\/\/i0.wp.com\/mhyrdin.fr\/blog\/wordpress\/wp-content\/gallery\/2016septembre-3\/Vannes_3450.jpg?ssl=1\" title=\"Vannes_3450\"><img loading=\"lazy\" decoding=\"async\" src=\"https:\/\/i0.wp.com\/mhyrdin.fr\/blog\/wordpress\/wp-content\/gallery\/2016septembre-3\/Vannes_3450.jpg?h=170\" alt=\"Vannes\" width=\"113\" height=\"170\" \/><\/a><p class=\"jig-HTMLdescription\">Vannes<br\/>Vannes_3450<\/p><\/li><li><a href=\"https:\/\/i0.wp.com\/mhyrdin.fr\/blog\/wordpress\/wp-content\/gallery\/2016septembre-3\/Vannes_3451.jpg?ssl=1\" title=\"Vannes_3451\"><img loading=\"lazy\" decoding=\"async\" src=\"https:\/\/i0.wp.com\/mhyrdin.fr\/blog\/wordpress\/wp-content\/gallery\/2016septembre-3\/Vannes_3451.jpg?h=170\" alt=\"Vannes\" width=\"104\" height=\"170\" \/><\/a><p class=\"jig-HTMLdescription\">Vannes<br\/>Vannes_3451<\/p><\/li><li><a href=\"https:\/\/i0.wp.com\/mhyrdin.fr\/blog\/wordpress\/wp-content\/gallery\/2016septembre-3\/Vannes_3452.jpg?ssl=1\" title=\"Vannes_3452\"><img loading=\"lazy\" decoding=\"async\" src=\"https:\/\/i0.wp.com\/mhyrdin.fr\/blog\/wordpress\/wp-content\/gallery\/2016septembre-3\/Vannes_3452.jpg?h=170\" alt=\"Vannes\" width=\"255\" height=\"170\" \/><\/a><p class=\"jig-HTMLdescription\">Vannes<br\/>Vannes_3452<\/p><\/li><li><a href=\"https:\/\/i0.wp.com\/mhyrdin.fr\/blog\/wordpress\/wp-content\/gallery\/2016septembre-3\/Vannes-Cath%C3%A9drale-St-Pierre_2964.jpg?ssl=1\"><img loading=\"lazy\" decoding=\"async\" src=\"https:\/\/i0.wp.com\/mhyrdin.fr\/blog\/wordpress\/wp-content\/gallery\/2016septembre-3\/Vannes-Cath%C3%A9drale-St-Pierre_2964.jpg?h=170\" alt=\"Vannes-Cath\u00e9drale St-Pierre\" width=\"170\" height=\"170\" \/><\/a><p class=\"jig-HTMLdescription\">Vannes-Cath\u00e9drale St-Pierre<\/p><\/li><li><a href=\"https:\/\/i0.wp.com\/mhyrdin.fr\/blog\/wordpress\/wp-content\/gallery\/2016septembre-3\/Vannes-Cath%C3%A9drale-St-Pierre_2967.jpg?ssl=1\"><img loading=\"lazy\" decoding=\"async\" src=\"https:\/\/i0.wp.com\/mhyrdin.fr\/blog\/wordpress\/wp-content\/gallery\/2016septembre-3\/Vannes-Cath%C3%A9drale-St-Pierre_2967.jpg?h=170\" alt=\"Vannes-Cath\u00e9drale St-Pierre\" width=\"113\" height=\"170\" \/><\/a><p class=\"jig-HTMLdescription\">Vannes-Cath\u00e9drale St-Pierre<\/p><\/li><li><a href=\"https:\/\/i0.wp.com\/mhyrdin.fr\/blog\/wordpress\/wp-content\/gallery\/2016septembre-3\/Vannes-Cath%C3%A9drale-St-Pierre_2968.jpg?ssl=1\"><img loading=\"lazy\" decoding=\"async\" src=\"https:\/\/i0.wp.com\/mhyrdin.fr\/blog\/wordpress\/wp-content\/gallery\/2016septembre-3\/Vannes-Cath%C3%A9drale-St-Pierre_2968.jpg?h=170\" alt=\"Vannes-Cath\u00e9drale St-Pierre\" width=\"170\" height=\"170\" \/><\/a><p class=\"jig-HTMLdescription\">Vannes-Cath\u00e9drale St-Pierre<\/p><\/li><li><a href=\"https:\/\/i0.wp.com\/mhyrdin.fr\/blog\/wordpress\/wp-content\/gallery\/2016septembre-3\/Vannes-Cath%C3%A9drale-St-Pierre_2969.jpg?ssl=1\"><img loading=\"lazy\" decoding=\"async\" src=\"https:\/\/i0.wp.com\/mhyrdin.fr\/blog\/wordpress\/wp-content\/gallery\/2016septembre-3\/Vannes-Cath%C3%A9drale-St-Pierre_2969.jpg?h=170\" alt=\"Vannes-Cath\u00e9drale St-Pierre\" width=\"170\" height=\"170\" \/><\/a><p class=\"jig-HTMLdescription\">Vannes-Cath\u00e9drale St-Pierre<\/p><\/li><li><a href=\"https:\/\/i0.wp.com\/mhyrdin.fr\/blog\/wordpress\/wp-content\/gallery\/2016septembre-3\/Vannes-Cath%C3%A9drale-St-Pierre_2970.jpg?ssl=1\"><img loading=\"lazy\" decoding=\"async\" src=\"https:\/\/i0.wp.com\/mhyrdin.fr\/blog\/wordpress\/wp-content\/gallery\/2016septembre-3\/Vannes-Cath%C3%A9drale-St-Pierre_2970.jpg?h=170\" alt=\"Vannes-Cath\u00e9drale St-Pierre\" width=\"170\" height=\"170\" \/><\/a><p class=\"jig-HTMLdescription\">Vannes-Cath\u00e9drale St-Pierre<\/p><\/li><li><a href=\"https:\/\/i0.wp.com\/mhyrdin.fr\/blog\/wordpress\/wp-content\/gallery\/2016septembre-3\/Vannes-Cath%C3%A9drale-St-Pierre_2971.jpg?ssl=1\"><img loading=\"lazy\" decoding=\"async\" src=\"https:\/\/i0.wp.com\/mhyrdin.fr\/blog\/wordpress\/wp-content\/gallery\/2016septembre-3\/Vannes-Cath%C3%A9drale-St-Pierre_2971.jpg?h=170\" alt=\"Vannes-Cath\u00e9drale St-Pierre\" width=\"170\" height=\"170\" \/><\/a><p class=\"jig-HTMLdescription\">Vannes-Cath\u00e9drale St-Pierre<\/p><\/li><li><a href=\"https:\/\/i0.wp.com\/mhyrdin.fr\/blog\/wordpress\/wp-content\/gallery\/2016septembre-3\/Cygne-tubercul%C3%A9_3003.jpg?ssl=1\"><img loading=\"lazy\" decoding=\"async\" src=\"https:\/\/i0.wp.com\/mhyrdin.fr\/blog\/wordpress\/wp-content\/gallery\/2016septembre-3\/Cygne-tubercul%C3%A9_3003.jpg?h=170\" alt=\"Cygne tubercul\u00e9\" width=\"371\" height=\"170\" \/><\/a><p class=\"jig-HTMLdescription\">Cygne tubercul\u00e9<\/p><\/li><li><a href=\"https:\/\/i0.wp.com\/mhyrdin.fr\/blog\/wordpress\/wp-content\/gallery\/2016septembre-3\/Cygne-tubercul%C3%A9_3015.jpg?ssl=1\"><img loading=\"lazy\" decoding=\"async\" src=\"https:\/\/i0.wp.com\/mhyrdin.fr\/blog\/wordpress\/wp-content\/gallery\/2016septembre-3\/Cygne-tubercul%C3%A9_3015.jpg?h=170\" alt=\"Cygne tubercul\u00e9\" width=\"425\" height=\"170\" \/><\/a><p class=\"jig-HTMLdescription\">Cygne tubercul\u00e9<\/p><\/li><li><a href=\"https:\/\/i0.wp.com\/mhyrdin.fr\/blog\/wordpress\/wp-content\/gallery\/2016septembre-3\/Fauvette-grisette_3007.jpg?ssl=1\"><img loading=\"lazy\" decoding=\"async\" src=\"https:\/\/i0.wp.com\/mhyrdin.fr\/blog\/wordpress\/wp-content\/gallery\/2016septembre-3\/Fauvette-grisette_3007.jpg?h=170\" alt=\"Fauvette grisette\" width=\"255\" height=\"170\" \/><\/a><p class=\"jig-HTMLdescription\">Fauvette grisette<\/p><\/li><li><a href=\"https:\/\/i0.wp.com\/mhyrdin.fr\/blog\/wordpress\/wp-content\/gallery\/2016septembre-3\/Pi%C3%A9ride-du-choux_3028.jpg?ssl=1\"><img loading=\"lazy\" decoding=\"async\" src=\"https:\/\/i0.wp.com\/mhyrdin.fr\/blog\/wordpress\/wp-content\/gallery\/2016septembre-3\/Pi%C3%A9ride-du-choux_3028.jpg?h=170\" alt=\"Pi\u00e9ride du choux\" width=\"113\" height=\"170\" \/><\/a><p class=\"jig-HTMLdescription\">Pi\u00e9ride du choux<\/p><\/li><li><a href=\"https:\/\/i0.wp.com\/mhyrdin.fr\/blog\/wordpress\/wp-content\/gallery\/2016septembre-3\/Pi%C3%A9ride-du-choux_3030.jpg?ssl=1\"><img loading=\"lazy\" decoding=\"async\" src=\"https:\/\/i0.wp.com\/mhyrdin.fr\/blog\/wordpress\/wp-content\/gallery\/2016septembre-3\/Pi%C3%A9ride-du-choux_3030.jpg?h=170\" alt=\"Pi\u00e9ride du choux\" width=\"255\" height=\"170\" \/><\/a><p class=\"jig-HTMLdescription\">Pi\u00e9ride du choux<\/p><\/li><li><a href=\"https:\/\/i0.wp.com\/mhyrdin.fr\/blog\/wordpress\/wp-content\/gallery\/2016septembre-3\/Robert-le-diable_3023.jpg?ssl=1\"><img loading=\"lazy\" decoding=\"async\" src=\"https:\/\/i0.wp.com\/mhyrdin.fr\/blog\/wordpress\/wp-content\/gallery\/2016septembre-3\/Robert-le-diable_3023.jpg?h=170\" alt=\"Robert le diable\" width=\"113\" height=\"170\" \/><\/a><p class=\"jig-HTMLdescription\">Robert le diable<\/p><\/li><li><a href=\"https:\/\/i0.wp.com\/mhyrdin.fr\/blog\/wordpress\/wp-content\/gallery\/2016septembre-3\/Tircis-m%C3%A2le_3025.jpg?ssl=1\"><img loading=\"lazy\" decoding=\"async\" src=\"https:\/\/i0.wp.com\/mhyrdin.fr\/blog\/wordpress\/wp-content\/gallery\/2016septembre-3\/Tircis-m%C3%A2le_3025.jpg?h=170\" alt=\"Tircis-m\u00e2le_\" width=\"113\" height=\"170\" \/><\/a><p class=\"jig-HTMLdescription\">Tircis-m\u00e2le_<\/p><\/li><li><a href=\"https:\/\/i0.wp.com\/mhyrdin.fr\/blog\/wordpress\/wp-content\/gallery\/2016septembre-3\/Alouette-des-champs_3231.jpg?ssl=1\"><img loading=\"lazy\" decoding=\"async\" src=\"https:\/\/i0.wp.com\/mhyrdin.fr\/blog\/wordpress\/wp-content\/gallery\/2016septembre-3\/Alouette-des-champs_3231.jpg?h=170\" alt=\"Alouette des champs\" width=\"113\" height=\"170\" \/><\/a><p class=\"jig-HTMLdescription\">Alouette des champs<\/p><\/li><li><a href=\"https:\/\/i0.wp.com\/mhyrdin.fr\/blog\/wordpress\/wp-content\/gallery\/2016septembre-3\/Alouette-des-champs_3238.jpg?ssl=1\"><img loading=\"lazy\" decoding=\"async\" src=\"https:\/\/i0.wp.com\/mhyrdin.fr\/blog\/wordpress\/wp-content\/gallery\/2016septembre-3\/Alouette-des-champs_3238.jpg?h=170\" alt=\"Alouette des champs_\" width=\"255\" height=\"170\" \/><\/a><p class=\"jig-HTMLdescription\">Alouette des champs_<\/p><\/li><li><a href=\"https:\/\/i0.wp.com\/mhyrdin.fr\/blog\/wordpress\/wp-content\/gallery\/2016septembre-3\/B%C3%A9casseau-cocorli_3138.jpg?ssl=1\"><img loading=\"lazy\" decoding=\"async\" src=\"https:\/\/i0.wp.com\/mhyrdin.fr\/blog\/wordpress\/wp-content\/gallery\/2016septembre-3\/B%C3%A9casseau-cocorli_3138.jpg?h=170\" alt=\"B\u00e9casseau cocorli\" width=\"255\" height=\"170\" \/><\/a><p class=\"jig-HTMLdescription\">B\u00e9casseau cocorli<\/p><\/li><li><a href=\"https:\/\/i0.wp.com\/mhyrdin.fr\/blog\/wordpress\/wp-content\/gallery\/2016septembre-3\/B%C3%A9casseau-cocorli_3157.jpg?ssl=1\"><img loading=\"lazy\" decoding=\"async\" src=\"https:\/\/i0.wp.com\/mhyrdin.fr\/blog\/wordpress\/wp-content\/gallery\/2016septembre-3\/B%C3%A9casseau-cocorli_3157.jpg?h=170\" alt=\"B\u00e9casseau cocorli\" width=\"255\" height=\"170\" \/><\/a><p class=\"jig-HTMLdescription\">B\u00e9casseau cocorli<\/p><\/li><li><a href=\"https:\/\/i0.wp.com\/mhyrdin.fr\/blog\/wordpress\/wp-content\/gallery\/2016septembre-3\/B%C3%A9casseau-cocorli_3213.jpg?ssl=1\"><img loading=\"lazy\" decoding=\"async\" src=\"https:\/\/i0.wp.com\/mhyrdin.fr\/blog\/wordpress\/wp-content\/gallery\/2016septembre-3\/B%C3%A9casseau-cocorli_3213.jpg?h=170\" alt=\"B\u00e9casseau cocorli_3213\" width=\"113\" height=\"170\" \/><\/a><p class=\"jig-HTMLdescription\">B\u00e9casseau cocorli_3213<\/p><\/li><li><a href=\"https:\/\/i0.wp.com\/mhyrdin.fr\/blog\/wordpress\/wp-content\/gallery\/2016septembre-3\/B%C3%A9casseau-cocorli_3215.jpg?ssl=1\"><img loading=\"lazy\" decoding=\"async\" src=\"https:\/\/i0.wp.com\/mhyrdin.fr\/blog\/wordpress\/wp-content\/gallery\/2016septembre-3\/B%C3%A9casseau-cocorli_3215.jpg?h=170\" alt=\"B\u00e9casseau cocorli\" width=\"255\" height=\"170\" \/><\/a><p class=\"jig-HTMLdescription\">B\u00e9casseau cocorli<\/p><\/li><li><a href=\"https:\/\/i0.wp.com\/mhyrdin.fr\/blog\/wordpress\/wp-content\/gallery\/2016septembre-3\/B%C3%A9cassine-des-marais_3099.jpg?ssl=1\"><img loading=\"lazy\" decoding=\"async\" src=\"https:\/\/i0.wp.com\/mhyrdin.fr\/blog\/wordpress\/wp-content\/gallery\/2016septembre-3\/B%C3%A9cassine-des-marais_3099.jpg?h=170\" alt=\"B\u00e9cassine des marais\" width=\"255\" height=\"170\" \/><\/a><p class=\"jig-HTMLdescription\">B\u00e9cassine des marais<\/p><\/li><li><a href=\"https:\/\/i0.wp.com\/mhyrdin.fr\/blog\/wordpress\/wp-content\/gallery\/2016septembre-3\/B%C3%A9cassine-des-marais_3111.jpg?ssl=1\"><img loading=\"lazy\" decoding=\"async\" src=\"https:\/\/i0.wp.com\/mhyrdin.fr\/blog\/wordpress\/wp-content\/gallery\/2016septembre-3\/B%C3%A9cassine-des-marais_3111.jpg?h=170\" alt=\"B\u00e9cassine des marais\" width=\"255\" height=\"170\" \/><\/a><p class=\"jig-HTMLdescription\">B\u00e9cassine des marais<\/p><\/li><li><a href=\"https:\/\/i0.wp.com\/mhyrdin.fr\/blog\/wordpress\/wp-content\/gallery\/2016septembre-3\/B%C3%A9cassine-des-marais_3116.jpg?ssl=1\"><img loading=\"lazy\" decoding=\"async\" src=\"https:\/\/i0.wp.com\/mhyrdin.fr\/blog\/wordpress\/wp-content\/gallery\/2016septembre-3\/B%C3%A9cassine-des-marais_3116.jpg?h=170\" alt=\"B\u00e9cassine des marais\" width=\"255\" height=\"170\" \/><\/a><p class=\"jig-HTMLdescription\">B\u00e9cassine des marais<\/p><\/li><li><a href=\"https:\/\/i0.wp.com\/mhyrdin.fr\/blog\/wordpress\/wp-content\/gallery\/2016septembre-3\/Bergeronnette-printani%C3%A8re_3172.jpg?ssl=1\"><img loading=\"lazy\" decoding=\"async\" src=\"https:\/\/i0.wp.com\/mhyrdin.fr\/blog\/wordpress\/wp-content\/gallery\/2016septembre-3\/Bergeronnette-printani%C3%A8re_3172.jpg?h=170\" alt=\"Bergeronnette printani\u00e8re\" width=\"255\" height=\"170\" \/><\/a><p class=\"jig-HTMLdescription\">Bergeronnette printani\u00e8re<\/p><\/li><li><a href=\"https:\/\/i0.wp.com\/mhyrdin.fr\/blog\/wordpress\/wp-content\/gallery\/2016septembre-3\/Bergeronnette-printani%C3%A8re_3184.jpg?ssl=1\"><img loading=\"lazy\" decoding=\"async\" src=\"https:\/\/i0.wp.com\/mhyrdin.fr\/blog\/wordpress\/wp-content\/gallery\/2016septembre-3\/Bergeronnette-printani%C3%A8re_3184.jpg?h=170\" alt=\"Bergeronnette printani\u00e8re\" width=\"255\" height=\"170\" \/><\/a><p class=\"jig-HTMLdescription\">Bergeronnette printani\u00e8re<\/p><\/li><li><a href=\"https:\/\/i0.wp.com\/mhyrdin.fr\/blog\/wordpress\/wp-content\/gallery\/2016septembre-3\/Bergeronnette-printani%C3%A8re_3191.jpg?ssl=1\"><img loading=\"lazy\" decoding=\"async\" src=\"https:\/\/i0.wp.com\/mhyrdin.fr\/blog\/wordpress\/wp-content\/gallery\/2016septembre-3\/Bergeronnette-printani%C3%A8re_3191.jpg?h=170\" alt=\"Bergeronnette printani\u00e8re\" width=\"255\" height=\"170\" \/><\/a><p class=\"jig-HTMLdescription\">Bergeronnette printani\u00e8re<\/p><\/li><li><a href=\"https:\/\/i0.wp.com\/mhyrdin.fr\/blog\/wordpress\/wp-content\/gallery\/2016septembre-3\/Grand-Gravelot_3042.jpg?ssl=1\"><img loading=\"lazy\" decoding=\"async\" src=\"https:\/\/i0.wp.com\/mhyrdin.fr\/blog\/wordpress\/wp-content\/gallery\/2016septembre-3\/Grand-Gravelot_3042.jpg?h=170\" alt=\"Grand Gravelot\" width=\"255\" height=\"170\" \/><\/a><p class=\"jig-HTMLdescription\">Grand Gravelot<\/p><\/li><li><a href=\"https:\/\/i0.wp.com\/mhyrdin.fr\/blog\/wordpress\/wp-content\/gallery\/2016septembre-3\/Grand-gravelot_3154.jpg?ssl=1\"><img loading=\"lazy\" decoding=\"async\" src=\"https:\/\/i0.wp.com\/mhyrdin.fr\/blog\/wordpress\/wp-content\/gallery\/2016septembre-3\/Grand-gravelot_3154.jpg?h=170\" alt=\"Grand gravelot\" width=\"255\" height=\"170\" \/><\/a><p class=\"jig-HTMLdescription\">Grand gravelot<\/p><\/li><li><a href=\"https:\/\/i0.wp.com\/mhyrdin.fr\/blog\/wordpress\/wp-content\/gallery\/2016septembre-3\/Gravelots-B%C3%A9casseaux_3037.jpg?ssl=1\"><img loading=\"lazy\" decoding=\"async\" src=\"https:\/\/i0.wp.com\/mhyrdin.fr\/blog\/wordpress\/wp-content\/gallery\/2016septembre-3\/Gravelots-B%C3%A9casseaux_3037.jpg?h=170\" alt=\"Gravelots-B\u00e9casseaux\" width=\"255\" height=\"170\" \/><\/a><p class=\"jig-HTMLdescription\">Gravelots-B\u00e9casseaux<\/p><\/li><li><a href=\"https:\/\/i0.wp.com\/mhyrdin.fr\/blog\/wordpress\/wp-content\/gallery\/2016septembre-3\/Linotte-m%C3%A9lodieuse_3077.jpg?ssl=1\"><img loading=\"lazy\" decoding=\"async\" src=\"https:\/\/i0.wp.com\/mhyrdin.fr\/blog\/wordpress\/wp-content\/gallery\/2016septembre-3\/Linotte-m%C3%A9lodieuse_3077.jpg?h=170\" alt=\"Linotte m\u00e9lodieuse\" width=\"255\" height=\"170\" \/><\/a><p class=\"jig-HTMLdescription\">Linotte m\u00e9lodieuse<\/p><\/li><li><a href=\"https:\/\/i0.wp.com\/mhyrdin.fr\/blog\/wordpress\/wp-content\/gallery\/2016septembre-3\/Mouette-rieuse_3064.jpg?ssl=1\"><img loading=\"lazy\" decoding=\"async\" src=\"https:\/\/i0.wp.com\/mhyrdin.fr\/blog\/wordpress\/wp-content\/gallery\/2016septembre-3\/Mouette-rieuse_3064.jpg?h=170\" alt=\"Mouette rieuse\" width=\"255\" height=\"170\" \/><\/a><p class=\"jig-HTMLdescription\">Mouette rieuse<\/p><\/li><li><a href=\"https:\/\/i0.wp.com\/mhyrdin.fr\/blog\/wordpress\/wp-content\/gallery\/2016septembre-3\/Mouette-rieuse_3066.jpg?ssl=1\"><img loading=\"lazy\" decoding=\"async\" src=\"https:\/\/i0.wp.com\/mhyrdin.fr\/blog\/wordpress\/wp-content\/gallery\/2016septembre-3\/Mouette-rieuse_3066.jpg?h=170\" alt=\"Mouette rieuse\" width=\"327\" height=\"170\" \/><\/a><p class=\"jig-HTMLdescription\">Mouette rieuse<\/p><\/li><li><a href=\"https:\/\/i0.wp.com\/mhyrdin.fr\/blog\/wordpress\/wp-content\/gallery\/2016septembre-3\/R%C3%A2le-d-eau_3119.jpg?ssl=1\"><img loading=\"lazy\" decoding=\"async\" src=\"https:\/\/i0.wp.com\/mhyrdin.fr\/blog\/wordpress\/wp-content\/gallery\/2016septembre-3\/R%C3%A2le-d-eau_3119.jpg?h=170\" alt=\"R\u00e2le d&#039;eau\" width=\"255\" height=\"170\" \/><\/a><p class=\"jig-HTMLdescription\">R\u00e2le d'eau<\/p><\/li><li><a href=\"https:\/\/i0.wp.com\/mhyrdin.fr\/blog\/wordpress\/wp-content\/gallery\/2016septembre-3\/Spatule-blanche_3091.jpg?ssl=1\"><img loading=\"lazy\" decoding=\"async\" src=\"https:\/\/i0.wp.com\/mhyrdin.fr\/blog\/wordpress\/wp-content\/gallery\/2016septembre-3\/Spatule-blanche_3091.jpg?h=170\" alt=\"Spatule blanche\" width=\"394\" height=\"170\" \/><\/a><p class=\"jig-HTMLdescription\">Spatule blanche<\/p><\/li><li><a href=\"https:\/\/i0.wp.com\/mhyrdin.fr\/blog\/wordpress\/wp-content\/gallery\/2016septembre-3\/Suscinio_3465.jpg?ssl=1\" title=\"Suscinio_3465\"><img loading=\"lazy\" decoding=\"async\" src=\"https:\/\/i0.wp.com\/mhyrdin.fr\/blog\/wordpress\/wp-content\/gallery\/2016septembre-3\/Suscinio_3465.jpg?h=170\" alt=\"Suscinio\" width=\"255\" height=\"170\" \/><\/a><p class=\"jig-HTMLdescription\">Suscinio<br\/>Suscinio_3465<\/p><\/li><\/ul><\/noscript><\/div><div id=\"jig1-developerLink\" class=\"jig-developerLink\"><a href=\"https:\/\/justifiedgrid.com\/\" target=\"_blank\" title=\"Justified Image Grid - Premium WordPress Gallery\">powered by Justified Image Grid<\/a><\/div>\n<h3>Related Images:<\/h3>","protected":false},"excerpt":{"rendered":"<p>Aigrette garzetteBarge rousseBarge rousseBarge rousseSympetrum striolatumSympetrum striolatumSympetrum striolatumVannesVannes_3449VannesVannes_3450VannesVannes_3451VannesVannes_3452Vannes-Cath\u00e9drale St-PierreVannes-Cath\u00e9drale St-PierreVannes-Cath\u00e9drale St-PierreVannes-Cath\u00e9drale St-PierreVannes-Cath\u00e9drale St-PierreVannes-Cath\u00e9drale St-PierreCygne tubercul\u00e9Cygne tubercul\u00e9Fauvette grisettePi\u00e9ride du chouxPi\u00e9ride du chouxRobert le diableTircis-m\u00e2le_Alouette des champsAlouette des champs_B\u00e9casseau cocorliB\u00e9casseau cocorliB\u00e9casseau cocorli_3213B\u00e9casseau cocorliB\u00e9cassine des maraisB\u00e9cassine des maraisB\u00e9cassine des maraisBergeronnette printani\u00e8reBergeronnette printani\u00e8reBergeronnette printani\u00e8reGrand GravelotGrand gravelotGravelots-B\u00e9casseauxLinotte m\u00e9lodieuseMouette rieuseMouette rieuseR\u00e2le d&rsquo;eauSpatule blancheSuscinioSuscinio_3465powered by Justified Image Grid Related Images:<\/p>\n","protected":false},"author":4,"featured_media":0,"parent":12056,"menu_order":0,"comment_status":"closed","ping_status":"closed","template":"","meta":{"ngg_post_thumbnail":0,"jetpack_post_was_ever_published":false,"footnotes":"","_links_to":"","_links_to_target":""},"class_list":["post-23464","page","type-page","status-publish","hentry"],"jetpack_shortlink":"https:\/\/wp.me\/P9lSZN-66s","jetpack_sharing_enabled":true,"_links":{"self":[{"href":"https:\/\/mhyrdin.fr\/blog\/wp-json\/wp\/v2\/pages\/23464","targetHints":{"allow":["GET"]}}],"collection":[{"href":"https:\/\/mhyrdin.fr\/blog\/wp-json\/wp\/v2\/pages"}],"about":[{"href":"https:\/\/mhyrdin.fr\/blog\/wp-json\/wp\/v2\/types\/page"}],"author":[{"embeddable":true,"href":"https:\/\/mhyrdin.fr\/blog\/wp-json\/wp\/v2\/users\/4"}],"replies":[{"embeddable":true,"href":"https:\/\/mhyrdin.fr\/blog\/wp-json\/wp\/v2\/comments?post=23464"}],"version-history":[{"count":0,"href":"https:\/\/mhyrdin.fr\/blog\/wp-json\/wp\/v2\/pages\/23464\/revisions"}],"up":[{"embeddable":true,"href":"https:\/\/mhyrdin.fr\/blog\/wp-json\/wp\/v2\/pages\/12056"}],"wp:attachment":[{"href":"https:\/\/mhyrdin.fr\/blog\/wp-json\/wp\/v2\/media?parent=23464"}],"curies":[{"name":"wp","href":"https:\/\/api.w.org\/{rel}","templated":true}]}}