{"id":23463,"date":"2022-10-16T08:36:19","date_gmt":"2022-10-16T06:36:19","guid":{"rendered":"https:\/\/mhyrdin.fr\/blog\/2016-2\/septembre\/nord-finistere-vers-morlaix\/"},"modified":"2022-10-16T08:36:19","modified_gmt":"2022-10-16T06:36:19","slug":"nord-finistere-vers-morlaix","status":"publish","type":"page","link":"https:\/\/mhyrdin.fr\/blog\/archives-numeriques\/2016-2\/septembre\/nord-finistere-vers-morlaix\/","title":{"rendered":"Nord Finist\u00e8re vers Morlaix"},"content":{"rendered":"<div id=\"jig1\" class=\"justified-image-grid jig-48c1ef3dbf1f086fb9eb80b2f4e443c5 jig-preset-global jig-source-nextgen\"><div class=\"jig-clearfix\"><\/div><noscript id=\"jig1-html\" class=\"justified-image-grid-html\" data-lazy-src=\"skiplazyload\" data-src=\"skipunveillazyload\"><ul><li><a href=\"https:\/\/i0.wp.com\/mhyrdin.fr\/blog\/wordpress\/wp-content\/gallery\/2016septembre-4\/Artichaut-violet_3381.jpg?ssl=1\"><img loading=\"lazy\" decoding=\"async\" src=\"https:\/\/i0.wp.com\/mhyrdin.fr\/blog\/wordpress\/wp-content\/gallery\/2016septembre-4\/Artichaut-violet_3381.jpg?h=170\" alt=\"Artichaut violet\" width=\"332\" height=\"170\" \/><\/a><p class=\"jig-HTMLdescription\">Artichaut violet<\/p><\/li><li><a href=\"https:\/\/i0.wp.com\/mhyrdin.fr\/blog\/wordpress\/wp-content\/gallery\/2016septembre-4\/Cuivr%C3%A9_3354.jpg?ssl=1\"><img loading=\"lazy\" decoding=\"async\" src=\"https:\/\/i0.wp.com\/mhyrdin.fr\/blog\/wordpress\/wp-content\/gallery\/2016septembre-4\/Cuivr%C3%A9_3354.jpg?h=170\" alt=\"Cuivr\u00e9 commun\" width=\"113\" height=\"170\" \/><\/a><p class=\"jig-HTMLdescription\">Cuivr\u00e9 commun<\/p><\/li><li><a href=\"https:\/\/i0.wp.com\/mhyrdin.fr\/blog\/wordpress\/wp-content\/gallery\/2016septembre-4\/Cuivr%C3%A9_3360.jpg?ssl=1\"><img loading=\"lazy\" decoding=\"async\" src=\"https:\/\/i0.wp.com\/mhyrdin.fr\/blog\/wordpress\/wp-content\/gallery\/2016septembre-4\/Cuivr%C3%A9_3360.jpg?h=170\" alt=\"Cuivr\u00e9 commun\" width=\"113\" height=\"170\" \/><\/a><p class=\"jig-HTMLdescription\">Cuivr\u00e9 commun<\/p><\/li><li><a href=\"https:\/\/i0.wp.com\/mhyrdin.fr\/blog\/wordpress\/wp-content\/gallery\/2016septembre-4\/Finn_3444.jpg?ssl=1\" title=\"Finn_3444\"><img loading=\"lazy\" decoding=\"async\" src=\"https:\/\/i0.wp.com\/mhyrdin.fr\/blog\/wordpress\/wp-content\/gallery\/2016septembre-4\/Finn_3444.jpg?h=170\" alt=\"Finn\" width=\"255\" height=\"170\" \/><\/a><p class=\"jig-HTMLdescription\">Finn<br\/>Finn_3444<\/p><\/li><li><a href=\"https:\/\/i0.wp.com\/mhyrdin.fr\/blog\/wordpress\/wp-content\/gallery\/2016septembre-4\/Gamma_3373.jpg?ssl=1\" title=\"Gamma_3373\"><img loading=\"lazy\" decoding=\"async\" src=\"https:\/\/i0.wp.com\/mhyrdin.fr\/blog\/wordpress\/wp-content\/gallery\/2016septembre-4\/Gamma_3373.jpg?h=170\" alt=\"Gamma\" width=\"255\" height=\"170\" \/><\/a><p class=\"jig-HTMLdescription\">Gamma<br\/>Gamma_3373<\/p><\/li><li><a href=\"https:\/\/i0.wp.com\/mhyrdin.fr\/blog\/wordpress\/wp-content\/gallery\/2016septembre-4\/M%C3%A9g%C3%A8re_3266.jpg?ssl=1\"><img loading=\"lazy\" decoding=\"async\" src=\"https:\/\/i0.wp.com\/mhyrdin.fr\/blog\/wordpress\/wp-content\/gallery\/2016septembre-4\/M%C3%A9g%C3%A8re_3266.jpg?h=170\" alt=\"M\u00e9g\u00e8re\" width=\"255\" height=\"170\" \/><\/a><p class=\"jig-HTMLdescription\">M\u00e9g\u00e8re<\/p><\/li><li><a href=\"https:\/\/i0.wp.com\/mhyrdin.fr\/blog\/wordpress\/wp-content\/gallery\/2016septembre-4\/M%C3%A9g%C3%A8re_3274.jpg?ssl=1\"><img loading=\"lazy\" decoding=\"async\" src=\"https:\/\/i0.wp.com\/mhyrdin.fr\/blog\/wordpress\/wp-content\/gallery\/2016septembre-4\/M%C3%A9g%C3%A8re_3274.jpg?h=170\" alt=\"M\u00e9g\u00e8re\" width=\"255\" height=\"170\" \/><\/a><p class=\"jig-HTMLdescription\">M\u00e9g\u00e8re<\/p><\/li><li><a href=\"https:\/\/i0.wp.com\/mhyrdin.fr\/blog\/wordpress\/wp-content\/gallery\/2016septembre-4\/Mouche-de-midi_3415.jpg?ssl=1\"><img loading=\"lazy\" decoding=\"async\" src=\"https:\/\/i0.wp.com\/mhyrdin.fr\/blog\/wordpress\/wp-content\/gallery\/2016septembre-4\/Mouche-de-midi_3415.jpg?h=170\" alt=\"Mouche de midi\" width=\"255\" height=\"170\" \/><\/a><p class=\"jig-HTMLdescription\">Mouche de midi<\/p><\/li><li><a href=\"https:\/\/i0.wp.com\/mhyrdin.fr\/blog\/wordpress\/wp-content\/gallery\/2016septembre-4\/Paon-du-jour_3335.jpg?ssl=1\"><img loading=\"lazy\" decoding=\"async\" src=\"https:\/\/i0.wp.com\/mhyrdin.fr\/blog\/wordpress\/wp-content\/gallery\/2016septembre-4\/Paon-du-jour_3335.jpg?h=170\" alt=\"Paon du jour\" width=\"113\" height=\"170\" \/><\/a><p class=\"jig-HTMLdescription\">Paon du jour<\/p><\/li><li><a href=\"https:\/\/i0.wp.com\/mhyrdin.fr\/blog\/wordpress\/wp-content\/gallery\/2016septembre-4\/Petite-tortue_3329.jpg?ssl=1\"><img loading=\"lazy\" decoding=\"async\" src=\"https:\/\/i0.wp.com\/mhyrdin.fr\/blog\/wordpress\/wp-content\/gallery\/2016septembre-4\/Petite-tortue_3329.jpg?h=170\" alt=\"Petite tortue\" width=\"255\" height=\"170\" \/><\/a><p class=\"jig-HTMLdescription\">Petite tortue<\/p><\/li><li><a href=\"https:\/\/i0.wp.com\/mhyrdin.fr\/blog\/wordpress\/wp-content\/gallery\/2016septembre-4\/Pi%C3%A9ride-du-choux_3382.jpg?ssl=1\"><img loading=\"lazy\" decoding=\"async\" src=\"https:\/\/i0.wp.com\/mhyrdin.fr\/blog\/wordpress\/wp-content\/gallery\/2016septembre-4\/Pi%C3%A9ride-du-choux_3382.jpg?h=170\" alt=\"Pi\u00e9ride du choux\" width=\"255\" height=\"170\" \/><\/a><p class=\"jig-HTMLdescription\">Pi\u00e9ride du choux<\/p><\/li><li><a href=\"https:\/\/i0.wp.com\/mhyrdin.fr\/blog\/wordpress\/wp-content\/gallery\/2016septembre-4\/Pi%C3%A9ride-du-navet_3346.jpg?ssl=1\"><img loading=\"lazy\" decoding=\"async\" src=\"https:\/\/i0.wp.com\/mhyrdin.fr\/blog\/wordpress\/wp-content\/gallery\/2016septembre-4\/Pi%C3%A9ride-du-navet_3346.jpg?h=170\" alt=\"Pi\u00e9ride du navet\" width=\"255\" height=\"170\" \/><\/a><p class=\"jig-HTMLdescription\">Pi\u00e9ride du navet<\/p><\/li><li><a href=\"https:\/\/i0.wp.com\/mhyrdin.fr\/blog\/wordpress\/wp-content\/gallery\/2016septembre-4\/Sympetrum-striolatum_3409.jpg?ssl=1\"><img loading=\"lazy\" decoding=\"async\" src=\"https:\/\/i0.wp.com\/mhyrdin.fr\/blog\/wordpress\/wp-content\/gallery\/2016septembre-4\/Sympetrum-striolatum_3409.jpg?h=170\" alt=\"Sympetrum striolatum\" width=\"255\" height=\"170\" \/><\/a><p class=\"jig-HTMLdescription\">Sympetrum striolatum<\/p><\/li><li><a href=\"https:\/\/i0.wp.com\/mhyrdin.fr\/blog\/wordpress\/wp-content\/gallery\/2016septembre-4\/Tircis_3428.jpg?ssl=1\" title=\"Tircis_3428\"><img loading=\"lazy\" decoding=\"async\" src=\"https:\/\/i0.wp.com\/mhyrdin.fr\/blog\/wordpress\/wp-content\/gallery\/2016septembre-4\/Tircis_3428.jpg?h=170\" alt=\"Tircis\" width=\"255\" height=\"170\" \/><\/a><p class=\"jig-HTMLdescription\">Tircis<br\/>Tircis_3428<\/p><\/li><li><a href=\"https:\/\/i0.wp.com\/mhyrdin.fr\/blog\/wordpress\/wp-content\/gallery\/2016septembre-4\/Vulcain_3391.jpg?ssl=1\" title=\"Vulcain_3391\"><img loading=\"lazy\" decoding=\"async\" src=\"https:\/\/i0.wp.com\/mhyrdin.fr\/blog\/wordpress\/wp-content\/gallery\/2016septembre-4\/Vulcain_3391.jpg?h=170\" alt=\"Vulcain\" width=\"255\" height=\"170\" \/><\/a><p class=\"jig-HTMLdescription\">Vulcain<br\/>Vulcain_3391<\/p><\/li><li><a href=\"https:\/\/i0.wp.com\/mhyrdin.fr\/blog\/wordpress\/wp-content\/gallery\/2016septembre-4\/Go%C3%A9land_3455.jpg?ssl=1\"><img loading=\"lazy\" decoding=\"async\" src=\"https:\/\/i0.wp.com\/mhyrdin.fr\/blog\/wordpress\/wp-content\/gallery\/2016septembre-4\/Go%C3%A9land_3455.jpg?h=170\" alt=\"Go\u00e9land\" width=\"255\" height=\"170\" \/><\/a><p class=\"jig-HTMLdescription\">Go\u00e9land<\/p><\/li><li><a href=\"https:\/\/i0.wp.com\/mhyrdin.fr\/blog\/wordpress\/wp-content\/gallery\/2016septembre-4\/Grand-Cormoran_3531.jpg?ssl=1\"><img loading=\"lazy\" decoding=\"async\" src=\"https:\/\/i0.wp.com\/mhyrdin.fr\/blog\/wordpress\/wp-content\/gallery\/2016septembre-4\/Grand-Cormoran_3531.jpg?h=170\" alt=\"Grand Cormoran\" width=\"325\" height=\"170\" \/><\/a><p class=\"jig-HTMLdescription\">Grand Cormoran<\/p><\/li><li><a href=\"https:\/\/i0.wp.com\/mhyrdin.fr\/blog\/wordpress\/wp-content\/gallery\/2016septembre-4\/Grand-Cormoran_3547.jpg?ssl=1\"><img loading=\"lazy\" decoding=\"async\" src=\"https:\/\/i0.wp.com\/mhyrdin.fr\/blog\/wordpress\/wp-content\/gallery\/2016septembre-4\/Grand-Cormoran_3547.jpg?h=170\" alt=\"Grand Cormoran\" width=\"255\" height=\"170\" \/><\/a><p class=\"jig-HTMLdescription\">Grand Cormoran<\/p><\/li><li><a href=\"https:\/\/i0.wp.com\/mhyrdin.fr\/blog\/wordpress\/wp-content\/gallery\/2016septembre-4\/Grand-Cormoran_3563.jpg?ssl=1\"><img loading=\"lazy\" decoding=\"async\" src=\"https:\/\/i0.wp.com\/mhyrdin.fr\/blog\/wordpress\/wp-content\/gallery\/2016septembre-4\/Grand-Cormoran_3563.jpg?h=170\" alt=\"Grand Cormoran\" width=\"253\" height=\"170\" \/><\/a><p class=\"jig-HTMLdescription\">Grand Cormoran<\/p><\/li><li><a href=\"https:\/\/i0.wp.com\/mhyrdin.fr\/blog\/wordpress\/wp-content\/gallery\/2016septembre-4\/Grand-Cormoran_3578.jpg?ssl=1\"><img loading=\"lazy\" decoding=\"async\" src=\"https:\/\/i0.wp.com\/mhyrdin.fr\/blog\/wordpress\/wp-content\/gallery\/2016septembre-4\/Grand-Cormoran_3578.jpg?h=170\" alt=\"Grand Cormoran\" width=\"255\" height=\"170\" \/><\/a><p class=\"jig-HTMLdescription\">Grand Cormoran<\/p><\/li><li><a href=\"https:\/\/i0.wp.com\/mhyrdin.fr\/blog\/wordpress\/wp-content\/gallery\/2016septembre-4\/Hirondelle-rustique_3610.jpg?ssl=1\"><img loading=\"lazy\" decoding=\"async\" src=\"https:\/\/i0.wp.com\/mhyrdin.fr\/blog\/wordpress\/wp-content\/gallery\/2016septembre-4\/Hirondelle-rustique_3610.jpg?h=170\" alt=\"Hirondelle rustique\" width=\"255\" height=\"170\" \/><\/a><p class=\"jig-HTMLdescription\">Hirondelle rustique<\/p><\/li><li><a href=\"https:\/\/i0.wp.com\/mhyrdin.fr\/blog\/wordpress\/wp-content\/gallery\/2016septembre-4\/Phoque-gris_3489.jpg?ssl=1\"><img loading=\"lazy\" decoding=\"async\" src=\"https:\/\/i0.wp.com\/mhyrdin.fr\/blog\/wordpress\/wp-content\/gallery\/2016septembre-4\/Phoque-gris_3489.jpg?h=170\" alt=\"Phoque gris\" width=\"255\" height=\"170\" \/><\/a><p class=\"jig-HTMLdescription\">Phoque gris<\/p><\/li><li><a href=\"https:\/\/i0.wp.com\/mhyrdin.fr\/blog\/wordpress\/wp-content\/gallery\/2016septembre-4\/Phoque-gris_3491.jpg?ssl=1\"><img loading=\"lazy\" decoding=\"async\" src=\"https:\/\/i0.wp.com\/mhyrdin.fr\/blog\/wordpress\/wp-content\/gallery\/2016septembre-4\/Phoque-gris_3491.jpg?h=170\" alt=\"Phoque gris\" width=\"255\" height=\"170\" \/><\/a><p class=\"jig-HTMLdescription\">Phoque gris<\/p><\/li><li><a href=\"https:\/\/i0.wp.com\/mhyrdin.fr\/blog\/wordpress\/wp-content\/gallery\/2016septembre-4\/Primel-Les-Chaises_3460.jpg?ssl=1\"><img loading=\"lazy\" decoding=\"async\" src=\"https:\/\/i0.wp.com\/mhyrdin.fr\/blog\/wordpress\/wp-content\/gallery\/2016septembre-4\/Primel-Les-Chaises_3460.jpg?h=170\" alt=\"Primel-Les Chaises\" width=\"360\" height=\"170\" \/><\/a><p class=\"jig-HTMLdescription\">Primel-Les Chaises<\/p><\/li><li><a href=\"https:\/\/i0.wp.com\/mhyrdin.fr\/blog\/wordpress\/wp-content\/gallery\/2016septembre-4\/Primel-Les-M%C3%A9loines_3461.jpg?ssl=1\"><img loading=\"lazy\" decoding=\"async\" src=\"https:\/\/i0.wp.com\/mhyrdin.fr\/blog\/wordpress\/wp-content\/gallery\/2016septembre-4\/Primel-Les-M%C3%A9loines_3461.jpg?h=170\" alt=\"Primel-Les M\u00e9loines\" width=\"343\" height=\"170\" \/><\/a><p class=\"jig-HTMLdescription\">Primel-Les M\u00e9loines<\/p><\/li><li><a href=\"https:\/\/i0.wp.com\/mhyrdin.fr\/blog\/wordpress\/wp-content\/gallery\/2016septembre-4\/Raisin_3616.jpg?ssl=1\" title=\"Raisin_3616\"><img loading=\"lazy\" decoding=\"async\" src=\"https:\/\/i0.wp.com\/mhyrdin.fr\/blog\/wordpress\/wp-content\/gallery\/2016septembre-4\/Raisin_3616.jpg?h=170\" alt=\"Raisin breton\" width=\"255\" height=\"170\" \/><\/a><p class=\"jig-HTMLdescription\">Raisin breton<br\/>Raisin_3616<\/p><\/li><li><a href=\"https:\/\/i0.wp.com\/mhyrdin.fr\/blog\/wordpress\/wp-content\/gallery\/2016septembre-4\/Raisin_3617.jpg?ssl=1\" title=\"Raisin_3617\"><img loading=\"lazy\" decoding=\"async\" src=\"https:\/\/i0.wp.com\/mhyrdin.fr\/blog\/wordpress\/wp-content\/gallery\/2016septembre-4\/Raisin_3617.jpg?h=170\" alt=\"Raisin breton\" width=\"113\" height=\"170\" \/><\/a><p class=\"jig-HTMLdescription\">Raisin breton<br\/>Raisin_3617<\/p><\/li><li><a href=\"https:\/\/i0.wp.com\/mhyrdin.fr\/blog\/wordpress\/wp-content\/gallery\/2016septembre-4\/M%C3%A9g%C3%A8re_3632.jpg?ssl=1\"><img loading=\"lazy\" decoding=\"async\" src=\"https:\/\/i0.wp.com\/mhyrdin.fr\/blog\/wordpress\/wp-content\/gallery\/2016septembre-4\/M%C3%A9g%C3%A8re_3632.jpg?h=170\" alt=\"M\u00e9g\u00e8re\" width=\"255\" height=\"170\" \/><\/a><p class=\"jig-HTMLdescription\">M\u00e9g\u00e8re<\/p><\/li><li><a href=\"https:\/\/i0.wp.com\/mhyrdin.fr\/blog\/wordpress\/wp-content\/gallery\/2016septembre-4\/M%C3%A9g%C3%A8re_3638.jpg?ssl=1\"><img loading=\"lazy\" decoding=\"async\" src=\"https:\/\/i0.wp.com\/mhyrdin.fr\/blog\/wordpress\/wp-content\/gallery\/2016septembre-4\/M%C3%A9g%C3%A8re_3638.jpg?h=170\" alt=\"M\u00e9g\u00e8re\" width=\"255\" height=\"170\" \/><\/a><p class=\"jig-HTMLdescription\">M\u00e9g\u00e8re<\/p><\/li><li><a href=\"https:\/\/i0.wp.com\/mhyrdin.fr\/blog\/wordpress\/wp-content\/gallery\/2016septembre-4\/Paon-du-jour_3640.jpg?ssl=1\"><img loading=\"lazy\" decoding=\"async\" src=\"https:\/\/i0.wp.com\/mhyrdin.fr\/blog\/wordpress\/wp-content\/gallery\/2016septembre-4\/Paon-du-jour_3640.jpg?h=170\" alt=\"Paon du jour\" width=\"255\" height=\"170\" \/><\/a><p class=\"jig-HTMLdescription\">Paon du jour<\/p><\/li><li><a href=\"https:\/\/i0.wp.com\/mhyrdin.fr\/blog\/wordpress\/wp-content\/gallery\/2016septembre-4\/Tas-de-pois_3647.jpg?ssl=1\"><img loading=\"lazy\" decoding=\"async\" src=\"https:\/\/i0.wp.com\/mhyrdin.fr\/blog\/wordpress\/wp-content\/gallery\/2016septembre-4\/Tas-de-pois_3647.jpg?h=170\" alt=\"Tas de pois\" width=\"301\" height=\"170\" \/><\/a><p class=\"jig-HTMLdescription\">Tas de pois<\/p><\/li><li><a href=\"https:\/\/i0.wp.com\/mhyrdin.fr\/blog\/wordpress\/wp-content\/gallery\/2016septembre-4\/Plantes-grasses_3934.jpg?ssl=1\"><img loading=\"lazy\" decoding=\"async\" src=\"https:\/\/i0.wp.com\/mhyrdin.fr\/blog\/wordpress\/wp-content\/gallery\/2016septembre-4\/Plantes-grasses_3934.jpg?h=170\" alt=\"Plantes grasses\" width=\"113\" height=\"170\" \/><\/a><p class=\"jig-HTMLdescription\">Plantes grasses<\/p><\/li><li><a href=\"https:\/\/i0.wp.com\/mhyrdin.fr\/blog\/wordpress\/wp-content\/gallery\/2016septembre-4\/Plantes-grasses_3940.jpg?ssl=1\"><img loading=\"lazy\" decoding=\"async\" src=\"https:\/\/i0.wp.com\/mhyrdin.fr\/blog\/wordpress\/wp-content\/gallery\/2016septembre-4\/Plantes-grasses_3940.jpg?h=170\" alt=\"Plantes grasses\" width=\"285\" height=\"170\" \/><\/a><p class=\"jig-HTMLdescription\">Plantes grasses<\/p><\/li><li><a href=\"https:\/\/i0.wp.com\/mhyrdin.fr\/blog\/wordpress\/wp-content\/gallery\/2016septembre-4\/Plantes-grasses_3941.jpg?ssl=1\"><img loading=\"lazy\" decoding=\"async\" src=\"https:\/\/i0.wp.com\/mhyrdin.fr\/blog\/wordpress\/wp-content\/gallery\/2016septembre-4\/Plantes-grasses_3941.jpg?h=170\" alt=\"Plantes grasses\" width=\"170\" height=\"170\" \/><\/a><p class=\"jig-HTMLdescription\">Plantes grasses<\/p><\/li><li><a href=\"https:\/\/i0.wp.com\/mhyrdin.fr\/blog\/wordpress\/wp-content\/gallery\/2016septembre-4\/Raisin_3924.jpg?ssl=1\" title=\"Raisin_3924\"><img loading=\"lazy\" decoding=\"async\" src=\"https:\/\/i0.wp.com\/mhyrdin.fr\/blog\/wordpress\/wp-content\/gallery\/2016septembre-4\/Raisin_3924.jpg?h=170\" alt=\"Raisin breton\" width=\"170\" height=\"170\" \/><\/a><p class=\"jig-HTMLdescription\">Raisin breton<br\/>Raisin_3924<\/p><\/li><li><a href=\"https:\/\/i0.wp.com\/mhyrdin.fr\/blog\/wordpress\/wp-content\/gallery\/2016septembre-4\/Rosier_3926.jpg?ssl=1\" title=\"Rosier_3926\"><img loading=\"lazy\" decoding=\"async\" src=\"https:\/\/i0.wp.com\/mhyrdin.fr\/blog\/wordpress\/wp-content\/gallery\/2016septembre-4\/Rosier_3926.jpg?h=170\" alt=\"Rosier\" width=\"255\" height=\"170\" \/><\/a><p class=\"jig-HTMLdescription\">Rosier<br\/>Rosier_3926<\/p><\/li><li><a href=\"https:\/\/i0.wp.com\/mhyrdin.fr\/blog\/wordpress\/wp-content\/gallery\/2016septembre-4\/Rosier_3928.jpg?ssl=1\" title=\"Rosier_3928\"><img loading=\"lazy\" decoding=\"async\" src=\"https:\/\/i0.wp.com\/mhyrdin.fr\/blog\/wordpress\/wp-content\/gallery\/2016septembre-4\/Rosier_3928.jpg?h=170\" alt=\"Rosier\" width=\"89\" height=\"170\" \/><\/a><p class=\"jig-HTMLdescription\">Rosier<br\/>Rosier_3928<\/p><\/li><li><a href=\"https:\/\/i0.wp.com\/mhyrdin.fr\/blog\/wordpress\/wp-content\/gallery\/2016septembre-4\/An%C3%A9mone-du-japon_3951.jpg?ssl=1\"><img loading=\"lazy\" decoding=\"async\" src=\"https:\/\/i0.wp.com\/mhyrdin.fr\/blog\/wordpress\/wp-content\/gallery\/2016septembre-4\/An%C3%A9mone-du-japon_3951.jpg?h=170\" alt=\"An\u00e9mone du japon\" width=\"255\" height=\"170\" \/><\/a><p class=\"jig-HTMLdescription\">An\u00e9mone du japon<\/p><\/li><li><a href=\"https:\/\/i0.wp.com\/mhyrdin.fr\/blog\/wordpress\/wp-content\/gallery\/2016septembre-4\/An%C3%A9mone-du-japon_3964.jpg?ssl=1\"><img loading=\"lazy\" decoding=\"async\" src=\"https:\/\/i0.wp.com\/mhyrdin.fr\/blog\/wordpress\/wp-content\/gallery\/2016septembre-4\/An%C3%A9mone-du-japon_3964.jpg?h=170\" alt=\"An\u00e9mone du japon\" width=\"255\" height=\"170\" \/><\/a><p class=\"jig-HTMLdescription\">An\u00e9mone du japon<\/p><\/li><li><a href=\"https:\/\/i0.wp.com\/mhyrdin.fr\/blog\/wordpress\/wp-content\/gallery\/2016septembre-4\/An%C3%A9mone-du-japon_3995.jpg?ssl=1\"><img loading=\"lazy\" decoding=\"async\" src=\"https:\/\/i0.wp.com\/mhyrdin.fr\/blog\/wordpress\/wp-content\/gallery\/2016septembre-4\/An%C3%A9mone-du-japon_3995.jpg?h=170\" alt=\"An\u00e9mone du japon\" width=\"299\" height=\"170\" \/><\/a><p class=\"jig-HTMLdescription\">An\u00e9mone du japon<\/p><\/li><li><a href=\"https:\/\/i0.wp.com\/mhyrdin.fr\/blog\/wordpress\/wp-content\/gallery\/2016septembre-4\/Framboise_3954.jpg?ssl=1\" title=\"Framboise_3954\"><img loading=\"lazy\" decoding=\"async\" src=\"https:\/\/i0.wp.com\/mhyrdin.fr\/blog\/wordpress\/wp-content\/gallery\/2016septembre-4\/Framboise_3954.jpg?h=170\" alt=\"Framboise\" width=\"255\" height=\"170\" \/><\/a><p class=\"jig-HTMLdescription\">Framboise<br\/>Framboise_3954<\/p><\/li><li><a href=\"https:\/\/i0.wp.com\/mhyrdin.fr\/blog\/wordpress\/wp-content\/gallery\/2016septembre-4\/Plantes-grasses_3945.jpg?ssl=1\"><img loading=\"lazy\" decoding=\"async\" src=\"https:\/\/i0.wp.com\/mhyrdin.fr\/blog\/wordpress\/wp-content\/gallery\/2016septembre-4\/Plantes-grasses_3945.jpg?h=170\" alt=\"Plantes grasses\" width=\"170\" height=\"170\" \/><\/a><p class=\"jig-HTMLdescription\">Plantes grasses<\/p><\/li><\/ul><\/noscript><\/div><div id=\"jig1-developerLink\" class=\"jig-developerLink\"><a href=\"https:\/\/justifiedgrid.com\/\" target=\"_blank\" title=\"Justified Image Grid - Premium WordPress Gallery\">powered by Justified Image Grid<\/a><\/div>\n<h3>Related Images:<\/h3>","protected":false},"excerpt":{"rendered":"<p>Artichaut violetCuivr\u00e9 communCuivr\u00e9 communFinnFinn_3444GammaGamma_3373M\u00e9g\u00e8reM\u00e9g\u00e8reMouche de midiPaon du jourPetite tortuePi\u00e9ride du chouxPi\u00e9ride du navetSympetrum striolatumTircisTircis_3428VulcainVulcain_3391Go\u00e9landGrand CormoranGrand CormoranGrand CormoranGrand CormoranHirondelle rustiquePhoque grisPhoque grisPrimel-Les ChaisesPrimel-Les M\u00e9loinesRaisin bretonRaisin_3616Raisin bretonRaisin_3617M\u00e9g\u00e8reM\u00e9g\u00e8rePaon du jourTas de poisPlantes grassesPlantes grassesPlantes grassesRaisin bretonRaisin_3924RosierRosier_3926RosierRosier_3928An\u00e9mone du japonAn\u00e9mone du japonAn\u00e9mone du japonFramboiseFramboise_3954Plantes grassespowered by Justified Image Grid Related Images:<\/p>\n","protected":false},"author":4,"featured_media":0,"parent":12056,"menu_order":0,"comment_status":"closed","ping_status":"closed","template":"","meta":{"ngg_post_thumbnail":0,"jetpack_post_was_ever_published":false,"footnotes":"","_links_to":"","_links_to_target":""},"class_list":["post-23463","page","type-page","status-publish","hentry"],"jetpack_shortlink":"https:\/\/wp.me\/P9lSZN-66r","jetpack_sharing_enabled":true,"_links":{"self":[{"href":"https:\/\/mhyrdin.fr\/blog\/wp-json\/wp\/v2\/pages\/23463","targetHints":{"allow":["GET"]}}],"collection":[{"href":"https:\/\/mhyrdin.fr\/blog\/wp-json\/wp\/v2\/pages"}],"about":[{"href":"https:\/\/mhyrdin.fr\/blog\/wp-json\/wp\/v2\/types\/page"}],"author":[{"embeddable":true,"href":"https:\/\/mhyrdin.fr\/blog\/wp-json\/wp\/v2\/users\/4"}],"replies":[{"embeddable":true,"href":"https:\/\/mhyrdin.fr\/blog\/wp-json\/wp\/v2\/comments?post=23463"}],"version-history":[{"count":0,"href":"https:\/\/mhyrdin.fr\/blog\/wp-json\/wp\/v2\/pages\/23463\/revisions"}],"up":[{"embeddable":true,"href":"https:\/\/mhyrdin.fr\/blog\/wp-json\/wp\/v2\/pages\/12056"}],"wp:attachment":[{"href":"https:\/\/mhyrdin.fr\/blog\/wp-json\/wp\/v2\/media?parent=23463"}],"curies":[{"name":"wp","href":"https:\/\/api.w.org\/{rel}","templated":true}]}}