{"id":23449,"date":"2022-10-16T08:03:18","date_gmt":"2022-10-16T06:03:18","guid":{"rendered":"https:\/\/mhyrdin.fr\/blog\/2016-2\/mai\/granlieu\/"},"modified":"2022-10-16T08:07:07","modified_gmt":"2022-10-16T06:07:07","slug":"granlieu","status":"publish","type":"page","link":"https:\/\/mhyrdin.fr\/blog\/archives-numeriques\/2016-2\/mai\/granlieu\/","title":{"rendered":"Granlieu"},"content":{"rendered":"<p>En attendant l&#8217;embarquement pour Corfou<div id=\"jig1\" class=\"justified-image-grid jig-e34d4e13dbcf0629563575c896e4dfd7 jig-preset-global jig-source-nextgen\"><div class=\"jig-clearfix\"><\/div><noscript id=\"jig1-html\" class=\"justified-image-grid-html\" data-lazy-src=\"skiplazyload\" data-src=\"skipunveillazyload\"><ul><li><a href=\"https:\/\/i0.wp.com\/mhyrdin.fr\/blog\/wordpress\/wp-content\/gallery\/2016Granlieu\/Gr%C3%A8be-hupp%C3%A9_8186.jpg?ssl=1\"><img loading=\"lazy\" decoding=\"async\" src=\"https:\/\/i0.wp.com\/mhyrdin.fr\/blog\/wordpress\/wp-content\/gallery\/2016Granlieu\/Gr%C3%A8be-hupp%C3%A9_8186.jpg?h=170\" alt=\"Gr\u00e8be hupp\u00e9\" width=\"113\" height=\"170\" \/><\/a><p class=\"jig-HTMLdescription\">Gr\u00e8be hupp\u00e9<\/p><\/li><li><a href=\"https:\/\/i0.wp.com\/mhyrdin.fr\/blog\/wordpress\/wp-content\/gallery\/2016Granlieu\/Gr%C3%A8be-hupp%C3%A9_8148.jpg?ssl=1\"><img loading=\"lazy\" decoding=\"async\" src=\"https:\/\/i0.wp.com\/mhyrdin.fr\/blog\/wordpress\/wp-content\/gallery\/2016Granlieu\/Gr%C3%A8be-hupp%C3%A9_8148.jpg?h=170\" alt=\"Gr\u00e8be hupp\u00e9\" width=\"255\" height=\"170\" \/><\/a><p class=\"jig-HTMLdescription\">Gr\u00e8be hupp\u00e9<\/p><\/li><li><a href=\"https:\/\/i0.wp.com\/mhyrdin.fr\/blog\/wordpress\/wp-content\/gallery\/2016Granlieu\/Gr%C3%A8be-hupp%C3%A9_8154.jpg?ssl=1\"><img loading=\"lazy\" decoding=\"async\" src=\"https:\/\/i0.wp.com\/mhyrdin.fr\/blog\/wordpress\/wp-content\/gallery\/2016Granlieu\/Gr%C3%A8be-hupp%C3%A9_8154.jpg?h=170\" alt=\"Gr\u00e8be hupp\u00e9\" width=\"255\" height=\"170\" \/><\/a><p class=\"jig-HTMLdescription\">Gr\u00e8be hupp\u00e9<\/p><\/li><li><a href=\"https:\/\/i0.wp.com\/mhyrdin.fr\/blog\/wordpress\/wp-content\/gallery\/2016Granlieu\/Gr%C3%A8be-hupp%C3%A9_8155.jpg?ssl=1\"><img loading=\"lazy\" decoding=\"async\" src=\"https:\/\/i0.wp.com\/mhyrdin.fr\/blog\/wordpress\/wp-content\/gallery\/2016Granlieu\/Gr%C3%A8be-hupp%C3%A9_8155.jpg?h=170\" alt=\"Gr\u00e8be hupp\u00e9\" width=\"255\" height=\"170\" \/><\/a><p class=\"jig-HTMLdescription\">Gr\u00e8be hupp\u00e9<\/p><\/li><li><a href=\"https:\/\/i0.wp.com\/mhyrdin.fr\/blog\/wordpress\/wp-content\/gallery\/2016Granlieu\/Hirondelle-rustique_8174.jpg?ssl=1\"><img loading=\"lazy\" decoding=\"async\" src=\"https:\/\/i0.wp.com\/mhyrdin.fr\/blog\/wordpress\/wp-content\/gallery\/2016Granlieu\/Hirondelle-rustique_8174.jpg?h=170\" alt=\"Hirondelle rustique\" width=\"113\" height=\"170\" \/><\/a><p class=\"jig-HTMLdescription\">Hirondelle rustique<\/p><\/li><li><a href=\"https:\/\/i0.wp.com\/mhyrdin.fr\/blog\/wordpress\/wp-content\/gallery\/2016Granlieu\/Hirondelle-rustique_8180.jpg?ssl=1\"><img loading=\"lazy\" decoding=\"async\" src=\"https:\/\/i0.wp.com\/mhyrdin.fr\/blog\/wordpress\/wp-content\/gallery\/2016Granlieu\/Hirondelle-rustique_8180.jpg?h=170\" alt=\"Hirondelle rustique\" width=\"255\" height=\"170\" \/><\/a><p class=\"jig-HTMLdescription\">Hirondelle rustique<\/p><\/li><li><a href=\"https:\/\/i0.wp.com\/mhyrdin.fr\/blog\/wordpress\/wp-content\/gallery\/2016Granlieu\/Hirondelle-rustique_8181.jpg?ssl=1\"><img loading=\"lazy\" decoding=\"async\" src=\"https:\/\/i0.wp.com\/mhyrdin.fr\/blog\/wordpress\/wp-content\/gallery\/2016Granlieu\/Hirondelle-rustique_8181.jpg?h=170\" alt=\"Hirondelle rustique\" width=\"255\" height=\"170\" \/><\/a><p class=\"jig-HTMLdescription\">Hirondelle rustique<\/p><\/li><li><a href=\"https:\/\/i0.wp.com\/mhyrdin.fr\/blog\/wordpress\/wp-content\/gallery\/2016Granlieu\/Milan-noir_8170.jpg?ssl=1\"><img loading=\"lazy\" decoding=\"async\" src=\"https:\/\/i0.wp.com\/mhyrdin.fr\/blog\/wordpress\/wp-content\/gallery\/2016Granlieu\/Milan-noir_8170.jpg?h=170\" alt=\"Milan noir\" width=\"255\" height=\"170\" \/><\/a><p class=\"jig-HTMLdescription\">Milan noir<\/p><\/li><\/ul><\/noscript><\/div><div id=\"jig1-developerLink\" class=\"jig-developerLink\"><a href=\"https:\/\/justifiedgrid.com\/\" target=\"_blank\" title=\"Justified Image Grid - Premium WordPress Gallery\">powered by Justified Image Grid<\/a><\/div><\/p>\n<h3>Related Images:<\/h3>","protected":false},"excerpt":{"rendered":"<p>En attendant l&#8217;embarquement pour CorfouGr\u00e8be hupp\u00e9Gr\u00e8be hupp\u00e9Gr\u00e8be hupp\u00e9Gr\u00e8be hupp\u00e9Hirondelle rustiqueHirondelle rustiqueHirondelle rustiqueMilan noirpowered by Justified Image Grid Related Images:<\/p>\n","protected":false},"author":4,"featured_media":0,"parent":12042,"menu_order":0,"comment_status":"closed","ping_status":"closed","template":"","meta":{"ngg_post_thumbnail":0,"jetpack_post_was_ever_published":false,"footnotes":"","_links_to":"","_links_to_target":""},"class_list":["post-23449","page","type-page","status-publish","hentry"],"jetpack_shortlink":"https:\/\/wp.me\/P9lSZN-66d","jetpack_sharing_enabled":true,"_links":{"self":[{"href":"https:\/\/mhyrdin.fr\/blog\/wp-json\/wp\/v2\/pages\/23449","targetHints":{"allow":["GET"]}}],"collection":[{"href":"https:\/\/mhyrdin.fr\/blog\/wp-json\/wp\/v2\/pages"}],"about":[{"href":"https:\/\/mhyrdin.fr\/blog\/wp-json\/wp\/v2\/types\/page"}],"author":[{"embeddable":true,"href":"https:\/\/mhyrdin.fr\/blog\/wp-json\/wp\/v2\/users\/4"}],"replies":[{"embeddable":true,"href":"https:\/\/mhyrdin.fr\/blog\/wp-json\/wp\/v2\/comments?post=23449"}],"version-history":[{"count":1,"href":"https:\/\/mhyrdin.fr\/blog\/wp-json\/wp\/v2\/pages\/23449\/revisions"}],"predecessor-version":[{"id":23452,"href":"https:\/\/mhyrdin.fr\/blog\/wp-json\/wp\/v2\/pages\/23449\/revisions\/23452"}],"up":[{"embeddable":true,"href":"https:\/\/mhyrdin.fr\/blog\/wp-json\/wp\/v2\/pages\/12042"}],"wp:attachment":[{"href":"https:\/\/mhyrdin.fr\/blog\/wp-json\/wp\/v2\/media?parent=23449"}],"curies":[{"name":"wp","href":"https:\/\/api.w.org\/{rel}","templated":true}]}}