{"id":23446,"date":"2022-10-16T07:58:16","date_gmt":"2022-10-16T05:58:16","guid":{"rendered":"https:\/\/mhyrdin.fr\/blog\/2016-2\/mai\/au-pays-basque-en-mai\/"},"modified":"2022-10-16T07:58:16","modified_gmt":"2022-10-16T05:58:16","slug":"au-pays-basque-en-mai","status":"publish","type":"page","link":"https:\/\/mhyrdin.fr\/blog\/archives-numeriques\/2016-2\/mai\/au-pays-basque-en-mai\/","title":{"rendered":"Au Pays Basque en mai"},"content":{"rendered":"<div id=\"jig1\" class=\"justified-image-grid jig-4deff8a64bccae5be750d7080de0d1f0 jig-preset-global jig-source-nextgen\"><div class=\"jig-clearfix\"><\/div><noscript id=\"jig1-html\" class=\"justified-image-grid-html\" data-lazy-src=\"skiplazyload\" data-src=\"skipunveillazyload\"><ul><li><a href=\"https:\/\/i0.wp.com\/mhyrdin.fr\/blog\/wordpress\/wp-content\/gallery\/mai2016paysbasque\/Sare_7835.jpg?ssl=1\" title=\"Sare_7835\"><img loading=\"lazy\" decoding=\"async\" src=\"https:\/\/i0.wp.com\/mhyrdin.fr\/blog\/wordpress\/wp-content\/gallery\/mai2016paysbasque\/Sare_7835.jpg?h=170\" alt=\"Sare\" width=\"255\" height=\"170\" \/><\/a><p class=\"jig-HTMLdescription\">Sare<br\/>Sare_7835<\/p><\/li><li><a href=\"https:\/\/i0.wp.com\/mhyrdin.fr\/blog\/wordpress\/wp-content\/gallery\/mai2016paysbasque\/Sare_7841.jpg?ssl=1\" title=\"Sare_7841\"><img loading=\"lazy\" decoding=\"async\" src=\"https:\/\/i0.wp.com\/mhyrdin.fr\/blog\/wordpress\/wp-content\/gallery\/mai2016paysbasque\/Sare_7841.jpg?h=170\" alt=\"Sare\" width=\"255\" height=\"170\" \/><\/a><p class=\"jig-HTMLdescription\">Sare<br\/>Sare_7841<\/p><\/li><li><a href=\"https:\/\/i0.wp.com\/mhyrdin.fr\/blog\/wordpress\/wp-content\/gallery\/mai2016paysbasque\/Sare_7842.jpg?ssl=1\" title=\"Sare_7842\"><img loading=\"lazy\" decoding=\"async\" src=\"https:\/\/i0.wp.com\/mhyrdin.fr\/blog\/wordpress\/wp-content\/gallery\/mai2016paysbasque\/Sare_7842.jpg?h=170\" alt=\"Sare\" width=\"113\" height=\"170\" \/><\/a><p class=\"jig-HTMLdescription\">Sare<br\/>Sare_7842<\/p><\/li><li><a href=\"https:\/\/i0.wp.com\/mhyrdin.fr\/blog\/wordpress\/wp-content\/gallery\/mai2016paysbasque\/Sare_20160501_165843.jpg?ssl=1\" title=\"Sare_20160501_165843\"><img loading=\"lazy\" decoding=\"async\" src=\"https:\/\/i0.wp.com\/mhyrdin.fr\/blog\/wordpress\/wp-content\/gallery\/mai2016paysbasque\/Sare_20160501_165843.jpg?h=170\" alt=\"Sare\" width=\"96\" height=\"170\" \/><\/a><p class=\"jig-HTMLdescription\">Sare<br\/>Sare_20160501_165843<\/p><\/li><li><a href=\"https:\/\/i0.wp.com\/mhyrdin.fr\/blog\/wordpress\/wp-content\/gallery\/mai2016paysbasque\/Vagues_7806.jpg?ssl=1\" title=\"Vagues_7806\"><img loading=\"lazy\" decoding=\"async\" src=\"https:\/\/i0.wp.com\/mhyrdin.fr\/blog\/wordpress\/wp-content\/gallery\/mai2016paysbasque\/Vagues_7806.jpg?h=170\" alt=\"Vagues\" width=\"255\" height=\"170\" \/><\/a><p class=\"jig-HTMLdescription\">Vagues<br\/>Vagues_7806<\/p><\/li><li><a href=\"https:\/\/i0.wp.com\/mhyrdin.fr\/blog\/wordpress\/wp-content\/gallery\/mai2016paysbasque\/Vagues_7812.jpg?ssl=1\" title=\"Vagues_7812\"><img loading=\"lazy\" decoding=\"async\" src=\"https:\/\/i0.wp.com\/mhyrdin.fr\/blog\/wordpress\/wp-content\/gallery\/mai2016paysbasque\/Vagues_7812.jpg?h=170\" alt=\"Vagues\" width=\"227\" height=\"170\" \/><\/a><p class=\"jig-HTMLdescription\">Vagues<br\/>Vagues_7812<\/p><\/li><li><a href=\"https:\/\/i0.wp.com\/mhyrdin.fr\/blog\/wordpress\/wp-content\/gallery\/mai2016paysbasque\/Vagues_7814.jpg?ssl=1\" title=\"Vagues_7814\"><img loading=\"lazy\" decoding=\"async\" src=\"https:\/\/i0.wp.com\/mhyrdin.fr\/blog\/wordpress\/wp-content\/gallery\/mai2016paysbasque\/Vagues_7814.jpg?h=170\" alt=\"Vagues\" width=\"255\" height=\"170\" \/><\/a><p class=\"jig-HTMLdescription\">Vagues<br\/>Vagues_7814<\/p><\/li><li><a href=\"https:\/\/i0.wp.com\/mhyrdin.fr\/blog\/wordpress\/wp-content\/gallery\/mai2016paysbasque\/La-Rhune_20160502_120657.jpg?ssl=1\" title=\"La mont\u00e9e... en train\"><img loading=\"lazy\" decoding=\"async\" src=\"https:\/\/i0.wp.com\/mhyrdin.fr\/blog\/wordpress\/wp-content\/gallery\/mai2016paysbasque\/La-Rhune_20160502_120657.jpg?h=170\" alt=\"La Rhune\" width=\"302\" height=\"170\" \/><\/a><p class=\"jig-HTMLdescription\">La Rhune<br\/>La mont\u00e9e... en train<\/p><\/li><li><a href=\"https:\/\/i0.wp.com\/mhyrdin.fr\/blog\/wordpress\/wp-content\/gallery\/mai2016paysbasque\/La-Rhune_7943.jpg?ssl=1\" title=\"Reliefs\"><img loading=\"lazy\" decoding=\"async\" src=\"https:\/\/i0.wp.com\/mhyrdin.fr\/blog\/wordpress\/wp-content\/gallery\/mai2016paysbasque\/La-Rhune_7943.jpg?h=170\" alt=\"La Rhune\" width=\"113\" height=\"170\" \/><\/a><p class=\"jig-HTMLdescription\">La Rhune<br\/>Reliefs<\/p><\/li><li><a href=\"https:\/\/i0.wp.com\/mhyrdin.fr\/blog\/wordpress\/wp-content\/gallery\/mai2016paysbasque\/Panorama1.jpg?ssl=1\" title=\"Panorama vers l&#039;Espagne\"><img loading=\"lazy\" decoding=\"async\" src=\"https:\/\/i0.wp.com\/mhyrdin.fr\/blog\/wordpress\/wp-content\/gallery\/mai2016paysbasque\/Panorama1.jpg?h=170\" alt=\"La Rhune\" width=\"394\" height=\"170\" \/><\/a><p class=\"jig-HTMLdescription\">La Rhune<br\/>Panorama vers l'Espagne<\/p><\/li><li><a href=\"https:\/\/i0.wp.com\/mhyrdin.fr\/blog\/wordpress\/wp-content\/gallery\/mai2016paysbasque\/Panorama2.jpg?ssl=1\" title=\"Panorama vers la fronti\u00e8re\"><img loading=\"lazy\" decoding=\"async\" src=\"https:\/\/i0.wp.com\/mhyrdin.fr\/blog\/wordpress\/wp-content\/gallery\/mai2016paysbasque\/Panorama2.jpg?h=170\" alt=\"La Rhune\" width=\"340\" height=\"170\" \/><\/a><p class=\"jig-HTMLdescription\">La Rhune<br\/>Panorama vers la fronti\u00e8re<\/p><\/li><li><a href=\"https:\/\/i0.wp.com\/mhyrdin.fr\/blog\/wordpress\/wp-content\/gallery\/mai2016paysbasque\/Panorama3.jpg?ssl=1\" title=\"Panorama vers les c\u00f4tes fran\u00e7aises\"><img loading=\"lazy\" decoding=\"async\" src=\"https:\/\/i0.wp.com\/mhyrdin.fr\/blog\/wordpress\/wp-content\/gallery\/mai2016paysbasque\/Panorama3.jpg?h=170\" alt=\"La Rhune\" width=\"444\" height=\"170\" \/><\/a><p class=\"jig-HTMLdescription\">La Rhune<br\/>Panorama vers les c\u00f4tes fran\u00e7aises<\/p><\/li><li><a href=\"https:\/\/i0.wp.com\/mhyrdin.fr\/blog\/wordpress\/wp-content\/gallery\/mai2016paysbasque\/La-Rhune-Cabo-de-Higer_7865.jpg?ssl=1\" title=\"Depuis le sommet de la Rhune\"><img loading=\"lazy\" decoding=\"async\" src=\"https:\/\/i0.wp.com\/mhyrdin.fr\/blog\/wordpress\/wp-content\/gallery\/mai2016paysbasque\/La-Rhune-Cabo-de-Higer_7865.jpg?h=170\" alt=\"Cabo de Higer\" width=\"255\" height=\"170\" \/><\/a><p class=\"jig-HTMLdescription\">Cabo de Higer<br\/>Depuis le sommet de la Rhune<\/p><\/li><li><a href=\"https:\/\/i0.wp.com\/mhyrdin.fr\/blog\/wordpress\/wp-content\/gallery\/mai2016paysbasque\/Accenteur-mouchet_7936.jpg?ssl=1\"><img loading=\"lazy\" decoding=\"async\" src=\"https:\/\/i0.wp.com\/mhyrdin.fr\/blog\/wordpress\/wp-content\/gallery\/mai2016paysbasque\/Accenteur-mouchet_7936.jpg?h=170\" alt=\"Accenteur mouchet\" width=\"255\" height=\"170\" \/><\/a><p class=\"jig-HTMLdescription\">Accenteur mouchet<\/p><\/li><li><a href=\"https:\/\/i0.wp.com\/mhyrdin.fr\/blog\/wordpress\/wp-content\/gallery\/mai2016paysbasque\/Jonquille_7951.jpg?ssl=1\" title=\"Jonquille_7951\"><img loading=\"lazy\" decoding=\"async\" src=\"https:\/\/i0.wp.com\/mhyrdin.fr\/blog\/wordpress\/wp-content\/gallery\/mai2016paysbasque\/Jonquille_7951.jpg?h=170\" alt=\"Jonquille\" width=\"113\" height=\"170\" \/><\/a><p class=\"jig-HTMLdescription\">Jonquille<br\/>Jonquille_7951<\/p><\/li><li><a href=\"https:\/\/i0.wp.com\/mhyrdin.fr\/blog\/wordpress\/wp-content\/gallery\/mai2016paysbasque\/Vautour_7934.jpg?ssl=1\" title=\"Vautour_7934\"><img loading=\"lazy\" decoding=\"async\" src=\"https:\/\/i0.wp.com\/mhyrdin.fr\/blog\/wordpress\/wp-content\/gallery\/mai2016paysbasque\/Vautour_7934.jpg?h=170\" alt=\"Vautour fauve\" width=\"255\" height=\"170\" \/><\/a><p class=\"jig-HTMLdescription\">Vautour fauve<br\/>Vautour_7934<\/p><\/li><li><a href=\"https:\/\/i0.wp.com\/mhyrdin.fr\/blog\/wordpress\/wp-content\/gallery\/mai2016paysbasque\/La-Rhune-train_7979.jpg?ssl=1\"><img loading=\"lazy\" decoding=\"async\" src=\"https:\/\/i0.wp.com\/mhyrdin.fr\/blog\/wordpress\/wp-content\/gallery\/mai2016paysbasque\/La-Rhune-train_7979.jpg?h=170\" alt=\"La Rhune - train\" width=\"255\" height=\"170\" \/><\/a><p class=\"jig-HTMLdescription\">La Rhune - train<\/p><\/li><li><a href=\"https:\/\/i0.wp.com\/mhyrdin.fr\/blog\/wordpress\/wp-content\/gallery\/mai2016paysbasque\/Ainhoa_8031.jpg?ssl=1\" title=\"Ainhoa_8031\"><img loading=\"lazy\" decoding=\"async\" src=\"https:\/\/i0.wp.com\/mhyrdin.fr\/blog\/wordpress\/wp-content\/gallery\/mai2016paysbasque\/Ainhoa_8031.jpg?h=170\" alt=\"Ainhoa\" width=\"255\" height=\"170\" \/><\/a><p class=\"jig-HTMLdescription\">Ainhoa<br\/>Ainhoa_8031<\/p><\/li><li><a href=\"https:\/\/i0.wp.com\/mhyrdin.fr\/blog\/wordpress\/wp-content\/gallery\/mai2016paysbasque\/Ainhoa_8032.jpg?ssl=1\" title=\"Ainhoa_8032\"><img loading=\"lazy\" decoding=\"async\" src=\"https:\/\/i0.wp.com\/mhyrdin.fr\/blog\/wordpress\/wp-content\/gallery\/mai2016paysbasque\/Ainhoa_8032.jpg?h=170\" alt=\"Ainhoa\" width=\"255\" height=\"170\" \/><\/a><p class=\"jig-HTMLdescription\">Ainhoa<br\/>Ainhoa_8032<\/p><\/li><li><a href=\"https:\/\/i0.wp.com\/mhyrdin.fr\/blog\/wordpress\/wp-content\/gallery\/mai2016paysbasque\/Ainhoa_20160503_155356.jpg?ssl=1\" title=\"Ainhoa_20160503_155356\"><img loading=\"lazy\" decoding=\"async\" src=\"https:\/\/i0.wp.com\/mhyrdin.fr\/blog\/wordpress\/wp-content\/gallery\/mai2016paysbasque\/Ainhoa_20160503_155356.jpg?h=170\" alt=\"Ainhoa\" width=\"302\" height=\"170\" \/><\/a><p class=\"jig-HTMLdescription\">Ainhoa<br\/>Ainhoa_20160503_155356<\/p><\/li><li><a href=\"https:\/\/i0.wp.com\/mhyrdin.fr\/blog\/wordpress\/wp-content\/gallery\/mai2016paysbasque\/Ainhoa_20160503_155514.jpg?ssl=1\" title=\"Ainhoa_20160503_155514\"><img loading=\"lazy\" decoding=\"async\" src=\"https:\/\/i0.wp.com\/mhyrdin.fr\/blog\/wordpress\/wp-content\/gallery\/mai2016paysbasque\/Ainhoa_20160503_155514.jpg?h=170\" alt=\"Ainhoa\" width=\"302\" height=\"170\" \/><\/a><p class=\"jig-HTMLdescription\">Ainhoa<br\/>Ainhoa_20160503_155514<\/p><\/li><li><a href=\"https:\/\/i0.wp.com\/mhyrdin.fr\/blog\/wordpress\/wp-content\/gallery\/mai2016paysbasque\/Grassette-%C3%A0-grandes-fleurs-Pinguicula-grandiflora_8006.jpg?ssl=1\" title=\"Pinguicula grandiflora\"><img loading=\"lazy\" decoding=\"async\" src=\"https:\/\/i0.wp.com\/mhyrdin.fr\/blog\/wordpress\/wp-content\/gallery\/mai2016paysbasque\/Grassette-%C3%A0-grandes-fleurs-Pinguicula-grandiflora_8006.jpg?h=170\" alt=\"Grassette \u00e0 grandes fleurs\" width=\"113\" height=\"170\" \/><\/a><p class=\"jig-HTMLdescription\">Grassette \u00e0 grandes fleurs<br\/>Pinguicula grandiflora<\/p><\/li><li><a href=\"https:\/\/i0.wp.com\/mhyrdin.fr\/blog\/wordpress\/wp-content\/gallery\/mai2016paysbasque\/Potok_7997.jpg?ssl=1\" title=\"Potok_7997\"><img loading=\"lazy\" decoding=\"async\" src=\"https:\/\/i0.wp.com\/mhyrdin.fr\/blog\/wordpress\/wp-content\/gallery\/mai2016paysbasque\/Potok_7997.jpg?h=170\" alt=\"Jeune potok\" width=\"255\" height=\"170\" \/><\/a><p class=\"jig-HTMLdescription\">Jeune potok<br\/>Potok_7997<\/p><\/li><li><a href=\"https:\/\/i0.wp.com\/mhyrdin.fr\/blog\/wordpress\/wp-content\/gallery\/mai2016paysbasque\/Potok_8002.jpg?ssl=1\" title=\"Potok_8002\"><img loading=\"lazy\" decoding=\"async\" src=\"https:\/\/i0.wp.com\/mhyrdin.fr\/blog\/wordpress\/wp-content\/gallery\/mai2016paysbasque\/Potok_8002.jpg?h=170\" alt=\"Jeune potok et sa m\u00e8re\" width=\"255\" height=\"170\" \/><\/a><p class=\"jig-HTMLdescription\">Jeune potok et sa m\u00e8re<br\/>Potok_8002<\/p><\/li><li><a href=\"https:\/\/i0.wp.com\/mhyrdin.fr\/blog\/wordpress\/wp-content\/gallery\/mai2016paysbasque\/Vautour-fauve_8012.jpg?ssl=1\"><img loading=\"lazy\" decoding=\"async\" src=\"https:\/\/i0.wp.com\/mhyrdin.fr\/blog\/wordpress\/wp-content\/gallery\/mai2016paysbasque\/Vautour-fauve_8012.jpg?h=170\" alt=\"Vautour fauve\" width=\"255\" height=\"170\" \/><\/a><p class=\"jig-HTMLdescription\">Vautour fauve<\/p><\/li><li><a href=\"https:\/\/i0.wp.com\/mhyrdin.fr\/blog\/wordpress\/wp-content\/gallery\/mai2016paysbasque\/Cabo-de-Higer_8045.jpg?ssl=1\"><img loading=\"lazy\" decoding=\"async\" src=\"https:\/\/i0.wp.com\/mhyrdin.fr\/blog\/wordpress\/wp-content\/gallery\/mai2016paysbasque\/Cabo-de-Higer_8045.jpg?h=170\" alt=\"Cabo de Higer\" width=\"313\" height=\"170\" \/><\/a><p class=\"jig-HTMLdescription\">Cabo de Higer<\/p><\/li><li><a href=\"https:\/\/i0.wp.com\/mhyrdin.fr\/blog\/wordpress\/wp-content\/gallery\/mai2016paysbasque\/Cabo-de-Higer_8047.jpg?ssl=1\"><img loading=\"lazy\" decoding=\"async\" src=\"https:\/\/i0.wp.com\/mhyrdin.fr\/blog\/wordpress\/wp-content\/gallery\/mai2016paysbasque\/Cabo-de-Higer_8047.jpg?h=170\" alt=\"Cabo de Higer\" width=\"324\" height=\"170\" \/><\/a><p class=\"jig-HTMLdescription\">Cabo de Higer<\/p><\/li><li><a href=\"https:\/\/i0.wp.com\/mhyrdin.fr\/blog\/wordpress\/wp-content\/gallery\/mai2016paysbasque\/%C3%89ph%C3%A9m%C3%A8re-de-Rio_8048.jpg?ssl=1\"><img loading=\"lazy\" decoding=\"async\" src=\"https:\/\/i0.wp.com\/mhyrdin.fr\/blog\/wordpress\/wp-content\/gallery\/mai2016paysbasque\/%C3%89ph%C3%A9m%C3%A8re-de-Rio_8048.jpg?h=170\" alt=\"\u00c9ph\u00e9m\u00e8re de Rio\" width=\"255\" height=\"170\" \/><\/a><p class=\"jig-HTMLdescription\">\u00c9ph\u00e9m\u00e8re de Rio<\/p><\/li><li><a href=\"https:\/\/i0.wp.com\/mhyrdin.fr\/blog\/wordpress\/wp-content\/gallery\/mai2016paysbasque\/Jaizkibel_8033.jpg?ssl=1\" title=\"La c\u00f4te de St-Jean de Luz\"><img loading=\"lazy\" decoding=\"async\" src=\"https:\/\/i0.wp.com\/mhyrdin.fr\/blog\/wordpress\/wp-content\/gallery\/mai2016paysbasque\/Jaizkibel_8033.jpg?h=170\" alt=\"Jaizkibel\" width=\"255\" height=\"170\" \/><\/a><p class=\"jig-HTMLdescription\">Jaizkibel<br\/>La c\u00f4te de St-Jean de Luz<\/p><\/li><li><a href=\"https:\/\/i0.wp.com\/mhyrdin.fr\/blog\/wordpress\/wp-content\/gallery\/mai2016paysbasque\/Jaizkibel_8034.jpg?ssl=1\" title=\"La plage d&#039;Hendaye\"><img loading=\"lazy\" decoding=\"async\" src=\"https:\/\/i0.wp.com\/mhyrdin.fr\/blog\/wordpress\/wp-content\/gallery\/mai2016paysbasque\/Jaizkibel_8034.jpg?h=170\" alt=\"Jaizkibel\" width=\"255\" height=\"170\" \/><\/a><p class=\"jig-HTMLdescription\">Jaizkibel<br\/>La plage d'Hendaye<\/p><\/li><li><a href=\"https:\/\/i0.wp.com\/mhyrdin.fr\/blog\/wordpress\/wp-content\/gallery\/mai2016paysbasque\/Jaizkibel_8035.jpg?ssl=1\" title=\"Chapelle Nuestra Se\u00f1ora de Guadalupe\"><img loading=\"lazy\" decoding=\"async\" src=\"https:\/\/i0.wp.com\/mhyrdin.fr\/blog\/wordpress\/wp-content\/gallery\/mai2016paysbasque\/Jaizkibel_8035.jpg?h=170\" alt=\"Jaizkibel\" width=\"113\" height=\"170\" \/><\/a><p class=\"jig-HTMLdescription\">Jaizkibel<br\/>Chapelle Nuestra Se\u00f1ora de Guadalupe<\/p><\/li><li><a href=\"https:\/\/i0.wp.com\/mhyrdin.fr\/blog\/wordpress\/wp-content\/gallery\/mai2016paysbasque\/Jaizkibel_8036.jpg?ssl=1\" title=\"Les Jumeaux\"><img loading=\"lazy\" decoding=\"async\" src=\"https:\/\/i0.wp.com\/mhyrdin.fr\/blog\/wordpress\/wp-content\/gallery\/mai2016paysbasque\/Jaizkibel_8036.jpg?h=170\" alt=\"Jaizkibel\" width=\"330\" height=\"170\" \/><\/a><p class=\"jig-HTMLdescription\">Jaizkibel<br\/>Les Jumeaux<\/p><\/li><\/ul><\/noscript><\/div><div id=\"jig1-developerLink\" class=\"jig-developerLink\"><a href=\"https:\/\/justifiedgrid.com\/\" target=\"_blank\" title=\"Justified Image Grid - Premium WordPress Gallery\">powered by Justified Image Grid<\/a><\/div>\n<h3>Related Images:<\/h3>","protected":false},"excerpt":{"rendered":"<p>SareSare_7835SareSare_7841SareSare_7842SareSare_20160501_165843VaguesVagues_7806VaguesVagues_7812VaguesVagues_7814La RhuneLa mont\u00e9e&#8230; en trainLa RhuneReliefsLa RhunePanorama vers l&rsquo;EspagneLa RhunePanorama vers la fronti\u00e8reLa RhunePanorama vers les c\u00f4tes fran\u00e7aisesCabo de HigerDepuis le sommet de la RhuneAccenteur mouchetJonquilleJonquille_7951Vautour fauveVautour_7934La Rhune &#8211; trainAinhoaAinhoa_8031AinhoaAinhoa_8032AinhoaAinhoa_20160503_155356AinhoaAinhoa_20160503_155514Grassette \u00e0 grandes fleursPinguicula grandifloraJeune potokPotok_7997Jeune potok et sa m\u00e8rePotok_8002Vautour fauveCabo de HigerCabo de Higer\u00c9ph\u00e9m\u00e8re de RioJaizkibelLa c\u00f4te de St-Jean de LuzJaizkibelLa plage d&rsquo;HendayeJaizkibelChapelle Nuestra Se\u00f1ora [&hellip;]<\/p>\n","protected":false},"author":4,"featured_media":0,"parent":12042,"menu_order":0,"comment_status":"closed","ping_status":"closed","template":"","meta":{"ngg_post_thumbnail":0,"jetpack_post_was_ever_published":false,"footnotes":"","_links_to":"","_links_to_target":""},"class_list":["post-23446","page","type-page","status-publish","hentry"],"jetpack_shortlink":"https:\/\/wp.me\/P9lSZN-66a","jetpack_sharing_enabled":true,"_links":{"self":[{"href":"https:\/\/mhyrdin.fr\/blog\/wp-json\/wp\/v2\/pages\/23446","targetHints":{"allow":["GET"]}}],"collection":[{"href":"https:\/\/mhyrdin.fr\/blog\/wp-json\/wp\/v2\/pages"}],"about":[{"href":"https:\/\/mhyrdin.fr\/blog\/wp-json\/wp\/v2\/types\/page"}],"author":[{"embeddable":true,"href":"https:\/\/mhyrdin.fr\/blog\/wp-json\/wp\/v2\/users\/4"}],"replies":[{"embeddable":true,"href":"https:\/\/mhyrdin.fr\/blog\/wp-json\/wp\/v2\/comments?post=23446"}],"version-history":[{"count":0,"href":"https:\/\/mhyrdin.fr\/blog\/wp-json\/wp\/v2\/pages\/23446\/revisions"}],"up":[{"embeddable":true,"href":"https:\/\/mhyrdin.fr\/blog\/wp-json\/wp\/v2\/pages\/12042"}],"wp:attachment":[{"href":"https:\/\/mhyrdin.fr\/blog\/wp-json\/wp\/v2\/media?parent=23446"}],"curies":[{"name":"wp","href":"https:\/\/api.w.org\/{rel}","templated":true}]}}