{"id":23445,"date":"2022-10-16T07:56:21","date_gmt":"2022-10-16T05:56:21","guid":{"rendered":"https:\/\/mhyrdin.fr\/blog\/2016-2\/avril\/le-teich-reserve-naturelle\/"},"modified":"2022-10-16T07:56:21","modified_gmt":"2022-10-16T05:56:21","slug":"le-teich-reserve-naturelle","status":"publish","type":"page","link":"https:\/\/mhyrdin.fr\/blog\/archives-numeriques\/2016-2\/avril\/le-teich-reserve-naturelle\/","title":{"rendered":"Le Teich, r\u00e9serve naturelle"},"content":{"rendered":"<div id=\"jig1\" class=\"justified-image-grid jig-d1fc2c2c8ebf16cfd069d2b7afbe72fa jig-preset-global jig-source-nextgen\"><div class=\"jig-clearfix\"><\/div><noscript id=\"jig1-html\" class=\"justified-image-grid-html\" data-lazy-src=\"skiplazyload\" data-src=\"skipunveillazyload\"><ul><li><a href=\"https:\/\/i0.wp.com\/mhyrdin.fr\/blog\/wordpress\/wp-content\/gallery\/Le_Teich2016\/Aigrette-garzette_6514.jpg?ssl=1\"><img loading=\"lazy\" decoding=\"async\" src=\"https:\/\/i0.wp.com\/mhyrdin.fr\/blog\/wordpress\/wp-content\/gallery\/Le_Teich2016\/Aigrette-garzette_6514.jpg?h=170\" alt=\"Aigrette garzette\" width=\"255\" height=\"170\" \/><\/a><p class=\"jig-HTMLdescription\">Aigrette garzette<\/p><\/li><li><a href=\"https:\/\/i0.wp.com\/mhyrdin.fr\/blog\/wordpress\/wp-content\/gallery\/Le_Teich2016\/Avocette-%C3%A9l%C3%A9gante_6576.jpg?ssl=1\"><img loading=\"lazy\" decoding=\"async\" src=\"https:\/\/i0.wp.com\/mhyrdin.fr\/blog\/wordpress\/wp-content\/gallery\/Le_Teich2016\/Avocette-%C3%A9l%C3%A9gante_6576.jpg?h=170\" alt=\"Avocette \u00e9l\u00e9gante\" width=\"255\" height=\"170\" \/><\/a><p class=\"jig-HTMLdescription\">Avocette \u00e9l\u00e9gante<\/p><\/li><li><a href=\"https:\/\/i0.wp.com\/mhyrdin.fr\/blog\/wordpress\/wp-content\/gallery\/Le_Teich2016\/Bergeronnette-printani%C3%A8re_6554.jpg?ssl=1\"><img loading=\"lazy\" decoding=\"async\" src=\"https:\/\/i0.wp.com\/mhyrdin.fr\/blog\/wordpress\/wp-content\/gallery\/Le_Teich2016\/Bergeronnette-printani%C3%A8re_6554.jpg?h=170\" alt=\"Bergeronnette printani\u00e8re\" width=\"255\" height=\"170\" \/><\/a><p class=\"jig-HTMLdescription\">Bergeronnette printani\u00e8re<\/p><\/li><li><a href=\"https:\/\/i0.wp.com\/mhyrdin.fr\/blog\/wordpress\/wp-content\/gallery\/Le_Teich2016\/Bergeronnette-printani%C3%A8re_6558.jpg?ssl=1\"><img loading=\"lazy\" decoding=\"async\" src=\"https:\/\/i0.wp.com\/mhyrdin.fr\/blog\/wordpress\/wp-content\/gallery\/Le_Teich2016\/Bergeronnette-printani%C3%A8re_6558.jpg?h=170\" alt=\"Bergeronnette printani\u00e8re\" width=\"113\" height=\"170\" \/><\/a><p class=\"jig-HTMLdescription\">Bergeronnette printani\u00e8re<\/p><\/li><li><a href=\"https:\/\/i0.wp.com\/mhyrdin.fr\/blog\/wordpress\/wp-content\/gallery\/Le_Teich2016\/Bouscarle-de-Cetti_6519.jpg?ssl=1\"><img loading=\"lazy\" decoding=\"async\" src=\"https:\/\/i0.wp.com\/mhyrdin.fr\/blog\/wordpress\/wp-content\/gallery\/Le_Teich2016\/Bouscarle-de-Cetti_6519.jpg?h=170\" alt=\"Bouscarle de Cetti\" width=\"113\" height=\"170\" \/><\/a><p class=\"jig-HTMLdescription\">Bouscarle de Cetti<\/p><\/li><li><a href=\"https:\/\/i0.wp.com\/mhyrdin.fr\/blog\/wordpress\/wp-content\/gallery\/Le_Teich2016\/Canard-souchet_6532.jpg?ssl=1\"><img loading=\"lazy\" decoding=\"async\" src=\"https:\/\/i0.wp.com\/mhyrdin.fr\/blog\/wordpress\/wp-content\/gallery\/Le_Teich2016\/Canard-souchet_6532.jpg?h=170\" alt=\"Canard souchet\" width=\"255\" height=\"170\" \/><\/a><p class=\"jig-HTMLdescription\">Canard souchet<\/p><\/li><li><a href=\"https:\/\/i0.wp.com\/mhyrdin.fr\/blog\/wordpress\/wp-content\/gallery\/Le_Teich2016\/Chevalier-aboyeur_6498.jpg?ssl=1\"><img loading=\"lazy\" decoding=\"async\" src=\"https:\/\/i0.wp.com\/mhyrdin.fr\/blog\/wordpress\/wp-content\/gallery\/Le_Teich2016\/Chevalier-aboyeur_6498.jpg?h=170\" alt=\"Chevalier aboyeur\" width=\"255\" height=\"170\" \/><\/a><p class=\"jig-HTMLdescription\">Chevalier aboyeur<\/p><\/li><li><a href=\"https:\/\/i0.wp.com\/mhyrdin.fr\/blog\/wordpress\/wp-content\/gallery\/Le_Teich2016\/Chevalier-gambette_6595.jpg?ssl=1\"><img loading=\"lazy\" decoding=\"async\" src=\"https:\/\/i0.wp.com\/mhyrdin.fr\/blog\/wordpress\/wp-content\/gallery\/Le_Teich2016\/Chevalier-gambette_6595.jpg?h=170\" alt=\"Chevalier gambette\" width=\"255\" height=\"170\" \/><\/a><p class=\"jig-HTMLdescription\">Chevalier gambette<\/p><\/li><li><a href=\"https:\/\/i0.wp.com\/mhyrdin.fr\/blog\/wordpress\/wp-content\/gallery\/Le_Teich2016\/Chevalier-gambette_6608.jpg?ssl=1\"><img loading=\"lazy\" decoding=\"async\" src=\"https:\/\/i0.wp.com\/mhyrdin.fr\/blog\/wordpress\/wp-content\/gallery\/Le_Teich2016\/Chevalier-gambette_6608.jpg?h=170\" alt=\"Chevalier gambette\" width=\"255\" height=\"170\" \/><\/a><p class=\"jig-HTMLdescription\">Chevalier gambette<\/p><\/li><li><a href=\"https:\/\/i0.wp.com\/mhyrdin.fr\/blog\/wordpress\/wp-content\/gallery\/Le_Teich2016\/Cigogne-blanche_6484.jpg?ssl=1\"><img loading=\"lazy\" decoding=\"async\" src=\"https:\/\/i0.wp.com\/mhyrdin.fr\/blog\/wordpress\/wp-content\/gallery\/Le_Teich2016\/Cigogne-blanche_6484.jpg?h=170\" alt=\"Cigogne blanche\" width=\"255\" height=\"170\" \/><\/a><p class=\"jig-HTMLdescription\">Cigogne blanche<\/p><\/li><li><a href=\"https:\/\/i0.wp.com\/mhyrdin.fr\/blog\/wordpress\/wp-content\/gallery\/Le_Teich2016\/Cistude-d-Europe_6638.jpg?ssl=1\"><img loading=\"lazy\" decoding=\"async\" src=\"https:\/\/i0.wp.com\/mhyrdin.fr\/blog\/wordpress\/wp-content\/gallery\/Le_Teich2016\/Cistude-d-Europe_6638.jpg?h=170\" alt=\"Cistude d&#039;Europe\" width=\"255\" height=\"170\" \/><\/a><p class=\"jig-HTMLdescription\">Cistude d'Europe<\/p><\/li><li><a href=\"https:\/\/i0.wp.com\/mhyrdin.fr\/blog\/wordpress\/wp-content\/gallery\/Le_Teich2016\/%C3%89chasse-blanche_6591.jpg?ssl=1\"><img loading=\"lazy\" decoding=\"async\" src=\"https:\/\/i0.wp.com\/mhyrdin.fr\/blog\/wordpress\/wp-content\/gallery\/Le_Teich2016\/%C3%89chasse-blanche_6591.jpg?h=170\" alt=\"\u00c9chasse blanche\" width=\"255\" height=\"170\" \/><\/a><p class=\"jig-HTMLdescription\">\u00c9chasse blanche<\/p><\/li><li><a href=\"https:\/\/i0.wp.com\/mhyrdin.fr\/blog\/wordpress\/wp-content\/gallery\/Le_Teich2016\/Gr%C3%A8be-hupp%C3%A9_6621.jpg?ssl=1\"><img loading=\"lazy\" decoding=\"async\" src=\"https:\/\/i0.wp.com\/mhyrdin.fr\/blog\/wordpress\/wp-content\/gallery\/Le_Teich2016\/Gr%C3%A8be-hupp%C3%A9_6621.jpg?h=170\" alt=\"Gr\u00e8be hupp\u00e9\" width=\"255\" height=\"170\" \/><\/a><p class=\"jig-HTMLdescription\">Gr\u00e8be hupp\u00e9<\/p><\/li><li><a href=\"https:\/\/i0.wp.com\/mhyrdin.fr\/blog\/wordpress\/wp-content\/gallery\/Le_Teich2016\/Gr%C3%A8be-hupp%C3%A9_6626.jpg?ssl=1\"><img loading=\"lazy\" decoding=\"async\" src=\"https:\/\/i0.wp.com\/mhyrdin.fr\/blog\/wordpress\/wp-content\/gallery\/Le_Teich2016\/Gr%C3%A8be-hupp%C3%A9_6626.jpg?h=170\" alt=\"Gr\u00e8be hupp\u00e9\" width=\"255\" height=\"170\" \/><\/a><p class=\"jig-HTMLdescription\">Gr\u00e8be hupp\u00e9<\/p><\/li><li><a href=\"https:\/\/i0.wp.com\/mhyrdin.fr\/blog\/wordpress\/wp-content\/gallery\/Le_Teich2016\/Gr%C3%A8be-hupp%C3%A9_6627.jpg?ssl=1\"><img loading=\"lazy\" decoding=\"async\" src=\"https:\/\/i0.wp.com\/mhyrdin.fr\/blog\/wordpress\/wp-content\/gallery\/Le_Teich2016\/Gr%C3%A8be-hupp%C3%A9_6627.jpg?h=170\" alt=\"Gr\u00e8be hupp\u00e9\" width=\"255\" height=\"170\" \/><\/a><p class=\"jig-HTMLdescription\">Gr\u00e8be hupp\u00e9<\/p><\/li><li><a href=\"https:\/\/i0.wp.com\/mhyrdin.fr\/blog\/wordpress\/wp-content\/gallery\/Le_Teich2016\/Gr%C3%A8be-hupp%C3%A9_6632.jpg?ssl=1\"><img loading=\"lazy\" decoding=\"async\" src=\"https:\/\/i0.wp.com\/mhyrdin.fr\/blog\/wordpress\/wp-content\/gallery\/Le_Teich2016\/Gr%C3%A8be-hupp%C3%A9_6632.jpg?h=170\" alt=\"Gr\u00e8be hupp\u00e9\" width=\"255\" height=\"170\" \/><\/a><p class=\"jig-HTMLdescription\">Gr\u00e8be hupp\u00e9<\/p><\/li><li><a href=\"https:\/\/i0.wp.com\/mhyrdin.fr\/blog\/wordpress\/wp-content\/gallery\/Le_Teich2016\/Grenouille-verte-Perez_6656.jpg?ssl=1\"><img loading=\"lazy\" decoding=\"async\" src=\"https:\/\/i0.wp.com\/mhyrdin.fr\/blog\/wordpress\/wp-content\/gallery\/Le_Teich2016\/Grenouille-verte-Perez_6656.jpg?h=170\" alt=\"Grenouille verte de Perez\" width=\"255\" height=\"170\" \/><\/a><p class=\"jig-HTMLdescription\">Grenouille verte de Perez<\/p><\/li><li><a href=\"https:\/\/i0.wp.com\/mhyrdin.fr\/blog\/wordpress\/wp-content\/gallery\/Le_Teich2016\/Milan-noir_6488.jpg?ssl=1\"><img loading=\"lazy\" decoding=\"async\" src=\"https:\/\/i0.wp.com\/mhyrdin.fr\/blog\/wordpress\/wp-content\/gallery\/Le_Teich2016\/Milan-noir_6488.jpg?h=170\" alt=\"Milan noir\" width=\"255\" height=\"170\" \/><\/a><p class=\"jig-HTMLdescription\">Milan noir<\/p><\/li><li><a href=\"https:\/\/i0.wp.com\/mhyrdin.fr\/blog\/wordpress\/wp-content\/gallery\/Le_Teich2016\/Moineau-friquet_6482.jpg?ssl=1\"><img loading=\"lazy\" decoding=\"async\" src=\"https:\/\/i0.wp.com\/mhyrdin.fr\/blog\/wordpress\/wp-content\/gallery\/Le_Teich2016\/Moineau-friquet_6482.jpg?h=170\" alt=\"Moineau friquet\" width=\"255\" height=\"170\" \/><\/a><p class=\"jig-HTMLdescription\">Moineau friquet<\/p><\/li><li><a href=\"https:\/\/i0.wp.com\/mhyrdin.fr\/blog\/wordpress\/wp-content\/gallery\/Le_Teich2016\/Mouette-rieuse_6580.jpg?ssl=1\"><img loading=\"lazy\" decoding=\"async\" src=\"https:\/\/i0.wp.com\/mhyrdin.fr\/blog\/wordpress\/wp-content\/gallery\/Le_Teich2016\/Mouette-rieuse_6580.jpg?h=170\" alt=\"Mouette rieuse\" width=\"255\" height=\"170\" \/><\/a><p class=\"jig-HTMLdescription\">Mouette rieuse<\/p><\/li><li><a href=\"https:\/\/i0.wp.com\/mhyrdin.fr\/blog\/wordpress\/wp-content\/gallery\/Le_Teich2016\/Mouette-rieuse_6581.jpg?ssl=1\"><img loading=\"lazy\" decoding=\"async\" src=\"https:\/\/i0.wp.com\/mhyrdin.fr\/blog\/wordpress\/wp-content\/gallery\/Le_Teich2016\/Mouette-rieuse_6581.jpg?h=170\" alt=\"Mouette rieuse\" width=\"255\" height=\"170\" \/><\/a><p class=\"jig-HTMLdescription\">Mouette rieuse<\/p><\/li><li><a href=\"https:\/\/i0.wp.com\/mhyrdin.fr\/blog\/wordpress\/wp-content\/gallery\/Le_Teich2016\/Mouette-rieuse_6587.jpg?ssl=1\"><img loading=\"lazy\" decoding=\"async\" src=\"https:\/\/i0.wp.com\/mhyrdin.fr\/blog\/wordpress\/wp-content\/gallery\/Le_Teich2016\/Mouette-rieuse_6587.jpg?h=170\" alt=\"Mouettes rieuses\" width=\"255\" height=\"170\" \/><\/a><p class=\"jig-HTMLdescription\">Mouettes rieuses<\/p><\/li><li><a href=\"https:\/\/i0.wp.com\/mhyrdin.fr\/blog\/wordpress\/wp-content\/gallery\/Le_Teich2016\/Mouette-rieuse_6590.jpg?ssl=1\"><img loading=\"lazy\" decoding=\"async\" src=\"https:\/\/i0.wp.com\/mhyrdin.fr\/blog\/wordpress\/wp-content\/gallery\/Le_Teich2016\/Mouette-rieuse_6590.jpg?h=170\" alt=\"Mouettes rieuses\" width=\"255\" height=\"170\" \/><\/a><p class=\"jig-HTMLdescription\">Mouettes rieuses<\/p><\/li><li><a href=\"https:\/\/i0.wp.com\/mhyrdin.fr\/blog\/wordpress\/wp-content\/gallery\/Le_Teich2016\/Mouette-rieuse_6596.jpg?ssl=1\"><img loading=\"lazy\" decoding=\"async\" src=\"https:\/\/i0.wp.com\/mhyrdin.fr\/blog\/wordpress\/wp-content\/gallery\/Le_Teich2016\/Mouette-rieuse_6596.jpg?h=170\" alt=\"Mouettes rieuses\" width=\"255\" height=\"170\" \/><\/a><p class=\"jig-HTMLdescription\">Mouettes rieuses<\/p><\/li><li><a href=\"https:\/\/i0.wp.com\/mhyrdin.fr\/blog\/wordpress\/wp-content\/gallery\/Le_Teich2016\/Mouette-rieuse_6599.jpg?ssl=1\"><img loading=\"lazy\" decoding=\"async\" src=\"https:\/\/i0.wp.com\/mhyrdin.fr\/blog\/wordpress\/wp-content\/gallery\/Le_Teich2016\/Mouette-rieuse_6599.jpg?h=170\" alt=\"Mouettes rieuses\" width=\"255\" height=\"170\" \/><\/a><p class=\"jig-HTMLdescription\">Mouettes rieuses<\/p><\/li><li><a href=\"https:\/\/i0.wp.com\/mhyrdin.fr\/blog\/wordpress\/wp-content\/gallery\/Le_Teich2016\/Mouette-rieuse_6600.jpg?ssl=1\"><img loading=\"lazy\" decoding=\"async\" src=\"https:\/\/i0.wp.com\/mhyrdin.fr\/blog\/wordpress\/wp-content\/gallery\/Le_Teich2016\/Mouette-rieuse_6600.jpg?h=170\" alt=\"Mouettes rieuses\" width=\"255\" height=\"170\" \/><\/a><p class=\"jig-HTMLdescription\">Mouettes rieuses<\/p><\/li><li><a href=\"https:\/\/i0.wp.com\/mhyrdin.fr\/blog\/wordpress\/wp-content\/gallery\/Le_Teich2016\/Mouette-rieuse_6602.jpg?ssl=1\"><img loading=\"lazy\" decoding=\"async\" src=\"https:\/\/i0.wp.com\/mhyrdin.fr\/blog\/wordpress\/wp-content\/gallery\/Le_Teich2016\/Mouette-rieuse_6602.jpg?h=170\" alt=\"Mouettes rieuses\" width=\"255\" height=\"170\" \/><\/a><p class=\"jig-HTMLdescription\">Mouettes rieuses<\/p><\/li><li><a href=\"https:\/\/i0.wp.com\/mhyrdin.fr\/blog\/wordpress\/wp-content\/gallery\/Le_Teich2016\/Mouette-rieuse_6605.jpg?ssl=1\"><img loading=\"lazy\" decoding=\"async\" src=\"https:\/\/i0.wp.com\/mhyrdin.fr\/blog\/wordpress\/wp-content\/gallery\/Le_Teich2016\/Mouette-rieuse_6605.jpg?h=170\" alt=\"Mouettes rieuses\" width=\"255\" height=\"170\" \/><\/a><p class=\"jig-HTMLdescription\">Mouettes rieuses<\/p><\/li><li><a href=\"https:\/\/i0.wp.com\/mhyrdin.fr\/blog\/wordpress\/wp-content\/gallery\/Le_Teich2016\/Mouette-rieuse_6611.jpg?ssl=1\"><img loading=\"lazy\" decoding=\"async\" src=\"https:\/\/i0.wp.com\/mhyrdin.fr\/blog\/wordpress\/wp-content\/gallery\/Le_Teich2016\/Mouette-rieuse_6611.jpg?h=170\" alt=\"Mouettes rieuses\" width=\"255\" height=\"170\" \/><\/a><p class=\"jig-HTMLdescription\">Mouettes rieuses<\/p><\/li><li><a href=\"https:\/\/i0.wp.com\/mhyrdin.fr\/blog\/wordpress\/wp-content\/gallery\/Le_Teich2016\/Pluvier-argent%C3%A9_6423.jpg?ssl=1\"><img loading=\"lazy\" decoding=\"async\" src=\"https:\/\/i0.wp.com\/mhyrdin.fr\/blog\/wordpress\/wp-content\/gallery\/Le_Teich2016\/Pluvier-argent%C3%A9_6423.jpg?h=170\" alt=\"Pluvier argent\u00e9\" width=\"255\" height=\"170\" \/><\/a><p class=\"jig-HTMLdescription\">Pluvier argent\u00e9<\/p><\/li><li><a href=\"https:\/\/i0.wp.com\/mhyrdin.fr\/blog\/wordpress\/wp-content\/gallery\/Le_Teich2016\/Pluvier-argent%C3%A9_6432.jpg?ssl=1\"><img loading=\"lazy\" decoding=\"async\" src=\"https:\/\/i0.wp.com\/mhyrdin.fr\/blog\/wordpress\/wp-content\/gallery\/Le_Teich2016\/Pluvier-argent%C3%A9_6432.jpg?h=170\" alt=\"Pluvier argent\u00e9\" width=\"255\" height=\"170\" \/><\/a><p class=\"jig-HTMLdescription\">Pluvier argent\u00e9<\/p><\/li><li><a href=\"https:\/\/i0.wp.com\/mhyrdin.fr\/blog\/wordpress\/wp-content\/gallery\/Le_Teich2016\/Pluvier-argent%C3%A9_6458.jpg?ssl=1\"><img loading=\"lazy\" decoding=\"async\" src=\"https:\/\/i0.wp.com\/mhyrdin.fr\/blog\/wordpress\/wp-content\/gallery\/Le_Teich2016\/Pluvier-argent%C3%A9_6458.jpg?h=170\" alt=\"Pluvier argent\u00e9\" width=\"255\" height=\"170\" \/><\/a><p class=\"jig-HTMLdescription\">Pluvier argent\u00e9<\/p><\/li><li><a href=\"https:\/\/i0.wp.com\/mhyrdin.fr\/blog\/wordpress\/wp-content\/gallery\/Le_Teich2016\/Rousserolle-effarvatte_6480.jpg?ssl=1\"><img loading=\"lazy\" decoding=\"async\" src=\"https:\/\/i0.wp.com\/mhyrdin.fr\/blog\/wordpress\/wp-content\/gallery\/Le_Teich2016\/Rousserolle-effarvatte_6480.jpg?h=170\" alt=\"Rousserolle effarvatte\" width=\"255\" height=\"170\" \/><\/a><p class=\"jig-HTMLdescription\">Rousserolle effarvatte<\/p><\/li><li><a href=\"https:\/\/i0.wp.com\/mhyrdin.fr\/blog\/wordpress\/wp-content\/gallery\/Le_Teich2016\/Spatule-blanche_6500.jpg?ssl=1\"><img loading=\"lazy\" decoding=\"async\" src=\"https:\/\/i0.wp.com\/mhyrdin.fr\/blog\/wordpress\/wp-content\/gallery\/Le_Teich2016\/Spatule-blanche_6500.jpg?h=170\" alt=\"Spatule blanche\" width=\"255\" height=\"170\" \/><\/a><p class=\"jig-HTMLdescription\">Spatule blanche<\/p><\/li><li><a href=\"https:\/\/i0.wp.com\/mhyrdin.fr\/blog\/wordpress\/wp-content\/gallery\/Le_Teich2016\/Spatule-blanche_6501.jpg?ssl=1\"><img loading=\"lazy\" decoding=\"async\" src=\"https:\/\/i0.wp.com\/mhyrdin.fr\/blog\/wordpress\/wp-content\/gallery\/Le_Teich2016\/Spatule-blanche_6501.jpg?h=170\" alt=\"Spatule blanche\" width=\"255\" height=\"170\" \/><\/a><p class=\"jig-HTMLdescription\">Spatule blanche<\/p><\/li><li><a href=\"https:\/\/i0.wp.com\/mhyrdin.fr\/blog\/wordpress\/wp-content\/gallery\/Le_Teich2016\/Spatule-blanche_6511.jpg?ssl=1\"><img loading=\"lazy\" decoding=\"async\" src=\"https:\/\/i0.wp.com\/mhyrdin.fr\/blog\/wordpress\/wp-content\/gallery\/Le_Teich2016\/Spatule-blanche_6511.jpg?h=170\" alt=\"Spatule blanche\" width=\"389\" height=\"170\" \/><\/a><p class=\"jig-HTMLdescription\">Spatule blanche<\/p><\/li><li><a href=\"https:\/\/i0.wp.com\/mhyrdin.fr\/blog\/wordpress\/wp-content\/gallery\/Le_Teich2016\/Spatule-blanche_6512.jpg?ssl=1\"><img loading=\"lazy\" decoding=\"async\" src=\"https:\/\/i0.wp.com\/mhyrdin.fr\/blog\/wordpress\/wp-content\/gallery\/Le_Teich2016\/Spatule-blanche_6512.jpg?h=170\" alt=\"Spatule blanche\" width=\"397\" height=\"170\" \/><\/a><p class=\"jig-HTMLdescription\">Spatule blanche<\/p><\/li><\/ul><\/noscript><\/div><div id=\"jig1-developerLink\" class=\"jig-developerLink\"><a href=\"https:\/\/justifiedgrid.com\/\" target=\"_blank\" title=\"Justified Image Grid - Premium WordPress Gallery\">powered by Justified Image Grid<\/a><\/div>\n<h3>Related Images:<\/h3>","protected":false},"excerpt":{"rendered":"<p>Aigrette garzetteAvocette \u00e9l\u00e9ganteBergeronnette printani\u00e8reBergeronnette printani\u00e8reBouscarle de CettiCanard souchetChevalier aboyeurChevalier gambetteChevalier gambetteCigogne blancheCistude d&rsquo;Europe\u00c9chasse blancheGr\u00e8be hupp\u00e9Gr\u00e8be hupp\u00e9Gr\u00e8be hupp\u00e9Gr\u00e8be hupp\u00e9Grenouille verte de PerezMilan noirMoineau friquetMouette rieuseMouette rieuseMouettes rieusesMouettes rieusesMouettes rieusesMouettes rieusesMouettes rieusesMouettes rieusesMouettes rieusesMouettes rieusesPluvier argent\u00e9Pluvier argent\u00e9Pluvier argent\u00e9Rousserolle effarvatteSpatule blancheSpatule blancheSpatule blancheSpatule blanchepowered by Justified Image Grid Related Images:<\/p>\n","protected":false},"author":4,"featured_media":0,"parent":12013,"menu_order":0,"comment_status":"closed","ping_status":"closed","template":"","meta":{"ngg_post_thumbnail":0,"jetpack_post_was_ever_published":false,"footnotes":"","_links_to":"","_links_to_target":""},"class_list":["post-23445","page","type-page","status-publish","hentry"],"jetpack_shortlink":"https:\/\/wp.me\/P9lSZN-669","jetpack_sharing_enabled":true,"_links":{"self":[{"href":"https:\/\/mhyrdin.fr\/blog\/wp-json\/wp\/v2\/pages\/23445","targetHints":{"allow":["GET"]}}],"collection":[{"href":"https:\/\/mhyrdin.fr\/blog\/wp-json\/wp\/v2\/pages"}],"about":[{"href":"https:\/\/mhyrdin.fr\/blog\/wp-json\/wp\/v2\/types\/page"}],"author":[{"embeddable":true,"href":"https:\/\/mhyrdin.fr\/blog\/wp-json\/wp\/v2\/users\/4"}],"replies":[{"embeddable":true,"href":"https:\/\/mhyrdin.fr\/blog\/wp-json\/wp\/v2\/comments?post=23445"}],"version-history":[{"count":0,"href":"https:\/\/mhyrdin.fr\/blog\/wp-json\/wp\/v2\/pages\/23445\/revisions"}],"up":[{"embeddable":true,"href":"https:\/\/mhyrdin.fr\/blog\/wp-json\/wp\/v2\/pages\/12013"}],"wp:attachment":[{"href":"https:\/\/mhyrdin.fr\/blog\/wp-json\/wp\/v2\/media?parent=23445"}],"curies":[{"name":"wp","href":"https:\/\/api.w.org\/{rel}","templated":true}]}}