{"id":23440,"date":"2022-10-16T07:44:09","date_gmt":"2022-10-16T05:44:09","guid":{"rendered":"https:\/\/mhyrdin.fr\/blog\/2016-2\/mars-2016\/le-conquet\/"},"modified":"2022-10-16T07:44:09","modified_gmt":"2022-10-16T05:44:09","slug":"le-conquet","status":"publish","type":"page","link":"https:\/\/mhyrdin.fr\/blog\/archives-numeriques\/2016-2\/mars-2016\/le-conquet\/","title":{"rendered":"Le Conquet"},"content":{"rendered":"<div id=\"jig1\" class=\"justified-image-grid jig-f8f9f62eda12dd35c82e045d3f1264a4 jig-preset-global jig-source-nextgen\"><div class=\"jig-clearfix\"><\/div><noscript id=\"jig1-html\" class=\"justified-image-grid-html\" data-lazy-src=\"skiplazyload\" data-src=\"skipunveillazyload\"><ul><li><a href=\"https:\/\/i0.wp.com\/mhyrdin.fr\/blog\/wordpress\/wp-content\/gallery\/mars2016-2Conquet\/Fou-de-bassan_5911.jpg?ssl=1\"><img loading=\"lazy\" decoding=\"async\" src=\"https:\/\/i0.wp.com\/mhyrdin.fr\/blog\/wordpress\/wp-content\/gallery\/mars2016-2Conquet\/Fou-de-bassan_5911.jpg?h=170\" alt=\"Fou de bassan\" width=\"255\" height=\"170\" \/><\/a><p class=\"jig-HTMLdescription\">Fou de bassan<\/p><\/li><li><a href=\"https:\/\/i0.wp.com\/mhyrdin.fr\/blog\/wordpress\/wp-content\/gallery\/mars2016-2Conquet\/Le-Conquet-Ilette_5862.jpg?ssl=1\"><img loading=\"lazy\" decoding=\"async\" src=\"https:\/\/i0.wp.com\/mhyrdin.fr\/blog\/wordpress\/wp-content\/gallery\/mars2016-2Conquet\/Le-Conquet-Ilette_5862.jpg?h=170\" alt=\"L&#039;\u00celette et son fort Vauban\" width=\"255\" height=\"170\" \/><\/a><p class=\"jig-HTMLdescription\">L'\u00celette et son fort Vauban<\/p><\/li><li><a href=\"https:\/\/i0.wp.com\/mhyrdin.fr\/blog\/wordpress\/wp-content\/gallery\/mars2016-2Conquet\/Saint-Mathieu_0243.jpg?ssl=1\"><img loading=\"lazy\" decoding=\"async\" src=\"https:\/\/i0.wp.com\/mhyrdin.fr\/blog\/wordpress\/wp-content\/gallery\/mars2016-2Conquet\/Saint-Mathieu_0243.jpg?h=170\" alt=\"Saint-Mathieu\" width=\"113\" height=\"170\" \/><\/a><p class=\"jig-HTMLdescription\">Saint-Mathieu<\/p><\/li><li><a href=\"https:\/\/i0.wp.com\/mhyrdin.fr\/blog\/wordpress\/wp-content\/gallery\/mars2016-2Conquet\/Saint-Mathieu_0245.jpg?ssl=1\"><img loading=\"lazy\" decoding=\"async\" src=\"https:\/\/i0.wp.com\/mhyrdin.fr\/blog\/wordpress\/wp-content\/gallery\/mars2016-2Conquet\/Saint-Mathieu_0245.jpg?h=170\" alt=\"Saint-Mathieu\" width=\"113\" height=\"170\" \/><\/a><p class=\"jig-HTMLdescription\">Saint-Mathieu<\/p><\/li><li><a href=\"https:\/\/i0.wp.com\/mhyrdin.fr\/blog\/wordpress\/wp-content\/gallery\/mars2016-2Conquet\/Saint-Mathieu_0246.jpg?ssl=1\"><img loading=\"lazy\" decoding=\"async\" src=\"https:\/\/i0.wp.com\/mhyrdin.fr\/blog\/wordpress\/wp-content\/gallery\/mars2016-2Conquet\/Saint-Mathieu_0246.jpg?h=170\" alt=\"Saint-Mathieu\" width=\"255\" height=\"170\" \/><\/a><p class=\"jig-HTMLdescription\">Saint-Mathieu<\/p><\/li><li><a href=\"https:\/\/i0.wp.com\/mhyrdin.fr\/blog\/wordpress\/wp-content\/gallery\/mars2016-2Conquet\/Saint-Mathieu_0249.jpg?ssl=1\"><img loading=\"lazy\" decoding=\"async\" src=\"https:\/\/i0.wp.com\/mhyrdin.fr\/blog\/wordpress\/wp-content\/gallery\/mars2016-2Conquet\/Saint-Mathieu_0249.jpg?h=170\" alt=\"Saint-Mathieu\" width=\"255\" height=\"170\" \/><\/a><p class=\"jig-HTMLdescription\">Saint-Mathieu<\/p><\/li><li><a href=\"https:\/\/i0.wp.com\/mhyrdin.fr\/blog\/wordpress\/wp-content\/gallery\/mars2016-2Conquet\/Saint-Mathieu_0255.jpg?ssl=1\"><img loading=\"lazy\" decoding=\"async\" src=\"https:\/\/i0.wp.com\/mhyrdin.fr\/blog\/wordpress\/wp-content\/gallery\/mars2016-2Conquet\/Saint-Mathieu_0255.jpg?h=170\" alt=\"Saint-Mathieu\" width=\"113\" height=\"170\" \/><\/a><p class=\"jig-HTMLdescription\">Saint-Mathieu<\/p><\/li><li><a href=\"https:\/\/i0.wp.com\/mhyrdin.fr\/blog\/wordpress\/wp-content\/gallery\/mars2016-2Conquet\/Saint-Mathieu_0258.jpg?ssl=1\"><img loading=\"lazy\" decoding=\"async\" src=\"https:\/\/i0.wp.com\/mhyrdin.fr\/blog\/wordpress\/wp-content\/gallery\/mars2016-2Conquet\/Saint-Mathieu_0258.jpg?h=170\" alt=\"Saint-Mathieu\" width=\"113\" height=\"170\" \/><\/a><p class=\"jig-HTMLdescription\">Saint-Mathieu<\/p><\/li><li><a href=\"https:\/\/i0.wp.com\/mhyrdin.fr\/blog\/wordpress\/wp-content\/gallery\/mars2016-2Conquet\/Saint-Mathieu_0259.jpg?ssl=1\"><img loading=\"lazy\" decoding=\"async\" src=\"https:\/\/i0.wp.com\/mhyrdin.fr\/blog\/wordpress\/wp-content\/gallery\/mars2016-2Conquet\/Saint-Mathieu_0259.jpg?h=170\" alt=\"Saint-Mathieu\" width=\"113\" height=\"170\" \/><\/a><p class=\"jig-HTMLdescription\">Saint-Mathieu<\/p><\/li><li><a href=\"https:\/\/i0.wp.com\/mhyrdin.fr\/blog\/wordpress\/wp-content\/gallery\/mars2016-2Conquet\/Saint-Mathieu_0261.jpg?ssl=1\"><img loading=\"lazy\" decoding=\"async\" src=\"https:\/\/i0.wp.com\/mhyrdin.fr\/blog\/wordpress\/wp-content\/gallery\/mars2016-2Conquet\/Saint-Mathieu_0261.jpg?h=170\" alt=\"Saint-Mathieu\" width=\"113\" height=\"170\" \/><\/a><p class=\"jig-HTMLdescription\">Saint-Mathieu<\/p><\/li><li><a href=\"https:\/\/i0.wp.com\/mhyrdin.fr\/blog\/wordpress\/wp-content\/gallery\/mars2016-2Conquet\/Saint-Mathieu_0264.jpg?ssl=1\"><img loading=\"lazy\" decoding=\"async\" src=\"https:\/\/i0.wp.com\/mhyrdin.fr\/blog\/wordpress\/wp-content\/gallery\/mars2016-2Conquet\/Saint-Mathieu_0264.jpg?h=170\" alt=\"Saint-Mathieu, le phare\" width=\"255\" height=\"170\" \/><\/a><p class=\"jig-HTMLdescription\">Saint-Mathieu, le phare<\/p><\/li><li><a href=\"https:\/\/i0.wp.com\/mhyrdin.fr\/blog\/wordpress\/wp-content\/gallery\/mars2016-2Conquet\/Saint-Mathieu_0266.jpg?ssl=1\"><img loading=\"lazy\" decoding=\"async\" src=\"https:\/\/i0.wp.com\/mhyrdin.fr\/blog\/wordpress\/wp-content\/gallery\/mars2016-2Conquet\/Saint-Mathieu_0266.jpg?h=170\" alt=\"Saint-Mathieu\" width=\"255\" height=\"170\" \/><\/a><p class=\"jig-HTMLdescription\">Saint-Mathieu<\/p><\/li><li><a href=\"https:\/\/i0.wp.com\/mhyrdin.fr\/blog\/wordpress\/wp-content\/gallery\/mars2016-2Conquet\/Saint-Mathieu_0281.jpg?ssl=1\"><img loading=\"lazy\" decoding=\"async\" src=\"https:\/\/i0.wp.com\/mhyrdin.fr\/blog\/wordpress\/wp-content\/gallery\/mars2016-2Conquet\/Saint-Mathieu_0281.jpg?h=170\" alt=\"Saint-Mathieu\" width=\"255\" height=\"170\" \/><\/a><p class=\"jig-HTMLdescription\">Saint-Mathieu<\/p><\/li><li><a href=\"https:\/\/i0.wp.com\/mhyrdin.fr\/blog\/wordpress\/wp-content\/gallery\/mars2016-2Conquet\/Saint-Mathieu_0287.jpg?ssl=1\"><img loading=\"lazy\" decoding=\"async\" src=\"https:\/\/i0.wp.com\/mhyrdin.fr\/blog\/wordpress\/wp-content\/gallery\/mars2016-2Conquet\/Saint-Mathieu_0287.jpg?h=170\" alt=\"Saint-Mathieu\" width=\"255\" height=\"170\" \/><\/a><p class=\"jig-HTMLdescription\">Saint-Mathieu<\/p><\/li><li><a href=\"https:\/\/i0.wp.com\/mhyrdin.fr\/blog\/wordpress\/wp-content\/gallery\/mars2016-2Conquet\/Saint-Mathieu_5920.jpg?ssl=1\"><img loading=\"lazy\" decoding=\"async\" src=\"https:\/\/i0.wp.com\/mhyrdin.fr\/blog\/wordpress\/wp-content\/gallery\/mars2016-2Conquet\/Saint-Mathieu_5920.jpg?h=170\" alt=\"Saint-Mathieu\" width=\"113\" height=\"170\" \/><\/a><p class=\"jig-HTMLdescription\">Saint-Mathieu<\/p><\/li><li><a href=\"https:\/\/i0.wp.com\/mhyrdin.fr\/blog\/wordpress\/wp-content\/gallery\/mars2016-2Conquet\/Saint-Mathieu_5921.jpg?ssl=1\"><img loading=\"lazy\" decoding=\"async\" src=\"https:\/\/i0.wp.com\/mhyrdin.fr\/blog\/wordpress\/wp-content\/gallery\/mars2016-2Conquet\/Saint-Mathieu_5921.jpg?h=170\" alt=\"Saint-Mathieu\" width=\"255\" height=\"170\" \/><\/a><p class=\"jig-HTMLdescription\">Saint-Mathieu<\/p><\/li><li><a href=\"https:\/\/i0.wp.com\/mhyrdin.fr\/blog\/wordpress\/wp-content\/gallery\/mars2016-2Conquet\/Saint-Mathieu_5923.jpg?ssl=1\"><img loading=\"lazy\" decoding=\"async\" src=\"https:\/\/i0.wp.com\/mhyrdin.fr\/blog\/wordpress\/wp-content\/gallery\/mars2016-2Conquet\/Saint-Mathieu_5923.jpg?h=170\" alt=\"Saint-Mathieu\" width=\"255\" height=\"170\" \/><\/a><p class=\"jig-HTMLdescription\">Saint-Mathieu<\/p><\/li><li><a href=\"https:\/\/i0.wp.com\/mhyrdin.fr\/blog\/wordpress\/wp-content\/gallery\/mars2016-2Conquet\/Tarier-p%C3%A2tre_5891.jpg?ssl=1\" title=\"(femelle)\"><img loading=\"lazy\" decoding=\"async\" src=\"https:\/\/i0.wp.com\/mhyrdin.fr\/blog\/wordpress\/wp-content\/gallery\/mars2016-2Conquet\/Tarier-p%C3%A2tre_5891.jpg?h=170\" alt=\"Tarier p\u00e2tre\" width=\"255\" height=\"170\" \/><\/a><p class=\"jig-HTMLdescription\">Tarier p\u00e2tre<br\/>(femelle)<\/p><\/li><li><a href=\"https:\/\/i0.wp.com\/mhyrdin.fr\/blog\/wordpress\/wp-content\/gallery\/mars2016-2Conquet\/Tarier-p%C3%A2tre_5897.jpg?ssl=1\"><img loading=\"lazy\" decoding=\"async\" src=\"https:\/\/i0.wp.com\/mhyrdin.fr\/blog\/wordpress\/wp-content\/gallery\/mars2016-2Conquet\/Tarier-p%C3%A2tre_5897.jpg?h=170\" alt=\"Tarier p\u00e2tre\" width=\"113\" height=\"170\" \/><\/a><p class=\"jig-HTMLdescription\">Tarier p\u00e2tre<\/p><\/li><li><a href=\"https:\/\/i0.wp.com\/mhyrdin.fr\/blog\/wordpress\/wp-content\/gallery\/mars2016-2Conquet\/Tarier-p%C3%A2tre_5904.jpg?ssl=1\"><img loading=\"lazy\" decoding=\"async\" src=\"https:\/\/i0.wp.com\/mhyrdin.fr\/blog\/wordpress\/wp-content\/gallery\/mars2016-2Conquet\/Tarier-p%C3%A2tre_5904.jpg?h=170\" alt=\"Tarier p\u00e2tre\" width=\"113\" height=\"170\" \/><\/a><p class=\"jig-HTMLdescription\">Tarier p\u00e2tre<\/p><\/li><\/ul><\/noscript><\/div><div id=\"jig1-developerLink\" class=\"jig-developerLink\"><a href=\"https:\/\/justifiedgrid.com\/\" target=\"_blank\" title=\"Justified Image Grid - Premium WordPress Gallery\">powered by Justified Image Grid<\/a><\/div>\n<h3>Related Images:<\/h3>","protected":false},"excerpt":{"rendered":"<p>Fou de bassanL&rsquo;\u00celette et son fort VaubanSaint-MathieuSaint-MathieuSaint-MathieuSaint-MathieuSaint-MathieuSaint-MathieuSaint-MathieuSaint-MathieuSaint-Mathieu, le phareSaint-MathieuSaint-MathieuSaint-MathieuSaint-MathieuSaint-MathieuSaint-MathieuTarier p\u00e2tre(femelle)Tarier p\u00e2treTarier p\u00e2trepowered by Justified Image Grid Related Images:<\/p>\n","protected":false},"author":4,"featured_media":0,"parent":10728,"menu_order":0,"comment_status":"closed","ping_status":"closed","template":"","meta":{"ngg_post_thumbnail":0,"jetpack_post_was_ever_published":false,"footnotes":"","_links_to":"","_links_to_target":""},"class_list":["post-23440","page","type-page","status-publish","hentry"],"jetpack_shortlink":"https:\/\/wp.me\/P9lSZN-664","jetpack_sharing_enabled":true,"_links":{"self":[{"href":"https:\/\/mhyrdin.fr\/blog\/wp-json\/wp\/v2\/pages\/23440","targetHints":{"allow":["GET"]}}],"collection":[{"href":"https:\/\/mhyrdin.fr\/blog\/wp-json\/wp\/v2\/pages"}],"about":[{"href":"https:\/\/mhyrdin.fr\/blog\/wp-json\/wp\/v2\/types\/page"}],"author":[{"embeddable":true,"href":"https:\/\/mhyrdin.fr\/blog\/wp-json\/wp\/v2\/users\/4"}],"replies":[{"embeddable":true,"href":"https:\/\/mhyrdin.fr\/blog\/wp-json\/wp\/v2\/comments?post=23440"}],"version-history":[{"count":0,"href":"https:\/\/mhyrdin.fr\/blog\/wp-json\/wp\/v2\/pages\/23440\/revisions"}],"up":[{"embeddable":true,"href":"https:\/\/mhyrdin.fr\/blog\/wp-json\/wp\/v2\/pages\/10728"}],"wp:attachment":[{"href":"https:\/\/mhyrdin.fr\/blog\/wp-json\/wp\/v2\/media?parent=23440"}],"curies":[{"name":"wp","href":"https:\/\/api.w.org\/{rel}","templated":true}]}}