{"id":23435,"date":"2022-10-15T19:34:44","date_gmt":"2022-10-15T17:34:44","guid":{"rendered":"https:\/\/mhyrdin.fr\/blog\/2016-2\/decembre-2016\/au-bout-du-finistere\/"},"modified":"2022-10-15T19:34:44","modified_gmt":"2022-10-15T17:34:44","slug":"au-bout-du-finistere","status":"publish","type":"page","link":"https:\/\/mhyrdin.fr\/blog\/archives-numeriques\/2016-2\/decembre-2016\/au-bout-du-finistere\/","title":{"rendered":"Au bout du Finist\u00e8re"},"content":{"rendered":"<div id=\"jig1\" class=\"justified-image-grid jig-9180fac2a5de5ac3ea6d0772a4564444 jig-preset-global jig-source-nextgen\"><div class=\"jig-clearfix\"><\/div><noscript id=\"jig1-html\" class=\"justified-image-grid-html\" data-lazy-src=\"skiplazyload\" data-src=\"skipunveillazyload\"><ul><li><a href=\"https:\/\/i0.wp.com\/mhyrdin.fr\/blog\/wordpress\/wp-content\/gallery\/decembre2016\/Kervallon_5552.jpg?ssl=1\" title=\"Kervallon - Brest\"><img loading=\"lazy\" decoding=\"async\" src=\"https:\/\/i0.wp.com\/mhyrdin.fr\/blog\/wordpress\/wp-content\/gallery\/decembre2016\/Kervallon_5552.jpg?h=170\" alt=\"Matin brumeux\" width=\"255\" height=\"170\" \/><\/a><p class=\"jig-HTMLdescription\">Matin brumeux<br\/>Kervallon - Brest<\/p><\/li><li><a href=\"https:\/\/i0.wp.com\/mhyrdin.fr\/blog\/wordpress\/wp-content\/gallery\/decembre2016\/Kervallon_5550.jpg?ssl=1\" title=\"Kervallon_5550\"><img loading=\"lazy\" decoding=\"async\" src=\"https:\/\/i0.wp.com\/mhyrdin.fr\/blog\/wordpress\/wp-content\/gallery\/decembre2016\/Kervallon_5550.jpg?h=170\" alt=\"Matin brumeux\" width=\"113\" height=\"170\" \/><\/a><p class=\"jig-HTMLdescription\">Matin brumeux<br\/>Kervallon_5550<\/p><\/li><li><a href=\"https:\/\/i0.wp.com\/mhyrdin.fr\/blog\/wordpress\/wp-content\/gallery\/decembre2016\/Kervallon_5543.jpg?ssl=1\" title=\"Kervallon_5543\"><img loading=\"lazy\" decoding=\"async\" src=\"https:\/\/i0.wp.com\/mhyrdin.fr\/blog\/wordpress\/wp-content\/gallery\/decembre2016\/Kervallon_5543.jpg?h=170\" alt=\"Matin brumeux\" width=\"113\" height=\"170\" \/><\/a><p class=\"jig-HTMLdescription\">Matin brumeux<br\/>Kervallon_5543<\/p><\/li><li><a href=\"https:\/\/i0.wp.com\/mhyrdin.fr\/blog\/wordpress\/wp-content\/gallery\/decembre2016\/Rougegorge_5542.jpg?ssl=1\" title=\"Rougegorge_5542\"><img loading=\"lazy\" decoding=\"async\" src=\"https:\/\/i0.wp.com\/mhyrdin.fr\/blog\/wordpress\/wp-content\/gallery\/decembre2016\/Rougegorge_5542.jpg?h=170\" alt=\"Rougegorge\" width=\"255\" height=\"170\" \/><\/a><p class=\"jig-HTMLdescription\">Rougegorge<br\/>Rougegorge_5542<\/p><\/li><li><a href=\"https:\/\/i0.wp.com\/mhyrdin.fr\/blog\/wordpress\/wp-content\/gallery\/decembre2016\/Rougegorge_5533.jpg?ssl=1\" title=\"Rougegorge_5533\"><img loading=\"lazy\" decoding=\"async\" src=\"https:\/\/i0.wp.com\/mhyrdin.fr\/blog\/wordpress\/wp-content\/gallery\/decembre2016\/Rougegorge_5533.jpg?h=170\" alt=\"Rougegorge\" width=\"255\" height=\"170\" \/><\/a><p class=\"jig-HTMLdescription\">Rougegorge<br\/>Rougegorge_5533<\/p><\/li><li><a href=\"https:\/\/i0.wp.com\/mhyrdin.fr\/blog\/wordpress\/wp-content\/gallery\/decembre2016\/M%C3%A9sange-bleue_5516.jpg?ssl=1\"><img loading=\"lazy\" decoding=\"async\" src=\"https:\/\/i0.wp.com\/mhyrdin.fr\/blog\/wordpress\/wp-content\/gallery\/decembre2016\/M%C3%A9sange-bleue_5516.jpg?h=170\" alt=\"M\u00e9sange bleue\" width=\"113\" height=\"170\" \/><\/a><p class=\"jig-HTMLdescription\">M\u00e9sange bleue<\/p><\/li><li><a href=\"https:\/\/i0.wp.com\/mhyrdin.fr\/blog\/wordpress\/wp-content\/gallery\/decembre2016\/Pinson_5514.jpg?ssl=1\" title=\"Pinson_5514\"><img loading=\"lazy\" decoding=\"async\" src=\"https:\/\/i0.wp.com\/mhyrdin.fr\/blog\/wordpress\/wp-content\/gallery\/decembre2016\/Pinson_5514.jpg?h=170\" alt=\"Pinson\" width=\"255\" height=\"170\" \/><\/a><p class=\"jig-HTMLdescription\">Pinson<br\/>Pinson_5514<\/p><\/li><li><a href=\"https:\/\/i0.wp.com\/mhyrdin.fr\/blog\/wordpress\/wp-content\/gallery\/decembre2016\/Rougegorge_5503.jpg?ssl=1\" title=\"Rougegorge_5503\"><img loading=\"lazy\" decoding=\"async\" src=\"https:\/\/i0.wp.com\/mhyrdin.fr\/blog\/wordpress\/wp-content\/gallery\/decembre2016\/Rougegorge_5503.jpg?h=170\" alt=\"Rougegorge\" width=\"170\" height=\"170\" \/><\/a><p class=\"jig-HTMLdescription\">Rougegorge<br\/>Rougegorge_5503<\/p><\/li><li><a href=\"https:\/\/i0.wp.com\/mhyrdin.fr\/blog\/wordpress\/wp-content\/gallery\/decembre2016\/Frelon-asiatique-Nid_5488.jpg?ssl=1\"><img loading=\"lazy\" decoding=\"async\" src=\"https:\/\/i0.wp.com\/mhyrdin.fr\/blog\/wordpress\/wp-content\/gallery\/decembre2016\/Frelon-asiatique-Nid_5488.jpg?h=170\" alt=\"Nid de Frelon asiatique\" width=\"113\" height=\"170\" \/><\/a><p class=\"jig-HTMLdescription\">Nid de Frelon asiatique<\/p><\/li><li><a href=\"https:\/\/i0.wp.com\/mhyrdin.fr\/blog\/wordpress\/wp-content\/gallery\/decembre2016\/Frelon-asiatique-Nid_5481.jpg?ssl=1\"><img loading=\"lazy\" decoding=\"async\" src=\"https:\/\/i0.wp.com\/mhyrdin.fr\/blog\/wordpress\/wp-content\/gallery\/decembre2016\/Frelon-asiatique-Nid_5481.jpg?h=170\" alt=\"Nid de Frelon asiatique\" width=\"255\" height=\"170\" \/><\/a><p class=\"jig-HTMLdescription\">Nid de Frelon asiatique<\/p><\/li><li><a href=\"https:\/\/i0.wp.com\/mhyrdin.fr\/blog\/wordpress\/wp-content\/gallery\/decembre2016\/Sittelle-torchepot_5468.jpg?ssl=1\"><img loading=\"lazy\" decoding=\"async\" src=\"https:\/\/i0.wp.com\/mhyrdin.fr\/blog\/wordpress\/wp-content\/gallery\/decembre2016\/Sittelle-torchepot_5468.jpg?h=170\" alt=\"Sittelle torchepot\" width=\"255\" height=\"170\" \/><\/a><p class=\"jig-HTMLdescription\">Sittelle torchepot<\/p><\/li><li><a href=\"https:\/\/i0.wp.com\/mhyrdin.fr\/blog\/wordpress\/wp-content\/gallery\/decembre2016\/Sittelle-torchepot_5469.jpg?ssl=1\"><img loading=\"lazy\" decoding=\"async\" src=\"https:\/\/i0.wp.com\/mhyrdin.fr\/blog\/wordpress\/wp-content\/gallery\/decembre2016\/Sittelle-torchepot_5469.jpg?h=170\" alt=\"Sittelle torchepot\" width=\"255\" height=\"170\" \/><\/a><p class=\"jig-HTMLdescription\">Sittelle torchepot<\/p><\/li><li><a href=\"https:\/\/i0.wp.com\/mhyrdin.fr\/blog\/wordpress\/wp-content\/gallery\/decembre2016\/Kervallon_5455.jpg?ssl=1\" title=\"Kervallon_5455\"><img loading=\"lazy\" decoding=\"async\" src=\"https:\/\/i0.wp.com\/mhyrdin.fr\/blog\/wordpress\/wp-content\/gallery\/decembre2016\/Kervallon_5455.jpg?h=170\" alt=\"Kervallon\" width=\"113\" height=\"170\" \/><\/a><p class=\"jig-HTMLdescription\">Kervallon<br\/>Kervallon_5455<\/p><\/li><li><a href=\"https:\/\/i0.wp.com\/mhyrdin.fr\/blog\/wordpress\/wp-content\/gallery\/decembre2016\/Kervallon_5456.jpg?ssl=1\" title=\"Kervallon_5456\"><img loading=\"lazy\" decoding=\"async\" src=\"https:\/\/i0.wp.com\/mhyrdin.fr\/blog\/wordpress\/wp-content\/gallery\/decembre2016\/Kervallon_5456.jpg?h=170\" alt=\"Kervallon\" width=\"113\" height=\"170\" \/><\/a><p class=\"jig-HTMLdescription\">Kervallon<br\/>Kervallon_5456<\/p><\/li><li><a href=\"https:\/\/i0.wp.com\/mhyrdin.fr\/blog\/wordpress\/wp-content\/gallery\/decembre2016\/Kervallon_5454NB.jpg?ssl=1\" title=\"Kervallon_5454NB\"><img loading=\"lazy\" decoding=\"async\" src=\"https:\/\/i0.wp.com\/mhyrdin.fr\/blog\/wordpress\/wp-content\/gallery\/decembre2016\/Kervallon_5454NB.jpg?h=170\" alt=\"Kervallon\" width=\"351\" height=\"170\" \/><\/a><p class=\"jig-HTMLdescription\">Kervallon<br\/>Kervallon_5454NB<\/p><\/li><li><a href=\"https:\/\/i0.wp.com\/mhyrdin.fr\/blog\/wordpress\/wp-content\/gallery\/decembre2016\/Kervallon_5453.jpg?ssl=1\" title=\"Kervallon_5453\"><img loading=\"lazy\" decoding=\"async\" src=\"https:\/\/i0.wp.com\/mhyrdin.fr\/blog\/wordpress\/wp-content\/gallery\/decembre2016\/Kervallon_5453.jpg?h=170\" alt=\"Kervallon\" width=\"295\" height=\"170\" \/><\/a><p class=\"jig-HTMLdescription\">Kervallon<br\/>Kervallon_5453<\/p><\/li><li><a href=\"https:\/\/i0.wp.com\/mhyrdin.fr\/blog\/wordpress\/wp-content\/gallery\/decembre2016\/Porspoder_5440.jpg?ssl=1\" title=\"Porspoder_5440\"><img loading=\"lazy\" decoding=\"async\" src=\"https:\/\/i0.wp.com\/mhyrdin.fr\/blog\/wordpress\/wp-content\/gallery\/decembre2016\/Porspoder_5440.jpg?h=170\" alt=\"Porspoder\" width=\"293\" height=\"170\" \/><\/a><p class=\"jig-HTMLdescription\">Porspoder<br\/>Porspoder_5440<\/p><\/li><li><a href=\"https:\/\/i0.wp.com\/mhyrdin.fr\/blog\/wordpress\/wp-content\/gallery\/decembre2016\/Porspoder_5445.jpg?ssl=1\" title=\"Porspoder_5445\"><img loading=\"lazy\" decoding=\"async\" src=\"https:\/\/i0.wp.com\/mhyrdin.fr\/blog\/wordpress\/wp-content\/gallery\/decembre2016\/Porspoder_5445.jpg?h=170\" alt=\"Porspoder\" width=\"288\" height=\"170\" \/><\/a><p class=\"jig-HTMLdescription\">Porspoder<br\/>Porspoder_5445<\/p><\/li><li><a href=\"https:\/\/i0.wp.com\/mhyrdin.fr\/blog\/wordpress\/wp-content\/gallery\/decembre2016\/Porspoder_5428.jpg?ssl=1\" title=\"Porspoder_5428\"><img loading=\"lazy\" decoding=\"async\" src=\"https:\/\/i0.wp.com\/mhyrdin.fr\/blog\/wordpress\/wp-content\/gallery\/decembre2016\/Porspoder_5428.jpg?h=170\" alt=\"Porspoder\" width=\"296\" height=\"170\" \/><\/a><p class=\"jig-HTMLdescription\">Porspoder<br\/>Porspoder_5428<\/p><\/li><li><a href=\"https:\/\/i0.wp.com\/mhyrdin.fr\/blog\/wordpress\/wp-content\/gallery\/decembre2016\/Porspoder_5424.jpg?ssl=1\" title=\"Porspoder_5424\"><img loading=\"lazy\" decoding=\"async\" src=\"https:\/\/i0.wp.com\/mhyrdin.fr\/blog\/wordpress\/wp-content\/gallery\/decembre2016\/Porspoder_5424.jpg?h=170\" alt=\"Porspoder\" width=\"310\" height=\"170\" \/><\/a><p class=\"jig-HTMLdescription\">Porspoder<br\/>Porspoder_5424<\/p><\/li><li><a href=\"https:\/\/i0.wp.com\/mhyrdin.fr\/blog\/wordpress\/wp-content\/gallery\/decembre2016\/Pluvier-argent%C3%A9_5417.jpg?ssl=1\"><img loading=\"lazy\" decoding=\"async\" src=\"https:\/\/i0.wp.com\/mhyrdin.fr\/blog\/wordpress\/wp-content\/gallery\/decembre2016\/Pluvier-argent%C3%A9_5417.jpg?h=170\" alt=\"Pluvier argent\u00e9\" width=\"348\" height=\"170\" \/><\/a><p class=\"jig-HTMLdescription\">Pluvier argent\u00e9<\/p><\/li><li><a href=\"https:\/\/i0.wp.com\/mhyrdin.fr\/blog\/wordpress\/wp-content\/gallery\/decembre2016\/Hu%C3%AEtrier-pie_5411.jpg?ssl=1\"><img loading=\"lazy\" decoding=\"async\" src=\"https:\/\/i0.wp.com\/mhyrdin.fr\/blog\/wordpress\/wp-content\/gallery\/decembre2016\/Hu%C3%AEtrier-pie_5411.jpg?h=170\" alt=\"Hu\u00eetrier pie\" width=\"365\" height=\"170\" \/><\/a><p class=\"jig-HTMLdescription\">Hu\u00eetrier pie<\/p><\/li><li><a href=\"https:\/\/i0.wp.com\/mhyrdin.fr\/blog\/wordpress\/wp-content\/gallery\/decembre2016\/Pluvier-argent%C3%A9_5409.jpg?ssl=1\"><img loading=\"lazy\" decoding=\"async\" src=\"https:\/\/i0.wp.com\/mhyrdin.fr\/blog\/wordpress\/wp-content\/gallery\/decembre2016\/Pluvier-argent%C3%A9_5409.jpg?h=170\" alt=\"Pluvier argent\u00e9\" width=\"255\" height=\"170\" \/><\/a><p class=\"jig-HTMLdescription\">Pluvier argent\u00e9<\/p><\/li><li><a href=\"https:\/\/i0.wp.com\/mhyrdin.fr\/blog\/wordpress\/wp-content\/gallery\/decembre2016\/Soleil-couchant_5373.jpg?ssl=1\"><img loading=\"lazy\" decoding=\"async\" src=\"https:\/\/i0.wp.com\/mhyrdin.fr\/blog\/wordpress\/wp-content\/gallery\/decembre2016\/Soleil-couchant_5373.jpg?h=170\" alt=\"Soleil couchant\" width=\"255\" height=\"170\" \/><\/a><p class=\"jig-HTMLdescription\">Soleil couchant<\/p><\/li><li><a href=\"https:\/\/i0.wp.com\/mhyrdin.fr\/blog\/wordpress\/wp-content\/gallery\/decembre2016\/Soleil-couchant_5370.jpg?ssl=1\"><img loading=\"lazy\" decoding=\"async\" src=\"https:\/\/i0.wp.com\/mhyrdin.fr\/blog\/wordpress\/wp-content\/gallery\/decembre2016\/Soleil-couchant_5370.jpg?h=170\" alt=\"Soleil couchant\" width=\"255\" height=\"170\" \/><\/a><p class=\"jig-HTMLdescription\">Soleil couchant<\/p><\/li><li><a href=\"https:\/\/i0.wp.com\/mhyrdin.fr\/blog\/wordpress\/wp-content\/gallery\/decembre2016\/Courlis-cendr%C3%A9_5353.jpg?ssl=1\"><img loading=\"lazy\" decoding=\"async\" src=\"https:\/\/i0.wp.com\/mhyrdin.fr\/blog\/wordpress\/wp-content\/gallery\/decembre2016\/Courlis-cendr%C3%A9_5353.jpg?h=170\" alt=\"Courlis cendr\u00e9\" width=\"255\" height=\"170\" \/><\/a><p class=\"jig-HTMLdescription\">Courlis cendr\u00e9<\/p><\/li><li><a href=\"https:\/\/i0.wp.com\/mhyrdin.fr\/blog\/wordpress\/wp-content\/gallery\/decembre2016\/Hu%C3%AEtrier-pie_5340.jpg?ssl=1\"><img loading=\"lazy\" decoding=\"async\" src=\"https:\/\/i0.wp.com\/mhyrdin.fr\/blog\/wordpress\/wp-content\/gallery\/decembre2016\/Hu%C3%AEtrier-pie_5340.jpg?h=170\" alt=\"Hu\u00eetrier pie\" width=\"255\" height=\"170\" \/><\/a><p class=\"jig-HTMLdescription\">Hu\u00eetrier pie<\/p><\/li><li><a href=\"https:\/\/i0.wp.com\/mhyrdin.fr\/blog\/wordpress\/wp-content\/gallery\/decembre2016\/Tadorne-de-Belon_5332.jpg?ssl=1\"><img loading=\"lazy\" decoding=\"async\" src=\"https:\/\/i0.wp.com\/mhyrdin.fr\/blog\/wordpress\/wp-content\/gallery\/decembre2016\/Tadorne-de-Belon_5332.jpg?h=170\" alt=\"Tadorne de Belon\" width=\"113\" height=\"170\" \/><\/a><p class=\"jig-HTMLdescription\">Tadorne de Belon<\/p><\/li><li><a href=\"https:\/\/i0.wp.com\/mhyrdin.fr\/blog\/wordpress\/wp-content\/gallery\/decembre2016\/Tadorne-de-Belon_5330.jpg?ssl=1\"><img loading=\"lazy\" decoding=\"async\" src=\"https:\/\/i0.wp.com\/mhyrdin.fr\/blog\/wordpress\/wp-content\/gallery\/decembre2016\/Tadorne-de-Belon_5330.jpg?h=170\" alt=\"Tadorne de Belon\" width=\"255\" height=\"170\" \/><\/a><p class=\"jig-HTMLdescription\">Tadorne de Belon<\/p><\/li><li><a href=\"https:\/\/i0.wp.com\/mhyrdin.fr\/blog\/wordpress\/wp-content\/gallery\/decembre2016\/Courlis-cendr%C3%A9_5297.jpg?ssl=1\"><img loading=\"lazy\" decoding=\"async\" src=\"https:\/\/i0.wp.com\/mhyrdin.fr\/blog\/wordpress\/wp-content\/gallery\/decembre2016\/Courlis-cendr%C3%A9_5297.jpg?h=170\" alt=\"Courlis cendr\u00e9\" width=\"255\" height=\"170\" \/><\/a><p class=\"jig-HTMLdescription\">Courlis cendr\u00e9<\/p><\/li><li><a href=\"https:\/\/i0.wp.com\/mhyrdin.fr\/blog\/wordpress\/wp-content\/gallery\/decembre2016\/Nuage_5281.jpg?ssl=1\" title=\"Nuage_5281\"><img loading=\"lazy\" decoding=\"async\" src=\"https:\/\/i0.wp.com\/mhyrdin.fr\/blog\/wordpress\/wp-content\/gallery\/decembre2016\/Nuage_5281.jpg?h=170\" alt=\"Nuage, mena\u00e7ant ?\" width=\"255\" height=\"170\" \/><\/a><p class=\"jig-HTMLdescription\">Nuage, mena\u00e7ant ?<br\/>Nuage_5281<\/p><\/li><li><a href=\"https:\/\/i0.wp.com\/mhyrdin.fr\/blog\/wordpress\/wp-content\/gallery\/decembre2016\/Chevalier-aboyeur_5279.jpg?ssl=1\"><img loading=\"lazy\" decoding=\"async\" src=\"https:\/\/i0.wp.com\/mhyrdin.fr\/blog\/wordpress\/wp-content\/gallery\/decembre2016\/Chevalier-aboyeur_5279.jpg?h=170\" alt=\"Chevalier aboyeur\" width=\"255\" height=\"170\" \/><\/a><p class=\"jig-HTMLdescription\">Chevalier aboyeur<\/p><\/li><li><a href=\"https:\/\/i0.wp.com\/mhyrdin.fr\/blog\/wordpress\/wp-content\/gallery\/decembre2016\/Chevalier-aboyeur_5275.jpg?ssl=1\"><img loading=\"lazy\" decoding=\"async\" src=\"https:\/\/i0.wp.com\/mhyrdin.fr\/blog\/wordpress\/wp-content\/gallery\/decembre2016\/Chevalier-aboyeur_5275.jpg?h=170\" alt=\"Chevalier aboyeur\" width=\"255\" height=\"170\" \/><\/a><p class=\"jig-HTMLdescription\">Chevalier aboyeur<\/p><\/li><li><a href=\"https:\/\/i0.wp.com\/mhyrdin.fr\/blog\/wordpress\/wp-content\/gallery\/decembre2016\/Chevalier-aboyeur_5273.jpg?ssl=1\"><img loading=\"lazy\" decoding=\"async\" src=\"https:\/\/i0.wp.com\/mhyrdin.fr\/blog\/wordpress\/wp-content\/gallery\/decembre2016\/Chevalier-aboyeur_5273.jpg?h=170\" alt=\"Chevalier aboyeur\" width=\"255\" height=\"170\" \/><\/a><p class=\"jig-HTMLdescription\">Chevalier aboyeur<\/p><\/li><li><a href=\"https:\/\/i0.wp.com\/mhyrdin.fr\/blog\/wordpress\/wp-content\/gallery\/decembre2016\/Chevalier-gambette_5240.jpg?ssl=1\"><img loading=\"lazy\" decoding=\"async\" src=\"https:\/\/i0.wp.com\/mhyrdin.fr\/blog\/wordpress\/wp-content\/gallery\/decembre2016\/Chevalier-gambette_5240.jpg?h=170\" alt=\"Chevalier gambette\" width=\"113\" height=\"170\" \/><\/a><p class=\"jig-HTMLdescription\">Chevalier gambette<\/p><\/li><li><a href=\"https:\/\/i0.wp.com\/mhyrdin.fr\/blog\/wordpress\/wp-content\/gallery\/decembre2016\/Chevalier-gambette_5231.jpg?ssl=1\"><img loading=\"lazy\" decoding=\"async\" src=\"https:\/\/i0.wp.com\/mhyrdin.fr\/blog\/wordpress\/wp-content\/gallery\/decembre2016\/Chevalier-gambette_5231.jpg?h=170\" alt=\"Chevalier gambette\" width=\"255\" height=\"170\" \/><\/a><p class=\"jig-HTMLdescription\">Chevalier gambette<\/p><\/li><li><a href=\"https:\/\/i0.wp.com\/mhyrdin.fr\/blog\/wordpress\/wp-content\/gallery\/decembre2016\/Chevalier-aboyeur_5226.jpg?ssl=1\"><img loading=\"lazy\" decoding=\"async\" src=\"https:\/\/i0.wp.com\/mhyrdin.fr\/blog\/wordpress\/wp-content\/gallery\/decembre2016\/Chevalier-aboyeur_5226.jpg?h=170\" alt=\"Chevalier aboyeur\" width=\"255\" height=\"170\" \/><\/a><p class=\"jig-HTMLdescription\">Chevalier aboyeur<\/p><\/li><li><a href=\"https:\/\/i0.wp.com\/mhyrdin.fr\/blog\/wordpress\/wp-content\/gallery\/decembre2016\/Aigrette-garzette_5224.jpg?ssl=1\"><img loading=\"lazy\" decoding=\"async\" src=\"https:\/\/i0.wp.com\/mhyrdin.fr\/blog\/wordpress\/wp-content\/gallery\/decembre2016\/Aigrette-garzette_5224.jpg?h=170\" alt=\"Aigrette garzette\" width=\"255\" height=\"170\" \/><\/a><p class=\"jig-HTMLdescription\">Aigrette garzette<\/p><\/li><li><a href=\"https:\/\/i0.wp.com\/mhyrdin.fr\/blog\/wordpress\/wp-content\/gallery\/decembre2016\/Courlis-cendr%C3%A9_5218.jpg?ssl=1\"><img loading=\"lazy\" decoding=\"async\" src=\"https:\/\/i0.wp.com\/mhyrdin.fr\/blog\/wordpress\/wp-content\/gallery\/decembre2016\/Courlis-cendr%C3%A9_5218.jpg?h=170\" alt=\"Courlis cendr\u00e9\" width=\"255\" height=\"170\" \/><\/a><p class=\"jig-HTMLdescription\">Courlis cendr\u00e9<\/p><\/li><li><a href=\"https:\/\/i0.wp.com\/mhyrdin.fr\/blog\/wordpress\/wp-content\/gallery\/decembre2016\/M%C3%A9sange-charbonni%C3%A8re_5205.jpg?ssl=1\"><img loading=\"lazy\" decoding=\"async\" src=\"https:\/\/i0.wp.com\/mhyrdin.fr\/blog\/wordpress\/wp-content\/gallery\/decembre2016\/M%C3%A9sange-charbonni%C3%A8re_5205.jpg?h=170\" alt=\"M\u00e9sange charbonni\u00e8re\" width=\"113\" height=\"170\" \/><\/a><p class=\"jig-HTMLdescription\">M\u00e9sange charbonni\u00e8re<\/p><\/li><li><a href=\"https:\/\/i0.wp.com\/mhyrdin.fr\/blog\/wordpress\/wp-content\/gallery\/decembre2016\/Rose_5201.jpg?ssl=1\" title=\"Rose_5201\"><img loading=\"lazy\" decoding=\"async\" src=\"https:\/\/i0.wp.com\/mhyrdin.fr\/blog\/wordpress\/wp-content\/gallery\/decembre2016\/Rose_5201.jpg?h=170\" alt=\"Rose du jardin\" width=\"113\" height=\"170\" \/><\/a><p class=\"jig-HTMLdescription\">Rose du jardin<br\/>Rose_5201<\/p><\/li><li><a href=\"https:\/\/i0.wp.com\/mhyrdin.fr\/blog\/wordpress\/wp-content\/gallery\/decembre2016\/Fauvette-%C3%A0-t%C3%AAte-noire_5197.jpg?ssl=1\"><img loading=\"lazy\" decoding=\"async\" src=\"https:\/\/i0.wp.com\/mhyrdin.fr\/blog\/wordpress\/wp-content\/gallery\/decembre2016\/Fauvette-%C3%A0-t%C3%AAte-noire_5197.jpg?h=170\" alt=\"Fauvette \u00e0 t\u00eate noire\" width=\"255\" height=\"170\" \/><\/a><p class=\"jig-HTMLdescription\">Fauvette \u00e0 t\u00eate noire<\/p><\/li><li><a href=\"https:\/\/i0.wp.com\/mhyrdin.fr\/blog\/wordpress\/wp-content\/gallery\/decembre2016\/Fauvette-%C3%A0-t%C3%AAte-noire_5190.jpg?ssl=1\"><img loading=\"lazy\" decoding=\"async\" src=\"https:\/\/i0.wp.com\/mhyrdin.fr\/blog\/wordpress\/wp-content\/gallery\/decembre2016\/Fauvette-%C3%A0-t%C3%AAte-noire_5190.jpg?h=170\" alt=\"Fauvette \u00e0 t\u00eate noire\" width=\"255\" height=\"170\" \/><\/a><p class=\"jig-HTMLdescription\">Fauvette \u00e0 t\u00eate noire<\/p><\/li><\/ul><\/noscript><\/div><div id=\"jig1-developerLink\" class=\"jig-developerLink\"><a href=\"https:\/\/justifiedgrid.com\/\" target=\"_blank\" title=\"Justified Image Grid - Premium WordPress Gallery\">powered by Justified Image Grid<\/a><\/div>\n<h3>Related Images:<\/h3>","protected":false},"excerpt":{"rendered":"<p>Matin brumeuxKervallon &#8211; BrestMatin brumeuxKervallon_5550Matin brumeuxKervallon_5543RougegorgeRougegorge_5542RougegorgeRougegorge_5533M\u00e9sange bleuePinsonPinson_5514RougegorgeRougegorge_5503Nid de Frelon asiatiqueNid de Frelon asiatiqueSittelle torchepotSittelle torchepotKervallonKervallon_5455KervallonKervallon_5456KervallonKervallon_5454NBKervallonKervallon_5453PorspoderPorspoder_5440PorspoderPorspoder_5445PorspoderPorspoder_5428PorspoderPorspoder_5424Pluvier argent\u00e9Hu\u00eetrier piePluvier argent\u00e9Soleil couchantSoleil couchantCourlis cendr\u00e9Hu\u00eetrier pieTadorne de BelonTadorne de BelonCourlis cendr\u00e9Nuage, mena\u00e7ant ?Nuage_5281Chevalier aboyeurChevalier aboyeurChevalier aboyeurChevalier gambetteChevalier gambetteChevalier aboyeurAigrette garzetteCourlis cendr\u00e9M\u00e9sange charbonni\u00e8reRose du jardinRose_5201Fauvette \u00e0 t\u00eate noireFauvette \u00e0 t\u00eate noirepowered by Justified Image Grid Related Images:<\/p>\n","protected":false},"author":4,"featured_media":0,"parent":12723,"menu_order":0,"comment_status":"closed","ping_status":"closed","template":"","meta":{"ngg_post_thumbnail":0,"jetpack_post_was_ever_published":false,"footnotes":"","_links_to":"","_links_to_target":""},"class_list":["post-23435","page","type-page","status-publish","hentry"],"jetpack_shortlink":"https:\/\/wp.me\/P9lSZN-65Z","jetpack_sharing_enabled":true,"_links":{"self":[{"href":"https:\/\/mhyrdin.fr\/blog\/wp-json\/wp\/v2\/pages\/23435","targetHints":{"allow":["GET"]}}],"collection":[{"href":"https:\/\/mhyrdin.fr\/blog\/wp-json\/wp\/v2\/pages"}],"about":[{"href":"https:\/\/mhyrdin.fr\/blog\/wp-json\/wp\/v2\/types\/page"}],"author":[{"embeddable":true,"href":"https:\/\/mhyrdin.fr\/blog\/wp-json\/wp\/v2\/users\/4"}],"replies":[{"embeddable":true,"href":"https:\/\/mhyrdin.fr\/blog\/wp-json\/wp\/v2\/comments?post=23435"}],"version-history":[{"count":0,"href":"https:\/\/mhyrdin.fr\/blog\/wp-json\/wp\/v2\/pages\/23435\/revisions"}],"up":[{"embeddable":true,"href":"https:\/\/mhyrdin.fr\/blog\/wp-json\/wp\/v2\/pages\/12723"}],"wp:attachment":[{"href":"https:\/\/mhyrdin.fr\/blog\/wp-json\/wp\/v2\/media?parent=23435"}],"curies":[{"name":"wp","href":"https:\/\/api.w.org\/{rel}","templated":true}]}}