{"id":23403,"date":"2022-10-15T08:27:35","date_gmt":"2022-10-15T06:27:35","guid":{"rendered":"https:\/\/mhyrdin.fr\/blog\/2016-2\/janvier-2016\/pour-finir-janvier-2016\/"},"modified":"2022-10-15T08:27:35","modified_gmt":"2022-10-15T06:27:35","slug":"pour-finir-janvier-2016","status":"publish","type":"page","link":"https:\/\/mhyrdin.fr\/blog\/archives-numeriques\/2016-2\/janvier-2016\/pour-finir-janvier-2016\/","title":{"rendered":"Pour  finir janvier 2016"},"content":{"rendered":"<div id=\"jig1\" class=\"justified-image-grid jig-f1c2094a5ef383c38789a7d737b88115 jig-preset-global jig-source-nextgen\"><div class=\"jig-clearfix\"><\/div><noscript id=\"jig1-html\" class=\"justified-image-grid-html\" data-lazy-src=\"skiplazyload\" data-src=\"skipunveillazyload\"><ul><li><a href=\"https:\/\/i0.wp.com\/mhyrdin.fr\/blog\/wordpress\/wp-content\/gallery\/finirjanvier2016\/Buse_4086.jpg?ssl=1\" title=\"Buse_4086\"><img loading=\"lazy\" decoding=\"async\" src=\"https:\/\/i0.wp.com\/mhyrdin.fr\/blog\/wordpress\/wp-content\/gallery\/finirjanvier2016\/Buse_4086.jpg?h=170\" alt=\"Buse variable\" width=\"255\" height=\"170\" \/><\/a><p class=\"jig-HTMLdescription\">Buse variable<br\/>Buse_4086<\/p><\/li><li><a href=\"https:\/\/i0.wp.com\/mhyrdin.fr\/blog\/wordpress\/wp-content\/gallery\/finirjanvier2016\/Grue-cendr%C3%A9e_3883.jpg?ssl=1\"><img loading=\"lazy\" decoding=\"async\" src=\"https:\/\/i0.wp.com\/mhyrdin.fr\/blog\/wordpress\/wp-content\/gallery\/finirjanvier2016\/Grue-cendr%C3%A9e_3883.jpg?h=170\" alt=\"Grue cendr\u00e9e\" width=\"255\" height=\"170\" \/><\/a><p class=\"jig-HTMLdescription\">Grue cendr\u00e9e<\/p><\/li><li><a href=\"https:\/\/i0.wp.com\/mhyrdin.fr\/blog\/wordpress\/wp-content\/gallery\/finirjanvier2016\/Grue-cendr%C3%A9e_3884.jpg?ssl=1\"><img loading=\"lazy\" decoding=\"async\" src=\"https:\/\/i0.wp.com\/mhyrdin.fr\/blog\/wordpress\/wp-content\/gallery\/finirjanvier2016\/Grue-cendr%C3%A9e_3884.jpg?h=170\" alt=\"Grue cendr\u00e9e\" width=\"255\" height=\"170\" \/><\/a><p class=\"jig-HTMLdescription\">Grue cendr\u00e9e<\/p><\/li><li><a href=\"https:\/\/i0.wp.com\/mhyrdin.fr\/blog\/wordpress\/wp-content\/gallery\/finirjanvier2016\/Grue-cendr%C3%A9e_3834.jpg?ssl=1\"><img loading=\"lazy\" decoding=\"async\" src=\"https:\/\/i0.wp.com\/mhyrdin.fr\/blog\/wordpress\/wp-content\/gallery\/finirjanvier2016\/Grue-cendr%C3%A9e_3834.jpg?h=170\" alt=\"Grue cendr\u00e9e\" width=\"255\" height=\"170\" \/><\/a><p class=\"jig-HTMLdescription\">Grue cendr\u00e9e<\/p><\/li><li><a href=\"https:\/\/i0.wp.com\/mhyrdin.fr\/blog\/wordpress\/wp-content\/gallery\/finirjanvier2016\/Grue-cendr%C3%A9e_3839.jpg?ssl=1\"><img loading=\"lazy\" decoding=\"async\" src=\"https:\/\/i0.wp.com\/mhyrdin.fr\/blog\/wordpress\/wp-content\/gallery\/finirjanvier2016\/Grue-cendr%C3%A9e_3839.jpg?h=170\" alt=\"Grue cendr\u00e9e\" width=\"255\" height=\"170\" \/><\/a><p class=\"jig-HTMLdescription\">Grue cendr\u00e9e<\/p><\/li><li><a href=\"https:\/\/i0.wp.com\/mhyrdin.fr\/blog\/wordpress\/wp-content\/gallery\/finirjanvier2016\/Grue-cendr%C3%A9e_3856.jpg?ssl=1\"><img loading=\"lazy\" decoding=\"async\" src=\"https:\/\/i0.wp.com\/mhyrdin.fr\/blog\/wordpress\/wp-content\/gallery\/finirjanvier2016\/Grue-cendr%C3%A9e_3856.jpg?h=170\" alt=\"Grue cendr\u00e9e\" width=\"255\" height=\"170\" \/><\/a><p class=\"jig-HTMLdescription\">Grue cendr\u00e9e<\/p><\/li><li><a href=\"https:\/\/i0.wp.com\/mhyrdin.fr\/blog\/wordpress\/wp-content\/gallery\/finirjanvier2016\/Grue-cendr%C3%A9e_3863.jpg?ssl=1\"><img loading=\"lazy\" decoding=\"async\" src=\"https:\/\/i0.wp.com\/mhyrdin.fr\/blog\/wordpress\/wp-content\/gallery\/finirjanvier2016\/Grue-cendr%C3%A9e_3863.jpg?h=170\" alt=\"Grue cendr\u00e9e\" width=\"255\" height=\"170\" \/><\/a><p class=\"jig-HTMLdescription\">Grue cendr\u00e9e<\/p><\/li><li><a href=\"https:\/\/i0.wp.com\/mhyrdin.fr\/blog\/wordpress\/wp-content\/gallery\/finirjanvier2016\/Roitelet-triple-bandeau_3872.jpg?ssl=1\"><img loading=\"lazy\" decoding=\"async\" src=\"https:\/\/i0.wp.com\/mhyrdin.fr\/blog\/wordpress\/wp-content\/gallery\/finirjanvier2016\/Roitelet-triple-bandeau_3872.jpg?h=170\" alt=\"Roitelet triple-bandeau\" width=\"255\" height=\"170\" \/><\/a><p class=\"jig-HTMLdescription\">Roitelet triple-bandeau<\/p><\/li><li><a href=\"https:\/\/i0.wp.com\/mhyrdin.fr\/blog\/wordpress\/wp-content\/gallery\/finirjanvier2016\/Curnic_4040.jpg?ssl=1\" title=\"Curnic_4040\"><img loading=\"lazy\" decoding=\"async\" src=\"https:\/\/i0.wp.com\/mhyrdin.fr\/blog\/wordpress\/wp-content\/gallery\/finirjanvier2016\/Curnic_4040.jpg?h=170\" alt=\"Le Curnic\" width=\"286\" height=\"170\" \/><\/a><p class=\"jig-HTMLdescription\">Le Curnic<br\/>Curnic_4040<\/p><\/li><li><a href=\"https:\/\/i0.wp.com\/mhyrdin.fr\/blog\/wordpress\/wp-content\/gallery\/finirjanvier2016\/Curnic_4039.jpg?ssl=1\" title=\"Curnic_4039\"><img loading=\"lazy\" decoding=\"async\" src=\"https:\/\/i0.wp.com\/mhyrdin.fr\/blog\/wordpress\/wp-content\/gallery\/finirjanvier2016\/Curnic_4039.jpg?h=170\" alt=\"Le Curnic\" width=\"332\" height=\"170\" \/><\/a><p class=\"jig-HTMLdescription\">Le Curnic<br\/>Curnic_4039<\/p><\/li><li><a href=\"https:\/\/i0.wp.com\/mhyrdin.fr\/blog\/wordpress\/wp-content\/gallery\/finirjanvier2016\/Curnic_4054.jpg?ssl=1\" title=\"Curnic_4054\"><img loading=\"lazy\" decoding=\"async\" src=\"https:\/\/i0.wp.com\/mhyrdin.fr\/blog\/wordpress\/wp-content\/gallery\/finirjanvier2016\/Curnic_4054.jpg?h=170\" alt=\"La digue du Curnic\" width=\"314\" height=\"170\" \/><\/a><p class=\"jig-HTMLdescription\">La digue du Curnic<br\/>Curnic_4054<\/p><\/li><li><a href=\"https:\/\/i0.wp.com\/mhyrdin.fr\/blog\/wordpress\/wp-content\/gallery\/finirjanvier2016\/Curnic_1063.jpg?ssl=1\" title=\"Curnic_1063\"><img loading=\"lazy\" decoding=\"async\" src=\"https:\/\/i0.wp.com\/mhyrdin.fr\/blog\/wordpress\/wp-content\/gallery\/finirjanvier2016\/Curnic_1063.jpg?h=170\" alt=\"Depuis la digue du Curnic\" width=\"306\" height=\"170\" \/><\/a><p class=\"jig-HTMLdescription\">Depuis la digue du Curnic<br\/>Curnic_1063<\/p><\/li><li><a href=\"https:\/\/i0.wp.com\/mhyrdin.fr\/blog\/wordpress\/wp-content\/gallery\/finirjanvier2016\/Curnic_3913.jpg?ssl=1\" title=\"Curnic_3913\"><img loading=\"lazy\" decoding=\"async\" src=\"https:\/\/i0.wp.com\/mhyrdin.fr\/blog\/wordpress\/wp-content\/gallery\/finirjanvier2016\/Curnic_3913.jpg?h=170\" alt=\"Depuis la digue du Curnic\" width=\"299\" height=\"170\" \/><\/a><p class=\"jig-HTMLdescription\">Depuis la digue du Curnic<br\/>Curnic_3913<\/p><\/li><li><a href=\"https:\/\/i0.wp.com\/mhyrdin.fr\/blog\/wordpress\/wp-content\/gallery\/finirjanvier2016\/Phoque_3954.jpg?ssl=1\" title=\"Depuis la digue du Curnic\"><img loading=\"lazy\" decoding=\"async\" src=\"https:\/\/i0.wp.com\/mhyrdin.fr\/blog\/wordpress\/wp-content\/gallery\/finirjanvier2016\/Phoque_3954.jpg?h=170\" alt=\"Phoque gris\" width=\"255\" height=\"170\" \/><\/a><p class=\"jig-HTMLdescription\">Phoque gris<br\/>Depuis la digue du Curnic<\/p><\/li><li><a href=\"https:\/\/i0.wp.com\/mhyrdin.fr\/blog\/wordpress\/wp-content\/gallery\/finirjanvier2016\/Curnic_1003.jpg?ssl=1\" title=\"Curnic_1003\"><img loading=\"lazy\" decoding=\"async\" src=\"https:\/\/i0.wp.com\/mhyrdin.fr\/blog\/wordpress\/wp-content\/gallery\/finirjanvier2016\/Curnic_1003.jpg?h=170\" alt=\"Depuis la digue du Curnic\" width=\"306\" height=\"170\" \/><\/a><p class=\"jig-HTMLdescription\">Depuis la digue du Curnic<br\/>Curnic_1003<\/p><\/li><li><a href=\"https:\/\/i0.wp.com\/mhyrdin.fr\/blog\/wordpress\/wp-content\/gallery\/finirjanvier2016\/Phoque_3970.jpg?ssl=1\" title=\"Depuis la digue du Curnic\"><img loading=\"lazy\" decoding=\"async\" src=\"https:\/\/i0.wp.com\/mhyrdin.fr\/blog\/wordpress\/wp-content\/gallery\/finirjanvier2016\/Phoque_3970.jpg?h=170\" alt=\"Phoque gris\" width=\"255\" height=\"170\" \/><\/a><p class=\"jig-HTMLdescription\">Phoque gris<br\/>Depuis la digue du Curnic<\/p><\/li><li><a href=\"https:\/\/i0.wp.com\/mhyrdin.fr\/blog\/wordpress\/wp-content\/gallery\/finirjanvier2016\/Phoque_3974.jpg?ssl=1\" title=\"Depuis la digue du Curnic\"><img loading=\"lazy\" decoding=\"async\" src=\"https:\/\/i0.wp.com\/mhyrdin.fr\/blog\/wordpress\/wp-content\/gallery\/finirjanvier2016\/Phoque_3974.jpg?h=170\" alt=\"Phoque gris\" width=\"255\" height=\"170\" \/><\/a><p class=\"jig-HTMLdescription\">Phoque gris<br\/>Depuis la digue du Curnic<\/p><\/li><li><a href=\"https:\/\/i0.wp.com\/mhyrdin.fr\/blog\/wordpress\/wp-content\/gallery\/finirjanvier2016\/Plongeon-imbrin_3906.jpg?ssl=1\" title=\"Depuis la digue du Curnic\"><img loading=\"lazy\" decoding=\"async\" src=\"https:\/\/i0.wp.com\/mhyrdin.fr\/blog\/wordpress\/wp-content\/gallery\/finirjanvier2016\/Plongeon-imbrin_3906.jpg?h=170\" alt=\"Plongeon imbrin\" width=\"255\" height=\"170\" \/><\/a><p class=\"jig-HTMLdescription\">Plongeon imbrin<br\/>Depuis la digue du Curnic<\/p><\/li><\/ul><\/noscript><\/div><div id=\"jig1-developerLink\" class=\"jig-developerLink\"><a href=\"https:\/\/justifiedgrid.com\/\" target=\"_blank\" title=\"Justified Image Grid - Premium WordPress Gallery\">powered by Justified Image Grid<\/a><\/div>\n<h3>Related Images:<\/h3>","protected":false},"excerpt":{"rendered":"<p>Buse variableBuse_4086Grue cendr\u00e9eGrue cendr\u00e9eGrue cendr\u00e9eGrue cendr\u00e9eGrue cendr\u00e9eGrue cendr\u00e9eRoitelet triple-bandeauLe CurnicCurnic_4040Le CurnicCurnic_4039La digue du CurnicCurnic_4054Depuis la digue du CurnicCurnic_1063Depuis la digue du CurnicCurnic_3913Phoque grisDepuis la digue du CurnicDepuis la digue du CurnicCurnic_1003Phoque grisDepuis la digue du CurnicPhoque grisDepuis la digue du CurnicPlongeon imbrinDepuis la digue du Curnicpowered by Justified Image Grid Related Images:<\/p>\n","protected":false},"author":4,"featured_media":0,"parent":10059,"menu_order":0,"comment_status":"closed","ping_status":"closed","template":"","meta":{"ngg_post_thumbnail":0,"jetpack_post_was_ever_published":false,"footnotes":"","_links_to":"","_links_to_target":""},"class_list":["post-23403","page","type-page","status-publish","hentry"],"jetpack_shortlink":"https:\/\/wp.me\/P9lSZN-65t","jetpack_sharing_enabled":true,"_links":{"self":[{"href":"https:\/\/mhyrdin.fr\/blog\/wp-json\/wp\/v2\/pages\/23403","targetHints":{"allow":["GET"]}}],"collection":[{"href":"https:\/\/mhyrdin.fr\/blog\/wp-json\/wp\/v2\/pages"}],"about":[{"href":"https:\/\/mhyrdin.fr\/blog\/wp-json\/wp\/v2\/types\/page"}],"author":[{"embeddable":true,"href":"https:\/\/mhyrdin.fr\/blog\/wp-json\/wp\/v2\/users\/4"}],"replies":[{"embeddable":true,"href":"https:\/\/mhyrdin.fr\/blog\/wp-json\/wp\/v2\/comments?post=23403"}],"version-history":[{"count":0,"href":"https:\/\/mhyrdin.fr\/blog\/wp-json\/wp\/v2\/pages\/23403\/revisions"}],"up":[{"embeddable":true,"href":"https:\/\/mhyrdin.fr\/blog\/wp-json\/wp\/v2\/pages\/10059"}],"wp:attachment":[{"href":"https:\/\/mhyrdin.fr\/blog\/wp-json\/wp\/v2\/media?parent=23403"}],"curies":[{"name":"wp","href":"https:\/\/api.w.org\/{rel}","templated":true}]}}