{"id":23259,"date":"2022-10-15T07:46:08","date_gmt":"2022-10-15T05:46:08","guid":{"rendered":"https:\/\/mhyrdin.fr\/blog\/2015-2\/aout-2015\/gruissan-en-aout-fin\/"},"modified":"2022-10-15T07:46:08","modified_gmt":"2022-10-15T05:46:08","slug":"gruissan-en-aout-fin","status":"publish","type":"page","link":"https:\/\/mhyrdin.fr\/blog\/archives-numeriques\/2015-2\/aout-2015\/gruissan-en-aout-fin\/","title":{"rendered":"Gruissan en ao\u00fbt &#8211; fin"},"content":{"rendered":"<div id=\"jig1\" class=\"justified-image-grid jig-6a5ae768dab22cc31cacd2446aab8cc9 jig-preset-global jig-source-nextgen\"><div class=\"jig-clearfix\"><\/div><noscript id=\"jig1-html\" class=\"justified-image-grid-html\" data-lazy-src=\"skiplazyload\" data-src=\"skipunveillazyload\"><ul><li><a href=\"https:\/\/i0.wp.com\/mhyrdin.fr\/blog\/wordpress\/wp-content\/gallery\/gruissanaout2015-3\/Sunrise_8989.jpg?ssl=1\" title=\"Sunrise_8989\"><img loading=\"lazy\" decoding=\"async\" src=\"https:\/\/i0.wp.com\/mhyrdin.fr\/blog\/wordpress\/wp-content\/gallery\/gruissanaout2015-3\/Sunrise_8989.jpg?h=170\" alt=\"Lever de soleil \u00e9ph\u00e9m\u00e8re - 1\" width=\"255\" height=\"170\" \/><\/a><p class=\"jig-HTMLdescription\">Lever de soleil \u00e9ph\u00e9m\u00e8re - 1<br\/>Sunrise_8989<\/p><\/li><li><a href=\"https:\/\/i0.wp.com\/mhyrdin.fr\/blog\/wordpress\/wp-content\/gallery\/gruissanaout2015-3\/Sunrise_8999.jpg?ssl=1\" title=\"Sunrise_8999\"><img loading=\"lazy\" decoding=\"async\" src=\"https:\/\/i0.wp.com\/mhyrdin.fr\/blog\/wordpress\/wp-content\/gallery\/gruissanaout2015-3\/Sunrise_8999.jpg?h=170\" alt=\"Lever de soleil \u00e9ph\u00e9m\u00e8re - 2\" width=\"255\" height=\"170\" \/><\/a><p class=\"jig-HTMLdescription\">Lever de soleil \u00e9ph\u00e9m\u00e8re - 2<br\/>Sunrise_8999<\/p><\/li><li><a href=\"https:\/\/i0.wp.com\/mhyrdin.fr\/blog\/wordpress\/wp-content\/gallery\/gruissanaout2015-3\/Sunrise_9004.jpg?ssl=1\" title=\"Sunrise_9004\"><img loading=\"lazy\" decoding=\"async\" src=\"https:\/\/i0.wp.com\/mhyrdin.fr\/blog\/wordpress\/wp-content\/gallery\/gruissanaout2015-3\/Sunrise_9004.jpg?h=170\" alt=\"Lever de soleil \u00e9ph\u00e9m\u00e8re - 3\" width=\"255\" height=\"170\" \/><\/a><p class=\"jig-HTMLdescription\">Lever de soleil \u00e9ph\u00e9m\u00e8re - 3<br\/>Sunrise_9004<\/p><\/li><li><a href=\"https:\/\/i0.wp.com\/mhyrdin.fr\/blog\/wordpress\/wp-content\/gallery\/gruissanaout2015-3\/Sunrise_9009.jpg?ssl=1\" title=\"Sunrise_9009\"><img loading=\"lazy\" decoding=\"async\" src=\"https:\/\/i0.wp.com\/mhyrdin.fr\/blog\/wordpress\/wp-content\/gallery\/gruissanaout2015-3\/Sunrise_9009.jpg?h=170\" alt=\"Lever de soleil \u00e9ph\u00e9m\u00e8re - 4\" width=\"255\" height=\"170\" \/><\/a><p class=\"jig-HTMLdescription\">Lever de soleil \u00e9ph\u00e9m\u00e8re - 4<br\/>Sunrise_9009<\/p><\/li><li><a href=\"https:\/\/i0.wp.com\/mhyrdin.fr\/blog\/wordpress\/wp-content\/gallery\/gruissanaout2015-3\/Sunrise_9010.jpg?ssl=1\" title=\"Sunrise_9010\"><img loading=\"lazy\" decoding=\"async\" src=\"https:\/\/i0.wp.com\/mhyrdin.fr\/blog\/wordpress\/wp-content\/gallery\/gruissanaout2015-3\/Sunrise_9010.jpg?h=170\" alt=\"Lever de soleil \u00e9ph\u00e9m\u00e8re - 5\" width=\"255\" height=\"170\" \/><\/a><p class=\"jig-HTMLdescription\">Lever de soleil \u00e9ph\u00e9m\u00e8re - 5<br\/>Sunrise_9010<\/p><\/li><li><a href=\"https:\/\/i0.wp.com\/mhyrdin.fr\/blog\/wordpress\/wp-content\/gallery\/gruissanaout2015-3\/Orage_9039.jpg?ssl=1\" title=\"Orage_9039\"><img loading=\"lazy\" decoding=\"async\" src=\"https:\/\/i0.wp.com\/mhyrdin.fr\/blog\/wordpress\/wp-content\/gallery\/gruissanaout2015-3\/Orage_9039.jpg?h=170\" alt=\"Orage\" width=\"363\" height=\"170\" \/><\/a><p class=\"jig-HTMLdescription\">Orage<br\/>Orage_9039<\/p><\/li><li><a href=\"https:\/\/i0.wp.com\/mhyrdin.fr\/blog\/wordpress\/wp-content\/gallery\/gruissanaout2015-3\/Orage_9068.jpg?ssl=1\" title=\"Orage_9068\"><img loading=\"lazy\" decoding=\"async\" src=\"https:\/\/i0.wp.com\/mhyrdin.fr\/blog\/wordpress\/wp-content\/gallery\/gruissanaout2015-3\/Orage_9068.jpg?h=170\" alt=\"Orage\" width=\"399\" height=\"170\" \/><\/a><p class=\"jig-HTMLdescription\">Orage<br\/>Orage_9068<\/p><\/li><li><a href=\"https:\/\/i0.wp.com\/mhyrdin.fr\/blog\/wordpress\/wp-content\/gallery\/gruissanaout2015-3\/Orage_9077.jpg?ssl=1\" title=\"Orage_9077\"><img loading=\"lazy\" decoding=\"async\" src=\"https:\/\/i0.wp.com\/mhyrdin.fr\/blog\/wordpress\/wp-content\/gallery\/gruissanaout2015-3\/Orage_9077.jpg?h=170\" alt=\"Orage\" width=\"342\" height=\"170\" \/><\/a><p class=\"jig-HTMLdescription\">Orage<br\/>Orage_9077<\/p><\/li><li><a href=\"https:\/\/i0.wp.com\/mhyrdin.fr\/blog\/wordpress\/wp-content\/gallery\/gruissanaout2015-3\/Orage_9078.jpg?ssl=1\" title=\"Orage_9078\"><img loading=\"lazy\" decoding=\"async\" src=\"https:\/\/i0.wp.com\/mhyrdin.fr\/blog\/wordpress\/wp-content\/gallery\/gruissanaout2015-3\/Orage_9078.jpg?h=170\" alt=\"Orage\" width=\"524\" height=\"170\" \/><\/a><p class=\"jig-HTMLdescription\">Orage<br\/>Orage_9078<\/p><\/li><li><a href=\"https:\/\/i0.wp.com\/mhyrdin.fr\/blog\/wordpress\/wp-content\/gallery\/gruissanaout2015-3\/Cigogne-noire_9100.jpg?ssl=1\"><img loading=\"lazy\" decoding=\"async\" src=\"https:\/\/i0.wp.com\/mhyrdin.fr\/blog\/wordpress\/wp-content\/gallery\/gruissanaout2015-3\/Cigogne-noire_9100.jpg?h=170\" alt=\"Cigogne noire\" width=\"113\" height=\"170\" \/><\/a><p class=\"jig-HTMLdescription\">Cigogne noire<\/p><\/li><li><a href=\"https:\/\/i0.wp.com\/mhyrdin.fr\/blog\/wordpress\/wp-content\/gallery\/gruissanaout2015-3\/Moineau-friquet_9137.jpg?ssl=1\"><img loading=\"lazy\" decoding=\"async\" src=\"https:\/\/i0.wp.com\/mhyrdin.fr\/blog\/wordpress\/wp-content\/gallery\/gruissanaout2015-3\/Moineau-friquet_9137.jpg?h=170\" alt=\"Moineau friquet\" width=\"255\" height=\"170\" \/><\/a><p class=\"jig-HTMLdescription\">Moineau friquet<\/p><\/li><li><a href=\"https:\/\/i0.wp.com\/mhyrdin.fr\/blog\/wordpress\/wp-content\/gallery\/gruissanaout2015-3\/Moineau-friquet_9145.jpg?ssl=1\"><img loading=\"lazy\" decoding=\"async\" src=\"https:\/\/i0.wp.com\/mhyrdin.fr\/blog\/wordpress\/wp-content\/gallery\/gruissanaout2015-3\/Moineau-friquet_9145.jpg?h=170\" alt=\"Moineau friquet\" width=\"113\" height=\"170\" \/><\/a><p class=\"jig-HTMLdescription\">Moineau friquet<\/p><\/li><li><a href=\"https:\/\/i0.wp.com\/mhyrdin.fr\/blog\/wordpress\/wp-content\/gallery\/gruissanaout2015-3\/Gu%C3%AApier_9230.jpg?ssl=1\"><img loading=\"lazy\" decoding=\"async\" src=\"https:\/\/i0.wp.com\/mhyrdin.fr\/blog\/wordpress\/wp-content\/gallery\/gruissanaout2015-3\/Gu%C3%AApier_9230.jpg?h=170\" alt=\"Gu\u00eapier\" width=\"255\" height=\"170\" \/><\/a><p class=\"jig-HTMLdescription\">Gu\u00eapier<\/p><\/li><li><a href=\"https:\/\/i0.wp.com\/mhyrdin.fr\/blog\/wordpress\/wp-content\/gallery\/gruissanaout2015-3\/Gu%C3%AApier_9231.jpg?ssl=1\"><img loading=\"lazy\" decoding=\"async\" src=\"https:\/\/i0.wp.com\/mhyrdin.fr\/blog\/wordpress\/wp-content\/gallery\/gruissanaout2015-3\/Gu%C3%AApier_9231.jpg?h=170\" alt=\"Gu\u00eapier\" width=\"113\" height=\"170\" \/><\/a><p class=\"jig-HTMLdescription\">Gu\u00eapier<\/p><\/li><li><a href=\"https:\/\/i0.wp.com\/mhyrdin.fr\/blog\/wordpress\/wp-content\/gallery\/gruissanaout2015-3\/Pigeon_9185.jpg?ssl=1\" title=\"Pigeon_9185\"><img loading=\"lazy\" decoding=\"async\" src=\"https:\/\/i0.wp.com\/mhyrdin.fr\/blog\/wordpress\/wp-content\/gallery\/gruissanaout2015-3\/Pigeon_9185.jpg?h=170\" alt=\"Pigeon bizet domestique\" width=\"255\" height=\"170\" \/><\/a><p class=\"jig-HTMLdescription\">Pigeon bizet domestique<br\/>Pigeon_9185<\/p><\/li><li><a href=\"https:\/\/i0.wp.com\/mhyrdin.fr\/blog\/wordpress\/wp-content\/gallery\/gruissanaout2015-3\/Grenouille-verte_9822.jpg?ssl=1\"><img loading=\"lazy\" decoding=\"async\" src=\"https:\/\/i0.wp.com\/mhyrdin.fr\/blog\/wordpress\/wp-content\/gallery\/gruissanaout2015-3\/Grenouille-verte_9822.jpg?h=170\" alt=\"Grenouille verte\" width=\"255\" height=\"170\" \/><\/a><p class=\"jig-HTMLdescription\">Grenouille verte<\/p><\/li><li><a href=\"https:\/\/i0.wp.com\/mhyrdin.fr\/blog\/wordpress\/wp-content\/gallery\/gruissanaout2015-3\/Grenouille-verte_9828.jpg?ssl=1\"><img loading=\"lazy\" decoding=\"async\" src=\"https:\/\/i0.wp.com\/mhyrdin.fr\/blog\/wordpress\/wp-content\/gallery\/gruissanaout2015-3\/Grenouille-verte_9828.jpg?h=170\" alt=\"Grenouille verte\" width=\"255\" height=\"170\" \/><\/a><p class=\"jig-HTMLdescription\">Grenouille verte<\/p><\/li><li><a href=\"https:\/\/i0.wp.com\/mhyrdin.fr\/blog\/wordpress\/wp-content\/gallery\/gruissanaout2015-3\/Grenouille-verte_9825.jpg?ssl=1\"><img loading=\"lazy\" decoding=\"async\" src=\"https:\/\/i0.wp.com\/mhyrdin.fr\/blog\/wordpress\/wp-content\/gallery\/gruissanaout2015-3\/Grenouille-verte_9825.jpg?h=170\" alt=\"Grenouille verte\" width=\"255\" height=\"170\" \/><\/a><p class=\"jig-HTMLdescription\">Grenouille verte<\/p><\/li><li><a href=\"https:\/\/i0.wp.com\/mhyrdin.fr\/blog\/wordpress\/wp-content\/gallery\/gruissanaout2015-3\/Bombyx-du-pin-Dendrolimus-pini_9921.jpg?ssl=1\" title=\"Dendrolimus pini\"><img loading=\"lazy\" decoding=\"async\" src=\"https:\/\/i0.wp.com\/mhyrdin.fr\/blog\/wordpress\/wp-content\/gallery\/gruissanaout2015-3\/Bombyx-du-pin-Dendrolimus-pini_9921.jpg?h=170\" alt=\"Bombyx du pin\" width=\"255\" height=\"170\" \/><\/a><p class=\"jig-HTMLdescription\">Bombyx du pin<br\/>Dendrolimus pini<\/p><\/li><li><a href=\"https:\/\/i0.wp.com\/mhyrdin.fr\/blog\/wordpress\/wp-content\/gallery\/gruissanaout2015-3\/Bombyx-du-pin-Dendrolimus-pini_9924.jpg?ssl=1\" title=\"Dendrolimus pini\"><img loading=\"lazy\" decoding=\"async\" src=\"https:\/\/i0.wp.com\/mhyrdin.fr\/blog\/wordpress\/wp-content\/gallery\/gruissanaout2015-3\/Bombyx-du-pin-Dendrolimus-pini_9924.jpg?h=170\" alt=\"Bombyx du pin\" width=\"255\" height=\"170\" \/><\/a><p class=\"jig-HTMLdescription\">Bombyx du pin<br\/>Dendrolimus pini<\/p><\/li><li><a href=\"https:\/\/i0.wp.com\/mhyrdin.fr\/blog\/wordpress\/wp-content\/gallery\/gruissanaout2015-3\/Anax-napolitain_9894.jpg?ssl=1\"><img loading=\"lazy\" decoding=\"async\" src=\"https:\/\/i0.wp.com\/mhyrdin.fr\/blog\/wordpress\/wp-content\/gallery\/gruissanaout2015-3\/Anax-napolitain_9894.jpg?h=170\" alt=\"Anax napolitain\" width=\"515\" height=\"170\" \/><\/a><p class=\"jig-HTMLdescription\">Anax napolitain<\/p><\/li><li><a href=\"https:\/\/i0.wp.com\/mhyrdin.fr\/blog\/wordpress\/wp-content\/gallery\/gruissanaout2015-3\/Anax-napolitain_9871.jpg?ssl=1\"><img loading=\"lazy\" decoding=\"async\" src=\"https:\/\/i0.wp.com\/mhyrdin.fr\/blog\/wordpress\/wp-content\/gallery\/gruissanaout2015-3\/Anax-napolitain_9871.jpg?h=170\" alt=\"Anax napolitain\" width=\"255\" height=\"170\" \/><\/a><p class=\"jig-HTMLdescription\">Anax napolitain<\/p><\/li><li><a href=\"https:\/\/i0.wp.com\/mhyrdin.fr\/blog\/wordpress\/wp-content\/gallery\/gruissanaout2015-3\/orthetrum-r%C3%A9ticul%C3%A9_9182.jpg?ssl=1\"><img loading=\"lazy\" decoding=\"async\" src=\"https:\/\/i0.wp.com\/mhyrdin.fr\/blog\/wordpress\/wp-content\/gallery\/gruissanaout2015-3\/orthetrum-r%C3%A9ticul%C3%A9_9182.jpg?h=170\" alt=\"orthetrum r\u00e9ticul\u00e9\" width=\"255\" height=\"170\" \/><\/a><p class=\"jig-HTMLdescription\">orthetrum r\u00e9ticul\u00e9<\/p><\/li><li><a href=\"https:\/\/i0.wp.com\/mhyrdin.fr\/blog\/wordpress\/wp-content\/gallery\/gruissanaout2015-3\/Sympetrum-fonscolombii_9176.jpg?ssl=1\" title=\"Sympetrum fonscolombii\"><img loading=\"lazy\" decoding=\"async\" src=\"https:\/\/i0.wp.com\/mhyrdin.fr\/blog\/wordpress\/wp-content\/gallery\/gruissanaout2015-3\/Sympetrum-fonscolombii_9176.jpg?h=170\" alt=\"Sympetrum fonscolombii\" width=\"255\" height=\"170\" \/><\/a><p class=\"jig-HTMLdescription\">Sympetrum fonscolombii<\/p><\/li><li><a href=\"https:\/\/i0.wp.com\/mhyrdin.fr\/blog\/wordpress\/wp-content\/gallery\/gruissanaout2015-3\/Sympetrum-fonscolombii_9178.jpg?ssl=1\" title=\"Sympetrum fonscolombii\"><img loading=\"lazy\" decoding=\"async\" src=\"https:\/\/i0.wp.com\/mhyrdin.fr\/blog\/wordpress\/wp-content\/gallery\/gruissanaout2015-3\/Sympetrum-fonscolombii_9178.jpg?h=170\" alt=\"Sympetrum fonscolombii_9178\" width=\"157\" height=\"170\" \/><\/a><p class=\"jig-HTMLdescription\">Sympetrum fonscolombii_9178<br\/>Sympetrum fonscolombii<\/p><\/li><li><a href=\"https:\/\/i0.wp.com\/mhyrdin.fr\/blog\/wordpress\/wp-content\/gallery\/gruissanaout2015-3\/Sympetrum-couple_9840.jpg?ssl=1\" title=\"Sympetrum fonscolombii\"><img loading=\"lazy\" decoding=\"async\" src=\"https:\/\/i0.wp.com\/mhyrdin.fr\/blog\/wordpress\/wp-content\/gallery\/gruissanaout2015-3\/Sympetrum-couple_9840.jpg?h=170\" alt=\"Sympetrum couple pendant la ponte\" width=\"255\" height=\"170\" \/><\/a><p class=\"jig-HTMLdescription\">Sympetrum couple pendant la ponte<br\/>Sympetrum fonscolombii<\/p><\/li><li><a href=\"https:\/\/i0.wp.com\/mhyrdin.fr\/blog\/wordpress\/wp-content\/gallery\/gruissanaout2015-3\/Sympetrum-couple_9863-II.jpg?ssl=1\"><img loading=\"lazy\" decoding=\"async\" src=\"https:\/\/i0.wp.com\/mhyrdin.fr\/blog\/wordpress\/wp-content\/gallery\/gruissanaout2015-3\/Sympetrum-couple_9863-II.jpg?h=170\" alt=\"Sympetrum couple pendant la ponte\" width=\"255\" height=\"170\" \/><\/a><p class=\"jig-HTMLdescription\">Sympetrum couple pendant la ponte<\/p><\/li><li><a href=\"https:\/\/i0.wp.com\/mhyrdin.fr\/blog\/wordpress\/wp-content\/gallery\/gruissanaout2015-3\/LA-B%C3%AAte_9900.jpg?ssl=1\"><img loading=\"lazy\" decoding=\"async\" src=\"https:\/\/i0.wp.com\/mhyrdin.fr\/blog\/wordpress\/wp-content\/gallery\/gruissanaout2015-3\/LA-B%C3%AAte_9900.jpg?h=170\" alt=\"Sculpture naturelle\" width=\"255\" height=\"170\" \/><\/a><p class=\"jig-HTMLdescription\">Sculpture naturelle<\/p><\/li><li><a href=\"https:\/\/i0.wp.com\/mhyrdin.fr\/blog\/wordpress\/wp-content\/gallery\/gruissanaout2015-3\/Saladelle_9179-II.jpg?ssl=1\"><img loading=\"lazy\" decoding=\"async\" src=\"https:\/\/i0.wp.com\/mhyrdin.fr\/blog\/wordpress\/wp-content\/gallery\/gruissanaout2015-3\/Saladelle_9179-II.jpg?h=170\" alt=\"Saladelle\" width=\"255\" height=\"170\" \/><\/a><p class=\"jig-HTMLdescription\">Saladelle<\/p><\/li><li><a href=\"https:\/\/i0.wp.com\/mhyrdin.fr\/blog\/wordpress\/wp-content\/gallery\/gruissanaout2015-3\/Saladelle_9118.jpg?ssl=1\" title=\"Saladelle_9118\"><img loading=\"lazy\" decoding=\"async\" src=\"https:\/\/i0.wp.com\/mhyrdin.fr\/blog\/wordpress\/wp-content\/gallery\/gruissanaout2015-3\/Saladelle_9118.jpg?h=170\" alt=\"Saladelle\" width=\"330\" height=\"170\" \/><\/a><p class=\"jig-HTMLdescription\">Saladelle<br\/>Saladelle_9118<\/p><\/li><li><a href=\"https:\/\/i0.wp.com\/mhyrdin.fr\/blog\/wordpress\/wp-content\/gallery\/gruissanaout2015-3\/Saladelle_9150.jpg?ssl=1\" title=\"Saladelle_9150\"><img loading=\"lazy\" decoding=\"async\" src=\"https:\/\/i0.wp.com\/mhyrdin.fr\/blog\/wordpress\/wp-content\/gallery\/gruissanaout2015-3\/Saladelle_9150.jpg?h=170\" alt=\"Saladelle\" width=\"113\" height=\"170\" \/><\/a><p class=\"jig-HTMLdescription\">Saladelle<br\/>Saladelle_9150<\/p><\/li><li><a href=\"https:\/\/i0.wp.com\/mhyrdin.fr\/blog\/wordpress\/wp-content\/gallery\/gruissanaout2015-3\/Saladelle_9162.jpg?ssl=1\" title=\"Saladelle_9162\"><img loading=\"lazy\" decoding=\"async\" src=\"https:\/\/i0.wp.com\/mhyrdin.fr\/blog\/wordpress\/wp-content\/gallery\/gruissanaout2015-3\/Saladelle_9162.jpg?h=170\" alt=\"Saladelle\" width=\"255\" height=\"170\" \/><\/a><p class=\"jig-HTMLdescription\">Saladelle<br\/>Saladelle_9162<\/p><\/li><li><a href=\"https:\/\/i0.wp.com\/mhyrdin.fr\/blog\/wordpress\/wp-content\/gallery\/gruissanaout2015-3\/Nuages_9146.jpg?ssl=1\" title=\"Nuages_9146\"><img loading=\"lazy\" decoding=\"async\" src=\"https:\/\/i0.wp.com\/mhyrdin.fr\/blog\/wordpress\/wp-content\/gallery\/gruissanaout2015-3\/Nuages_9146.jpg?h=170\" alt=\"Nuages\" width=\"255\" height=\"170\" \/><\/a><p class=\"jig-HTMLdescription\">Nuages<br\/>Nuages_9146<\/p><\/li><li><a href=\"https:\/\/i0.wp.com\/mhyrdin.fr\/blog\/wordpress\/wp-content\/gallery\/gruissanaout2015-3\/Nuages-du-soir_9930.jpg?ssl=1\"><img loading=\"lazy\" decoding=\"async\" src=\"https:\/\/i0.wp.com\/mhyrdin.fr\/blog\/wordpress\/wp-content\/gallery\/gruissanaout2015-3\/Nuages-du-soir_9930.jpg?h=170\" alt=\"Nuages du soir\" width=\"298\" height=\"170\" \/><\/a><p class=\"jig-HTMLdescription\">Nuages du soir<\/p><\/li><\/ul><\/noscript><\/div><div id=\"jig1-developerLink\" class=\"jig-developerLink\"><a href=\"https:\/\/justifiedgrid.com\/\" target=\"_blank\" title=\"Justified Image Grid - Premium WordPress Gallery\">powered by Justified Image Grid<\/a><\/div>\n<h3>Related Images:<\/h3>","protected":false},"excerpt":{"rendered":"<p>Lever de soleil \u00e9ph\u00e9m\u00e8re &#8211; 1Sunrise_8989Lever de soleil \u00e9ph\u00e9m\u00e8re &#8211; 2Sunrise_8999Lever de soleil \u00e9ph\u00e9m\u00e8re &#8211; 3Sunrise_9004Lever de soleil \u00e9ph\u00e9m\u00e8re &#8211; 4Sunrise_9009Lever de soleil \u00e9ph\u00e9m\u00e8re &#8211; 5Sunrise_9010OrageOrage_9039OrageOrage_9068OrageOrage_9077OrageOrage_9078Cigogne noireMoineau friquetMoineau friquetGu\u00eapierGu\u00eapierPigeon bizet domestiquePigeon_9185Grenouille verteGrenouille verteGrenouille verteBombyx du pinDendrolimus piniBombyx du pinDendrolimus piniAnax napolitainAnax napolitainorthetrum r\u00e9ticul\u00e9Sympetrum fonscolombiiSympetrum fonscolombii_9178Sympetrum fonscolombiiSympetrum couple pendant la ponteSympetrum fonscolombiiSympetrum couple pendant la ponteSculpture [&hellip;]<\/p>\n","protected":false},"author":4,"featured_media":0,"parent":6848,"menu_order":0,"comment_status":"closed","ping_status":"closed","template":"","meta":{"ngg_post_thumbnail":0,"jetpack_post_was_ever_published":false,"footnotes":"","_links_to":"","_links_to_target":""},"class_list":["post-23259","page","type-page","status-publish","hentry"],"jetpack_shortlink":"https:\/\/wp.me\/P9lSZN-639","jetpack_sharing_enabled":true,"_links":{"self":[{"href":"https:\/\/mhyrdin.fr\/blog\/wp-json\/wp\/v2\/pages\/23259","targetHints":{"allow":["GET"]}}],"collection":[{"href":"https:\/\/mhyrdin.fr\/blog\/wp-json\/wp\/v2\/pages"}],"about":[{"href":"https:\/\/mhyrdin.fr\/blog\/wp-json\/wp\/v2\/types\/page"}],"author":[{"embeddable":true,"href":"https:\/\/mhyrdin.fr\/blog\/wp-json\/wp\/v2\/users\/4"}],"replies":[{"embeddable":true,"href":"https:\/\/mhyrdin.fr\/blog\/wp-json\/wp\/v2\/comments?post=23259"}],"version-history":[{"count":0,"href":"https:\/\/mhyrdin.fr\/blog\/wp-json\/wp\/v2\/pages\/23259\/revisions"}],"up":[{"embeddable":true,"href":"https:\/\/mhyrdin.fr\/blog\/wp-json\/wp\/v2\/pages\/6848"}],"wp:attachment":[{"href":"https:\/\/mhyrdin.fr\/blog\/wp-json\/wp\/v2\/media?parent=23259"}],"curies":[{"name":"wp","href":"https:\/\/api.w.org\/{rel}","templated":true}]}}