{"id":23181,"date":"2022-10-13T23:46:56","date_gmt":"2022-10-13T21:46:56","guid":{"rendered":"https:\/\/mhyrdin.fr\/blog\/2022-2\/vezoles-la-montagne-noire\/"},"modified":"2022-10-13T23:54:29","modified_gmt":"2022-10-13T21:54:29","slug":"vezoles-la-montagne-noire","status":"publish","type":"page","link":"https:\/\/mhyrdin.fr\/blog\/archives-numeriques\/2022-2-2\/aout\/vezoles-la-montagne-noire\/","title":{"rendered":"V\u00e9zoles, la Montagne noire"},"content":{"rendered":"<div id=\"jig1\" class=\"justified-image-grid jig-37cbf86d23cb1922a9e51c7ffeb927e6 jig-preset-global jig-source-nextgen\"><div class=\"jig-clearfix\"><\/div><noscript id=\"jig1-html\" class=\"justified-image-grid-html\" data-lazy-src=\"skiplazyload\" data-src=\"skipunveillazyload\"><ul><li><a href=\"https:\/\/i0.wp.com\/mhyrdin.fr\/blog\/wordpress\/wp-content\/gallery\/aout2022-vezoles\/Lac%20de%20V%C3%A9zoles_111811.jpg?ssl=1\"><img loading=\"lazy\" decoding=\"async\" src=\"https:\/\/i0.wp.com\/mhyrdin.fr\/blog\/wordpress\/wp-content\/gallery\/aout2022-vezoles\/Lac%20de%20V%C3%A9zoles_111811.jpg?h=170\" alt=\"Lac de V\u00e9zoles\" width=\"368\" height=\"170\" \/><\/a><p class=\"jig-HTMLdescription\">Lac de V\u00e9zoles<\/p><\/li><li><a href=\"https:\/\/i0.wp.com\/mhyrdin.fr\/blog\/wordpress\/wp-content\/gallery\/aout2022-vezoles\/Lac%20de%20V%C3%A9zoles_111810.jpg?ssl=1\"><img loading=\"lazy\" decoding=\"async\" src=\"https:\/\/i0.wp.com\/mhyrdin.fr\/blog\/wordpress\/wp-content\/gallery\/aout2022-vezoles\/Lac%20de%20V%C3%A9zoles_111810.jpg?h=170\" alt=\"Lac de V\u00e9zoles\" width=\"368\" height=\"170\" \/><\/a><p class=\"jig-HTMLdescription\">Lac de V\u00e9zoles<\/p><\/li><li><a href=\"https:\/\/i0.wp.com\/mhyrdin.fr\/blog\/wordpress\/wp-content\/gallery\/aout2022-vezoles\/Lac%20de%20V%C3%A9zoles_7350.JPG?ssl=1\"><img loading=\"lazy\" decoding=\"async\" src=\"https:\/\/i0.wp.com\/mhyrdin.fr\/blog\/wordpress\/wp-content\/gallery\/aout2022-vezoles\/Lac%20de%20V%C3%A9zoles_7350.JPG?h=170\" alt=\"Lac de V\u00e9zoles\" width=\"113\" height=\"170\" \/><\/a><p class=\"jig-HTMLdescription\">Lac de V\u00e9zoles<\/p><\/li><li><a href=\"https:\/\/i0.wp.com\/mhyrdin.fr\/blog\/wordpress\/wp-content\/gallery\/aout2022-vezoles\/Lac%20de%20V%C3%A9zoles_111812.jpg?ssl=1\"><img loading=\"lazy\" decoding=\"async\" src=\"https:\/\/i0.wp.com\/mhyrdin.fr\/blog\/wordpress\/wp-content\/gallery\/aout2022-vezoles\/Lac%20de%20V%C3%A9zoles_111812.jpg?h=170\" alt=\"Lac de V\u00e9zoles\" width=\"368\" height=\"170\" \/><\/a><p class=\"jig-HTMLdescription\">Lac de V\u00e9zoles<\/p><\/li><li><a href=\"https:\/\/i0.wp.com\/mhyrdin.fr\/blog\/wordpress\/wp-content\/gallery\/aout2022-vezoles\/Amaryllis_7550.JPG?ssl=1\" title=\"Amaryllis_7550\"><img loading=\"lazy\" decoding=\"async\" src=\"https:\/\/i0.wp.com\/mhyrdin.fr\/blog\/wordpress\/wp-content\/gallery\/aout2022-vezoles\/Amaryllis_7550.JPG?h=170\" alt=\"Amaryllis\" width=\"170\" height=\"170\" \/><\/a><p class=\"jig-HTMLdescription\">Amaryllis<br\/>Amaryllis_7550<\/p><\/li><li><a href=\"https:\/\/i0.wp.com\/mhyrdin.fr\/blog\/wordpress\/wp-content\/gallery\/aout2022-vezoles\/Azur%C3%A9%20commun_7562.JPG?ssl=1\"><img loading=\"lazy\" decoding=\"async\" src=\"https:\/\/i0.wp.com\/mhyrdin.fr\/blog\/wordpress\/wp-content\/gallery\/aout2022-vezoles\/Azur%C3%A9%20commun_7562.JPG?h=170\" alt=\"Azur\u00e9 commun\" width=\"113\" height=\"170\" \/><\/a><p class=\"jig-HTMLdescription\">Azur\u00e9 commun<\/p><\/li><li><a href=\"https:\/\/i0.wp.com\/mhyrdin.fr\/blog\/wordpress\/wp-content\/gallery\/aout2022-vezoles\/Belle-Dame_7375.JPG?ssl=1\"><img loading=\"lazy\" decoding=\"async\" src=\"https:\/\/i0.wp.com\/mhyrdin.fr\/blog\/wordpress\/wp-content\/gallery\/aout2022-vezoles\/Belle-Dame_7375.JPG?h=170\" alt=\"Belle-Dame\" width=\"170\" height=\"170\" \/><\/a><p class=\"jig-HTMLdescription\">Belle-Dame<\/p><\/li><li><a href=\"https:\/\/i0.wp.com\/mhyrdin.fr\/blog\/wordpress\/wp-content\/gallery\/aout2022-vezoles\/Cuivr%C3%A9%20commun_7558.JPG?ssl=1\"><img loading=\"lazy\" decoding=\"async\" src=\"https:\/\/i0.wp.com\/mhyrdin.fr\/blog\/wordpress\/wp-content\/gallery\/aout2022-vezoles\/Cuivr%C3%A9%20commun_7558.JPG?h=170\" alt=\"Cuivr\u00e9 commun\" width=\"170\" height=\"170\" \/><\/a><p class=\"jig-HTMLdescription\">Cuivr\u00e9 commun<\/p><\/li><li><a href=\"https:\/\/i0.wp.com\/mhyrdin.fr\/blog\/wordpress\/wp-content\/gallery\/aout2022-vezoles\/Fadet%20commun_7570.JPG?ssl=1\"><img loading=\"lazy\" decoding=\"async\" src=\"https:\/\/i0.wp.com\/mhyrdin.fr\/blog\/wordpress\/wp-content\/gallery\/aout2022-vezoles\/Fadet%20commun_7570.JPG?h=170\" alt=\"Fadet commun\" width=\"255\" height=\"170\" \/><\/a><p class=\"jig-HTMLdescription\">Fadet commun<\/p><\/li><li><a href=\"https:\/\/i0.wp.com\/mhyrdin.fr\/blog\/wordpress\/wp-content\/gallery\/aout2022-vezoles\/Mercure_7355.JPG?ssl=1\" title=\"Mercure_7355\"><img loading=\"lazy\" decoding=\"async\" src=\"https:\/\/i0.wp.com\/mhyrdin.fr\/blog\/wordpress\/wp-content\/gallery\/aout2022-vezoles\/Mercure_7355.JPG?h=170\" alt=\"Mercure\" width=\"113\" height=\"170\" \/><\/a><p class=\"jig-HTMLdescription\">Mercure<br\/>Mercure_7355<\/p><\/li><li><a href=\"https:\/\/i0.wp.com\/mhyrdin.fr\/blog\/wordpress\/wp-content\/gallery\/aout2022-vezoles\/Moyen%20Argus_7512.JPG?ssl=1\"><img loading=\"lazy\" decoding=\"async\" src=\"https:\/\/i0.wp.com\/mhyrdin.fr\/blog\/wordpress\/wp-content\/gallery\/aout2022-vezoles\/Moyen%20Argus_7512.JPG?h=170\" alt=\"Moyen Argus\" width=\"255\" height=\"170\" \/><\/a><p class=\"jig-HTMLdescription\">Moyen Argus<\/p><\/li><li><a href=\"https:\/\/i0.wp.com\/mhyrdin.fr\/blog\/wordpress\/wp-content\/gallery\/aout2022-vezoles\/M%C3%A9lit%C3%A9e%20des%20linaires_7388.JPG?ssl=1\"><img loading=\"lazy\" decoding=\"async\" src=\"https:\/\/i0.wp.com\/mhyrdin.fr\/blog\/wordpress\/wp-content\/gallery\/aout2022-vezoles\/M%C3%A9lit%C3%A9e%20des%20linaires_7388.JPG?h=170\" alt=\"M\u00e9lit\u00e9e des linaires\" width=\"255\" height=\"170\" \/><\/a><p class=\"jig-HTMLdescription\">M\u00e9lit\u00e9e des linaires<\/p><\/li><li><a href=\"https:\/\/i0.wp.com\/mhyrdin.fr\/blog\/wordpress\/wp-content\/gallery\/aout2022-vezoles\/M%C3%A9lit%C3%A9e%20orang%C3%A9e_7582.JPG?ssl=1\"><img loading=\"lazy\" decoding=\"async\" src=\"https:\/\/i0.wp.com\/mhyrdin.fr\/blog\/wordpress\/wp-content\/gallery\/aout2022-vezoles\/M%C3%A9lit%C3%A9e%20orang%C3%A9e_7582.JPG?h=170\" alt=\"M\u00e9lit\u00e9e orang\u00e9e\" width=\"170\" height=\"170\" \/><\/a><p class=\"jig-HTMLdescription\">M\u00e9lit\u00e9e orang\u00e9e<\/p><\/li><li><a href=\"https:\/\/i0.wp.com\/mhyrdin.fr\/blog\/wordpress\/wp-content\/gallery\/aout2022-vezoles\/Noctuelle%20peltig%C3%A8re_7415.JPG?ssl=1\"><img loading=\"lazy\" decoding=\"async\" src=\"https:\/\/i0.wp.com\/mhyrdin.fr\/blog\/wordpress\/wp-content\/gallery\/aout2022-vezoles\/Noctuelle%20peltig%C3%A8re_7415.JPG?h=170\" alt=\"Noctuelle peltig\u00e8re\" width=\"255\" height=\"170\" \/><\/a><p class=\"jig-HTMLdescription\">Noctuelle peltig\u00e8re<\/p><\/li><li><a href=\"https:\/\/i0.wp.com\/mhyrdin.fr\/blog\/wordpress\/wp-content\/gallery\/aout2022-vezoles\/N%C3%A9musien_7348.JPG?ssl=1\"><img loading=\"lazy\" decoding=\"async\" src=\"https:\/\/i0.wp.com\/mhyrdin.fr\/blog\/wordpress\/wp-content\/gallery\/aout2022-vezoles\/N%C3%A9musien_7348.JPG?h=170\" alt=\"N\u00e9musien\" width=\"255\" height=\"170\" \/><\/a><p class=\"jig-HTMLdescription\">N\u00e9musien<\/p><\/li><li><a href=\"https:\/\/i0.wp.com\/mhyrdin.fr\/blog\/wordpress\/wp-content\/gallery\/aout2022-vezoles\/Pyrale%20du%20buis_7461.JPG?ssl=1\"><img loading=\"lazy\" decoding=\"async\" src=\"https:\/\/i0.wp.com\/mhyrdin.fr\/blog\/wordpress\/wp-content\/gallery\/aout2022-vezoles\/Pyrale%20du%20buis_7461.JPG?h=170\" alt=\"Pyrale du buis\" width=\"255\" height=\"170\" \/><\/a><p class=\"jig-HTMLdescription\">Pyrale du buis<\/p><\/li><li><a href=\"https:\/\/i0.wp.com\/mhyrdin.fr\/blog\/wordpress\/wp-content\/gallery\/aout2022-vezoles\/Souci_7635.JPG?ssl=1\" title=\"Souci_7635\"><img loading=\"lazy\" decoding=\"async\" src=\"https:\/\/i0.wp.com\/mhyrdin.fr\/blog\/wordpress\/wp-content\/gallery\/aout2022-vezoles\/Souci_7635.JPG?h=170\" alt=\"Souci\" width=\"255\" height=\"170\" \/><\/a><p class=\"jig-HTMLdescription\">Souci<br\/>Souci_7635<\/p><\/li><li><a href=\"https:\/\/i0.wp.com\/mhyrdin.fr\/blog\/wordpress\/wp-content\/gallery\/aout2022-vezoles\/Tabac%20d-Espagne_7454.JPG?ssl=1\"><img loading=\"lazy\" decoding=\"async\" src=\"https:\/\/i0.wp.com\/mhyrdin.fr\/blog\/wordpress\/wp-content\/gallery\/aout2022-vezoles\/Tabac%20d-Espagne_7454.JPG?h=170\" alt=\"Tabac d&#039;Espagne\" width=\"255\" height=\"170\" \/><\/a><p class=\"jig-HTMLdescription\">Tabac d'Espagne<\/p><\/li><li><a href=\"https:\/\/i0.wp.com\/mhyrdin.fr\/blog\/wordpress\/wp-content\/gallery\/aout2022-vezoles\/%C3%89caille%20chin%C3%A9e_7357.JPG?ssl=1\"><img loading=\"lazy\" decoding=\"async\" src=\"https:\/\/i0.wp.com\/mhyrdin.fr\/blog\/wordpress\/wp-content\/gallery\/aout2022-vezoles\/%C3%89caille%20chin%C3%A9e_7357.JPG?h=170\" alt=\"\u00c9caille chin\u00e9e\" width=\"255\" height=\"170\" \/><\/a><p class=\"jig-HTMLdescription\">\u00c9caille chin\u00e9e<\/p><\/li><li><a href=\"https:\/\/i0.wp.com\/mhyrdin.fr\/blog\/wordpress\/wp-content\/gallery\/aout2022-vezoles\/Saint%20Pons_7662.jpg?ssl=1\"><img loading=\"lazy\" decoding=\"async\" src=\"https:\/\/i0.wp.com\/mhyrdin.fr\/blog\/wordpress\/wp-content\/gallery\/aout2022-vezoles\/Saint%20Pons_7662.jpg?h=170\" alt=\"Saint Pons\" width=\"113\" height=\"170\" \/><\/a><p class=\"jig-HTMLdescription\">Saint Pons<\/p><\/li><li><a href=\"https:\/\/i0.wp.com\/mhyrdin.fr\/blog\/wordpress\/wp-content\/gallery\/aout2022-vezoles\/Saint%20Pons_7663.JPG?ssl=1\"><img loading=\"lazy\" decoding=\"async\" src=\"https:\/\/i0.wp.com\/mhyrdin.fr\/blog\/wordpress\/wp-content\/gallery\/aout2022-vezoles\/Saint%20Pons_7663.JPG?h=170\" alt=\"Saint Pons\" width=\"255\" height=\"170\" \/><\/a><p class=\"jig-HTMLdescription\">Saint Pons<\/p><\/li><li><a href=\"https:\/\/i0.wp.com\/mhyrdin.fr\/blog\/wordpress\/wp-content\/gallery\/aout2022-vezoles\/Saint%20Pons_7664.JPG?ssl=1\"><img loading=\"lazy\" decoding=\"async\" src=\"https:\/\/i0.wp.com\/mhyrdin.fr\/blog\/wordpress\/wp-content\/gallery\/aout2022-vezoles\/Saint%20Pons_7664.JPG?h=170\" alt=\"Saint Pons\" width=\"255\" height=\"170\" \/><\/a><p class=\"jig-HTMLdescription\">Saint Pons<\/p><\/li><li><a href=\"https:\/\/i0.wp.com\/mhyrdin.fr\/blog\/wordpress\/wp-content\/gallery\/aout2022-vezoles\/Saint%20Pons_7665.JPG?ssl=1\"><img loading=\"lazy\" decoding=\"async\" src=\"https:\/\/i0.wp.com\/mhyrdin.fr\/blog\/wordpress\/wp-content\/gallery\/aout2022-vezoles\/Saint%20Pons_7665.JPG?h=170\" alt=\"Saint Pons\" width=\"255\" height=\"170\" \/><\/a><p class=\"jig-HTMLdescription\">Saint Pons<\/p><\/li><li><a href=\"https:\/\/i0.wp.com\/mhyrdin.fr\/blog\/wordpress\/wp-content\/gallery\/aout2022-vezoles\/Saint%20Pons_7667.JPG?ssl=1\"><img loading=\"lazy\" decoding=\"async\" src=\"https:\/\/i0.wp.com\/mhyrdin.fr\/blog\/wordpress\/wp-content\/gallery\/aout2022-vezoles\/Saint%20Pons_7667.JPG?h=170\" alt=\"Saint Pons\" width=\"255\" height=\"170\" \/><\/a><p class=\"jig-HTMLdescription\">Saint Pons<\/p><\/li><li><a href=\"https:\/\/i0.wp.com\/mhyrdin.fr\/blog\/wordpress\/wp-content\/gallery\/aout2022-vezoles\/Saint%20Pons_7668.JPG?ssl=1\"><img loading=\"lazy\" decoding=\"async\" src=\"https:\/\/i0.wp.com\/mhyrdin.fr\/blog\/wordpress\/wp-content\/gallery\/aout2022-vezoles\/Saint%20Pons_7668.JPG?h=170\" alt=\"Saint Pons\" width=\"255\" height=\"170\" \/><\/a><p class=\"jig-HTMLdescription\">Saint Pons<\/p><\/li><li><a href=\"https:\/\/i0.wp.com\/mhyrdin.fr\/blog\/wordpress\/wp-content\/gallery\/aout2022-vezoles\/Saint%20Pons_7670.JPG?ssl=1\"><img loading=\"lazy\" decoding=\"async\" src=\"https:\/\/i0.wp.com\/mhyrdin.fr\/blog\/wordpress\/wp-content\/gallery\/aout2022-vezoles\/Saint%20Pons_7670.JPG?h=170\" alt=\"Saint Pons\" width=\"255\" height=\"170\" \/><\/a><p class=\"jig-HTMLdescription\">Saint Pons<\/p><\/li><li><a href=\"https:\/\/i0.wp.com\/mhyrdin.fr\/blog\/wordpress\/wp-content\/gallery\/aout2022-vezoles\/Saint%20Pons_7671.JPG?ssl=1\"><img loading=\"lazy\" decoding=\"async\" src=\"https:\/\/i0.wp.com\/mhyrdin.fr\/blog\/wordpress\/wp-content\/gallery\/aout2022-vezoles\/Saint%20Pons_7671.JPG?h=170\" alt=\"Saint Pons\" width=\"255\" height=\"170\" \/><\/a><p class=\"jig-HTMLdescription\">Saint Pons<\/p><\/li><li><a href=\"https:\/\/i0.wp.com\/mhyrdin.fr\/blog\/wordpress\/wp-content\/gallery\/aout2022-vezoles\/Saint%20Pons_7672.JPG?ssl=1\"><img loading=\"lazy\" decoding=\"async\" src=\"https:\/\/i0.wp.com\/mhyrdin.fr\/blog\/wordpress\/wp-content\/gallery\/aout2022-vezoles\/Saint%20Pons_7672.JPG?h=170\" alt=\"Saint Pons\" width=\"255\" height=\"170\" \/><\/a><p class=\"jig-HTMLdescription\">Saint Pons<\/p><\/li><li><a href=\"https:\/\/i0.wp.com\/mhyrdin.fr\/blog\/wordpress\/wp-content\/gallery\/aout2022-vezoles\/Saint%20Pons_7673.JPG?ssl=1\"><img loading=\"lazy\" decoding=\"async\" src=\"https:\/\/i0.wp.com\/mhyrdin.fr\/blog\/wordpress\/wp-content\/gallery\/aout2022-vezoles\/Saint%20Pons_7673.JPG?h=170\" alt=\"Saint Pons\" width=\"255\" height=\"170\" \/><\/a><p class=\"jig-HTMLdescription\">Saint Pons<\/p><\/li><li><a href=\"https:\/\/i0.wp.com\/mhyrdin.fr\/blog\/wordpress\/wp-content\/gallery\/aout2022-vezoles\/Saint%20Pons_7674.JPG?ssl=1\"><img loading=\"lazy\" decoding=\"async\" src=\"https:\/\/i0.wp.com\/mhyrdin.fr\/blog\/wordpress\/wp-content\/gallery\/aout2022-vezoles\/Saint%20Pons_7674.JPG?h=170\" alt=\"Saint Pons\" width=\"255\" height=\"170\" \/><\/a><p class=\"jig-HTMLdescription\">Saint Pons<\/p><\/li><li><a href=\"https:\/\/i0.wp.com\/mhyrdin.fr\/blog\/wordpress\/wp-content\/gallery\/aout2022-vezoles\/Saint%20Pons_7677.JPG?ssl=1\"><img loading=\"lazy\" decoding=\"async\" src=\"https:\/\/i0.wp.com\/mhyrdin.fr\/blog\/wordpress\/wp-content\/gallery\/aout2022-vezoles\/Saint%20Pons_7677.JPG?h=170\" alt=\"Saint Pons\" width=\"255\" height=\"170\" \/><\/a><p class=\"jig-HTMLdescription\">Saint Pons<\/p><\/li><li><a href=\"https:\/\/i0.wp.com\/mhyrdin.fr\/blog\/wordpress\/wp-content\/gallery\/aout2022-vezoles\/Saint%20Pons_7678.JPG?ssl=1\"><img loading=\"lazy\" decoding=\"async\" src=\"https:\/\/i0.wp.com\/mhyrdin.fr\/blog\/wordpress\/wp-content\/gallery\/aout2022-vezoles\/Saint%20Pons_7678.JPG?h=170\" alt=\"Saint Pons\" width=\"255\" height=\"170\" \/><\/a><p class=\"jig-HTMLdescription\">Saint Pons<\/p><\/li><\/ul><\/noscript><\/div><div id=\"jig1-developerLink\" class=\"jig-developerLink\"><a href=\"https:\/\/justifiedgrid.com\/\" target=\"_blank\" title=\"Justified Image Grid - Premium WordPress Gallery\">powered by Justified Image Grid<\/a><\/div>\n<h3>Related Images:<\/h3>","protected":false},"excerpt":{"rendered":"<p>Lac de V\u00e9zolesLac de V\u00e9zolesLac de V\u00e9zolesLac de V\u00e9zolesAmaryllisAmaryllis_7550Azur\u00e9 communBelle-DameCuivr\u00e9 communFadet communMercureMercure_7355Moyen ArgusM\u00e9lit\u00e9e des linairesM\u00e9lit\u00e9e orang\u00e9eNoctuelle peltig\u00e8reN\u00e9musienPyrale du buisSouciSouci_7635Tabac d&rsquo;Espagne\u00c9caille chin\u00e9eSaint PonsSaint PonsSaint PonsSaint PonsSaint PonsSaint PonsSaint PonsSaint PonsSaint PonsSaint PonsSaint PonsSaint PonsSaint Ponspowered by Justified Image Grid Related Images:<\/p>\n","protected":false},"author":4,"featured_media":0,"parent":23174,"menu_order":0,"comment_status":"closed","ping_status":"closed","template":"","meta":{"ngg_post_thumbnail":0,"jetpack_post_was_ever_published":false,"footnotes":"","_links_to":"","_links_to_target":""},"class_list":["post-23181","page","type-page","status-publish","hentry"],"jetpack_shortlink":"https:\/\/wp.me\/P9lSZN-61T","jetpack_sharing_enabled":true,"_links":{"self":[{"href":"https:\/\/mhyrdin.fr\/blog\/wp-json\/wp\/v2\/pages\/23181","targetHints":{"allow":["GET"]}}],"collection":[{"href":"https:\/\/mhyrdin.fr\/blog\/wp-json\/wp\/v2\/pages"}],"about":[{"href":"https:\/\/mhyrdin.fr\/blog\/wp-json\/wp\/v2\/types\/page"}],"author":[{"embeddable":true,"href":"https:\/\/mhyrdin.fr\/blog\/wp-json\/wp\/v2\/users\/4"}],"replies":[{"embeddable":true,"href":"https:\/\/mhyrdin.fr\/blog\/wp-json\/wp\/v2\/comments?post=23181"}],"version-history":[{"count":1,"href":"https:\/\/mhyrdin.fr\/blog\/wp-json\/wp\/v2\/pages\/23181\/revisions"}],"predecessor-version":[{"id":23184,"href":"https:\/\/mhyrdin.fr\/blog\/wp-json\/wp\/v2\/pages\/23181\/revisions\/23184"}],"up":[{"embeddable":true,"href":"https:\/\/mhyrdin.fr\/blog\/wp-json\/wp\/v2\/pages\/23174"}],"wp:attachment":[{"href":"https:\/\/mhyrdin.fr\/blog\/wp-json\/wp\/v2\/media?parent=23181"}],"curies":[{"name":"wp","href":"https:\/\/api.w.org\/{rel}","templated":true}]}}