{"id":23178,"date":"2022-10-13T23:44:12","date_gmt":"2022-10-13T21:44:12","guid":{"rendered":"https:\/\/mhyrdin.fr\/blog\/2022-2\/couchers-de-soleil\/"},"modified":"2022-10-13T23:55:50","modified_gmt":"2022-10-13T21:55:50","slug":"couchers-de-soleil","status":"publish","type":"page","link":"https:\/\/mhyrdin.fr\/blog\/archives-numeriques\/2022-2-2\/aout\/couchers-de-soleil\/","title":{"rendered":"Couchers de soleil"},"content":{"rendered":"<div id=\"jig1\" class=\"justified-image-grid jig-5b02802b0f1195f1491a5976a8a29668 jig-preset-global jig-source-nextgen\"><div class=\"jig-clearfix\"><\/div><noscript id=\"jig1-html\" class=\"justified-image-grid-html\" data-lazy-src=\"skiplazyload\" data-src=\"skipunveillazyload\"><ul><li><a href=\"https:\/\/i0.wp.com\/mhyrdin.fr\/blog\/wordpress\/wp-content\/gallery\/aout2022-sunset\/Arc-en-ciel-bis.jpg?ssl=1\"><img loading=\"lazy\" decoding=\"async\" src=\"https:\/\/i0.wp.com\/mhyrdin.fr\/blog\/wordpress\/wp-content\/gallery\/aout2022-sunset\/Arc-en-ciel-bis.jpg?h=170\" alt=\"Arc-en-ciel-bis\" width=\"400\" height=\"170\" \/><\/a><p class=\"jig-HTMLdescription\">Arc-en-ciel-bis<\/p><\/li><li><a href=\"https:\/\/i0.wp.com\/mhyrdin.fr\/blog\/wordpress\/wp-content\/gallery\/aout2022-sunset\/Sunset_7327.JPG?ssl=1\" title=\"Sunset_7327\"><img loading=\"lazy\" decoding=\"async\" src=\"https:\/\/i0.wp.com\/mhyrdin.fr\/blog\/wordpress\/wp-content\/gallery\/aout2022-sunset\/Sunset_7327.JPG?h=170\" alt=\"7 ao\u00fbt\" width=\"255\" height=\"170\" \/><\/a><p class=\"jig-HTMLdescription\">7 ao\u00fbt<br\/>Sunset_7327<\/p><\/li><li><a href=\"https:\/\/i0.wp.com\/mhyrdin.fr\/blog\/wordpress\/wp-content\/gallery\/aout2022-sunset\/Sunset_4582.JPG?ssl=1\" title=\"Sunset_4582\"><img loading=\"lazy\" decoding=\"async\" src=\"https:\/\/i0.wp.com\/mhyrdin.fr\/blog\/wordpress\/wp-content\/gallery\/aout2022-sunset\/Sunset_4582.JPG?h=170\" alt=\"16 ao\u00fbt\" width=\"303\" height=\"170\" \/><\/a><p class=\"jig-HTMLdescription\">16 ao\u00fbt<br\/>Sunset_4582<\/p><\/li><li><a href=\"https:\/\/i0.wp.com\/mhyrdin.fr\/blog\/wordpress\/wp-content\/gallery\/aout2022-sunset\/Sunset_4585.JPG?ssl=1\" title=\"Sunset_4585\"><img loading=\"lazy\" decoding=\"async\" src=\"https:\/\/i0.wp.com\/mhyrdin.fr\/blog\/wordpress\/wp-content\/gallery\/aout2022-sunset\/Sunset_4585.JPG?h=170\" alt=\"16 ao\u00fbt\" width=\"255\" height=\"170\" \/><\/a><p class=\"jig-HTMLdescription\">16 ao\u00fbt<br\/>Sunset_4585<\/p><\/li><li><a href=\"https:\/\/i0.wp.com\/mhyrdin.fr\/blog\/wordpress\/wp-content\/gallery\/aout2022-sunset\/Sunset_4595.JPG?ssl=1\" title=\"Sunset_4595\"><img loading=\"lazy\" decoding=\"async\" src=\"https:\/\/i0.wp.com\/mhyrdin.fr\/blog\/wordpress\/wp-content\/gallery\/aout2022-sunset\/Sunset_4595.JPG?h=170\" alt=\"16 ao\u00fbt\" width=\"255\" height=\"170\" \/><\/a><p class=\"jig-HTMLdescription\">16 ao\u00fbt<br\/>Sunset_4595<\/p><\/li><li><a href=\"https:\/\/i0.wp.com\/mhyrdin.fr\/blog\/wordpress\/wp-content\/gallery\/aout2022-sunset\/Sunset_4617.JPG?ssl=1\" title=\"Sunset_4617\"><img loading=\"lazy\" decoding=\"async\" src=\"https:\/\/i0.wp.com\/mhyrdin.fr\/blog\/wordpress\/wp-content\/gallery\/aout2022-sunset\/Sunset_4617.JPG?h=170\" alt=\"17 ao\u00fbt\" width=\"292\" height=\"170\" \/><\/a><p class=\"jig-HTMLdescription\">17 ao\u00fbt<br\/>Sunset_4617<\/p><\/li><li><a href=\"https:\/\/i0.wp.com\/mhyrdin.fr\/blog\/wordpress\/wp-content\/gallery\/aout2022-sunset\/Sunset_4626.JPG?ssl=1\" title=\"Sunset_4626\"><img loading=\"lazy\" decoding=\"async\" src=\"https:\/\/i0.wp.com\/mhyrdin.fr\/blog\/wordpress\/wp-content\/gallery\/aout2022-sunset\/Sunset_4626.JPG?h=170\" alt=\"17 ao\u00fbt\" width=\"300\" height=\"170\" \/><\/a><p class=\"jig-HTMLdescription\">17 ao\u00fbt<br\/>Sunset_4626<\/p><\/li><li><a href=\"https:\/\/i0.wp.com\/mhyrdin.fr\/blog\/wordpress\/wp-content\/gallery\/aout2022-sunset\/Sunset_8159-2.jpg?ssl=1\"><img loading=\"lazy\" decoding=\"async\" src=\"https:\/\/i0.wp.com\/mhyrdin.fr\/blog\/wordpress\/wp-content\/gallery\/aout2022-sunset\/Sunset_8159-2.jpg?h=170\" alt=\"21 ao\u00fbt\" width=\"438\" height=\"170\" \/><\/a><p class=\"jig-HTMLdescription\">21 ao\u00fbt<\/p><\/li><li><a href=\"https:\/\/i0.wp.com\/mhyrdin.fr\/blog\/wordpress\/wp-content\/gallery\/aout2022-sunset\/Sunset_8182.JPG?ssl=1\" title=\"Sunset_8182\"><img loading=\"lazy\" decoding=\"async\" src=\"https:\/\/i0.wp.com\/mhyrdin.fr\/blog\/wordpress\/wp-content\/gallery\/aout2022-sunset\/Sunset_8182.JPG?h=170\" alt=\"21 ao\u00fbt\" width=\"284\" height=\"170\" \/><\/a><p class=\"jig-HTMLdescription\">21 ao\u00fbt<br\/>Sunset_8182<\/p><\/li><\/ul><\/noscript><\/div><div id=\"jig1-developerLink\" class=\"jig-developerLink\"><a href=\"https:\/\/justifiedgrid.com\/\" target=\"_blank\" title=\"Justified Image Grid - Premium WordPress Gallery\">powered by Justified Image Grid<\/a><\/div>\n<h3>Related Images:<\/h3>","protected":false},"excerpt":{"rendered":"<p>Arc-en-ciel-bis7 ao\u00fbtSunset_732716 ao\u00fbtSunset_458216 ao\u00fbtSunset_458516 ao\u00fbtSunset_459517 ao\u00fbtSunset_461717 ao\u00fbtSunset_462621 ao\u00fbt21 ao\u00fbtSunset_8182powered by Justified Image Grid Related Images:<\/p>\n","protected":false},"author":4,"featured_media":0,"parent":23174,"menu_order":0,"comment_status":"closed","ping_status":"closed","template":"","meta":{"ngg_post_thumbnail":0,"jetpack_post_was_ever_published":false,"footnotes":"","_links_to":"","_links_to_target":""},"class_list":["post-23178","page","type-page","status-publish","hentry"],"jetpack_shortlink":"https:\/\/wp.me\/P9lSZN-61Q","jetpack_sharing_enabled":true,"_links":{"self":[{"href":"https:\/\/mhyrdin.fr\/blog\/wp-json\/wp\/v2\/pages\/23178","targetHints":{"allow":["GET"]}}],"collection":[{"href":"https:\/\/mhyrdin.fr\/blog\/wp-json\/wp\/v2\/pages"}],"about":[{"href":"https:\/\/mhyrdin.fr\/blog\/wp-json\/wp\/v2\/types\/page"}],"author":[{"embeddable":true,"href":"https:\/\/mhyrdin.fr\/blog\/wp-json\/wp\/v2\/users\/4"}],"replies":[{"embeddable":true,"href":"https:\/\/mhyrdin.fr\/blog\/wp-json\/wp\/v2\/comments?post=23178"}],"version-history":[{"count":1,"href":"https:\/\/mhyrdin.fr\/blog\/wp-json\/wp\/v2\/pages\/23178\/revisions"}],"predecessor-version":[{"id":23187,"href":"https:\/\/mhyrdin.fr\/blog\/wp-json\/wp\/v2\/pages\/23178\/revisions\/23187"}],"up":[{"embeddable":true,"href":"https:\/\/mhyrdin.fr\/blog\/wp-json\/wp\/v2\/pages\/23174"}],"wp:attachment":[{"href":"https:\/\/mhyrdin.fr\/blog\/wp-json\/wp\/v2\/media?parent=23178"}],"curies":[{"name":"wp","href":"https:\/\/api.w.org\/{rel}","templated":true}]}}