{"id":22764,"date":"2022-06-04T17:05:05","date_gmt":"2022-06-04T15:05:05","guid":{"rendered":"https:\/\/mhyrdin.fr\/blog\/2022-2\/2022-mars\/autour-de-brest\/"},"modified":"2022-06-04T17:05:05","modified_gmt":"2022-06-04T15:05:05","slug":"autour-de-brest","status":"publish","type":"page","link":"https:\/\/mhyrdin.fr\/blog\/archives-numeriques\/2022-2-2\/2022-mars\/autour-de-brest\/","title":{"rendered":"Autour de Brest"},"content":{"rendered":"<div id=\"jig1\" class=\"justified-image-grid jig-d86a3fd347f41ede3424400970955521 jig-preset-global jig-source-nextgen\"><div class=\"jig-clearfix\"><\/div><noscript id=\"jig1-html\" class=\"justified-image-grid-html\" data-lazy-src=\"skiplazyload\" data-src=\"skipunveillazyload\"><ul><li><a href=\"https:\/\/i0.wp.com\/mhyrdin.fr\/blog\/wordpress\/wp-content\/gallery\/mars2022\/Alouette-des-champs_1638.JPG?ssl=1\" title=\"Pointe de Kermorvan\"><img loading=\"lazy\" decoding=\"async\" src=\"https:\/\/i0.wp.com\/mhyrdin.fr\/blog\/wordpress\/wp-content\/gallery\/mars2022\/Alouette-des-champs_1638.JPG?h=170\" alt=\"Alouette des champs\" width=\"255\" height=\"170\" \/><\/a><p class=\"jig-HTMLdescription\">Alouette des champs<br\/>Pointe de Kermorvan<\/p><\/li><li><a href=\"https:\/\/i0.wp.com\/mhyrdin.fr\/blog\/wordpress\/wp-content\/gallery\/mars2022\/Keryunan_1642.JPG?ssl=1\" title=\"Keryunan_1642\"><img loading=\"lazy\" decoding=\"async\" src=\"https:\/\/i0.wp.com\/mhyrdin.fr\/blog\/wordpress\/wp-content\/gallery\/mars2022\/Keryunan_1642.JPG?h=170\" alt=\"Keryunan\" width=\"352\" height=\"170\" \/><\/a><p class=\"jig-HTMLdescription\">Keryunan<br\/>Keryunan_1642<\/p><\/li><li><a href=\"https:\/\/i0.wp.com\/mhyrdin.fr\/blog\/wordpress\/wp-content\/gallery\/mars2022\/Crave%20%C3%A0%20bec%20rouge_1667.JPG?ssl=1\" title=\"Keryunan\"><img loading=\"lazy\" decoding=\"async\" src=\"https:\/\/i0.wp.com\/mhyrdin.fr\/blog\/wordpress\/wp-content\/gallery\/mars2022\/Crave%20%C3%A0%20bec%20rouge_1667.JPG?h=170\" alt=\"Crave \u00e0 bec rouge\" width=\"113\" height=\"170\" \/><\/a><p class=\"jig-HTMLdescription\">Crave \u00e0 bec rouge<br\/>Keryunan<\/p><\/li><li><a href=\"https:\/\/i0.wp.com\/mhyrdin.fr\/blog\/wordpress\/wp-content\/gallery\/mars2022\/Crave%20%C3%A0%20bec%20rouge_1679.JPG?ssl=1\" title=\"Keryunan\"><img loading=\"lazy\" decoding=\"async\" src=\"https:\/\/i0.wp.com\/mhyrdin.fr\/blog\/wordpress\/wp-content\/gallery\/mars2022\/Crave%20%C3%A0%20bec%20rouge_1679.JPG?h=170\" alt=\"Crave \u00e0 bec rouge\" width=\"255\" height=\"170\" \/><\/a><p class=\"jig-HTMLdescription\">Crave \u00e0 bec rouge<br\/>Keryunan<\/p><\/li><li><a href=\"https:\/\/i0.wp.com\/mhyrdin.fr\/blog\/wordpress\/wp-content\/gallery\/mars2022\/Crave%20%C3%A0%20bec%20rouge_1696.JPG?ssl=1\" title=\"Keryunan\"><img loading=\"lazy\" decoding=\"async\" src=\"https:\/\/i0.wp.com\/mhyrdin.fr\/blog\/wordpress\/wp-content\/gallery\/mars2022\/Crave%20%C3%A0%20bec%20rouge_1696.JPG?h=170\" alt=\"Crave \u00e0 bec rouge\" width=\"255\" height=\"170\" \/><\/a><p class=\"jig-HTMLdescription\">Crave \u00e0 bec rouge<br\/>Keryunan<\/p><\/li><li><a href=\"https:\/\/i0.wp.com\/mhyrdin.fr\/blog\/wordpress\/wp-content\/gallery\/mars2022\/Porspoder_1707.JPG?ssl=1\" title=\"Porspoder_1707\"><img loading=\"lazy\" decoding=\"async\" src=\"https:\/\/i0.wp.com\/mhyrdin.fr\/blog\/wordpress\/wp-content\/gallery\/mars2022\/Porspoder_1707.JPG?h=170\" alt=\"Porspoder\" width=\"255\" height=\"170\" \/><\/a><p class=\"jig-HTMLdescription\">Porspoder<br\/>Porspoder_1707<\/p><\/li><li><a href=\"https:\/\/i0.wp.com\/mhyrdin.fr\/blog\/wordpress\/wp-content\/gallery\/mars2022\/Porspoder_1711.JPG?ssl=1\" title=\"Porspoder_1711\"><img loading=\"lazy\" decoding=\"async\" src=\"https:\/\/i0.wp.com\/mhyrdin.fr\/blog\/wordpress\/wp-content\/gallery\/mars2022\/Porspoder_1711.JPG?h=170\" alt=\"Porspoder\" width=\"255\" height=\"170\" \/><\/a><p class=\"jig-HTMLdescription\">Porspoder<br\/>Porspoder_1711<\/p><\/li><li><a href=\"https:\/\/i0.wp.com\/mhyrdin.fr\/blog\/wordpress\/wp-content\/gallery\/mars2022\/Ajonc_1713.JPG?ssl=1\" title=\"Porspoder\"><img loading=\"lazy\" decoding=\"async\" src=\"https:\/\/i0.wp.com\/mhyrdin.fr\/blog\/wordpress\/wp-content\/gallery\/mars2022\/Ajonc_1713.JPG?h=170\" alt=\"Ajonc\" width=\"255\" height=\"170\" \/><\/a><p class=\"jig-HTMLdescription\">Ajonc<br\/>Porspoder<\/p><\/li><li><a href=\"https:\/\/i0.wp.com\/mhyrdin.fr\/blog\/wordpress\/wp-content\/gallery\/mars2022\/Ajonc_1714.JPG?ssl=1\" title=\"Porspoder\"><img loading=\"lazy\" decoding=\"async\" src=\"https:\/\/i0.wp.com\/mhyrdin.fr\/blog\/wordpress\/wp-content\/gallery\/mars2022\/Ajonc_1714.JPG?h=170\" alt=\"Ajonc\" width=\"255\" height=\"170\" \/><\/a><p class=\"jig-HTMLdescription\">Ajonc<br\/>Porspoder<\/p><\/li><li><a href=\"https:\/\/i0.wp.com\/mhyrdin.fr\/blog\/wordpress\/wp-content\/gallery\/mars2022\/Go%C3%A9land%20marin_1722.JPG?ssl=1\" title=\"Porspoder\"><img loading=\"lazy\" decoding=\"async\" src=\"https:\/\/i0.wp.com\/mhyrdin.fr\/blog\/wordpress\/wp-content\/gallery\/mars2022\/Go%C3%A9land%20marin_1722.JPG?h=170\" alt=\"Go\u00e9land marin\" width=\"255\" height=\"170\" \/><\/a><p class=\"jig-HTMLdescription\">Go\u00e9land marin<br\/>Porspoder<\/p><\/li><li><a href=\"https:\/\/i0.wp.com\/mhyrdin.fr\/blog\/wordpress\/wp-content\/gallery\/mars2022\/Tarier%20p%C3%A2tre_1728.JPG?ssl=1\" title=\"Porspoder\"><img loading=\"lazy\" decoding=\"async\" src=\"https:\/\/i0.wp.com\/mhyrdin.fr\/blog\/wordpress\/wp-content\/gallery\/mars2022\/Tarier%20p%C3%A2tre_1728.JPG?h=170\" alt=\"Tarier p\u00e2tre\" width=\"113\" height=\"170\" \/><\/a><p class=\"jig-HTMLdescription\">Tarier p\u00e2tre<br\/>Porspoder<\/p><\/li><li><a href=\"https:\/\/i0.wp.com\/mhyrdin.fr\/blog\/wordpress\/wp-content\/gallery\/mars2022\/Tarier%20p%C3%A2tre_1729.JPG?ssl=1\" title=\"Porspoder\"><img loading=\"lazy\" decoding=\"async\" src=\"https:\/\/i0.wp.com\/mhyrdin.fr\/blog\/wordpress\/wp-content\/gallery\/mars2022\/Tarier%20p%C3%A2tre_1729.JPG?h=170\" alt=\"Tarier p\u00e2tre\" width=\"113\" height=\"170\" \/><\/a><p class=\"jig-HTMLdescription\">Tarier p\u00e2tre<br\/>Porspoder<\/p><\/li><li><a href=\"https:\/\/i0.wp.com\/mhyrdin.fr\/blog\/wordpress\/wp-content\/gallery\/mars2022\/Pipit%20farlouse_1732.JPG?ssl=1\" title=\"Porspoder\"><img loading=\"lazy\" decoding=\"async\" src=\"https:\/\/i0.wp.com\/mhyrdin.fr\/blog\/wordpress\/wp-content\/gallery\/mars2022\/Pipit%20farlouse_1732.JPG?h=170\" alt=\"Pipit farlouse\" width=\"113\" height=\"170\" \/><\/a><p class=\"jig-HTMLdescription\">Pipit farlouse<br\/>Porspoder<\/p><\/li><li><a href=\"https:\/\/i0.wp.com\/mhyrdin.fr\/blog\/wordpress\/wp-content\/gallery\/mars2022\/Ail%20triqu%C3%A8tre_1738.JPG?ssl=1\" title=\"Porspoder\"><img loading=\"lazy\" decoding=\"async\" src=\"https:\/\/i0.wp.com\/mhyrdin.fr\/blog\/wordpress\/wp-content\/gallery\/mars2022\/Ail%20triqu%C3%A8tre_1738.JPG?h=170\" alt=\"Ail triqu\u00e8tre\" width=\"255\" height=\"170\" \/><\/a><p class=\"jig-HTMLdescription\">Ail triqu\u00e8tre<br\/>Porspoder<\/p><\/li><li><a href=\"https:\/\/i0.wp.com\/mhyrdin.fr\/blog\/wordpress\/wp-content\/gallery\/mars2022\/Tarier%20p%C3%A2tre_1741.jpg?ssl=1\" title=\"Porspoder\"><img loading=\"lazy\" decoding=\"async\" src=\"https:\/\/i0.wp.com\/mhyrdin.fr\/blog\/wordpress\/wp-content\/gallery\/mars2022\/Tarier%20p%C3%A2tre_1741.jpg?h=170\" alt=\"Tarier p\u00e2tre\" width=\"113\" height=\"170\" \/><\/a><p class=\"jig-HTMLdescription\">Tarier p\u00e2tre<br\/>Porspoder<\/p><\/li><li><a href=\"https:\/\/i0.wp.com\/mhyrdin.fr\/blog\/wordpress\/wp-content\/gallery\/mars2022\/Tarier%20p%C3%A2tre_1746.JPG?ssl=1\" title=\"Porspoder\"><img loading=\"lazy\" decoding=\"async\" src=\"https:\/\/i0.wp.com\/mhyrdin.fr\/blog\/wordpress\/wp-content\/gallery\/mars2022\/Tarier%20p%C3%A2tre_1746.JPG?h=170\" alt=\"Tarier p\u00e2tre\" width=\"255\" height=\"170\" \/><\/a><p class=\"jig-HTMLdescription\">Tarier p\u00e2tre<br\/>Porspoder<\/p><\/li><li><a href=\"https:\/\/i0.wp.com\/mhyrdin.fr\/blog\/wordpress\/wp-content\/gallery\/mars2022\/Petite%20Tortue_1764.JPG?ssl=1\" title=\"Porspoder\"><img loading=\"lazy\" decoding=\"async\" src=\"https:\/\/i0.wp.com\/mhyrdin.fr\/blog\/wordpress\/wp-content\/gallery\/mars2022\/Petite%20Tortue_1764.JPG?h=170\" alt=\"Petite Tortue\" width=\"255\" height=\"170\" \/><\/a><p class=\"jig-HTMLdescription\">Petite Tortue<br\/>Porspoder<\/p><\/li><li><a href=\"https:\/\/i0.wp.com\/mhyrdin.fr\/blog\/wordpress\/wp-content\/gallery\/mars2022\/Sterne%20caugek_1788.JPG?ssl=1\" title=\"Porspoder\"><img loading=\"lazy\" decoding=\"async\" src=\"https:\/\/i0.wp.com\/mhyrdin.fr\/blog\/wordpress\/wp-content\/gallery\/mars2022\/Sterne%20caugek_1788.JPG?h=170\" alt=\"Sterne caugek\" width=\"255\" height=\"170\" \/><\/a><p class=\"jig-HTMLdescription\">Sterne caugek<br\/>Porspoder<\/p><\/li><li><a href=\"https:\/\/i0.wp.com\/mhyrdin.fr\/blog\/wordpress\/wp-content\/gallery\/mars2022\/Sterne%20caugek_1800.JPG?ssl=1\" title=\"Porspoder\"><img loading=\"lazy\" decoding=\"async\" src=\"https:\/\/i0.wp.com\/mhyrdin.fr\/blog\/wordpress\/wp-content\/gallery\/mars2022\/Sterne%20caugek_1800.JPG?h=170\" alt=\"Sterne caugek\" width=\"222\" height=\"170\" \/><\/a><p class=\"jig-HTMLdescription\">Sterne caugek<br\/>Porspoder<\/p><\/li><li><a href=\"https:\/\/i0.wp.com\/mhyrdin.fr\/blog\/wordpress\/wp-content\/gallery\/mars2022\/Sterne%20caugek_1804.JPG?ssl=1\" title=\"Porspoder\"><img loading=\"lazy\" decoding=\"async\" src=\"https:\/\/i0.wp.com\/mhyrdin.fr\/blog\/wordpress\/wp-content\/gallery\/mars2022\/Sterne%20caugek_1804.JPG?h=170\" alt=\"Sterne caugek\" width=\"113\" height=\"170\" \/><\/a><p class=\"jig-HTMLdescription\">Sterne caugek<br\/>Porspoder<\/p><\/li><li><a href=\"https:\/\/i0.wp.com\/mhyrdin.fr\/blog\/wordpress\/wp-content\/gallery\/mars2022\/Tarier%20p%C3%A2tre_1840.JPG?ssl=1\" title=\"Pointe de Kermorvan\"><img loading=\"lazy\" decoding=\"async\" src=\"https:\/\/i0.wp.com\/mhyrdin.fr\/blog\/wordpress\/wp-content\/gallery\/mars2022\/Tarier%20p%C3%A2tre_1840.JPG?h=170\" alt=\"Tarier p\u00e2tre\" width=\"255\" height=\"170\" \/><\/a><p class=\"jig-HTMLdescription\">Tarier p\u00e2tre<br\/>Pointe de Kermorvan<\/p><\/li><li><a href=\"https:\/\/i0.wp.com\/mhyrdin.fr\/blog\/wordpress\/wp-content\/gallery\/mars2022\/Go%C3%A9land_1847.JPG?ssl=1\" title=\"Pointe de Kermorvan\"><img loading=\"lazy\" decoding=\"async\" src=\"https:\/\/i0.wp.com\/mhyrdin.fr\/blog\/wordpress\/wp-content\/gallery\/mars2022\/Go%C3%A9land_1847.JPG?h=170\" alt=\"Jeune go\u00e9land\" width=\"255\" height=\"170\" \/><\/a><p class=\"jig-HTMLdescription\">Jeune go\u00e9land<br\/>Pointe de Kermorvan<\/p><\/li><li><a href=\"https:\/\/i0.wp.com\/mhyrdin.fr\/blog\/wordpress\/wp-content\/gallery\/mars2022\/Go%C3%A9land_1851.JPG?ssl=1\" title=\"Pointe de Kermorvan\"><img loading=\"lazy\" decoding=\"async\" src=\"https:\/\/i0.wp.com\/mhyrdin.fr\/blog\/wordpress\/wp-content\/gallery\/mars2022\/Go%C3%A9land_1851.JPG?h=170\" alt=\"Jeune go\u00e9land\" width=\"255\" height=\"170\" \/><\/a><p class=\"jig-HTMLdescription\">Jeune go\u00e9land<br\/>Pointe de Kermorvan<\/p><\/li><li><a href=\"https:\/\/i0.wp.com\/mhyrdin.fr\/blog\/wordpress\/wp-content\/gallery\/mars2022\/Go%C3%A9land_1854.JPG?ssl=1\" title=\"Pointe de Kermorvan\"><img loading=\"lazy\" decoding=\"async\" src=\"https:\/\/i0.wp.com\/mhyrdin.fr\/blog\/wordpress\/wp-content\/gallery\/mars2022\/Go%C3%A9land_1854.JPG?h=170\" alt=\"Go\u00e9land argent\u00e9\" width=\"270\" height=\"170\" \/><\/a><p class=\"jig-HTMLdescription\">Go\u00e9land argent\u00e9<br\/>Pointe de Kermorvan<\/p><\/li><li><a href=\"https:\/\/i0.wp.com\/mhyrdin.fr\/blog\/wordpress\/wp-content\/gallery\/mars2022\/Sil%C3%A8ne_1858.JPG?ssl=1\" title=\"Pointe de Kermorvan\"><img loading=\"lazy\" decoding=\"async\" src=\"https:\/\/i0.wp.com\/mhyrdin.fr\/blog\/wordpress\/wp-content\/gallery\/mars2022\/Sil%C3%A8ne_1858.JPG?h=170\" alt=\"Sil\u00e8ne\" width=\"170\" height=\"170\" \/><\/a><p class=\"jig-HTMLdescription\">Sil\u00e8ne<br\/>Pointe de Kermorvan<\/p><\/li><li><a href=\"https:\/\/i0.wp.com\/mhyrdin.fr\/blog\/wordpress\/wp-content\/gallery\/mars2022\/Sil%C3%A8ne_1862.JPG?ssl=1\" title=\"Pointe de Kermorvan\"><img loading=\"lazy\" decoding=\"async\" src=\"https:\/\/i0.wp.com\/mhyrdin.fr\/blog\/wordpress\/wp-content\/gallery\/mars2022\/Sil%C3%A8ne_1862.JPG?h=170\" alt=\"Sil\u00e8ne\" width=\"255\" height=\"170\" \/><\/a><p class=\"jig-HTMLdescription\">Sil\u00e8ne<br\/>Pointe de Kermorvan<\/p><\/li><li><a href=\"https:\/\/i0.wp.com\/mhyrdin.fr\/blog\/wordpress\/wp-content\/gallery\/mars2022\/Fumeterre_1864.JPG?ssl=1\" title=\"Pointe de Kermorvan\"><img loading=\"lazy\" decoding=\"async\" src=\"https:\/\/i0.wp.com\/mhyrdin.fr\/blog\/wordpress\/wp-content\/gallery\/mars2022\/Fumeterre_1864.JPG?h=170\" alt=\"Fumeterre\" width=\"113\" height=\"170\" \/><\/a><p class=\"jig-HTMLdescription\">Fumeterre<br\/>Pointe de Kermorvan<\/p><\/li><li><a href=\"https:\/\/i0.wp.com\/mhyrdin.fr\/blog\/wordpress\/wp-content\/gallery\/mars2022\/Prunelier_1871.JPG?ssl=1\" title=\"Pointe de Kermorvan\"><img loading=\"lazy\" decoding=\"async\" src=\"https:\/\/i0.wp.com\/mhyrdin.fr\/blog\/wordpress\/wp-content\/gallery\/mars2022\/Prunelier_1871.JPG?h=170\" alt=\"Prunelier\" width=\"113\" height=\"170\" \/><\/a><p class=\"jig-HTMLdescription\">Prunelier<br\/>Pointe de Kermorvan<\/p><\/li><li><a href=\"https:\/\/i0.wp.com\/mhyrdin.fr\/blog\/wordpress\/wp-content\/gallery\/mars2022\/Violette_1874.JPG?ssl=1\" title=\"Pointe de Kermorvan\"><img loading=\"lazy\" decoding=\"async\" src=\"https:\/\/i0.wp.com\/mhyrdin.fr\/blog\/wordpress\/wp-content\/gallery\/mars2022\/Violette_1874.JPG?h=170\" alt=\"Violette\" width=\"113\" height=\"170\" \/><\/a><p class=\"jig-HTMLdescription\">Violette<br\/>Pointe de Kermorvan<\/p><\/li><li><a href=\"https:\/\/i0.wp.com\/mhyrdin.fr\/blog\/wordpress\/wp-content\/gallery\/mars2022\/Col%C3%A9opt%C3%A8re-X_1876.JPG?ssl=1\" title=\"Pointe de Kermorvan\"><img loading=\"lazy\" decoding=\"async\" src=\"https:\/\/i0.wp.com\/mhyrdin.fr\/blog\/wordpress\/wp-content\/gallery\/mars2022\/Col%C3%A9opt%C3%A8re-X_1876.JPG?h=170\" alt=\"Crache-Sang  (Timarcha tenebricosa)\" width=\"255\" height=\"170\" \/><\/a><p class=\"jig-HTMLdescription\">Crache-Sang  (Timarcha tenebricosa)<br\/>Pointe de Kermorvan<\/p><\/li><li><a href=\"https:\/\/i0.wp.com\/mhyrdin.fr\/blog\/wordpress\/wp-content\/gallery\/mars2022\/Paon%20du%20jour_1883.JPG?ssl=1\" title=\"Pointe de Kermorvan\"><img loading=\"lazy\" decoding=\"async\" src=\"https:\/\/i0.wp.com\/mhyrdin.fr\/blog\/wordpress\/wp-content\/gallery\/mars2022\/Paon%20du%20jour_1883.JPG?h=170\" alt=\"Paon du jour\" width=\"255\" height=\"170\" \/><\/a><p class=\"jig-HTMLdescription\">Paon du jour<br\/>Pointe de Kermorvan<\/p><\/li><li><a href=\"https:\/\/i0.wp.com\/mhyrdin.fr\/blog\/wordpress\/wp-content\/gallery\/mars2022\/Ajonc_1886.JPG?ssl=1\" title=\"Bodonou (Saint Renan)\"><img loading=\"lazy\" decoding=\"async\" src=\"https:\/\/i0.wp.com\/mhyrdin.fr\/blog\/wordpress\/wp-content\/gallery\/mars2022\/Ajonc_1886.JPG?h=170\" alt=\"Reflets\" width=\"255\" height=\"170\" \/><\/a><p class=\"jig-HTMLdescription\">Reflets<br\/>Bodonou (Saint Renan)<\/p><\/li><li><a href=\"https:\/\/i0.wp.com\/mhyrdin.fr\/blog\/wordpress\/wp-content\/gallery\/mars2022\/Ajonc_1894.JPG?ssl=1\" title=\"Bodonou (Saint Renan)\"><img loading=\"lazy\" decoding=\"async\" src=\"https:\/\/i0.wp.com\/mhyrdin.fr\/blog\/wordpress\/wp-content\/gallery\/mars2022\/Ajonc_1894.JPG?h=170\" alt=\"Ajonc\" width=\"255\" height=\"170\" \/><\/a><p class=\"jig-HTMLdescription\">Ajonc<br\/>Bodonou (Saint Renan)<\/p><\/li><li><a href=\"https:\/\/i0.wp.com\/mhyrdin.fr\/blog\/wordpress\/wp-content\/gallery\/mars2022\/Noisetier_1899.JPG?ssl=1\" title=\"Bodonou (Saint Renan)\"><img loading=\"lazy\" decoding=\"async\" src=\"https:\/\/i0.wp.com\/mhyrdin.fr\/blog\/wordpress\/wp-content\/gallery\/mars2022\/Noisetier_1899.JPG?h=170\" alt=\"Noisetier\" width=\"255\" height=\"170\" \/><\/a><p class=\"jig-HTMLdescription\">Noisetier<br\/>Bodonou (Saint Renan)<\/p><\/li><\/ul><\/noscript><\/div><div id=\"jig1-developerLink\" class=\"jig-developerLink\"><a href=\"https:\/\/justifiedgrid.com\/\" target=\"_blank\" title=\"Justified Image Grid - Premium WordPress Gallery\">powered by Justified Image Grid<\/a><\/div>\n<h3>Related Images:<\/h3>","protected":false},"excerpt":{"rendered":"<p>Alouette des champsPointe de KermorvanKeryunanKeryunan_1642Crave \u00e0 bec rougeKeryunanCrave \u00e0 bec rougeKeryunanCrave \u00e0 bec rougeKeryunanPorspoderPorspoder_1707PorspoderPorspoder_1711AjoncPorspoderAjoncPorspoderGo\u00e9land marinPorspoderTarier p\u00e2trePorspoderTarier p\u00e2trePorspoderPipit farlousePorspoderAil triqu\u00e8trePorspoderTarier p\u00e2trePorspoderTarier p\u00e2trePorspoderPetite TortuePorspoderSterne caugekPorspoderSterne caugekPorspoderSterne caugekPorspoderTarier p\u00e2trePointe de KermorvanJeune go\u00e9landPointe de KermorvanJeune go\u00e9landPointe de KermorvanGo\u00e9land argent\u00e9Pointe de KermorvanSil\u00e8nePointe de KermorvanSil\u00e8nePointe de KermorvanFumeterrePointe de KermorvanPrunelierPointe de KermorvanViolettePointe de KermorvanCrache-Sang (Timarcha tenebricosa)Pointe de KermorvanPaon du jourPointe de KermorvanRefletsBodonou [&hellip;]<\/p>\n","protected":false},"author":4,"featured_media":0,"parent":22571,"menu_order":0,"comment_status":"closed","ping_status":"closed","template":"","meta":{"ngg_post_thumbnail":0,"jetpack_post_was_ever_published":false,"footnotes":"","_links_to":"","_links_to_target":""},"class_list":["post-22764","page","type-page","status-publish","hentry"],"jetpack_shortlink":"https:\/\/wp.me\/P9lSZN-5Va","jetpack_sharing_enabled":true,"_links":{"self":[{"href":"https:\/\/mhyrdin.fr\/blog\/wp-json\/wp\/v2\/pages\/22764","targetHints":{"allow":["GET"]}}],"collection":[{"href":"https:\/\/mhyrdin.fr\/blog\/wp-json\/wp\/v2\/pages"}],"about":[{"href":"https:\/\/mhyrdin.fr\/blog\/wp-json\/wp\/v2\/types\/page"}],"author":[{"embeddable":true,"href":"https:\/\/mhyrdin.fr\/blog\/wp-json\/wp\/v2\/users\/4"}],"replies":[{"embeddable":true,"href":"https:\/\/mhyrdin.fr\/blog\/wp-json\/wp\/v2\/comments?post=22764"}],"version-history":[{"count":0,"href":"https:\/\/mhyrdin.fr\/blog\/wp-json\/wp\/v2\/pages\/22764\/revisions"}],"up":[{"embeddable":true,"href":"https:\/\/mhyrdin.fr\/blog\/wp-json\/wp\/v2\/pages\/22571"}],"wp:attachment":[{"href":"https:\/\/mhyrdin.fr\/blog\/wp-json\/wp\/v2\/media?parent=22764"}],"curies":[{"name":"wp","href":"https:\/\/api.w.org\/{rel}","templated":true}]}}