{"id":22753,"date":"2022-06-04T14:02:26","date_gmt":"2022-06-04T12:02:26","guid":{"rendered":"https:\/\/mhyrdin.fr\/blog\/2022-2\/bassin-darcachon\/"},"modified":"2022-12-27T06:57:03","modified_gmt":"2022-12-27T05:57:03","slug":"bassin-darcachon","status":"publish","type":"page","link":"https:\/\/mhyrdin.fr\/blog\/archives-numeriques\/2022-2-2\/mai-2022-ref\/bassin-darcachon\/","title":{"rendered":"Bassin d&rsquo;Arcachon"},"content":{"rendered":"<div id=\"jig1\" class=\"justified-image-grid jig-1e268ba72604035bc760fe8ff8f914a0 jig-preset-global jig-source-nextgen\"><div class=\"jig-clearfix\"><\/div><noscript id=\"jig1-html\" class=\"justified-image-grid-html\" data-lazy-src=\"skiplazyload\" data-src=\"skipunveillazyload\"><ul><li><a href=\"https:\/\/i0.wp.com\/mhyrdin.fr\/blog\/wordpress\/wp-content\/gallery\/mai-2022\/Traquet-motteux_2740.JPG?ssl=1\" title=\"Le Teich\"><img loading=\"lazy\" decoding=\"async\" src=\"https:\/\/i0.wp.com\/mhyrdin.fr\/blog\/wordpress\/wp-content\/gallery\/mai-2022\/Traquet-motteux_2740.JPG?h=170\" alt=\"Traquet motteux\" width=\"255\" height=\"170\" \/><\/a><p class=\"jig-HTMLdescription\">Traquet motteux<br\/>Le Teich<\/p><\/li><li><a href=\"https:\/\/i0.wp.com\/mhyrdin.fr\/blog\/wordpress\/wp-content\/gallery\/mai-2022\/Tadorne-de-Belon_2767.JPG?ssl=1\" title=\"Le Teich\"><img loading=\"lazy\" decoding=\"async\" src=\"https:\/\/i0.wp.com\/mhyrdin.fr\/blog\/wordpress\/wp-content\/gallery\/mai-2022\/Tadorne-de-Belon_2767.JPG?h=170\" alt=\"Tadorne de Belon\" width=\"255\" height=\"170\" \/><\/a><p class=\"jig-HTMLdescription\">Tadorne de Belon<br\/>Le Teich<\/p><\/li><li><a href=\"https:\/\/i0.wp.com\/mhyrdin.fr\/blog\/wordpress\/wp-content\/gallery\/mai-2022\/Milan-noir_2782.JPG?ssl=1\" title=\"Le Teich\"><img loading=\"lazy\" decoding=\"async\" src=\"https:\/\/i0.wp.com\/mhyrdin.fr\/blog\/wordpress\/wp-content\/gallery\/mai-2022\/Milan-noir_2782.JPG?h=170\" alt=\"Milan noir\" width=\"255\" height=\"170\" \/><\/a><p class=\"jig-HTMLdescription\">Milan noir<br\/>Le Teich<\/p><\/li><li><a href=\"https:\/\/i0.wp.com\/mhyrdin.fr\/blog\/wordpress\/wp-content\/gallery\/mai-2022\/Hirondelle-rustique_2790.JPG?ssl=1\" title=\"Le Teich\"><img loading=\"lazy\" decoding=\"async\" src=\"https:\/\/i0.wp.com\/mhyrdin.fr\/blog\/wordpress\/wp-content\/gallery\/mai-2022\/Hirondelle-rustique_2790.JPG?h=170\" alt=\"Hirondelle rustique\" width=\"255\" height=\"170\" \/><\/a><p class=\"jig-HTMLdescription\">Hirondelle rustique<br\/>Le Teich<\/p><\/li><li><a href=\"https:\/\/i0.wp.com\/mhyrdin.fr\/blog\/wordpress\/wp-content\/gallery\/mai-2022\/Hirondelle%20rustique_2832.JPG?ssl=1\" title=\"Le Teich\"><img loading=\"lazy\" decoding=\"async\" src=\"https:\/\/i0.wp.com\/mhyrdin.fr\/blog\/wordpress\/wp-content\/gallery\/mai-2022\/Hirondelle%20rustique_2832.JPG?h=170\" alt=\"Hirondelle rustique\" width=\"255\" height=\"170\" \/><\/a><p class=\"jig-HTMLdescription\">Hirondelle rustique<br\/>Le Teich<\/p><\/li><li><a href=\"https:\/\/i0.wp.com\/mhyrdin.fr\/blog\/wordpress\/wp-content\/gallery\/mai-2022\/Spatule%20blanche_2890.JPG?ssl=1\" title=\"Le Teich\"><img loading=\"lazy\" decoding=\"async\" src=\"https:\/\/i0.wp.com\/mhyrdin.fr\/blog\/wordpress\/wp-content\/gallery\/mai-2022\/Spatule%20blanche_2890.JPG?h=170\" alt=\"Spatule blanche\" width=\"255\" height=\"170\" \/><\/a><p class=\"jig-HTMLdescription\">Spatule blanche<br\/>Le Teich<\/p><\/li><li><a href=\"https:\/\/i0.wp.com\/mhyrdin.fr\/blog\/wordpress\/wp-content\/gallery\/mai-2022\/Avocette%20%C3%A9l%C3%A9gante_2949.JPG?ssl=1\" title=\"Le Teich\"><img loading=\"lazy\" decoding=\"async\" src=\"https:\/\/i0.wp.com\/mhyrdin.fr\/blog\/wordpress\/wp-content\/gallery\/mai-2022\/Avocette%20%C3%A9l%C3%A9gante_2949.JPG?h=170\" alt=\"Avocette \u00e9l\u00e9gante\" width=\"255\" height=\"170\" \/><\/a><p class=\"jig-HTMLdescription\">Avocette \u00e9l\u00e9gante<br\/>Le Teich<\/p><\/li><li><a href=\"https:\/\/i0.wp.com\/mhyrdin.fr\/blog\/wordpress\/wp-content\/gallery\/mai-2022\/Pluvier-argente_2778.JPG?ssl=1\" title=\"Le Teich\"><img loading=\"lazy\" decoding=\"async\" src=\"https:\/\/i0.wp.com\/mhyrdin.fr\/blog\/wordpress\/wp-content\/gallery\/mai-2022\/Pluvier-argente_2778.JPG?h=170\" alt=\"Pluvier argent\u00e9\" width=\"255\" height=\"170\" \/><\/a><p class=\"jig-HTMLdescription\">Pluvier argent\u00e9<br\/>Le Teich<\/p><\/li><li><a href=\"https:\/\/i0.wp.com\/mhyrdin.fr\/blog\/wordpress\/wp-content\/gallery\/mai-2022\/Pluvier%20argent%C3%A9_2955.JPG?ssl=1\" title=\"Le Teich\"><img loading=\"lazy\" decoding=\"async\" src=\"https:\/\/i0.wp.com\/mhyrdin.fr\/blog\/wordpress\/wp-content\/gallery\/mai-2022\/Pluvier%20argent%C3%A9_2955.JPG?h=170\" alt=\"Pluvier argent\u00e9\" width=\"255\" height=\"170\" \/><\/a><p class=\"jig-HTMLdescription\">Pluvier argent\u00e9<br\/>Le Teich<\/p><\/li><li><a href=\"https:\/\/i0.wp.com\/mhyrdin.fr\/blog\/wordpress\/wp-content\/gallery\/mai-2022\/Barge%20rousse_2965.JPG?ssl=1\" title=\"Le Teich\"><img loading=\"lazy\" decoding=\"async\" src=\"https:\/\/i0.wp.com\/mhyrdin.fr\/blog\/wordpress\/wp-content\/gallery\/mai-2022\/Barge%20rousse_2965.JPG?h=170\" alt=\"Barge rousse\" width=\"255\" height=\"170\" \/><\/a><p class=\"jig-HTMLdescription\">Barge rousse<br\/>Le Teich<\/p><\/li><li><a href=\"https:\/\/i0.wp.com\/mhyrdin.fr\/blog\/wordpress\/wp-content\/gallery\/mai-2022\/B%C3%A9casseau%20variable_2993.JPG?ssl=1\" title=\"Le Teich\"><img loading=\"lazy\" decoding=\"async\" src=\"https:\/\/i0.wp.com\/mhyrdin.fr\/blog\/wordpress\/wp-content\/gallery\/mai-2022\/B%C3%A9casseau%20variable_2993.JPG?h=170\" alt=\"B\u00e9casseau variable\" width=\"255\" height=\"170\" \/><\/a><p class=\"jig-HTMLdescription\">B\u00e9casseau variable<br\/>Le Teich<\/p><\/li><li><a href=\"https:\/\/i0.wp.com\/mhyrdin.fr\/blog\/wordpress\/wp-content\/gallery\/mai-2022\/Bergeronnette%20printani%C3%A8re_3012.JPG?ssl=1\" title=\"Le Teich\"><img loading=\"lazy\" decoding=\"async\" src=\"https:\/\/i0.wp.com\/mhyrdin.fr\/blog\/wordpress\/wp-content\/gallery\/mai-2022\/Bergeronnette%20printani%C3%A8re_3012.JPG?h=170\" alt=\"Bergeronnette printani\u00e8re\" width=\"255\" height=\"170\" \/><\/a><p class=\"jig-HTMLdescription\">Bergeronnette printani\u00e8re<br\/>Le Teich<\/p><\/li><li><a href=\"https:\/\/i0.wp.com\/mhyrdin.fr\/blog\/wordpress\/wp-content\/gallery\/mai-2022\/Hypola%C3%AFs%20polyglotte_3050.JPG?ssl=1\" title=\"Le Teich\"><img loading=\"lazy\" decoding=\"async\" src=\"https:\/\/i0.wp.com\/mhyrdin.fr\/blog\/wordpress\/wp-content\/gallery\/mai-2022\/Hypola%C3%AFs%20polyglotte_3050.JPG?h=170\" alt=\"Hypola\u00efs polyglotte\" width=\"255\" height=\"170\" \/><\/a><p class=\"jig-HTMLdescription\">Hypola\u00efs polyglotte<br\/>Le Teich<\/p><\/li><li><a href=\"https:\/\/i0.wp.com\/mhyrdin.fr\/blog\/wordpress\/wp-content\/gallery\/mai-2022\/Sylvain%20azur%C3%A9_2841.JPG?ssl=1\" title=\"Le Teich\"><img loading=\"lazy\" decoding=\"async\" src=\"https:\/\/i0.wp.com\/mhyrdin.fr\/blog\/wordpress\/wp-content\/gallery\/mai-2022\/Sylvain%20azur%C3%A9_2841.JPG?h=170\" alt=\"Sylvain azur\u00e9\" width=\"255\" height=\"170\" \/><\/a><p class=\"jig-HTMLdescription\">Sylvain azur\u00e9<br\/>Le Teich<\/p><\/li><li><a href=\"https:\/\/i0.wp.com\/mhyrdin.fr\/blog\/wordpress\/wp-content\/gallery\/mai-2022\/Vulcain_2744.JPG?ssl=1\" title=\"Le Teich\"><img loading=\"lazy\" decoding=\"async\" src=\"https:\/\/i0.wp.com\/mhyrdin.fr\/blog\/wordpress\/wp-content\/gallery\/mai-2022\/Vulcain_2744.JPG?h=170\" alt=\"Vulcain\" width=\"255\" height=\"170\" \/><\/a><p class=\"jig-HTMLdescription\">Vulcain<br\/>Le Teich<\/p><\/li><li><a href=\"https:\/\/i0.wp.com\/mhyrdin.fr\/blog\/wordpress\/wp-content\/gallery\/mai-2022\/Ishnure%20%C3%A9l%C3%A9gante_3097.JPG?ssl=1\" title=\"Le Teich\"><img loading=\"lazy\" decoding=\"async\" src=\"https:\/\/i0.wp.com\/mhyrdin.fr\/blog\/wordpress\/wp-content\/gallery\/mai-2022\/Ishnure%20%C3%A9l%C3%A9gante_3097.JPG?h=170\" alt=\"Ishnure \u00e9l\u00e9gante\" width=\"255\" height=\"170\" \/><\/a><p class=\"jig-HTMLdescription\">Ishnure \u00e9l\u00e9gante<br\/>Le Teich<\/p><\/li><li><a href=\"https:\/\/i0.wp.com\/mhyrdin.fr\/blog\/wordpress\/wp-content\/gallery\/mai-2022\/L%C3%A9zard%20%C3%A0%20deux%20raies_0007.JPG?ssl=1\" title=\"Le Teich\"><img loading=\"lazy\" decoding=\"async\" src=\"https:\/\/i0.wp.com\/mhyrdin.fr\/blog\/wordpress\/wp-content\/gallery\/mai-2022\/L%C3%A9zard%20%C3%A0%20deux%20raies_0007.JPG?h=170\" alt=\"L\u00e9zard \u00e0 deux raies\" width=\"255\" height=\"170\" \/><\/a><p class=\"jig-HTMLdescription\">L\u00e9zard \u00e0 deux raies<br\/>Le Teich<\/p><\/li><li><a href=\"https:\/\/i0.wp.com\/mhyrdin.fr\/blog\/wordpress\/wp-content\/gallery\/mai-2022\/Cistude%20d-Europe_3062.JPG?ssl=1\" title=\"Le Teich\"><img loading=\"lazy\" decoding=\"async\" src=\"https:\/\/i0.wp.com\/mhyrdin.fr\/blog\/wordpress\/wp-content\/gallery\/mai-2022\/Cistude%20d-Europe_3062.JPG?h=170\" alt=\"Cistude d&#039;Europe\" width=\"255\" height=\"170\" \/><\/a><p class=\"jig-HTMLdescription\">Cistude d'Europe<br\/>Le Teich<\/p><\/li><li><a href=\"https:\/\/i0.wp.com\/mhyrdin.fr\/blog\/wordpress\/wp-content\/gallery\/mai-2022\/Ragondin_3065.JPG?ssl=1\" title=\"Le Teich\"><img loading=\"lazy\" decoding=\"async\" src=\"https:\/\/i0.wp.com\/mhyrdin.fr\/blog\/wordpress\/wp-content\/gallery\/mai-2022\/Ragondin_3065.JPG?h=170\" alt=\"Ragondins\" width=\"255\" height=\"170\" \/><\/a><p class=\"jig-HTMLdescription\">Ragondins<br\/>Le Teich<\/p><\/li><li><a href=\"https:\/\/i0.wp.com\/mhyrdin.fr\/blog\/wordpress\/wp-content\/gallery\/mai-2022\/Arcachon_3077.JPG?ssl=1\" title=\"Arcachon_3077\"><img loading=\"lazy\" decoding=\"async\" src=\"https:\/\/i0.wp.com\/mhyrdin.fr\/blog\/wordpress\/wp-content\/gallery\/mai-2022\/Arcachon_3077.JPG?h=170\" alt=\"Arcachon\" width=\"255\" height=\"170\" \/><\/a><p class=\"jig-HTMLdescription\">Arcachon<br\/>Arcachon_3077<\/p><\/li><li><a href=\"https:\/\/i0.wp.com\/mhyrdin.fr\/blog\/wordpress\/wp-content\/gallery\/mai-2022\/Arcachon-pinasses_3078.JPG?ssl=1\"><img loading=\"lazy\" decoding=\"async\" src=\"https:\/\/i0.wp.com\/mhyrdin.fr\/blog\/wordpress\/wp-content\/gallery\/mai-2022\/Arcachon-pinasses_3078.JPG?h=170\" alt=\"Pinasses\" width=\"386\" height=\"170\" \/><\/a><p class=\"jig-HTMLdescription\">Pinasses<\/p><\/li><li><a href=\"https:\/\/i0.wp.com\/mhyrdin.fr\/blog\/wordpress\/wp-content\/gallery\/mai-2022\/Arcachon_3088.JPG?ssl=1\" title=\"Arcachon_3088\"><img loading=\"lazy\" decoding=\"async\" src=\"https:\/\/i0.wp.com\/mhyrdin.fr\/blog\/wordpress\/wp-content\/gallery\/mai-2022\/Arcachon_3088.JPG?h=170\" alt=\"Arcachon\" width=\"255\" height=\"170\" \/><\/a><p class=\"jig-HTMLdescription\">Arcachon<br\/>Arcachon_3088<\/p><\/li><li><a href=\"https:\/\/i0.wp.com\/mhyrdin.fr\/blog\/wordpress\/wp-content\/gallery\/mai-2022\/Arcachon_3090.JPG?ssl=1\" title=\"Arcachon_3090\"><img loading=\"lazy\" decoding=\"async\" src=\"https:\/\/i0.wp.com\/mhyrdin.fr\/blog\/wordpress\/wp-content\/gallery\/mai-2022\/Arcachon_3090.JPG?h=170\" alt=\"Arcachon\" width=\"326\" height=\"170\" \/><\/a><p class=\"jig-HTMLdescription\">Arcachon<br\/>Arcachon_3090<\/p><\/li><li><a href=\"https:\/\/i0.wp.com\/mhyrdin.fr\/blog\/wordpress\/wp-content\/gallery\/mai-2022\/Arcachon_3082.JPG?ssl=1\" title=\"Arcachon_3082\"><img loading=\"lazy\" decoding=\"async\" src=\"https:\/\/i0.wp.com\/mhyrdin.fr\/blog\/wordpress\/wp-content\/gallery\/mai-2022\/Arcachon_3082.JPG?h=170\" alt=\"Arcachon\" width=\"255\" height=\"170\" \/><\/a><p class=\"jig-HTMLdescription\">Arcachon<br\/>Arcachon_3082<\/p><\/li><li><a href=\"https:\/\/i0.wp.com\/mhyrdin.fr\/blog\/wordpress\/wp-content\/gallery\/mai-2022\/Arcachon_3089.JPG?ssl=1\" title=\"Arcachon_3089\"><img loading=\"lazy\" decoding=\"async\" src=\"https:\/\/i0.wp.com\/mhyrdin.fr\/blog\/wordpress\/wp-content\/gallery\/mai-2022\/Arcachon_3089.JPG?h=170\" alt=\"Arcachon\" width=\"113\" height=\"170\" \/><\/a><p class=\"jig-HTMLdescription\">Arcachon<br\/>Arcachon_3089<\/p><\/li><li><a href=\"https:\/\/i0.wp.com\/mhyrdin.fr\/blog\/wordpress\/wp-content\/gallery\/mai-2022\/Banc%20d-Arguin-Petit%20Nice_3105.JPG?ssl=1\"><img loading=\"lazy\" decoding=\"async\" src=\"https:\/\/i0.wp.com\/mhyrdin.fr\/blog\/wordpress\/wp-content\/gallery\/mai-2022\/Banc%20d-Arguin-Petit%20Nice_3105.JPG?h=170\" alt=\"Plage du Petit-Nice\" width=\"317\" height=\"170\" \/><\/a><p class=\"jig-HTMLdescription\">Plage du Petit-Nice<\/p><\/li><li><a href=\"https:\/\/i0.wp.com\/mhyrdin.fr\/blog\/wordpress\/wp-content\/gallery\/mai-2022\/Banc%20d-Arguin-Petit%20Nice_3112.JPG?ssl=1\"><img loading=\"lazy\" decoding=\"async\" src=\"https:\/\/i0.wp.com\/mhyrdin.fr\/blog\/wordpress\/wp-content\/gallery\/mai-2022\/Banc%20d-Arguin-Petit%20Nice_3112.JPG?h=170\" alt=\"Plage du Petit-Nice\" width=\"113\" height=\"170\" \/><\/a><p class=\"jig-HTMLdescription\">Plage du Petit-Nice<\/p><\/li><li><a href=\"https:\/\/i0.wp.com\/mhyrdin.fr\/blog\/wordpress\/wp-content\/gallery\/mai-2022\/Banc%20d-Arguin-Petit%20Nice_3113.JPG?ssl=1\"><img loading=\"lazy\" decoding=\"async\" src=\"https:\/\/i0.wp.com\/mhyrdin.fr\/blog\/wordpress\/wp-content\/gallery\/mai-2022\/Banc%20d-Arguin-Petit%20Nice_3113.JPG?h=170\" alt=\"Plage du Petit-Nice\" width=\"298\" height=\"170\" \/><\/a><p class=\"jig-HTMLdescription\">Plage du Petit-Nice<\/p><\/li><li><a href=\"https:\/\/i0.wp.com\/mhyrdin.fr\/blog\/wordpress\/wp-content\/gallery\/mai-2022\/Banc%20d-Arguin-Petit%20Nice_3102.JPG?ssl=1\"><img loading=\"lazy\" decoding=\"async\" src=\"https:\/\/i0.wp.com\/mhyrdin.fr\/blog\/wordpress\/wp-content\/gallery\/mai-2022\/Banc%20d-Arguin-Petit%20Nice_3102.JPG?h=170\" alt=\"Banc d&#039;Arguin\" width=\"327\" height=\"170\" \/><\/a><p class=\"jig-HTMLdescription\">Banc d'Arguin<\/p><\/li><li><a href=\"https:\/\/i0.wp.com\/mhyrdin.fr\/blog\/wordpress\/wp-content\/gallery\/mai-2022\/Banc%20d-Arguin-Petit%20Nice_3110.JPG?ssl=1\"><img loading=\"lazy\" decoding=\"async\" src=\"https:\/\/i0.wp.com\/mhyrdin.fr\/blog\/wordpress\/wp-content\/gallery\/mai-2022\/Banc%20d-Arguin-Petit%20Nice_3110.JPG?h=170\" alt=\"Banc d&#039;Arguin\" width=\"323\" height=\"170\" \/><\/a><p class=\"jig-HTMLdescription\">Banc d'Arguin<\/p><\/li><li><a href=\"https:\/\/i0.wp.com\/mhyrdin.fr\/blog\/wordpress\/wp-content\/gallery\/mai-2022\/Biscarosse_3113.JPG?ssl=1\" title=\"Biscarosse_3113\"><img loading=\"lazy\" decoding=\"async\" src=\"https:\/\/i0.wp.com\/mhyrdin.fr\/blog\/wordpress\/wp-content\/gallery\/mai-2022\/Biscarosse_3113.JPG?h=170\" alt=\"Biscarosse\" width=\"255\" height=\"170\" \/><\/a><p class=\"jig-HTMLdescription\">Biscarosse<br\/>Biscarosse_3113<\/p><\/li><li><a href=\"https:\/\/i0.wp.com\/mhyrdin.fr\/blog\/wordpress\/wp-content\/gallery\/mai-2022\/Biscarosse_3115.JPG?ssl=1\" title=\"Biscarosse_3115\"><img loading=\"lazy\" decoding=\"async\" src=\"https:\/\/i0.wp.com\/mhyrdin.fr\/blog\/wordpress\/wp-content\/gallery\/mai-2022\/Biscarosse_3115.JPG?h=170\" alt=\"Biscarosse\" width=\"255\" height=\"170\" \/><\/a><p class=\"jig-HTMLdescription\">Biscarosse<br\/>Biscarosse_3115<\/p><\/li><li><a href=\"https:\/\/i0.wp.com\/mhyrdin.fr\/blog\/wordpress\/wp-content\/gallery\/mai-2022\/Biscarosse_3116.JPG?ssl=1\" title=\"Biscarosse_3116\"><img loading=\"lazy\" decoding=\"async\" src=\"https:\/\/i0.wp.com\/mhyrdin.fr\/blog\/wordpress\/wp-content\/gallery\/mai-2022\/Biscarosse_3116.JPG?h=170\" alt=\"Biscarosse\" width=\"289\" height=\"170\" \/><\/a><p class=\"jig-HTMLdescription\">Biscarosse<br\/>Biscarosse_3116<\/p><\/li><\/ul><\/noscript><\/div><div id=\"jig1-developerLink\" class=\"jig-developerLink\"><a href=\"https:\/\/justifiedgrid.com\/\" target=\"_blank\" title=\"Justified Image Grid - Premium WordPress Gallery\">powered by Justified Image Grid<\/a><\/div>\n<h3>Related Images:<\/h3>","protected":false},"excerpt":{"rendered":"<p>Traquet motteuxLe TeichTadorne de BelonLe TeichMilan noirLe TeichHirondelle rustiqueLe TeichHirondelle rustiqueLe TeichSpatule blancheLe TeichAvocette \u00e9l\u00e9ganteLe TeichPluvier argent\u00e9Le TeichPluvier argent\u00e9Le TeichBarge rousseLe TeichB\u00e9casseau variableLe TeichBergeronnette printani\u00e8reLe TeichHypola\u00efs polyglotteLe TeichSylvain azur\u00e9Le TeichVulcainLe TeichIshnure \u00e9l\u00e9ganteLe TeichL\u00e9zard \u00e0 deux raiesLe TeichCistude d&rsquo;EuropeLe TeichRagondinsLe TeichArcachonArcachon_3077PinassesArcachonArcachon_3088ArcachonArcachon_3090ArcachonArcachon_3082ArcachonArcachon_3089Plage du Petit-NicePlage du Petit-NicePlage du Petit-NiceBanc d&rsquo;ArguinBanc d&rsquo;ArguinBiscarosseBiscarosse_3113BiscarosseBiscarosse_3115BiscarosseBiscarosse_3116powered by Justified Image Grid Related Images:<\/p>\n","protected":false},"author":4,"featured_media":0,"parent":22757,"menu_order":0,"comment_status":"closed","ping_status":"closed","template":"","meta":{"ngg_post_thumbnail":0,"jetpack_post_was_ever_published":false,"footnotes":"","_links_to":"","_links_to_target":""},"class_list":["post-22753","page","type-page","status-publish","hentry"],"jetpack_shortlink":"https:\/\/wp.me\/P9lSZN-5UZ","jetpack_sharing_enabled":true,"_links":{"self":[{"href":"https:\/\/mhyrdin.fr\/blog\/wp-json\/wp\/v2\/pages\/22753","targetHints":{"allow":["GET"]}}],"collection":[{"href":"https:\/\/mhyrdin.fr\/blog\/wp-json\/wp\/v2\/pages"}],"about":[{"href":"https:\/\/mhyrdin.fr\/blog\/wp-json\/wp\/v2\/types\/page"}],"author":[{"embeddable":true,"href":"https:\/\/mhyrdin.fr\/blog\/wp-json\/wp\/v2\/users\/4"}],"replies":[{"embeddable":true,"href":"https:\/\/mhyrdin.fr\/blog\/wp-json\/wp\/v2\/comments?post=22753"}],"version-history":[{"count":1,"href":"https:\/\/mhyrdin.fr\/blog\/wp-json\/wp\/v2\/pages\/22753\/revisions"}],"predecessor-version":[{"id":25013,"href":"https:\/\/mhyrdin.fr\/blog\/wp-json\/wp\/v2\/pages\/22753\/revisions\/25013"}],"up":[{"embeddable":true,"href":"https:\/\/mhyrdin.fr\/blog\/wp-json\/wp\/v2\/pages\/22757"}],"wp:attachment":[{"href":"https:\/\/mhyrdin.fr\/blog\/wp-json\/wp\/v2\/media?parent=22753"}],"curies":[{"name":"wp","href":"https:\/\/api.w.org\/{rel}","templated":true}]}}