{"id":22658,"date":"2022-06-02T13:52:22","date_gmt":"2022-06-02T11:52:22","guid":{"rendered":"https:\/\/mhyrdin.fr\/blog\/2022-2\/mai-2022-abadie\/"},"modified":"2022-12-27T06:57:55","modified_gmt":"2022-12-27T05:57:55","slug":"mai-2022-abadie","status":"publish","type":"page","link":"https:\/\/mhyrdin.fr\/blog\/archives-numeriques\/2022-2-2\/mai-2022-ref\/mai-2022-abadie\/","title":{"rendered":"St. Jean-De-Luz \/ Hendaye"},"content":{"rendered":"<div id=\"jig1\" class=\"justified-image-grid jig-2bc1718ca4da323ad4b020881de04c31 jig-preset-global jig-source-nextgen\"><div class=\"jig-clearfix\"><\/div><noscript id=\"jig1-html\" class=\"justified-image-grid-html\" data-lazy-src=\"skiplazyload\" data-src=\"skipunveillazyload\"><ul><li><a href=\"https:\/\/i0.wp.com\/mhyrdin.fr\/blog\/wordpress\/wp-content\/gallery\/mai-2022-2\/Abadie_4367.JPG?ssl=1\" title=\"Abadie_4367\"><img loading=\"lazy\" decoding=\"async\" src=\"https:\/\/i0.wp.com\/mhyrdin.fr\/blog\/wordpress\/wp-content\/gallery\/mai-2022-2\/Abadie_4367.JPG?h=170\" alt=\"Abadie\" width=\"255\" height=\"170\" \/><\/a><p class=\"jig-HTMLdescription\">Abadie<br\/>Abadie_4367<\/p><\/li><li><a href=\"https:\/\/i0.wp.com\/mhyrdin.fr\/blog\/wordpress\/wp-content\/gallery\/mai-2022-2\/Abadie_4368.JPG?ssl=1\" title=\"Abadie_4368\"><img loading=\"lazy\" decoding=\"async\" src=\"https:\/\/i0.wp.com\/mhyrdin.fr\/blog\/wordpress\/wp-content\/gallery\/mai-2022-2\/Abadie_4368.JPG?h=170\" alt=\"Abadie\" width=\"255\" height=\"170\" \/><\/a><p class=\"jig-HTMLdescription\">Abadie<br\/>Abadie_4368<\/p><\/li><li><a href=\"https:\/\/i0.wp.com\/mhyrdin.fr\/blog\/wordpress\/wp-content\/gallery\/mai-2022-2\/Go%C3%A9land%20leucoph%C3%A9e_3963.JPG?ssl=1\"><img loading=\"lazy\" decoding=\"async\" src=\"https:\/\/i0.wp.com\/mhyrdin.fr\/blog\/wordpress\/wp-content\/gallery\/mai-2022-2\/Go%C3%A9land%20leucoph%C3%A9e_3963.JPG?h=170\" alt=\"Go\u00e9land leucoph\u00e9e\" width=\"113\" height=\"170\" \/><\/a><p class=\"jig-HTMLdescription\">Go\u00e9land leucoph\u00e9e<\/p><\/li><li><a href=\"https:\/\/i0.wp.com\/mhyrdin.fr\/blog\/wordpress\/wp-content\/gallery\/mai-2022-2\/Goeland-leucophee_3129.JPG?ssl=1\"><img loading=\"lazy\" decoding=\"async\" src=\"https:\/\/i0.wp.com\/mhyrdin.fr\/blog\/wordpress\/wp-content\/gallery\/mai-2022-2\/Goeland-leucophee_3129.JPG?h=170\" alt=\"Go\u00e9land leucoph\u00e9e\" width=\"255\" height=\"170\" \/><\/a><p class=\"jig-HTMLdescription\">Go\u00e9land leucoph\u00e9e<\/p><\/li><li><a href=\"https:\/\/i0.wp.com\/mhyrdin.fr\/blog\/wordpress\/wp-content\/gallery\/mai-2022-2\/Fauvette%20m%C3%A9lanoc%C3%A9phale_3165.JPG?ssl=1\"><img loading=\"lazy\" decoding=\"async\" src=\"https:\/\/i0.wp.com\/mhyrdin.fr\/blog\/wordpress\/wp-content\/gallery\/mai-2022-2\/Fauvette%20m%C3%A9lanoc%C3%A9phale_3165.JPG?h=170\" alt=\"Fauvette m\u00e9lanoc\u00e9phale\" width=\"255\" height=\"170\" \/><\/a><p class=\"jig-HTMLdescription\">Fauvette m\u00e9lanoc\u00e9phale<\/p><\/li><li><a href=\"https:\/\/i0.wp.com\/mhyrdin.fr\/blog\/wordpress\/wp-content\/gallery\/mai-2022-2\/L%C3%A9zard_3171.JPG?ssl=1\"><img loading=\"lazy\" decoding=\"async\" src=\"https:\/\/i0.wp.com\/mhyrdin.fr\/blog\/wordpress\/wp-content\/gallery\/mai-2022-2\/L%C3%A9zard_3171.JPG?h=170\" alt=\"L\u00e9zard des murailles\" width=\"113\" height=\"170\" \/><\/a><p class=\"jig-HTMLdescription\">L\u00e9zard des murailles<\/p><\/li><li><a href=\"https:\/\/i0.wp.com\/mhyrdin.fr\/blog\/wordpress\/wp-content\/gallery\/mai-2022-2\/Ch%C3%A8vre-feuille_4340.JPG?ssl=1\"><img loading=\"lazy\" decoding=\"async\" src=\"https:\/\/i0.wp.com\/mhyrdin.fr\/blog\/wordpress\/wp-content\/gallery\/mai-2022-2\/Ch%C3%A8vre-feuille_4340.JPG?h=170\" alt=\"Ch\u00e8vre-feuille\" width=\"113\" height=\"170\" \/><\/a><p class=\"jig-HTMLdescription\">Ch\u00e8vre-feuille<\/p><\/li><li><a href=\"https:\/\/i0.wp.com\/mhyrdin.fr\/blog\/wordpress\/wp-content\/gallery\/mai-2022-2\/Gesse_3164-fleur.jpg?ssl=1\"><img loading=\"lazy\" decoding=\"async\" src=\"https:\/\/i0.wp.com\/mhyrdin.fr\/blog\/wordpress\/wp-content\/gallery\/mai-2022-2\/Gesse_3164-fleur.jpg?h=170\" alt=\"Gesse\" width=\"170\" height=\"170\" \/><\/a><p class=\"jig-HTMLdescription\">Gesse<\/p><\/li><li><a href=\"https:\/\/i0.wp.com\/mhyrdin.fr\/blog\/wordpress\/wp-content\/gallery\/mai-2022-2\/Orobanche_3137.JPG?ssl=1\" title=\"Orobanche_3137\"><img loading=\"lazy\" decoding=\"async\" src=\"https:\/\/i0.wp.com\/mhyrdin.fr\/blog\/wordpress\/wp-content\/gallery\/mai-2022-2\/Orobanche_3137.JPG?h=170\" alt=\"Orobanche\" width=\"113\" height=\"170\" \/><\/a><p class=\"jig-HTMLdescription\">Orobanche<br\/>Orobanche_3137<\/p><\/li><li><a href=\"https:\/\/i0.wp.com\/mhyrdin.fr\/blog\/wordpress\/wp-content\/gallery\/mai-2022-2\/Azur%C3%A9%20commun_3987.JPG?ssl=1\"><img loading=\"lazy\" decoding=\"async\" src=\"https:\/\/i0.wp.com\/mhyrdin.fr\/blog\/wordpress\/wp-content\/gallery\/mai-2022-2\/Azur%C3%A9%20commun_3987.JPG?h=170\" alt=\"Azur\u00e9 commun\" width=\"255\" height=\"170\" \/><\/a><p class=\"jig-HTMLdescription\">Azur\u00e9 commun<\/p><\/li><li><a href=\"https:\/\/i0.wp.com\/mhyrdin.fr\/blog\/wordpress\/wp-content\/gallery\/mai-2022-2\/Procris_3166.JPG?ssl=1\" title=\"Procris_3166\"><img loading=\"lazy\" decoding=\"async\" src=\"https:\/\/i0.wp.com\/mhyrdin.fr\/blog\/wordpress\/wp-content\/gallery\/mai-2022-2\/Procris_3166.JPG?h=170\" alt=\"Procris\" width=\"255\" height=\"170\" \/><\/a><p class=\"jig-HTMLdescription\">Procris<br\/>Procris_3166<\/p><\/li><li><a href=\"https:\/\/i0.wp.com\/mhyrdin.fr\/blog\/wordpress\/wp-content\/gallery\/mai-2022-2\/Tircis_4336.JPG?ssl=1\" title=\"Tircis_4336\"><img loading=\"lazy\" decoding=\"async\" src=\"https:\/\/i0.wp.com\/mhyrdin.fr\/blog\/wordpress\/wp-content\/gallery\/mai-2022-2\/Tircis_4336.JPG?h=170\" alt=\"Tircis\" width=\"255\" height=\"170\" \/><\/a><p class=\"jig-HTMLdescription\">Tircis<br\/>Tircis_4336<\/p><\/li><li><a href=\"https:\/\/i0.wp.com\/mhyrdin.fr\/blog\/wordpress\/wp-content\/gallery\/mai-2022-2\/Anacamptis%20laxiflora_3954.JPG?ssl=1\"><img loading=\"lazy\" decoding=\"async\" src=\"https:\/\/i0.wp.com\/mhyrdin.fr\/blog\/wordpress\/wp-content\/gallery\/mai-2022-2\/Anacamptis%20laxiflora_3954.JPG?h=170\" alt=\"Anacamptis laxiflora\" width=\"113\" height=\"170\" \/><\/a><p class=\"jig-HTMLdescription\">Anacamptis laxiflora<\/p><\/li><li><a href=\"https:\/\/i0.wp.com\/mhyrdin.fr\/blog\/wordpress\/wp-content\/gallery\/mai-2022-2\/Anacamptis%20pyramydalis_4342.JPG?ssl=1\"><img loading=\"lazy\" decoding=\"async\" src=\"https:\/\/i0.wp.com\/mhyrdin.fr\/blog\/wordpress\/wp-content\/gallery\/mai-2022-2\/Anacamptis%20pyramydalis_4342.JPG?h=170\" alt=\"Anacamptis pyramydalis\" width=\"113\" height=\"170\" \/><\/a><p class=\"jig-HTMLdescription\">Anacamptis pyramydalis<\/p><\/li><li><a href=\"https:\/\/i0.wp.com\/mhyrdin.fr\/blog\/wordpress\/wp-content\/gallery\/mai-2022-2\/Ophrys%20apifera_4354.JPG?ssl=1\"><img loading=\"lazy\" decoding=\"async\" src=\"https:\/\/i0.wp.com\/mhyrdin.fr\/blog\/wordpress\/wp-content\/gallery\/mai-2022-2\/Ophrys%20apifera_4354.JPG?h=170\" alt=\"Ophrys apifera\" width=\"170\" height=\"170\" \/><\/a><p class=\"jig-HTMLdescription\">Ophrys apifera<\/p><\/li><li><a href=\"https:\/\/i0.wp.com\/mhyrdin.fr\/blog\/wordpress\/wp-content\/gallery\/mai-2022-2\/Ophrys%20apifera_4357.JPG?ssl=1\"><img loading=\"lazy\" decoding=\"async\" src=\"https:\/\/i0.wp.com\/mhyrdin.fr\/blog\/wordpress\/wp-content\/gallery\/mai-2022-2\/Ophrys%20apifera_4357.JPG?h=170\" alt=\"Ophrys apifera\" width=\"170\" height=\"170\" \/><\/a><p class=\"jig-HTMLdescription\">Ophrys apifera<\/p><\/li><li><a href=\"https:\/\/i0.wp.com\/mhyrdin.fr\/blog\/wordpress\/wp-content\/gallery\/mai-2022-2\/Serapias%20lingua_3119.JPG?ssl=1\"><img loading=\"lazy\" decoding=\"async\" src=\"https:\/\/i0.wp.com\/mhyrdin.fr\/blog\/wordpress\/wp-content\/gallery\/mai-2022-2\/Serapias%20lingua_3119.JPG?h=170\" alt=\"Serapias lingua\" width=\"113\" height=\"170\" \/><\/a><p class=\"jig-HTMLdescription\">Serapias lingua<\/p><\/li><li><a href=\"https:\/\/i0.wp.com\/mhyrdin.fr\/blog\/wordpress\/wp-content\/gallery\/mai-2022-2\/Serapias%20lingua_3130.JPG?ssl=1\"><img loading=\"lazy\" decoding=\"async\" src=\"https:\/\/i0.wp.com\/mhyrdin.fr\/blog\/wordpress\/wp-content\/gallery\/mai-2022-2\/Serapias%20lingua_3130.JPG?h=170\" alt=\"Serapias lingua\" width=\"113\" height=\"170\" \/><\/a><p class=\"jig-HTMLdescription\">Serapias lingua<\/p><\/li><li><a href=\"https:\/\/i0.wp.com\/mhyrdin.fr\/blog\/wordpress\/wp-content\/gallery\/mai-2022-2\/Serapias%20lingua_4361.JPG?ssl=1\"><img loading=\"lazy\" decoding=\"async\" src=\"https:\/\/i0.wp.com\/mhyrdin.fr\/blog\/wordpress\/wp-content\/gallery\/mai-2022-2\/Serapias%20lingua_4361.JPG?h=170\" alt=\"Serapias lingua\" width=\"255\" height=\"170\" \/><\/a><p class=\"jig-HTMLdescription\">Serapias lingua<\/p><\/li><\/ul><\/noscript><\/div><div id=\"jig1-developerLink\" class=\"jig-developerLink\"><a href=\"https:\/\/justifiedgrid.com\/\" target=\"_blank\" title=\"Justified Image Grid - Premium WordPress Gallery\">powered by Justified Image Grid<\/a><\/div>\n<h3>Related Images:<\/h3>","protected":false},"excerpt":{"rendered":"<p>AbadieAbadie_4367AbadieAbadie_4368Go\u00e9land leucoph\u00e9eGo\u00e9land leucoph\u00e9eFauvette m\u00e9lanoc\u00e9phaleL\u00e9zard des muraillesCh\u00e8vre-feuilleGesseOrobancheOrobanche_3137Azur\u00e9 communProcrisProcris_3166TircisTircis_4336Anacamptis laxifloraAnacamptis pyramydalisOphrys apiferaOphrys apiferaSerapias linguaSerapias linguaSerapias linguapowered by Justified Image Grid Related Images:<\/p>\n","protected":false},"author":4,"featured_media":0,"parent":22757,"menu_order":0,"comment_status":"closed","ping_status":"closed","template":"","meta":{"ngg_post_thumbnail":0,"jetpack_post_was_ever_published":false,"footnotes":"","_links_to":"","_links_to_target":""},"class_list":["post-22658","page","type-page","status-publish","hentry"],"jetpack_shortlink":"https:\/\/wp.me\/P9lSZN-5Ts","jetpack_sharing_enabled":true,"_links":{"self":[{"href":"https:\/\/mhyrdin.fr\/blog\/wp-json\/wp\/v2\/pages\/22658","targetHints":{"allow":["GET"]}}],"collection":[{"href":"https:\/\/mhyrdin.fr\/blog\/wp-json\/wp\/v2\/pages"}],"about":[{"href":"https:\/\/mhyrdin.fr\/blog\/wp-json\/wp\/v2\/types\/page"}],"author":[{"embeddable":true,"href":"https:\/\/mhyrdin.fr\/blog\/wp-json\/wp\/v2\/users\/4"}],"replies":[{"embeddable":true,"href":"https:\/\/mhyrdin.fr\/blog\/wp-json\/wp\/v2\/comments?post=22658"}],"version-history":[{"count":4,"href":"https:\/\/mhyrdin.fr\/blog\/wp-json\/wp\/v2\/pages\/22658\/revisions"}],"predecessor-version":[{"id":25014,"href":"https:\/\/mhyrdin.fr\/blog\/wp-json\/wp\/v2\/pages\/22658\/revisions\/25014"}],"up":[{"embeddable":true,"href":"https:\/\/mhyrdin.fr\/blog\/wp-json\/wp\/v2\/pages\/22757"}],"wp:attachment":[{"href":"https:\/\/mhyrdin.fr\/blog\/wp-json\/wp\/v2\/media?parent=22658"}],"curies":[{"name":"wp","href":"https:\/\/api.w.org\/{rel}","templated":true}]}}