{"id":22567,"date":"2022-04-07T19:34:38","date_gmt":"2022-04-07T17:34:38","guid":{"rendered":"https:\/\/mhyrdin.fr\/blog\/fin-mars\/"},"modified":"2022-04-07T19:34:38","modified_gmt":"2022-04-07T17:34:38","slug":"fin-mars","status":"publish","type":"page","link":"https:\/\/mhyrdin.fr\/blog\/fin-mars\/","title":{"rendered":"Fin mars"},"content":{"rendered":"<div id=\"jig1\" class=\"justified-image-grid jig-cc32c10990388ea23bf498711af67fd6 jig-preset-global jig-source-nextgen\"><div class=\"jig-clearfix\"><\/div><noscript id=\"jig1-html\" class=\"justified-image-grid-html\" data-lazy-src=\"skiplazyload\" data-src=\"skipunveillazyload\"><ul><li><a href=\"https:\/\/i0.wp.com\/mhyrdin.fr\/blog\/wordpress\/wp-content\/gallery\/mars2022-2\/Aigrette%20garzette_1938.JPG?ssl=1\" title=\"Penmac&#039;h - La Torche\"><img loading=\"lazy\" decoding=\"async\" src=\"https:\/\/i0.wp.com\/mhyrdin.fr\/blog\/wordpress\/wp-content\/gallery\/mars2022-2\/Aigrette%20garzette_1938.JPG?h=170\" alt=\"Aigrette garzette\" width=\"113\" height=\"170\" \/><\/a><p class=\"jig-HTMLdescription\">Aigrette garzette<br\/>Penmac'h - La Torche<\/p><\/li><li><a href=\"https:\/\/i0.wp.com\/mhyrdin.fr\/blog\/wordpress\/wp-content\/gallery\/mars2022-2\/Aigrette%20garzette_1939.JPG?ssl=1\" title=\"Penmac&#039;h - La Torche\"><img loading=\"lazy\" decoding=\"async\" src=\"https:\/\/i0.wp.com\/mhyrdin.fr\/blog\/wordpress\/wp-content\/gallery\/mars2022-2\/Aigrette%20garzette_1939.JPG?h=170\" alt=\"Aigrette garzette\" width=\"137\" height=\"170\" \/><\/a><p class=\"jig-HTMLdescription\">Aigrette garzette<br\/>Penmac'h - La Torche<\/p><\/li><li><a href=\"https:\/\/i0.wp.com\/mhyrdin.fr\/blog\/wordpress\/wp-content\/gallery\/mars2022-2\/Go%C3%A9land%20marin_1953.JPG?ssl=1\" title=\"Penmac&#039;h - La Torche\"><img loading=\"lazy\" decoding=\"async\" src=\"https:\/\/i0.wp.com\/mhyrdin.fr\/blog\/wordpress\/wp-content\/gallery\/mars2022-2\/Go%C3%A9land%20marin_1953.JPG?h=170\" alt=\"Go\u00e9land marin\" width=\"255\" height=\"170\" \/><\/a><p class=\"jig-HTMLdescription\">Go\u00e9land marin<br\/>Penmac'h - La Torche<\/p><\/li><li><a href=\"https:\/\/i0.wp.com\/mhyrdin.fr\/blog\/wordpress\/wp-content\/gallery\/mars2022-2\/Rougequeue%20noir_1957.JPG?ssl=1\" title=\"Penmac&#039;h - La Torche\"><img loading=\"lazy\" decoding=\"async\" src=\"https:\/\/i0.wp.com\/mhyrdin.fr\/blog\/wordpress\/wp-content\/gallery\/mars2022-2\/Rougequeue%20noir_1957.JPG?h=170\" alt=\"Rougequeue noir\" width=\"255\" height=\"170\" \/><\/a><p class=\"jig-HTMLdescription\">Rougequeue noir<br\/>Penmac'h - La Torche<\/p><\/li><li><a href=\"https:\/\/i0.wp.com\/mhyrdin.fr\/blog\/wordpress\/wp-content\/gallery\/mars2022-2\/Pipit%20maritime_1961.JPG?ssl=1\" title=\"Penmac&#039;h - La Torche\"><img loading=\"lazy\" decoding=\"async\" src=\"https:\/\/i0.wp.com\/mhyrdin.fr\/blog\/wordpress\/wp-content\/gallery\/mars2022-2\/Pipit%20maritime_1961.JPG?h=170\" alt=\"Pipit maritime\" width=\"255\" height=\"170\" \/><\/a><p class=\"jig-HTMLdescription\">Pipit maritime<br\/>Penmac'h - La Torche<\/p><\/li><li><a href=\"https:\/\/i0.wp.com\/mhyrdin.fr\/blog\/wordpress\/wp-content\/gallery\/mars2022-2\/Bergeronnette%20de%20Yarrell_1973.JPG?ssl=1\" title=\"Penmac&#039;h - La Torche\"><img loading=\"lazy\" decoding=\"async\" src=\"https:\/\/i0.wp.com\/mhyrdin.fr\/blog\/wordpress\/wp-content\/gallery\/mars2022-2\/Bergeronnette%20de%20Yarrell_1973.JPG?h=170\" alt=\"Bergeronnette de Yarrell\" width=\"255\" height=\"170\" \/><\/a><p class=\"jig-HTMLdescription\">Bergeronnette de Yarrell<br\/>Penmac'h - La Torche<\/p><\/li><li><a href=\"https:\/\/i0.wp.com\/mhyrdin.fr\/blog\/wordpress\/wp-content\/gallery\/mars2022-2\/Jacinthe_4190.JPG?ssl=1\" title=\"Penmac&#039;h - La Torche\"><img loading=\"lazy\" decoding=\"async\" src=\"https:\/\/i0.wp.com\/mhyrdin.fr\/blog\/wordpress\/wp-content\/gallery\/mars2022-2\/Jacinthe_4190.JPG?h=170\" alt=\"Jacinthes\" width=\"313\" height=\"170\" \/><\/a><p class=\"jig-HTMLdescription\">Jacinthes<br\/>Penmac'h - La Torche<\/p><\/li><li><a href=\"https:\/\/i0.wp.com\/mhyrdin.fr\/blog\/wordpress\/wp-content\/gallery\/mars2022-2\/Jacinthe_1980.JPG?ssl=1\" title=\"Penmac&#039;h - La Torche\"><img loading=\"lazy\" decoding=\"async\" src=\"https:\/\/i0.wp.com\/mhyrdin.fr\/blog\/wordpress\/wp-content\/gallery\/mars2022-2\/Jacinthe_1980.JPG?h=170\" alt=\"L&#039;intruse\" width=\"255\" height=\"170\" \/><\/a><p class=\"jig-HTMLdescription\">L'intruse<br\/>Penmac'h - La Torche<\/p><\/li><li><a href=\"https:\/\/i0.wp.com\/mhyrdin.fr\/blog\/wordpress\/wp-content\/gallery\/mars2022-2\/Grenouille%20verte_4204.JPG?ssl=1\" title=\"Penmac&#039;h - La Torche\"><img loading=\"lazy\" decoding=\"async\" src=\"https:\/\/i0.wp.com\/mhyrdin.fr\/blog\/wordpress\/wp-content\/gallery\/mars2022-2\/Grenouille%20verte_4204.JPG?h=170\" alt=\"Grenouille verte\" width=\"255\" height=\"170\" \/><\/a><p class=\"jig-HTMLdescription\">Grenouille verte<br\/>Penmac'h - La Torche<\/p><\/li><li><a href=\"https:\/\/i0.wp.com\/mhyrdin.fr\/blog\/wordpress\/wp-content\/gallery\/mars2022-2\/Gravelot%20%C3%A0%20collier%20interrompu_1987.JPG?ssl=1\" title=\"Penmac&#039;h - La Torche\"><img loading=\"lazy\" decoding=\"async\" src=\"https:\/\/i0.wp.com\/mhyrdin.fr\/blog\/wordpress\/wp-content\/gallery\/mars2022-2\/Gravelot%20%C3%A0%20collier%20interrompu_1987.JPG?h=170\" alt=\"Gravelot \u00e0 collier interrompu\" width=\"255\" height=\"170\" \/><\/a><p class=\"jig-HTMLdescription\">Gravelot \u00e0 collier interrompu<br\/>Penmac'h - La Torche<\/p><\/li><li><a href=\"https:\/\/i0.wp.com\/mhyrdin.fr\/blog\/wordpress\/wp-content\/gallery\/mars2022-2\/Gravelot%20%C3%A0%20collier%20interrompu_1992.JPG?ssl=1\" title=\"Penmac&#039;h - La Torche\"><img loading=\"lazy\" decoding=\"async\" src=\"https:\/\/i0.wp.com\/mhyrdin.fr\/blog\/wordpress\/wp-content\/gallery\/mars2022-2\/Gravelot%20%C3%A0%20collier%20interrompu_1992.JPG?h=170\" alt=\"Gravelot \u00e0 collier interrompu\" width=\"255\" height=\"170\" \/><\/a><p class=\"jig-HTMLdescription\">Gravelot \u00e0 collier interrompu<br\/>Penmac'h - La Torche<\/p><\/li><li><a href=\"https:\/\/i0.wp.com\/mhyrdin.fr\/blog\/wordpress\/wp-content\/gallery\/mars2022-2\/Gravelot%20%C3%A0%20collier%20interrompu_1998.JPG?ssl=1\" title=\"Penmac&#039;h - La Torche\"><img loading=\"lazy\" decoding=\"async\" src=\"https:\/\/i0.wp.com\/mhyrdin.fr\/blog\/wordpress\/wp-content\/gallery\/mars2022-2\/Gravelot%20%C3%A0%20collier%20interrompu_1998.JPG?h=170\" alt=\"Gravelot \u00e0 collier interrompu\" width=\"255\" height=\"170\" \/><\/a><p class=\"jig-HTMLdescription\">Gravelot \u00e0 collier interrompu<br\/>Penmac'h - La Torche<\/p><\/li><li><a href=\"https:\/\/i0.wp.com\/mhyrdin.fr\/blog\/wordpress\/wp-content\/gallery\/mars2022-2\/Gravelot%20%C3%A0%20collier%20interrompu_2009.JPG?ssl=1\" title=\"Penmac&#039;h - La Torche\"><img loading=\"lazy\" decoding=\"async\" src=\"https:\/\/i0.wp.com\/mhyrdin.fr\/blog\/wordpress\/wp-content\/gallery\/mars2022-2\/Gravelot%20%C3%A0%20collier%20interrompu_2009.JPG?h=170\" alt=\"Gravelot \u00e0 collier interrompu\" width=\"255\" height=\"170\" \/><\/a><p class=\"jig-HTMLdescription\">Gravelot \u00e0 collier interrompu<br\/>Penmac'h - La Torche<\/p><\/li><li><a href=\"https:\/\/i0.wp.com\/mhyrdin.fr\/blog\/wordpress\/wp-content\/gallery\/mars2022-2\/Gravelot%20%C3%A0%20collier%20interrompu_2030.JPG?ssl=1\" title=\"Penmac&#039;h - La Torche\"><img loading=\"lazy\" decoding=\"async\" src=\"https:\/\/i0.wp.com\/mhyrdin.fr\/blog\/wordpress\/wp-content\/gallery\/mars2022-2\/Gravelot%20%C3%A0%20collier%20interrompu_2030.JPG?h=170\" alt=\"Gravelot \u00e0 collier interrompu\" width=\"170\" height=\"170\" \/><\/a><p class=\"jig-HTMLdescription\">Gravelot \u00e0 collier interrompu<br\/>Penmac'h - La Torche<\/p><\/li><li><a href=\"https:\/\/i0.wp.com\/mhyrdin.fr\/blog\/wordpress\/wp-content\/gallery\/mars2022-2\/B%C3%A9casseau%20sanderling_2033.JPG?ssl=1\" title=\"Penmac&#039;h - La Torche\"><img loading=\"lazy\" decoding=\"async\" src=\"https:\/\/i0.wp.com\/mhyrdin.fr\/blog\/wordpress\/wp-content\/gallery\/mars2022-2\/B%C3%A9casseau%20sanderling_2033.JPG?h=170\" alt=\"B\u00e9casseaux sanderlings\" width=\"298\" height=\"170\" \/><\/a><p class=\"jig-HTMLdescription\">B\u00e9casseaux sanderlings<br\/>Penmac'h - La Torche<\/p><\/li><li><a href=\"https:\/\/i0.wp.com\/mhyrdin.fr\/blog\/wordpress\/wp-content\/gallery\/mars2022-2\/Alouette%20des%20champs_2042.JPG?ssl=1\" title=\"Tr\u00e9vignon\"><img loading=\"lazy\" decoding=\"async\" src=\"https:\/\/i0.wp.com\/mhyrdin.fr\/blog\/wordpress\/wp-content\/gallery\/mars2022-2\/Alouette%20des%20champs_2042.JPG?h=170\" alt=\"Alouette des champs\" width=\"255\" height=\"170\" \/><\/a><p class=\"jig-HTMLdescription\">Alouette des champs<br\/>Tr\u00e9vignon<\/p><\/li><li><a href=\"https:\/\/i0.wp.com\/mhyrdin.fr\/blog\/wordpress\/wp-content\/gallery\/mars2022-2\/Tarier%20p%C3%A2tre_2050.JPG?ssl=1\" title=\"Tr\u00e9vignon\"><img loading=\"lazy\" decoding=\"async\" src=\"https:\/\/i0.wp.com\/mhyrdin.fr\/blog\/wordpress\/wp-content\/gallery\/mars2022-2\/Tarier%20p%C3%A2tre_2050.JPG?h=170\" alt=\"Tarier p\u00e2tre\" width=\"255\" height=\"170\" \/><\/a><p class=\"jig-HTMLdescription\">Tarier p\u00e2tre<br\/>Tr\u00e9vignon<\/p><\/li><li><a href=\"https:\/\/i0.wp.com\/mhyrdin.fr\/blog\/wordpress\/wp-content\/gallery\/mars2022-2\/Linotte%20m%C3%A9lodieuse_2060.JPG?ssl=1\" title=\"Tr\u00e9vignon\"><img loading=\"lazy\" decoding=\"async\" src=\"https:\/\/i0.wp.com\/mhyrdin.fr\/blog\/wordpress\/wp-content\/gallery\/mars2022-2\/Linotte%20m%C3%A9lodieuse_2060.JPG?h=170\" alt=\"Linotte m\u00e9lodieuse\" width=\"255\" height=\"170\" \/><\/a><p class=\"jig-HTMLdescription\">Linotte m\u00e9lodieuse<br\/>Tr\u00e9vignon<\/p><\/li><li><a href=\"https:\/\/i0.wp.com\/mhyrdin.fr\/blog\/wordpress\/wp-content\/gallery\/mars2022-2\/Pipistrelle_2087.JPG?ssl=1\" title=\"Tr\u00e9vignon\"><img loading=\"lazy\" decoding=\"async\" src=\"https:\/\/i0.wp.com\/mhyrdin.fr\/blog\/wordpress\/wp-content\/gallery\/mars2022-2\/Pipistrelle_2087.JPG?h=170\" alt=\"Pipistrelle commune\" width=\"255\" height=\"170\" \/><\/a><p class=\"jig-HTMLdescription\">Pipistrelle commune<br\/>Tr\u00e9vignon<\/p><\/li><li><a href=\"https:\/\/i0.wp.com\/mhyrdin.fr\/blog\/wordpress\/wp-content\/gallery\/mars2022-2\/Mouette%20rieuse_2125.JPG?ssl=1\" title=\"Tr\u00e9vignon\"><img loading=\"lazy\" decoding=\"async\" src=\"https:\/\/i0.wp.com\/mhyrdin.fr\/blog\/wordpress\/wp-content\/gallery\/mars2022-2\/Mouette%20rieuse_2125.JPG?h=170\" alt=\"Mouette rieuse\" width=\"255\" height=\"170\" \/><\/a><p class=\"jig-HTMLdescription\">Mouette rieuse<br\/>Tr\u00e9vignon<\/p><\/li><li><a href=\"https:\/\/i0.wp.com\/mhyrdin.fr\/blog\/wordpress\/wp-content\/gallery\/mars2022-2\/Mouette%20rieuse_2138.JPG?ssl=1\" title=\"Tr\u00e9vignon\"><img loading=\"lazy\" decoding=\"async\" src=\"https:\/\/i0.wp.com\/mhyrdin.fr\/blog\/wordpress\/wp-content\/gallery\/mars2022-2\/Mouette%20rieuse_2138.JPG?h=170\" alt=\"Mouette rieuse\" width=\"255\" height=\"170\" \/><\/a><p class=\"jig-HTMLdescription\">Mouette rieuse<br\/>Tr\u00e9vignon<\/p><\/li><li><a href=\"https:\/\/i0.wp.com\/mhyrdin.fr\/blog\/wordpress\/wp-content\/gallery\/mars2022-2\/Accenteur%20mouchet_2175-2.jpg?ssl=1\" title=\"Tr\u00e9vignon\"><img loading=\"lazy\" decoding=\"async\" src=\"https:\/\/i0.wp.com\/mhyrdin.fr\/blog\/wordpress\/wp-content\/gallery\/mars2022-2\/Accenteur%20mouchet_2175-2.jpg?h=170\" alt=\"Accenteur mouchet\" width=\"255\" height=\"170\" \/><\/a><p class=\"jig-HTMLdescription\">Accenteur mouchet<br\/>Tr\u00e9vignon<\/p><\/li><li><a href=\"https:\/\/i0.wp.com\/mhyrdin.fr\/blog\/wordpress\/wp-content\/gallery\/mars2022-2\/Aigrette%20garzette_2185.JPG?ssl=1\" title=\"Tr\u00e9vignon\"><img loading=\"lazy\" decoding=\"async\" src=\"https:\/\/i0.wp.com\/mhyrdin.fr\/blog\/wordpress\/wp-content\/gallery\/mars2022-2\/Aigrette%20garzette_2185.JPG?h=170\" alt=\"Aigrette garzette\" width=\"255\" height=\"170\" \/><\/a><p class=\"jig-HTMLdescription\">Aigrette garzette<br\/>Tr\u00e9vignon<\/p><\/li><li><a href=\"https:\/\/i0.wp.com\/mhyrdin.fr\/blog\/wordpress\/wp-content\/gallery\/mars2022-2\/Bruant%20zizi_2196.JPG?ssl=1\" title=\"Tr\u00e9vignon\"><img loading=\"lazy\" decoding=\"async\" src=\"https:\/\/i0.wp.com\/mhyrdin.fr\/blog\/wordpress\/wp-content\/gallery\/mars2022-2\/Bruant%20zizi_2196.JPG?h=170\" alt=\"Bruant zizi\" width=\"255\" height=\"170\" \/><\/a><p class=\"jig-HTMLdescription\">Bruant zizi<br\/>Tr\u00e9vignon<\/p><\/li><li><a href=\"https:\/\/i0.wp.com\/mhyrdin.fr\/blog\/wordpress\/wp-content\/gallery\/mars2022-2\/Keryunan_4047.jpg?ssl=1\" title=\"Keryunan_4047\"><img loading=\"lazy\" decoding=\"async\" src=\"https:\/\/i0.wp.com\/mhyrdin.fr\/blog\/wordpress\/wp-content\/gallery\/mars2022-2\/Keryunan_4047.jpg?h=170\" alt=\"Keryunan\" width=\"368\" height=\"170\" \/><\/a><p class=\"jig-HTMLdescription\">Keryunan<br\/>Keryunan_4047<\/p><\/li><li><a href=\"https:\/\/i0.wp.com\/mhyrdin.fr\/blog\/wordpress\/wp-content\/gallery\/mars2022-2\/Keryunan_2286.JPG?ssl=1\" title=\"Keryunan_2286\"><img loading=\"lazy\" decoding=\"async\" src=\"https:\/\/i0.wp.com\/mhyrdin.fr\/blog\/wordpress\/wp-content\/gallery\/mars2022-2\/Keryunan_2286.JPG?h=170\" alt=\"Keryunan\" width=\"255\" height=\"170\" \/><\/a><p class=\"jig-HTMLdescription\">Keryunan<br\/>Keryunan_2286<\/p><\/li><li><a href=\"https:\/\/i0.wp.com\/mhyrdin.fr\/blog\/wordpress\/wp-content\/gallery\/mars2022-2\/Panorama%20sans%20titre-1.jpg?ssl=1\"><img loading=\"lazy\" decoding=\"async\" src=\"https:\/\/i0.wp.com\/mhyrdin.fr\/blog\/wordpress\/wp-content\/gallery\/mars2022-2\/Panorama%20sans%20titre-1.jpg?h=170\" alt=\"Panorama sur les Tas de Pois\" width=\"368\" height=\"170\" \/><\/a><p class=\"jig-HTMLdescription\">Panorama sur les Tas de Pois<\/p><\/li><li><a href=\"https:\/\/i0.wp.com\/mhyrdin.fr\/blog\/wordpress\/wp-content\/gallery\/mars2022-2\/Buse%20variable_2316.JPG?ssl=1\" title=\"Keryunan\"><img loading=\"lazy\" decoding=\"async\" src=\"https:\/\/i0.wp.com\/mhyrdin.fr\/blog\/wordpress\/wp-content\/gallery\/mars2022-2\/Buse%20variable_2316.JPG?h=170\" alt=\"Buse variable\" width=\"113\" height=\"170\" \/><\/a><p class=\"jig-HTMLdescription\">Buse variable<br\/>Keryunan<\/p><\/li><\/ul><\/noscript><\/div><div id=\"jig1-developerLink\" class=\"jig-developerLink\"><a href=\"https:\/\/justifiedgrid.com\/\" target=\"_blank\" title=\"Justified Image Grid - Premium WordPress Gallery\">powered by Justified Image Grid<\/a><\/div>\n<h3>Related Images:<\/h3>","protected":false},"excerpt":{"rendered":"<p>Aigrette garzettePenmac&rsquo;h &#8211; La TorcheAigrette garzettePenmac&rsquo;h &#8211; La TorcheGo\u00e9land marinPenmac&rsquo;h &#8211; La TorcheRougequeue noirPenmac&rsquo;h &#8211; La TorchePipit maritimePenmac&rsquo;h &#8211; La TorcheBergeronnette de YarrellPenmac&rsquo;h &#8211; La TorcheJacinthesPenmac&rsquo;h &#8211; La TorcheL&rsquo;intrusePenmac&rsquo;h &#8211; La TorcheGrenouille vertePenmac&rsquo;h &#8211; La TorcheGravelot \u00e0 collier interrompuPenmac&rsquo;h &#8211; La TorcheGravelot \u00e0 collier interrompuPenmac&rsquo;h &#8211; La TorcheGravelot \u00e0 collier interrompuPenmac&rsquo;h &#8211; La TorcheGravelot \u00e0 [&hellip;]<\/p>\n","protected":false},"author":4,"featured_media":0,"parent":0,"menu_order":0,"comment_status":"closed","ping_status":"closed","template":"","meta":{"ngg_post_thumbnail":0,"jetpack_post_was_ever_published":false,"footnotes":"","_links_to":"","_links_to_target":""},"class_list":["post-22567","page","type-page","status-publish","hentry"],"jetpack_shortlink":"https:\/\/wp.me\/P9lSZN-5RZ","jetpack_sharing_enabled":true,"_links":{"self":[{"href":"https:\/\/mhyrdin.fr\/blog\/wp-json\/wp\/v2\/pages\/22567","targetHints":{"allow":["GET"]}}],"collection":[{"href":"https:\/\/mhyrdin.fr\/blog\/wp-json\/wp\/v2\/pages"}],"about":[{"href":"https:\/\/mhyrdin.fr\/blog\/wp-json\/wp\/v2\/types\/page"}],"author":[{"embeddable":true,"href":"https:\/\/mhyrdin.fr\/blog\/wp-json\/wp\/v2\/users\/4"}],"replies":[{"embeddable":true,"href":"https:\/\/mhyrdin.fr\/blog\/wp-json\/wp\/v2\/comments?post=22567"}],"version-history":[{"count":0,"href":"https:\/\/mhyrdin.fr\/blog\/wp-json\/wp\/v2\/pages\/22567\/revisions"}],"wp:attachment":[{"href":"https:\/\/mhyrdin.fr\/blog\/wp-json\/wp\/v2\/media?parent=22567"}],"curies":[{"name":"wp","href":"https:\/\/api.w.org\/{rel}","templated":true}]}}