{"id":22447,"date":"2022-03-12T16:52:22","date_gmt":"2022-03-12T15:52:22","guid":{"rendered":"https:\/\/mhyrdin.fr\/blog\/2022-2\/janvier-2022\/"},"modified":"2022-12-26T23:58:19","modified_gmt":"2022-12-26T22:58:19","slug":"janvier-2022","status":"publish","type":"page","link":"https:\/\/mhyrdin.fr\/blog\/archives-numeriques\/2022-2-2\/janvier-2022\/","title":{"rendered":"Janvier 2022"},"content":{"rendered":"<div id=\"jig1\" class=\"justified-image-grid jig-88dc0e0b72448af20a5e3ac9d07008e0 jig-preset-global jig-source-nextgen\"><div class=\"jig-clearfix\"><\/div><noscript id=\"jig1-html\" class=\"justified-image-grid-html\" data-lazy-src=\"skiplazyload\" data-src=\"skipunveillazyload\"><ul><li><a href=\"https:\/\/i0.wp.com\/mhyrdin.fr\/blog\/wordpress\/wp-content\/gallery\/janvier-2022-1\/Becasseau-sanderling_0112.JPG?ssl=1\"><img loading=\"lazy\" decoding=\"async\" src=\"https:\/\/i0.wp.com\/mhyrdin.fr\/blog\/wordpress\/wp-content\/gallery\/janvier-2022-1\/Becasseau-sanderling_0112.JPG?h=170\" alt=\"B\u00e9casseau sanderling\" width=\"255\" height=\"170\" \/><\/a><p class=\"jig-HTMLdescription\">B\u00e9casseau sanderling<\/p><\/li><li><a href=\"https:\/\/i0.wp.com\/mhyrdin.fr\/blog\/wordpress\/wp-content\/gallery\/janvier-2022-1\/Becasseau-sanderling_0114.JPG?ssl=1\"><img loading=\"lazy\" decoding=\"async\" src=\"https:\/\/i0.wp.com\/mhyrdin.fr\/blog\/wordpress\/wp-content\/gallery\/janvier-2022-1\/Becasseau-sanderling_0114.JPG?h=170\" alt=\"B\u00e9casseau sanderling\" width=\"255\" height=\"170\" \/><\/a><p class=\"jig-HTMLdescription\">B\u00e9casseau sanderling<\/p><\/li><li><a href=\"https:\/\/i0.wp.com\/mhyrdin.fr\/blog\/wordpress\/wp-content\/gallery\/janvier-2022-1\/Becasseau-variable_0147.JPG?ssl=1\"><img loading=\"lazy\" decoding=\"async\" src=\"https:\/\/i0.wp.com\/mhyrdin.fr\/blog\/wordpress\/wp-content\/gallery\/janvier-2022-1\/Becasseau-variable_0147.JPG?h=170\" alt=\"B\u00e9casseau variable\" width=\"170\" height=\"170\" \/><\/a><p class=\"jig-HTMLdescription\">B\u00e9casseau variable<\/p><\/li><li><a href=\"https:\/\/i0.wp.com\/mhyrdin.fr\/blog\/wordpress\/wp-content\/gallery\/janvier-2022-1\/Bergeronnette-de-Yarrell_0184.JPG?ssl=1\"><img loading=\"lazy\" decoding=\"async\" src=\"https:\/\/i0.wp.com\/mhyrdin.fr\/blog\/wordpress\/wp-content\/gallery\/janvier-2022-1\/Bergeronnette-de-Yarrell_0184.JPG?h=170\" alt=\"Bergeronnette de Yarrell\" width=\"255\" height=\"170\" \/><\/a><p class=\"jig-HTMLdescription\">Bergeronnette de Yarrell<\/p><\/li><li><a href=\"https:\/\/i0.wp.com\/mhyrdin.fr\/blog\/wordpress\/wp-content\/gallery\/janvier-2022-1\/Le-Conquet_165012-Copie.jpg?ssl=1\"><img loading=\"lazy\" decoding=\"async\" src=\"https:\/\/i0.wp.com\/mhyrdin.fr\/blog\/wordpress\/wp-content\/gallery\/janvier-2022-1\/Le-Conquet_165012-Copie.jpg?h=170\" alt=\"Le-Conquet\" width=\"302\" height=\"170\" \/><\/a><p class=\"jig-HTMLdescription\">Le-Conquet<\/p><\/li><li><a href=\"https:\/\/i0.wp.com\/mhyrdin.fr\/blog\/wordpress\/wp-content\/gallery\/janvier-2022-1\/20220108_160505-copie.jpg?ssl=1\"><img loading=\"lazy\" decoding=\"async\" src=\"https:\/\/i0.wp.com\/mhyrdin.fr\/blog\/wordpress\/wp-content\/gallery\/janvier-2022-1\/20220108_160505-copie.jpg?h=170\" alt=\"Saint Mathieu\" width=\"328\" height=\"170\" \/><\/a><p class=\"jig-HTMLdescription\">Saint Mathieu<\/p><\/li><li><a href=\"https:\/\/i0.wp.com\/mhyrdin.fr\/blog\/wordpress\/wp-content\/gallery\/janvier-2022-1\/20220108_161230-copie.jpg?ssl=1\"><img loading=\"lazy\" decoding=\"async\" src=\"https:\/\/i0.wp.com\/mhyrdin.fr\/blog\/wordpress\/wp-content\/gallery\/janvier-2022-1\/20220108_161230-copie.jpg?h=170\" alt=\"Saint Mathieu\" width=\"302\" height=\"170\" \/><\/a><p class=\"jig-HTMLdescription\">Saint Mathieu<\/p><\/li><li><a href=\"https:\/\/i0.wp.com\/mhyrdin.fr\/blog\/wordpress\/wp-content\/gallery\/janvier-2022-1\/20220110_153713-copie.jpg?ssl=1\"><img loading=\"lazy\" decoding=\"async\" src=\"https:\/\/i0.wp.com\/mhyrdin.fr\/blog\/wordpress\/wp-content\/gallery\/janvier-2022-1\/20220110_153713-copie.jpg?h=170\" alt=\"Le Minou\" width=\"302\" height=\"170\" \/><\/a><p class=\"jig-HTMLdescription\">Le Minou<\/p><\/li><li><a href=\"https:\/\/i0.wp.com\/mhyrdin.fr\/blog\/wordpress\/wp-content\/gallery\/janvier-2022-1\/IMG_0188.JPG?ssl=1\" title=\"IMG_0188\"><img loading=\"lazy\" decoding=\"async\" src=\"https:\/\/i0.wp.com\/mhyrdin.fr\/blog\/wordpress\/wp-content\/gallery\/janvier-2022-1\/IMG_0188.JPG?h=170\" alt=\"Pleine lune\" width=\"255\" height=\"170\" \/><\/a><p class=\"jig-HTMLdescription\">Pleine lune<br\/>IMG_0188<\/p><\/li><li><a href=\"https:\/\/i0.wp.com\/mhyrdin.fr\/blog\/wordpress\/wp-content\/gallery\/janvier-2022-1\/Logonna-Daoulas_Mengleuz_0204.JPG?ssl=1\"><img loading=\"lazy\" decoding=\"async\" src=\"https:\/\/i0.wp.com\/mhyrdin.fr\/blog\/wordpress\/wp-content\/gallery\/janvier-2022-1\/Logonna-Daoulas_Mengleuz_0204.JPG?h=170\" alt=\"Logonna-Daoulas, Mengleuz\" width=\"289\" height=\"170\" \/><\/a><p class=\"jig-HTMLdescription\">Logonna-Daoulas, Mengleuz<\/p><\/li><li><a href=\"https:\/\/i0.wp.com\/mhyrdin.fr\/blog\/wordpress\/wp-content\/gallery\/janvier-2022-1\/Logonna-Daoulas_Bindy_171430-Copie.jpg?ssl=1\"><img loading=\"lazy\" decoding=\"async\" src=\"https:\/\/i0.wp.com\/mhyrdin.fr\/blog\/wordpress\/wp-content\/gallery\/janvier-2022-1\/Logonna-Daoulas_Bindy_171430-Copie.jpg?h=170\" alt=\"Logonna-Daoulas\" width=\"249\" height=\"170\" \/><\/a><p class=\"jig-HTMLdescription\">Logonna-Daoulas<\/p><\/li><li><a href=\"https:\/\/i0.wp.com\/mhyrdin.fr\/blog\/wordpress\/wp-content\/gallery\/janvier-2022-1\/Logonna-Daoulas_Mengleuz_0206.JPG?ssl=1\"><img loading=\"lazy\" decoding=\"async\" src=\"https:\/\/i0.wp.com\/mhyrdin.fr\/blog\/wordpress\/wp-content\/gallery\/janvier-2022-1\/Logonna-Daoulas_Mengleuz_0206.JPG?h=170\" alt=\"Logonna-Daoulas, Mengleuz\" width=\"446\" height=\"170\" \/><\/a><p class=\"jig-HTMLdescription\">Logonna-Daoulas, Mengleuz<\/p><\/li><li><a href=\"https:\/\/i0.wp.com\/mhyrdin.fr\/blog\/wordpress\/wp-content\/gallery\/janvier-2022-1\/Grand-Cormoran_0207.JPG?ssl=1\"><img loading=\"lazy\" decoding=\"async\" src=\"https:\/\/i0.wp.com\/mhyrdin.fr\/blog\/wordpress\/wp-content\/gallery\/janvier-2022-1\/Grand-Cormoran_0207.JPG?h=170\" alt=\"Grand Cormoran\" width=\"301\" height=\"170\" \/><\/a><p class=\"jig-HTMLdescription\">Grand Cormoran<\/p><\/li><li><a href=\"https:\/\/i0.wp.com\/mhyrdin.fr\/blog\/wordpress\/wp-content\/gallery\/janvier-2022-1\/Cormoran-huppe_0210.JPG?ssl=1\"><img loading=\"lazy\" decoding=\"async\" src=\"https:\/\/i0.wp.com\/mhyrdin.fr\/blog\/wordpress\/wp-content\/gallery\/janvier-2022-1\/Cormoran-huppe_0210.JPG?h=170\" alt=\"Cormoran hupp\u00e9\" width=\"306\" height=\"170\" \/><\/a><p class=\"jig-HTMLdescription\">Cormoran hupp\u00e9<\/p><\/li><li><a href=\"https:\/\/i0.wp.com\/mhyrdin.fr\/blog\/wordpress\/wp-content\/gallery\/janvier-2022-1\/Plongeons_0224.JPG?ssl=1\" title=\"Rade de Brest\"><img loading=\"lazy\" decoding=\"async\" src=\"https:\/\/i0.wp.com\/mhyrdin.fr\/blog\/wordpress\/wp-content\/gallery\/janvier-2022-1\/Plongeons_0224.JPG?h=170\" alt=\"Plongeons arctiques\" width=\"362\" height=\"170\" \/><\/a><p class=\"jig-HTMLdescription\">Plongeons arctiques<br\/>Rade de Brest<\/p><\/li><li><a href=\"https:\/\/i0.wp.com\/mhyrdin.fr\/blog\/wordpress\/wp-content\/gallery\/janvier-2022-1\/Le-Conquet_3974.JPG?ssl=1\"><img loading=\"lazy\" decoding=\"async\" src=\"https:\/\/i0.wp.com\/mhyrdin.fr\/blog\/wordpress\/wp-content\/gallery\/janvier-2022-1\/Le-Conquet_3974.JPG?h=170\" alt=\"Le Conquet\" width=\"263\" height=\"170\" \/><\/a><p class=\"jig-HTMLdescription\">Le Conquet<\/p><\/li><li><a href=\"https:\/\/i0.wp.com\/mhyrdin.fr\/blog\/wordpress\/wp-content\/gallery\/janvier-2022-1\/Kermorvan_3976.JPG?ssl=1\" title=\"Kermorvan_3976\"><img loading=\"lazy\" decoding=\"async\" src=\"https:\/\/i0.wp.com\/mhyrdin.fr\/blog\/wordpress\/wp-content\/gallery\/janvier-2022-1\/Kermorvan_3976.JPG?h=170\" alt=\"Kermorvan\" width=\"288\" height=\"170\" \/><\/a><p class=\"jig-HTMLdescription\">Kermorvan<br\/>Kermorvan_3976<\/p><\/li><li><a href=\"https:\/\/i0.wp.com\/mhyrdin.fr\/blog\/wordpress\/wp-content\/gallery\/janvier-2022-1\/Blancs-Sablons_3980.JPG?ssl=1\"><img loading=\"lazy\" decoding=\"async\" src=\"https:\/\/i0.wp.com\/mhyrdin.fr\/blog\/wordpress\/wp-content\/gallery\/janvier-2022-1\/Blancs-Sablons_3980.JPG?h=170\" alt=\"Blancs-Sablons\" width=\"255\" height=\"170\" \/><\/a><p class=\"jig-HTMLdescription\">Blancs-Sablons<\/p><\/li><li><a href=\"https:\/\/i0.wp.com\/mhyrdin.fr\/blog\/wordpress\/wp-content\/gallery\/janvier-2022-1\/Le-Conquet_3984.JPG?ssl=1\"><img loading=\"lazy\" decoding=\"async\" src=\"https:\/\/i0.wp.com\/mhyrdin.fr\/blog\/wordpress\/wp-content\/gallery\/janvier-2022-1\/Le-Conquet_3984.JPG?h=170\" alt=\"Le Conquet\" width=\"320\" height=\"170\" \/><\/a><p class=\"jig-HTMLdescription\">Le Conquet<\/p><\/li><li><a href=\"https:\/\/i0.wp.com\/mhyrdin.fr\/blog\/wordpress\/wp-content\/gallery\/janvier-2022-1\/Kermorvan_3989.JPG?ssl=1\" title=\"Kermorvan_3989\"><img loading=\"lazy\" decoding=\"async\" src=\"https:\/\/i0.wp.com\/mhyrdin.fr\/blog\/wordpress\/wp-content\/gallery\/janvier-2022-1\/Kermorvan_3989.JPG?h=170\" alt=\"Kermorvan\" width=\"255\" height=\"170\" \/><\/a><p class=\"jig-HTMLdescription\">Kermorvan<br\/>Kermorvan_3989<\/p><\/li><li><a href=\"https:\/\/i0.wp.com\/mhyrdin.fr\/blog\/wordpress\/wp-content\/gallery\/janvier-2022-1\/Kermorvan_3990.JPG?ssl=1\" title=\"Kermorvan_3990\"><img loading=\"lazy\" decoding=\"async\" src=\"https:\/\/i0.wp.com\/mhyrdin.fr\/blog\/wordpress\/wp-content\/gallery\/janvier-2022-1\/Kermorvan_3990.JPG?h=170\" alt=\"Kermorvan\" width=\"287\" height=\"170\" \/><\/a><p class=\"jig-HTMLdescription\">Kermorvan<br\/>Kermorvan_3990<\/p><\/li><\/ul><\/noscript><\/div><div id=\"jig1-developerLink\" class=\"jig-developerLink\"><a href=\"https:\/\/justifiedgrid.com\/\" target=\"_blank\" title=\"Justified Image Grid - Premium WordPress Gallery\">powered by Justified Image Grid<\/a><\/div>\n<h3>Related Images:<\/h3>","protected":false},"excerpt":{"rendered":"<p>B\u00e9casseau sanderlingB\u00e9casseau sanderlingB\u00e9casseau variableBergeronnette de YarrellLe-ConquetSaint MathieuSaint MathieuLe MinouPleine luneIMG_0188Logonna-Daoulas, MengleuzLogonna-DaoulasLogonna-Daoulas, MengleuzGrand CormoranCormoran hupp\u00e9Plongeons arctiquesRade de BrestLe ConquetKermorvanKermorvan_3976Blancs-SablonsLe ConquetKermorvanKermorvan_3989KermorvanKermorvan_3990powered by Justified Image Grid Related Images:<\/p>\n","protected":false},"author":4,"featured_media":0,"parent":24999,"menu_order":0,"comment_status":"closed","ping_status":"closed","template":"","meta":{"ngg_post_thumbnail":0,"jetpack_post_was_ever_published":false,"footnotes":"","_links_to":"","_links_to_target":""},"class_list":["post-22447","page","type-page","status-publish","hentry"],"jetpack_shortlink":"https:\/\/wp.me\/P9lSZN-5Q3","jetpack_sharing_enabled":true,"_links":{"self":[{"href":"https:\/\/mhyrdin.fr\/blog\/wp-json\/wp\/v2\/pages\/22447","targetHints":{"allow":["GET"]}}],"collection":[{"href":"https:\/\/mhyrdin.fr\/blog\/wp-json\/wp\/v2\/pages"}],"about":[{"href":"https:\/\/mhyrdin.fr\/blog\/wp-json\/wp\/v2\/types\/page"}],"author":[{"embeddable":true,"href":"https:\/\/mhyrdin.fr\/blog\/wp-json\/wp\/v2\/users\/4"}],"replies":[{"embeddable":true,"href":"https:\/\/mhyrdin.fr\/blog\/wp-json\/wp\/v2\/comments?post=22447"}],"version-history":[{"count":1,"href":"https:\/\/mhyrdin.fr\/blog\/wp-json\/wp\/v2\/pages\/22447\/revisions"}],"predecessor-version":[{"id":25011,"href":"https:\/\/mhyrdin.fr\/blog\/wp-json\/wp\/v2\/pages\/22447\/revisions\/25011"}],"up":[{"embeddable":true,"href":"https:\/\/mhyrdin.fr\/blog\/wp-json\/wp\/v2\/pages\/24999"}],"wp:attachment":[{"href":"https:\/\/mhyrdin.fr\/blog\/wp-json\/wp\/v2\/media?parent=22447"}],"curies":[{"name":"wp","href":"https:\/\/api.w.org\/{rel}","templated":true}]}}