{"id":22224,"date":"2021-12-06T07:24:27","date_gmt":"2021-12-06T06:24:27","guid":{"rendered":"https:\/\/mhyrdin.fr\/blog\/2021-2\/octobre-2021\/octobre2021\/"},"modified":"2021-12-15T07:16:34","modified_gmt":"2021-12-15T06:16:34","slug":"octobre2021","status":"publish","type":"page","link":"https:\/\/mhyrdin.fr\/blog\/archives-numeriques\/2021-2\/octobre2021\/","title":{"rendered":"Octobre 2021"},"content":{"rendered":"<p>Pas d&rsquo;album, juste une galerie<div id=\"jig1\" class=\"justified-image-grid jig-e267afb11f5e0b45ff4b158d3834a4bd jig-preset-global jig-source-nextgen\"><div class=\"jig-clearfix\"><\/div><noscript id=\"jig1-html\" class=\"justified-image-grid-html\" data-lazy-src=\"skiplazyload\" data-src=\"skipunveillazyload\"><ul><li><a href=\"https:\/\/i0.wp.com\/mhyrdin.fr\/blog\/wordpress\/wp-content\/gallery\/octobre2021\/Cuivre-commun_8524.JPG?ssl=1\"><img loading=\"lazy\" decoding=\"async\" src=\"https:\/\/i0.wp.com\/mhyrdin.fr\/blog\/wordpress\/wp-content\/gallery\/octobre2021\/Cuivre-commun_8524.JPG?h=170\" alt=\"Cuivr\u00e9 commun\" width=\"255\" height=\"170\" \/><\/a><p class=\"jig-HTMLdescription\">Cuivr\u00e9 commun<\/p><\/li><li><a href=\"https:\/\/i0.wp.com\/mhyrdin.fr\/blog\/wordpress\/wp-content\/gallery\/octobre2021\/Crave-a-bec-rouge_8593.JPG?ssl=1\"><img loading=\"lazy\" decoding=\"async\" src=\"https:\/\/i0.wp.com\/mhyrdin.fr\/blog\/wordpress\/wp-content\/gallery\/octobre2021\/Crave-a-bec-rouge_8593.JPG?h=170\" alt=\"Crave \u00e0 bec rouge\" width=\"255\" height=\"170\" \/><\/a><p class=\"jig-HTMLdescription\">Crave \u00e0 bec rouge<\/p><\/li><li><a href=\"https:\/\/i0.wp.com\/mhyrdin.fr\/blog\/wordpress\/wp-content\/gallery\/octobre2021\/Crave-a-bec-rouge_8650.JPG?ssl=1\"><img loading=\"lazy\" decoding=\"async\" src=\"https:\/\/i0.wp.com\/mhyrdin.fr\/blog\/wordpress\/wp-content\/gallery\/octobre2021\/Crave-a-bec-rouge_8650.JPG?h=170\" alt=\"Crave \u00e0 bec rouge\" width=\"255\" height=\"170\" \/><\/a><p class=\"jig-HTMLdescription\">Crave \u00e0 bec rouge<\/p><\/li><li><a href=\"https:\/\/i0.wp.com\/mhyrdin.fr\/blog\/wordpress\/wp-content\/gallery\/octobre2021\/TasDePois-Pano.jpg?ssl=1\"><img loading=\"lazy\" decoding=\"async\" src=\"https:\/\/i0.wp.com\/mhyrdin.fr\/blog\/wordpress\/wp-content\/gallery\/octobre2021\/TasDePois-Pano.jpg?h=170\" alt=\"Tas de Pois\" width=\"520\" height=\"170\" \/><\/a><p class=\"jig-HTMLdescription\">Tas de Pois<\/p><\/li><li><a href=\"https:\/\/i0.wp.com\/mhyrdin.fr\/blog\/wordpress\/wp-content\/gallery\/octobre2021\/Paysage_164610.jpg?ssl=1\" title=\"Paysage_164610\"><img loading=\"lazy\" decoding=\"async\" src=\"https:\/\/i0.wp.com\/mhyrdin.fr\/blog\/wordpress\/wp-content\/gallery\/octobre2021\/Paysage_164610.jpg?h=170\" alt=\"Tr\u00e9ompan\" width=\"368\" height=\"170\" \/><\/a><p class=\"jig-HTMLdescription\">Tr\u00e9ompan<br\/>Paysage_164610<\/p><\/li><li><a href=\"https:\/\/i0.wp.com\/mhyrdin.fr\/blog\/wordpress\/wp-content\/gallery\/octobre2021\/Bernarche-nonnette_8683.JPG?ssl=1\" title=\"Touriste \u00e9cossaise (Islay)\"><img loading=\"lazy\" decoding=\"async\" src=\"https:\/\/i0.wp.com\/mhyrdin.fr\/blog\/wordpress\/wp-content\/gallery\/octobre2021\/Bernarche-nonnette_8683.JPG?h=170\" alt=\"Bernarche nonnette\" width=\"255\" height=\"170\" \/><\/a><p class=\"jig-HTMLdescription\">Bernarche nonnette<br\/>Touriste \u00e9cossaise (Islay)<\/p><\/li><li><a href=\"https:\/\/i0.wp.com\/mhyrdin.fr\/blog\/wordpress\/wp-content\/gallery\/octobre2021\/Cormoran-huppe_8750.JPG?ssl=1\" title=\"Tr\u00e9ompan\"><img loading=\"lazy\" decoding=\"async\" src=\"https:\/\/i0.wp.com\/mhyrdin.fr\/blog\/wordpress\/wp-content\/gallery\/octobre2021\/Cormoran-huppe_8750.JPG?h=170\" alt=\"Cormoran hupp\u00e9\" width=\"255\" height=\"170\" \/><\/a><p class=\"jig-HTMLdescription\">Cormoran hupp\u00e9<br\/>Tr\u00e9ompan<\/p><\/li><li><a href=\"https:\/\/i0.wp.com\/mhyrdin.fr\/blog\/wordpress\/wp-content\/gallery\/octobre2021\/Rochers_8777.JPG?ssl=1\" title=\"Rochers_8777\"><img loading=\"lazy\" decoding=\"async\" src=\"https:\/\/i0.wp.com\/mhyrdin.fr\/blog\/wordpress\/wp-content\/gallery\/octobre2021\/Rochers_8777.JPG?h=170\" alt=\"Tr\u00e9ompan\" width=\"280\" height=\"170\" \/><\/a><p class=\"jig-HTMLdescription\">Tr\u00e9ompan<br\/>Rochers_8777<\/p><\/li><li><a href=\"https:\/\/i0.wp.com\/mhyrdin.fr\/blog\/wordpress\/wp-content\/gallery\/octobre2021\/Bruant-des-neiges_8802.JPG?ssl=1\"><img loading=\"lazy\" decoding=\"async\" src=\"https:\/\/i0.wp.com\/mhyrdin.fr\/blog\/wordpress\/wp-content\/gallery\/octobre2021\/Bruant-des-neiges_8802.JPG?h=170\" alt=\"Bruant des neiges\" width=\"255\" height=\"170\" \/><\/a><p class=\"jig-HTMLdescription\">Bruant des neiges<\/p><\/li><li><a href=\"https:\/\/i0.wp.com\/mhyrdin.fr\/blog\/wordpress\/wp-content\/gallery\/octobre2021\/Bruant-des-neiges_8812.JPG?ssl=1\"><img loading=\"lazy\" decoding=\"async\" src=\"https:\/\/i0.wp.com\/mhyrdin.fr\/blog\/wordpress\/wp-content\/gallery\/octobre2021\/Bruant-des-neiges_8812.JPG?h=170\" alt=\"Bruant des neiges\" width=\"255\" height=\"170\" \/><\/a><p class=\"jig-HTMLdescription\">Bruant des neiges<\/p><\/li><li><a href=\"https:\/\/i0.wp.com\/mhyrdin.fr\/blog\/wordpress\/wp-content\/gallery\/octobre2021\/Mouette-rieuse_8845.JPG?ssl=1\"><img loading=\"lazy\" decoding=\"async\" src=\"https:\/\/i0.wp.com\/mhyrdin.fr\/blog\/wordpress\/wp-content\/gallery\/octobre2021\/Mouette-rieuse_8845.JPG?h=170\" alt=\"Mouette rieuse\" width=\"255\" height=\"170\" \/><\/a><p class=\"jig-HTMLdescription\">Mouette rieuse<\/p><\/li><li><a href=\"https:\/\/i0.wp.com\/mhyrdin.fr\/blog\/wordpress\/wp-content\/gallery\/octobre2021\/Bergeronnette-de-Yarrell_8853.JPG?ssl=1\"><img loading=\"lazy\" decoding=\"async\" src=\"https:\/\/i0.wp.com\/mhyrdin.fr\/blog\/wordpress\/wp-content\/gallery\/octobre2021\/Bergeronnette-de-Yarrell_8853.JPG?h=170\" alt=\"Bergeronnette de Yarrell\" width=\"255\" height=\"170\" \/><\/a><p class=\"jig-HTMLdescription\">Bergeronnette de Yarrell<\/p><\/li><li><a href=\"https:\/\/i0.wp.com\/mhyrdin.fr\/blog\/wordpress\/wp-content\/gallery\/octobre2021\/Kermorvan_155219.jpg?ssl=1\" title=\"Kermorvan_155219\"><img loading=\"lazy\" decoding=\"async\" src=\"https:\/\/i0.wp.com\/mhyrdin.fr\/blog\/wordpress\/wp-content\/gallery\/octobre2021\/Kermorvan_155219.jpg?h=170\" alt=\"Les Blancs-Sablons\" width=\"368\" height=\"170\" \/><\/a><p class=\"jig-HTMLdescription\">Les Blancs-Sablons<br\/>Kermorvan_155219<\/p><\/li><li><a href=\"https:\/\/i0.wp.com\/mhyrdin.fr\/blog\/wordpress\/wp-content\/gallery\/octobre2021\/Kermorvan_155223.jpg?ssl=1\" title=\"Kermorvan_155223\"><img loading=\"lazy\" decoding=\"async\" src=\"https:\/\/i0.wp.com\/mhyrdin.fr\/blog\/wordpress\/wp-content\/gallery\/octobre2021\/Kermorvan_155223.jpg?h=170\" alt=\"Kermorvan\" width=\"368\" height=\"170\" \/><\/a><p class=\"jig-HTMLdescription\">Kermorvan<br\/>Kermorvan_155223<\/p><\/li><li><a href=\"https:\/\/i0.wp.com\/mhyrdin.fr\/blog\/wordpress\/wp-content\/gallery\/octobre2021\/Kermorvan_155225.jpg?ssl=1\" title=\"Kermorvan_155225\"><img loading=\"lazy\" decoding=\"async\" src=\"https:\/\/i0.wp.com\/mhyrdin.fr\/blog\/wordpress\/wp-content\/gallery\/octobre2021\/Kermorvan_155225.jpg?h=170\" alt=\"Kermorvan\" width=\"132\" height=\"170\" \/><\/a><p class=\"jig-HTMLdescription\">Kermorvan<br\/>Kermorvan_155225<\/p><\/li><li><a href=\"https:\/\/i0.wp.com\/mhyrdin.fr\/blog\/wordpress\/wp-content\/gallery\/octobre2021\/Toulbroch_160543.jpg?ssl=1\" title=\"Toulbroch_160543\"><img loading=\"lazy\" decoding=\"async\" src=\"https:\/\/i0.wp.com\/mhyrdin.fr\/blog\/wordpress\/wp-content\/gallery\/octobre2021\/Toulbroch_160543.jpg?h=170\" alt=\"Toulbroc&#039;h\" width=\"368\" height=\"170\" \/><\/a><p class=\"jig-HTMLdescription\">Toulbroc'h<br\/>Toulbroch_160543<\/p><\/li><li><a href=\"https:\/\/i0.wp.com\/mhyrdin.fr\/blog\/wordpress\/wp-content\/gallery\/octobre2021\/Brignogan_3815.jpg?ssl=1\" title=\"Brignogan_3815\"><img loading=\"lazy\" decoding=\"async\" src=\"https:\/\/i0.wp.com\/mhyrdin.fr\/blog\/wordpress\/wp-content\/gallery\/octobre2021\/Brignogan_3815.jpg?h=170\" alt=\"Brignogan\" width=\"368\" height=\"170\" \/><\/a><p class=\"jig-HTMLdescription\">Brignogan<br\/>Brignogan_3815<\/p><\/li><li><a href=\"https:\/\/i0.wp.com\/mhyrdin.fr\/blog\/wordpress\/wp-content\/gallery\/octobre2021\/Brignogan_3810.JPG?ssl=1\" title=\"Brignogan_3810\"><img loading=\"lazy\" decoding=\"async\" src=\"https:\/\/i0.wp.com\/mhyrdin.fr\/blog\/wordpress\/wp-content\/gallery\/octobre2021\/Brignogan_3810.JPG?h=170\" alt=\"Brignogan\" width=\"255\" height=\"170\" \/><\/a><p class=\"jig-HTMLdescription\">Brignogan<br\/>Brignogan_3810<\/p><\/li><li><a href=\"https:\/\/i0.wp.com\/mhyrdin.fr\/blog\/wordpress\/wp-content\/gallery\/octobre2021\/Cormoran-huppe_7798.JPG?ssl=1\" title=\"Brignogan\"><img loading=\"lazy\" decoding=\"async\" src=\"https:\/\/i0.wp.com\/mhyrdin.fr\/blog\/wordpress\/wp-content\/gallery\/octobre2021\/Cormoran-huppe_7798.JPG?h=170\" alt=\"Cormoran hupp\u00e9\" width=\"255\" height=\"170\" \/><\/a><p class=\"jig-HTMLdescription\">Cormoran hupp\u00e9<br\/>Brignogan<\/p><\/li><li><a href=\"https:\/\/i0.wp.com\/mhyrdin.fr\/blog\/wordpress\/wp-content\/gallery\/octobre2021\/Phare-de-Pontusval_7803.JPG?ssl=1\"><img loading=\"lazy\" decoding=\"async\" src=\"https:\/\/i0.wp.com\/mhyrdin.fr\/blog\/wordpress\/wp-content\/gallery\/octobre2021\/Phare-de-Pontusval_7803.JPG?h=170\" alt=\"Le phare de Pontusval\" width=\"255\" height=\"170\" \/><\/a><p class=\"jig-HTMLdescription\">Le phare de Pontusval<\/p><\/li><li><a href=\"https:\/\/i0.wp.com\/mhyrdin.fr\/blog\/wordpress\/wp-content\/gallery\/octobre2021\/Pointe-An-Alouesten_3827.JPG?ssl=1\" title=\"Plougasnou\"><img loading=\"lazy\" decoding=\"async\" src=\"https:\/\/i0.wp.com\/mhyrdin.fr\/blog\/wordpress\/wp-content\/gallery\/octobre2021\/Pointe-An-Alouesten_3827.JPG?h=170\" alt=\"Pointe An Alouesten\" width=\"322\" height=\"170\" \/><\/a><p class=\"jig-HTMLdescription\">Pointe An Alouesten<br\/>Plougasnou<\/p><\/li><li><a href=\"https:\/\/i0.wp.com\/mhyrdin.fr\/blog\/wordpress\/wp-content\/gallery\/octobre2021\/Grand-Gravelot_7814.JPG?ssl=1\" title=\"Saint-Jean-du-Doigt\"><img loading=\"lazy\" decoding=\"async\" src=\"https:\/\/i0.wp.com\/mhyrdin.fr\/blog\/wordpress\/wp-content\/gallery\/octobre2021\/Grand-Gravelot_7814.JPG?h=170\" alt=\"Grand Gravelot\" width=\"255\" height=\"170\" \/><\/a><p class=\"jig-HTMLdescription\">Grand Gravelot<br\/>Saint-Jean-du-Doigt<\/p><\/li><li><a href=\"https:\/\/i0.wp.com\/mhyrdin.fr\/blog\/wordpress\/wp-content\/gallery\/octobre2021\/Cailloux_8161.JPG?ssl=1\" title=\"Cailloux_8161\"><img loading=\"lazy\" decoding=\"async\" src=\"https:\/\/i0.wp.com\/mhyrdin.fr\/blog\/wordpress\/wp-content\/gallery\/octobre2021\/Cailloux_8161.JPG?h=170\" alt=\"Porspoder\" width=\"307\" height=\"170\" \/><\/a><p class=\"jig-HTMLdescription\">Porspoder<br\/>Cailloux_8161<\/p><\/li><li><a href=\"https:\/\/i0.wp.com\/mhyrdin.fr\/blog\/wordpress\/wp-content\/gallery\/octobre2021\/Pospoder-cailloux_PANO.JPG?ssl=1\"><img loading=\"lazy\" decoding=\"async\" src=\"https:\/\/i0.wp.com\/mhyrdin.fr\/blog\/wordpress\/wp-content\/gallery\/octobre2021\/Pospoder-cailloux_PANO.JPG?h=170\" alt=\"Porspoder\" width=\"651\" height=\"170\" \/><\/a><p class=\"jig-HTMLdescription\">Porspoder<\/p><\/li><li><a href=\"https:\/\/i0.wp.com\/mhyrdin.fr\/blog\/wordpress\/wp-content\/gallery\/octobre2021\/Tarier-patre_8241.JPG?ssl=1\"><img loading=\"lazy\" decoding=\"async\" src=\"https:\/\/i0.wp.com\/mhyrdin.fr\/blog\/wordpress\/wp-content\/gallery\/octobre2021\/Tarier-patre_8241.JPG?h=170\" alt=\"Tarier p\u00e2tre\" width=\"113\" height=\"170\" \/><\/a><p class=\"jig-HTMLdescription\">Tarier p\u00e2tre<\/p><\/li><li><a href=\"https:\/\/i0.wp.com\/mhyrdin.fr\/blog\/wordpress\/wp-content\/gallery\/octobre2021\/Pospoder-cailloux_8253.JPG?ssl=1\"><img loading=\"lazy\" decoding=\"async\" src=\"https:\/\/i0.wp.com\/mhyrdin.fr\/blog\/wordpress\/wp-content\/gallery\/octobre2021\/Pospoder-cailloux_8253.JPG?h=170\" alt=\"Pospoder\" width=\"306\" height=\"170\" \/><\/a><p class=\"jig-HTMLdescription\">Pospoder<\/p><\/li><li><a href=\"https:\/\/i0.wp.com\/mhyrdin.fr\/blog\/wordpress\/wp-content\/gallery\/octobre2021\/Amanite-tue-mouches_3834.JPG?ssl=1\"><img loading=\"lazy\" decoding=\"async\" src=\"https:\/\/i0.wp.com\/mhyrdin.fr\/blog\/wordpress\/wp-content\/gallery\/octobre2021\/Amanite-tue-mouches_3834.JPG?h=170\" alt=\"Amanite tue-mouches\" width=\"255\" height=\"170\" \/><\/a><p class=\"jig-HTMLdescription\">Amanite tue-mouches<\/p><\/li><li><a href=\"https:\/\/i0.wp.com\/mhyrdin.fr\/blog\/wordpress\/wp-content\/gallery\/octobre2021\/Amanite-tue-mouches_3837.JPG?ssl=1\"><img loading=\"lazy\" decoding=\"async\" src=\"https:\/\/i0.wp.com\/mhyrdin.fr\/blog\/wordpress\/wp-content\/gallery\/octobre2021\/Amanite-tue-mouches_3837.JPG?h=170\" alt=\"Amanite tue-mouches\" width=\"255\" height=\"170\" \/><\/a><p class=\"jig-HTMLdescription\">Amanite tue-mouches<\/p><\/li><li><a href=\"https:\/\/i0.wp.com\/mhyrdin.fr\/blog\/wordpress\/wp-content\/gallery\/octobre2021\/Lanildut_3860.JPG?ssl=1\" title=\"Lanildut_3860\"><img loading=\"lazy\" decoding=\"async\" src=\"https:\/\/i0.wp.com\/mhyrdin.fr\/blog\/wordpress\/wp-content\/gallery\/octobre2021\/Lanildut_3860.JPG?h=170\" alt=\"Lanildut\" width=\"255\" height=\"170\" \/><\/a><p class=\"jig-HTMLdescription\">Lanildut<br\/>Lanildut_3860<\/p><\/li><li><a href=\"https:\/\/i0.wp.com\/mhyrdin.fr\/blog\/wordpress\/wp-content\/gallery\/octobre2021\/Lanildut_3862.JPG?ssl=1\" title=\"Lanildut_3862\"><img loading=\"lazy\" decoding=\"async\" src=\"https:\/\/i0.wp.com\/mhyrdin.fr\/blog\/wordpress\/wp-content\/gallery\/octobre2021\/Lanildut_3862.JPG?h=170\" alt=\"Lanildut\" width=\"255\" height=\"170\" \/><\/a><p class=\"jig-HTMLdescription\">Lanildut<br\/>Lanildut_3862<\/p><\/li><li><a href=\"https:\/\/i0.wp.com\/mhyrdin.fr\/blog\/wordpress\/wp-content\/gallery\/octobre2021\/Lanildut_3866.JPG?ssl=1\" title=\"Lanildut_3866\"><img loading=\"lazy\" decoding=\"async\" src=\"https:\/\/i0.wp.com\/mhyrdin.fr\/blog\/wordpress\/wp-content\/gallery\/octobre2021\/Lanildut_3866.JPG?h=170\" alt=\"Lanildut\" width=\"255\" height=\"170\" \/><\/a><p class=\"jig-HTMLdescription\">Lanildut<br\/>Lanildut_3866<\/p><\/li><li><a href=\"https:\/\/i0.wp.com\/mhyrdin.fr\/blog\/wordpress\/wp-content\/gallery\/octobre2021\/Aber-ildut_3870.JPG?ssl=1\"><img loading=\"lazy\" decoding=\"async\" src=\"https:\/\/i0.wp.com\/mhyrdin.fr\/blog\/wordpress\/wp-content\/gallery\/octobre2021\/Aber-ildut_3870.JPG?h=170\" alt=\"Aber ildut\" width=\"255\" height=\"170\" \/><\/a><p class=\"jig-HTMLdescription\">Aber ildut<\/p><\/li><li><a href=\"https:\/\/i0.wp.com\/mhyrdin.fr\/blog\/wordpress\/wp-content\/gallery\/octobre2021\/Aber-ildut_3874.JPG?ssl=1\"><img loading=\"lazy\" decoding=\"async\" src=\"https:\/\/i0.wp.com\/mhyrdin.fr\/blog\/wordpress\/wp-content\/gallery\/octobre2021\/Aber-ildut_3874.JPG?h=170\" alt=\"Aber ildut\" width=\"255\" height=\"170\" \/><\/a><p class=\"jig-HTMLdescription\">Aber ildut<\/p><\/li><\/ul><\/noscript><\/div><div id=\"jig1-developerLink\" class=\"jig-developerLink\"><a href=\"https:\/\/justifiedgrid.com\/\" target=\"_blank\" title=\"Justified Image Grid - Premium WordPress Gallery\">powered by Justified Image Grid<\/a><\/div><\/p>\n<h3>Related Images:<\/h3>","protected":false},"excerpt":{"rendered":"<p>Pas d&rsquo;album, juste une galerieCuivr\u00e9 communCrave \u00e0 bec rougeCrave \u00e0 bec rougeTas de PoisTr\u00e9ompanPaysage_164610Bernarche nonnetteTouriste \u00e9cossaise (Islay)Cormoran hupp\u00e9Tr\u00e9ompanTr\u00e9ompanRochers_8777Bruant des neigesBruant des neigesMouette rieuseBergeronnette de YarrellLes Blancs-SablonsKermorvan_155219KermorvanKermorvan_155223KermorvanKermorvan_155225Toulbroc&rsquo;hToulbroch_160543BrignoganBrignogan_3815BrignoganBrignogan_3810Cormoran hupp\u00e9BrignoganLe phare de PontusvalPointe An AlouestenPlougasnouGrand GravelotSaint-Jean-du-DoigtPorspoderCailloux_8161PorspoderTarier p\u00e2trePospoderAmanite tue-mouchesAmanite tue-mouchesLanildutLanildut_3860LanildutLanildut_3862LanildutLanildut_3866Aber ildutAber ildutpowered by Justified Image Grid Related Images:<\/p>\n","protected":false},"author":4,"featured_media":0,"parent":20144,"menu_order":0,"comment_status":"closed","ping_status":"closed","template":"","meta":{"ngg_post_thumbnail":0,"jetpack_post_was_ever_published":false,"footnotes":"","_links_to":"","_links_to_target":""},"class_list":["post-22224","page","type-page","status-publish","hentry"],"jetpack_shortlink":"https:\/\/wp.me\/P9lSZN-5Ms","jetpack_sharing_enabled":true,"_links":{"self":[{"href":"https:\/\/mhyrdin.fr\/blog\/wp-json\/wp\/v2\/pages\/22224","targetHints":{"allow":["GET"]}}],"collection":[{"href":"https:\/\/mhyrdin.fr\/blog\/wp-json\/wp\/v2\/pages"}],"about":[{"href":"https:\/\/mhyrdin.fr\/blog\/wp-json\/wp\/v2\/types\/page"}],"author":[{"embeddable":true,"href":"https:\/\/mhyrdin.fr\/blog\/wp-json\/wp\/v2\/users\/4"}],"replies":[{"embeddable":true,"href":"https:\/\/mhyrdin.fr\/blog\/wp-json\/wp\/v2\/comments?post=22224"}],"version-history":[{"count":3,"href":"https:\/\/mhyrdin.fr\/blog\/wp-json\/wp\/v2\/pages\/22224\/revisions"}],"predecessor-version":[{"id":22303,"href":"https:\/\/mhyrdin.fr\/blog\/wp-json\/wp\/v2\/pages\/22224\/revisions\/22303"}],"up":[{"embeddable":true,"href":"https:\/\/mhyrdin.fr\/blog\/wp-json\/wp\/v2\/pages\/20144"}],"wp:attachment":[{"href":"https:\/\/mhyrdin.fr\/blog\/wp-json\/wp\/v2\/media?parent=22224"}],"curies":[{"name":"wp","href":"https:\/\/api.w.org\/{rel}","templated":true}]}}