{"id":22223,"date":"2021-12-06T07:21:39","date_gmt":"2021-12-06T06:21:39","guid":{"rendered":"https:\/\/mhyrdin.fr\/blog\/2021-2\/stjean-de-luz\/"},"modified":"2021-12-06T08:12:16","modified_gmt":"2021-12-06T07:12:16","slug":"stjean-de-luz","status":"publish","type":"page","link":"https:\/\/mhyrdin.fr\/blog\/archives-numeriques\/2021-2\/stjean-de-luz\/","title":{"rendered":"Saint Jean de Luz"},"content":{"rendered":"<div id=\"jig1\" class=\"justified-image-grid jig-61671620917881bb11a1b2e7c8e3bccd jig-preset-global jig-source-nextgen\"><div class=\"jig-clearfix\"><\/div><noscript id=\"jig1-html\" class=\"justified-image-grid-html\" data-lazy-src=\"skiplazyload\" data-src=\"skipunveillazyload\"><ul><li><a href=\"https:\/\/i0.wp.com\/mhyrdin.fr\/blog\/wordpress\/wp-content\/gallery\/stjean-de-luz\/20210915_165111.jpg?ssl=1\" title=\"20210915_165111\"><img loading=\"lazy\" decoding=\"async\" src=\"https:\/\/i0.wp.com\/mhyrdin.fr\/blog\/wordpress\/wp-content\/gallery\/stjean-de-luz\/20210915_165111.jpg?h=170\" alt=\"Otxondo\" width=\"368\" height=\"170\" \/><\/a><p class=\"jig-HTMLdescription\">Otxondo<br\/>20210915_165111<\/p><\/li><li><a href=\"https:\/\/i0.wp.com\/mhyrdin.fr\/blog\/wordpress\/wp-content\/gallery\/stjean-de-luz\/0txondo2021_7419.JPG?ssl=1\" title=\"0txondo2021_7419\"><img loading=\"lazy\" decoding=\"async\" src=\"https:\/\/i0.wp.com\/mhyrdin.fr\/blog\/wordpress\/wp-content\/gallery\/stjean-de-luz\/0txondo2021_7419.JPG?h=170\" alt=\"0txondo\" width=\"255\" height=\"170\" \/><\/a><p class=\"jig-HTMLdescription\">0txondo<br\/>0txondo2021_7419<\/p><\/li><li><a href=\"https:\/\/i0.wp.com\/mhyrdin.fr\/blog\/wordpress\/wp-content\/gallery\/stjean-de-luz\/Hendaye_153728.jpg?ssl=1\" title=\"Hendaye_153728\"><img loading=\"lazy\" decoding=\"async\" src=\"https:\/\/i0.wp.com\/mhyrdin.fr\/blog\/wordpress\/wp-content\/gallery\/stjean-de-luz\/Hendaye_153728.jpg?h=170\" alt=\"Hendaye\" width=\"368\" height=\"170\" \/><\/a><p class=\"jig-HTMLdescription\">Hendaye<br\/>Hendaye_153728<\/p><\/li><li><a href=\"https:\/\/i0.wp.com\/mhyrdin.fr\/blog\/wordpress\/wp-content\/gallery\/stjean-de-luz\/La-Rhune_7412.JPG?ssl=1\"><img loading=\"lazy\" decoding=\"async\" src=\"https:\/\/i0.wp.com\/mhyrdin.fr\/blog\/wordpress\/wp-content\/gallery\/stjean-de-luz\/La-Rhune_7412.JPG?h=170\" alt=\"La Rhune\" width=\"255\" height=\"170\" \/><\/a><p class=\"jig-HTMLdescription\">La Rhune<\/p><\/li><li><a href=\"https:\/\/i0.wp.com\/mhyrdin.fr\/blog\/wordpress\/wp-content\/gallery\/stjean-de-luz\/Moutons_7415.JPG?ssl=1\" title=\"Moutons_7415\"><img loading=\"lazy\" decoding=\"async\" src=\"https:\/\/i0.wp.com\/mhyrdin.fr\/blog\/wordpress\/wp-content\/gallery\/stjean-de-luz\/Moutons_7415.JPG?h=170\" alt=\"Moutons\" width=\"255\" height=\"170\" \/><\/a><p class=\"jig-HTMLdescription\">Moutons<br\/>Moutons_7415<\/p><\/li><li><a href=\"https:\/\/i0.wp.com\/mhyrdin.fr\/blog\/wordpress\/wp-content\/gallery\/stjean-de-luz\/Chevaux_7376.JPG?ssl=1\" title=\"Chevaux_7376\"><img loading=\"lazy\" decoding=\"async\" src=\"https:\/\/i0.wp.com\/mhyrdin.fr\/blog\/wordpress\/wp-content\/gallery\/stjean-de-luz\/Chevaux_7376.JPG?h=170\" alt=\"Potoks\" width=\"255\" height=\"170\" \/><\/a><p class=\"jig-HTMLdescription\">Potoks<br\/>Chevaux_7376<\/p><\/li><li><a href=\"https:\/\/i0.wp.com\/mhyrdin.fr\/blog\/wordpress\/wp-content\/gallery\/stjean-de-luz\/Pottok_7414.JPG?ssl=1\" title=\"Pottok_7414\"><img loading=\"lazy\" decoding=\"async\" src=\"https:\/\/i0.wp.com\/mhyrdin.fr\/blog\/wordpress\/wp-content\/gallery\/stjean-de-luz\/Pottok_7414.JPG?h=170\" alt=\"Potok\" width=\"255\" height=\"170\" \/><\/a><p class=\"jig-HTMLdescription\">Potok<br\/>Pottok_7414<\/p><\/li><li><a href=\"https:\/\/i0.wp.com\/mhyrdin.fr\/blog\/wordpress\/wp-content\/gallery\/stjean-de-luz\/Azure-portequeue_7436.JPG?ssl=1\"><img loading=\"lazy\" decoding=\"async\" src=\"https:\/\/i0.wp.com\/mhyrdin.fr\/blog\/wordpress\/wp-content\/gallery\/stjean-de-luz\/Azure-portequeue_7436.JPG?h=170\" alt=\"Azur\u00e9 portequeue\" width=\"255\" height=\"170\" \/><\/a><p class=\"jig-HTMLdescription\">Azur\u00e9 portequeue<\/p><\/li><li><a href=\"https:\/\/i0.wp.com\/mhyrdin.fr\/blog\/wordpress\/wp-content\/gallery\/stjean-de-luz\/Lezard-des-murailles_7422.JPG?ssl=1\"><img loading=\"lazy\" decoding=\"async\" src=\"https:\/\/i0.wp.com\/mhyrdin.fr\/blog\/wordpress\/wp-content\/gallery\/stjean-de-luz\/Lezard-des-murailles_7422.JPG?h=170\" alt=\"L\u00e9zard des murailles\" width=\"255\" height=\"170\" \/><\/a><p class=\"jig-HTMLdescription\">L\u00e9zard des murailles<\/p><\/li><li><a href=\"https:\/\/i0.wp.com\/mhyrdin.fr\/blog\/wordpress\/wp-content\/gallery\/stjean-de-luz\/Lezard-des-murailles_7455.JPG?ssl=1\"><img loading=\"lazy\" decoding=\"async\" src=\"https:\/\/i0.wp.com\/mhyrdin.fr\/blog\/wordpress\/wp-content\/gallery\/stjean-de-luz\/Lezard-des-murailles_7455.JPG?h=170\" alt=\"L\u00e9zard des murailles\" width=\"255\" height=\"170\" \/><\/a><p class=\"jig-HTMLdescription\">L\u00e9zard des murailles<\/p><\/li><li><a href=\"https:\/\/i0.wp.com\/mhyrdin.fr\/blog\/wordpress\/wp-content\/gallery\/stjean-de-luz\/Gobemouche-noir_7577.JPG?ssl=1\"><img loading=\"lazy\" decoding=\"async\" src=\"https:\/\/i0.wp.com\/mhyrdin.fr\/blog\/wordpress\/wp-content\/gallery\/stjean-de-luz\/Gobemouche-noir_7577.JPG?h=170\" alt=\"Gobemouche noir\" width=\"255\" height=\"170\" \/><\/a><p class=\"jig-HTMLdescription\">Gobemouche noir<\/p><\/li><li><a href=\"https:\/\/i0.wp.com\/mhyrdin.fr\/blog\/wordpress\/wp-content\/gallery\/stjean-de-luz\/Tarier-des-pres_7542.JPG?ssl=1\"><img loading=\"lazy\" decoding=\"async\" src=\"https:\/\/i0.wp.com\/mhyrdin.fr\/blog\/wordpress\/wp-content\/gallery\/stjean-de-luz\/Tarier-des-pres_7542.JPG?h=170\" alt=\"Tarier des pr\u00e9s\" width=\"255\" height=\"170\" \/><\/a><p class=\"jig-HTMLdescription\">Tarier des pr\u00e9s<\/p><\/li><li><a href=\"https:\/\/i0.wp.com\/mhyrdin.fr\/blog\/wordpress\/wp-content\/gallery\/stjean-de-luz\/Traquet-motteux_7540.JPG?ssl=1\"><img loading=\"lazy\" decoding=\"async\" src=\"https:\/\/i0.wp.com\/mhyrdin.fr\/blog\/wordpress\/wp-content\/gallery\/stjean-de-luz\/Traquet-motteux_7540.JPG?h=170\" alt=\"Traquet motteux\" width=\"113\" height=\"170\" \/><\/a><p class=\"jig-HTMLdescription\">Traquet motteux<\/p><\/li><li><a href=\"https:\/\/i0.wp.com\/mhyrdin.fr\/blog\/wordpress\/wp-content\/gallery\/stjean-de-luz\/Getaria_3786.JPG?ssl=1\" title=\"Getaria_3786\"><img loading=\"lazy\" decoding=\"async\" src=\"https:\/\/i0.wp.com\/mhyrdin.fr\/blog\/wordpress\/wp-content\/gallery\/stjean-de-luz\/Getaria_3786.JPG?h=170\" alt=\"Getaria\" width=\"255\" height=\"170\" \/><\/a><p class=\"jig-HTMLdescription\">Getaria<br\/>Getaria_3786<\/p><\/li><li><a href=\"https:\/\/i0.wp.com\/mhyrdin.fr\/blog\/wordpress\/wp-content\/gallery\/stjean-de-luz\/Getaria_3794.JPG?ssl=1\" title=\"Getaria_3794\"><img loading=\"lazy\" decoding=\"async\" src=\"https:\/\/i0.wp.com\/mhyrdin.fr\/blog\/wordpress\/wp-content\/gallery\/stjean-de-luz\/Getaria_3794.JPG?h=170\" alt=\"Getaria\" width=\"113\" height=\"170\" \/><\/a><p class=\"jig-HTMLdescription\">Getaria<br\/>Getaria_3794<\/p><\/li><li><a href=\"https:\/\/i0.wp.com\/mhyrdin.fr\/blog\/wordpress\/wp-content\/gallery\/stjean-de-luz\/Getaria_3785.JPG?ssl=1\" title=\"Getaria_3785\"><img loading=\"lazy\" decoding=\"async\" src=\"https:\/\/i0.wp.com\/mhyrdin.fr\/blog\/wordpress\/wp-content\/gallery\/stjean-de-luz\/Getaria_3785.JPG?h=170\" alt=\"Getaria\" width=\"256\" height=\"170\" \/><\/a><p class=\"jig-HTMLdescription\">Getaria<br\/>Getaria_3785<\/p><\/li><li><a href=\"https:\/\/i0.wp.com\/mhyrdin.fr\/blog\/wordpress\/wp-content\/gallery\/stjean-de-luz\/Getaria_3797.JPG?ssl=1\" title=\"Getaria_3797\"><img loading=\"lazy\" decoding=\"async\" src=\"https:\/\/i0.wp.com\/mhyrdin.fr\/blog\/wordpress\/wp-content\/gallery\/stjean-de-luz\/Getaria_3797.JPG?h=170\" alt=\"Getaria\" width=\"255\" height=\"170\" \/><\/a><p class=\"jig-HTMLdescription\">Getaria<br\/>Getaria_3797<\/p><\/li><li><a href=\"https:\/\/i0.wp.com\/mhyrdin.fr\/blog\/wordpress\/wp-content\/gallery\/stjean-de-luz\/Getaria_3793.JPG?ssl=1\" title=\"Getaria_3793\"><img loading=\"lazy\" decoding=\"async\" src=\"https:\/\/i0.wp.com\/mhyrdin.fr\/blog\/wordpress\/wp-content\/gallery\/stjean-de-luz\/Getaria_3793.JPG?h=170\" alt=\"Getaria\" width=\"113\" height=\"170\" \/><\/a><p class=\"jig-HTMLdescription\">Getaria<br\/>Getaria_3793<\/p><\/li><\/ul><\/noscript><\/div><div id=\"jig1-developerLink\" class=\"jig-developerLink\"><a href=\"https:\/\/justifiedgrid.com\/\" target=\"_blank\" title=\"Justified Image Grid - Premium WordPress Gallery\">powered by Justified Image Grid<\/a><\/div>\n<h3>Related Images:<\/h3>","protected":false},"excerpt":{"rendered":"<p>Otxondo20210915_1651110txondo0txondo2021_7419HendayeHendaye_153728La RhuneMoutonsMoutons_7415PotoksChevaux_7376PotokPottok_7414Azur\u00e9 portequeueL\u00e9zard des muraillesL\u00e9zard des muraillesGobemouche noirTarier des pr\u00e9sTraquet motteuxGetariaGetaria_3786GetariaGetaria_3794GetariaGetaria_3785GetariaGetaria_3797GetariaGetaria_3793powered by Justified Image Grid Related Images:<\/p>\n","protected":false},"author":4,"featured_media":0,"parent":20144,"menu_order":0,"comment_status":"closed","ping_status":"closed","template":"","meta":{"ngg_post_thumbnail":0,"jetpack_post_was_ever_published":false,"footnotes":"","_links_to":"","_links_to_target":""},"class_list":["post-22223","page","type-page","status-publish","hentry"],"jetpack_shortlink":"https:\/\/wp.me\/P9lSZN-5Mr","jetpack_sharing_enabled":true,"_links":{"self":[{"href":"https:\/\/mhyrdin.fr\/blog\/wp-json\/wp\/v2\/pages\/22223","targetHints":{"allow":["GET"]}}],"collection":[{"href":"https:\/\/mhyrdin.fr\/blog\/wp-json\/wp\/v2\/pages"}],"about":[{"href":"https:\/\/mhyrdin.fr\/blog\/wp-json\/wp\/v2\/types\/page"}],"author":[{"embeddable":true,"href":"https:\/\/mhyrdin.fr\/blog\/wp-json\/wp\/v2\/users\/4"}],"replies":[{"embeddable":true,"href":"https:\/\/mhyrdin.fr\/blog\/wp-json\/wp\/v2\/comments?post=22223"}],"version-history":[{"count":1,"href":"https:\/\/mhyrdin.fr\/blog\/wp-json\/wp\/v2\/pages\/22223\/revisions"}],"predecessor-version":[{"id":22251,"href":"https:\/\/mhyrdin.fr\/blog\/wp-json\/wp\/v2\/pages\/22223\/revisions\/22251"}],"up":[{"embeddable":true,"href":"https:\/\/mhyrdin.fr\/blog\/wp-json\/wp\/v2\/pages\/20144"}],"wp:attachment":[{"href":"https:\/\/mhyrdin.fr\/blog\/wp-json\/wp\/v2\/media?parent=22223"}],"curies":[{"name":"wp","href":"https:\/\/api.w.org\/{rel}","templated":true}]}}